{"id":29312,"date":"2024-04-29T13:21:22","date_gmt":"2024-04-29T13:21:22","guid":{"rendered":"https:\/\/chemsxpress.com\/?post_type=product&#038;p=29312"},"modified":"2024-07-04T21:46:46","modified_gmt":"2024-07-04T21:46:46","slug":"acheter-4-ho-det","status":"publish","type":"product","link":"https:\/\/chemsxpress.com\/fr\/produit\/acheter-4-ho-det\/","title":{"rendered":"4-HO-DET"},"content":{"rendered":"<h1><strong>ACHETER 4-HO-DET<\/strong><\/h1>\n<p>Acheter Le 4-HO-DET est un psych\u00e9d\u00e9lique peu connu de la classe des tryptamines, \u00e9galement connu sous le nom de 4-Hydroxy-N, N-di\u00e9thyltryptamine, CZ-74 ou Ethocin. Le 4-HO-DET a \u00e9t\u00e9 synth\u00e9tis\u00e9 pour la premi\u00e8re fois \u00e0 la fin des ann\u00e9es 1950 par Albert Hofmann et Franz Troxler. Les deux scientifiques ont examin\u00e9 les diff\u00e9rents compos\u00e9s psych\u00e9d\u00e9liques qui \u00e9taient structurellement et chimiquement li\u00e9s aux principaux composants actifs qu'il a isol\u00e9s des champignons magiques, la psilocybine (4-PO-DMT) et la psilocine (4-HO-DMT).<\/p>\n<p>Les champignons \u00e0 psilocybine, plus connus sous le nom de champignons magiques, champignons psych\u00e9d\u00e9liques et champignons magiques, sont une famille de champignons psychoactifs qui contiennent de la psilocybine, une classe psych\u00e9d\u00e9lique de tryptamine. Les champignons psilocybines sont pr\u00e9sents sur tous les continents et sont class\u00e9s en plus de 200 esp\u00e8ces.<\/p>\n<p>&nbsp;<\/p>\n<h2><strong>COMMENT UTILISER LA POUDRE BUY 4-HO-DET ?<\/strong><\/h2>\n<p>Au <a href=\"https:\/\/chemsxpress.com\/fr\/\">ChemsXpress<\/a> vous pouvez acheter du 4-HO-DET sous forme de poudre de la plus haute qualit\u00e9. Nous avons du 4-HO-DET en vente dans les quantit\u00e9s 0,25gr, 0,5gr, 1gr, et 2gr. Le 4-HO-DET est un psych\u00e9d\u00e9lique moins connu de la classe des tryptamines et \u00e9galement connu sous le nom de 4-Hydroxy-N, N-di\u00e9thyltryptamine, CZ-74 ou Ethocin.<\/p>\n<p>Veillez \u00e0 conserver la poudre de 4-HO-DET dans un endroit sec et frais pour une dur\u00e9e de conservation maximale. Lors de la manipulation de produits chimiques destin\u00e9s \u00e0 la recherche, veillez \u00e0 toujours prendre les pr\u00e9cautions qui s'imposent dans le laboratoire, comme l'essuyage des surfaces, le port de gants, d'un masque et de v\u00eatements de protection. Nous conseillons vivement d'utiliser des pratiques de r\u00e9duction des risques lors de l'utilisation de produits chimiques de recherche.<\/p>\n<p>&nbsp;<\/p>\n<h2><strong>D\u00c9FINITION 4-HO-DET<\/strong><\/h2>\n<p>La d\u00e9finition du 4-HO-DET est officiellement connue sous le nom de 4-Hydroxy-N ou N-di\u00e9thyltryptamine. Il s'agit d'un psych\u00e9d\u00e9lique peu connu de la classe des tryptamines, synth\u00e9tis\u00e9 pour la premi\u00e8re fois \u00e0 la fin des ann\u00e9es 1950 par Albert Hofmann et Franz Troxler. Le 4-HO-DET est une structure \u00e9troitement li\u00e9e \u00e0 la psilocine (4-HO-DMT), le principal composant psychoactif de la <a href=\"https:\/\/chemsxpress.com\/fr\/categorie-produit\/produits-chimiques-de-recherche\/\">champignons magiques<\/a>.<\/p>\n<p>&nbsp;<\/p>\n<h2><strong>INFORMATIONS DE BASE SUR LA CHIMIE 4-HO-DET<\/strong><\/h2>\n<p>Le 4-HO-DET, ou 4-hydroxy-N,N-di\u00e9thyltryptamine, est une mol\u00e9cule synth\u00e9tique de la classe chimique des tryptamines. Les substances de la classe des tryptamines partagent une structure centrale constitu\u00e9e d'un h\u00e9t\u00e9rocycle indole bicyclique li\u00e9 \u00e0 R3 \u00e0 un groupe amino. Les propri\u00e9t\u00e9s psych\u00e9d\u00e9liques r\u00e9sulteraient des effets de la 4-HO-DPT sur les r\u00e9cepteurs 5-HT2A. Cependant, le r\u00f4le et les r\u00e9sultats de ces interactions restent insaisissables et n\u00e9cessiteront des recherches scientifiques plus approfondies. La 4-HO-DET est un proche parent structurel de la psilocine (4-HO-DMT), le principal composant psychoactif des champignons magiques. Il se distingue par le fait qu'il partage un grand nombre de ses caract\u00e9ristiques essentielles.<\/p>\n<p>&nbsp;<\/p>\n<h2><strong>O\u00d9 ACHETER 4-HO-DET<\/strong><\/h2>\n<p>Le 4-HO-DET peut \u00eatre achet\u00e9 ici sur le site Rchemshop. Nous vendons du 4-HO-DET de premi\u00e8re qualit\u00e9, g\u00e9n\u00e9ralement sous forme de poudre. Cependant, nous avons souvent d'autres formes de substances disponibles, alors n'h\u00e9sitez pas \u00e0 nous contacter pour savoir si nous avons votre forme de substance pr\u00e9f\u00e9r\u00e9e en stock. Vous devez \u00eatre \u00e2g\u00e9 d'au moins 18 ans pour acheter du 4-HO-DET chez nous.<\/p>","protected":false},"excerpt":{"rendered":"<p>panaceachems.com propose des produits qui ne sont pas destin\u00e9s \u00e0 la consommation humaine. La consommation (involontaire) de ce produit peut avoir des cons\u00e9quences m\u00e9dicales graves.<\/p>","protected":false},"featured_media":29343,"comment_status":"open","ping_status":"closed","template":"","meta":[],"product_brand":[],"product_cat":[92],"product_tag":[],"class_list":{"0":"post-29312","1":"product","2":"type-product","3":"status-publish","4":"has-post-thumbnail","6":"product_cat-tryptamines","8":"first","9":"instock","10":"shipping-taxable","11":"purchasable","12":"product-type-variable"},"yoast_head":"<!-- This site is optimized with the Yoast SEO Premium plugin v24.1 (Yoast SEO v27.4) - https:\/\/yoast.com\/product\/yoast-seo-premium-wordpress\/ -->\n<title>Buy 4-HO-DET Online: Premium Quality, Fast Shipping<\/title>\n<meta name=\"description\" content=\"Buy 4-HO-DET. Explore our selection of high-quality RC available for purchase online. Trust in our reliable source and fast shipping for all your needs.\" \/>\n<meta name=\"robots\" content=\"index, follow, max-snippet:-1, max-image-preview:large, max-video-preview:-1\" \/>\n<link rel=\"canonical\" href=\"https:\/\/chemsxpress.com\/fr\/produit\/acheter-4-ho-det\/\" \/>\n<meta property=\"og:locale\" content=\"fr_FR\" \/>\n<meta property=\"og:type\" content=\"article\" \/>\n<meta property=\"og:title\" content=\"4-HO-DET\" \/>\n<meta property=\"og:description\" content=\"Buy 4-HO-DET. Explore our selection of high-quality RC available for purchase online. Trust in our reliable source and fast shipping for all your needs.\" \/>\n<meta property=\"og:url\" content=\"https:\/\/chemsxpress.com\/fr\/produit\/acheter-4-ho-det\/\" \/>\n<meta property=\"og:site_name\" content=\"SHOP MDPHP\" \/>\n<meta property=\"article:modified_time\" content=\"2024-07-04T21:46:46+00:00\" \/>\n<meta property=\"og:image\" content=\"https:\/\/chemsxpress.com\/wp-content\/uploads\/2024\/04\/4-HO-DET.jpg\" \/>\n\t<meta property=\"og:image:width\" content=\"600\" \/>\n\t<meta property=\"og:image:height\" content=\"600\" \/>\n\t<meta property=\"og:image:type\" content=\"image\/jpeg\" \/>\n<meta name=\"twitter:card\" content=\"summary_large_image\" \/>\n<meta name=\"twitter:label1\" content=\"Dur\u00e9e de lecture estim\u00e9e\" \/>\n\t<meta name=\"twitter:data1\" content=\"3 minutes\" \/>\n<script type=\"application\/ld+json\" class=\"yoast-schema-graph\">{\"@context\":\"https:\\\/\\\/schema.org\",\"@graph\":[{\"@type\":\"WebPage\",\"@id\":\"https:\\\/\\\/chemsxpress.com\\\/product\\\/buy-4-ho-det\\\/\",\"url\":\"https:\\\/\\\/chemsxpress.com\\\/product\\\/buy-4-ho-det\\\/\",\"name\":\"Buy 4-HO-DET Online: Premium Quality, Fast Shipping\",\"isPartOf\":{\"@id\":\"https:\\\/\\\/chemsxpress.com\\\/#website\"},\"primaryImageOfPage\":{\"@id\":\"https:\\\/\\\/chemsxpress.com\\\/product\\\/buy-4-ho-det\\\/#primaryimage\"},\"image\":{\"@id\":\"https:\\\/\\\/chemsxpress.com\\\/product\\\/buy-4-ho-det\\\/#primaryimage\"},\"thumbnailUrl\":\"https:\\\/\\\/chemsxpress.com\\\/wp-content\\\/uploads\\\/2024\\\/04\\\/4-HO-DET.jpg\",\"datePublished\":\"2024-04-29T13:21:22+00:00\",\"dateModified\":\"2024-07-04T21:46:46+00:00\",\"description\":\"Buy 4-HO-DET. Explore our selection of high-quality RC available for purchase online. Trust in our reliable source and fast shipping for all your needs.\",\"breadcrumb\":{\"@id\":\"https:\\\/\\\/chemsxpress.com\\\/product\\\/buy-4-ho-det\\\/#breadcrumb\"},\"inLanguage\":\"fr-FR\",\"potentialAction\":[{\"@type\":\"ReadAction\",\"target\":[\"https:\\\/\\\/chemsxpress.com\\\/product\\\/buy-4-ho-det\\\/\"]}]},{\"@type\":\"ImageObject\",\"inLanguage\":\"fr-FR\",\"@id\":\"https:\\\/\\\/chemsxpress.com\\\/product\\\/buy-4-ho-det\\\/#primaryimage\",\"url\":\"https:\\\/\\\/chemsxpress.com\\\/wp-content\\\/uploads\\\/2024\\\/04\\\/4-HO-DET.jpg\",\"contentUrl\":\"https:\\\/\\\/chemsxpress.com\\\/wp-content\\\/uploads\\\/2024\\\/04\\\/4-HO-DET.jpg\",\"width\":600,\"height\":600,\"caption\":\"Buy 4-HO-DET\"},{\"@type\":\"BreadcrumbList\",\"@id\":\"https:\\\/\\\/chemsxpress.com\\\/product\\\/buy-4-ho-det\\\/#breadcrumb\",\"itemListElement\":[{\"@type\":\"ListItem\",\"position\":1,\"name\":\"Home\",\"item\":\"https:\\\/\\\/chemsxpress.com\\\/\"},{\"@type\":\"ListItem\",\"position\":2,\"name\":\"Shop\",\"item\":\"https:\\\/\\\/chemsxpress.com\\\/shop\\\/\"},{\"@type\":\"ListItem\",\"position\":3,\"name\":\"4-HO-DET\"}]},{\"@type\":\"WebSite\",\"@id\":\"https:\\\/\\\/chemsxpress.com\\\/#website\",\"url\":\"https:\\\/\\\/chemsxpress.com\\\/\",\"name\":\"SHOP MDPHP\",\"description\":\"Buy MDPHP freebase from reliable supplier\",\"potentialAction\":[{\"@type\":\"SearchAction\",\"target\":{\"@type\":\"EntryPoint\",\"urlTemplate\":\"https:\\\/\\\/chemsxpress.com\\\/?s={search_term_string}\"},\"query-input\":{\"@type\":\"PropertyValueSpecification\",\"valueRequired\":true,\"valueName\":\"search_term_string\"}}],\"inLanguage\":\"fr-FR\"}]}<\/script>\n<!-- \/ Yoast SEO Premium plugin. -->","yoast_head_json":{"title":"Achetez 4-HO-DET en ligne\u00a0: qualit\u00e9 sup\u00e9rieure, exp\u00e9dition rapide","description":"Achetez du 4-HO-DET. D\u00e9couvrez notre s\u00e9lection de RC de haute qualit\u00e9 disponibles \u00e0 l'achat en ligne. Faites confiance \u00e0 notre source fiable et \u00e0 notre exp\u00e9dition rapide pour tous vos besoins.","robots":{"index":"index","follow":"follow","max-snippet":"max-snippet:-1","max-image-preview":"max-image-preview:large","max-video-preview":"max-video-preview:-1"},"canonical":"https:\/\/chemsxpress.com\/fr\/produit\/acheter-4-ho-det\/","og_locale":"fr_FR","og_type":"article","og_title":"4-HO-DET","og_description":"Buy 4-HO-DET. Explore our selection of high-quality RC available for purchase online. Trust in our reliable source and fast shipping for all your needs.","og_url":"https:\/\/chemsxpress.com\/fr\/produit\/acheter-4-ho-det\/","og_site_name":"SHOP MDPHP","article_modified_time":"2024-07-04T21:46:46+00:00","og_image":[{"width":600,"height":600,"url":"https:\/\/chemsxpress.com\/wp-content\/uploads\/2024\/04\/4-HO-DET.jpg","type":"image\/jpeg"}],"twitter_card":"summary_large_image","twitter_misc":{"Dur\u00e9e de lecture estim\u00e9e":"3 minutes"},"schema":{"@context":"https:\/\/schema.org","@graph":[{"@type":"WebPage","@id":"https:\/\/chemsxpress.com\/product\/buy-4-ho-det\/","url":"https:\/\/chemsxpress.com\/product\/buy-4-ho-det\/","name":"Achetez 4-HO-DET en ligne\u00a0: qualit\u00e9 sup\u00e9rieure, exp\u00e9dition rapide","isPartOf":{"@id":"https:\/\/chemsxpress.com\/#website"},"primaryImageOfPage":{"@id":"https:\/\/chemsxpress.com\/product\/buy-4-ho-det\/#primaryimage"},"image":{"@id":"https:\/\/chemsxpress.com\/product\/buy-4-ho-det\/#primaryimage"},"thumbnailUrl":"https:\/\/chemsxpress.com\/wp-content\/uploads\/2024\/04\/4-HO-DET.jpg","datePublished":"2024-04-29T13:21:22+00:00","dateModified":"2024-07-04T21:46:46+00:00","description":"Achetez du 4-HO-DET. D\u00e9couvrez notre s\u00e9lection de RC de haute qualit\u00e9 disponibles \u00e0 l'achat en ligne. Faites confiance \u00e0 notre source fiable et \u00e0 notre exp\u00e9dition rapide pour tous vos besoins.","breadcrumb":{"@id":"https:\/\/chemsxpress.com\/product\/buy-4-ho-det\/#breadcrumb"},"inLanguage":"fr-FR","potentialAction":[{"@type":"ReadAction","target":["https:\/\/chemsxpress.com\/product\/buy-4-ho-det\/"]}]},{"@type":"ImageObject","inLanguage":"fr-FR","@id":"https:\/\/chemsxpress.com\/product\/buy-4-ho-det\/#primaryimage","url":"https:\/\/chemsxpress.com\/wp-content\/uploads\/2024\/04\/4-HO-DET.jpg","contentUrl":"https:\/\/chemsxpress.com\/wp-content\/uploads\/2024\/04\/4-HO-DET.jpg","width":600,"height":600,"caption":"Buy 4-HO-DET"},{"@type":"BreadcrumbList","@id":"https:\/\/chemsxpress.com\/product\/buy-4-ho-det\/#breadcrumb","itemListElement":[{"@type":"ListItem","position":1,"name":"Home","item":"https:\/\/chemsxpress.com\/"},{"@type":"ListItem","position":2,"name":"Shop","item":"https:\/\/chemsxpress.com\/shop\/"},{"@type":"ListItem","position":3,"name":"4-HO-DET"}]},{"@type":"WebSite","@id":"https:\/\/chemsxpress.com\/#website","url":"https:\/\/chemsxpress.com\/","name":"SHOP MDPHP","description":"Acheter MDPHP freebase aupr\u00e8s d'un fournisseur fiable","potentialAction":[{"@type":"SearchAction","target":{"@type":"EntryPoint","urlTemplate":"https:\/\/chemsxpress.com\/?s={search_term_string}"},"query-input":{"@type":"PropertyValueSpecification","valueRequired":true,"valueName":"search_term_string"}}],"inLanguage":"fr-FR"}]}},"jetpack_sharing_enabled":true,"_links":{"self":[{"href":"https:\/\/chemsxpress.com\/fr\/wp-json\/wp\/v2\/product\/29312","targetHints":{"allow":["GET"]}}],"collection":[{"href":"https:\/\/chemsxpress.com\/fr\/wp-json\/wp\/v2\/product"}],"about":[{"href":"https:\/\/chemsxpress.com\/fr\/wp-json\/wp\/v2\/types\/product"}],"replies":[{"embeddable":true,"href":"https:\/\/chemsxpress.com\/fr\/wp-json\/wp\/v2\/comments?post=29312"}],"version-history":[{"count":4,"href":"https:\/\/chemsxpress.com\/fr\/wp-json\/wp\/v2\/product\/29312\/revisions"}],"predecessor-version":[{"id":29986,"href":"https:\/\/chemsxpress.com\/fr\/wp-json\/wp\/v2\/product\/29312\/revisions\/29986"}],"wp:featuredmedia":[{"embeddable":true,"href":"https:\/\/chemsxpress.com\/fr\/wp-json\/wp\/v2\/media\/29343"}],"wp:attachment":[{"href":"https:\/\/chemsxpress.com\/fr\/wp-json\/wp\/v2\/media?parent=29312"}],"wp:term":[{"taxonomy":"product_brand","embeddable":true,"href":"https:\/\/chemsxpress.com\/fr\/wp-json\/wp\/v2\/product_brand?post=29312"},{"taxonomy":"product_cat","embeddable":true,"href":"https:\/\/chemsxpress.com\/fr\/wp-json\/wp\/v2\/product_cat?post=29312"},{"taxonomy":"product_tag","embeddable":true,"href":"https:\/\/chemsxpress.com\/fr\/wp-json\/wp\/v2\/product_tag?post=29312"}],"curies":[{"name":"wp","href":"https:\/\/api.w.org\/{rel}","templated":true}]}}