{"id":29315,"date":"2024-04-29T13:21:22","date_gmt":"2024-04-29T13:21:22","guid":{"rendered":"https:\/\/chemsxpress.com\/?post_type=product&#038;p=29315"},"modified":"2025-05-24T02:54:35","modified_gmt":"2025-05-24T02:54:35","slug":"acheter-3-fma-en-ligne","status":"publish","type":"product","link":"https:\/\/chemsxpress.com\/fr\/produit\/acheter-3-fma-en-ligne\/","title":{"rendered":"3-FMA"},"content":{"rendered":"<h2><strong>ACHETER 3-FMA EN LIGNE<\/strong><\/h2>\n<p>Acheter 3-FMA en ligne est un nouveau compos\u00e9 synth\u00e9tique d'amph\u00e9tamine qui produit des r\u00e9sultats de recherche entactog\u00e8nes et stimulants. Apr\u00e8s l'introduction de la 3-FEA, la 3-FMA est entr\u00e9e sur le march\u00e9 des produits chimiques de recherche en tant que compos\u00e9 structurellement apparent\u00e9 \u00e0 une s\u00e9rie d'amph\u00e9tamines fluor\u00e9es substitu\u00e9es, comprenant \u00e0 l'origine des compos\u00e9s tels que la 2-FMA, la 3-FA, la 4-FMA, la 4-FA.<\/p>\n<p>&nbsp;<\/p>\n<h2><strong>COMMENT UTILISER LA POUDRE 3-FMA ?<\/strong><\/h2>\n<p>Achetez 3-FMA en ligne sous forme de poudre de la plus haute qualit\u00e9. Achetez 3-FMA en quantit\u00e9s de 0,5gr, 1gr, 2gr, 5gr ou 10g. Veillez \u00e0 conserver la poudre de 3-FMA dans un endroit sec et frais pour une dur\u00e9e de conservation maximale. La poudre de 3-FMA doit \u00eatre conserv\u00e9e dans un endroit sec et frais pour une dur\u00e9e de conservation maximale. Lorsque vous manipulez des produits chimiques destin\u00e9s \u00e0 la recherche, veillez \u00e0 toujours prendre les pr\u00e9cautions qui s'imposent dans le laboratoire, comme essuyer les surfaces et porter des gants, un masque et des v\u00eatements de protection.<\/p>\n<p>&nbsp;<\/p>\n<h2><strong>D\u00c9FINITION 3-FMA<\/strong><\/h2>\n<p>La d\u00e9finition de 3-FMA est officiellement connue sous le nom de <a href=\"https:\/\/chemsxpress.com\/fr\/categorie-produit\/produits-chimiques-de-recherche\/\">3-Fluorom\u00e9thamph\u00e9tamine<\/a>e est un compos\u00e9 synth\u00e9tique d'amph\u00e9tamine. La 3-FMA est structurellement apparent\u00e9e \u00e0 une s\u00e9rie d'amph\u00e9tamines qui comprenait \u00e0 l'origine des compos\u00e9s tels que la 2-FMA, la 3-FA, la 4-FMA et la 4-FA.<\/p>\n<p>&nbsp;<\/p>\n<h2><strong>INFORMATIONS DE BASE SUR LA CHIMIE 3-FEA<\/strong><\/h2>\n<p>La 3-fluorom\u00e9thamph\u00e9tamine est une mol\u00e9cule de la classe des amph\u00e9tamines. Les mol\u00e9cules de la classe des amph\u00e9tamines contiennent un groupe m\u00e9thyle li\u00e9 \u00e0 l'amine RN terminale du noyau de l'amph\u00e9tamine, une substitution qu'elles partagent avec la m\u00e9thamph\u00e9tamine. La 3-FMA est l'analogue fluor\u00e9 de la m\u00e9thamph\u00e9tamine en position 3. On suppose actuellement qu'elle a des r\u00e9sultats de recherche plus entactog\u00e8nes en mati\u00e8re de stimulants. En outre, la structure de la 3-FMA est similaire \u00e0 celle de la 2-FMA et de la 4-FMA. La 3-FMA n'a pas \u00e9t\u00e9 \u00e9tudi\u00e9e au m\u00eame niveau que les amph\u00e9tamines traditionnelles. Il est donc fortement conseill\u00e9 de prendre des mesures de r\u00e9duction des risques lors de l'utilisation de cette substance.<\/p>\n<p>&nbsp;<\/p>\n<h2><strong>O\u00d9 ACHETER 3-FMA EN LIGNE ?<\/strong><\/h2>\n<p>Le 3-FMA peut \u00eatre achet\u00e9 ici sur le site <a href=\"https:\/\/chemsxpress.com\/fr\/\">ChemsXpress<\/a> site web. Nous vendons du 3-FMA de premi\u00e8re qualit\u00e9, g\u00e9n\u00e9ralement sous forme de poudre. Cependant, nous avons souvent d'autres formes de substances disponibles, alors n'h\u00e9sitez pas \u00e0 nous contacter pour savoir si nous avons votre forme de substance pr\u00e9f\u00e9r\u00e9e en stock. Vous devez \u00eatre \u00e2g\u00e9 d'au moins 18 ans pour acheter de la 3-FMA chez nous.<\/p>","protected":false},"excerpt":{"rendered":"<p><strong>Nom IUPAC : <\/strong>1-(3-Fluoroph\u00e9nyl)-N-m\u00e9thylpropane-2-amine<\/p>\n<p><strong>CAS # <\/strong>13415-59-3<\/p>\n<p><strong>Forme : <\/strong>poudre<\/p>","protected":false},"featured_media":29349,"comment_status":"open","ping_status":"closed","template":"","meta":[],"product_brand":[],"product_cat":[83],"product_tag":[],"class_list":{"0":"post-29315","1":"product","2":"type-product","3":"status-publish","4":"has-post-thumbnail","6":"product_cat-pellets","8":"first","9":"instock","10":"shipping-taxable","11":"purchasable","12":"product-type-variable"},"yoast_head":"<!-- This site is optimized with the Yoast SEO Premium plugin v24.1 (Yoast SEO v27.4) - https:\/\/yoast.com\/product\/yoast-seo-premium-wordpress\/ -->\n<title>Buy 3-FMA Online: Premium Research Chemicals | ChemsXpress<\/title>\n<meta name=\"description\" content=\"Buy 3-FMA online from ChemsXpress. Explore ourselection of RC&#039;s, with fast and discreet shipping. Trust in our quality assurance for all your needs.&quot;\" \/>\n<meta name=\"robots\" content=\"index, follow, max-snippet:-1, max-image-preview:large, max-video-preview:-1\" \/>\n<link rel=\"canonical\" href=\"https:\/\/chemsxpress.com\/fr\/produit\/acheter-3-fma-en-ligne\/\" \/>\n<meta property=\"og:locale\" content=\"fr_FR\" \/>\n<meta property=\"og:type\" content=\"article\" \/>\n<meta property=\"og:title\" content=\"3-FMA\" \/>\n<meta property=\"og:description\" content=\"Buy 3-FMA online from ChemsXpress. Explore ourselection of RC&#039;s, with fast and discreet shipping. Trust in our quality assurance for all your needs.&quot;\" \/>\n<meta property=\"og:url\" content=\"https:\/\/chemsxpress.com\/fr\/produit\/acheter-3-fma-en-ligne\/\" \/>\n<meta property=\"og:site_name\" content=\"SHOP MDPHP\" \/>\n<meta property=\"article:modified_time\" content=\"2025-05-24T02:54:35+00:00\" \/>\n<meta property=\"og:image\" content=\"https:\/\/chemsxpress.com\/wp-content\/uploads\/2024\/04\/3-FMA.jpg\" \/>\n\t<meta property=\"og:image:width\" content=\"600\" \/>\n\t<meta property=\"og:image:height\" content=\"600\" \/>\n\t<meta property=\"og:image:type\" content=\"image\/jpeg\" \/>\n<meta name=\"twitter:card\" content=\"summary_large_image\" \/>\n<meta name=\"twitter:label1\" content=\"Dur\u00e9e de lecture estim\u00e9e\" \/>\n\t<meta name=\"twitter:data1\" content=\"2 minutes\" \/>\n<script type=\"application\/ld+json\" class=\"yoast-schema-graph\">{\"@context\":\"https:\\\/\\\/schema.org\",\"@graph\":[{\"@type\":\"WebPage\",\"@id\":\"https:\\\/\\\/chemsxpress.com\\\/product\\\/buy-3-fma-online\\\/\",\"url\":\"https:\\\/\\\/chemsxpress.com\\\/product\\\/buy-3-fma-online\\\/\",\"name\":\"Buy 3-FMA Online: Premium Research Chemicals | ChemsXpress\",\"isPartOf\":{\"@id\":\"https:\\\/\\\/chemsxpress.com\\\/#website\"},\"primaryImageOfPage\":{\"@id\":\"https:\\\/\\\/chemsxpress.com\\\/product\\\/buy-3-fma-online\\\/#primaryimage\"},\"image\":{\"@id\":\"https:\\\/\\\/chemsxpress.com\\\/product\\\/buy-3-fma-online\\\/#primaryimage\"},\"thumbnailUrl\":\"https:\\\/\\\/chemsxpress.com\\\/wp-content\\\/uploads\\\/2024\\\/04\\\/3-FMA.jpg\",\"datePublished\":\"2024-04-29T13:21:22+00:00\",\"dateModified\":\"2025-05-24T02:54:35+00:00\",\"description\":\"Buy 3-FMA online from ChemsXpress. Explore ourselection of RC's, with fast and discreet shipping. Trust in our quality assurance for all your needs.\\\"\",\"breadcrumb\":{\"@id\":\"https:\\\/\\\/chemsxpress.com\\\/product\\\/buy-3-fma-online\\\/#breadcrumb\"},\"inLanguage\":\"fr-FR\",\"potentialAction\":[{\"@type\":\"ReadAction\",\"target\":[\"https:\\\/\\\/chemsxpress.com\\\/product\\\/buy-3-fma-online\\\/\"]}]},{\"@type\":\"ImageObject\",\"inLanguage\":\"fr-FR\",\"@id\":\"https:\\\/\\\/chemsxpress.com\\\/product\\\/buy-3-fma-online\\\/#primaryimage\",\"url\":\"https:\\\/\\\/chemsxpress.com\\\/wp-content\\\/uploads\\\/2024\\\/04\\\/3-FMA.jpg\",\"contentUrl\":\"https:\\\/\\\/chemsxpress.com\\\/wp-content\\\/uploads\\\/2024\\\/04\\\/3-FMA.jpg\",\"width\":600,\"height\":600,\"caption\":\"Buy 3-FMA Online\"},{\"@type\":\"BreadcrumbList\",\"@id\":\"https:\\\/\\\/chemsxpress.com\\\/product\\\/buy-3-fma-online\\\/#breadcrumb\",\"itemListElement\":[{\"@type\":\"ListItem\",\"position\":1,\"name\":\"Home\",\"item\":\"https:\\\/\\\/chemsxpress.com\\\/\"},{\"@type\":\"ListItem\",\"position\":2,\"name\":\"Shop\",\"item\":\"https:\\\/\\\/chemsxpress.com\\\/shop\\\/\"},{\"@type\":\"ListItem\",\"position\":3,\"name\":\"3-FMA\"}]},{\"@type\":\"WebSite\",\"@id\":\"https:\\\/\\\/chemsxpress.com\\\/#website\",\"url\":\"https:\\\/\\\/chemsxpress.com\\\/\",\"name\":\"SHOP MDPHP\",\"description\":\"Buy MDPHP freebase from reliable supplier\",\"potentialAction\":[{\"@type\":\"SearchAction\",\"target\":{\"@type\":\"EntryPoint\",\"urlTemplate\":\"https:\\\/\\\/chemsxpress.com\\\/?s={search_term_string}\"},\"query-input\":{\"@type\":\"PropertyValueSpecification\",\"valueRequired\":true,\"valueName\":\"search_term_string\"}}],\"inLanguage\":\"fr-FR\"}]}<\/script>\n<!-- \/ Yoast SEO Premium plugin. -->","yoast_head_json":{"title":"Achetez du 3-FMA en ligne\u00a0: produits chimiques de recherche haut de gamme | ChemsXpress","description":"Achetez du 3-FMA en ligne sur ChemsXpress. D\u00e9couvrez notre s\u00e9lection de RC, avec une exp\u00e9dition rapide et discr\u00e8te. Faites confiance \u00e0 notre assurance qualit\u00e9 pour tous vos besoins.","robots":{"index":"index","follow":"follow","max-snippet":"max-snippet:-1","max-image-preview":"max-image-preview:large","max-video-preview":"max-video-preview:-1"},"canonical":"https:\/\/chemsxpress.com\/fr\/produit\/acheter-3-fma-en-ligne\/","og_locale":"fr_FR","og_type":"article","og_title":"3-FMA","og_description":"Buy 3-FMA online from ChemsXpress. Explore ourselection of RC's, with fast and discreet shipping. Trust in our quality assurance for all your needs.\"","og_url":"https:\/\/chemsxpress.com\/fr\/produit\/acheter-3-fma-en-ligne\/","og_site_name":"SHOP MDPHP","article_modified_time":"2025-05-24T02:54:35+00:00","og_image":[{"width":600,"height":600,"url":"https:\/\/chemsxpress.com\/wp-content\/uploads\/2024\/04\/3-FMA.jpg","type":"image\/jpeg"}],"twitter_card":"summary_large_image","twitter_misc":{"Dur\u00e9e de lecture estim\u00e9e":"2 minutes"},"schema":{"@context":"https:\/\/schema.org","@graph":[{"@type":"WebPage","@id":"https:\/\/chemsxpress.com\/product\/buy-3-fma-online\/","url":"https:\/\/chemsxpress.com\/product\/buy-3-fma-online\/","name":"Achetez du 3-FMA en ligne\u00a0: produits chimiques de recherche haut de gamme | ChemsXpress","isPartOf":{"@id":"https:\/\/chemsxpress.com\/#website"},"primaryImageOfPage":{"@id":"https:\/\/chemsxpress.com\/product\/buy-3-fma-online\/#primaryimage"},"image":{"@id":"https:\/\/chemsxpress.com\/product\/buy-3-fma-online\/#primaryimage"},"thumbnailUrl":"https:\/\/chemsxpress.com\/wp-content\/uploads\/2024\/04\/3-FMA.jpg","datePublished":"2024-04-29T13:21:22+00:00","dateModified":"2025-05-24T02:54:35+00:00","description":"Achetez du 3-FMA en ligne sur ChemsXpress. D\u00e9couvrez notre s\u00e9lection de RC, avec une exp\u00e9dition rapide et discr\u00e8te. Faites confiance \u00e0 notre assurance qualit\u00e9 pour tous vos besoins.","breadcrumb":{"@id":"https:\/\/chemsxpress.com\/product\/buy-3-fma-online\/#breadcrumb"},"inLanguage":"fr-FR","potentialAction":[{"@type":"ReadAction","target":["https:\/\/chemsxpress.com\/product\/buy-3-fma-online\/"]}]},{"@type":"ImageObject","inLanguage":"fr-FR","@id":"https:\/\/chemsxpress.com\/product\/buy-3-fma-online\/#primaryimage","url":"https:\/\/chemsxpress.com\/wp-content\/uploads\/2024\/04\/3-FMA.jpg","contentUrl":"https:\/\/chemsxpress.com\/wp-content\/uploads\/2024\/04\/3-FMA.jpg","width":600,"height":600,"caption":"Buy 3-FMA Online"},{"@type":"BreadcrumbList","@id":"https:\/\/chemsxpress.com\/product\/buy-3-fma-online\/#breadcrumb","itemListElement":[{"@type":"ListItem","position":1,"name":"Home","item":"https:\/\/chemsxpress.com\/"},{"@type":"ListItem","position":2,"name":"Shop","item":"https:\/\/chemsxpress.com\/shop\/"},{"@type":"ListItem","position":3,"name":"3-FMA"}]},{"@type":"WebSite","@id":"https:\/\/chemsxpress.com\/#website","url":"https:\/\/chemsxpress.com\/","name":"SHOP MDPHP","description":"Acheter MDPHP freebase aupr\u00e8s d'un fournisseur fiable","potentialAction":[{"@type":"SearchAction","target":{"@type":"EntryPoint","urlTemplate":"https:\/\/chemsxpress.com\/?s={search_term_string}"},"query-input":{"@type":"PropertyValueSpecification","valueRequired":true,"valueName":"search_term_string"}}],"inLanguage":"fr-FR"}]}},"jetpack_sharing_enabled":true,"_links":{"self":[{"href":"https:\/\/chemsxpress.com\/fr\/wp-json\/wp\/v2\/product\/29315","targetHints":{"allow":["GET"]}}],"collection":[{"href":"https:\/\/chemsxpress.com\/fr\/wp-json\/wp\/v2\/product"}],"about":[{"href":"https:\/\/chemsxpress.com\/fr\/wp-json\/wp\/v2\/types\/product"}],"replies":[{"embeddable":true,"href":"https:\/\/chemsxpress.com\/fr\/wp-json\/wp\/v2\/comments?post=29315"}],"version-history":[{"count":4,"href":"https:\/\/chemsxpress.com\/fr\/wp-json\/wp\/v2\/product\/29315\/revisions"}],"predecessor-version":[{"id":29991,"href":"https:\/\/chemsxpress.com\/fr\/wp-json\/wp\/v2\/product\/29315\/revisions\/29991"}],"wp:featuredmedia":[{"embeddable":true,"href":"https:\/\/chemsxpress.com\/fr\/wp-json\/wp\/v2\/media\/29349"}],"wp:attachment":[{"href":"https:\/\/chemsxpress.com\/fr\/wp-json\/wp\/v2\/media?parent=29315"}],"wp:term":[{"taxonomy":"product_brand","embeddable":true,"href":"https:\/\/chemsxpress.com\/fr\/wp-json\/wp\/v2\/product_brand?post=29315"},{"taxonomy":"product_cat","embeddable":true,"href":"https:\/\/chemsxpress.com\/fr\/wp-json\/wp\/v2\/product_cat?post=29315"},{"taxonomy":"product_tag","embeddable":true,"href":"https:\/\/chemsxpress.com\/fr\/wp-json\/wp\/v2\/product_tag?post=29315"}],"curies":[{"name":"wp","href":"https:\/\/api.w.org\/{rel}","templated":true}]}}