{"id":29316,"date":"2024-04-29T13:21:22","date_gmt":"2024-04-29T13:21:22","guid":{"rendered":"https:\/\/chemsxpress.com\/?post_type=product&#038;p=29316"},"modified":"2025-05-19T02:40:17","modified_gmt":"2025-05-19T02:40:17","slug":"acheter-4-cl-pvp","status":"publish","type":"product","link":"https:\/\/chemsxpress.com\/fr\/produit\/acheter-4-cl-pvp\/","title":{"rendered":"4-CL-PVP"},"content":{"rendered":"<h2><b>Qu'est-ce que le 4-CL-PVP ?<\/b><\/h2>\n<p>Acheter 4-CL-PVP, C'est un analogue cristallin de l'a-PVP. C'est un stimulant classique. Les exp\u00e9riences de recherche sur le 4-CL-PVP tendent \u00e0 produire des r\u00e9sultats de bavardage, d'am\u00e9lioration de la vigilance, d'\u00e9nergie \u00e9lev\u00e9e et d'autres r\u00e9sultats stimulants. Les effets du 4-CL-PVP ont tendance \u00e0 durer moins de trois heures. Ce produit chimique est \u00e9galement connu pour produire des r\u00e9sultats euphoriques mod\u00e9r\u00e9s \u00e0 extr\u00eames. Les chercheurs qui cherchent une alternative \u00e0 l'a-PVP trouveront que le 4-CL-PVP est un substitut appropri\u00e9. Le 4-CL-PVP est un inhibiteur de la recapture de la nor\u00e9pin\u00e9phrine et de la dopamine. Les r\u00e9sultats stimulants de ce produit chimique sont en grande partie dus \u00e0 ce fait.<\/p>\n<p>&nbsp;<\/p>\n<h2><b>O\u00f9 acheter le 4-CL-PVP ?<\/b><\/h2>\n<p>Chez Chemical Planet, nous disposons d'un 4-CL-PVP de tr\u00e8s haute qualit\u00e9 disponible \u00e0 la vente \u00e0 l'adresse suivante <a href=\"https:\/\/chemsxpress.com\/fr\/\">ChemsXpress<\/a>. Notre 4-CL-PVP est g\u00e9n\u00e9ralement disponible sous forme de cristaux. Si vous ne voyez pas la forme souhait\u00e9e, n'h\u00e9sitez pas \u00e0 nous contacter pour savoir quand elle sera de nouveau disponible.<\/p>\n<p>Si vous envisagez d'acheter du 4-Cl-PVP sur Chemical Planet, vous devez \u00eatre \u00e2g\u00e9 d'au moins 18 ans et \u00eatre en parfaite conformit\u00e9 avec toutes les lois et r\u00e9glementations en vigueur. <a href=\"https:\/\/chemsxpress.com\/fr\/categorie-produit\/produits-chimiques-de-recherche\/\">recherche chimique<\/a> dans votre pays. Nos produits chimiques sont con\u00e7us pour la recherche uniquement et ne sont pas destin\u00e9s \u00e0 un usage humain ou animal.<\/p>\n<p>&nbsp;<\/p>\n<h2><b>4-CL-PVP L\u00e9galit\u00e9<\/b><\/h2>\n<p>La plupart des gouvernements du monde n'ont pas proclam\u00e9 que le 4-CL-PVP \u00e9tait un produit chimique ill\u00e9gal. Cela signifie qu'il n'est pas r\u00e9glement\u00e9 dans la plupart des pays. Si vous avez besoin d'informations compl\u00e9mentaires, veuillez contacter votre gouvernement f\u00e9d\u00e9ral pour obtenir des \u00e9claircissements sur le statut juridique du 4-CL-PVP.<\/p>","protected":false},"excerpt":{"rendered":"<p>Nom UICPA : 1-(4-chloroph\u00e9nyl)-2-(pyrrolidin-1-yl)pentan-1-one<\/p>\n<p>CAS # 902324-25-5<\/p>\n<p>Aspect : cristaux<\/p>\n<p>Analyse RMN : C15H20CINO<\/p>","protected":false},"featured_media":29351,"comment_status":"open","ping_status":"closed","template":"","meta":[],"product_brand":[],"product_cat":[79],"product_tag":[],"class_list":{"0":"post-29316","1":"product","2":"type-product","3":"status-publish","4":"has-post-thumbnail","6":"product_cat-cathinone","8":"first","9":"instock","10":"shipping-taxable","11":"purchasable","12":"product-type-variable"},"yoast_head":"<!-- This site is optimized with the Yoast SEO Premium plugin v24.1 (Yoast SEO v27.4) - https:\/\/yoast.com\/product\/yoast-seo-premium-wordpress\/ -->\n<title>Buy 4-CL-PVP Online: Premium Quality RC&#039;s | ChemsXpress<\/title>\n<meta name=\"description\" content=\"Buy 4-CL-PVP Online. Explore premium 4-CL-PVP at ChemsXpress. Fast, discreet shipping 4-CL-PVP. rust in our quality assurance for all your research needs\" \/>\n<meta name=\"robots\" content=\"index, follow, max-snippet:-1, max-image-preview:large, max-video-preview:-1\" \/>\n<link rel=\"canonical\" href=\"https:\/\/chemsxpress.com\/fr\/produit\/acheter-4-cl-pvp\/\" \/>\n<meta property=\"og:locale\" content=\"fr_FR\" \/>\n<meta property=\"og:type\" content=\"article\" \/>\n<meta property=\"og:title\" content=\"4-CL-PVP\" \/>\n<meta property=\"og:description\" content=\"Buy 4-CL-PVP Online. Explore premium 4-CL-PVP at ChemsXpress. Fast, discreet shipping 4-CL-PVP. rust in our quality assurance for all your research needs\" \/>\n<meta property=\"og:url\" content=\"https:\/\/chemsxpress.com\/fr\/produit\/acheter-4-cl-pvp\/\" \/>\n<meta property=\"og:site_name\" content=\"SHOP MDPHP\" \/>\n<meta property=\"article:modified_time\" content=\"2025-05-19T02:40:17+00:00\" \/>\n<meta property=\"og:image\" content=\"https:\/\/chemsxpress.com\/wp-content\/uploads\/2024\/04\/4-CL-PVP-1.jpg\" \/>\n\t<meta property=\"og:image:width\" content=\"600\" \/>\n\t<meta property=\"og:image:height\" content=\"600\" \/>\n\t<meta property=\"og:image:type\" content=\"image\/jpeg\" \/>\n<meta name=\"twitter:card\" content=\"summary_large_image\" \/>\n<meta name=\"twitter:label1\" content=\"Dur\u00e9e de lecture estim\u00e9e\" \/>\n\t<meta name=\"twitter:data1\" content=\"2 minutes\" \/>\n<script type=\"application\/ld+json\" class=\"yoast-schema-graph\">{\"@context\":\"https:\\\/\\\/schema.org\",\"@graph\":[{\"@type\":\"WebPage\",\"@id\":\"https:\\\/\\\/chemsxpress.com\\\/product\\\/buy-4-cl-pvp\\\/\",\"url\":\"https:\\\/\\\/chemsxpress.com\\\/product\\\/buy-4-cl-pvp\\\/\",\"name\":\"Buy 4-CL-PVP Online: Premium Quality RC's | ChemsXpress\",\"isPartOf\":{\"@id\":\"https:\\\/\\\/chemsxpress.com\\\/#website\"},\"primaryImageOfPage\":{\"@id\":\"https:\\\/\\\/chemsxpress.com\\\/product\\\/buy-4-cl-pvp\\\/#primaryimage\"},\"image\":{\"@id\":\"https:\\\/\\\/chemsxpress.com\\\/product\\\/buy-4-cl-pvp\\\/#primaryimage\"},\"thumbnailUrl\":\"https:\\\/\\\/chemsxpress.com\\\/wp-content\\\/uploads\\\/2024\\\/04\\\/4-CL-PVP-1.jpg\",\"datePublished\":\"2024-04-29T13:21:22+00:00\",\"dateModified\":\"2025-05-19T02:40:17+00:00\",\"description\":\"Buy 4-CL-PVP Online. Explore premium 4-CL-PVP at ChemsXpress. Fast, discreet shipping 4-CL-PVP. rust in our quality assurance for all your research needs\",\"breadcrumb\":{\"@id\":\"https:\\\/\\\/chemsxpress.com\\\/product\\\/buy-4-cl-pvp\\\/#breadcrumb\"},\"inLanguage\":\"fr-FR\",\"potentialAction\":[{\"@type\":\"ReadAction\",\"target\":[\"https:\\\/\\\/chemsxpress.com\\\/product\\\/buy-4-cl-pvp\\\/\"]}]},{\"@type\":\"ImageObject\",\"inLanguage\":\"fr-FR\",\"@id\":\"https:\\\/\\\/chemsxpress.com\\\/product\\\/buy-4-cl-pvp\\\/#primaryimage\",\"url\":\"https:\\\/\\\/chemsxpress.com\\\/wp-content\\\/uploads\\\/2024\\\/04\\\/4-CL-PVP-1.jpg\",\"contentUrl\":\"https:\\\/\\\/chemsxpress.com\\\/wp-content\\\/uploads\\\/2024\\\/04\\\/4-CL-PVP-1.jpg\",\"width\":600,\"height\":600,\"caption\":\"Buy 4-CL-PVP\"},{\"@type\":\"BreadcrumbList\",\"@id\":\"https:\\\/\\\/chemsxpress.com\\\/product\\\/buy-4-cl-pvp\\\/#breadcrumb\",\"itemListElement\":[{\"@type\":\"ListItem\",\"position\":1,\"name\":\"Home\",\"item\":\"https:\\\/\\\/chemsxpress.com\\\/\"},{\"@type\":\"ListItem\",\"position\":2,\"name\":\"Shop\",\"item\":\"https:\\\/\\\/chemsxpress.com\\\/shop\\\/\"},{\"@type\":\"ListItem\",\"position\":3,\"name\":\"4-CL-PVP\"}]},{\"@type\":\"WebSite\",\"@id\":\"https:\\\/\\\/chemsxpress.com\\\/#website\",\"url\":\"https:\\\/\\\/chemsxpress.com\\\/\",\"name\":\"SHOP MDPHP\",\"description\":\"Buy MDPHP freebase from reliable supplier\",\"potentialAction\":[{\"@type\":\"SearchAction\",\"target\":{\"@type\":\"EntryPoint\",\"urlTemplate\":\"https:\\\/\\\/chemsxpress.com\\\/?s={search_term_string}\"},\"query-input\":{\"@type\":\"PropertyValueSpecification\",\"valueRequired\":true,\"valueName\":\"search_term_string\"}}],\"inLanguage\":\"fr-FR\"}]}<\/script>\n<!-- \/ Yoast SEO Premium plugin. -->","yoast_head_json":{"title":"Achetez 4-CL-PVP en ligne\u00a0: RC de qualit\u00e9 sup\u00e9rieure | ChemsXpress","description":"Achetez du 4-CL-PVP en ligne. D\u00e9couvrez le 4-CL-PVP premium sur ChemsXpress. Exp\u00e9dition rapide et discr\u00e8te 4-CL-PVP. rouillez notre assurance qualit\u00e9 pour tous vos besoins de recherche","robots":{"index":"index","follow":"follow","max-snippet":"max-snippet:-1","max-image-preview":"max-image-preview:large","max-video-preview":"max-video-preview:-1"},"canonical":"https:\/\/chemsxpress.com\/fr\/produit\/acheter-4-cl-pvp\/","og_locale":"fr_FR","og_type":"article","og_title":"4-CL-PVP","og_description":"Buy 4-CL-PVP Online. Explore premium 4-CL-PVP at ChemsXpress. Fast, discreet shipping 4-CL-PVP. rust in our quality assurance for all your research needs","og_url":"https:\/\/chemsxpress.com\/fr\/produit\/acheter-4-cl-pvp\/","og_site_name":"SHOP MDPHP","article_modified_time":"2025-05-19T02:40:17+00:00","og_image":[{"width":600,"height":600,"url":"https:\/\/chemsxpress.com\/wp-content\/uploads\/2024\/04\/4-CL-PVP-1.jpg","type":"image\/jpeg"}],"twitter_card":"summary_large_image","twitter_misc":{"Dur\u00e9e de lecture estim\u00e9e":"2 minutes"},"schema":{"@context":"https:\/\/schema.org","@graph":[{"@type":"WebPage","@id":"https:\/\/chemsxpress.com\/product\/buy-4-cl-pvp\/","url":"https:\/\/chemsxpress.com\/product\/buy-4-cl-pvp\/","name":"Achetez 4-CL-PVP en ligne\u00a0: RC de qualit\u00e9 sup\u00e9rieure | ChemsXpress","isPartOf":{"@id":"https:\/\/chemsxpress.com\/#website"},"primaryImageOfPage":{"@id":"https:\/\/chemsxpress.com\/product\/buy-4-cl-pvp\/#primaryimage"},"image":{"@id":"https:\/\/chemsxpress.com\/product\/buy-4-cl-pvp\/#primaryimage"},"thumbnailUrl":"https:\/\/chemsxpress.com\/wp-content\/uploads\/2024\/04\/4-CL-PVP-1.jpg","datePublished":"2024-04-29T13:21:22+00:00","dateModified":"2025-05-19T02:40:17+00:00","description":"Achetez du 4-CL-PVP en ligne. D\u00e9couvrez le 4-CL-PVP premium sur ChemsXpress. Exp\u00e9dition rapide et discr\u00e8te 4-CL-PVP. rouillez notre assurance qualit\u00e9 pour tous vos besoins de recherche","breadcrumb":{"@id":"https:\/\/chemsxpress.com\/product\/buy-4-cl-pvp\/#breadcrumb"},"inLanguage":"fr-FR","potentialAction":[{"@type":"ReadAction","target":["https:\/\/chemsxpress.com\/product\/buy-4-cl-pvp\/"]}]},{"@type":"ImageObject","inLanguage":"fr-FR","@id":"https:\/\/chemsxpress.com\/product\/buy-4-cl-pvp\/#primaryimage","url":"https:\/\/chemsxpress.com\/wp-content\/uploads\/2024\/04\/4-CL-PVP-1.jpg","contentUrl":"https:\/\/chemsxpress.com\/wp-content\/uploads\/2024\/04\/4-CL-PVP-1.jpg","width":600,"height":600,"caption":"Buy 4-CL-PVP"},{"@type":"BreadcrumbList","@id":"https:\/\/chemsxpress.com\/product\/buy-4-cl-pvp\/#breadcrumb","itemListElement":[{"@type":"ListItem","position":1,"name":"Home","item":"https:\/\/chemsxpress.com\/"},{"@type":"ListItem","position":2,"name":"Shop","item":"https:\/\/chemsxpress.com\/shop\/"},{"@type":"ListItem","position":3,"name":"4-CL-PVP"}]},{"@type":"WebSite","@id":"https:\/\/chemsxpress.com\/#website","url":"https:\/\/chemsxpress.com\/","name":"SHOP MDPHP","description":"Acheter MDPHP freebase aupr\u00e8s d'un fournisseur fiable","potentialAction":[{"@type":"SearchAction","target":{"@type":"EntryPoint","urlTemplate":"https:\/\/chemsxpress.com\/?s={search_term_string}"},"query-input":{"@type":"PropertyValueSpecification","valueRequired":true,"valueName":"search_term_string"}}],"inLanguage":"fr-FR"}]}},"jetpack_sharing_enabled":true,"_links":{"self":[{"href":"https:\/\/chemsxpress.com\/fr\/wp-json\/wp\/v2\/product\/29316","targetHints":{"allow":["GET"]}}],"collection":[{"href":"https:\/\/chemsxpress.com\/fr\/wp-json\/wp\/v2\/product"}],"about":[{"href":"https:\/\/chemsxpress.com\/fr\/wp-json\/wp\/v2\/types\/product"}],"replies":[{"embeddable":true,"href":"https:\/\/chemsxpress.com\/fr\/wp-json\/wp\/v2\/comments?post=29316"}],"version-history":[{"count":4,"href":"https:\/\/chemsxpress.com\/fr\/wp-json\/wp\/v2\/product\/29316\/revisions"}],"predecessor-version":[{"id":29990,"href":"https:\/\/chemsxpress.com\/fr\/wp-json\/wp\/v2\/product\/29316\/revisions\/29990"}],"wp:featuredmedia":[{"embeddable":true,"href":"https:\/\/chemsxpress.com\/fr\/wp-json\/wp\/v2\/media\/29351"}],"wp:attachment":[{"href":"https:\/\/chemsxpress.com\/fr\/wp-json\/wp\/v2\/media?parent=29316"}],"wp:term":[{"taxonomy":"product_brand","embeddable":true,"href":"https:\/\/chemsxpress.com\/fr\/wp-json\/wp\/v2\/product_brand?post=29316"},{"taxonomy":"product_cat","embeddable":true,"href":"https:\/\/chemsxpress.com\/fr\/wp-json\/wp\/v2\/product_cat?post=29316"},{"taxonomy":"product_tag","embeddable":true,"href":"https:\/\/chemsxpress.com\/fr\/wp-json\/wp\/v2\/product_tag?post=29316"}],"curies":[{"name":"wp","href":"https:\/\/api.w.org\/{rel}","templated":true}]}}