{"id":29317,"date":"2024-04-29T13:21:22","date_gmt":"2024-04-29T13:21:22","guid":{"rendered":"https:\/\/chemsxpress.com\/?post_type=product&#038;p=29317"},"modified":"2024-05-02T04:30:19","modified_gmt":"2024-05-02T04:30:19","slug":"acheter-kratom-sumatra-blanc","status":"publish","type":"product","link":"https:\/\/chemsxpress.com\/fr\/produit\/acheter-kratom-sumatra-blanc\/","title":{"rendered":"Sumatra blanc"},"content":{"rendered":"<h1>Acheter du Kratom Sumatra Blanc<\/h1>\n<p>Acheter du Kratom Sumatra Blanc (mitragyna Speciosa) - Le Sumatra Blanc est une vari\u00e9t\u00e9 tr\u00e8s populaire qui pousse sur les riches sols indon\u00e9siens. Elle est connue pour ses grandes feuilles d'un blanc \u00e9clatant qui sont soigneusement r\u00e9colt\u00e9es et r\u00e9duites en une fine poudre. Cette vari\u00e9t\u00e9 t\u00e9moigne de la biodiversit\u00e9 de l'Indon\u00e9sie et est disponible en diff\u00e9rentes quantit\u00e9s.<\/p>\n<p>Le Kratom Sumatra Blanc vient juste apr\u00e8s le Maeng Da Blanc en termes de popularit\u00e9.<\/p>\n<div class=\"tab-content\">\n<h2><strong>Kratom en poudre Europe<\/strong><\/h2>\n<p>Nous n'avons que le kratom blanc le plus frais pour vous. Toutes nos feuilles de Kratom sont cueillies \u00e0 la main. Nos fermiers travaillent dur pour offrir \u00e0 tout le monde les meilleurs produits de Kratom naturel 100% de haute qualit\u00e9. Nous avons notre propre s\u00e9choir et notre propre usine de production en Indon\u00e9sie. De cette fa\u00e7on, nous avons un contr\u00f4le total sur la qualit\u00e9. Plusieurs fois par an, nous visitons notre usine pour contr\u00f4ler la qualit\u00e9 et (si n\u00e9cessaire) am\u00e9liorer l'usine. Nous travaillons avec de bons amis qui traitent notre Kratom avec les meilleures machines et une hygi\u00e8ne irr\u00e9prochable. Chaque lot de notre usine est test\u00e9 dans un laboratoire d'essai.<\/p>\n<p>Au <a href=\"https:\/\/chemsxpress.com\/fr\/\">ChemsXpress<\/a> Nous maintenons des prix bas parce que nous avons notre propre production de Kratom. La population locale b\u00e9n\u00e9ficie d'un soutien financier lorsque vous achetez notre Kratom.<\/p>\n<\/div>\n<p>Le kratom ne figure pas sur la liste des nouveaux aliments et des nouveaux ingr\u00e9dients alimentaires approuv\u00e9s. Il ne peut donc pas \u00eatre vendu pour la consommation humaine.<\/p>","protected":false},"excerpt":{"rendered":"<p><strong>Nom IUPAC :<\/strong><\/p>\n<p><strong>Forme : <\/strong>poudre<\/p>\n<p><strong>Analyse RMN : <\/strong>N\/A<\/p>","protected":false},"featured_media":29353,"comment_status":"open","ping_status":"closed","template":"","meta":[],"product_brand":[],"product_cat":[81],"product_tag":[],"class_list":{"0":"post-29317","1":"product","2":"type-product","3":"status-publish","4":"has-post-thumbnail","6":"product_cat-kratom","8":"first","9":"instock","10":"shipping-taxable","11":"purchasable","12":"product-type-variable"},"yoast_head":"<!-- This site is optimized with the Yoast SEO Premium plugin v24.1 (Yoast SEO v27.4) - https:\/\/yoast.com\/product\/yoast-seo-premium-wordpress\/ -->\n<title>Buy White Sumatra Kratom: Premium Quality, Fast Shipping<\/title>\n<meta name=\"description\" content=\"Buy White Sumatra Kratom. Shop our premium selection for quality assurance and fast, discreet shipping. Discover the difference with our trusted source\" \/>\n<meta name=\"robots\" content=\"index, follow, max-snippet:-1, max-image-preview:large, max-video-preview:-1\" \/>\n<link rel=\"canonical\" href=\"https:\/\/chemsxpress.com\/fr\/produit\/acheter-kratom-sumatra-blanc\/\" \/>\n<meta property=\"og:locale\" content=\"fr_FR\" \/>\n<meta property=\"og:type\" content=\"article\" \/>\n<meta property=\"og:title\" content=\"White Sumatra\" \/>\n<meta property=\"og:description\" content=\"Buy White Sumatra Kratom. Shop our premium selection for quality assurance and fast, discreet shipping. Discover the difference with our trusted source\" \/>\n<meta property=\"og:url\" content=\"https:\/\/chemsxpress.com\/fr\/produit\/acheter-kratom-sumatra-blanc\/\" \/>\n<meta property=\"og:site_name\" content=\"SHOP MDPHP\" \/>\n<meta property=\"article:modified_time\" content=\"2024-05-02T04:30:19+00:00\" \/>\n<meta property=\"og:image\" content=\"https:\/\/chemsxpress.com\/wp-content\/uploads\/2024\/04\/white-sumatra-1.jpg\" \/>\n\t<meta property=\"og:image:width\" content=\"600\" \/>\n\t<meta property=\"og:image:height\" content=\"600\" \/>\n\t<meta property=\"og:image:type\" content=\"image\/jpeg\" \/>\n<meta name=\"twitter:card\" content=\"summary_large_image\" \/>\n<meta name=\"twitter:label1\" content=\"Dur\u00e9e de lecture estim\u00e9e\" \/>\n\t<meta name=\"twitter:data1\" content=\"2 minutes\" \/>\n<script type=\"application\/ld+json\" class=\"yoast-schema-graph\">{\"@context\":\"https:\\\/\\\/schema.org\",\"@graph\":[{\"@type\":\"WebPage\",\"@id\":\"https:\\\/\\\/chemsxpress.com\\\/product\\\/buy-white-sumatra-kratom\\\/\",\"url\":\"https:\\\/\\\/chemsxpress.com\\\/product\\\/buy-white-sumatra-kratom\\\/\",\"name\":\"Buy White Sumatra Kratom: Premium Quality, Fast Shipping\",\"isPartOf\":{\"@id\":\"https:\\\/\\\/chemsxpress.com\\\/#website\"},\"primaryImageOfPage\":{\"@id\":\"https:\\\/\\\/chemsxpress.com\\\/product\\\/buy-white-sumatra-kratom\\\/#primaryimage\"},\"image\":{\"@id\":\"https:\\\/\\\/chemsxpress.com\\\/product\\\/buy-white-sumatra-kratom\\\/#primaryimage\"},\"thumbnailUrl\":\"https:\\\/\\\/chemsxpress.com\\\/wp-content\\\/uploads\\\/2024\\\/04\\\/white-sumatra-1.jpg\",\"datePublished\":\"2024-04-29T13:21:22+00:00\",\"dateModified\":\"2024-05-02T04:30:19+00:00\",\"description\":\"Buy White Sumatra Kratom. Shop our premium selection for quality assurance and fast, discreet shipping. Discover the difference with our trusted source\",\"breadcrumb\":{\"@id\":\"https:\\\/\\\/chemsxpress.com\\\/product\\\/buy-white-sumatra-kratom\\\/#breadcrumb\"},\"inLanguage\":\"fr-FR\",\"potentialAction\":[{\"@type\":\"ReadAction\",\"target\":[\"https:\\\/\\\/chemsxpress.com\\\/product\\\/buy-white-sumatra-kratom\\\/\"]}]},{\"@type\":\"ImageObject\",\"inLanguage\":\"fr-FR\",\"@id\":\"https:\\\/\\\/chemsxpress.com\\\/product\\\/buy-white-sumatra-kratom\\\/#primaryimage\",\"url\":\"https:\\\/\\\/chemsxpress.com\\\/wp-content\\\/uploads\\\/2024\\\/04\\\/white-sumatra-1.jpg\",\"contentUrl\":\"https:\\\/\\\/chemsxpress.com\\\/wp-content\\\/uploads\\\/2024\\\/04\\\/white-sumatra-1.jpg\",\"width\":600,\"height\":600,\"caption\":\"Buy White Sumatra Kratom\"},{\"@type\":\"BreadcrumbList\",\"@id\":\"https:\\\/\\\/chemsxpress.com\\\/product\\\/buy-white-sumatra-kratom\\\/#breadcrumb\",\"itemListElement\":[{\"@type\":\"ListItem\",\"position\":1,\"name\":\"Home\",\"item\":\"https:\\\/\\\/chemsxpress.com\\\/\"},{\"@type\":\"ListItem\",\"position\":2,\"name\":\"Shop\",\"item\":\"https:\\\/\\\/chemsxpress.com\\\/shop\\\/\"},{\"@type\":\"ListItem\",\"position\":3,\"name\":\"White Sumatra\"}]},{\"@type\":\"WebSite\",\"@id\":\"https:\\\/\\\/chemsxpress.com\\\/#website\",\"url\":\"https:\\\/\\\/chemsxpress.com\\\/\",\"name\":\"SHOP MDPHP\",\"description\":\"Buy MDPHP freebase from reliable supplier\",\"potentialAction\":[{\"@type\":\"SearchAction\",\"target\":{\"@type\":\"EntryPoint\",\"urlTemplate\":\"https:\\\/\\\/chemsxpress.com\\\/?s={search_term_string}\"},\"query-input\":{\"@type\":\"PropertyValueSpecification\",\"valueRequired\":true,\"valueName\":\"search_term_string\"}}],\"inLanguage\":\"fr-FR\"}]}<\/script>\n<!-- \/ Yoast SEO Premium plugin. -->","yoast_head_json":{"title":"Achetez du Kratom de Sumatra blanc : qualit\u00e9 sup\u00e9rieure, exp\u00e9dition rapide","description":"Achetez du Kratom blanc de Sumatra. Achetez notre s\u00e9lection premium pour une assurance qualit\u00e9 et une exp\u00e9dition rapide et discr\u00e8te. D\u00e9couvrez la diff\u00e9rence avec notre source de confiance","robots":{"index":"index","follow":"follow","max-snippet":"max-snippet:-1","max-image-preview":"max-image-preview:large","max-video-preview":"max-video-preview:-1"},"canonical":"https:\/\/chemsxpress.com\/fr\/produit\/acheter-kratom-sumatra-blanc\/","og_locale":"fr_FR","og_type":"article","og_title":"White Sumatra","og_description":"Buy White Sumatra Kratom. Shop our premium selection for quality assurance and fast, discreet shipping. Discover the difference with our trusted source","og_url":"https:\/\/chemsxpress.com\/fr\/produit\/acheter-kratom-sumatra-blanc\/","og_site_name":"SHOP MDPHP","article_modified_time":"2024-05-02T04:30:19+00:00","og_image":[{"width":600,"height":600,"url":"https:\/\/chemsxpress.com\/wp-content\/uploads\/2024\/04\/white-sumatra-1.jpg","type":"image\/jpeg"}],"twitter_card":"summary_large_image","twitter_misc":{"Dur\u00e9e de lecture estim\u00e9e":"2 minutes"},"schema":{"@context":"https:\/\/schema.org","@graph":[{"@type":"WebPage","@id":"https:\/\/chemsxpress.com\/product\/buy-white-sumatra-kratom\/","url":"https:\/\/chemsxpress.com\/product\/buy-white-sumatra-kratom\/","name":"Achetez du Kratom de Sumatra blanc : qualit\u00e9 sup\u00e9rieure, exp\u00e9dition rapide","isPartOf":{"@id":"https:\/\/chemsxpress.com\/#website"},"primaryImageOfPage":{"@id":"https:\/\/chemsxpress.com\/product\/buy-white-sumatra-kratom\/#primaryimage"},"image":{"@id":"https:\/\/chemsxpress.com\/product\/buy-white-sumatra-kratom\/#primaryimage"},"thumbnailUrl":"https:\/\/chemsxpress.com\/wp-content\/uploads\/2024\/04\/white-sumatra-1.jpg","datePublished":"2024-04-29T13:21:22+00:00","dateModified":"2024-05-02T04:30:19+00:00","description":"Achetez du Kratom blanc de Sumatra. Achetez notre s\u00e9lection premium pour une assurance qualit\u00e9 et une exp\u00e9dition rapide et discr\u00e8te. D\u00e9couvrez la diff\u00e9rence avec notre source de confiance","breadcrumb":{"@id":"https:\/\/chemsxpress.com\/product\/buy-white-sumatra-kratom\/#breadcrumb"},"inLanguage":"fr-FR","potentialAction":[{"@type":"ReadAction","target":["https:\/\/chemsxpress.com\/product\/buy-white-sumatra-kratom\/"]}]},{"@type":"ImageObject","inLanguage":"fr-FR","@id":"https:\/\/chemsxpress.com\/product\/buy-white-sumatra-kratom\/#primaryimage","url":"https:\/\/chemsxpress.com\/wp-content\/uploads\/2024\/04\/white-sumatra-1.jpg","contentUrl":"https:\/\/chemsxpress.com\/wp-content\/uploads\/2024\/04\/white-sumatra-1.jpg","width":600,"height":600,"caption":"Buy White Sumatra Kratom"},{"@type":"BreadcrumbList","@id":"https:\/\/chemsxpress.com\/product\/buy-white-sumatra-kratom\/#breadcrumb","itemListElement":[{"@type":"ListItem","position":1,"name":"Home","item":"https:\/\/chemsxpress.com\/"},{"@type":"ListItem","position":2,"name":"Shop","item":"https:\/\/chemsxpress.com\/shop\/"},{"@type":"ListItem","position":3,"name":"White Sumatra"}]},{"@type":"WebSite","@id":"https:\/\/chemsxpress.com\/#website","url":"https:\/\/chemsxpress.com\/","name":"SHOP MDPHP","description":"Acheter MDPHP freebase aupr\u00e8s d'un fournisseur fiable","potentialAction":[{"@type":"SearchAction","target":{"@type":"EntryPoint","urlTemplate":"https:\/\/chemsxpress.com\/?s={search_term_string}"},"query-input":{"@type":"PropertyValueSpecification","valueRequired":true,"valueName":"search_term_string"}}],"inLanguage":"fr-FR"}]}},"jetpack_sharing_enabled":true,"_links":{"self":[{"href":"https:\/\/chemsxpress.com\/fr\/wp-json\/wp\/v2\/product\/29317","targetHints":{"allow":["GET"]}}],"collection":[{"href":"https:\/\/chemsxpress.com\/fr\/wp-json\/wp\/v2\/product"}],"about":[{"href":"https:\/\/chemsxpress.com\/fr\/wp-json\/wp\/v2\/types\/product"}],"replies":[{"embeddable":true,"href":"https:\/\/chemsxpress.com\/fr\/wp-json\/wp\/v2\/comments?post=29317"}],"version-history":[{"count":3,"href":"https:\/\/chemsxpress.com\/fr\/wp-json\/wp\/v2\/product\/29317\/revisions"}],"predecessor-version":[{"id":29561,"href":"https:\/\/chemsxpress.com\/fr\/wp-json\/wp\/v2\/product\/29317\/revisions\/29561"}],"wp:featuredmedia":[{"embeddable":true,"href":"https:\/\/chemsxpress.com\/fr\/wp-json\/wp\/v2\/media\/29353"}],"wp:attachment":[{"href":"https:\/\/chemsxpress.com\/fr\/wp-json\/wp\/v2\/media?parent=29317"}],"wp:term":[{"taxonomy":"product_brand","embeddable":true,"href":"https:\/\/chemsxpress.com\/fr\/wp-json\/wp\/v2\/product_brand?post=29317"},{"taxonomy":"product_cat","embeddable":true,"href":"https:\/\/chemsxpress.com\/fr\/wp-json\/wp\/v2\/product_cat?post=29317"},{"taxonomy":"product_tag","embeddable":true,"href":"https:\/\/chemsxpress.com\/fr\/wp-json\/wp\/v2\/product_tag?post=29317"}],"curies":[{"name":"wp","href":"https:\/\/api.w.org\/{rel}","templated":true}]}}