{"id":29318,"date":"2024-04-29T13:21:22","date_gmt":"2024-04-29T13:21:22","guid":{"rendered":"https:\/\/chemsxpress.com\/?post_type=product&#038;p=29318"},"modified":"2025-05-17T10:09:22","modified_gmt":"2025-05-17T10:09:22","slug":"acheter-kratom-blanc-vietnamien","status":"publish","type":"product","link":"https:\/\/chemsxpress.com\/fr\/produit\/acheter-kratom-blanc-vietnamien\/","title":{"rendered":"Vietnam blanc"},"content":{"rendered":"<h2>ACHETER KRATOM BLANC VIETNAMIEN<\/h2>\n<p>Acheter du Kratom Vietnam blanc, Bien que les souches de Kratom Vietnam poussent dans les for\u00eats fertiles du Vietnam depuis un certain temps, ces souches n'ont que r\u00e9cemment commenc\u00e9 \u00e0 attirer l'attention de la communaut\u00e9 du kratom. C'est particuli\u00e8rement le cas du White Vietnam Kratom.<\/p>\n<p>Comme toutes les autres souches de Kratom, White Vietnam Kratom est \u00e9galement disponible dans divers magasins en ligne tels que Krabot. Si vous voulez en savoir plus sur cette variante efficace et puissante, vous \u00eates \u00e0 la bonne adresse. <a href=\"https:\/\/chemsxpress.com\/fr\/\">bon endroit<\/a>. Continuez \u00e0 lire pour en savoir plus sur White Vietnam Kratom.<\/p>\n<h2>QU'EST-CE QUE LE KRATOM BLANC DU VIETNAM ?<\/h2>\n<p>Le White Vietnam Kratom est cultiv\u00e9 et r\u00e9colt\u00e9 le long du M\u00e9kong au Vietnam. Le M\u00e9kong est riche en min\u00e9raux et en sols fertiles, qui conviennent \u00e0 la croissance du White Vietnam Kratom. En outre, les agriculteurs sont tr\u00e8s comp\u00e9tents et disposent des outils n\u00e9cessaires pour cultiver des souches de kratom vietnamien de haute qualit\u00e9. Cependant, cette vari\u00e9t\u00e9 est tr\u00e8s difficile \u00e0 trouver car elle est cultiv\u00e9e en petites quantit\u00e9s.<\/p>\n<h2>EFFETS ET B\u00c9N\u00c9FICES DU KRATOM VIETNAMIEN BLANC<\/h2>\n<p>Comme c'est le cas pour toutes les vari\u00e9t\u00e9s de Kratom, les effets et les b\u00e9n\u00e9fices de White Vietnam Kratom sont influenc\u00e9s par divers facteurs tels que la puissance, l'exp\u00e9rience de l'utilisateur et le dosage. Les utilisateurs fid\u00e8les de White Vietnam Kratom disent que les effets de cette vari\u00e9t\u00e9 insaisissable sont mieux ressentis avec de faibles doses et peuvent durer jusqu'\u00e0 six heures. De nombreux utilisateurs signalent que cette vari\u00e9t\u00e9 n'a pas les effets secondaires habituellement associ\u00e9s au caf\u00e9.<\/p>\n<p>Le Vietnam blanc est un <a href=\"https:\/\/chemsxpress.com\/fr\/produit\/acheter-kratom-corne-de-veine-blanche\/\">blanc vein\u00e9<\/a> souche. Originaire du Vietnam, elle est cultiv\u00e9e le long du M\u00e9kong. La Yellow Vietnam est l'une des vari\u00e9t\u00e9s les plus populaires, essayez la version blanche avant qu'elle ne disparaisse.<\/p>\n<h2>KRATOM BLANC VIETNAMIEN DOSAGE<\/h2>\n<p>Le secret pour tirer le meilleur parti de White Vietnam Kratom est de respecter le dosage. Comme le White Vietnam Kratom est extr\u00eamement puissant, il est conseill\u00e9 aux clients d'\u00eatre tr\u00e8s prudents lorsqu'ils prennent cette vari\u00e9t\u00e9. Les nouveaux utilisateurs devraient commencer par quelques grammes par jour pour donner au corps le temps de s'habituer aux effets.<\/p>\n<p>Apr\u00e8s un certain temps, les utilisateurs peuvent g\u00e9n\u00e9ralement augmenter la dose quotidienne pour b\u00e9n\u00e9ficier d'effets plus puissants. Une fois qu'un client a acquis une tol\u00e9rance corporelle \u00e9lev\u00e9e, il peut augmenter la dose journali\u00e8re pour profiter de tout le potentiel. Veuillez noter qu'un surdosage peut entra\u00eener de nombreux effets secondaires tels que des maux d'estomac et des naus\u00e9es. Il est conseill\u00e9 de consulter son m\u00e9decin avant de commencer \u00e0 consommer du kratom.<\/p>\n<h3>O\u00d9 ACHETER KRATOM BLANC VIETNAMIEN<\/h3>\n<p>Trouver du Kratom blanc du Vietnam pur et de haute qualit\u00e9 peut s'av\u00e9rer une t\u00e2che ardue. Il est judicieux de chercher un vendeur qui offre du Kratom blanc du Vietnam de haute qualit\u00e9, comme Krabot. Krabot fournit des produits de qualit\u00e9 et fiables.<\/p>","protected":false},"excerpt":{"rendered":"<p><strong>Nom IUPAC :<\/strong><\/p>\n<p><strong>Forme : <\/strong>poudre<\/p>\n<p><strong>Analyse RMN : <\/strong>N\/A<\/p>","protected":false},"featured_media":29381,"comment_status":"open","ping_status":"closed","template":"","meta":[],"product_brand":[],"product_cat":[81],"product_tag":[],"class_list":{"0":"post-29318","1":"product","2":"type-product","3":"status-publish","4":"has-post-thumbnail","6":"product_cat-kratom","8":"first","9":"instock","10":"shipping-taxable","11":"purchasable","12":"product-type-variable"},"yoast_head":"<!-- This site is optimized with the Yoast SEO Premium plugin v24.1 (Yoast SEO v27.4) - https:\/\/yoast.com\/product\/yoast-seo-premium-wordpress\/ -->\n<title>Buy White Vietnam Kratom: Fast Shipping, Trusted Source<\/title>\n<meta name=\"description\" content=\"Buy % White Vietnam Kratom strains. Explore our premium selection and elevate your botanical experience. Trusted source, fast shipping\" \/>\n<meta name=\"robots\" content=\"index, follow, max-snippet:-1, max-image-preview:large, max-video-preview:-1\" \/>\n<link rel=\"canonical\" href=\"https:\/\/chemsxpress.com\/fr\/produit\/acheter-kratom-blanc-vietnamien\/\" \/>\n<meta property=\"og:locale\" content=\"fr_FR\" \/>\n<meta property=\"og:type\" content=\"article\" \/>\n<meta property=\"og:title\" content=\"White Vietnam\" \/>\n<meta property=\"og:description\" content=\"Buy % White Vietnam Kratom strains. Explore our premium selection and elevate your botanical experience. Trusted source, fast shipping\" \/>\n<meta property=\"og:url\" content=\"https:\/\/chemsxpress.com\/fr\/produit\/acheter-kratom-blanc-vietnamien\/\" \/>\n<meta property=\"og:site_name\" content=\"SHOP MDPHP\" \/>\n<meta property=\"article:modified_time\" content=\"2025-05-17T10:09:22+00:00\" \/>\n<meta property=\"og:image\" content=\"https:\/\/chemsxpress.com\/wp-content\/uploads\/2024\/04\/white-veitnam.jpg\" \/>\n\t<meta property=\"og:image:width\" content=\"600\" \/>\n\t<meta property=\"og:image:height\" content=\"600\" \/>\n\t<meta property=\"og:image:type\" content=\"image\/jpeg\" \/>\n<meta name=\"twitter:card\" content=\"summary_large_image\" \/>\n<meta name=\"twitter:label1\" content=\"Dur\u00e9e de lecture estim\u00e9e\" \/>\n\t<meta name=\"twitter:data1\" content=\"3 minutes\" \/>\n<script type=\"application\/ld+json\" class=\"yoast-schema-graph\">{\"@context\":\"https:\\\/\\\/schema.org\",\"@graph\":[{\"@type\":\"WebPage\",\"@id\":\"https:\\\/\\\/chemsxpress.com\\\/product\\\/buy-white-vietnam-kratom\\\/\",\"url\":\"https:\\\/\\\/chemsxpress.com\\\/product\\\/buy-white-vietnam-kratom\\\/\",\"name\":\"Buy White Vietnam Kratom: Fast Shipping, Trusted Source\",\"isPartOf\":{\"@id\":\"https:\\\/\\\/chemsxpress.com\\\/#website\"},\"primaryImageOfPage\":{\"@id\":\"https:\\\/\\\/chemsxpress.com\\\/product\\\/buy-white-vietnam-kratom\\\/#primaryimage\"},\"image\":{\"@id\":\"https:\\\/\\\/chemsxpress.com\\\/product\\\/buy-white-vietnam-kratom\\\/#primaryimage\"},\"thumbnailUrl\":\"https:\\\/\\\/chemsxpress.com\\\/wp-content\\\/uploads\\\/2024\\\/04\\\/white-veitnam.jpg\",\"datePublished\":\"2024-04-29T13:21:22+00:00\",\"dateModified\":\"2025-05-17T10:09:22+00:00\",\"description\":\"Buy % White Vietnam Kratom strains. Explore our premium selection and elevate your botanical experience. Trusted source, fast shipping\",\"breadcrumb\":{\"@id\":\"https:\\\/\\\/chemsxpress.com\\\/product\\\/buy-white-vietnam-kratom\\\/#breadcrumb\"},\"inLanguage\":\"fr-FR\",\"potentialAction\":[{\"@type\":\"ReadAction\",\"target\":[\"https:\\\/\\\/chemsxpress.com\\\/product\\\/buy-white-vietnam-kratom\\\/\"]}]},{\"@type\":\"ImageObject\",\"inLanguage\":\"fr-FR\",\"@id\":\"https:\\\/\\\/chemsxpress.com\\\/product\\\/buy-white-vietnam-kratom\\\/#primaryimage\",\"url\":\"https:\\\/\\\/chemsxpress.com\\\/wp-content\\\/uploads\\\/2024\\\/04\\\/white-veitnam.jpg\",\"contentUrl\":\"https:\\\/\\\/chemsxpress.com\\\/wp-content\\\/uploads\\\/2024\\\/04\\\/white-veitnam.jpg\",\"width\":600,\"height\":600,\"caption\":\"BUY WHITE VIETNAM KRATOM\"},{\"@type\":\"BreadcrumbList\",\"@id\":\"https:\\\/\\\/chemsxpress.com\\\/product\\\/buy-white-vietnam-kratom\\\/#breadcrumb\",\"itemListElement\":[{\"@type\":\"ListItem\",\"position\":1,\"name\":\"Home\",\"item\":\"https:\\\/\\\/chemsxpress.com\\\/\"},{\"@type\":\"ListItem\",\"position\":2,\"name\":\"Shop\",\"item\":\"https:\\\/\\\/chemsxpress.com\\\/shop\\\/\"},{\"@type\":\"ListItem\",\"position\":3,\"name\":\"White Vietnam\"}]},{\"@type\":\"WebSite\",\"@id\":\"https:\\\/\\\/chemsxpress.com\\\/#website\",\"url\":\"https:\\\/\\\/chemsxpress.com\\\/\",\"name\":\"SHOP MDPHP\",\"description\":\"Buy MDPHP freebase from reliable supplier\",\"potentialAction\":[{\"@type\":\"SearchAction\",\"target\":{\"@type\":\"EntryPoint\",\"urlTemplate\":\"https:\\\/\\\/chemsxpress.com\\\/?s={search_term_string}\"},\"query-input\":{\"@type\":\"PropertyValueSpecification\",\"valueRequired\":true,\"valueName\":\"search_term_string\"}}],\"inLanguage\":\"fr-FR\"}]}<\/script>\n<!-- \/ Yoast SEO Premium plugin. -->","yoast_head_json":{"title":"Achetez du Kratom blanc du Vietnam : exp\u00e9dition rapide, source fiable","description":"Achetez des vari\u00e9t\u00e9s 100c% White Vietnam Kratom. Explorez notre s\u00e9lection premium et am\u00e9liorez votre exp\u00e9rience botanique. Source fiable, exp\u00e9dition rapide","robots":{"index":"index","follow":"follow","max-snippet":"max-snippet:-1","max-image-preview":"max-image-preview:large","max-video-preview":"max-video-preview:-1"},"canonical":"https:\/\/chemsxpress.com\/fr\/produit\/acheter-kratom-blanc-vietnamien\/","og_locale":"fr_FR","og_type":"article","og_title":"White Vietnam","og_description":"Buy % White Vietnam Kratom strains. Explore our premium selection and elevate your botanical experience. Trusted source, fast shipping","og_url":"https:\/\/chemsxpress.com\/fr\/produit\/acheter-kratom-blanc-vietnamien\/","og_site_name":"SHOP MDPHP","article_modified_time":"2025-05-17T10:09:22+00:00","og_image":[{"width":600,"height":600,"url":"https:\/\/chemsxpress.com\/wp-content\/uploads\/2024\/04\/white-veitnam.jpg","type":"image\/jpeg"}],"twitter_card":"summary_large_image","twitter_misc":{"Dur\u00e9e de lecture estim\u00e9e":"3 minutes"},"schema":{"@context":"https:\/\/schema.org","@graph":[{"@type":"WebPage","@id":"https:\/\/chemsxpress.com\/product\/buy-white-vietnam-kratom\/","url":"https:\/\/chemsxpress.com\/product\/buy-white-vietnam-kratom\/","name":"Achetez du Kratom blanc du Vietnam : exp\u00e9dition rapide, source fiable","isPartOf":{"@id":"https:\/\/chemsxpress.com\/#website"},"primaryImageOfPage":{"@id":"https:\/\/chemsxpress.com\/product\/buy-white-vietnam-kratom\/#primaryimage"},"image":{"@id":"https:\/\/chemsxpress.com\/product\/buy-white-vietnam-kratom\/#primaryimage"},"thumbnailUrl":"https:\/\/chemsxpress.com\/wp-content\/uploads\/2024\/04\/white-veitnam.jpg","datePublished":"2024-04-29T13:21:22+00:00","dateModified":"2025-05-17T10:09:22+00:00","description":"Achetez des vari\u00e9t\u00e9s 100c% White Vietnam Kratom. Explorez notre s\u00e9lection premium et am\u00e9liorez votre exp\u00e9rience botanique. Source fiable, exp\u00e9dition rapide","breadcrumb":{"@id":"https:\/\/chemsxpress.com\/product\/buy-white-vietnam-kratom\/#breadcrumb"},"inLanguage":"fr-FR","potentialAction":[{"@type":"ReadAction","target":["https:\/\/chemsxpress.com\/product\/buy-white-vietnam-kratom\/"]}]},{"@type":"ImageObject","inLanguage":"fr-FR","@id":"https:\/\/chemsxpress.com\/product\/buy-white-vietnam-kratom\/#primaryimage","url":"https:\/\/chemsxpress.com\/wp-content\/uploads\/2024\/04\/white-veitnam.jpg","contentUrl":"https:\/\/chemsxpress.com\/wp-content\/uploads\/2024\/04\/white-veitnam.jpg","width":600,"height":600,"caption":"BUY WHITE VIETNAM KRATOM"},{"@type":"BreadcrumbList","@id":"https:\/\/chemsxpress.com\/product\/buy-white-vietnam-kratom\/#breadcrumb","itemListElement":[{"@type":"ListItem","position":1,"name":"Home","item":"https:\/\/chemsxpress.com\/"},{"@type":"ListItem","position":2,"name":"Shop","item":"https:\/\/chemsxpress.com\/shop\/"},{"@type":"ListItem","position":3,"name":"White Vietnam"}]},{"@type":"WebSite","@id":"https:\/\/chemsxpress.com\/#website","url":"https:\/\/chemsxpress.com\/","name":"SHOP MDPHP","description":"Acheter MDPHP freebase aupr\u00e8s d'un fournisseur fiable","potentialAction":[{"@type":"SearchAction","target":{"@type":"EntryPoint","urlTemplate":"https:\/\/chemsxpress.com\/?s={search_term_string}"},"query-input":{"@type":"PropertyValueSpecification","valueRequired":true,"valueName":"search_term_string"}}],"inLanguage":"fr-FR"}]}},"jetpack_sharing_enabled":true,"_links":{"self":[{"href":"https:\/\/chemsxpress.com\/fr\/wp-json\/wp\/v2\/product\/29318","targetHints":{"allow":["GET"]}}],"collection":[{"href":"https:\/\/chemsxpress.com\/fr\/wp-json\/wp\/v2\/product"}],"about":[{"href":"https:\/\/chemsxpress.com\/fr\/wp-json\/wp\/v2\/types\/product"}],"replies":[{"embeddable":true,"href":"https:\/\/chemsxpress.com\/fr\/wp-json\/wp\/v2\/comments?post=29318"}],"version-history":[{"count":4,"href":"https:\/\/chemsxpress.com\/fr\/wp-json\/wp\/v2\/product\/29318\/revisions"}],"predecessor-version":[{"id":29983,"href":"https:\/\/chemsxpress.com\/fr\/wp-json\/wp\/v2\/product\/29318\/revisions\/29983"}],"wp:featuredmedia":[{"embeddable":true,"href":"https:\/\/chemsxpress.com\/fr\/wp-json\/wp\/v2\/media\/29381"}],"wp:attachment":[{"href":"https:\/\/chemsxpress.com\/fr\/wp-json\/wp\/v2\/media?parent=29318"}],"wp:term":[{"taxonomy":"product_brand","embeddable":true,"href":"https:\/\/chemsxpress.com\/fr\/wp-json\/wp\/v2\/product_brand?post=29318"},{"taxonomy":"product_cat","embeddable":true,"href":"https:\/\/chemsxpress.com\/fr\/wp-json\/wp\/v2\/product_cat?post=29318"},{"taxonomy":"product_tag","embeddable":true,"href":"https:\/\/chemsxpress.com\/fr\/wp-json\/wp\/v2\/product_tag?post=29318"}],"curies":[{"name":"wp","href":"https:\/\/api.w.org\/{rel}","templated":true}]}}