{"id":29319,"date":"2024-04-29T13:21:22","date_gmt":"2024-04-29T13:21:22","guid":{"rendered":"https:\/\/chemsxpress.com\/?post_type=product&#038;p=29319"},"modified":"2024-05-02T05:12:21","modified_gmt":"2024-05-02T05:12:21","slug":"acheter-kratom-maluku-rouge","status":"publish","type":"product","link":"https:\/\/chemsxpress.com\/fr\/produit\/acheter-kratom-maluku-rouge\/","title":{"rendered":"Rouge Maluku"},"content":{"rendered":"<h1><strong>Acheter Red Maluku<\/strong><\/h1>\n<p>Acheter Red Maluku Kratom, \u00e9galement connu sous le nom de Red Malay ou Red Vein Malay, est une vari\u00e9t\u00e9 de Kratom originaire des \u00eeles Maluku en Indon\u00e9sie. Elle est r\u00e9put\u00e9e pour son profil alcalo\u00efde unique et ses effets distincts. Le Red Maluku Kratom se caract\u00e9rise par ses riches veines rouges qui courent \u00e0 travers les feuilles. Il est r\u00e9colt\u00e9 sur des arbres Mitragyna speciosa matures.<\/p>\n<p>Les utilisateurs rapportent souvent que le kratom rouge de Maluku offre un m\u00e9lange \u00e9quilibr\u00e9 d'effets, y compris la relaxation, le soulagement de la douleur et un sentiment de bien-\u00eatre. De nombreuses personnes trouvent qu'il est particuli\u00e8rement utile pour favoriser la relaxation et soulager le stress et l'anxi\u00e9t\u00e9.<\/p>\n<p>Au <a href=\"https:\/\/chemsxpress.com\/fr\/\">ChemsXpress<\/a>Nous offrons du Kratom Rouge Maluku de premi\u00e8re qualit\u00e9, provenant directement de fermiers de confiance en Asie du Sud-Est. Notre Red Maluku Kratom est soigneusement r\u00e9colt\u00e9, s\u00e9ch\u00e9 et trait\u00e9 pour garantir une puissance et une puret\u00e9 maximales. Gr\u00e2ce \u00e0 notre engagement envers la qualit\u00e9 et la satisfaction de nos clients, vous pouvez \u00eatre s\u00fbr que vous obtenez le meilleur Achat de Kratom Rouge Maluku disponible.<\/p>\n<p>D\u00e9couvrez les merveilles naturelles de Red Maluku Kratom avec<a href=\"https:\/\/chemsxpress.com\/fr\/\"> ChemsXpress<\/a>. Achetez maintenant et d\u00e9couvrez les bienfaits de cette plante remarquable.<\/p>\n<h2><strong>O\u00f9 acheter Red Maluku Kratom<\/strong><\/h2>\n<p>Bienvenue \u00e0 ChemsXpress, votre source de confiance pour le Red Maluku Kratom de premi\u00e8re qualit\u00e9. Explorez notre vaste collection de souches Red Maluku, provenant des jungles luxuriantes de l'Asie du Sud-Est. Connu pour ses propri\u00e9t\u00e9s riches et puissantes, le Red Maluku Kratom offre une exp\u00e9rience botanique unique, appr\u00e9ci\u00e9e par les amateurs du monde entier. Chez ChemsXpress, nous donnons la priorit\u00e9 \u00e0 la qualit\u00e9 et \u00e0 la puret\u00e9, en veillant \u00e0 ce que chaque produit r\u00e9ponde \u00e0 nos normes rigoureuses. Parcourez notre s\u00e9lection, d\u00e9couvrez les origines et les bienfaits de Red Maluku Kratom, et d\u00e9couvrez votre vari\u00e9t\u00e9 parfaite. Avec une commande en ligne s\u00e9curis\u00e9e et une livraison rapide, ChemsXpress vous permet d'exp\u00e9rimenter facilement les merveilles naturelles de Red Maluku Kratom. Achetez maintenant et am\u00e9liorez votre voyage botanique avec ChemsXpress.<\/p>","protected":false},"excerpt":{"rendered":"<p><strong>Nom IUPAC :<\/strong><\/p>\n<p><strong>Forme : <\/strong>poudre<\/p>\n<p><strong>Analyse RMN : <\/strong>N\/A<\/p>","protected":false},"featured_media":29383,"comment_status":"open","ping_status":"closed","template":"","meta":[],"product_brand":[],"product_cat":[81],"product_tag":[],"class_list":{"0":"post-29319","1":"product","2":"type-product","3":"status-publish","4":"has-post-thumbnail","6":"product_cat-kratom","8":"first","9":"instock","10":"shipping-taxable","11":"purchasable","12":"product-type-variable"},"yoast_head":"<!-- This site is optimized with the Yoast SEO Premium plugin v24.1 (Yoast SEO v27.3) - https:\/\/yoast.com\/product\/yoast-seo-premium-wordpress\/ -->\n<title>Buy Red Maluku Kratom: Premium Quality, Fast Shippin<\/title>\n<meta name=\"description\" content=\"Elevate your botanical experience with premium Red Maluku Kratom. Explore our selection Kratom strains, shipped quickly and discreetly. Trust in our commitment to quality and satisfaction for all your Kratom needs\" \/>\n<meta name=\"robots\" content=\"index, follow, max-snippet:-1, max-image-preview:large, max-video-preview:-1\" \/>\n<link rel=\"canonical\" href=\"https:\/\/chemsxpress.com\/fr\/produit\/acheter-kratom-maluku-rouge\/\" \/>\n<meta property=\"og:locale\" content=\"fr_FR\" \/>\n<meta property=\"og:type\" content=\"article\" \/>\n<meta property=\"og:title\" content=\"Red Maluku\" \/>\n<meta property=\"og:description\" content=\"Elevate your botanical experience with premium Red Maluku Kratom. Explore our selection Kratom strains, shipped quickly and discreetly. Trust in our commitment to quality and satisfaction for all your Kratom needs\" \/>\n<meta property=\"og:url\" content=\"https:\/\/chemsxpress.com\/fr\/produit\/acheter-kratom-maluku-rouge\/\" \/>\n<meta property=\"og:site_name\" content=\"SHOP MDPHP\" \/>\n<meta property=\"article:modified_time\" content=\"2024-05-02T05:12:21+00:00\" \/>\n<meta property=\"og:image\" content=\"https:\/\/chemsxpress.com\/wp-content\/uploads\/2024\/04\/red-maluku.jpg\" \/>\n\t<meta property=\"og:image:width\" content=\"600\" \/>\n\t<meta property=\"og:image:height\" content=\"600\" \/>\n\t<meta property=\"og:image:type\" content=\"image\/jpeg\" \/>\n<meta name=\"twitter:card\" content=\"summary_large_image\" \/>\n<meta name=\"twitter:label1\" content=\"Dur\u00e9e de lecture estim\u00e9e\" \/>\n\t<meta name=\"twitter:data1\" content=\"2 minutes\" \/>\n<script type=\"application\/ld+json\" class=\"yoast-schema-graph\">{\"@context\":\"https:\\\/\\\/schema.org\",\"@graph\":[{\"@type\":\"WebPage\",\"@id\":\"https:\\\/\\\/chemsxpress.com\\\/product\\\/buy-red-maluku-kratom\\\/\",\"url\":\"https:\\\/\\\/chemsxpress.com\\\/product\\\/buy-red-maluku-kratom\\\/\",\"name\":\"Buy Red Maluku Kratom: Premium Quality, Fast Shippin\",\"isPartOf\":{\"@id\":\"https:\\\/\\\/chemsxpress.com\\\/#website\"},\"primaryImageOfPage\":{\"@id\":\"https:\\\/\\\/chemsxpress.com\\\/product\\\/buy-red-maluku-kratom\\\/#primaryimage\"},\"image\":{\"@id\":\"https:\\\/\\\/chemsxpress.com\\\/product\\\/buy-red-maluku-kratom\\\/#primaryimage\"},\"thumbnailUrl\":\"https:\\\/\\\/chemsxpress.com\\\/wp-content\\\/uploads\\\/2024\\\/04\\\/red-maluku.jpg\",\"datePublished\":\"2024-04-29T13:21:22+00:00\",\"dateModified\":\"2024-05-02T05:12:21+00:00\",\"description\":\"Elevate your botanical experience with premium Red Maluku Kratom. Explore our selection Kratom strains, shipped quickly and discreetly. Trust in our commitment to quality and satisfaction for all your Kratom needs\",\"breadcrumb\":{\"@id\":\"https:\\\/\\\/chemsxpress.com\\\/product\\\/buy-red-maluku-kratom\\\/#breadcrumb\"},\"inLanguage\":\"fr-FR\",\"potentialAction\":[{\"@type\":\"ReadAction\",\"target\":[\"https:\\\/\\\/chemsxpress.com\\\/product\\\/buy-red-maluku-kratom\\\/\"]}]},{\"@type\":\"ImageObject\",\"inLanguage\":\"fr-FR\",\"@id\":\"https:\\\/\\\/chemsxpress.com\\\/product\\\/buy-red-maluku-kratom\\\/#primaryimage\",\"url\":\"https:\\\/\\\/chemsxpress.com\\\/wp-content\\\/uploads\\\/2024\\\/04\\\/red-maluku.jpg\",\"contentUrl\":\"https:\\\/\\\/chemsxpress.com\\\/wp-content\\\/uploads\\\/2024\\\/04\\\/red-maluku.jpg\",\"width\":600,\"height\":600,\"caption\":\"Buy Red Maluku Kratom\"},{\"@type\":\"BreadcrumbList\",\"@id\":\"https:\\\/\\\/chemsxpress.com\\\/product\\\/buy-red-maluku-kratom\\\/#breadcrumb\",\"itemListElement\":[{\"@type\":\"ListItem\",\"position\":1,\"name\":\"Home\",\"item\":\"https:\\\/\\\/chemsxpress.com\\\/\"},{\"@type\":\"ListItem\",\"position\":2,\"name\":\"Shop\",\"item\":\"https:\\\/\\\/chemsxpress.com\\\/shop\\\/\"},{\"@type\":\"ListItem\",\"position\":3,\"name\":\"Red Maluku\"}]},{\"@type\":\"WebSite\",\"@id\":\"https:\\\/\\\/chemsxpress.com\\\/#website\",\"url\":\"https:\\\/\\\/chemsxpress.com\\\/\",\"name\":\"SHOP MDPHP\",\"description\":\"Buy MDPHP freebase from reliable supplier\",\"potentialAction\":[{\"@type\":\"SearchAction\",\"target\":{\"@type\":\"EntryPoint\",\"urlTemplate\":\"https:\\\/\\\/chemsxpress.com\\\/?s={search_term_string}\"},\"query-input\":{\"@type\":\"PropertyValueSpecification\",\"valueRequired\":true,\"valueName\":\"search_term_string\"}}],\"inLanguage\":\"fr-FR\"}]}<\/script>\n<!-- \/ Yoast SEO Premium plugin. -->","yoast_head_json":{"title":"Acheter Red Maluku Kratom : Qualit\u00e9 Premium, Livraison Rapide","description":"Am\u00e9liorez votre exp\u00e9rience botanique avec le Kratom Rouge Maluku de premi\u00e8re qualit\u00e9. Explorez notre s\u00e9lection de souches de Kratom, exp\u00e9di\u00e9es rapidement et discr\u00e8tement. Faites confiance \u00e0 notre engagement de qualit\u00e9 et de satisfaction pour tous vos besoins en Kratom.","robots":{"index":"index","follow":"follow","max-snippet":"max-snippet:-1","max-image-preview":"max-image-preview:large","max-video-preview":"max-video-preview:-1"},"canonical":"https:\/\/chemsxpress.com\/fr\/produit\/acheter-kratom-maluku-rouge\/","og_locale":"fr_FR","og_type":"article","og_title":"Red Maluku","og_description":"Elevate your botanical experience with premium Red Maluku Kratom. Explore our selection Kratom strains, shipped quickly and discreetly. Trust in our commitment to quality and satisfaction for all your Kratom needs","og_url":"https:\/\/chemsxpress.com\/fr\/produit\/acheter-kratom-maluku-rouge\/","og_site_name":"SHOP MDPHP","article_modified_time":"2024-05-02T05:12:21+00:00","og_image":[{"width":600,"height":600,"url":"https:\/\/chemsxpress.com\/wp-content\/uploads\/2024\/04\/red-maluku.jpg","type":"image\/jpeg"}],"twitter_card":"summary_large_image","twitter_misc":{"Dur\u00e9e de lecture estim\u00e9e":"2 minutes"},"schema":{"@context":"https:\/\/schema.org","@graph":[{"@type":"WebPage","@id":"https:\/\/chemsxpress.com\/product\/buy-red-maluku-kratom\/","url":"https:\/\/chemsxpress.com\/product\/buy-red-maluku-kratom\/","name":"Acheter Red Maluku Kratom : Qualit\u00e9 Premium, Livraison Rapide","isPartOf":{"@id":"https:\/\/chemsxpress.com\/#website"},"primaryImageOfPage":{"@id":"https:\/\/chemsxpress.com\/product\/buy-red-maluku-kratom\/#primaryimage"},"image":{"@id":"https:\/\/chemsxpress.com\/product\/buy-red-maluku-kratom\/#primaryimage"},"thumbnailUrl":"https:\/\/chemsxpress.com\/wp-content\/uploads\/2024\/04\/red-maluku.jpg","datePublished":"2024-04-29T13:21:22+00:00","dateModified":"2024-05-02T05:12:21+00:00","description":"Am\u00e9liorez votre exp\u00e9rience botanique avec le Kratom Rouge Maluku de premi\u00e8re qualit\u00e9. Explorez notre s\u00e9lection de souches de Kratom, exp\u00e9di\u00e9es rapidement et discr\u00e8tement. Faites confiance \u00e0 notre engagement de qualit\u00e9 et de satisfaction pour tous vos besoins en Kratom.","breadcrumb":{"@id":"https:\/\/chemsxpress.com\/product\/buy-red-maluku-kratom\/#breadcrumb"},"inLanguage":"fr-FR","potentialAction":[{"@type":"ReadAction","target":["https:\/\/chemsxpress.com\/product\/buy-red-maluku-kratom\/"]}]},{"@type":"ImageObject","inLanguage":"fr-FR","@id":"https:\/\/chemsxpress.com\/product\/buy-red-maluku-kratom\/#primaryimage","url":"https:\/\/chemsxpress.com\/wp-content\/uploads\/2024\/04\/red-maluku.jpg","contentUrl":"https:\/\/chemsxpress.com\/wp-content\/uploads\/2024\/04\/red-maluku.jpg","width":600,"height":600,"caption":"Buy Red Maluku Kratom"},{"@type":"BreadcrumbList","@id":"https:\/\/chemsxpress.com\/product\/buy-red-maluku-kratom\/#breadcrumb","itemListElement":[{"@type":"ListItem","position":1,"name":"Home","item":"https:\/\/chemsxpress.com\/"},{"@type":"ListItem","position":2,"name":"Shop","item":"https:\/\/chemsxpress.com\/shop\/"},{"@type":"ListItem","position":3,"name":"Red Maluku"}]},{"@type":"WebSite","@id":"https:\/\/chemsxpress.com\/#website","url":"https:\/\/chemsxpress.com\/","name":"SHOP MDPHP","description":"Acheter MDPHP freebase aupr\u00e8s d'un fournisseur fiable","potentialAction":[{"@type":"SearchAction","target":{"@type":"EntryPoint","urlTemplate":"https:\/\/chemsxpress.com\/?s={search_term_string}"},"query-input":{"@type":"PropertyValueSpecification","valueRequired":true,"valueName":"search_term_string"}}],"inLanguage":"fr-FR"}]}},"jetpack_sharing_enabled":true,"_links":{"self":[{"href":"https:\/\/chemsxpress.com\/fr\/wp-json\/wp\/v2\/product\/29319","targetHints":{"allow":["GET"]}}],"collection":[{"href":"https:\/\/chemsxpress.com\/fr\/wp-json\/wp\/v2\/product"}],"about":[{"href":"https:\/\/chemsxpress.com\/fr\/wp-json\/wp\/v2\/types\/product"}],"replies":[{"embeddable":true,"href":"https:\/\/chemsxpress.com\/fr\/wp-json\/wp\/v2\/comments?post=29319"}],"version-history":[{"count":3,"href":"https:\/\/chemsxpress.com\/fr\/wp-json\/wp\/v2\/product\/29319\/revisions"}],"predecessor-version":[{"id":29570,"href":"https:\/\/chemsxpress.com\/fr\/wp-json\/wp\/v2\/product\/29319\/revisions\/29570"}],"wp:featuredmedia":[{"embeddable":true,"href":"https:\/\/chemsxpress.com\/fr\/wp-json\/wp\/v2\/media\/29383"}],"wp:attachment":[{"href":"https:\/\/chemsxpress.com\/fr\/wp-json\/wp\/v2\/media?parent=29319"}],"wp:term":[{"taxonomy":"product_brand","embeddable":true,"href":"https:\/\/chemsxpress.com\/fr\/wp-json\/wp\/v2\/product_brand?post=29319"},{"taxonomy":"product_cat","embeddable":true,"href":"https:\/\/chemsxpress.com\/fr\/wp-json\/wp\/v2\/product_cat?post=29319"},{"taxonomy":"product_tag","embeddable":true,"href":"https:\/\/chemsxpress.com\/fr\/wp-json\/wp\/v2\/product_tag?post=29319"}],"curies":[{"name":"wp","href":"https:\/\/api.w.org\/{rel}","templated":true}]}}