{"id":29320,"date":"2024-04-29T13:21:22","date_gmt":"2024-04-29T13:21:22","guid":{"rendered":"https:\/\/chemsxpress.com\/?post_type=product&#038;p=29320"},"modified":"2024-07-04T21:52:13","modified_gmt":"2024-07-04T21:52:13","slug":"acheter-4-aco-dp","status":"publish","type":"product","link":"https:\/\/chemsxpress.com\/fr\/produit\/acheter-4-aco-dp\/","title":{"rendered":"4-ACO-DPT"},"content":{"rendered":"<h2><strong>ACHETER 4-ACO-DPT<\/strong><\/h2>\n<p>Acheter Le 4-AcO-DPT est un nouveau produit chimique de recherche. Il n'est pas encore aussi populaire que le compos\u00e9 dont il est d\u00e9riv\u00e9, le 4-HO-DPT. Le 4-HO-DPT a \u00e9t\u00e9 synth\u00e9tis\u00e9 pour la premi\u00e8re fois par Alexander Shulgin et popularis\u00e9 par sa publication dans son livre TiHKAL.<\/p>\n<p>Les compos\u00e9s de la tryptamine sont g\u00e9n\u00e9ralement sans danger pour la recherche, bien qu'il faille \u00eatre prudent lors de l'exp\u00e9rimentation de tout produit chimique pour lequel il n'existe pas de donn\u00e9es de s\u00e9curit\u00e9 \u00e0 long terme.<\/p>\n<p>&nbsp;<\/p>\n<h2><strong>MODE D'EMPLOI Acheter 4-ACO-DPT POWDER<\/strong><\/h2>\n<p>Au <a href=\"https:\/\/chemsxpress.com\/fr\/\">ChemsXpress.com<\/a> vous pouvez acheter du 4-AcO-DPT sous forme de poudre de la plus haute qualit\u00e9. Que vous choisissiez d'acheter du 4-AcO-DPT en 0,25g, 0,5g, 1g ou 2g, vous pouvez \u00eatre s\u00fbr d'obtenir un produit test\u00e9 pur \u00e0 97% au minimum. Chez ChemsXpress, nous sommes fiers de notre fiabilit\u00e9 et de notre qualit\u00e9, et ce produit est l'un des 4-AcO-DPT les plus purs que vous puissiez trouver en ligne.<\/p>\n<p>Veillez \u00e0 conserver la poudre de 4-AcO-DPT dans un endroit sec et frais pour une dur\u00e9e de conservation maximale. Lorsque vous manipulez des produits chimiques destin\u00e9s \u00e0 la recherche, veillez \u00e0 toujours prendre les pr\u00e9cautions qui s'imposent dans le laboratoire, par exemple en essuyant les surfaces et en portant des gants, un masque et des v\u00eatements de protection.<\/p>\n<p>Par ailleurs, le 4-AcO-DPT peut \u00eatre \u00e9tudi\u00e9 de la m\u00eame mani\u00e8re que les autres psych\u00e9d\u00e9liques tryptamines. Il existe plusieurs <a href=\"https:\/\/chemsxpress.com\/fr\/categorie-produit\/produits-chimiques-de-recherche\/\">les m\u00e9thodes de recherche<\/a> Ces m\u00e9thodes de recherche sont d\u00e9crites par Shulgin dans son livre TiHKAL, bien qu'il soit \u00e9vident qu'il les a trouv\u00e9es par lui-m\u00eame.<\/p>\n<p>\u00c9tant donn\u00e9 que Shulgin ne produit plus d'informations sur ces compos\u00e9s, les chercheurs doivent les \u00e9tudier par eux-m\u00eames. Soyez prudent lors de vos recherches sur le 4-AcO-DPT et traitez-le comme n'importe quelle autre tryptamine. Les tryptamines sont r\u00e9put\u00e9es pour \u00eatre tr\u00e8s puissantes et actives, m\u00eame en tr\u00e8s petite quantit\u00e9.<\/p>\n<p>&nbsp;<\/p>\n<h2><strong>D\u00c9FINITION 4-ACO-DPT<\/strong><\/h2>\n<p>La d\u00e9finition du 4-AcO-DPT, officiellement connu sous le nom de 4-ac\u00e9toxy-N,N,-dipropyltryptamine, est un psych\u00e9d\u00e9lique de la famille des tryptamines. Il s'agit d'un ester d'une autre tryptamine psych\u00e9d\u00e9lique plus courante appel\u00e9e 4-HO-DPT.<\/p>\n<p>Les deux compos\u00e9s pr\u00e9sentent un certain nombre de similitudes, bien qu'ils ne soient pas identiques, et en raison du nombre limit\u00e9 de donn\u00e9es pharmacologiques disponibles, les chercheurs ne peuvent pas conclure exactement au fonctionnement du 4-AcO-DPT.<\/p>\n<p>Cependant, il y a des raisons de penser qu'elle fonctionne de la m\u00eame mani\u00e8re que les autres tryptamines. Cela signifie que les chercheurs feraient bien de se rappeler que les tryptamines sont tr\u00e8s puissantes et qu'elles peuvent provoquer des interactions m\u00eame avec une quantit\u00e9 relativement minime.<\/p>\n<p>La vente du 4-AcO-DPT a \u00e9t\u00e9 enregistr\u00e9e pour la premi\u00e8re fois en 2012, bien qu'il n'ait pas fait l'objet d'une grande attention et qu'il ait fait l'objet de rapports contradictoires de la part de ceux qui l'ont test\u00e9.<\/p>\n<p>&nbsp;<\/p>\n<h2><strong>INFORMATIONS G\u00c9N\u00c9RALES SUR LA CHIMIE 4-ACO-DPT<\/strong><\/h2>\n<p>Le 4-AcO-DPT est un ester du 4-HO-DPT. Parmi les autres esters de la 4-HO-DPT figure la psilocybine, un psych\u00e9d\u00e9lique que l'on trouve dans les \"champignons magiques\". La psilocybine est l'ester phosphate de la 4-HO-DPT.<\/p>\n<p>Le 4-AcO-DPT se pr\u00e9sente g\u00e9n\u00e9ralement sous la forme d'un solide cristallin dont le poids de formule est de 362,5. Il n'est pas facilement dissous dans la plupart des solutions.<\/p>\n<p>&nbsp;<\/p>\n<h2><strong>O\u00d9 ACHETER 4-ACO-DPT<\/strong><\/h2>\n<p>Le 4-AcO-DPT peut \u00eatre achet\u00e9 ici sur le site de la\u00a0<a href=\"https:\/\/chemsxpress.com\/fr\/\">Site web de ChemxPress<\/a>. Nous vendons du 4-AcO-DPT de premi\u00e8re qualit\u00e9, g\u00e9n\u00e9ralement sous forme de poudre. Cependant, nous avons souvent d'autres formes de substances disponibles, alors n'h\u00e9sitez pas \u00e0 nous contacter pour savoir si nous avons votre forme de substance pr\u00e9f\u00e9r\u00e9e en stock. Vous devez \u00eatre \u00e2g\u00e9 d'au moins 18 ans pour acheter du 4-AcO-DPT chez nous.<\/p>","protected":false},"excerpt":{"rendered":"<p><strong>IUPAC-Name: <\/strong>[3-[2-(dipropylamino)ethyl]-1H-indol-4-yl] acetate<\/p>\n<p><strong>CAS # <\/strong>1445751-75-6<\/p>\n<p><strong>Other name: <\/strong>4-Acetoxy-N,N-dipropyltryptamine<\/p>\n<p><strong>Form: <\/strong>fumarate<\/p>\n<p><strong>NMR Analysis: <\/strong>C18H26N2O2<\/p>\n","protected":false},"featured_media":29385,"comment_status":"open","ping_status":"closed","template":"","meta":[],"product_brand":[],"product_cat":[92],"product_tag":[],"class_list":{"0":"post-29320","1":"product","2":"type-product","3":"status-publish","4":"has-post-thumbnail","6":"product_cat-tryptamines","8":"first","9":"instock","10":"shipping-taxable","11":"purchasable","12":"product-type-variable"},"yoast_head":"<!-- This site is optimized with the Yoast SEO Premium plugin v24.1 (Yoast SEO v27.4) - https:\/\/yoast.com\/product\/yoast-seo-premium-wordpress\/ -->\n<title>Buy 4-AcO-DPT: Premium Research Chemicals | ChemsXpress<\/title>\n<meta name=\"description\" content=\"Buy 4-AcO-DPT from ChemsXpress. Explore our premium selection of RC&#039;s with fast and discreet shipping. Trust in our quality.\" \/>\n<meta name=\"robots\" content=\"index, follow, max-snippet:-1, max-image-preview:large, max-video-preview:-1\" \/>\n<link rel=\"canonical\" href=\"https:\/\/chemsxpress.com\/fr\/produit\/acheter-4-aco-dp\/\" \/>\n<meta property=\"og:locale\" content=\"fr_FR\" \/>\n<meta property=\"og:type\" content=\"article\" \/>\n<meta property=\"og:title\" content=\"4-ACO-DPT\" \/>\n<meta property=\"og:description\" content=\"Buy 4-AcO-DPT from ChemsXpress. Explore our premium selection of RC&#039;s with fast and discreet shipping. Trust in our quality.\" \/>\n<meta property=\"og:url\" content=\"https:\/\/chemsxpress.com\/fr\/produit\/acheter-4-aco-dp\/\" \/>\n<meta property=\"og:site_name\" content=\"SHOP MDPHP\" \/>\n<meta property=\"article:modified_time\" content=\"2024-07-04T21:52:13+00:00\" \/>\n<meta property=\"og:image\" content=\"https:\/\/chemsxpress.com\/wp-content\/uploads\/2024\/04\/4-ACO-DPT-1.jpg\" \/>\n\t<meta property=\"og:image:width\" content=\"600\" \/>\n\t<meta property=\"og:image:height\" content=\"600\" \/>\n\t<meta property=\"og:image:type\" content=\"image\/jpeg\" \/>\n<meta name=\"twitter:card\" content=\"summary_large_image\" \/>\n<meta name=\"twitter:label1\" content=\"Dur\u00e9e de lecture estim\u00e9e\" \/>\n\t<meta name=\"twitter:data1\" content=\"3 minutes\" \/>\n<script type=\"application\/ld+json\" class=\"yoast-schema-graph\">{\"@context\":\"https:\\\/\\\/schema.org\",\"@graph\":[{\"@type\":\"WebPage\",\"@id\":\"https:\\\/\\\/chemsxpress.com\\\/product\\\/buy-4-aco-dp\\\/\",\"url\":\"https:\\\/\\\/chemsxpress.com\\\/product\\\/buy-4-aco-dp\\\/\",\"name\":\"Buy 4-AcO-DPT: Premium Research Chemicals | ChemsXpress\",\"isPartOf\":{\"@id\":\"https:\\\/\\\/chemsxpress.com\\\/#website\"},\"primaryImageOfPage\":{\"@id\":\"https:\\\/\\\/chemsxpress.com\\\/product\\\/buy-4-aco-dp\\\/#primaryimage\"},\"image\":{\"@id\":\"https:\\\/\\\/chemsxpress.com\\\/product\\\/buy-4-aco-dp\\\/#primaryimage\"},\"thumbnailUrl\":\"https:\\\/\\\/chemsxpress.com\\\/wp-content\\\/uploads\\\/2024\\\/04\\\/4-ACO-DPT-1.jpg\",\"datePublished\":\"2024-04-29T13:21:22+00:00\",\"dateModified\":\"2024-07-04T21:52:13+00:00\",\"description\":\"Buy 4-AcO-DPT from ChemsXpress. Explore our premium selection of RC's with fast and discreet shipping. Trust in our quality.\",\"breadcrumb\":{\"@id\":\"https:\\\/\\\/chemsxpress.com\\\/product\\\/buy-4-aco-dp\\\/#breadcrumb\"},\"inLanguage\":\"fr-FR\",\"potentialAction\":[{\"@type\":\"ReadAction\",\"target\":[\"https:\\\/\\\/chemsxpress.com\\\/product\\\/buy-4-aco-dp\\\/\"]}]},{\"@type\":\"ImageObject\",\"inLanguage\":\"fr-FR\",\"@id\":\"https:\\\/\\\/chemsxpress.com\\\/product\\\/buy-4-aco-dp\\\/#primaryimage\",\"url\":\"https:\\\/\\\/chemsxpress.com\\\/wp-content\\\/uploads\\\/2024\\\/04\\\/4-ACO-DPT-1.jpg\",\"contentUrl\":\"https:\\\/\\\/chemsxpress.com\\\/wp-content\\\/uploads\\\/2024\\\/04\\\/4-ACO-DPT-1.jpg\",\"width\":600,\"height\":600,\"caption\":\"Buy 4-AcO-DP\"},{\"@type\":\"BreadcrumbList\",\"@id\":\"https:\\\/\\\/chemsxpress.com\\\/product\\\/buy-4-aco-dp\\\/#breadcrumb\",\"itemListElement\":[{\"@type\":\"ListItem\",\"position\":1,\"name\":\"Home\",\"item\":\"https:\\\/\\\/chemsxpress.com\\\/\"},{\"@type\":\"ListItem\",\"position\":2,\"name\":\"Shop\",\"item\":\"https:\\\/\\\/chemsxpress.com\\\/shop\\\/\"},{\"@type\":\"ListItem\",\"position\":3,\"name\":\"4-ACO-DPT\"}]},{\"@type\":\"WebSite\",\"@id\":\"https:\\\/\\\/chemsxpress.com\\\/#website\",\"url\":\"https:\\\/\\\/chemsxpress.com\\\/\",\"name\":\"SHOP MDPHP\",\"description\":\"Buy MDPHP freebase from reliable supplier\",\"potentialAction\":[{\"@type\":\"SearchAction\",\"target\":{\"@type\":\"EntryPoint\",\"urlTemplate\":\"https:\\\/\\\/chemsxpress.com\\\/?s={search_term_string}\"},\"query-input\":{\"@type\":\"PropertyValueSpecification\",\"valueRequired\":true,\"valueName\":\"search_term_string\"}}],\"inLanguage\":\"fr-FR\"}]}<\/script>\n<!-- \/ Yoast SEO Premium plugin. -->","yoast_head_json":{"title":"Acheter du 4-AcO-DPT : Premium Research Chemicals | ChemsXpress","description":"Achetez 4-AcO-DPT sur ChemsXpress. Explorez notre s\u00e9lection de RC de premi\u00e8re qualit\u00e9 avec une livraison rapide et discr\u00e8te. Faites confiance \u00e0 notre qualit\u00e9.","robots":{"index":"index","follow":"follow","max-snippet":"max-snippet:-1","max-image-preview":"max-image-preview:large","max-video-preview":"max-video-preview:-1"},"canonical":"https:\/\/chemsxpress.com\/fr\/produit\/acheter-4-aco-dp\/","og_locale":"fr_FR","og_type":"article","og_title":"4-ACO-DPT","og_description":"Buy 4-AcO-DPT from ChemsXpress. Explore our premium selection of RC's with fast and discreet shipping. Trust in our quality.","og_url":"https:\/\/chemsxpress.com\/fr\/produit\/acheter-4-aco-dp\/","og_site_name":"SHOP MDPHP","article_modified_time":"2024-07-04T21:52:13+00:00","og_image":[{"width":600,"height":600,"url":"https:\/\/chemsxpress.com\/wp-content\/uploads\/2024\/04\/4-ACO-DPT-1.jpg","type":"image\/jpeg"}],"twitter_card":"summary_large_image","twitter_misc":{"Dur\u00e9e de lecture estim\u00e9e":"3 minutes"},"schema":{"@context":"https:\/\/schema.org","@graph":[{"@type":"WebPage","@id":"https:\/\/chemsxpress.com\/product\/buy-4-aco-dp\/","url":"https:\/\/chemsxpress.com\/product\/buy-4-aco-dp\/","name":"Acheter du 4-AcO-DPT : Premium Research Chemicals | ChemsXpress","isPartOf":{"@id":"https:\/\/chemsxpress.com\/#website"},"primaryImageOfPage":{"@id":"https:\/\/chemsxpress.com\/product\/buy-4-aco-dp\/#primaryimage"},"image":{"@id":"https:\/\/chemsxpress.com\/product\/buy-4-aco-dp\/#primaryimage"},"thumbnailUrl":"https:\/\/chemsxpress.com\/wp-content\/uploads\/2024\/04\/4-ACO-DPT-1.jpg","datePublished":"2024-04-29T13:21:22+00:00","dateModified":"2024-07-04T21:52:13+00:00","description":"Achetez 4-AcO-DPT sur ChemsXpress. Explorez notre s\u00e9lection de RC de premi\u00e8re qualit\u00e9 avec une livraison rapide et discr\u00e8te. Faites confiance \u00e0 notre qualit\u00e9.","breadcrumb":{"@id":"https:\/\/chemsxpress.com\/product\/buy-4-aco-dp\/#breadcrumb"},"inLanguage":"fr-FR","potentialAction":[{"@type":"ReadAction","target":["https:\/\/chemsxpress.com\/product\/buy-4-aco-dp\/"]}]},{"@type":"ImageObject","inLanguage":"fr-FR","@id":"https:\/\/chemsxpress.com\/product\/buy-4-aco-dp\/#primaryimage","url":"https:\/\/chemsxpress.com\/wp-content\/uploads\/2024\/04\/4-ACO-DPT-1.jpg","contentUrl":"https:\/\/chemsxpress.com\/wp-content\/uploads\/2024\/04\/4-ACO-DPT-1.jpg","width":600,"height":600,"caption":"Buy 4-AcO-DP"},{"@type":"BreadcrumbList","@id":"https:\/\/chemsxpress.com\/product\/buy-4-aco-dp\/#breadcrumb","itemListElement":[{"@type":"ListItem","position":1,"name":"Home","item":"https:\/\/chemsxpress.com\/"},{"@type":"ListItem","position":2,"name":"Shop","item":"https:\/\/chemsxpress.com\/shop\/"},{"@type":"ListItem","position":3,"name":"4-ACO-DPT"}]},{"@type":"WebSite","@id":"https:\/\/chemsxpress.com\/#website","url":"https:\/\/chemsxpress.com\/","name":"SHOP MDPHP","description":"Acheter MDPHP freebase aupr\u00e8s d'un fournisseur fiable","potentialAction":[{"@type":"SearchAction","target":{"@type":"EntryPoint","urlTemplate":"https:\/\/chemsxpress.com\/?s={search_term_string}"},"query-input":{"@type":"PropertyValueSpecification","valueRequired":true,"valueName":"search_term_string"}}],"inLanguage":"fr-FR"}]}},"jetpack_sharing_enabled":true,"_links":{"self":[{"href":"https:\/\/chemsxpress.com\/fr\/wp-json\/wp\/v2\/product\/29320","targetHints":{"allow":["GET"]}}],"collection":[{"href":"https:\/\/chemsxpress.com\/fr\/wp-json\/wp\/v2\/product"}],"about":[{"href":"https:\/\/chemsxpress.com\/fr\/wp-json\/wp\/v2\/types\/product"}],"replies":[{"embeddable":true,"href":"https:\/\/chemsxpress.com\/fr\/wp-json\/wp\/v2\/comments?post=29320"}],"version-history":[{"count":4,"href":"https:\/\/chemsxpress.com\/fr\/wp-json\/wp\/v2\/product\/29320\/revisions"}],"predecessor-version":[{"id":29988,"href":"https:\/\/chemsxpress.com\/fr\/wp-json\/wp\/v2\/product\/29320\/revisions\/29988"}],"wp:featuredmedia":[{"embeddable":true,"href":"https:\/\/chemsxpress.com\/fr\/wp-json\/wp\/v2\/media\/29385"}],"wp:attachment":[{"href":"https:\/\/chemsxpress.com\/fr\/wp-json\/wp\/v2\/media?parent=29320"}],"wp:term":[{"taxonomy":"product_brand","embeddable":true,"href":"https:\/\/chemsxpress.com\/fr\/wp-json\/wp\/v2\/product_brand?post=29320"},{"taxonomy":"product_cat","embeddable":true,"href":"https:\/\/chemsxpress.com\/fr\/wp-json\/wp\/v2\/product_cat?post=29320"},{"taxonomy":"product_tag","embeddable":true,"href":"https:\/\/chemsxpress.com\/fr\/wp-json\/wp\/v2\/product_tag?post=29320"}],"curies":[{"name":"wp","href":"https:\/\/api.w.org\/{rel}","templated":true}]}}