{"id":29321,"date":"2024-04-29T13:21:22","date_gmt":"2024-04-29T13:21:22","guid":{"rendered":"https:\/\/chemsxpress.com\/?post_type=product&#038;p=29321"},"modified":"2025-05-26T11:48:31","modified_gmt":"2025-05-26T11:48:31","slug":"buy-4-ho-mpt-online","status":"publish","type":"product","link":"https:\/\/chemsxpress.com\/fr\/produit\/buy-4-ho-mpt-online\/","title":{"rendered":"4-HO-MPT"},"content":{"rendered":"<h1><strong>Acheter 4-HO-MPT en ligne<\/strong><\/h1>\n<p>Acheter 4-HO-MPT en ligne est une mol\u00e9cule indole synth\u00e9tique de la classe des tryptamines, c'est aussi un homologue d'une tryptamine naturelle, la psilocine.<\/p>\n<p>Lorsqu'ils effectuent des recherches avec ce produit chimique, les chimistes doivent toujours couvrir les zones et la peau expos\u00e9es en portant des lunettes, des masques et des combinaisons.<\/p>\n<p>Acheter 4-HO-MET en ligne AKA schleeb, colour, methylcybin, metocin, et officiellement connu sous le nom de 4-Hydroxy-N-methyl-N-ethyltryptamine, est un psych\u00e9d\u00e9lique moins connu de la classe des tryptamines. Le scientifique am\u00e9ricain a document\u00e9 sa d\u00e9couverte en 1997 dans son livre TiHKAL \"Tryptamines I Have Known and Loved\". L'apparition sur le site Internet <a href=\"https:\/\/chemsxpress.com\/fr\/categorie-produit\/produits-chimiques-de-recherche\/\">produits chimiques de recherche<\/a> Le march\u00e9 de la psilocybine a commenc\u00e9 plus tard, apr\u00e8s l'an 2000, et est apparu en m\u00eame temps que d'autres substances de structure similaire \u00e0 la psilocybine, telles que la 4-HO-MiPT et la 4-AcO-DMT.<\/p>\n<p>On pense que les r\u00e9sultats psych\u00e9d\u00e9liques de l'achat de 4-HO-MET en ligne proviennent de son activit\u00e9 sur le r\u00e9cepteur 5-HT2A en tant qu'agoniste partiel. Cependant, ce r\u00f4le et la mani\u00e8re dont il aboutit \u00e0 ces r\u00e9sultats font l'objet d'une recherche scientifique permanente. L'occasion pour les chercheurs d'approfondir cette question !<\/p>\n<h3><strong>COMMENT UTILISER LES FLACONS PULV\u00c9RISATEURS 4-HO-MET ?<\/strong><\/h3>\n<p>Veillez \u00e0 conserver les flacons pulv\u00e9risateurs de 4-HO-MET dans un endroit sec et frais pour une dur\u00e9e de conservation maximale. Lors de la manipulation de produits chimiques destin\u00e9s \u00e0 la recherche, veillez \u00e0 toujours prendre les pr\u00e9cautions qui s'imposent dans le laboratoire, comme l'essuyage des surfaces, le port de gants, d'un masque et de v\u00eatements de protection. Nous conseillons vivement d'utiliser des pratiques de r\u00e9duction des risques lors de l'utilisation de produits chimiques de recherche.<\/p>\n<h3><strong>D\u00c9FINITION 4-HO-MET\u00a0<\/strong><\/h3>\n<p>La d\u00e9finition du 4-HO-MET est officiellement connue sous le nom de 4-Hydroxy-N-m\u00e9thyl-N-\u00e9thyltryptamine.  Schleeb, colour, methylcybin, metocin sont des noms communs utilis\u00e9s pour ce psych\u00e9d\u00e9lique moins connu de la classe des tryptamines. La structure du 4-HO-MET est apparent\u00e9e \u00e0 celle de la psilocine, \u00e9galement connue sous le nom de champignon magique.<\/p>\n<h3><strong>INFORMATIONS DE BASE SUR LA CHIMIE 4-HO-MET<\/strong><\/h3>\n<p>La 4-HO-MET, ou 4-hydroxy-N-\u00e9thyl-N-m\u00e9thyltryptamine, est une mol\u00e9cule synth\u00e9tique de la classe des tryptamines. Les tryptamines partagent une structure centrale constitu\u00e9e d'un h\u00e9t\u00e9rocycle indole bicyclique li\u00e9 \u00e0 R3 \u00e0 un groupe amino par une cha\u00eene lat\u00e9rale \u00e9thyle. La 4-hydroxy-N-\u00e9thyl-N-m\u00e9thyltryptamine contient \u00e9galement un groupe m\u00e9thyle et une cha\u00eene \u00e9thyle li\u00e9s \u00e0 l'amine RN terminale de son squelette tryptamine (MET).<\/p>\n<p>La 4-HO-MET est apparent\u00e9e \u00e0 la 4-AcO-MET et \u00e0 la psilocine (4-HO-DMT). Il s'agit \u00e9galement de l'analogue 4-hydroxyle de la tryptamine de base MET. Les effets psych\u00e9d\u00e9liques proviendraient de son activit\u00e9 sur le r\u00e9cepteur 5-HT2A en tant qu'agoniste partiel. Cependant, le r\u00f4le de ces effets et la mani\u00e8re dont ils se produisent font toujours l'objet de recherches scientifiques.<\/p>\n<h3><strong>O\u00d9 ACHETER 4-HO-MET<\/strong><\/h3>\n<p>Le 4-HO-MET peut \u00eatre achet\u00e9 ici sur le site de la <a href=\"https:\/\/chemsxpress.com\/fr\/\">ChemsXpress<\/a>\u00a0site web. Nous vendons du 4-HO-MET de premi\u00e8re qualit\u00e9, g\u00e9n\u00e9ralement sous forme de granul\u00e9s et de spray. Cependant, nous avons souvent d'autres formes de substances disponibles, alors n'h\u00e9sitez pas \u00e0 nous contacter pour savoir si nous avons la forme de substance que vous pr\u00e9f\u00e9rez en stock. Vous devez \u00eatre \u00e2g\u00e9 d'au moins 18 ans pour acheter du 4-HO-MET chez nous.<\/p>","protected":false},"excerpt":{"rendered":"<p>Acheter 4-HO-MPT en ligne Acheter 4-HO-MPT en ligne est une mol\u00e9cule indole synth\u00e9tique de la classe des tryptamines, c'est aussi un homologue de l'acide ac\u00e9tylsalicylique.<\/p>","protected":false},"featured_media":29387,"comment_status":"open","ping_status":"closed","template":"","meta":[],"product_brand":[],"product_cat":[92],"product_tag":[],"class_list":{"0":"post-29321","1":"product","2":"type-product","3":"status-publish","4":"has-post-thumbnail","6":"product_cat-tryptamines","8":"first","9":"instock","10":"shipping-taxable","11":"purchasable","12":"product-type-variable"},"yoast_head":"<!-- This site is optimized with the Yoast SEO Premium plugin v24.1 (Yoast SEO v27.6) - https:\/\/yoast.com\/product\/yoast-seo-premium-wordpress\/ -->\n<title>Buy 4-HO-MPT Online: Premium Quality Research Chemicals<\/title>\n<meta name=\"description\" content=\"Buy 4-HO-MPT Online. Browse our premium collection of research chemicals available for purchase online. Fast shipping and exceptional service guaranteed.\" \/>\n<meta name=\"robots\" content=\"index, follow, max-snippet:-1, max-image-preview:large, max-video-preview:-1\" \/>\n<link rel=\"canonical\" href=\"https:\/\/chemsxpress.com\/fr\/produit\/buy-4-ho-mpt-online\/\" \/>\n<meta property=\"og:locale\" content=\"fr_FR\" \/>\n<meta property=\"og:type\" content=\"article\" \/>\n<meta property=\"og:title\" content=\"4-HO-MPT\" \/>\n<meta property=\"og:description\" content=\"Buy 4-HO-MPT Online. Browse our premium collection of research chemicals available for purchase online. Fast shipping and exceptional service guaranteed.\" \/>\n<meta property=\"og:url\" content=\"https:\/\/chemsxpress.com\/fr\/produit\/buy-4-ho-mpt-online\/\" \/>\n<meta property=\"og:site_name\" content=\"SHOP MDPHP\" \/>\n<meta property=\"article:modified_time\" content=\"2025-05-26T11:48:31+00:00\" \/>\n<meta property=\"og:image\" content=\"https:\/\/chemsxpress.com\/wp-content\/uploads\/2024\/04\/4-HO-MET-1.jpg\" \/>\n\t<meta property=\"og:image:width\" content=\"600\" \/>\n\t<meta property=\"og:image:height\" content=\"600\" \/>\n\t<meta property=\"og:image:type\" content=\"image\/jpeg\" \/>\n<meta name=\"twitter:card\" content=\"summary_large_image\" \/>\n<meta name=\"twitter:label1\" content=\"Dur\u00e9e de lecture estim\u00e9e\" \/>\n\t<meta name=\"twitter:data1\" content=\"3 minutes\" \/>\n<script type=\"application\/ld+json\" class=\"yoast-schema-graph\">{\"@context\":\"https:\\\/\\\/schema.org\",\"@graph\":[{\"@type\":\"WebPage\",\"@id\":\"https:\\\/\\\/chemsxpress.com\\\/product\\\/buy-4-ho-mpt-online\\\/\",\"url\":\"https:\\\/\\\/chemsxpress.com\\\/product\\\/buy-4-ho-mpt-online\\\/\",\"name\":\"Buy 4-HO-MPT Online: Premium Quality Research Chemicals\",\"isPartOf\":{\"@id\":\"https:\\\/\\\/chemsxpress.com\\\/#website\"},\"primaryImageOfPage\":{\"@id\":\"https:\\\/\\\/chemsxpress.com\\\/product\\\/buy-4-ho-mpt-online\\\/#primaryimage\"},\"image\":{\"@id\":\"https:\\\/\\\/chemsxpress.com\\\/product\\\/buy-4-ho-mpt-online\\\/#primaryimage\"},\"thumbnailUrl\":\"https:\\\/\\\/chemsxpress.com\\\/wp-content\\\/uploads\\\/2024\\\/04\\\/4-HO-MET-1.jpg\",\"datePublished\":\"2024-04-29T13:21:22+00:00\",\"dateModified\":\"2025-05-26T11:48:31+00:00\",\"description\":\"Buy 4-HO-MPT Online. Browse our premium collection of research chemicals available for purchase online. Fast shipping and exceptional service guaranteed.\",\"breadcrumb\":{\"@id\":\"https:\\\/\\\/chemsxpress.com\\\/product\\\/buy-4-ho-mpt-online\\\/#breadcrumb\"},\"inLanguage\":\"fr-FR\",\"potentialAction\":[{\"@type\":\"ReadAction\",\"target\":[\"https:\\\/\\\/chemsxpress.com\\\/product\\\/buy-4-ho-mpt-online\\\/\"]}]},{\"@type\":\"ImageObject\",\"inLanguage\":\"fr-FR\",\"@id\":\"https:\\\/\\\/chemsxpress.com\\\/product\\\/buy-4-ho-mpt-online\\\/#primaryimage\",\"url\":\"https:\\\/\\\/chemsxpress.com\\\/wp-content\\\/uploads\\\/2024\\\/04\\\/4-HO-MET-1.jpg\",\"contentUrl\":\"https:\\\/\\\/chemsxpress.com\\\/wp-content\\\/uploads\\\/2024\\\/04\\\/4-HO-MET-1.jpg\",\"width\":600,\"height\":600,\"caption\":\"Buy 4-HO-MPT online\"},{\"@type\":\"BreadcrumbList\",\"@id\":\"https:\\\/\\\/chemsxpress.com\\\/product\\\/buy-4-ho-mpt-online\\\/#breadcrumb\",\"itemListElement\":[{\"@type\":\"ListItem\",\"position\":1,\"name\":\"Home\",\"item\":\"https:\\\/\\\/chemsxpress.com\\\/\"},{\"@type\":\"ListItem\",\"position\":2,\"name\":\"Shop\",\"item\":\"https:\\\/\\\/chemsxpress.com\\\/shop\\\/\"},{\"@type\":\"ListItem\",\"position\":3,\"name\":\"4-HO-MPT\"}]},{\"@type\":\"WebSite\",\"@id\":\"https:\\\/\\\/chemsxpress.com\\\/#website\",\"url\":\"https:\\\/\\\/chemsxpress.com\\\/\",\"name\":\"SHOP MDPHP\",\"description\":\"Buy MDPHP freebase from reliable supplier\",\"potentialAction\":[{\"@type\":\"SearchAction\",\"target\":{\"@type\":\"EntryPoint\",\"urlTemplate\":\"https:\\\/\\\/chemsxpress.com\\\/?s={search_term_string}\"},\"query-input\":{\"@type\":\"PropertyValueSpecification\",\"valueRequired\":true,\"valueName\":\"search_term_string\"}}],\"inLanguage\":\"fr-FR\"}]}<\/script>\n<!-- \/ Yoast SEO Premium plugin. -->","yoast_head_json":{"title":"Acheter 4-HO-MPT en ligne : Produits chimiques de recherche de premi\u00e8re qualit\u00e9","description":"Schalten Sie nouveau Forschungsm\u00f6glichkeiten frei und kaufen Sie 4-HO-MiPT. Achetez en ligne notre Premium-Auswahl an Forschungschemikalien. Schneller Versand et au\u00dfergew\u00f6hnlicher Service garantirt.","robots":{"index":"index","follow":"follow","max-snippet":"max-snippet:-1","max-image-preview":"max-image-preview:large","max-video-preview":"max-video-preview:-1"},"canonical":"https:\/\/chemsxpress.com\/fr\/produit\/buy-4-ho-mpt-online\/","og_locale":"fr_FR","og_type":"article","og_title":"4-HO-MPT","og_description":"Buy 4-HO-MPT Online. Browse our premium collection of research chemicals available for purchase online. Fast shipping and exceptional service guaranteed.","og_url":"https:\/\/chemsxpress.com\/fr\/produit\/buy-4-ho-mpt-online\/","og_site_name":"SHOP MDPHP","article_modified_time":"2025-05-26T11:48:31+00:00","og_image":[{"width":600,"height":600,"url":"https:\/\/chemsxpress.com\/wp-content\/uploads\/2024\/04\/4-HO-MET-1.jpg","type":"image\/jpeg"}],"twitter_card":"summary_large_image","twitter_misc":{"Dur\u00e9e de lecture estim\u00e9e":"3 minutes"},"schema":{"@context":"https:\/\/schema.org","@graph":[{"@type":"WebPage","@id":"https:\/\/chemsxpress.com\/product\/buy-4-ho-mpt-online\/","url":"https:\/\/chemsxpress.com\/product\/buy-4-ho-mpt-online\/","name":"Acheter 4-HO-MPT en ligne : Produits chimiques de recherche de premi\u00e8re qualit\u00e9","isPartOf":{"@id":"https:\/\/chemsxpress.com\/#website"},"primaryImageOfPage":{"@id":"https:\/\/chemsxpress.com\/product\/buy-4-ho-mpt-online\/#primaryimage"},"image":{"@id":"https:\/\/chemsxpress.com\/product\/buy-4-ho-mpt-online\/#primaryimage"},"thumbnailUrl":"https:\/\/chemsxpress.com\/wp-content\/uploads\/2024\/04\/4-HO-MET-1.jpg","datePublished":"2024-04-29T13:21:22+00:00","dateModified":"2025-05-26T11:48:31+00:00","description":"Schalten Sie nouveau Forschungsm\u00f6glichkeiten frei und kaufen Sie 4-HO-MiPT. Achetez en ligne notre Premium-Auswahl an Forschungschemikalien. Schneller Versand et au\u00dfergew\u00f6hnlicher Service garantirt.","breadcrumb":{"@id":"https:\/\/chemsxpress.com\/product\/buy-4-ho-mpt-online\/#breadcrumb"},"inLanguage":"fr-FR","potentialAction":[{"@type":"ReadAction","target":["https:\/\/chemsxpress.com\/product\/buy-4-ho-mpt-online\/"]}]},{"@type":"ImageObject","inLanguage":"fr-FR","@id":"https:\/\/chemsxpress.com\/product\/buy-4-ho-mpt-online\/#primaryimage","url":"https:\/\/chemsxpress.com\/wp-content\/uploads\/2024\/04\/4-HO-MET-1.jpg","contentUrl":"https:\/\/chemsxpress.com\/wp-content\/uploads\/2024\/04\/4-HO-MET-1.jpg","width":600,"height":600,"caption":"Buy 4-HO-MPT online"},{"@type":"BreadcrumbList","@id":"https:\/\/chemsxpress.com\/product\/buy-4-ho-mpt-online\/#breadcrumb","itemListElement":[{"@type":"ListItem","position":1,"name":"Home","item":"https:\/\/chemsxpress.com\/"},{"@type":"ListItem","position":2,"name":"Shop","item":"https:\/\/chemsxpress.com\/shop\/"},{"@type":"ListItem","position":3,"name":"4-HO-MPT"}]},{"@type":"WebSite","@id":"https:\/\/chemsxpress.com\/#website","url":"https:\/\/chemsxpress.com\/","name":"SHOP MDPHP","description":"Acheter MDPHP freebase aupr\u00e8s d'un fournisseur fiable","potentialAction":[{"@type":"SearchAction","target":{"@type":"EntryPoint","urlTemplate":"https:\/\/chemsxpress.com\/?s={search_term_string}"},"query-input":{"@type":"PropertyValueSpecification","valueRequired":true,"valueName":"search_term_string"}}],"inLanguage":"fr-FR"}]}},"jetpack_sharing_enabled":true,"_links":{"self":[{"href":"https:\/\/chemsxpress.com\/fr\/wp-json\/wp\/v2\/product\/29321","targetHints":{"allow":["GET"]}}],"collection":[{"href":"https:\/\/chemsxpress.com\/fr\/wp-json\/wp\/v2\/product"}],"about":[{"href":"https:\/\/chemsxpress.com\/fr\/wp-json\/wp\/v2\/types\/product"}],"replies":[{"embeddable":true,"href":"https:\/\/chemsxpress.com\/fr\/wp-json\/wp\/v2\/comments?post=29321"}],"version-history":[{"count":4,"href":"https:\/\/chemsxpress.com\/fr\/wp-json\/wp\/v2\/product\/29321\/revisions"}],"predecessor-version":[{"id":29987,"href":"https:\/\/chemsxpress.com\/fr\/wp-json\/wp\/v2\/product\/29321\/revisions\/29987"}],"wp:featuredmedia":[{"embeddable":true,"href":"https:\/\/chemsxpress.com\/fr\/wp-json\/wp\/v2\/media\/29387"}],"wp:attachment":[{"href":"https:\/\/chemsxpress.com\/fr\/wp-json\/wp\/v2\/media?parent=29321"}],"wp:term":[{"taxonomy":"product_brand","embeddable":true,"href":"https:\/\/chemsxpress.com\/fr\/wp-json\/wp\/v2\/product_brand?post=29321"},{"taxonomy":"product_cat","embeddable":true,"href":"https:\/\/chemsxpress.com\/fr\/wp-json\/wp\/v2\/product_cat?post=29321"},{"taxonomy":"product_tag","embeddable":true,"href":"https:\/\/chemsxpress.com\/fr\/wp-json\/wp\/v2\/product_tag?post=29321"}],"curies":[{"name":"wp","href":"https:\/\/api.w.org\/{rel}","templated":true}]}}