{"id":29355,"date":"2024-04-29T13:21:43","date_gmt":"2024-04-29T13:21:43","guid":{"rendered":"https:\/\/chemsxpress.com\/?post_type=product&#038;p=29355"},"modified":"2026-02-03T09:53:32","modified_gmt":"2026-02-03T09:53:32","slug":"4-aco-met","status":"publish","type":"product","link":"https:\/\/chemsxpress.com\/fr\/produit\/4-aco-met\/","title":{"rendered":"4-ACO-MET"},"content":{"rendered":"<h2><strong>ACHETER 4-ACO-MET<\/strong><\/h2>\n<p>Acheter 4-ACO-MET en ligne, 4-Acetoxy-N-ethyl-N-methyltryptamine, \u00e9galement connu sous le nom de 4-Aco-MET, Metacetin, ou Azomet, est une substance psych\u00e9d\u00e9lique moins connue qui appartient \u00e0 la classe chimique des tryptamines. Les membres de cette classe chimique ont des r\u00e9sultats de recherche similaires \u00e0 ceux de la psilocybine et sont structurellement li\u00e9s \u00e0 de nombreuses autres tryptamines psych\u00e9d\u00e9liques telles que la 4-AcO-DMT, la 4-AcO-DET et la 4-AcO-MiPT. La structure de la 4-AcO-MET est similaire \u00e0 celle de la 4-HO-MET, \u00e9galement connue sous les noms de \"schleeb\" et de \"colour\". Le 4-HO-MET est chimiquement apparent\u00e9 \u00e0 la psilocine, l'ingr\u00e9dient actif des champignons \u00e0 psilocybine (\"champignons magiques\"). Il n'est donc pas \u00e9trange que le 4-AcO-MET donne lieu aux m\u00eames r\u00e9sultats de recherche.<\/p>\n<p>&nbsp;<\/p>\n<h2><strong>COMMENT UTILISER 4-ACO-MET POUDRE ET PELLETS ?<\/strong><\/h2>\n<p>Au <a href=\"https:\/\/chemsxpress.com\/fr\/\">Chemsxpress<\/a> Vous pouvez acheter 4-AcO-MET et l'un des meilleurs psych\u00e9d\u00e9liques tryptamine en ligne sous forme de poudre et de granul\u00e9s de la plus haute qualit\u00e9. La poudre de 4-AcO-MET est disponible en quantit\u00e9s de 0,25gr, 0,5gr, 1gr, 2gr, 5gr, ou 10gr. Nos produits <a href=\"https:\/\/chemsxpress.com\/fr\/etiquette-produit\/4-aco-met-pellets-20mg\/\">4-AcO-MET Pellets<\/a> sont disponibles en quantit\u00e9s allant de 1 \u00e0 25. Chaque pastille contient exactement 20mcg (microgrammes) de 4-AcO-MET.<\/p>\n<p>Ensure to store the 4-AcO-MET powder or 4-AcO-MET pellets in a dry and cool place for maximum shelf-life. When <a href=\"https:\/\/chemsxpress.com\/fr\/comment-stocker-et-manipuler-en-toute-securite-les-produits-chimiques-utilises-dans-la-recherche\/\">handling research chemicals<\/a> ensure to always take the proper precautions in the laboratory like wiping down surfaces and wearing gloves, a mask &amp; protective clothing. We\u00a0strongly advised using harm reduction practices when using research chemicals.<\/p>\n<p>&nbsp;<\/p>\n<h2><strong>D\u00c9FINITION 4-ACO-MET<\/strong><\/h2>\n<p>La d\u00e9finition de la 4-AcO-MET est officiellement connue sous le nom de 4-Acetoxy-N-\u00e9thyl-N-m\u00e9thyltryptamine mais est souvent d\u00e9sign\u00e9e sous les noms de Metacetin, et Azomet. Il s'agit d'une substance psych\u00e9d\u00e9lique moins connue de la classe des tryptamines, structurellement apparent\u00e9e aux tryptamines psych\u00e9d\u00e9liques telles que la 4-AcO-DMT, la 4-AcO-DET et la 4-AcO-MiPT.<\/p>\n<p>&nbsp;<\/p>\n<h2><strong>INFORMATIONS DE BASE SUR LA CHIMIE 4-ACO-MET<\/strong><\/h2>\n<p>La 4-ac\u00e9toxy-N-m\u00e9thyl-N-\u00e9thyltryptamine est une mol\u00e9cule synth\u00e9tique de la famille des tryptamines. Les tryptamines se trouvent \u00e9galement \u00e0 l'\u00e9tat naturel dans la plupart des plantes et des animaux et se forment \u00e0 partir de la d\u00e9carboxylation de l'acide amin\u00e9 tryptophane. Les tryptamines ont en commun une structure centrale d'h\u00e9t\u00e9rocycle indole bicyclique attach\u00e9 \u00e0 un groupe amino par une cha\u00eene lat\u00e9rale \u00e9thyle. On s'attend \u00e0 ce que la substance soit rapidement hydrolys\u00e9e en 4-HO-DET ph\u00e9nolique libre par les est\u00e9rases s\u00e9riques. Le 4-AcO-DET contient un groupe m\u00e9thyle et une cha\u00eene \u00e9thyle li\u00e9s \u00e0 l'amine RN terminale de son squelette tryptamine (MET). Les r\u00e9sultats de la recherche sur la 4-ac\u00e9toxy-N-m\u00e9thyl-N-\u00e9thyltryptamine proviendraient de son efficacit\u00e9 sur le r\u00e9cepteur 5-HT2A en tant qu'agoniste partiel.<\/p>\n<p>&nbsp;<\/p>\n<h2><strong>O\u00d9 ACHETER 4-ACO-MET<\/strong><\/h2>\n<p>4-AcO-MET can be purchased here on the chemsxpress\u00a0website. We sell premium quality 4-AcO-MET, typically in powder and pellets. However, we often have other substance forms available, so feel free to contact us to see if we have your preferred substance form in stock. You must be at least 18 years old to buy <a href=\"https:\/\/rocketchems.com\/\">4-AcO-MET Powd<\/a>er &amp; Pellets from us.<\/p>","protected":false},"excerpt":{"rendered":"<p><strong>Nom IUPAC : <\/strong>Ac\u00e9tate de 3-(2-\u00c9thyl(m\u00e9thyl)amino\u00e9thyl)-1H-indol-4-yl<\/p>\n<p><strong>CAS # <\/strong>246-87-2<\/p>\n<p><strong>Apparence : <\/strong>poudre<\/p>\n<p><strong>Forme : <\/strong>fumarate<\/p>\n<p><strong>Analyse RMN : <\/strong>C15H20N2O2<\/p>","protected":false},"featured_media":29389,"comment_status":"open","ping_status":"closed","template":"","meta":[],"product_brand":[],"product_cat":[92],"product_tag":[],"class_list":{"0":"post-29355","1":"product","2":"type-product","3":"status-publish","4":"has-post-thumbnail","6":"product_cat-tryptamines","8":"first","9":"instock","10":"shipping-taxable","11":"purchasable","12":"product-type-variable"},"yoast_head":"<!-- This site is optimized with the Yoast SEO Premium plugin v24.1 (Yoast SEO v27.4) - https:\/\/yoast.com\/product\/yoast-seo-premium-wordpress\/ -->\n<title>Buy 4-ACO-MET Online:Best Research Chemicals at chemsxpress<\/title>\n<meta name=\"description\" content=\"Buy 4-ACO-MET Elevate your research with 4-ACO-MET. Explore our selection of A grade research chemicals. Trusted source, discreet packaging, fast shipping\" \/>\n<meta name=\"robots\" content=\"index, follow, max-snippet:-1, max-image-preview:large, max-video-preview:-1\" \/>\n<link rel=\"canonical\" href=\"https:\/\/chemsxpress.com\/fr\/produit\/4-aco-met\/\" \/>\n<meta property=\"og:locale\" content=\"fr_FR\" \/>\n<meta property=\"og:type\" content=\"article\" \/>\n<meta property=\"og:title\" content=\"4-ACO-MET\" \/>\n<meta property=\"og:description\" content=\"Buy 4-ACO-MET Elevate your research with 4-ACO-MET. Explore our selection of A grade research chemicals. Trusted source, discreet packaging, fast shipping\" \/>\n<meta property=\"og:url\" content=\"https:\/\/chemsxpress.com\/fr\/produit\/4-aco-met\/\" \/>\n<meta property=\"og:site_name\" content=\"SHOP MDPHP\" \/>\n<meta property=\"article:modified_time\" content=\"2026-02-03T09:53:32+00:00\" \/>\n<meta property=\"og:image\" content=\"https:\/\/chemsxpress.com\/wp-content\/uploads\/2024\/04\/4-ACO-MET.jpg\" \/>\n\t<meta property=\"og:image:width\" content=\"600\" \/>\n\t<meta property=\"og:image:height\" content=\"600\" \/>\n\t<meta property=\"og:image:type\" content=\"image\/jpeg\" \/>\n<meta name=\"twitter:card\" content=\"summary_large_image\" \/>\n<meta name=\"twitter:label1\" content=\"Dur\u00e9e de lecture estim\u00e9e\" \/>\n\t<meta name=\"twitter:data1\" content=\"3 minutes\" \/>\n<script type=\"application\/ld+json\" class=\"yoast-schema-graph\">{\"@context\":\"https:\\\/\\\/schema.org\",\"@graph\":[{\"@type\":\"WebPage\",\"@id\":\"https:\\\/\\\/chemsxpress.com\\\/product\\\/4-aco-met\\\/\",\"url\":\"https:\\\/\\\/chemsxpress.com\\\/product\\\/4-aco-met\\\/\",\"name\":\"Buy 4-ACO-MET Online:Best Research Chemicals at chemsxpress\",\"isPartOf\":{\"@id\":\"https:\\\/\\\/chemsxpress.com\\\/#website\"},\"primaryImageOfPage\":{\"@id\":\"https:\\\/\\\/chemsxpress.com\\\/product\\\/4-aco-met\\\/#primaryimage\"},\"image\":{\"@id\":\"https:\\\/\\\/chemsxpress.com\\\/product\\\/4-aco-met\\\/#primaryimage\"},\"thumbnailUrl\":\"https:\\\/\\\/chemsxpress.com\\\/wp-content\\\/uploads\\\/2024\\\/04\\\/4-ACO-MET.jpg\",\"datePublished\":\"2024-04-29T13:21:43+00:00\",\"dateModified\":\"2026-02-03T09:53:32+00:00\",\"description\":\"Buy 4-ACO-MET Elevate your research with 4-ACO-MET. Explore our selection of A grade research chemicals. Trusted source, discreet packaging, fast shipping\",\"breadcrumb\":{\"@id\":\"https:\\\/\\\/chemsxpress.com\\\/product\\\/4-aco-met\\\/#breadcrumb\"},\"inLanguage\":\"fr-FR\",\"potentialAction\":[{\"@type\":\"ReadAction\",\"target\":[\"https:\\\/\\\/chemsxpress.com\\\/product\\\/4-aco-met\\\/\"]}]},{\"@type\":\"ImageObject\",\"inLanguage\":\"fr-FR\",\"@id\":\"https:\\\/\\\/chemsxpress.com\\\/product\\\/4-aco-met\\\/#primaryimage\",\"url\":\"https:\\\/\\\/chemsxpress.com\\\/wp-content\\\/uploads\\\/2024\\\/04\\\/4-ACO-MET.jpg\",\"contentUrl\":\"https:\\\/\\\/chemsxpress.com\\\/wp-content\\\/uploads\\\/2024\\\/04\\\/4-ACO-MET.jpg\",\"width\":600,\"height\":600,\"caption\":\"Buy 4-ACO-MET Online\"},{\"@type\":\"BreadcrumbList\",\"@id\":\"https:\\\/\\\/chemsxpress.com\\\/product\\\/4-aco-met\\\/#breadcrumb\",\"itemListElement\":[{\"@type\":\"ListItem\",\"position\":1,\"name\":\"Home\",\"item\":\"https:\\\/\\\/chemsxpress.com\\\/\"},{\"@type\":\"ListItem\",\"position\":2,\"name\":\"Shop\",\"item\":\"https:\\\/\\\/chemsxpress.com\\\/shop\\\/\"},{\"@type\":\"ListItem\",\"position\":3,\"name\":\"4-ACO-MET\"}]},{\"@type\":\"WebSite\",\"@id\":\"https:\\\/\\\/chemsxpress.com\\\/#website\",\"url\":\"https:\\\/\\\/chemsxpress.com\\\/\",\"name\":\"SHOP MDPHP\",\"description\":\"Buy MDPHP freebase from reliable supplier\",\"potentialAction\":[{\"@type\":\"SearchAction\",\"target\":{\"@type\":\"EntryPoint\",\"urlTemplate\":\"https:\\\/\\\/chemsxpress.com\\\/?s={search_term_string}\"},\"query-input\":{\"@type\":\"PropertyValueSpecification\",\"valueRequired\":true,\"valueName\":\"search_term_string\"}}],\"inLanguage\":\"fr-FR\"}]}<\/script>\n<!-- \/ Yoast SEO Premium plugin. -->","yoast_head_json":{"title":"Achetez du 4-ACO-MET en ligne\u00a0: les meilleurs produits chimiques de recherche sur chemsxpress","description":"Achetez 4-ACO-MET \u00c9levez vos recherches avec 4-ACO-MET. D\u00e9couvrez notre s\u00e9lection de produits chimiques de recherche de qualit\u00e9 A. Source fiable, emballage discret, exp\u00e9dition rapide","robots":{"index":"index","follow":"follow","max-snippet":"max-snippet:-1","max-image-preview":"max-image-preview:large","max-video-preview":"max-video-preview:-1"},"canonical":"https:\/\/chemsxpress.com\/fr\/produit\/4-aco-met\/","og_locale":"fr_FR","og_type":"article","og_title":"4-ACO-MET","og_description":"Buy 4-ACO-MET Elevate your research with 4-ACO-MET. Explore our selection of A grade research chemicals. Trusted source, discreet packaging, fast shipping","og_url":"https:\/\/chemsxpress.com\/fr\/produit\/4-aco-met\/","og_site_name":"SHOP MDPHP","article_modified_time":"2026-02-03T09:53:32+00:00","og_image":[{"width":600,"height":600,"url":"https:\/\/chemsxpress.com\/wp-content\/uploads\/2024\/04\/4-ACO-MET.jpg","type":"image\/jpeg"}],"twitter_card":"summary_large_image","twitter_misc":{"Dur\u00e9e de lecture estim\u00e9e":"3 minutes"},"schema":{"@context":"https:\/\/schema.org","@graph":[{"@type":"WebPage","@id":"https:\/\/chemsxpress.com\/product\/4-aco-met\/","url":"https:\/\/chemsxpress.com\/product\/4-aco-met\/","name":"Achetez du 4-ACO-MET en ligne\u00a0: les meilleurs produits chimiques de recherche sur chemsxpress","isPartOf":{"@id":"https:\/\/chemsxpress.com\/#website"},"primaryImageOfPage":{"@id":"https:\/\/chemsxpress.com\/product\/4-aco-met\/#primaryimage"},"image":{"@id":"https:\/\/chemsxpress.com\/product\/4-aco-met\/#primaryimage"},"thumbnailUrl":"https:\/\/chemsxpress.com\/wp-content\/uploads\/2024\/04\/4-ACO-MET.jpg","datePublished":"2024-04-29T13:21:43+00:00","dateModified":"2026-02-03T09:53:32+00:00","description":"Achetez 4-ACO-MET \u00c9levez vos recherches avec 4-ACO-MET. D\u00e9couvrez notre s\u00e9lection de produits chimiques de recherche de qualit\u00e9 A. Source fiable, emballage discret, exp\u00e9dition rapide","breadcrumb":{"@id":"https:\/\/chemsxpress.com\/product\/4-aco-met\/#breadcrumb"},"inLanguage":"fr-FR","potentialAction":[{"@type":"ReadAction","target":["https:\/\/chemsxpress.com\/product\/4-aco-met\/"]}]},{"@type":"ImageObject","inLanguage":"fr-FR","@id":"https:\/\/chemsxpress.com\/product\/4-aco-met\/#primaryimage","url":"https:\/\/chemsxpress.com\/wp-content\/uploads\/2024\/04\/4-ACO-MET.jpg","contentUrl":"https:\/\/chemsxpress.com\/wp-content\/uploads\/2024\/04\/4-ACO-MET.jpg","width":600,"height":600,"caption":"Buy 4-ACO-MET Online"},{"@type":"BreadcrumbList","@id":"https:\/\/chemsxpress.com\/product\/4-aco-met\/#breadcrumb","itemListElement":[{"@type":"ListItem","position":1,"name":"Home","item":"https:\/\/chemsxpress.com\/"},{"@type":"ListItem","position":2,"name":"Shop","item":"https:\/\/chemsxpress.com\/shop\/"},{"@type":"ListItem","position":3,"name":"4-ACO-MET"}]},{"@type":"WebSite","@id":"https:\/\/chemsxpress.com\/#website","url":"https:\/\/chemsxpress.com\/","name":"SHOP MDPHP","description":"Acheter MDPHP freebase aupr\u00e8s d'un fournisseur fiable","potentialAction":[{"@type":"SearchAction","target":{"@type":"EntryPoint","urlTemplate":"https:\/\/chemsxpress.com\/?s={search_term_string}"},"query-input":{"@type":"PropertyValueSpecification","valueRequired":true,"valueName":"search_term_string"}}],"inLanguage":"fr-FR"}]}},"jetpack_sharing_enabled":true,"_links":{"self":[{"href":"https:\/\/chemsxpress.com\/fr\/wp-json\/wp\/v2\/product\/29355","targetHints":{"allow":["GET"]}}],"collection":[{"href":"https:\/\/chemsxpress.com\/fr\/wp-json\/wp\/v2\/product"}],"about":[{"href":"https:\/\/chemsxpress.com\/fr\/wp-json\/wp\/v2\/types\/product"}],"replies":[{"embeddable":true,"href":"https:\/\/chemsxpress.com\/fr\/wp-json\/wp\/v2\/comments?post=29355"}],"version-history":[{"count":5,"href":"https:\/\/chemsxpress.com\/fr\/wp-json\/wp\/v2\/product\/29355\/revisions"}],"predecessor-version":[{"id":29546,"href":"https:\/\/chemsxpress.com\/fr\/wp-json\/wp\/v2\/product\/29355\/revisions\/29546"}],"wp:featuredmedia":[{"embeddable":true,"href":"https:\/\/chemsxpress.com\/fr\/wp-json\/wp\/v2\/media\/29389"}],"wp:attachment":[{"href":"https:\/\/chemsxpress.com\/fr\/wp-json\/wp\/v2\/media?parent=29355"}],"wp:term":[{"taxonomy":"product_brand","embeddable":true,"href":"https:\/\/chemsxpress.com\/fr\/wp-json\/wp\/v2\/product_brand?post=29355"},{"taxonomy":"product_cat","embeddable":true,"href":"https:\/\/chemsxpress.com\/fr\/wp-json\/wp\/v2\/product_cat?post=29355"},{"taxonomy":"product_tag","embeddable":true,"href":"https:\/\/chemsxpress.com\/fr\/wp-json\/wp\/v2\/product_tag?post=29355"}],"curies":[{"name":"wp","href":"https:\/\/api.w.org\/{rel}","templated":true}]}}