{"id":29356,"date":"2024-04-29T13:21:43","date_gmt":"2024-04-29T13:21:43","guid":{"rendered":"https:\/\/chemsxpress.com\/?post_type=product&#038;p=29356"},"modified":"2025-05-29T06:02:56","modified_gmt":"2025-05-29T06:02:56","slug":"acheter-4-ho-met","status":"publish","type":"product","link":"https:\/\/chemsxpress.com\/fr\/produit\/acheter-4-ho-met\/","title":{"rendered":"4-HO-MET"},"content":{"rendered":"<h1>Acheter 4-HO-MET<\/h1>\n<p>Acheter 4-HO-MET Vous voulez commander 4-HO-MET ? Commandez aujourd'hui le 4-HO-MET de la plus haute qualit\u00e9 <a href=\"https:\/\/chemsxpress.com\/fr\/\">chemsxpress<\/a>. Le 4-HO-MET est un produit chimique de recherche et ne convient pas \u00e0 la consommation humaine. Command\u00e9 avant 17:30 est livr\u00e9 demain ! Vous pouvez payer facilement et en toute s\u00e9curit\u00e9 avec iDEAL, comme vous en avez l'habitude. Achetez 4-HO-MET sur rchemshop, le site le plus rapide, le meilleur et le moins cher. <a href=\"https:\/\/chemsxpress.com\/fr\/categorie-produit\/produits-chimiques-de-recherche\/\">Recherche de produits chimiques<\/a> sp\u00e9cialiste en Europe ! Nous proposons \u00e9galement des cristaux de 3CMC, de la poudre de 3CMC et des g\u00e9lules de 3CMC. Vous ne savez pas quel produit vous convient le mieux ? Optez alors pour le 3CMC Doubt Pack.<\/p>\n<h2>Action du 4-HO-MET<\/h2>\n<p>Le 4-HO-MET, \u00e9galement connu sous le nom de \"colour\" et de \"metocin\", est une substance psych\u00e9d\u00e9lique peu connue appartenant \u00e0 la classe des tryptamines. Semblable \u00e0 la psilocine, la substance active des \"champignons magiques\", le 4-HO-MET se lie aux r\u00e9cepteurs de la s\u00e9rotonine dans le cerveau pour provoquer ses effets. Elle provoque des hallucinations visuelles, une distorsion du temps et une introspection. Il est consid\u00e9r\u00e9 comme une variante r\u00e9cr\u00e9ative des champignons \u00e0 psilocybine en raison de son \u00e9tat mental plus doux et de l'accent mis sur les effets visuels.<\/p>\n<p>\u00c0 noter ! On sait peu de choses sur les propri\u00e9t\u00e9s pharmacologiques, le m\u00e9tabolisme et la toxicit\u00e9 de la 4-HO-MET, mais il est recommand\u00e9 d'appliquer des pratiques de r\u00e9duction des risques lors de vos recherches. Chimiquement, il s'agit d'un alcalo\u00efde indole synth\u00e9tique qui affecte le r\u00e9cepteur 5-HT2A, entra\u00eenant des exp\u00e9riences psych\u00e9d\u00e9liques, bien que les m\u00e9canismes exacts soient encore \u00e0 l'\u00e9tude.<\/p>\n<p>Command\u00e9 aujourd'hui = livr\u00e9 demain !<br \/>\nLa meilleure qualit\u00e9 de 4-HO-MET demain ! Commandez 4-HO-MET avant 17:30 pour l'avoir le jour suivant. Vous pouvez payer facilement et en toute s\u00e9curit\u00e9 par virement bancaire ou en bitcoins. Nous mettons tout en \u0153uvre pour que nos produits vous parviennent le plus rapidement possible. Commencez votre recherche d\u00e8s aujourd'hui. Nous ne vendons que du 4-HO-MET de la plus haute qualit\u00e9, test\u00e9 en laboratoire.<\/p>\n<p>ChemsXpress est l'un des plus grands et des plus fiables fournisseurs de produits chimiques pour la recherche aux Pays-Bas. rchemshop propose des tarifs comp\u00e9titifs pour les grandes quantit\u00e9s. N'attendez plus et contactez-nous d\u00e8s aujourd'hui.<\/p>","protected":false},"excerpt":{"rendered":"<h6>Nom IUPAC :<\/h6>\n<p>3-(2-(\u00e9thyl(m\u00e9thyl)amino)\u00e9thyl)-1H-indol-4-ol<\/p>","protected":false},"featured_media":29391,"comment_status":"open","ping_status":"closed","template":"","meta":[],"product_brand":[],"product_cat":[92],"product_tag":[],"class_list":{"0":"post-29356","1":"product","2":"type-product","3":"status-publish","4":"has-post-thumbnail","6":"product_cat-tryptamines","8":"first","9":"instock","10":"shipping-taxable","11":"purchasable","12":"product-type-variable"},"yoast_head":"<!-- This site is optimized with the Yoast SEO Premium plugin v24.1 (Yoast SEO v27.4) - https:\/\/yoast.com\/product\/yoast-seo-premium-wordpress\/ -->\n<title>Buy 4-HO-MET Online: Premium Psychedelic Research Chemicals<\/title>\n<meta name=\"description\" content=\"Buy 4-HO-MET . Shop now for premium-grade 4-HO-MET, a popular psychedelic research chemical known for its unique effects. Trusted source, fast shipping.\" \/>\n<meta name=\"robots\" content=\"index, follow, max-snippet:-1, max-image-preview:large, max-video-preview:-1\" \/>\n<link rel=\"canonical\" href=\"https:\/\/chemsxpress.com\/fr\/produit\/acheter-4-ho-met\/\" \/>\n<meta property=\"og:locale\" content=\"fr_FR\" \/>\n<meta property=\"og:type\" content=\"article\" \/>\n<meta property=\"og:title\" content=\"4-HO-MET\" \/>\n<meta property=\"og:description\" content=\"Buy 4-HO-MET . Shop now for premium-grade 4-HO-MET, a popular psychedelic research chemical known for its unique effects. Trusted source, fast shipping.\" \/>\n<meta property=\"og:url\" content=\"https:\/\/chemsxpress.com\/fr\/produit\/acheter-4-ho-met\/\" \/>\n<meta property=\"og:site_name\" content=\"SHOP MDPHP\" \/>\n<meta property=\"article:modified_time\" content=\"2025-05-29T06:02:56+00:00\" \/>\n<meta property=\"og:image\" content=\"https:\/\/chemsxpress.com\/wp-content\/uploads\/2024\/04\/4-HO-MET.jpg\" \/>\n\t<meta property=\"og:image:width\" content=\"600\" \/>\n\t<meta property=\"og:image:height\" content=\"600\" \/>\n\t<meta property=\"og:image:type\" content=\"image\/jpeg\" \/>\n<meta name=\"twitter:card\" content=\"summary_large_image\" \/>\n<meta name=\"twitter:label1\" content=\"Dur\u00e9e de lecture estim\u00e9e\" \/>\n\t<meta name=\"twitter:data1\" content=\"2 minutes\" \/>\n<script type=\"application\/ld+json\" class=\"yoast-schema-graph\">{\"@context\":\"https:\\\/\\\/schema.org\",\"@graph\":[{\"@type\":\"WebPage\",\"@id\":\"https:\\\/\\\/chemsxpress.com\\\/product\\\/buy-4-ho-met\\\/\",\"url\":\"https:\\\/\\\/chemsxpress.com\\\/product\\\/buy-4-ho-met\\\/\",\"name\":\"Buy 4-HO-MET Online: Premium Psychedelic Research Chemicals\",\"isPartOf\":{\"@id\":\"https:\\\/\\\/chemsxpress.com\\\/#website\"},\"primaryImageOfPage\":{\"@id\":\"https:\\\/\\\/chemsxpress.com\\\/product\\\/buy-4-ho-met\\\/#primaryimage\"},\"image\":{\"@id\":\"https:\\\/\\\/chemsxpress.com\\\/product\\\/buy-4-ho-met\\\/#primaryimage\"},\"thumbnailUrl\":\"https:\\\/\\\/chemsxpress.com\\\/wp-content\\\/uploads\\\/2024\\\/04\\\/4-HO-MET.jpg\",\"datePublished\":\"2024-04-29T13:21:43+00:00\",\"dateModified\":\"2025-05-29T06:02:56+00:00\",\"description\":\"Buy 4-HO-MET . Shop now for premium-grade 4-HO-MET, a popular psychedelic research chemical known for its unique effects. Trusted source, fast shipping.\",\"breadcrumb\":{\"@id\":\"https:\\\/\\\/chemsxpress.com\\\/product\\\/buy-4-ho-met\\\/#breadcrumb\"},\"inLanguage\":\"fr-FR\",\"potentialAction\":[{\"@type\":\"ReadAction\",\"target\":[\"https:\\\/\\\/chemsxpress.com\\\/product\\\/buy-4-ho-met\\\/\"]}]},{\"@type\":\"ImageObject\",\"inLanguage\":\"fr-FR\",\"@id\":\"https:\\\/\\\/chemsxpress.com\\\/product\\\/buy-4-ho-met\\\/#primaryimage\",\"url\":\"https:\\\/\\\/chemsxpress.com\\\/wp-content\\\/uploads\\\/2024\\\/04\\\/4-HO-MET.jpg\",\"contentUrl\":\"https:\\\/\\\/chemsxpress.com\\\/wp-content\\\/uploads\\\/2024\\\/04\\\/4-HO-MET.jpg\",\"width\":600,\"height\":600,\"caption\":\"Buy 4-HO-MET\"},{\"@type\":\"BreadcrumbList\",\"@id\":\"https:\\\/\\\/chemsxpress.com\\\/product\\\/buy-4-ho-met\\\/#breadcrumb\",\"itemListElement\":[{\"@type\":\"ListItem\",\"position\":1,\"name\":\"Home\",\"item\":\"https:\\\/\\\/chemsxpress.com\\\/\"},{\"@type\":\"ListItem\",\"position\":2,\"name\":\"Shop\",\"item\":\"https:\\\/\\\/chemsxpress.com\\\/shop\\\/\"},{\"@type\":\"ListItem\",\"position\":3,\"name\":\"4-HO-MET\"}]},{\"@type\":\"WebSite\",\"@id\":\"https:\\\/\\\/chemsxpress.com\\\/#website\",\"url\":\"https:\\\/\\\/chemsxpress.com\\\/\",\"name\":\"SHOP MDPHP\",\"description\":\"Buy MDPHP freebase from reliable supplier\",\"potentialAction\":[{\"@type\":\"SearchAction\",\"target\":{\"@type\":\"EntryPoint\",\"urlTemplate\":\"https:\\\/\\\/chemsxpress.com\\\/?s={search_term_string}\"},\"query-input\":{\"@type\":\"PropertyValueSpecification\",\"valueRequired\":true,\"valueName\":\"search_term_string\"}}],\"inLanguage\":\"fr-FR\"}]}<\/script>\n<!-- \/ Yoast SEO Premium plugin. -->","yoast_head_json":{"title":"Achetez du 4-HO-MET en ligne\u00a0: produits chimiques de recherche psych\u00e9d\u00e9liques de qualit\u00e9 sup\u00e9rieure","description":"Achetez 4-HO-MET. Achetez d\u00e8s maintenant du 4-HO-MET de qualit\u00e9 sup\u00e9rieure, un produit chimique de recherche psych\u00e9d\u00e9lique populaire connu pour ses effets uniques. Source fiable, exp\u00e9dition rapide.","robots":{"index":"index","follow":"follow","max-snippet":"max-snippet:-1","max-image-preview":"max-image-preview:large","max-video-preview":"max-video-preview:-1"},"canonical":"https:\/\/chemsxpress.com\/fr\/produit\/acheter-4-ho-met\/","og_locale":"fr_FR","og_type":"article","og_title":"4-HO-MET","og_description":"Buy 4-HO-MET . Shop now for premium-grade 4-HO-MET, a popular psychedelic research chemical known for its unique effects. Trusted source, fast shipping.","og_url":"https:\/\/chemsxpress.com\/fr\/produit\/acheter-4-ho-met\/","og_site_name":"SHOP MDPHP","article_modified_time":"2025-05-29T06:02:56+00:00","og_image":[{"width":600,"height":600,"url":"https:\/\/chemsxpress.com\/wp-content\/uploads\/2024\/04\/4-HO-MET.jpg","type":"image\/jpeg"}],"twitter_card":"summary_large_image","twitter_misc":{"Dur\u00e9e de lecture estim\u00e9e":"2 minutes"},"schema":{"@context":"https:\/\/schema.org","@graph":[{"@type":"WebPage","@id":"https:\/\/chemsxpress.com\/product\/buy-4-ho-met\/","url":"https:\/\/chemsxpress.com\/product\/buy-4-ho-met\/","name":"Achetez du 4-HO-MET en ligne\u00a0: produits chimiques de recherche psych\u00e9d\u00e9liques de qualit\u00e9 sup\u00e9rieure","isPartOf":{"@id":"https:\/\/chemsxpress.com\/#website"},"primaryImageOfPage":{"@id":"https:\/\/chemsxpress.com\/product\/buy-4-ho-met\/#primaryimage"},"image":{"@id":"https:\/\/chemsxpress.com\/product\/buy-4-ho-met\/#primaryimage"},"thumbnailUrl":"https:\/\/chemsxpress.com\/wp-content\/uploads\/2024\/04\/4-HO-MET.jpg","datePublished":"2024-04-29T13:21:43+00:00","dateModified":"2025-05-29T06:02:56+00:00","description":"Achetez 4-HO-MET. Achetez d\u00e8s maintenant du 4-HO-MET de qualit\u00e9 sup\u00e9rieure, un produit chimique de recherche psych\u00e9d\u00e9lique populaire connu pour ses effets uniques. Source fiable, exp\u00e9dition rapide.","breadcrumb":{"@id":"https:\/\/chemsxpress.com\/product\/buy-4-ho-met\/#breadcrumb"},"inLanguage":"fr-FR","potentialAction":[{"@type":"ReadAction","target":["https:\/\/chemsxpress.com\/product\/buy-4-ho-met\/"]}]},{"@type":"ImageObject","inLanguage":"fr-FR","@id":"https:\/\/chemsxpress.com\/product\/buy-4-ho-met\/#primaryimage","url":"https:\/\/chemsxpress.com\/wp-content\/uploads\/2024\/04\/4-HO-MET.jpg","contentUrl":"https:\/\/chemsxpress.com\/wp-content\/uploads\/2024\/04\/4-HO-MET.jpg","width":600,"height":600,"caption":"Buy 4-HO-MET"},{"@type":"BreadcrumbList","@id":"https:\/\/chemsxpress.com\/product\/buy-4-ho-met\/#breadcrumb","itemListElement":[{"@type":"ListItem","position":1,"name":"Home","item":"https:\/\/chemsxpress.com\/"},{"@type":"ListItem","position":2,"name":"Shop","item":"https:\/\/chemsxpress.com\/shop\/"},{"@type":"ListItem","position":3,"name":"4-HO-MET"}]},{"@type":"WebSite","@id":"https:\/\/chemsxpress.com\/#website","url":"https:\/\/chemsxpress.com\/","name":"SHOP MDPHP","description":"Acheter MDPHP freebase aupr\u00e8s d'un fournisseur fiable","potentialAction":[{"@type":"SearchAction","target":{"@type":"EntryPoint","urlTemplate":"https:\/\/chemsxpress.com\/?s={search_term_string}"},"query-input":{"@type":"PropertyValueSpecification","valueRequired":true,"valueName":"search_term_string"}}],"inLanguage":"fr-FR"}]}},"jetpack_sharing_enabled":true,"_links":{"self":[{"href":"https:\/\/chemsxpress.com\/fr\/wp-json\/wp\/v2\/product\/29356","targetHints":{"allow":["GET"]}}],"collection":[{"href":"https:\/\/chemsxpress.com\/fr\/wp-json\/wp\/v2\/product"}],"about":[{"href":"https:\/\/chemsxpress.com\/fr\/wp-json\/wp\/v2\/types\/product"}],"replies":[{"embeddable":true,"href":"https:\/\/chemsxpress.com\/fr\/wp-json\/wp\/v2\/comments?post=29356"}],"version-history":[{"count":5,"href":"https:\/\/chemsxpress.com\/fr\/wp-json\/wp\/v2\/product\/29356\/revisions"}],"predecessor-version":[{"id":29981,"href":"https:\/\/chemsxpress.com\/fr\/wp-json\/wp\/v2\/product\/29356\/revisions\/29981"}],"wp:featuredmedia":[{"embeddable":true,"href":"https:\/\/chemsxpress.com\/fr\/wp-json\/wp\/v2\/media\/29391"}],"wp:attachment":[{"href":"https:\/\/chemsxpress.com\/fr\/wp-json\/wp\/v2\/media?parent=29356"}],"wp:term":[{"taxonomy":"product_brand","embeddable":true,"href":"https:\/\/chemsxpress.com\/fr\/wp-json\/wp\/v2\/product_brand?post=29356"},{"taxonomy":"product_cat","embeddable":true,"href":"https:\/\/chemsxpress.com\/fr\/wp-json\/wp\/v2\/product_cat?post=29356"},{"taxonomy":"product_tag","embeddable":true,"href":"https:\/\/chemsxpress.com\/fr\/wp-json\/wp\/v2\/product_tag?post=29356"}],"curies":[{"name":"wp","href":"https:\/\/api.w.org\/{rel}","templated":true}]}}