{"id":18,"date":"2021-08-26T12:13:00","date_gmt":"2021-08-26T12:13:00","guid":{"rendered":"http:\/\/dummy.xtemos.com\/woodmart2\/elementor\/?page_id=18"},"modified":"2025-01-05T10:37:47","modified_gmt":"2025-01-05T10:37:47","slug":"comprare-mdphp-online","status":"publish","type":"page","link":"https:\/\/chemsxpress.com\/it\/","title":{"rendered":"casa"},"content":{"rendered":"<div data-elementor-type=\"wp-page\" data-elementor-id=\"18\" class=\"elementor elementor-18\">\n\t\t\t\t<div class=\"wd-negative-gap elementor-element elementor-element-b8d38ec e-flex e-con-boxed e-con e-parent\" data-id=\"b8d38ec\" data-element_type=\"container\" data-e-type=\"container\">\n\t\t\t\t\t<div class=\"e-con-inner\">\n\t\t<div class=\"elementor-element elementor-element-982ffbd e-con-full e-flex e-con e-child\" data-id=\"982ffbd\" data-element_type=\"container\" data-e-type=\"container\">\n\t\t\t\t<div class=\"elementor-element elementor-element-ac1420b elementor-widget elementor-widget-image\" data-id=\"ac1420b\" data-element_type=\"widget\" data-e-type=\"widget\" data-widget_type=\"image.default\">\n\t\t\t\t<div class=\"elementor-widget-container\">\n\t\t\t\t\t\t\t\t\t\t\t\t\t\t\t<img loading=\"lazy\" decoding=\"async\" width=\"600\" height=\"400\" src=\"https:\/\/chemsxpress.com\/wp-content\/uploads\/2024\/08\/5-Meo-DALT-Powder3.png\" class=\"attachment-large size-large wp-image-30141\" alt=\"comprare mdphp online\" srcset=\"https:\/\/chemsxpress.com\/wp-content\/uploads\/2024\/08\/5-Meo-DALT-Powder3.png 600w, https:\/\/chemsxpress.com\/wp-content\/uploads\/2024\/08\/5-Meo-DALT-Powder3-400x267.png 400w, https:\/\/chemsxpress.com\/wp-content\/uploads\/2024\/08\/5-Meo-DALT-Powder3-430x287.png 430w, https:\/\/chemsxpress.com\/wp-content\/uploads\/2024\/08\/5-Meo-DALT-Powder3-150x100.png 150w\" sizes=\"auto, (max-width: 600px) 100vw, 600px\" \/>\t\t\t\t\t\t\t\t\t\t\t\t\t\t\t<\/div>\n\t\t\t\t<\/div>\n\t\t\t\t<\/div>\n\t\t\t\t\t<\/div>\n\t\t\t\t<\/div>\n\t\t<div class=\"elementor-element elementor-element-9bb7362 wd-section-stretch e-flex e-con-boxed e-con e-parent\" data-id=\"9bb7362\" data-element_type=\"container\" data-e-type=\"container\" data-settings=\"{&quot;background_background&quot;:&quot;classic&quot;,&quot;position&quot;:&quot;fixed&quot;}\">\n\t\t\t\t\t<div class=\"e-con-inner\">\n\t\t<div class=\"elementor-element elementor-element-556b149 e-con-full e-flex e-con e-child\" data-id=\"556b149\" data-element_type=\"container\" data-e-type=\"container\">\n\t\t\t\t<\/div>\n\t\t\t\t\t<\/div>\n\t\t\t\t<\/div>\n\t\t<div class=\"wd-negative-gap elementor-element elementor-element-8ee27ca e-flex e-con-boxed e-con e-parent\" data-id=\"8ee27ca\" data-element_type=\"container\" data-e-type=\"container\">\n\t\t\t\t\t<div class=\"e-con-inner\">\n\t\t\t\t<div class=\"elementor-element elementor-element-9936e6a color-scheme-inherit text-left elementor-widget elementor-widget-text-editor\" data-id=\"9936e6a\" data-element_type=\"widget\" data-e-type=\"widget\" data-widget_type=\"text-editor.default\">\n\t\t\t\t<div class=\"elementor-widget-container\">\n\t\t\t\t\t\t\t\t\t<h2 style=\"text-align: center;\"><strong>Acquistare MDPHP online<\/strong><\/h2>\n<p style=\"text-align: center;\"><a href=\"https:\/\/chemsxpress.com\/it\/come-acquistare-il-mdphp\/\">Acquistare MDPHP online<\/a> \u00e8 un parente stretto del pi\u00f9 noto stimolante MDPV, originariamente sviluppato da un'azienda farmaceutica tedesca negli anni Sessanta.<\/p>\n<p style=\"text-align: center;\"><strong><em>CAS #:&nbsp;<\/em><\/strong>776994-64-0<\/p>\n<p style=\"text-align: center;\"><strong>Forma:&nbsp;<\/strong>Freebase<\/p>\n<p style=\"text-align: center;\"><strong>Analisi NMR:&nbsp;<\/strong>C17H23NO3<\/p>\n<p style=\"text-align: center;\">Conosciuto anche come (<strong>3\u2032,4\u2032-metilendiossi-\u03b1-pirrolidinoesiofenone<\/strong>) o \"polvere di scimmia\" L'MDPHP agisce come inibitore della ricaptazione della noradrenalina e della dopamina (NDRI) e, allo stato di cloridrato (HCL), assomiglia a una polvere molto sottile. <a href=\"https:\/\/chemsxpress.com\/it\/prodotto\/acquistare-3-mmc-polvere-cristallina\/\">polvere cristallina<\/a>. Una quantit\u00e0 sostanziale di informazioni su <a href=\"https:\/\/chemsxpress.com\/it\/tag\/comprensione-degli-effetti-di-mdphp\/\">MDPHP e i suoi effetti<\/a> \u00e8 riportato in studi trovati su vari forum internet e studi scientifici, tuttavia, per quanto riguarda la futura legalit\u00e0 e la possibile inclusione nella legge sull'oppio rimane poco chiaro. Per il momento, rimane legale in gran parte dell'Europa, quindi noi di Chemical Planet siamo lieti di offrire MDPHP in polvere di grado da laboratorio per i vostri scopi di ricerca. Ulteriori informazioni tecniche sono elencate di seguito per il vostro piacere di visione!<br><strong><em>Nome IUPAC:&nbsp;<\/em><\/strong><em>3\u2032,4\u2032-metilendiossi-\u03b1-pirrolidinoesiofenone<\/em><\/p>\t\t\t\t\t\t\t\t<\/div>\n\t\t\t\t<\/div>\n\t\t\t\t\t<\/div>\n\t\t\t\t<\/div>\n\t\t<div class=\"wd-negative-gap elementor-element elementor-element-4bbb14c wd-section-stretch e-flex e-con-boxed e-con e-parent\" data-id=\"4bbb14c\" data-element_type=\"container\" data-e-type=\"container\" data-settings=\"{&quot;background_background&quot;:&quot;classic&quot;}\">\n\t\t\t\t\t<div class=\"e-con-inner\">\n\t\t\t\t<div class=\"elementor-element elementor-element-060f99b elementor-widget elementor-widget-heading\" data-id=\"060f99b\" data-element_type=\"widget\" data-e-type=\"widget\" data-widget_type=\"heading.default\">\n\t\t\t\t<div class=\"elementor-widget-container\">\n\t\t\t\t\t<h2 class=\"elementor-heading-title elementor-size-default\"><h2><strong>Misure di sicurezza<\/strong><\/h2><\/h2>\t\t\t\t<\/div>\n\t\t\t\t<\/div>\n\t\t\t\t<div class=\"elementor-element elementor-element-5309ee2 color-scheme-inherit text-left elementor-widget elementor-widget-text-editor\" data-id=\"5309ee2\" data-element_type=\"widget\" data-e-type=\"widget\" data-widget_type=\"text-editor.default\">\n\t\t\t\t<div class=\"elementor-widget-container\">\n\t\t\t\t\t\t\t\t\t<p style=\"text-align: center;\">Si raccomanda l'uso di guanti, occhiali e respiratori quando <a href=\"https:\/\/chemsxpress.com\/it\/tag\/gestione-sicura-del-mdphp\/\">manipolazione di MDPHP in polvere<\/a> in laboratorio; si tratta di una polvere fine che potrebbe essere facilmente trasportata dall'aria e inalata accidentalmente&gt;.<br \/>In caso di esposizione accidentale, si raccomanda di mostrare l'etichetta del prodotto (contenente le informazioni IUPAC e CAS) al personale medico.<br \/>Il contatto accidentale con gli occhi deve essere trattato immediatamente sciacquando accuratamente con acqua dopo aver rimosso le lenti a contatto.<\/p>\n<h4>\u00a0<\/h4>\t\t\t\t\t\t\t\t<\/div>\n\t\t\t\t<\/div>\n\t\t\t\t\t<\/div>\n\t\t\t\t<\/div>\n\t\t<div class=\"wd-negative-gap elementor-element elementor-element-fccb2b2 e-flex e-con-boxed e-con e-parent\" data-id=\"fccb2b2\" data-element_type=\"container\" data-e-type=\"container\">\n\t\t\t\t\t<div class=\"e-con-inner\">\n\t\t<div class=\"elementor-element elementor-element-972ee80 e-con-full e-flex e-con e-child\" data-id=\"972ee80\" data-element_type=\"container\" data-e-type=\"container\">\n\t\t\t\t<div class=\"elementor-element elementor-element-af1b0f5 color-scheme-inherit text-left elementor-widget elementor-widget-text-editor\" data-id=\"af1b0f5\" data-element_type=\"widget\" data-e-type=\"widget\" data-widget_type=\"text-editor.default\">\n\t\t\t\t<div class=\"elementor-widget-container\">\n\t\t\t\t\t\t\t\t\t<h2 style=\"text-align: center;\"><strong>Dove acquistare MDPHP online?<\/strong><\/h2>\n<p style=\"text-align: center;\">Noi di Chemsxpress siamo orgogliosi di offrire il MDPHP di laboratorio della massima qualit\u00e0 disponibile. Chemsxpress \u00e8 l'opzione principale per chi desidera acquistare prodotti chimici per la ricerca. Testiamo rigorosamente con GC MS tutte le nostre scorte prima di metterle in vendita.<br \/>Si prega di notare che per acquistare \u00e8 necessario avere almeno 18 anni di et\u00e0. <a href=\"https:\/\/mdphpwelt.com\/\">MDPHP<\/a> da Chemsxpress. Tutti <a href=\"https:\/\/chemsxpress.com\/it\/categoria-di-prodotto\/ricerca-chimica\/\">ricerca chimica<\/a> venduti sono destinati esclusivamente alla ricerca di laboratorio e non sono assolutamente destinati al consumo umano.<\/p>\t\t\t\t\t\t\t\t<\/div>\n\t\t\t\t<\/div>\n\t\t\t\t<\/div>\n\t\t<div class=\"elementor-element elementor-element-cfb8ed4 e-con-full e-flex e-con e-child\" data-id=\"cfb8ed4\" data-element_type=\"container\" data-e-type=\"container\">\n\t\t\t\t<div class=\"elementor-element elementor-element-427228f color-scheme-inherit text-left elementor-widget elementor-widget-text-editor\" data-id=\"427228f\" data-element_type=\"widget\" data-e-type=\"widget\" data-widget_type=\"text-editor.default\">\n\t\t\t\t<div class=\"elementor-widget-container\">\n\t\t\t\t\t\t\t\t\t<h2 style=\"text-align: center;\"><strong>Il MDPHP \u00e8 legale?<\/strong><\/h2>\n<p style=\"text-align: center;\">\u00a0<\/p>\n<p style=\"text-align: center;\">Per quanto riguarda il <a href=\"https:\/\/chemsxpress.com\/it\/capire-lo-status-giuridico-delle-mdphp-nel-mondo\/\">legalit\u00e0 del MDPHP<\/a>consigliamo vivamente di fare riferimento alla legislazione appropriata del vostro paese di residenza\/indirizzo di spedizione.<br \/>Facciamo tutto il possibile per ridurre al minimo il rischio per i nostri clienti con le nostre restrizioni di spedizione attive.<br \/>Tuttavia, la legislazione \u00e8 in continua evoluzione a livello globale e ChemicalPlanet non pu\u00f2 assumersi alcuna responsabilit\u00e0 in caso di complicazioni. In definitiva, \u00e8 responsabilit\u00e0 dell'acquirente assicurarsi che il prodotto non violi le leggi o le normative vigenti nel luogo di destinazione della spedizione.<\/p>\t\t\t\t\t\t\t\t<\/div>\n\t\t\t\t<\/div>\n\t\t\t\t<\/div>\n\t\t\t\t\t<\/div>\n\t\t\t\t<\/div>\n\t\t\t\t<\/div>","protected":false},"excerpt":{"rendered":"<p>Buy MDPHP online Buy MDPHP Online is a close relative to a more well-known stimulant MDPV which was originally developed<\/p>","protected":false},"author":1,"featured_media":0,"parent":0,"menu_order":0,"comment_status":"closed","ping_status":"closed","template":"","meta":{"footnotes":""},"class_list":["post-18","page","type-page","status-publish","hentry"],"yoast_head":"<!-- This site is optimized with the Yoast SEO Premium plugin v24.1 (Yoast SEO v27.3) - https:\/\/yoast.com\/product\/yoast-seo-premium-wordpress\/ -->\n<title>Buy MDPHP Online: High-Quality Research Chemicals<\/title>\n<meta name=\"description\" content=\"Buy mdphp online, Monkey dust for sale. Shop now for reliable MDPHP sourced from trusted suppliers. Fast and safe delivery\" \/>\n<meta name=\"robots\" content=\"index, follow, max-snippet:-1, max-image-preview:large, max-video-preview:-1\" \/>\n<link rel=\"canonical\" href=\"https:\/\/chemsxpress.com\/it\/\" \/>\n<meta property=\"og:locale\" content=\"it_IT\" \/>\n<meta property=\"og:type\" content=\"article\" \/>\n<meta property=\"og:title\" content=\"home\" \/>\n<meta property=\"og:description\" content=\"Buy mdphp online, Monkey dust for sale. Shop now for reliable MDPHP sourced from trusted suppliers. Fast and safe delivery\" \/>\n<meta property=\"og:url\" content=\"https:\/\/chemsxpress.com\/it\/\" \/>\n<meta property=\"og:site_name\" content=\"SHOP MDPHP\" \/>\n<meta property=\"article:modified_time\" content=\"2025-01-05T10:37:47+00:00\" \/>\n<meta property=\"og:image\" content=\"https:\/\/chemsxpress.com\/wp-content\/uploads\/2024\/08\/5-Meo-DALT-Powder3.png\" \/>\n\t<meta property=\"og:image:width\" content=\"600\" \/>\n\t<meta property=\"og:image:height\" content=\"400\" \/>\n\t<meta property=\"og:image:type\" content=\"image\/png\" \/>\n<meta name=\"twitter:card\" content=\"summary_large_image\" \/>\n<meta name=\"twitter:label1\" content=\"Tempo di lettura stimato\" \/>\n\t<meta name=\"twitter:data1\" content=\"2 minuti\" \/>\n<script type=\"application\/ld+json\" class=\"yoast-schema-graph\">{\"@context\":\"https:\\\/\\\/schema.org\",\"@graph\":[{\"@type\":\"WebPage\",\"@id\":\"https:\\\/\\\/chemsxpress.com\\\/\",\"url\":\"https:\\\/\\\/chemsxpress.com\\\/\",\"name\":\"Buy MDPHP Online: High-Quality Research Chemicals\",\"isPartOf\":{\"@id\":\"https:\\\/\\\/chemsxpress.com\\\/#website\"},\"primaryImageOfPage\":{\"@id\":\"https:\\\/\\\/chemsxpress.com\\\/#primaryimage\"},\"image\":{\"@id\":\"https:\\\/\\\/chemsxpress.com\\\/#primaryimage\"},\"thumbnailUrl\":\"https:\\\/\\\/chemsxpress.com\\\/wp-content\\\/uploads\\\/2024\\\/08\\\/5-Meo-DALT-Powder3.png\",\"datePublished\":\"2021-08-26T12:13:00+00:00\",\"dateModified\":\"2025-01-05T10:37:47+00:00\",\"description\":\"Buy mdphp online, Monkey dust for sale. Shop now for reliable MDPHP sourced from trusted suppliers. Fast and safe delivery\",\"breadcrumb\":{\"@id\":\"https:\\\/\\\/chemsxpress.com\\\/#breadcrumb\"},\"inLanguage\":\"it-IT\",\"potentialAction\":[{\"@type\":\"ReadAction\",\"target\":[\"https:\\\/\\\/chemsxpress.com\\\/\"]}]},{\"@type\":\"ImageObject\",\"inLanguage\":\"it-IT\",\"@id\":\"https:\\\/\\\/chemsxpress.com\\\/#primaryimage\",\"url\":\"https:\\\/\\\/chemsxpress.com\\\/wp-content\\\/uploads\\\/2024\\\/08\\\/5-Meo-DALT-Powder3.png\",\"contentUrl\":\"https:\\\/\\\/chemsxpress.com\\\/wp-content\\\/uploads\\\/2024\\\/08\\\/5-Meo-DALT-Powder3.png\"},{\"@type\":\"BreadcrumbList\",\"@id\":\"https:\\\/\\\/chemsxpress.com\\\/#breadcrumb\",\"itemListElement\":[{\"@type\":\"ListItem\",\"position\":1,\"name\":\"Home\",\"item\":\"https:\\\/\\\/chemsxpress.com\\\/\"},{\"@type\":\"ListItem\",\"position\":2,\"name\":\"home\"}]},{\"@type\":\"WebSite\",\"@id\":\"https:\\\/\\\/chemsxpress.com\\\/#website\",\"url\":\"https:\\\/\\\/chemsxpress.com\\\/\",\"name\":\"SHOP MDPHP\",\"description\":\"Buy MDPHP freebase from reliable supplier\",\"potentialAction\":[{\"@type\":\"SearchAction\",\"target\":{\"@type\":\"EntryPoint\",\"urlTemplate\":\"https:\\\/\\\/chemsxpress.com\\\/?s={search_term_string}\"},\"query-input\":{\"@type\":\"PropertyValueSpecification\",\"valueRequired\":true,\"valueName\":\"search_term_string\"}}],\"inLanguage\":\"it-IT\"}]}<\/script>\n<!-- \/ Yoast SEO Premium plugin. -->","yoast_head_json":{"title":"Acquistare MDPHP online: Prodotti chimici per la ricerca di alta qualit\u00e0","description":"Comprare MDPHP online, polvere di scimmia in vendita. Acquista ora MDPHP affidabile da fornitori di fiducia. Consegna veloce e sicura","robots":{"index":"index","follow":"follow","max-snippet":"max-snippet:-1","max-image-preview":"max-image-preview:large","max-video-preview":"max-video-preview:-1"},"canonical":"https:\/\/chemsxpress.com\/it\/","og_locale":"it_IT","og_type":"article","og_title":"home","og_description":"Buy mdphp online, Monkey dust for sale. Shop now for reliable MDPHP sourced from trusted suppliers. Fast and safe delivery","og_url":"https:\/\/chemsxpress.com\/it\/","og_site_name":"SHOP MDPHP","article_modified_time":"2025-01-05T10:37:47+00:00","og_image":[{"width":600,"height":400,"url":"https:\/\/chemsxpress.com\/wp-content\/uploads\/2024\/08\/5-Meo-DALT-Powder3.png","type":"image\/png"}],"twitter_card":"summary_large_image","twitter_misc":{"Tempo di lettura stimato":"2 minuti"},"schema":{"@context":"https:\/\/schema.org","@graph":[{"@type":"WebPage","@id":"https:\/\/chemsxpress.com\/","url":"https:\/\/chemsxpress.com\/","name":"Acquistare MDPHP online: Prodotti chimici per la ricerca di alta qualit\u00e0","isPartOf":{"@id":"https:\/\/chemsxpress.com\/#website"},"primaryImageOfPage":{"@id":"https:\/\/chemsxpress.com\/#primaryimage"},"image":{"@id":"https:\/\/chemsxpress.com\/#primaryimage"},"thumbnailUrl":"https:\/\/chemsxpress.com\/wp-content\/uploads\/2024\/08\/5-Meo-DALT-Powder3.png","datePublished":"2021-08-26T12:13:00+00:00","dateModified":"2025-01-05T10:37:47+00:00","description":"Comprare MDPHP online, polvere di scimmia in vendita. Acquista ora MDPHP affidabile da fornitori di fiducia. Consegna veloce e sicura","breadcrumb":{"@id":"https:\/\/chemsxpress.com\/#breadcrumb"},"inLanguage":"it-IT","potentialAction":[{"@type":"ReadAction","target":["https:\/\/chemsxpress.com\/"]}]},{"@type":"ImageObject","inLanguage":"it-IT","@id":"https:\/\/chemsxpress.com\/#primaryimage","url":"https:\/\/chemsxpress.com\/wp-content\/uploads\/2024\/08\/5-Meo-DALT-Powder3.png","contentUrl":"https:\/\/chemsxpress.com\/wp-content\/uploads\/2024\/08\/5-Meo-DALT-Powder3.png"},{"@type":"BreadcrumbList","@id":"https:\/\/chemsxpress.com\/#breadcrumb","itemListElement":[{"@type":"ListItem","position":1,"name":"Home","item":"https:\/\/chemsxpress.com\/"},{"@type":"ListItem","position":2,"name":"home"}]},{"@type":"WebSite","@id":"https:\/\/chemsxpress.com\/#website","url":"https:\/\/chemsxpress.com\/","name":"NEGOZIO MDP","description":"Acquistare MDPHP freebase da un fornitore affidabile","potentialAction":[{"@type":"SearchAction","target":{"@type":"EntryPoint","urlTemplate":"https:\/\/chemsxpress.com\/?s={search_term_string}"},"query-input":{"@type":"PropertyValueSpecification","valueRequired":true,"valueName":"search_term_string"}}],"inLanguage":"it-IT"}]}},"jetpack_sharing_enabled":true,"_links":{"self":[{"href":"https:\/\/chemsxpress.com\/it\/wp-json\/wp\/v2\/pages\/18","targetHints":{"allow":["GET"]}}],"collection":[{"href":"https:\/\/chemsxpress.com\/it\/wp-json\/wp\/v2\/pages"}],"about":[{"href":"https:\/\/chemsxpress.com\/it\/wp-json\/wp\/v2\/types\/page"}],"author":[{"embeddable":true,"href":"https:\/\/chemsxpress.com\/it\/wp-json\/wp\/v2\/users\/1"}],"replies":[{"embeddable":true,"href":"https:\/\/chemsxpress.com\/it\/wp-json\/wp\/v2\/comments?post=18"}],"version-history":[{"count":104,"href":"https:\/\/chemsxpress.com\/it\/wp-json\/wp\/v2\/pages\/18\/revisions"}],"predecessor-version":[{"id":30241,"href":"https:\/\/chemsxpress.com\/it\/wp-json\/wp\/v2\/pages\/18\/revisions\/30241"}],"wp:attachment":[{"href":"https:\/\/chemsxpress.com\/it\/wp-json\/wp\/v2\/media?parent=18"}],"curies":[{"name":"wp","href":"https:\/\/api.w.org\/{rel}","templated":true}]}}