{"id":27837,"date":"2024-04-29T13:12:41","date_gmt":"2024-04-29T13:12:41","guid":{"rendered":"https:\/\/chemsxpress.com\/?post_type=product&#038;p=27837"},"modified":"2024-07-04T23:59:33","modified_gmt":"2024-07-04T23:59:33","slug":"acquistare-k2-code-red-liquid","status":"publish","type":"product","link":"https:\/\/chemsxpress.com\/it\/prodotto\/acquistare-k2-code-red-liquid\/","title":{"rendered":"k2 codice rosso liquido"},"content":{"rendered":"<h1>Comprare k2 code red liquid<\/h1>\n<h4><span class=\"___SText_17rlk-ko_\" data-ui-name=\"Link.Text\">k2 codice rosso liquido<\/span><\/h4>\n<p>Acquistare k2 code red liquid. Questa miscela altamente potente \u00e8 stata creata per stimolare la vostra mente e portare i vostri livelli di energia a nuovi estremi. \u00c8 una miscela di erbe potenti che risvegliano i vostri sensi e aumentano la vostra sensibilit\u00e0 al mondo circostante. Incenso alle erbe forte in vendita. Godrete di un'euforia unica, \"high on life\", come non l'avete mai provata.<\/p>\n<h2>Dettagli di <span class=\"___SText_17rlk-ko_\" data-ui-name=\"Link.Text\">k2 codice rosso liquido<\/span><\/h2>\n<p>Tuttavia, questa miscela liquida di codice rosso \u00e8 cos\u00ec potente che basta una sola goccia per provare la sensazione completa. Avrete una sensazione di maggiore benessere e uno stato d'animo pi\u00f9 tranquillo fino a due ore dopo aver raggiunto l'euforia da codice rosso.<\/p>\n<h2>Usi di <span class=\"___SText_17rlk-ko_\" data-ui-name=\"Link.Text\">k2 codice rosso liquido<\/span><\/h2>\n<p>\u00c8 cos\u00ec potente che basta una sola goccia per provare tutte le sensazioni. Il senso di benessere e lo stato d'animo pi\u00f9 sereno si protraggono fino a due ore dopo aver raggiunto l'euforia da codice rosso, ad esempio. Questa miscela offre la fragranza definitiva per la meditazione e il rilassamento, perch\u00e9 crea uno stato mentale positivo e sereno.<\/p>\n<p>Inoltre, il liquido elettronico K2 code red pu\u00f2 essere utilizzato con qualsiasi vaporizzatore elettronico personale. Quando vi divertite a svapare con Code Red, potete essere certi di ottenere il pi\u00f9 efficace stimolatore dell'umore mai creato.<\/p>\n<div class=\"product__item product__item--col3\">\n<p><a href=\"https:\/\/chemsxpress.com\/it\/\">ChemsXpress<\/a> si impegna a sostenere la ricerca scientifica e l'innovazione fornendo ai ricercatori l'accesso a prodotti chimici per la ricerca di qualit\u00e0 superiore. Esplorate il nostro ampio catalogo di <a href=\"https:\/\/chemsxpress.com\/it\/categoria-di-prodotto\/ricerca-chimica\/\">ricerca chimica<\/a>e intraprendere il vostro viaggio scientifico con fiducia e sicurezza in ChemsXpress.<\/p>\n<\/div>","protected":false},"excerpt":{"rendered":"<p>Ogni foglio pubblicitario contiene 25 ml=0,845351 once fluide di K2 liquido. Questa carta \u00e8 inodore e incolore.<\/p>","protected":false},"featured_media":27868,"comment_status":"open","ping_status":"closed","template":"","meta":[],"product_brand":[],"product_cat":[72],"product_tag":[],"class_list":{"0":"post-27837","1":"product","2":"type-product","3":"status-publish","4":"has-post-thumbnail","6":"product_cat-k2-products","8":"first","9":"instock","10":"shipping-taxable","11":"purchasable","12":"product-type-variable"},"yoast_head":"<!-- This site is optimized with the Yoast SEO Premium plugin v24.1 (Yoast SEO v27.4) - https:\/\/yoast.com\/product\/yoast-seo-premium-wordpress\/ -->\n<title>Buy k2 code red liquid Premium Quality Herbal | ChemsXpress<\/title>\n<meta name=\"description\" content=\"Buy k2 code red liquid Premium herbal incense, fast shipping. Trust our quality assurance for all your research needs. Order now\" \/>\n<meta name=\"robots\" content=\"index, follow, max-snippet:-1, max-image-preview:large, max-video-preview:-1\" \/>\n<link rel=\"canonical\" href=\"https:\/\/chemsxpress.com\/it\/prodotto\/acquistare-k2-code-red-liquid\/\" \/>\n<meta property=\"og:locale\" content=\"it_IT\" \/>\n<meta property=\"og:type\" content=\"article\" \/>\n<meta property=\"og:title\" content=\"k2 code red liquid\" \/>\n<meta property=\"og:description\" content=\"Buy k2 code red liquid Premium herbal incense, fast shipping. Trust our quality assurance for all your research needs. Order now\" \/>\n<meta property=\"og:url\" content=\"https:\/\/chemsxpress.com\/it\/prodotto\/acquistare-k2-code-red-liquid\/\" \/>\n<meta property=\"og:site_name\" content=\"SHOP MDPHP\" \/>\n<meta property=\"article:modified_time\" content=\"2024-07-04T23:59:33+00:00\" \/>\n<meta property=\"og:image\" content=\"https:\/\/chemsxpress.com\/wp-content\/uploads\/2024\/04\/k2-code-red-liquid.jpg\" \/>\n\t<meta property=\"og:image:width\" content=\"800\" \/>\n\t<meta property=\"og:image:height\" content=\"800\" \/>\n\t<meta property=\"og:image:type\" content=\"image\/jpeg\" \/>\n<meta name=\"twitter:card\" content=\"summary_large_image\" \/>\n<meta name=\"twitter:label1\" content=\"Tempo di lettura stimato\" \/>\n\t<meta name=\"twitter:data1\" content=\"2 minuti\" \/>\n<script type=\"application\/ld+json\" class=\"yoast-schema-graph\">{\"@context\":\"https:\\\/\\\/schema.org\",\"@graph\":[{\"@type\":\"WebPage\",\"@id\":\"https:\\\/\\\/chemsxpress.com\\\/product\\\/buy-k2-code-red-liquid\\\/\",\"url\":\"https:\\\/\\\/chemsxpress.com\\\/product\\\/buy-k2-code-red-liquid\\\/\",\"name\":\"Buy k2 code red liquid Premium Quality Herbal | ChemsXpress\",\"isPartOf\":{\"@id\":\"https:\\\/\\\/chemsxpress.com\\\/#website\"},\"primaryImageOfPage\":{\"@id\":\"https:\\\/\\\/chemsxpress.com\\\/product\\\/buy-k2-code-red-liquid\\\/#primaryimage\"},\"image\":{\"@id\":\"https:\\\/\\\/chemsxpress.com\\\/product\\\/buy-k2-code-red-liquid\\\/#primaryimage\"},\"thumbnailUrl\":\"https:\\\/\\\/chemsxpress.com\\\/wp-content\\\/uploads\\\/2024\\\/04\\\/k2-code-red-liquid.jpg\",\"datePublished\":\"2024-04-29T13:12:41+00:00\",\"dateModified\":\"2024-07-04T23:59:33+00:00\",\"description\":\"Buy k2 code red liquid Premium herbal incense, fast shipping. Trust our quality assurance for all your research needs. Order now\",\"breadcrumb\":{\"@id\":\"https:\\\/\\\/chemsxpress.com\\\/product\\\/buy-k2-code-red-liquid\\\/#breadcrumb\"},\"inLanguage\":\"it-IT\",\"potentialAction\":[{\"@type\":\"ReadAction\",\"target\":[\"https:\\\/\\\/chemsxpress.com\\\/product\\\/buy-k2-code-red-liquid\\\/\"]}]},{\"@type\":\"ImageObject\",\"inLanguage\":\"it-IT\",\"@id\":\"https:\\\/\\\/chemsxpress.com\\\/product\\\/buy-k2-code-red-liquid\\\/#primaryimage\",\"url\":\"https:\\\/\\\/chemsxpress.com\\\/wp-content\\\/uploads\\\/2024\\\/04\\\/k2-code-red-liquid.jpg\",\"contentUrl\":\"https:\\\/\\\/chemsxpress.com\\\/wp-content\\\/uploads\\\/2024\\\/04\\\/k2-code-red-liquid.jpg\",\"width\":800,\"height\":800,\"caption\":\"Buy k2 code red liquid\"},{\"@type\":\"BreadcrumbList\",\"@id\":\"https:\\\/\\\/chemsxpress.com\\\/product\\\/buy-k2-code-red-liquid\\\/#breadcrumb\",\"itemListElement\":[{\"@type\":\"ListItem\",\"position\":1,\"name\":\"Home\",\"item\":\"https:\\\/\\\/chemsxpress.com\\\/\"},{\"@type\":\"ListItem\",\"position\":2,\"name\":\"Shop\",\"item\":\"https:\\\/\\\/chemsxpress.com\\\/shop\\\/\"},{\"@type\":\"ListItem\",\"position\":3,\"name\":\"k2 code red liquid\"}]},{\"@type\":\"WebSite\",\"@id\":\"https:\\\/\\\/chemsxpress.com\\\/#website\",\"url\":\"https:\\\/\\\/chemsxpress.com\\\/\",\"name\":\"SHOP MDPHP\",\"description\":\"Buy MDPHP freebase from reliable supplier\",\"potentialAction\":[{\"@type\":\"SearchAction\",\"target\":{\"@type\":\"EntryPoint\",\"urlTemplate\":\"https:\\\/\\\/chemsxpress.com\\\/?s={search_term_string}\"},\"query-input\":{\"@type\":\"PropertyValueSpecification\",\"valueRequired\":true,\"valueName\":\"search_term_string\"}}],\"inLanguage\":\"it-IT\"}]}<\/script>\n<!-- \/ Yoast SEO Premium plugin. -->","yoast_head_json":{"title":"Acquista k2 code red liquid Premium Quality Herbal | ChemsXpress","description":"Acquista k2 code red incenso alle erbe premium liquido, spedizione veloce. Affidati alla nostra garanzia di qualit\u00e0 per tutte le tue esigenze di ricerca. Ordina ora","robots":{"index":"index","follow":"follow","max-snippet":"max-snippet:-1","max-image-preview":"max-image-preview:large","max-video-preview":"max-video-preview:-1"},"canonical":"https:\/\/chemsxpress.com\/it\/prodotto\/acquistare-k2-code-red-liquid\/","og_locale":"it_IT","og_type":"article","og_title":"k2 code red liquid","og_description":"Buy k2 code red liquid Premium herbal incense, fast shipping. Trust our quality assurance for all your research needs. Order now","og_url":"https:\/\/chemsxpress.com\/it\/prodotto\/acquistare-k2-code-red-liquid\/","og_site_name":"SHOP MDPHP","article_modified_time":"2024-07-04T23:59:33+00:00","og_image":[{"width":800,"height":800,"url":"https:\/\/chemsxpress.com\/wp-content\/uploads\/2024\/04\/k2-code-red-liquid.jpg","type":"image\/jpeg"}],"twitter_card":"summary_large_image","twitter_misc":{"Tempo di lettura stimato":"2 minuti"},"schema":{"@context":"https:\/\/schema.org","@graph":[{"@type":"WebPage","@id":"https:\/\/chemsxpress.com\/product\/buy-k2-code-red-liquid\/","url":"https:\/\/chemsxpress.com\/product\/buy-k2-code-red-liquid\/","name":"Acquista k2 code red liquid Premium Quality Herbal | ChemsXpress","isPartOf":{"@id":"https:\/\/chemsxpress.com\/#website"},"primaryImageOfPage":{"@id":"https:\/\/chemsxpress.com\/product\/buy-k2-code-red-liquid\/#primaryimage"},"image":{"@id":"https:\/\/chemsxpress.com\/product\/buy-k2-code-red-liquid\/#primaryimage"},"thumbnailUrl":"https:\/\/chemsxpress.com\/wp-content\/uploads\/2024\/04\/k2-code-red-liquid.jpg","datePublished":"2024-04-29T13:12:41+00:00","dateModified":"2024-07-04T23:59:33+00:00","description":"Acquista k2 code red incenso alle erbe premium liquido, spedizione veloce. Affidati alla nostra garanzia di qualit\u00e0 per tutte le tue esigenze di ricerca. Ordina ora","breadcrumb":{"@id":"https:\/\/chemsxpress.com\/product\/buy-k2-code-red-liquid\/#breadcrumb"},"inLanguage":"it-IT","potentialAction":[{"@type":"ReadAction","target":["https:\/\/chemsxpress.com\/product\/buy-k2-code-red-liquid\/"]}]},{"@type":"ImageObject","inLanguage":"it-IT","@id":"https:\/\/chemsxpress.com\/product\/buy-k2-code-red-liquid\/#primaryimage","url":"https:\/\/chemsxpress.com\/wp-content\/uploads\/2024\/04\/k2-code-red-liquid.jpg","contentUrl":"https:\/\/chemsxpress.com\/wp-content\/uploads\/2024\/04\/k2-code-red-liquid.jpg","width":800,"height":800,"caption":"Buy k2 code red liquid"},{"@type":"BreadcrumbList","@id":"https:\/\/chemsxpress.com\/product\/buy-k2-code-red-liquid\/#breadcrumb","itemListElement":[{"@type":"ListItem","position":1,"name":"Home","item":"https:\/\/chemsxpress.com\/"},{"@type":"ListItem","position":2,"name":"Shop","item":"https:\/\/chemsxpress.com\/shop\/"},{"@type":"ListItem","position":3,"name":"k2 code red liquid"}]},{"@type":"WebSite","@id":"https:\/\/chemsxpress.com\/#website","url":"https:\/\/chemsxpress.com\/","name":"NEGOZIO MDP","description":"Acquistare MDPHP freebase da un fornitore affidabile","potentialAction":[{"@type":"SearchAction","target":{"@type":"EntryPoint","urlTemplate":"https:\/\/chemsxpress.com\/?s={search_term_string}"},"query-input":{"@type":"PropertyValueSpecification","valueRequired":true,"valueName":"search_term_string"}}],"inLanguage":"it-IT"}]}},"jetpack_sharing_enabled":true,"_links":{"self":[{"href":"https:\/\/chemsxpress.com\/it\/wp-json\/wp\/v2\/product\/27837","targetHints":{"allow":["GET"]}}],"collection":[{"href":"https:\/\/chemsxpress.com\/it\/wp-json\/wp\/v2\/product"}],"about":[{"href":"https:\/\/chemsxpress.com\/it\/wp-json\/wp\/v2\/types\/product"}],"replies":[{"embeddable":true,"href":"https:\/\/chemsxpress.com\/it\/wp-json\/wp\/v2\/comments?post=27837"}],"version-history":[{"count":4,"href":"https:\/\/chemsxpress.com\/it\/wp-json\/wp\/v2\/product\/27837\/revisions"}],"predecessor-version":[{"id":30101,"href":"https:\/\/chemsxpress.com\/it\/wp-json\/wp\/v2\/product\/27837\/revisions\/30101"}],"wp:featuredmedia":[{"embeddable":true,"href":"https:\/\/chemsxpress.com\/it\/wp-json\/wp\/v2\/media\/27868"}],"wp:attachment":[{"href":"https:\/\/chemsxpress.com\/it\/wp-json\/wp\/v2\/media?parent=27837"}],"wp:term":[{"taxonomy":"product_brand","embeddable":true,"href":"https:\/\/chemsxpress.com\/it\/wp-json\/wp\/v2\/product_brand?post=27837"},{"taxonomy":"product_cat","embeddable":true,"href":"https:\/\/chemsxpress.com\/it\/wp-json\/wp\/v2\/product_cat?post=27837"},{"taxonomy":"product_tag","embeddable":true,"href":"https:\/\/chemsxpress.com\/it\/wp-json\/wp\/v2\/product_tag?post=27837"}],"curies":[{"name":"wp","href":"https:\/\/api.w.org\/{rel}","templated":true}]}}