{"id":27841,"date":"2024-04-29T13:12:41","date_gmt":"2024-04-29T13:12:41","guid":{"rendered":"https:\/\/chemsxpress.com\/?post_type=product&#038;p=27841"},"modified":"2024-07-04T23:59:01","modified_gmt":"2024-07-04T23:59:01","slug":"acquistare-la-carta-delle-spezie-k2","status":"publish","type":"product","link":"https:\/\/chemsxpress.com\/it\/prodotto\/acquistare-la-carta-delle-spezie-k2\/","title":{"rendered":"K2 carta per spezie"},"content":{"rendered":"<h1>Comprare la carta delle spezie K2<\/h1>\n<h5><strong>Introduzione a K2 Spice:<\/strong><\/h5>\n<ul>\n<li>Acquistare la carta della spezia K2. Spiega cos'\u00e8 la spezia K2 e come si differenzia dalla cannabis naturale.<\/li>\n<li>Fornire una breve panoramica della sua storia, compresa la sua comparsa come alternativa legale alla marijuana.<\/li>\n<\/ul>\n<p><strong>2. Composizione ed effetti:<\/strong><\/p>\n<ul>\n<li>Dettagliare la composizione chimica di K2 Spice, evidenziando i cannabinoidi sintetici utilizzati.<\/li>\n<li>Descrivere gli effetti della spezia K2 sul corpo e sulla mente, compresi gli effetti desiderati e quelli negativi.<\/li>\n<li>Sottolineare l'imprevedibilit\u00e0 dei cannabinoidi sintetici e il potenziale di reazioni gravi.<\/li>\n<\/ul>\n<h1>Carta delle spezie in vendita<\/h1>\n<p>Carta delle spezie in vendita. 25 ml=0,845351 oz di K2 liquido sono infusi in ogni pagina A4. Acquistate la carta comune A4 infusa e scrivete una lettera al vostro amico in prigione. Questa carta non ha odore ed \u00e8 incolore. <span style=\"color: #ffffff;\">fogli di carta k2.<\/span><\/p>\n<p>La migliore carta per spezie al mondo. Abbiamo in vendita una carta speciale a4 infusa di K2. Carta K2 Spice, carta k2, carta mamba, in ogni caso \u00e8 cos\u00ec forte che vi lascer\u00e0 a bocca aperta. Spediamo in tutto il mondo. Abbiamo i migliori metodi di imballaggio e spedizione discreti. Abbiamo anche altri prodotti che potete controllare. Contattateci per maggiori informazioni.<span style=\"color: #ffffff;\"> fogli di carta k2.<\/span><\/p>\n<h2>Carte delle spezie disponibili<\/h2>\n<ul>\n<li><a href=\"https:\/\/chemsxpress.com\/it\/prodotto\/acquistare-lincenso-liquido-cloud-9\/\">Cloud 9 Liquid<\/a> Carta A4 infusa di incenso<\/li>\n<li>ALOHA Mandarino Liquido Infuso di Incenso Carta A4<\/li>\n<li>Carta A4 infusa di incenso liquido fresco Bizzarro<\/li>\n<li><a href=\"https:\/\/chemsxpress.com\/it\/prodotto\/acquistare-bizarro-liquid-k2\/\">Liquido Bizzarro<\/a> Carta A4 infusa di incenso<\/li>\n<li>Carta A4 infusa di incenso liquido Black Label<\/li>\n<li>Carta A4 con infuso di mirtillo ardente<\/li>\n<li>7H Carta A4 infusa al punch hawaiano<\/li>\n<li>Carta A4 infusa di incenso liquido Brainfreeze<\/li>\n<li>Buzz Liquid Carta A4 infusa di incenso<\/li>\n<li>Carta A4 infusa di liquidi California Dreams<\/li>\n<li>Carta A4 infusa di liquido c cannabinoide<\/li>\n<li>Carta A4 infusa di incenso liquido Diablo<\/li>\n<li>e <a href=\"https:\/\/chemsxpress.com\/it\/prodotto\/acquistare-k2-code-red-liquid\/\">liquido CODICE ROSSO<\/a> Carta A4 infusa<\/li>\n<li>Klimax Carta A4 infusa ai frutti di bosco di Colada<\/li>\n<li>Carta A4 infusa di incenso liquido Kush<\/li>\n<\/ul>\n<p><a href=\"https:\/\/chemsxpress.com\/it\/\">ChemsXpress<\/a>\u00a0 il vostro negozio unico per tutti i prodotti Spice Paper, con spedizioni rapide e discrete.<\/p>\n<p>&nbsp;<\/p>","protected":false},"excerpt":{"rendered":"<p>Acquistare K2 spice paper Introduzione a K2 Spice: Acquistare K2 spice paper. Spiega che cos'\u00e8 K2 Spice e come \u00e8<\/p>","protected":false},"featured_media":27870,"comment_status":"open","ping_status":"closed","template":"","meta":[],"product_brand":[],"product_cat":[72],"product_tag":[],"class_list":{"0":"post-27841","1":"product","2":"type-product","3":"status-publish","4":"has-post-thumbnail","6":"product_cat-k2-products","8":"first","9":"instock","10":"shipping-taxable","11":"purchasable","12":"product-type-variable"},"yoast_head":"<!-- This site is optimized with the Yoast SEO Premium plugin v24.1 (Yoast SEO v27.3) - https:\/\/yoast.com\/product\/yoast-seo-premium-wordpress\/ -->\n<title>Buy K2 spice paperPremium Quality RC&#039;s | ChemsXpress<\/title>\n<meta name=\"description\" content=\"Buy K2 spice paper at ChemsXpress. Premium research chemicals, fast shipping. Trust our quality assurance for all your research needs. Order now\" \/>\n<meta name=\"robots\" content=\"index, follow, max-snippet:-1, max-image-preview:large, max-video-preview:-1\" \/>\n<link rel=\"canonical\" href=\"https:\/\/chemsxpress.com\/it\/prodotto\/acquistare-la-carta-delle-spezie-k2\/\" \/>\n<meta property=\"og:locale\" content=\"it_IT\" \/>\n<meta property=\"og:type\" content=\"article\" \/>\n<meta property=\"og:title\" content=\"K2 spice paper\" \/>\n<meta property=\"og:description\" content=\"Buy K2 spice paper at ChemsXpress. Premium research chemicals, fast shipping. Trust our quality assurance for all your research needs. Order now\" \/>\n<meta property=\"og:url\" content=\"https:\/\/chemsxpress.com\/it\/prodotto\/acquistare-la-carta-delle-spezie-k2\/\" \/>\n<meta property=\"og:site_name\" content=\"SHOP MDPHP\" \/>\n<meta property=\"article:modified_time\" content=\"2024-07-04T23:59:01+00:00\" \/>\n<meta property=\"og:image\" content=\"https:\/\/chemsxpress.com\/wp-content\/uploads\/2024\/04\/spice-paper-for-sale.jpg\" \/>\n\t<meta property=\"og:image:width\" content=\"1000\" \/>\n\t<meta property=\"og:image:height\" content=\"1000\" \/>\n\t<meta property=\"og:image:type\" content=\"image\/jpeg\" \/>\n<meta name=\"twitter:card\" content=\"summary_large_image\" \/>\n<meta name=\"twitter:label1\" content=\"Tempo di lettura stimato\" \/>\n\t<meta name=\"twitter:data1\" content=\"2 minuti\" \/>\n<script type=\"application\/ld+json\" class=\"yoast-schema-graph\">{\"@context\":\"https:\\\/\\\/schema.org\",\"@graph\":[{\"@type\":\"WebPage\",\"@id\":\"https:\\\/\\\/chemsxpress.com\\\/product\\\/buy-k2-spice-paper\\\/\",\"url\":\"https:\\\/\\\/chemsxpress.com\\\/product\\\/buy-k2-spice-paper\\\/\",\"name\":\"Buy K2 spice paperPremium Quality RC's | ChemsXpress\",\"isPartOf\":{\"@id\":\"https:\\\/\\\/chemsxpress.com\\\/#website\"},\"primaryImageOfPage\":{\"@id\":\"https:\\\/\\\/chemsxpress.com\\\/product\\\/buy-k2-spice-paper\\\/#primaryimage\"},\"image\":{\"@id\":\"https:\\\/\\\/chemsxpress.com\\\/product\\\/buy-k2-spice-paper\\\/#primaryimage\"},\"thumbnailUrl\":\"https:\\\/\\\/chemsxpress.com\\\/wp-content\\\/uploads\\\/2024\\\/04\\\/spice-paper-for-sale.jpg\",\"datePublished\":\"2024-04-29T13:12:41+00:00\",\"dateModified\":\"2024-07-04T23:59:01+00:00\",\"description\":\"Buy K2 spice paper at ChemsXpress. Premium research chemicals, fast shipping. Trust our quality assurance for all your research needs. Order now\",\"breadcrumb\":{\"@id\":\"https:\\\/\\\/chemsxpress.com\\\/product\\\/buy-k2-spice-paper\\\/#breadcrumb\"},\"inLanguage\":\"it-IT\",\"potentialAction\":[{\"@type\":\"ReadAction\",\"target\":[\"https:\\\/\\\/chemsxpress.com\\\/product\\\/buy-k2-spice-paper\\\/\"]}]},{\"@type\":\"ImageObject\",\"inLanguage\":\"it-IT\",\"@id\":\"https:\\\/\\\/chemsxpress.com\\\/product\\\/buy-k2-spice-paper\\\/#primaryimage\",\"url\":\"https:\\\/\\\/chemsxpress.com\\\/wp-content\\\/uploads\\\/2024\\\/04\\\/spice-paper-for-sale.jpg\",\"contentUrl\":\"https:\\\/\\\/chemsxpress.com\\\/wp-content\\\/uploads\\\/2024\\\/04\\\/spice-paper-for-sale.jpg\",\"width\":1000,\"height\":1000,\"caption\":\"Buy K2 spice paper\"},{\"@type\":\"BreadcrumbList\",\"@id\":\"https:\\\/\\\/chemsxpress.com\\\/product\\\/buy-k2-spice-paper\\\/#breadcrumb\",\"itemListElement\":[{\"@type\":\"ListItem\",\"position\":1,\"name\":\"Home\",\"item\":\"https:\\\/\\\/chemsxpress.com\\\/\"},{\"@type\":\"ListItem\",\"position\":2,\"name\":\"Shop\",\"item\":\"https:\\\/\\\/chemsxpress.com\\\/shop\\\/\"},{\"@type\":\"ListItem\",\"position\":3,\"name\":\"K2 spice paper\"}]},{\"@type\":\"WebSite\",\"@id\":\"https:\\\/\\\/chemsxpress.com\\\/#website\",\"url\":\"https:\\\/\\\/chemsxpress.com\\\/\",\"name\":\"SHOP MDPHP\",\"description\":\"Buy MDPHP freebase from reliable supplier\",\"potentialAction\":[{\"@type\":\"SearchAction\",\"target\":{\"@type\":\"EntryPoint\",\"urlTemplate\":\"https:\\\/\\\/chemsxpress.com\\\/?s={search_term_string}\"},\"query-input\":{\"@type\":\"PropertyValueSpecification\",\"valueRequired\":true,\"valueName\":\"search_term_string\"}}],\"inLanguage\":\"it-IT\"}]}<\/script>\n<!-- \/ Yoast SEO Premium plugin. -->","yoast_head_json":{"title":"Acquista carta speziata K2 RC di qualit\u00e0 premium | ChemsXpress","description":"Acquista Purple Diesel Spice su ChemsXpress. Prodotti chimici di ricerca premium, spedizione veloce. Affidati alla nostra garanzia di qualit\u00e0 per tutte le tue esigenze di ricerca. Ordina ora","robots":{"index":"index","follow":"follow","max-snippet":"max-snippet:-1","max-image-preview":"max-image-preview:large","max-video-preview":"max-video-preview:-1"},"canonical":"https:\/\/chemsxpress.com\/it\/prodotto\/acquistare-la-carta-delle-spezie-k2\/","og_locale":"it_IT","og_type":"article","og_title":"K2 spice paper","og_description":"Buy K2 spice paper at ChemsXpress. Premium research chemicals, fast shipping. Trust our quality assurance for all your research needs. Order now","og_url":"https:\/\/chemsxpress.com\/it\/prodotto\/acquistare-la-carta-delle-spezie-k2\/","og_site_name":"SHOP MDPHP","article_modified_time":"2024-07-04T23:59:01+00:00","og_image":[{"width":1000,"height":1000,"url":"https:\/\/chemsxpress.com\/wp-content\/uploads\/2024\/04\/spice-paper-for-sale.jpg","type":"image\/jpeg"}],"twitter_card":"summary_large_image","twitter_misc":{"Tempo di lettura stimato":"2 minuti"},"schema":{"@context":"https:\/\/schema.org","@graph":[{"@type":"WebPage","@id":"https:\/\/chemsxpress.com\/product\/buy-k2-spice-paper\/","url":"https:\/\/chemsxpress.com\/product\/buy-k2-spice-paper\/","name":"Acquista carta speziata K2 RC di qualit\u00e0 premium | ChemsXpress","isPartOf":{"@id":"https:\/\/chemsxpress.com\/#website"},"primaryImageOfPage":{"@id":"https:\/\/chemsxpress.com\/product\/buy-k2-spice-paper\/#primaryimage"},"image":{"@id":"https:\/\/chemsxpress.com\/product\/buy-k2-spice-paper\/#primaryimage"},"thumbnailUrl":"https:\/\/chemsxpress.com\/wp-content\/uploads\/2024\/04\/spice-paper-for-sale.jpg","datePublished":"2024-04-29T13:12:41+00:00","dateModified":"2024-07-04T23:59:01+00:00","description":"Acquista Purple Diesel Spice su ChemsXpress. Prodotti chimici di ricerca premium, spedizione veloce. Affidati alla nostra garanzia di qualit\u00e0 per tutte le tue esigenze di ricerca. Ordina ora","breadcrumb":{"@id":"https:\/\/chemsxpress.com\/product\/buy-k2-spice-paper\/#breadcrumb"},"inLanguage":"it-IT","potentialAction":[{"@type":"ReadAction","target":["https:\/\/chemsxpress.com\/product\/buy-k2-spice-paper\/"]}]},{"@type":"ImageObject","inLanguage":"it-IT","@id":"https:\/\/chemsxpress.com\/product\/buy-k2-spice-paper\/#primaryimage","url":"https:\/\/chemsxpress.com\/wp-content\/uploads\/2024\/04\/spice-paper-for-sale.jpg","contentUrl":"https:\/\/chemsxpress.com\/wp-content\/uploads\/2024\/04\/spice-paper-for-sale.jpg","width":1000,"height":1000,"caption":"Buy K2 spice paper"},{"@type":"BreadcrumbList","@id":"https:\/\/chemsxpress.com\/product\/buy-k2-spice-paper\/#breadcrumb","itemListElement":[{"@type":"ListItem","position":1,"name":"Home","item":"https:\/\/chemsxpress.com\/"},{"@type":"ListItem","position":2,"name":"Shop","item":"https:\/\/chemsxpress.com\/shop\/"},{"@type":"ListItem","position":3,"name":"K2 spice paper"}]},{"@type":"WebSite","@id":"https:\/\/chemsxpress.com\/#website","url":"https:\/\/chemsxpress.com\/","name":"NEGOZIO MDP","description":"Acquistare MDPHP freebase da un fornitore affidabile","potentialAction":[{"@type":"SearchAction","target":{"@type":"EntryPoint","urlTemplate":"https:\/\/chemsxpress.com\/?s={search_term_string}"},"query-input":{"@type":"PropertyValueSpecification","valueRequired":true,"valueName":"search_term_string"}}],"inLanguage":"it-IT"}]}},"jetpack_sharing_enabled":true,"_links":{"self":[{"href":"https:\/\/chemsxpress.com\/it\/wp-json\/wp\/v2\/product\/27841","targetHints":{"allow":["GET"]}}],"collection":[{"href":"https:\/\/chemsxpress.com\/it\/wp-json\/wp\/v2\/product"}],"about":[{"href":"https:\/\/chemsxpress.com\/it\/wp-json\/wp\/v2\/types\/product"}],"replies":[{"embeddable":true,"href":"https:\/\/chemsxpress.com\/it\/wp-json\/wp\/v2\/comments?post=27841"}],"version-history":[{"count":3,"href":"https:\/\/chemsxpress.com\/it\/wp-json\/wp\/v2\/product\/27841\/revisions"}],"predecessor-version":[{"id":30100,"href":"https:\/\/chemsxpress.com\/it\/wp-json\/wp\/v2\/product\/27841\/revisions\/30100"}],"wp:featuredmedia":[{"embeddable":true,"href":"https:\/\/chemsxpress.com\/it\/wp-json\/wp\/v2\/media\/27870"}],"wp:attachment":[{"href":"https:\/\/chemsxpress.com\/it\/wp-json\/wp\/v2\/media?parent=27841"}],"wp:term":[{"taxonomy":"product_brand","embeddable":true,"href":"https:\/\/chemsxpress.com\/it\/wp-json\/wp\/v2\/product_brand?post=27841"},{"taxonomy":"product_cat","embeddable":true,"href":"https:\/\/chemsxpress.com\/it\/wp-json\/wp\/v2\/product_cat?post=27841"},{"taxonomy":"product_tag","embeddable":true,"href":"https:\/\/chemsxpress.com\/it\/wp-json\/wp\/v2\/product_tag?post=27841"}],"curies":[{"name":"wp","href":"https:\/\/api.w.org\/{rel}","templated":true}]}}