{"id":27842,"date":"2024-04-29T13:12:41","date_gmt":"2024-04-29T13:12:41","guid":{"rendered":"https:\/\/chemsxpress.com\/?post_type=product&#038;p=27842"},"modified":"2024-07-04T23:58:08","modified_gmt":"2024-07-04T23:58:08","slug":"acquistare-k2-spice-spray-diablo","status":"publish","type":"product","link":"https:\/\/chemsxpress.com\/it\/prodotto\/acquistare-k2-spice-spray-diablo\/","title":{"rendered":"K2 spezia spray diablo"},"content":{"rendered":"<h1>Comprare K2 spice spray diablo<\/h1>\n<h2>K2 Spray alle spezie Diablo<\/h2>\n<p>Comprare K2 spice spray diablo, Diablo K2 liquido spray su carta \u00e8 uno degli articoli pi\u00f9 venduti dalla societ\u00e0 Diablo, la pi\u00f9 quotata. Il liquido \u00e8 estratto da cannabinoidi sintetici che sono simili ai cannabinoidi che provengono dalla pianta di cannabis. L'incenso viene preparato sotto la supervisione di personale qualificato in laboratori di analisi. Viene estratto da <a href=\"https:\/\/chemsxpress.com\/it\/categoria-di-prodotto\/ricerca-chimica\/\">ricerca chimica<\/a> che vengono preparati sotto la supervisione di personale qualificato nei laboratori di prova.<\/p>\n<p>Quando il liquido viene estratto, viene soppresso in spray K2 e poi spruzzato su carta da stampa in formato A4. Il modo perfetto per rilassarsi dopo una giornata stressante. Lo spray liquido Diablo K2 sta andando a ruba grazie alla sua composizione chimica che aiuta a sballarsi in pochi minuti, ecco perch\u00e9 la gente lo richiede pi\u00f9 di prima.<\/p>\n<h2>Propriet\u00e0:<\/h2>\n<ul>\n<li>Risultati duraturi<\/li>\n<li>Fumo di piacere<\/li>\n<li>Molto potente<\/li>\n<li>Alto Af<\/li>\n<\/ul>\n<h2>Ambiente di utilizzo:<\/h2>\n<p>\u00c8 possibile utilizzare le lastre Diablo K2 in qualsiasi tipo di ambiente. Inoltre, si consiglia di utilizzarlo in ambienti chiusi per godere al meglio del sapore del prodotto desiderato. \u00c8 perfetto da gustare alle feste con i vecchi amici grazie alla sua ricca potenza, che rimarranno sorpresi dai risultati di questo liquido spray senza grandi sforzi per sballarsi.<\/p>\n<h2>Effetti della carta Diablo k2:<\/h2>\n<p>Lo spray liquido Diablo K2, sulla carta, funziona come una delle droghe ad azione rapida e vi far\u00e0 sentire potenziati in pochi minuti. Il modo migliore per consumare e risparmiare tempo \u00e8 perch\u00e9 questo \u00e8 gi\u00e0 un prodotto completo da consumare, dopo aver consumato una piccola quantit\u00e0 di esso vi sentirete alti al culmine. La maggior parte delle persone ha utilizzato le lastre di Diablo K2 per migliorare le proprie capacit\u00e0 lavorative grazie alla loro forma estratta pura e alcuni di loro utilizzano questo prodotto per superare la depressione e l'ansia.<\/p>\n<h2>Non utilizzare la carta Diablo k2:<\/h2>\n<ul>\n<li>Le donne in gravidanza non possono usare questo prodotto.<\/li>\n<li>NON UTILIZZARE questo prodotto prima dei 18 anni.<\/li>\n<\/ul>\n<h2>Esclusione di responsabilit\u00e0:<\/h2>\n<p>Utilizzate i fogli di incenso Diablo solo per il trattamento di alcune malattie mentali e non per il consumo quotidiano. Utilizzatelo in quantit\u00e0 ridotte se lo usate per la prima volta.<br \/>\nInoltre, questi fogli infusi di incenso Diablo non sono fatti per essere usati nella routine quotidiana; un uso eccessivo di questo prodotto pu\u00f2 portare a gravi malattie mentali dopo qualche tempo e ad altri problemi di salute. I produttori e i rivenditori non sono responsabili di un uso improprio. Attenzione!<\/p>\n<p><a href=\"https:\/\/chemsxpress.com\/it\/\">ChemsXpress<\/a> si impegna a sostenere la ricerca scientifica e l'innovazione fornendo ai ricercatori l'accesso a prodotti chimici di qualit\u00e0 superiore. Esplorate il nostro ampio catalogo di quattro incensi alle erbe e intraprendete il vostro viaggio scientifico con fiducia e sicurezza in ChemsXpress.<\/p>","protected":false},"excerpt":{"rendered":"<p>Acquistare K2 spice spray diablo K2 Spice Spray Diablo Acquistare K2 spice spray diablo, Diablo K2 spray liquido su carta<\/p>","protected":false},"featured_media":27872,"comment_status":"open","ping_status":"closed","template":"","meta":[],"product_brand":[],"product_cat":[72],"product_tag":[],"class_list":{"0":"post-27842","1":"product","2":"type-product","3":"status-publish","4":"has-post-thumbnail","6":"product_cat-k2-products","8":"first","9":"instock","10":"shipping-taxable","11":"purchasable","12":"product-type-variable"},"yoast_head":"<!-- This site is optimized with the Yoast SEO Premium plugin v24.1 (Yoast SEO v27.4) - https:\/\/yoast.com\/product\/yoast-seo-premium-wordpress\/ -->\n<title>Buy K2 spice spray diablo Premium Quality | ChemsXpress<\/title>\n<meta name=\"description\" content=\"Buy K2 spice spray diablo at ChemsXpress. Premium , fast shipping. Trust our quality assurance for all your research needs. Order now\" \/>\n<meta name=\"robots\" content=\"index, follow, max-snippet:-1, max-image-preview:large, max-video-preview:-1\" \/>\n<link rel=\"canonical\" href=\"https:\/\/chemsxpress.com\/it\/prodotto\/acquistare-k2-spice-spray-diablo\/\" \/>\n<meta property=\"og:locale\" content=\"it_IT\" \/>\n<meta property=\"og:type\" content=\"article\" \/>\n<meta property=\"og:title\" content=\"K2 spice spray diablo\" \/>\n<meta property=\"og:description\" content=\"Buy K2 spice spray diablo at ChemsXpress. Premium , fast shipping. Trust our quality assurance for all your research needs. Order now\" \/>\n<meta property=\"og:url\" content=\"https:\/\/chemsxpress.com\/it\/prodotto\/acquistare-k2-spice-spray-diablo\/\" \/>\n<meta property=\"og:site_name\" content=\"SHOP MDPHP\" \/>\n<meta property=\"article:modified_time\" content=\"2024-07-04T23:58:08+00:00\" \/>\n<meta property=\"og:image\" content=\"https:\/\/chemsxpress.com\/wp-content\/uploads\/2024\/04\/K2-Spice-Spray-Diablo-1.jpg\" \/>\n\t<meta property=\"og:image:width\" content=\"800\" \/>\n\t<meta property=\"og:image:height\" content=\"800\" \/>\n\t<meta property=\"og:image:type\" content=\"image\/jpeg\" \/>\n<meta name=\"twitter:card\" content=\"summary_large_image\" \/>\n<meta name=\"twitter:label1\" content=\"Tempo di lettura stimato\" \/>\n\t<meta name=\"twitter:data1\" content=\"3 minuti\" \/>\n<script type=\"application\/ld+json\" class=\"yoast-schema-graph\">{\"@context\":\"https:\\\/\\\/schema.org\",\"@graph\":[{\"@type\":\"WebPage\",\"@id\":\"https:\\\/\\\/chemsxpress.com\\\/product\\\/buy-k2-spice-spray-diablo\\\/\",\"url\":\"https:\\\/\\\/chemsxpress.com\\\/product\\\/buy-k2-spice-spray-diablo\\\/\",\"name\":\"Buy K2 spice spray diablo Premium Quality | ChemsXpress\",\"isPartOf\":{\"@id\":\"https:\\\/\\\/chemsxpress.com\\\/#website\"},\"primaryImageOfPage\":{\"@id\":\"https:\\\/\\\/chemsxpress.com\\\/product\\\/buy-k2-spice-spray-diablo\\\/#primaryimage\"},\"image\":{\"@id\":\"https:\\\/\\\/chemsxpress.com\\\/product\\\/buy-k2-spice-spray-diablo\\\/#primaryimage\"},\"thumbnailUrl\":\"https:\\\/\\\/chemsxpress.com\\\/wp-content\\\/uploads\\\/2024\\\/04\\\/K2-Spice-Spray-Diablo-1.jpg\",\"datePublished\":\"2024-04-29T13:12:41+00:00\",\"dateModified\":\"2024-07-04T23:58:08+00:00\",\"description\":\"Buy K2 spice spray diablo at ChemsXpress. Premium , fast shipping. Trust our quality assurance for all your research needs. Order now\",\"breadcrumb\":{\"@id\":\"https:\\\/\\\/chemsxpress.com\\\/product\\\/buy-k2-spice-spray-diablo\\\/#breadcrumb\"},\"inLanguage\":\"it-IT\",\"potentialAction\":[{\"@type\":\"ReadAction\",\"target\":[\"https:\\\/\\\/chemsxpress.com\\\/product\\\/buy-k2-spice-spray-diablo\\\/\"]}]},{\"@type\":\"ImageObject\",\"inLanguage\":\"it-IT\",\"@id\":\"https:\\\/\\\/chemsxpress.com\\\/product\\\/buy-k2-spice-spray-diablo\\\/#primaryimage\",\"url\":\"https:\\\/\\\/chemsxpress.com\\\/wp-content\\\/uploads\\\/2024\\\/04\\\/K2-Spice-Spray-Diablo-1.jpg\",\"contentUrl\":\"https:\\\/\\\/chemsxpress.com\\\/wp-content\\\/uploads\\\/2024\\\/04\\\/K2-Spice-Spray-Diablo-1.jpg\",\"width\":800,\"height\":800,\"caption\":\"Buy K2 spice spray diablo\"},{\"@type\":\"BreadcrumbList\",\"@id\":\"https:\\\/\\\/chemsxpress.com\\\/product\\\/buy-k2-spice-spray-diablo\\\/#breadcrumb\",\"itemListElement\":[{\"@type\":\"ListItem\",\"position\":1,\"name\":\"Home\",\"item\":\"https:\\\/\\\/chemsxpress.com\\\/\"},{\"@type\":\"ListItem\",\"position\":2,\"name\":\"Shop\",\"item\":\"https:\\\/\\\/chemsxpress.com\\\/shop\\\/\"},{\"@type\":\"ListItem\",\"position\":3,\"name\":\"K2 spice spray diablo\"}]},{\"@type\":\"WebSite\",\"@id\":\"https:\\\/\\\/chemsxpress.com\\\/#website\",\"url\":\"https:\\\/\\\/chemsxpress.com\\\/\",\"name\":\"SHOP MDPHP\",\"description\":\"Buy MDPHP freebase from reliable supplier\",\"potentialAction\":[{\"@type\":\"SearchAction\",\"target\":{\"@type\":\"EntryPoint\",\"urlTemplate\":\"https:\\\/\\\/chemsxpress.com\\\/?s={search_term_string}\"},\"query-input\":{\"@type\":\"PropertyValueSpecification\",\"valueRequired\":true,\"valueName\":\"search_term_string\"}}],\"inLanguage\":\"it-IT\"}]}<\/script>\n<!-- \/ Yoast SEO Premium plugin. -->","yoast_head_json":{"title":"Acquista K2 spray speziato diablo qualit\u00e0 Premium | ChemsXpress","description":"Acquista Diablo spray speziato K2 su ChemsXpress. Premium, spedizione veloce. Affidati alla nostra garanzia di qualit\u00e0 per tutte le tue esigenze di ricerca. Ordina ora","robots":{"index":"index","follow":"follow","max-snippet":"max-snippet:-1","max-image-preview":"max-image-preview:large","max-video-preview":"max-video-preview:-1"},"canonical":"https:\/\/chemsxpress.com\/it\/prodotto\/acquistare-k2-spice-spray-diablo\/","og_locale":"it_IT","og_type":"article","og_title":"K2 spice spray diablo","og_description":"Buy K2 spice spray diablo at ChemsXpress. Premium , fast shipping. Trust our quality assurance for all your research needs. Order now","og_url":"https:\/\/chemsxpress.com\/it\/prodotto\/acquistare-k2-spice-spray-diablo\/","og_site_name":"SHOP MDPHP","article_modified_time":"2024-07-04T23:58:08+00:00","og_image":[{"width":800,"height":800,"url":"https:\/\/chemsxpress.com\/wp-content\/uploads\/2024\/04\/K2-Spice-Spray-Diablo-1.jpg","type":"image\/jpeg"}],"twitter_card":"summary_large_image","twitter_misc":{"Tempo di lettura stimato":"3 minuti"},"schema":{"@context":"https:\/\/schema.org","@graph":[{"@type":"WebPage","@id":"https:\/\/chemsxpress.com\/product\/buy-k2-spice-spray-diablo\/","url":"https:\/\/chemsxpress.com\/product\/buy-k2-spice-spray-diablo\/","name":"Acquista K2 spray speziato diablo qualit\u00e0 Premium | ChemsXpress","isPartOf":{"@id":"https:\/\/chemsxpress.com\/#website"},"primaryImageOfPage":{"@id":"https:\/\/chemsxpress.com\/product\/buy-k2-spice-spray-diablo\/#primaryimage"},"image":{"@id":"https:\/\/chemsxpress.com\/product\/buy-k2-spice-spray-diablo\/#primaryimage"},"thumbnailUrl":"https:\/\/chemsxpress.com\/wp-content\/uploads\/2024\/04\/K2-Spice-Spray-Diablo-1.jpg","datePublished":"2024-04-29T13:12:41+00:00","dateModified":"2024-07-04T23:58:08+00:00","description":"Acquista Diablo spray speziato K2 su ChemsXpress. Premium, spedizione veloce. Affidati alla nostra garanzia di qualit\u00e0 per tutte le tue esigenze di ricerca. Ordina ora","breadcrumb":{"@id":"https:\/\/chemsxpress.com\/product\/buy-k2-spice-spray-diablo\/#breadcrumb"},"inLanguage":"it-IT","potentialAction":[{"@type":"ReadAction","target":["https:\/\/chemsxpress.com\/product\/buy-k2-spice-spray-diablo\/"]}]},{"@type":"ImageObject","inLanguage":"it-IT","@id":"https:\/\/chemsxpress.com\/product\/buy-k2-spice-spray-diablo\/#primaryimage","url":"https:\/\/chemsxpress.com\/wp-content\/uploads\/2024\/04\/K2-Spice-Spray-Diablo-1.jpg","contentUrl":"https:\/\/chemsxpress.com\/wp-content\/uploads\/2024\/04\/K2-Spice-Spray-Diablo-1.jpg","width":800,"height":800,"caption":"Buy K2 spice spray diablo"},{"@type":"BreadcrumbList","@id":"https:\/\/chemsxpress.com\/product\/buy-k2-spice-spray-diablo\/#breadcrumb","itemListElement":[{"@type":"ListItem","position":1,"name":"Home","item":"https:\/\/chemsxpress.com\/"},{"@type":"ListItem","position":2,"name":"Shop","item":"https:\/\/chemsxpress.com\/shop\/"},{"@type":"ListItem","position":3,"name":"K2 spice spray diablo"}]},{"@type":"WebSite","@id":"https:\/\/chemsxpress.com\/#website","url":"https:\/\/chemsxpress.com\/","name":"NEGOZIO MDP","description":"Acquistare MDPHP freebase da un fornitore affidabile","potentialAction":[{"@type":"SearchAction","target":{"@type":"EntryPoint","urlTemplate":"https:\/\/chemsxpress.com\/?s={search_term_string}"},"query-input":{"@type":"PropertyValueSpecification","valueRequired":true,"valueName":"search_term_string"}}],"inLanguage":"it-IT"}]}},"jetpack_sharing_enabled":true,"_links":{"self":[{"href":"https:\/\/chemsxpress.com\/it\/wp-json\/wp\/v2\/product\/27842","targetHints":{"allow":["GET"]}}],"collection":[{"href":"https:\/\/chemsxpress.com\/it\/wp-json\/wp\/v2\/product"}],"about":[{"href":"https:\/\/chemsxpress.com\/it\/wp-json\/wp\/v2\/types\/product"}],"replies":[{"embeddable":true,"href":"https:\/\/chemsxpress.com\/it\/wp-json\/wp\/v2\/comments?post=27842"}],"version-history":[{"count":4,"href":"https:\/\/chemsxpress.com\/it\/wp-json\/wp\/v2\/product\/27842\/revisions"}],"predecessor-version":[{"id":30099,"href":"https:\/\/chemsxpress.com\/it\/wp-json\/wp\/v2\/product\/27842\/revisions\/30099"}],"wp:featuredmedia":[{"embeddable":true,"href":"https:\/\/chemsxpress.com\/it\/wp-json\/wp\/v2\/media\/27872"}],"wp:attachment":[{"href":"https:\/\/chemsxpress.com\/it\/wp-json\/wp\/v2\/media?parent=27842"}],"wp:term":[{"taxonomy":"product_brand","embeddable":true,"href":"https:\/\/chemsxpress.com\/it\/wp-json\/wp\/v2\/product_brand?post=27842"},{"taxonomy":"product_cat","embeddable":true,"href":"https:\/\/chemsxpress.com\/it\/wp-json\/wp\/v2\/product_cat?post=27842"},{"taxonomy":"product_tag","embeddable":true,"href":"https:\/\/chemsxpress.com\/it\/wp-json\/wp\/v2\/product_tag?post=27842"}],"curies":[{"name":"wp","href":"https:\/\/api.w.org\/{rel}","templated":true}]}}