{"id":27847,"date":"2024-04-29T13:12:41","date_gmt":"2024-04-29T13:12:41","guid":{"rendered":"https:\/\/chemsxpress.com\/?post_type=product&#038;p=27847"},"modified":"2024-07-04T23:57:38","modified_gmt":"2024-07-04T23:57:38","slug":"acquistare-lincenso-spaziale-di-angry-birds","status":"publish","type":"product","link":"https:\/\/chemsxpress.com\/it\/prodotto\/acquistare-lincenso-spaziale-di-angry-birds\/","title":{"rendered":"Incenso spaziale Angry Birds"},"content":{"rendered":"<h1>Acquista l'incenso Angry Birds Space<\/h1>\n<p>Acquista l'incenso Angry Birds Space, l'incenso alle erbe Angry Birds Space fa addormentare i clienti esperti con la sola fragranza di un piccolo tocco. I nuovi clienti devono fare attenzione all'uso di questo prodotto.<\/p>\n<h2>Dove si usa questo prodotto?<\/h2>\n<p>Soprattutto in ambienti chiusi, non pu\u00f2 essere usato per via orale e pu\u00f2 essere usato inalando direttamente la sostanza.<\/p>\n<h2>Quando si dovrebbe usare il prodotto?<\/h2>\n<p>Le persone che hanno usato questo prodotto sono contente di fumarlo, perch\u00e9 avr\u00e0 un effetto positivo sul vostro corpo. Alcuni dicono che \u00e8 un'\"erba medicinale\" e molti dicono che \u00e8 un'erba miracolosa che pu\u00f2 essere usata per curare varie malattie, in particolare come agente rilassante e ha una grande qualit\u00e0 di cambiamento d'umore e propriet\u00e0 di liberazione dallo stress. Da quando abbiamo introdotto questo prodotto di recente, gli ordini stanno arrivando molto velocemente, a dimostrazione del fatto che i clienti lo amano come farmaco. Tuttavia, avvertiamo che questo prodotto non \u00e8 adatto a persone di et\u00e0 inferiore ai 18 anni.<\/p>\n<p><a href=\"https:\/\/chemsxpress.com\/it\/\">ChemsXpress<\/a> si impegna a sostenere la ricerca scientifica e l'innovazione fornendo ai ricercatori l'accesso a prodotti chimici per la ricerca di qualit\u00e0 superiore. Esplorate il nostro ampio catalogo di prodotti chimici per la ricerca, che comprende <a href=\"https:\/\/chemsxpress.com\/it\/prodotto\/acquistare-lincenso-alle-erbe-space-cadet\/\">incenso alle erbe\u00a0<\/a> e intraprendete il vostro viaggio scientifico con fiducia e sicurezza in ChemsXpress.<\/p>\n<p>I prodotti di incenso a base di erbe come \"Angry Birds Space Incense\" sono spesso commercializzati come alternative legali alla cannabis o come prodotti per l'aromaterapia. Tuttavia, possono contenere cannabinoidi sintetici o altre sostanze che possono avere effetti imprevedibili e comportare rischi significativi per la salute.<\/p>\n<p>Dati i potenziali pericoli associati a questi prodotti, \u00e8 essenziale dare priorit\u00e0 alla salute e alla sicurezza. Se state cercando informazioni sulle sostanze a scopo di ricerca o avete domande sull'abuso di sostanze, prendete in considerazione la possibilit\u00e0 di consultare fonti affidabili come professionisti della sanit\u00e0, specialisti delle dipendenze o organizzazioni di salute pubblica.<\/p>\n<p>Se voi o qualcuno che conoscete sta lottando contro l'abuso di sostanze, \u00e8 importante cercare l'aiuto di professionisti qualificati che possano fornire supporto, guida e opzioni di trattamento. Inoltre, promuovere la consapevolezza dei rischi associati all'abuso di sostanze e sostenere le iniziative di prevenzione e riduzione dei danni basate su dati concreti pu\u00f2 aiutare a proteggere gli individui e le persone. <a href=\"https:\/\/chemsxpress.com\/it\/categoria-di-prodotto\/ricerca-chimica\/\">comunit\u00e0.<\/a><\/p>","protected":false},"excerpt":{"rendered":"<p>Acquista l'incenso Angry Birds Space Acquista l'incenso Angry Birds Space, l'incenso alle erbe Angry Birds Space fa addormentare i clienti esperti.<\/p>","protected":false},"featured_media":27874,"comment_status":"open","ping_status":"closed","template":"","meta":[],"product_brand":[],"product_cat":[73],"product_tag":[],"class_list":{"0":"post-27847","1":"product","2":"type-product","3":"status-publish","4":"has-post-thumbnail","6":"product_cat-herbal-incense","8":"first","9":"instock","10":"shipping-taxable","11":"purchasable","12":"product-type-variable"},"yoast_head":"<!-- This site is optimized with the Yoast SEO Premium plugin v24.1 (Yoast SEO v27.5) - https:\/\/yoast.com\/product\/yoast-seo-premium-wordpress\/ -->\n<title>Buy Angry Birds Space Incense | Premium incense ChemsXpress<\/title>\n<meta name=\"description\" content=\"Buy Angry Birds Space Incense at ChemsXpress. Premium herbal incense, fast shipping. Trust our quality assurance for all your research needs. Order now\" \/>\n<meta name=\"robots\" content=\"index, follow, max-snippet:-1, max-image-preview:large, max-video-preview:-1\" \/>\n<link rel=\"canonical\" href=\"https:\/\/chemsxpress.com\/it\/prodotto\/acquistare-lincenso-spaziale-di-angry-birds\/\" \/>\n<meta property=\"og:locale\" content=\"it_IT\" \/>\n<meta property=\"og:type\" content=\"article\" \/>\n<meta property=\"og:title\" content=\"Angry Birds Space Incense\" \/>\n<meta property=\"og:description\" content=\"Buy Angry Birds Space Incense at ChemsXpress. Premium herbal incense, fast shipping. Trust our quality assurance for all your research needs. Order now\" \/>\n<meta property=\"og:url\" content=\"https:\/\/chemsxpress.com\/it\/prodotto\/acquistare-lincenso-spaziale-di-angry-birds\/\" \/>\n<meta property=\"og:site_name\" content=\"SHOP MDPHP\" \/>\n<meta property=\"article:modified_time\" content=\"2024-07-04T23:57:38+00:00\" \/>\n<meta property=\"og:image\" content=\"https:\/\/chemsxpress.com\/wp-content\/uploads\/2024\/04\/angry-birds-space-incense.jpg\" \/>\n\t<meta property=\"og:image:width\" content=\"800\" \/>\n\t<meta property=\"og:image:height\" content=\"800\" \/>\n\t<meta property=\"og:image:type\" content=\"image\/jpeg\" \/>\n<meta name=\"twitter:card\" content=\"summary_large_image\" \/>\n<meta name=\"twitter:label1\" content=\"Tempo di lettura stimato\" \/>\n\t<meta name=\"twitter:data1\" content=\"2 minuti\" \/>\n<script type=\"application\/ld+json\" class=\"yoast-schema-graph\">{\"@context\":\"https:\\\/\\\/schema.org\",\"@graph\":[{\"@type\":\"WebPage\",\"@id\":\"https:\\\/\\\/chemsxpress.com\\\/product\\\/buy-angry-birds-space-incense\\\/\",\"url\":\"https:\\\/\\\/chemsxpress.com\\\/product\\\/buy-angry-birds-space-incense\\\/\",\"name\":\"Buy Angry Birds Space Incense | Premium incense ChemsXpress\",\"isPartOf\":{\"@id\":\"https:\\\/\\\/chemsxpress.com\\\/#website\"},\"primaryImageOfPage\":{\"@id\":\"https:\\\/\\\/chemsxpress.com\\\/product\\\/buy-angry-birds-space-incense\\\/#primaryimage\"},\"image\":{\"@id\":\"https:\\\/\\\/chemsxpress.com\\\/product\\\/buy-angry-birds-space-incense\\\/#primaryimage\"},\"thumbnailUrl\":\"https:\\\/\\\/chemsxpress.com\\\/wp-content\\\/uploads\\\/2024\\\/04\\\/angry-birds-space-incense.jpg\",\"datePublished\":\"2024-04-29T13:12:41+00:00\",\"dateModified\":\"2024-07-04T23:57:38+00:00\",\"description\":\"Buy Angry Birds Space Incense at ChemsXpress. Premium herbal incense, fast shipping. Trust our quality assurance for all your research needs. Order now\",\"breadcrumb\":{\"@id\":\"https:\\\/\\\/chemsxpress.com\\\/product\\\/buy-angry-birds-space-incense\\\/#breadcrumb\"},\"inLanguage\":\"it-IT\",\"potentialAction\":[{\"@type\":\"ReadAction\",\"target\":[\"https:\\\/\\\/chemsxpress.com\\\/product\\\/buy-angry-birds-space-incense\\\/\"]}]},{\"@type\":\"ImageObject\",\"inLanguage\":\"it-IT\",\"@id\":\"https:\\\/\\\/chemsxpress.com\\\/product\\\/buy-angry-birds-space-incense\\\/#primaryimage\",\"url\":\"https:\\\/\\\/chemsxpress.com\\\/wp-content\\\/uploads\\\/2024\\\/04\\\/angry-birds-space-incense.jpg\",\"contentUrl\":\"https:\\\/\\\/chemsxpress.com\\\/wp-content\\\/uploads\\\/2024\\\/04\\\/angry-birds-space-incense.jpg\",\"width\":800,\"height\":800,\"caption\":\"Buy Angry Birds Space Incense\"},{\"@type\":\"BreadcrumbList\",\"@id\":\"https:\\\/\\\/chemsxpress.com\\\/product\\\/buy-angry-birds-space-incense\\\/#breadcrumb\",\"itemListElement\":[{\"@type\":\"ListItem\",\"position\":1,\"name\":\"Home\",\"item\":\"https:\\\/\\\/chemsxpress.com\\\/\"},{\"@type\":\"ListItem\",\"position\":2,\"name\":\"Shop\",\"item\":\"https:\\\/\\\/chemsxpress.com\\\/shop\\\/\"},{\"@type\":\"ListItem\",\"position\":3,\"name\":\"Angry Birds Space Incense\"}]},{\"@type\":\"WebSite\",\"@id\":\"https:\\\/\\\/chemsxpress.com\\\/#website\",\"url\":\"https:\\\/\\\/chemsxpress.com\\\/\",\"name\":\"SHOP MDPHP\",\"description\":\"Buy MDPHP freebase from reliable supplier\",\"potentialAction\":[{\"@type\":\"SearchAction\",\"target\":{\"@type\":\"EntryPoint\",\"urlTemplate\":\"https:\\\/\\\/chemsxpress.com\\\/?s={search_term_string}\"},\"query-input\":{\"@type\":\"PropertyValueSpecification\",\"valueRequired\":true,\"valueName\":\"search_term_string\"}}],\"inLanguage\":\"it-IT\"}]}<\/script>\n<!-- \/ Yoast SEO Premium plugin. -->","yoast_head_json":{"title":"Acquista incenso spaziale di Angry Birds | Incenso premium ChemsXpress","description":"Acquista l'incenso spaziale di Angry Birds su ChemsXpress. Incenso alle erbe premium, spedizione veloce. Affidati alla nostra garanzia di qualit\u00e0 per tutte le tue esigenze di ricerca. Ordina ora","robots":{"index":"index","follow":"follow","max-snippet":"max-snippet:-1","max-image-preview":"max-image-preview:large","max-video-preview":"max-video-preview:-1"},"canonical":"https:\/\/chemsxpress.com\/it\/prodotto\/acquistare-lincenso-spaziale-di-angry-birds\/","og_locale":"it_IT","og_type":"article","og_title":"Angry Birds Space Incense","og_description":"Buy Angry Birds Space Incense at ChemsXpress. Premium herbal incense, fast shipping. Trust our quality assurance for all your research needs. Order now","og_url":"https:\/\/chemsxpress.com\/it\/prodotto\/acquistare-lincenso-spaziale-di-angry-birds\/","og_site_name":"SHOP MDPHP","article_modified_time":"2024-07-04T23:57:38+00:00","og_image":[{"width":800,"height":800,"url":"https:\/\/chemsxpress.com\/wp-content\/uploads\/2024\/04\/angry-birds-space-incense.jpg","type":"image\/jpeg"}],"twitter_card":"summary_large_image","twitter_misc":{"Tempo di lettura stimato":"2 minuti"},"schema":{"@context":"https:\/\/schema.org","@graph":[{"@type":"WebPage","@id":"https:\/\/chemsxpress.com\/product\/buy-angry-birds-space-incense\/","url":"https:\/\/chemsxpress.com\/product\/buy-angry-birds-space-incense\/","name":"Acquista incenso spaziale di Angry Birds | Incenso premium ChemsXpress","isPartOf":{"@id":"https:\/\/chemsxpress.com\/#website"},"primaryImageOfPage":{"@id":"https:\/\/chemsxpress.com\/product\/buy-angry-birds-space-incense\/#primaryimage"},"image":{"@id":"https:\/\/chemsxpress.com\/product\/buy-angry-birds-space-incense\/#primaryimage"},"thumbnailUrl":"https:\/\/chemsxpress.com\/wp-content\/uploads\/2024\/04\/angry-birds-space-incense.jpg","datePublished":"2024-04-29T13:12:41+00:00","dateModified":"2024-07-04T23:57:38+00:00","description":"Acquista l'incenso spaziale di Angry Birds su ChemsXpress. Incenso alle erbe premium, spedizione veloce. Affidati alla nostra garanzia di qualit\u00e0 per tutte le tue esigenze di ricerca. Ordina ora","breadcrumb":{"@id":"https:\/\/chemsxpress.com\/product\/buy-angry-birds-space-incense\/#breadcrumb"},"inLanguage":"it-IT","potentialAction":[{"@type":"ReadAction","target":["https:\/\/chemsxpress.com\/product\/buy-angry-birds-space-incense\/"]}]},{"@type":"ImageObject","inLanguage":"it-IT","@id":"https:\/\/chemsxpress.com\/product\/buy-angry-birds-space-incense\/#primaryimage","url":"https:\/\/chemsxpress.com\/wp-content\/uploads\/2024\/04\/angry-birds-space-incense.jpg","contentUrl":"https:\/\/chemsxpress.com\/wp-content\/uploads\/2024\/04\/angry-birds-space-incense.jpg","width":800,"height":800,"caption":"Buy Angry Birds Space Incense"},{"@type":"BreadcrumbList","@id":"https:\/\/chemsxpress.com\/product\/buy-angry-birds-space-incense\/#breadcrumb","itemListElement":[{"@type":"ListItem","position":1,"name":"Home","item":"https:\/\/chemsxpress.com\/"},{"@type":"ListItem","position":2,"name":"Shop","item":"https:\/\/chemsxpress.com\/shop\/"},{"@type":"ListItem","position":3,"name":"Angry Birds Space Incense"}]},{"@type":"WebSite","@id":"https:\/\/chemsxpress.com\/#website","url":"https:\/\/chemsxpress.com\/","name":"NEGOZIO MDP","description":"Acquistare MDPHP freebase da un fornitore affidabile","potentialAction":[{"@type":"SearchAction","target":{"@type":"EntryPoint","urlTemplate":"https:\/\/chemsxpress.com\/?s={search_term_string}"},"query-input":{"@type":"PropertyValueSpecification","valueRequired":true,"valueName":"search_term_string"}}],"inLanguage":"it-IT"}]}},"jetpack_sharing_enabled":true,"_links":{"self":[{"href":"https:\/\/chemsxpress.com\/it\/wp-json\/wp\/v2\/product\/27847","targetHints":{"allow":["GET"]}}],"collection":[{"href":"https:\/\/chemsxpress.com\/it\/wp-json\/wp\/v2\/product"}],"about":[{"href":"https:\/\/chemsxpress.com\/it\/wp-json\/wp\/v2\/types\/product"}],"replies":[{"embeddable":true,"href":"https:\/\/chemsxpress.com\/it\/wp-json\/wp\/v2\/comments?post=27847"}],"version-history":[{"count":4,"href":"https:\/\/chemsxpress.com\/it\/wp-json\/wp\/v2\/product\/27847\/revisions"}],"predecessor-version":[{"id":30098,"href":"https:\/\/chemsxpress.com\/it\/wp-json\/wp\/v2\/product\/27847\/revisions\/30098"}],"wp:featuredmedia":[{"embeddable":true,"href":"https:\/\/chemsxpress.com\/it\/wp-json\/wp\/v2\/media\/27874"}],"wp:attachment":[{"href":"https:\/\/chemsxpress.com\/it\/wp-json\/wp\/v2\/media?parent=27847"}],"wp:term":[{"taxonomy":"product_brand","embeddable":true,"href":"https:\/\/chemsxpress.com\/it\/wp-json\/wp\/v2\/product_brand?post=27847"},{"taxonomy":"product_cat","embeddable":true,"href":"https:\/\/chemsxpress.com\/it\/wp-json\/wp\/v2\/product_cat?post=27847"},{"taxonomy":"product_tag","embeddable":true,"href":"https:\/\/chemsxpress.com\/it\/wp-json\/wp\/v2\/product_tag?post=27847"}],"curies":[{"name":"wp","href":"https:\/\/api.w.org\/{rel}","templated":true}]}}