{"id":27852,"date":"2024-04-29T13:12:42","date_gmt":"2024-04-29T13:12:42","guid":{"rendered":"https:\/\/chemsxpress.com\/?post_type=product&#038;p=27852"},"modified":"2025-05-25T21:17:57","modified_gmt":"2025-05-25T21:17:57","slug":"acquistare-jwh-018-online","status":"publish","type":"product","link":"https:\/\/chemsxpress.com\/it\/prodotto\/acquistare-jwh-018-online\/","title":{"rendered":"JWH 018"},"content":{"rendered":"<h1><span class=\"___SText_17rlk-ko_\" data-ui-name=\"Link.Text\">Acquistare JWH 018 online\u00a0<\/span><\/h1>\n<h3>Che cos'\u00e8 la polvere JWH-018?<\/h3>\n<p>Acquistare JWH 018 online. Il farmaco JWH-018 \u00e8 un cannabinoide sintetico che si trova in varie forme di \"spice\", un intruglio a base di erbe. \u00c8 pi\u00f9 promettente della cannabis in quantit\u00e0 comparabili. Questo analgesico appartiene alla classe delle sostanze chimiche del naftoilindolo.<\/p>\n<h3>Quali sono le diverse forme o tipi di farmaco JWH-018?<\/h3>\n<p>Il farmaco JWH-018 \u00e8 disponibile in polvere e in forma liquida. Sono disponibili sia la forma liquida che quella in polvere.<\/p>\n<h3>Quali sono gli altri nomi di strada del farmaco JWH-018?<\/h3>\n<p>Gli altri nomi commerciali del farmaco JWH-018 sono:<span class=\"___SText_17rlk-ko_\" style=\"color: #ffffff;\" data-ui-name=\"Link.Text\"> jwh 018 in vendita.<\/span><\/p>\n<ul>\n<li>La spezia<\/li>\n<li>K2<\/li>\n<li>erba legale<\/li>\n<li>cannabis sintetica<\/li>\n<li>Incenso alle erbe<\/li>\n<\/ul>\n<h3>Dove acquistare la polvere JWH-018?<\/h3>\n<p>La polvere JWH-018 pu\u00f2 essere acquistata nel nostro negozio online. Spediamo il prodotto in tutto il mondo. <span class=\"___SText_17rlk-ko_\" style=\"color: #ffffff;\" data-ui-name=\"Link.Text\">acquistare online jwh 018 puro.<\/span><\/p>\n<h3>Quali sono gli usi del farmaco JWH-018 Powder?<\/h3>\n<p>Gli usi del farmaco JWH-018 Powder sono i seguenti:<\/p>\n<p>La JWH-018 \u00e8 una droga emergente che viene scelta per sostituire l'uso della marijuana perch\u00e9 l'effetto prodotto \u00e8 simile a quello della marijuana. Nella maggior parte delle miscele di fumo alle erbe, questa droga viene incorporata per ottenere una migliore \"esperienza di sballo\".<\/p>\n<h3>Come funziona la polvere JWH-018? <span style=\"color: #ffffff;\">come acquistare jwh 018 online.<\/span><\/h3>\n<p>JWH-018 Powder agisce come agonista completo dei recettori cannabinoidi CB1 e CB2, con una certa selettivit\u00e0 per il CB2.<\/p>\n<h3>Qual \u00e8 il dosaggio di JWH-018 Powder?<\/h3>\n<p>La polvere JWH-018 viene somministrata fumando la miscela di erbe sotto forma di spinello o attraverso l'uso di un vaporizzatore, un bong o una pipa.<\/p>\n<p>Le dosi comuni assunte dalle persone sono di 2-5 mg fumando o vaporizzando. L'applicazione orale \u00e8 considerata pi\u00f9 elevata a causa della bassa biodisponibilit\u00e0. Il suo effetto permane per 1-2 ore quando viene fumata. <span class=\"___SText_17rlk-ko_\" style=\"color: #ffffff;\" data-ui-name=\"Link.Text\">acquistare online jwh 018 puro.<\/span><\/p>\n<h3>Overdose di polvere di JWH-018:<\/h3>\n<p>L'assunzione di una quantit\u00e0 eccessiva del farmaco JWH-018 pu\u00f2 portare a conseguenze estremamente negative e persino alla morte dell'individuo.<\/p>\n<p>\u00c8 possibile affrontare brutti viaggi che descrivono un'estrema incapacit\u00e0 di movimento, come se l'utente non avesse il controllo del proprio corpo. Si tratta di una catatonia paragonabile alle convulsioni. In questi casi \u00e8 necessario informare il centro antiveleni.<span class=\"___SText_17rlk-ko_\" style=\"color: #ffffff;\" data-ui-name=\"Link.Text\"> jwh 018 in vendita.<\/span><\/p>\n<h3>Quali sono gli effetti a breve e a lungo termine di JWH-018 Powder?<\/h3>\n<p>Si tratta di una droga controllata e vietata in molti paesi. Potete inviarci un messaggio prima dell'acquisto se siete preoccupati per la legislazione del vostro paese. <a href=\"https:\/\/chemsxpress.com\/it\/\">Contatto<\/a> con ulteriori informazioni.<\/p>","protected":false},"excerpt":{"rendered":"<p>Comprare JWH 018 online Che cos'\u00e8 JWH-018 Powder? Comprare JWH 018 online . Il farmaco JWH-018 \u00e8 un cannabinoide sintetico<\/p>","protected":false},"featured_media":27876,"comment_status":"open","ping_status":"closed","template":"","meta":[],"product_brand":[],"product_cat":[74],"product_tag":[],"class_list":{"0":"post-27852","1":"product","2":"type-product","3":"status-publish","4":"has-post-thumbnail","6":"product_cat-research-chemicals","8":"first","9":"instock","10":"shipping-taxable","11":"purchasable","12":"product-type-variable"},"yoast_head":"<!-- This site is optimized with the Yoast SEO Premium plugin v24.1 (Yoast SEO v27.4) - https:\/\/yoast.com\/product\/yoast-seo-premium-wordpress\/ -->\n<title>Buy JWH 018 online\u00a0Premium Quality RC&#039;s | ChemsXpress<\/title>\n<meta name=\"description\" content=\"Buy JWH 018 online\u00a0Premium research chemicals, fast shipping. Trust our quality assurance for all your research needs. Order now\" \/>\n<meta name=\"robots\" content=\"index, follow, max-snippet:-1, max-image-preview:large, max-video-preview:-1\" \/>\n<link rel=\"canonical\" href=\"https:\/\/chemsxpress.com\/it\/prodotto\/acquistare-jwh-018-online\/\" \/>\n<meta property=\"og:locale\" content=\"it_IT\" \/>\n<meta property=\"og:type\" content=\"article\" \/>\n<meta property=\"og:title\" content=\"JWH 018\" \/>\n<meta property=\"og:description\" content=\"Buy JWH 018 online\u00a0Premium research chemicals, fast shipping. Trust our quality assurance for all your research needs. Order now\" \/>\n<meta property=\"og:url\" content=\"https:\/\/chemsxpress.com\/it\/prodotto\/acquistare-jwh-018-online\/\" \/>\n<meta property=\"og:site_name\" content=\"SHOP MDPHP\" \/>\n<meta property=\"article:modified_time\" content=\"2025-05-25T21:17:57+00:00\" \/>\n<meta property=\"og:image\" content=\"https:\/\/chemsxpress.com\/wp-content\/uploads\/2024\/04\/Buy-JWH-018-Online-1.jpg\" \/>\n\t<meta property=\"og:image:width\" content=\"1000\" \/>\n\t<meta property=\"og:image:height\" content=\"1000\" \/>\n\t<meta property=\"og:image:type\" content=\"image\/jpeg\" \/>\n<meta name=\"twitter:card\" content=\"summary_large_image\" \/>\n<meta name=\"twitter:label1\" content=\"Tempo di lettura stimato\" \/>\n\t<meta name=\"twitter:data1\" content=\"3 minuti\" \/>\n<script type=\"application\/ld+json\" class=\"yoast-schema-graph\">{\"@context\":\"https:\\\/\\\/schema.org\",\"@graph\":[{\"@type\":\"WebPage\",\"@id\":\"https:\\\/\\\/chemsxpress.com\\\/product\\\/buy-jwh-018-online\\\/\",\"url\":\"https:\\\/\\\/chemsxpress.com\\\/product\\\/buy-jwh-018-online\\\/\",\"name\":\"Buy JWH 018 online\u00a0Premium Quality RC's | ChemsXpress\",\"isPartOf\":{\"@id\":\"https:\\\/\\\/chemsxpress.com\\\/#website\"},\"primaryImageOfPage\":{\"@id\":\"https:\\\/\\\/chemsxpress.com\\\/product\\\/buy-jwh-018-online\\\/#primaryimage\"},\"image\":{\"@id\":\"https:\\\/\\\/chemsxpress.com\\\/product\\\/buy-jwh-018-online\\\/#primaryimage\"},\"thumbnailUrl\":\"https:\\\/\\\/chemsxpress.com\\\/wp-content\\\/uploads\\\/2024\\\/04\\\/Buy-JWH-018-Online-1.jpg\",\"datePublished\":\"2024-04-29T13:12:42+00:00\",\"dateModified\":\"2025-05-25T21:17:57+00:00\",\"description\":\"Buy JWH 018 online\u00a0Premium research chemicals, fast shipping. Trust our quality assurance for all your research needs. Order now\",\"breadcrumb\":{\"@id\":\"https:\\\/\\\/chemsxpress.com\\\/product\\\/buy-jwh-018-online\\\/#breadcrumb\"},\"inLanguage\":\"it-IT\",\"potentialAction\":[{\"@type\":\"ReadAction\",\"target\":[\"https:\\\/\\\/chemsxpress.com\\\/product\\\/buy-jwh-018-online\\\/\"]}]},{\"@type\":\"ImageObject\",\"inLanguage\":\"it-IT\",\"@id\":\"https:\\\/\\\/chemsxpress.com\\\/product\\\/buy-jwh-018-online\\\/#primaryimage\",\"url\":\"https:\\\/\\\/chemsxpress.com\\\/wp-content\\\/uploads\\\/2024\\\/04\\\/Buy-JWH-018-Online-1.jpg\",\"contentUrl\":\"https:\\\/\\\/chemsxpress.com\\\/wp-content\\\/uploads\\\/2024\\\/04\\\/Buy-JWH-018-Online-1.jpg\",\"width\":1000,\"height\":1000,\"caption\":\"Buy JWH 018 online\u00a0\"},{\"@type\":\"BreadcrumbList\",\"@id\":\"https:\\\/\\\/chemsxpress.com\\\/product\\\/buy-jwh-018-online\\\/#breadcrumb\",\"itemListElement\":[{\"@type\":\"ListItem\",\"position\":1,\"name\":\"Home\",\"item\":\"https:\\\/\\\/chemsxpress.com\\\/\"},{\"@type\":\"ListItem\",\"position\":2,\"name\":\"Shop\",\"item\":\"https:\\\/\\\/chemsxpress.com\\\/shop\\\/\"},{\"@type\":\"ListItem\",\"position\":3,\"name\":\"JWH 018\"}]},{\"@type\":\"WebSite\",\"@id\":\"https:\\\/\\\/chemsxpress.com\\\/#website\",\"url\":\"https:\\\/\\\/chemsxpress.com\\\/\",\"name\":\"SHOP MDPHP\",\"description\":\"Buy MDPHP freebase from reliable supplier\",\"potentialAction\":[{\"@type\":\"SearchAction\",\"target\":{\"@type\":\"EntryPoint\",\"urlTemplate\":\"https:\\\/\\\/chemsxpress.com\\\/?s={search_term_string}\"},\"query-input\":{\"@type\":\"PropertyValueSpecification\",\"valueRequired\":true,\"valueName\":\"search_term_string\"}}],\"inLanguage\":\"it-IT\"}]}<\/script>\n<!-- \/ Yoast SEO Premium plugin. -->","yoast_head_json":{"title":"Acquista JWH 018 online\u00a0RC di qualit\u00e0 premium | ChemsXpress","description":"Acquista JWH 018 online\u00a0Prodotti chimici di ricerca premium, spedizione veloce. Affidati alla nostra garanzia di qualit\u00e0 per tutte le tue esigenze di ricerca. Ordina ora","robots":{"index":"index","follow":"follow","max-snippet":"max-snippet:-1","max-image-preview":"max-image-preview:large","max-video-preview":"max-video-preview:-1"},"canonical":"https:\/\/chemsxpress.com\/it\/prodotto\/acquistare-jwh-018-online\/","og_locale":"it_IT","og_type":"article","og_title":"JWH 018","og_description":"Buy JWH 018 online\u00a0Premium research chemicals, fast shipping. Trust our quality assurance for all your research needs. Order now","og_url":"https:\/\/chemsxpress.com\/it\/prodotto\/acquistare-jwh-018-online\/","og_site_name":"SHOP MDPHP","article_modified_time":"2025-05-25T21:17:57+00:00","og_image":[{"width":1000,"height":1000,"url":"https:\/\/chemsxpress.com\/wp-content\/uploads\/2024\/04\/Buy-JWH-018-Online-1.jpg","type":"image\/jpeg"}],"twitter_card":"summary_large_image","twitter_misc":{"Tempo di lettura stimato":"3 minuti"},"schema":{"@context":"https:\/\/schema.org","@graph":[{"@type":"WebPage","@id":"https:\/\/chemsxpress.com\/product\/buy-jwh-018-online\/","url":"https:\/\/chemsxpress.com\/product\/buy-jwh-018-online\/","name":"Acquista JWH 018 online\u00a0RC di qualit\u00e0 premium | ChemsXpress","isPartOf":{"@id":"https:\/\/chemsxpress.com\/#website"},"primaryImageOfPage":{"@id":"https:\/\/chemsxpress.com\/product\/buy-jwh-018-online\/#primaryimage"},"image":{"@id":"https:\/\/chemsxpress.com\/product\/buy-jwh-018-online\/#primaryimage"},"thumbnailUrl":"https:\/\/chemsxpress.com\/wp-content\/uploads\/2024\/04\/Buy-JWH-018-Online-1.jpg","datePublished":"2024-04-29T13:12:42+00:00","dateModified":"2025-05-25T21:17:57+00:00","description":"Acquista JWH 018 online\u00a0Prodotti chimici di ricerca premium, spedizione veloce. Affidati alla nostra garanzia di qualit\u00e0 per tutte le tue esigenze di ricerca. Ordina ora","breadcrumb":{"@id":"https:\/\/chemsxpress.com\/product\/buy-jwh-018-online\/#breadcrumb"},"inLanguage":"it-IT","potentialAction":[{"@type":"ReadAction","target":["https:\/\/chemsxpress.com\/product\/buy-jwh-018-online\/"]}]},{"@type":"ImageObject","inLanguage":"it-IT","@id":"https:\/\/chemsxpress.com\/product\/buy-jwh-018-online\/#primaryimage","url":"https:\/\/chemsxpress.com\/wp-content\/uploads\/2024\/04\/Buy-JWH-018-Online-1.jpg","contentUrl":"https:\/\/chemsxpress.com\/wp-content\/uploads\/2024\/04\/Buy-JWH-018-Online-1.jpg","width":1000,"height":1000,"caption":"Buy JWH 018 online\u00a0"},{"@type":"BreadcrumbList","@id":"https:\/\/chemsxpress.com\/product\/buy-jwh-018-online\/#breadcrumb","itemListElement":[{"@type":"ListItem","position":1,"name":"Home","item":"https:\/\/chemsxpress.com\/"},{"@type":"ListItem","position":2,"name":"Shop","item":"https:\/\/chemsxpress.com\/shop\/"},{"@type":"ListItem","position":3,"name":"JWH 018"}]},{"@type":"WebSite","@id":"https:\/\/chemsxpress.com\/#website","url":"https:\/\/chemsxpress.com\/","name":"NEGOZIO MDP","description":"Acquistare MDPHP freebase da un fornitore affidabile","potentialAction":[{"@type":"SearchAction","target":{"@type":"EntryPoint","urlTemplate":"https:\/\/chemsxpress.com\/?s={search_term_string}"},"query-input":{"@type":"PropertyValueSpecification","valueRequired":true,"valueName":"search_term_string"}}],"inLanguage":"it-IT"}]}},"jetpack_sharing_enabled":true,"_links":{"self":[{"href":"https:\/\/chemsxpress.com\/it\/wp-json\/wp\/v2\/product\/27852","targetHints":{"allow":["GET"]}}],"collection":[{"href":"https:\/\/chemsxpress.com\/it\/wp-json\/wp\/v2\/product"}],"about":[{"href":"https:\/\/chemsxpress.com\/it\/wp-json\/wp\/v2\/types\/product"}],"replies":[{"embeddable":true,"href":"https:\/\/chemsxpress.com\/it\/wp-json\/wp\/v2\/comments?post=27852"}],"version-history":[{"count":3,"href":"https:\/\/chemsxpress.com\/it\/wp-json\/wp\/v2\/product\/27852\/revisions"}],"predecessor-version":[{"id":29910,"href":"https:\/\/chemsxpress.com\/it\/wp-json\/wp\/v2\/product\/27852\/revisions\/29910"}],"wp:featuredmedia":[{"embeddable":true,"href":"https:\/\/chemsxpress.com\/it\/wp-json\/wp\/v2\/media\/27876"}],"wp:attachment":[{"href":"https:\/\/chemsxpress.com\/it\/wp-json\/wp\/v2\/media?parent=27852"}],"wp:term":[{"taxonomy":"product_brand","embeddable":true,"href":"https:\/\/chemsxpress.com\/it\/wp-json\/wp\/v2\/product_brand?post=27852"},{"taxonomy":"product_cat","embeddable":true,"href":"https:\/\/chemsxpress.com\/it\/wp-json\/wp\/v2\/product_cat?post=27852"},{"taxonomy":"product_tag","embeddable":true,"href":"https:\/\/chemsxpress.com\/it\/wp-json\/wp\/v2\/product_tag?post=27852"}],"curies":[{"name":"wp","href":"https:\/\/api.w.org\/{rel}","templated":true}]}}