{"id":27888,"date":"2024-04-29T13:13:05","date_gmt":"2024-04-29T13:13:05","guid":{"rendered":"https:\/\/chemsxpress.com\/?post_type=product&#038;p=27888"},"modified":"2025-05-27T20:18:01","modified_gmt":"2025-05-27T20:18:01","slug":"acquistare-la-spezia-della-scimmia-pazza","status":"publish","type":"product","link":"https:\/\/chemsxpress.com\/it\/prodotto\/acquistare-la-spezia-della-scimmia-pazza\/","title":{"rendered":"Spezia Scimmia Pazza"},"content":{"rendered":"<h1>Acquistare Crazy Monkey Spice<\/h1>\n<h2>Scimmia Pazza Speziata In Vendita<\/h2>\n<p>Acquistare Crazy Monkey Spice 15g online ad un prezzo conveniente. Uno dei pi\u00f9 noti legal highs si trova nell'incenso alle erbe Crazy Monkey 15g. Ha un'ampia gamma di attrattive che le persone di tutto il mondo apprezzano. L'incenso alle erbe \u00e8 prodotto da un noto marchio. I clienti possono godere di una fantastica esperienza di consumo di odori quando scelgono Crazy Monkey.<\/p>\n<p>Prima di introdurre Crazy Monkey nella nostra azienda, il nostro staff si \u00e8 impegnato a fondo per assicurarsi che potesse piacere alla nostra fedele clientela. Ci assicuriamo che sia privo di riempitivi e additivi e che sia composto esclusivamente dai migliori bastoncini di incenso alle erbe disponibili.<\/p>\n<p>Siamo entusiasti di poter offrire questo potente incenso alle erbe nel nostro negozio di incensi alle erbe negli Stati Uniti! Se volete liberare la mente e sentirvi rilassati dopo una lunga giornata di lavoro, dovreste provarlo. Potete anche affidarvi a questo incenso se volete diffondere le vibrazioni positive dell'ambiente.  Abbiamo anche altri <a href=\"https:\/\/chemsxpress.com\/it\/\">Prodotti k2<\/a> potete controllare. <a href=\"https:\/\/chemsxpress.com\/it\/\">Contattateci<\/a> per maggiori informazioni.<\/p>\n<h2>Acquista online l'incenso alle erbe <span style=\"color: #ffffff;\">| <a style=\"color: #ffffff;\" href=\"http:\/\/rchemshop.com\/\">Acquista online l'incenso liquido K2<\/a> | Acquistare K2 Liquid su carta<\/span><\/h2>\n<p>L'incenso alle erbe, il liquido k2 su carta e l'impasto degli spray k2 possono essere modellati in coni, cilindri o spirali, oppure arrotolati su bastoncini. Gli spiedini di bamb\u00f9 tagliati longitudinalmente con una lametta sono ottimi bastoncini. Dopo aver formato i coni, i cilindri e le spirali, metteteli da parte su una tavola di legno ad asciugare in una finestra soleggiata, in una soffitta calda o anche in un veicolo chiuso in una giornata calda. Evitate l'umidit\u00e0 eccessiva, che farebbe ammuffire l'incenso. Quando si asciuga l'incenso a bastoncino, infilare le estremit\u00e0 inferiori dei bastoncini in un pezzo di argilla o di polistirolo.<\/p>\n<p>Quando l'incenso si \u00e8 completamente asciugato, conservarlo in contenitori ermetici. Il colore e il profumo si conservano in condizioni di buio e asciutto. L'acquisto online dell'incenso alle erbe Mad Monkey 4g \u00e8 disponibile su Herbal Incense US.com solo quando c'\u00e8 una garanzia completa di consegna nel luogo in cui si trova l'utente. Dipende anche dalle leggi dello Stato o della regione. \u00c8 pi\u00f9 facile essere precoci che pentirsi in seguito.<\/p>\n<h3>Acquistare K2 Spice online<\/h3>\n<p>Perch\u00e9 abbiamo solo le migliori erbe che il mercato ha da offrire, cos\u00ec come le miscele di erbe pi\u00f9 popolari che conoscete e amate! Ecco perch\u00e9 abbiamo le migliori recensioni di incensi alle erbe. Di conseguenza, \u00e8 possibile acquistare l'incenso alle erbe online dal miglior sito web di incenso alle erbe, noto anche come cannabinoidi sintetici. Ad esempio, offriamo la spedizione gratuita sugli ordini all'ingrosso. Inoltre, \u00e8 possibile acquistare facilmente incenso alle erbe online con servizi di consegna il giorno successivo utilizzando gateway di pagamento sicuri. Di conseguenza, vogliamo fornirvi solo le migliori miscele di incenso alle erbe selezionate a mano a prezzi bassi.<\/p>\n<p>acquistare incenso alle erbe online, acquistare incenso alle erbe forte, acquistare incenso liquido k2, acquistare spray k2, spray liquido k2, k2 liquido online, acquistare k2 liquido su carta, acquistare spezie k2 online, spezia k2 forte legale, acquistare incenso alle erbe economico, incenso alle erbe forte economico online, vendita incenso alle erbe economico, incenso alle erbe forte economico, k2 liquido in vendita, ordinare k2 online. <a href=\"https:\/\/chemsxpress.com\/it\/\" target=\"_blank\" rel=\"noopener\">Ulteriori informazioni<\/a><\/p>","protected":false},"excerpt":{"rendered":"<p>Comprare Crazy Monkey Spice Crazy Monkey Spice In vendita Comprare Crazy Monkey Spice 15g online ad un prezzo economico. Uno<\/p>","protected":false},"featured_media":27912,"comment_status":"open","ping_status":"closed","template":"","meta":[],"product_brand":[],"product_cat":[73,72],"product_tag":[],"class_list":{"0":"post-27888","1":"product","2":"type-product","3":"status-publish","4":"has-post-thumbnail","6":"product_cat-herbal-incense","7":"product_cat-k2-products","9":"first","10":"instock","11":"shipping-taxable","12":"purchasable","13":"product-type-variable"},"yoast_head":"<!-- This site is optimized with the Yoast SEO Premium plugin v24.1 (Yoast SEO v27.3) - https:\/\/yoast.com\/product\/yoast-seo-premium-wordpress\/ -->\n<title>Buy Crazy Monkey Spice<\/title>\n<meta name=\"description\" content=\"Buy Crazy Monkey Spice\" \/>\n<meta name=\"robots\" content=\"index, follow, max-snippet:-1, max-image-preview:large, max-video-preview:-1\" \/>\n<link rel=\"canonical\" href=\"https:\/\/chemsxpress.com\/it\/prodotto\/acquistare-la-spezia-della-scimmia-pazza\/\" \/>\n<meta property=\"og:locale\" content=\"it_IT\" \/>\n<meta property=\"og:type\" content=\"article\" \/>\n<meta property=\"og:title\" content=\"Crazy Monkey Spice\" \/>\n<meta property=\"og:description\" content=\"Buy Crazy Monkey Spice\" \/>\n<meta property=\"og:url\" content=\"https:\/\/chemsxpress.com\/it\/prodotto\/acquistare-la-spezia-della-scimmia-pazza\/\" \/>\n<meta property=\"og:site_name\" content=\"SHOP MDPHP\" \/>\n<meta property=\"article:modified_time\" content=\"2025-05-27T20:18:01+00:00\" \/>\n<meta property=\"og:image\" content=\"https:\/\/chemsxpress.com\/wp-content\/uploads\/2024\/04\/crazy-monkey-spice-for-sale.jpg\" \/>\n\t<meta property=\"og:image:width\" content=\"800\" \/>\n\t<meta property=\"og:image:height\" content=\"800\" \/>\n\t<meta property=\"og:image:type\" content=\"image\/jpeg\" \/>\n<meta name=\"twitter:card\" content=\"summary_large_image\" \/>\n<meta name=\"twitter:label1\" content=\"Tempo di lettura stimato\" \/>\n\t<meta name=\"twitter:data1\" content=\"3 minuti\" \/>\n<script type=\"application\/ld+json\" class=\"yoast-schema-graph\">{\"@context\":\"https:\\\/\\\/schema.org\",\"@graph\":[{\"@type\":\"WebPage\",\"@id\":\"https:\\\/\\\/chemsxpress.com\\\/product\\\/buy-crazy-monkey-spice\\\/\",\"url\":\"https:\\\/\\\/chemsxpress.com\\\/product\\\/buy-crazy-monkey-spice\\\/\",\"name\":\"Buy Crazy Monkey Spice\",\"isPartOf\":{\"@id\":\"https:\\\/\\\/chemsxpress.com\\\/#website\"},\"primaryImageOfPage\":{\"@id\":\"https:\\\/\\\/chemsxpress.com\\\/product\\\/buy-crazy-monkey-spice\\\/#primaryimage\"},\"image\":{\"@id\":\"https:\\\/\\\/chemsxpress.com\\\/product\\\/buy-crazy-monkey-spice\\\/#primaryimage\"},\"thumbnailUrl\":\"https:\\\/\\\/chemsxpress.com\\\/wp-content\\\/uploads\\\/2024\\\/04\\\/crazy-monkey-spice-for-sale.jpg\",\"datePublished\":\"2024-04-29T13:13:05+00:00\",\"dateModified\":\"2025-05-27T20:18:01+00:00\",\"description\":\"Buy Crazy Monkey Spice\",\"breadcrumb\":{\"@id\":\"https:\\\/\\\/chemsxpress.com\\\/product\\\/buy-crazy-monkey-spice\\\/#breadcrumb\"},\"inLanguage\":\"it-IT\",\"potentialAction\":[{\"@type\":\"ReadAction\",\"target\":[\"https:\\\/\\\/chemsxpress.com\\\/product\\\/buy-crazy-monkey-spice\\\/\"]}]},{\"@type\":\"ImageObject\",\"inLanguage\":\"it-IT\",\"@id\":\"https:\\\/\\\/chemsxpress.com\\\/product\\\/buy-crazy-monkey-spice\\\/#primaryimage\",\"url\":\"https:\\\/\\\/chemsxpress.com\\\/wp-content\\\/uploads\\\/2024\\\/04\\\/crazy-monkey-spice-for-sale.jpg\",\"contentUrl\":\"https:\\\/\\\/chemsxpress.com\\\/wp-content\\\/uploads\\\/2024\\\/04\\\/crazy-monkey-spice-for-sale.jpg\",\"width\":800,\"height\":800,\"caption\":\"Buy Crazy Monkey Spice\"},{\"@type\":\"BreadcrumbList\",\"@id\":\"https:\\\/\\\/chemsxpress.com\\\/product\\\/buy-crazy-monkey-spice\\\/#breadcrumb\",\"itemListElement\":[{\"@type\":\"ListItem\",\"position\":1,\"name\":\"Home\",\"item\":\"https:\\\/\\\/chemsxpress.com\\\/\"},{\"@type\":\"ListItem\",\"position\":2,\"name\":\"Shop\",\"item\":\"https:\\\/\\\/chemsxpress.com\\\/shop\\\/\"},{\"@type\":\"ListItem\",\"position\":3,\"name\":\"Crazy Monkey Spice\"}]},{\"@type\":\"WebSite\",\"@id\":\"https:\\\/\\\/chemsxpress.com\\\/#website\",\"url\":\"https:\\\/\\\/chemsxpress.com\\\/\",\"name\":\"SHOP MDPHP\",\"description\":\"Buy MDPHP freebase from reliable supplier\",\"potentialAction\":[{\"@type\":\"SearchAction\",\"target\":{\"@type\":\"EntryPoint\",\"urlTemplate\":\"https:\\\/\\\/chemsxpress.com\\\/?s={search_term_string}\"},\"query-input\":{\"@type\":\"PropertyValueSpecification\",\"valueRequired\":true,\"valueName\":\"search_term_string\"}}],\"inLanguage\":\"it-IT\"}]}<\/script>\n<!-- \/ Yoast SEO Premium plugin. -->","yoast_head_json":{"title":"Acquistare Crazy Monkey Spice","description":"Acquistare Crazy Monkey Spice","robots":{"index":"index","follow":"follow","max-snippet":"max-snippet:-1","max-image-preview":"max-image-preview:large","max-video-preview":"max-video-preview:-1"},"canonical":"https:\/\/chemsxpress.com\/it\/prodotto\/acquistare-la-spezia-della-scimmia-pazza\/","og_locale":"it_IT","og_type":"article","og_title":"Crazy Monkey Spice","og_description":"Buy Crazy Monkey Spice","og_url":"https:\/\/chemsxpress.com\/it\/prodotto\/acquistare-la-spezia-della-scimmia-pazza\/","og_site_name":"SHOP MDPHP","article_modified_time":"2025-05-27T20:18:01+00:00","og_image":[{"width":800,"height":800,"url":"https:\/\/chemsxpress.com\/wp-content\/uploads\/2024\/04\/crazy-monkey-spice-for-sale.jpg","type":"image\/jpeg"}],"twitter_card":"summary_large_image","twitter_misc":{"Tempo di lettura stimato":"3 minuti"},"schema":{"@context":"https:\/\/schema.org","@graph":[{"@type":"WebPage","@id":"https:\/\/chemsxpress.com\/product\/buy-crazy-monkey-spice\/","url":"https:\/\/chemsxpress.com\/product\/buy-crazy-monkey-spice\/","name":"Acquistare Crazy Monkey Spice","isPartOf":{"@id":"https:\/\/chemsxpress.com\/#website"},"primaryImageOfPage":{"@id":"https:\/\/chemsxpress.com\/product\/buy-crazy-monkey-spice\/#primaryimage"},"image":{"@id":"https:\/\/chemsxpress.com\/product\/buy-crazy-monkey-spice\/#primaryimage"},"thumbnailUrl":"https:\/\/chemsxpress.com\/wp-content\/uploads\/2024\/04\/crazy-monkey-spice-for-sale.jpg","datePublished":"2024-04-29T13:13:05+00:00","dateModified":"2025-05-27T20:18:01+00:00","description":"Acquistare Crazy Monkey Spice","breadcrumb":{"@id":"https:\/\/chemsxpress.com\/product\/buy-crazy-monkey-spice\/#breadcrumb"},"inLanguage":"it-IT","potentialAction":[{"@type":"ReadAction","target":["https:\/\/chemsxpress.com\/product\/buy-crazy-monkey-spice\/"]}]},{"@type":"ImageObject","inLanguage":"it-IT","@id":"https:\/\/chemsxpress.com\/product\/buy-crazy-monkey-spice\/#primaryimage","url":"https:\/\/chemsxpress.com\/wp-content\/uploads\/2024\/04\/crazy-monkey-spice-for-sale.jpg","contentUrl":"https:\/\/chemsxpress.com\/wp-content\/uploads\/2024\/04\/crazy-monkey-spice-for-sale.jpg","width":800,"height":800,"caption":"Buy Crazy Monkey Spice"},{"@type":"BreadcrumbList","@id":"https:\/\/chemsxpress.com\/product\/buy-crazy-monkey-spice\/#breadcrumb","itemListElement":[{"@type":"ListItem","position":1,"name":"Home","item":"https:\/\/chemsxpress.com\/"},{"@type":"ListItem","position":2,"name":"Shop","item":"https:\/\/chemsxpress.com\/shop\/"},{"@type":"ListItem","position":3,"name":"Crazy Monkey Spice"}]},{"@type":"WebSite","@id":"https:\/\/chemsxpress.com\/#website","url":"https:\/\/chemsxpress.com\/","name":"NEGOZIO MDP","description":"Acquistare MDPHP freebase da un fornitore affidabile","potentialAction":[{"@type":"SearchAction","target":{"@type":"EntryPoint","urlTemplate":"https:\/\/chemsxpress.com\/?s={search_term_string}"},"query-input":{"@type":"PropertyValueSpecification","valueRequired":true,"valueName":"search_term_string"}}],"inLanguage":"it-IT"}]}},"jetpack_sharing_enabled":true,"_links":{"self":[{"href":"https:\/\/chemsxpress.com\/it\/wp-json\/wp\/v2\/product\/27888","targetHints":{"allow":["GET"]}}],"collection":[{"href":"https:\/\/chemsxpress.com\/it\/wp-json\/wp\/v2\/product"}],"about":[{"href":"https:\/\/chemsxpress.com\/it\/wp-json\/wp\/v2\/types\/product"}],"replies":[{"embeddable":true,"href":"https:\/\/chemsxpress.com\/it\/wp-json\/wp\/v2\/comments?post=27888"}],"version-history":[{"count":3,"href":"https:\/\/chemsxpress.com\/it\/wp-json\/wp\/v2\/product\/27888\/revisions"}],"predecessor-version":[{"id":29924,"href":"https:\/\/chemsxpress.com\/it\/wp-json\/wp\/v2\/product\/27888\/revisions\/29924"}],"wp:featuredmedia":[{"embeddable":true,"href":"https:\/\/chemsxpress.com\/it\/wp-json\/wp\/v2\/media\/27912"}],"wp:attachment":[{"href":"https:\/\/chemsxpress.com\/it\/wp-json\/wp\/v2\/media?parent=27888"}],"wp:term":[{"taxonomy":"product_brand","embeddable":true,"href":"https:\/\/chemsxpress.com\/it\/wp-json\/wp\/v2\/product_brand?post=27888"},{"taxonomy":"product_cat","embeddable":true,"href":"https:\/\/chemsxpress.com\/it\/wp-json\/wp\/v2\/product_cat?post=27888"},{"taxonomy":"product_tag","embeddable":true,"href":"https:\/\/chemsxpress.com\/it\/wp-json\/wp\/v2\/product_tag?post=27888"}],"curies":[{"name":"wp","href":"https:\/\/api.w.org\/{rel}","templated":true}]}}