{"id":27910,"date":"2024-04-29T13:13:06","date_gmt":"2024-04-29T13:13:06","guid":{"rendered":"https:\/\/chemsxpress.com\/?post_type=product&#038;p=27910"},"modified":"2024-05-05T12:55:36","modified_gmt":"2024-05-05T12:55:36","slug":"acquistare-lincenso-alle-erbe-head-trip","status":"publish","type":"product","link":"https:\/\/chemsxpress.com\/it\/prodotto\/acquistare-lincenso-alle-erbe-head-trip\/","title":{"rendered":"Incenso alle erbe Head Trip"},"content":{"rendered":"<h1>Acquista l'incenso alle erbe Head Trip<\/h1>\n<h2>Incenso alle erbe Head Trip in vendita<\/h2>\n<p>Acquista l'incenso alle erbe Head Trip. Quando acquistate un incenso alle erbe da venditori affidabili, assicuratevi di ottenere una miscela forte e pura, dall'odore dolce, che vi far\u00e0 vivere una piacevole esperienza di incenso. Se volete sentirvi tranquilli e flessibili, ignorando i problemi della vostra vita, potete acquistare l'incenso alle erbe Head Trip. Se non avete mai provato un incenso alle erbe, si tratta di un marchio noto e di un prodotto da non trascurare.<\/p>\n<p>Questa combinazione di fragranze \u00e8 diversa da qualsiasi altra mai incontrata. Inoltre, \u00e8 in grado di fornire un'assunzione igienica e rapida che dura a lungo. Che stiate cercando di rilassarvi dopo una lunga giornata di lavoro o di passare una bella serata con i vostri amici, l'incenso Head Trip pu\u00f2 aiutarvi a trovare la beatitudine.<\/p>\n<p>L'aroma \u00e8 energizzante e pu\u00f2 contribuire ad aumentare la vitalit\u00e0 di ogni scatola. \u00c8 noto anche per i suoi effetti energizzanti e rivitalizzanti. L'incenso \u00e8 stato accreditato da diversi clienti per gli eccellenti effetti che ha avuto. Abbiamo anche altri <a href=\"https:\/\/chemsxpress.com\/it\/\">prodotti<\/a>\u00a0potete controllare.\u00a0<a href=\"https:\/\/chemsxpress.com\/it\/\">Contattateci<\/a> per maggiori informazioni.<\/p>\n<ol>\n<li><strong>ngredienti:<\/strong> Gli incensi a base di erbe possono contenere un'ampia gamma di ingredienti, tra cui erbe essiccate, fiori, spezie e resine. Questi ingredienti naturali sono spesso combinati con oli essenziali o composti di fragranze per esaltarne l'aroma quando vengono bruciati. Tuttavia, alcuni prodotti di incenso alle erbe possono contenere anche cannabinoidi sintetici o altre sostanze psicoattive, che possono avere effetti imprevedibili.<\/li>\n<li><strong>Utilizzi:<\/strong> L'incenso alle erbe \u00e8 comunemente usato per l'aromaterapia, la meditazione, il rilassamento e le pratiche spirituali. Bruciare un incenso alle erbe pu\u00f2 creare un'atmosfera rilassante e promuovere un senso di calma e benessere. Si possono scegliere diverse erbe e oli essenziali per le loro specifiche propriet\u00e0 terapeutiche, come la lavanda per il rilassamento o la menta piperita per la chiarezza mentale.<\/li>\n<li><strong>Tipi:<\/strong> Esistono molti tipi diversi di incenso alle erbe, ognuno con una miscela unica di ingredienti e profumi. Le erbe pi\u00f9 comuni utilizzate negli incensi alle erbe sono salvia, lavanda, rosmarino e incenso. Alcune miscele di incenso alle erbe possono includere anche ingredienti esotici o rari provenienti da tutto il mondo.<\/li>\n<\/ol>\n<p><span style=\"color: #ffffff;\">recensione dell'incenso alle erbe mind trip recensione dell'incenso alle erbe mind trip\u00a0<\/span><\/p>","protected":false},"excerpt":{"rendered":"<p>Compra Incenso alle erbe Head Trip Incenso alle erbe Head Trip in vendita Compra Incenso alle erbe Head Trip. Quando si acquista un incenso alle erbe<\/p>","protected":false},"featured_media":27920,"comment_status":"open","ping_status":"closed","template":"","meta":[],"product_brand":[],"product_cat":[73],"product_tag":[],"class_list":{"0":"post-27910","1":"product","2":"type-product","3":"status-publish","4":"has-post-thumbnail","6":"product_cat-herbal-incense","8":"first","9":"instock","10":"shipping-taxable","11":"purchasable","12":"product-type-variable"},"yoast_head":"<!-- This site is optimized with the Yoast SEO Premium plugin v24.1 (Yoast SEO v27.3) - https:\/\/yoast.com\/product\/yoast-seo-premium-wordpress\/ -->\n<title>Buy Head Trip Herbal Incense Premium Quality | ChemsXpress<\/title>\n<meta name=\"description\" content=\"Buy Head Trip Herbal Incense Premium herbal incense, fast shipping. Trust our quality assurance for all your research needs. Order now\" \/>\n<meta name=\"robots\" content=\"index, follow, max-snippet:-1, max-image-preview:large, max-video-preview:-1\" \/>\n<link rel=\"canonical\" href=\"https:\/\/chemsxpress.com\/it\/prodotto\/acquistare-lincenso-alle-erbe-head-trip\/\" \/>\n<meta property=\"og:locale\" content=\"it_IT\" \/>\n<meta property=\"og:type\" content=\"article\" \/>\n<meta property=\"og:title\" content=\"Head Trip Herbal Incense\" \/>\n<meta property=\"og:description\" content=\"Buy Head Trip Herbal Incense Premium herbal incense, fast shipping. Trust our quality assurance for all your research needs. Order now\" \/>\n<meta property=\"og:url\" content=\"https:\/\/chemsxpress.com\/it\/prodotto\/acquistare-lincenso-alle-erbe-head-trip\/\" \/>\n<meta property=\"og:site_name\" content=\"SHOP MDPHP\" \/>\n<meta property=\"article:modified_time\" content=\"2024-05-05T12:55:36+00:00\" \/>\n<meta property=\"og:image\" content=\"https:\/\/chemsxpress.com\/wp-content\/uploads\/2024\/04\/Head-Trip-Herbal-Incense-for-Sale.jpg\" \/>\n\t<meta property=\"og:image:width\" content=\"800\" \/>\n\t<meta property=\"og:image:height\" content=\"800\" \/>\n\t<meta property=\"og:image:type\" content=\"image\/jpeg\" \/>\n<meta name=\"twitter:card\" content=\"summary_large_image\" \/>\n<meta name=\"twitter:label1\" content=\"Tempo di lettura stimato\" \/>\n\t<meta name=\"twitter:data1\" content=\"2 minuti\" \/>\n<script type=\"application\/ld+json\" class=\"yoast-schema-graph\">{\"@context\":\"https:\\\/\\\/schema.org\",\"@graph\":[{\"@type\":\"WebPage\",\"@id\":\"https:\\\/\\\/chemsxpress.com\\\/product\\\/buy-head-trip-herbal-incense\\\/\",\"url\":\"https:\\\/\\\/chemsxpress.com\\\/product\\\/buy-head-trip-herbal-incense\\\/\",\"name\":\"Buy Head Trip Herbal Incense Premium Quality | ChemsXpress\",\"isPartOf\":{\"@id\":\"https:\\\/\\\/chemsxpress.com\\\/#website\"},\"primaryImageOfPage\":{\"@id\":\"https:\\\/\\\/chemsxpress.com\\\/product\\\/buy-head-trip-herbal-incense\\\/#primaryimage\"},\"image\":{\"@id\":\"https:\\\/\\\/chemsxpress.com\\\/product\\\/buy-head-trip-herbal-incense\\\/#primaryimage\"},\"thumbnailUrl\":\"https:\\\/\\\/chemsxpress.com\\\/wp-content\\\/uploads\\\/2024\\\/04\\\/Head-Trip-Herbal-Incense-for-Sale.jpg\",\"datePublished\":\"2024-04-29T13:13:06+00:00\",\"dateModified\":\"2024-05-05T12:55:36+00:00\",\"description\":\"Buy Head Trip Herbal Incense Premium herbal incense, fast shipping. Trust our quality assurance for all your research needs. Order now\",\"breadcrumb\":{\"@id\":\"https:\\\/\\\/chemsxpress.com\\\/product\\\/buy-head-trip-herbal-incense\\\/#breadcrumb\"},\"inLanguage\":\"it-IT\",\"potentialAction\":[{\"@type\":\"ReadAction\",\"target\":[\"https:\\\/\\\/chemsxpress.com\\\/product\\\/buy-head-trip-herbal-incense\\\/\"]}]},{\"@type\":\"ImageObject\",\"inLanguage\":\"it-IT\",\"@id\":\"https:\\\/\\\/chemsxpress.com\\\/product\\\/buy-head-trip-herbal-incense\\\/#primaryimage\",\"url\":\"https:\\\/\\\/chemsxpress.com\\\/wp-content\\\/uploads\\\/2024\\\/04\\\/Head-Trip-Herbal-Incense-for-Sale.jpg\",\"contentUrl\":\"https:\\\/\\\/chemsxpress.com\\\/wp-content\\\/uploads\\\/2024\\\/04\\\/Head-Trip-Herbal-Incense-for-Sale.jpg\",\"width\":800,\"height\":800,\"caption\":\"Buy Head Trip Herbal Incense\"},{\"@type\":\"BreadcrumbList\",\"@id\":\"https:\\\/\\\/chemsxpress.com\\\/product\\\/buy-head-trip-herbal-incense\\\/#breadcrumb\",\"itemListElement\":[{\"@type\":\"ListItem\",\"position\":1,\"name\":\"Home\",\"item\":\"https:\\\/\\\/chemsxpress.com\\\/\"},{\"@type\":\"ListItem\",\"position\":2,\"name\":\"Shop\",\"item\":\"https:\\\/\\\/chemsxpress.com\\\/shop\\\/\"},{\"@type\":\"ListItem\",\"position\":3,\"name\":\"Head Trip Herbal Incense\"}]},{\"@type\":\"WebSite\",\"@id\":\"https:\\\/\\\/chemsxpress.com\\\/#website\",\"url\":\"https:\\\/\\\/chemsxpress.com\\\/\",\"name\":\"SHOP MDPHP\",\"description\":\"Buy MDPHP freebase from reliable supplier\",\"potentialAction\":[{\"@type\":\"SearchAction\",\"target\":{\"@type\":\"EntryPoint\",\"urlTemplate\":\"https:\\\/\\\/chemsxpress.com\\\/?s={search_term_string}\"},\"query-input\":{\"@type\":\"PropertyValueSpecification\",\"valueRequired\":true,\"valueName\":\"search_term_string\"}}],\"inLanguage\":\"it-IT\"}]}<\/script>\n<!-- \/ Yoast SEO Premium plugin. -->","yoast_head_json":{"title":"Acquista Head Trip Incenso alle erbe di qualit\u00e0 premium | ChemsXpress","description":"Acquista Head Trip Herbal Incense Incenso alle erbe premium, spedizione veloce. Affidati alla nostra garanzia di qualit\u00e0 per tutte le tue esigenze di ricerca. Ordina ora","robots":{"index":"index","follow":"follow","max-snippet":"max-snippet:-1","max-image-preview":"max-image-preview:large","max-video-preview":"max-video-preview:-1"},"canonical":"https:\/\/chemsxpress.com\/it\/prodotto\/acquistare-lincenso-alle-erbe-head-trip\/","og_locale":"it_IT","og_type":"article","og_title":"Head Trip Herbal Incense","og_description":"Buy Head Trip Herbal Incense Premium herbal incense, fast shipping. Trust our quality assurance for all your research needs. Order now","og_url":"https:\/\/chemsxpress.com\/it\/prodotto\/acquistare-lincenso-alle-erbe-head-trip\/","og_site_name":"SHOP MDPHP","article_modified_time":"2024-05-05T12:55:36+00:00","og_image":[{"width":800,"height":800,"url":"https:\/\/chemsxpress.com\/wp-content\/uploads\/2024\/04\/Head-Trip-Herbal-Incense-for-Sale.jpg","type":"image\/jpeg"}],"twitter_card":"summary_large_image","twitter_misc":{"Tempo di lettura stimato":"2 minuti"},"schema":{"@context":"https:\/\/schema.org","@graph":[{"@type":"WebPage","@id":"https:\/\/chemsxpress.com\/product\/buy-head-trip-herbal-incense\/","url":"https:\/\/chemsxpress.com\/product\/buy-head-trip-herbal-incense\/","name":"Acquista Head Trip Incenso alle erbe di qualit\u00e0 premium | ChemsXpress","isPartOf":{"@id":"https:\/\/chemsxpress.com\/#website"},"primaryImageOfPage":{"@id":"https:\/\/chemsxpress.com\/product\/buy-head-trip-herbal-incense\/#primaryimage"},"image":{"@id":"https:\/\/chemsxpress.com\/product\/buy-head-trip-herbal-incense\/#primaryimage"},"thumbnailUrl":"https:\/\/chemsxpress.com\/wp-content\/uploads\/2024\/04\/Head-Trip-Herbal-Incense-for-Sale.jpg","datePublished":"2024-04-29T13:13:06+00:00","dateModified":"2024-05-05T12:55:36+00:00","description":"Acquista Head Trip Herbal Incense Incenso alle erbe premium, spedizione veloce. Affidati alla nostra garanzia di qualit\u00e0 per tutte le tue esigenze di ricerca. Ordina ora","breadcrumb":{"@id":"https:\/\/chemsxpress.com\/product\/buy-head-trip-herbal-incense\/#breadcrumb"},"inLanguage":"it-IT","potentialAction":[{"@type":"ReadAction","target":["https:\/\/chemsxpress.com\/product\/buy-head-trip-herbal-incense\/"]}]},{"@type":"ImageObject","inLanguage":"it-IT","@id":"https:\/\/chemsxpress.com\/product\/buy-head-trip-herbal-incense\/#primaryimage","url":"https:\/\/chemsxpress.com\/wp-content\/uploads\/2024\/04\/Head-Trip-Herbal-Incense-for-Sale.jpg","contentUrl":"https:\/\/chemsxpress.com\/wp-content\/uploads\/2024\/04\/Head-Trip-Herbal-Incense-for-Sale.jpg","width":800,"height":800,"caption":"Buy Head Trip Herbal Incense"},{"@type":"BreadcrumbList","@id":"https:\/\/chemsxpress.com\/product\/buy-head-trip-herbal-incense\/#breadcrumb","itemListElement":[{"@type":"ListItem","position":1,"name":"Home","item":"https:\/\/chemsxpress.com\/"},{"@type":"ListItem","position":2,"name":"Shop","item":"https:\/\/chemsxpress.com\/shop\/"},{"@type":"ListItem","position":3,"name":"Head Trip Herbal Incense"}]},{"@type":"WebSite","@id":"https:\/\/chemsxpress.com\/#website","url":"https:\/\/chemsxpress.com\/","name":"NEGOZIO MDP","description":"Acquistare MDPHP freebase da un fornitore affidabile","potentialAction":[{"@type":"SearchAction","target":{"@type":"EntryPoint","urlTemplate":"https:\/\/chemsxpress.com\/?s={search_term_string}"},"query-input":{"@type":"PropertyValueSpecification","valueRequired":true,"valueName":"search_term_string"}}],"inLanguage":"it-IT"}]}},"jetpack_sharing_enabled":true,"_links":{"self":[{"href":"https:\/\/chemsxpress.com\/it\/wp-json\/wp\/v2\/product\/27910","targetHints":{"allow":["GET"]}}],"collection":[{"href":"https:\/\/chemsxpress.com\/it\/wp-json\/wp\/v2\/product"}],"about":[{"href":"https:\/\/chemsxpress.com\/it\/wp-json\/wp\/v2\/types\/product"}],"replies":[{"embeddable":true,"href":"https:\/\/chemsxpress.com\/it\/wp-json\/wp\/v2\/comments?post=27910"}],"version-history":[{"count":3,"href":"https:\/\/chemsxpress.com\/it\/wp-json\/wp\/v2\/product\/27910\/revisions"}],"predecessor-version":[{"id":29922,"href":"https:\/\/chemsxpress.com\/it\/wp-json\/wp\/v2\/product\/27910\/revisions\/29922"}],"wp:featuredmedia":[{"embeddable":true,"href":"https:\/\/chemsxpress.com\/it\/wp-json\/wp\/v2\/media\/27920"}],"wp:attachment":[{"href":"https:\/\/chemsxpress.com\/it\/wp-json\/wp\/v2\/media?parent=27910"}],"wp:term":[{"taxonomy":"product_brand","embeddable":true,"href":"https:\/\/chemsxpress.com\/it\/wp-json\/wp\/v2\/product_brand?post=27910"},{"taxonomy":"product_cat","embeddable":true,"href":"https:\/\/chemsxpress.com\/it\/wp-json\/wp\/v2\/product_cat?post=27910"},{"taxonomy":"product_tag","embeddable":true,"href":"https:\/\/chemsxpress.com\/it\/wp-json\/wp\/v2\/product_tag?post=27910"}],"curies":[{"name":"wp","href":"https:\/\/api.w.org\/{rel}","templated":true}]}}