{"id":27925,"date":"2024-04-29T13:13:19","date_gmt":"2024-04-29T13:13:19","guid":{"rendered":"https:\/\/chemsxpress.com\/?post_type=product&#038;p=27925"},"modified":"2025-05-28T06:24:29","modified_gmt":"2025-05-28T06:24:29","slug":"acquistare-spezie-diesel-viola","status":"publish","type":"product","link":"https:\/\/chemsxpress.com\/it\/prodotto\/acquistare-spezie-diesel-viola\/","title":{"rendered":"Spezia Diesel Viola"},"content":{"rendered":"<h1>Acquistare Purple Diesel Spice<\/h1>\n<p>Acquista Purple Diesel Spice, Alla ricerca di una miscela rilassante di erbe e<span style=\"color: #ffffff;\"><a style=\"color: #ffffff;\" href=\"https:\/\/spiru.nl\/categorie\/wierook\/?ppcprotect&amp;utm_source=bing&amp;utm_medium=cpc&amp;utm_campaign=Wierook&amp;utm_term=incense&amp;utm_content=Incense\">.<\/a><\/span> spezie con cui rilassarsi a fine giornata? Purple Diesel potrebbe essere la soluzione. \u00c8 realizzato con una combinazione di 100 {d99a1b8a56936da8dc95a057187ff2adc1ca2392c452472fda10a2857b15d4fc} di Damiana naturale con un sapore unico che non pu\u00f2 essere replicato. Purple Diesel \u00e8 disponibile in bustine da 10 grammi con la seguente clausola di esclusione di responsabilit\u00e0: Questo prodotto \u00e8 destinato esclusivamente all'uso come pot-pourri aromatico. Non \u00e8 destinato o progettato per il consumo umano. I produttori e i commercianti di questo prodotto non si assumono alcuna responsabilit\u00e0 per un uso improprio o errato del prodotto. <span style=\"color: #ffffff;\">P<\/span><\/p>\n<p><span style=\"color: #ffffff;\">La spezia<\/span><\/p>\n<p><a href=\"https:\/\/chemsxpress.com\/it\/\">ChemsXpress<\/a> \u00e8 orgogliosa di annunciare l'arrivo dell'incenso Purple Diesel. \u00c8 un prodotto che tutti i nostri clienti (e dipendenti) stavano aspettando. Ora possiamo tutti rilassarci e mettere Purple Diesel nel signore. Non avete ancora sentito l'odore dell'incenso Purple Diesel? Allora dovreste prendere subito una confezione di Purple Diesel Incense. I clienti che lo hanno provato sanno quanto velocemente si esaurisce! Abbiamo anche altri prodotti che potete consultare. Contattateci per maggiori informazioni.<\/p>\n<p>Purple Diesel Spice\" \u00e8 un termine che sembra riferirsi a una specifica miscela di cannabinoidi sintetici, spesso venduta come miscela di erbe o incenso. I cannabinoidi sintetici sono sostanze chimiche create dall'uomo per imitare gli effetti del THC, il composto attivo della marijuana. Tuttavia, possono essere molto pi\u00f9 potenti e imprevedibili, il che comporta una serie di potenziali rischi per la salute.<\/p>","protected":false},"excerpt":{"rendered":"<p>Acquista Purple Diesel Spice Acquista Purple Diesel Spice, Cerchi una miscela rilassante di erbe e spezie per rilassarti con<\/p>","protected":false},"featured_media":27952,"comment_status":"open","ping_status":"closed","template":"","meta":[],"product_brand":[],"product_cat":[73],"product_tag":[],"class_list":{"0":"post-27925","1":"product","2":"type-product","3":"status-publish","4":"has-post-thumbnail","6":"product_cat-herbal-incense","8":"first","9":"instock","10":"shipping-taxable","11":"purchasable","12":"product-type-variable"},"yoast_head":"<!-- This site is optimized with the Yoast SEO Premium plugin v24.1 (Yoast SEO v27.4) - https:\/\/yoast.com\/product\/yoast-seo-premium-wordpress\/ -->\n<title>Buy Purple Diesel Spice Premium Quality RC&#039;s | ChemsXpress<\/title>\n<meta name=\"description\" content=\"Buy Purple Diesel Spice at ChemsXpress. Premium research chemicals, fast shipping. Trust our quality assurance for all your research needs. Order now\" \/>\n<meta name=\"robots\" content=\"index, follow, max-snippet:-1, max-image-preview:large, max-video-preview:-1\" \/>\n<link rel=\"canonical\" href=\"https:\/\/chemsxpress.com\/it\/prodotto\/acquistare-spezie-diesel-viola\/\" \/>\n<meta property=\"og:locale\" content=\"it_IT\" \/>\n<meta property=\"og:type\" content=\"article\" \/>\n<meta property=\"og:title\" content=\"Purple Diesel Spice\" \/>\n<meta property=\"og:description\" content=\"Buy Purple Diesel Spice at ChemsXpress. Premium research chemicals, fast shipping. Trust our quality assurance for all your research needs. Order now\" \/>\n<meta property=\"og:url\" content=\"https:\/\/chemsxpress.com\/it\/prodotto\/acquistare-spezie-diesel-viola\/\" \/>\n<meta property=\"og:site_name\" content=\"SHOP MDPHP\" \/>\n<meta property=\"article:modified_time\" content=\"2025-05-28T06:24:29+00:00\" \/>\n<meta property=\"og:image\" content=\"https:\/\/chemsxpress.com\/wp-content\/uploads\/2024\/04\/Purple-Diesel-Spice.jpg\" \/>\n\t<meta property=\"og:image:width\" content=\"800\" \/>\n\t<meta property=\"og:image:height\" content=\"800\" \/>\n\t<meta property=\"og:image:type\" content=\"image\/jpeg\" \/>\n<meta name=\"twitter:card\" content=\"summary_large_image\" \/>\n<meta name=\"twitter:label1\" content=\"Tempo di lettura stimato\" \/>\n\t<meta name=\"twitter:data1\" content=\"2 minuti\" \/>\n<script type=\"application\/ld+json\" class=\"yoast-schema-graph\">{\"@context\":\"https:\\\/\\\/schema.org\",\"@graph\":[{\"@type\":\"WebPage\",\"@id\":\"https:\\\/\\\/chemsxpress.com\\\/product\\\/buy-purple-diesel-spice\\\/\",\"url\":\"https:\\\/\\\/chemsxpress.com\\\/product\\\/buy-purple-diesel-spice\\\/\",\"name\":\"Buy Purple Diesel Spice Premium Quality RC's | ChemsXpress\",\"isPartOf\":{\"@id\":\"https:\\\/\\\/chemsxpress.com\\\/#website\"},\"primaryImageOfPage\":{\"@id\":\"https:\\\/\\\/chemsxpress.com\\\/product\\\/buy-purple-diesel-spice\\\/#primaryimage\"},\"image\":{\"@id\":\"https:\\\/\\\/chemsxpress.com\\\/product\\\/buy-purple-diesel-spice\\\/#primaryimage\"},\"thumbnailUrl\":\"https:\\\/\\\/chemsxpress.com\\\/wp-content\\\/uploads\\\/2024\\\/04\\\/Purple-Diesel-Spice.jpg\",\"datePublished\":\"2024-04-29T13:13:19+00:00\",\"dateModified\":\"2025-05-28T06:24:29+00:00\",\"description\":\"Buy Purple Diesel Spice at ChemsXpress. Premium research chemicals, fast shipping. Trust our quality assurance for all your research needs. Order now\",\"breadcrumb\":{\"@id\":\"https:\\\/\\\/chemsxpress.com\\\/product\\\/buy-purple-diesel-spice\\\/#breadcrumb\"},\"inLanguage\":\"it-IT\",\"potentialAction\":[{\"@type\":\"ReadAction\",\"target\":[\"https:\\\/\\\/chemsxpress.com\\\/product\\\/buy-purple-diesel-spice\\\/\"]}]},{\"@type\":\"ImageObject\",\"inLanguage\":\"it-IT\",\"@id\":\"https:\\\/\\\/chemsxpress.com\\\/product\\\/buy-purple-diesel-spice\\\/#primaryimage\",\"url\":\"https:\\\/\\\/chemsxpress.com\\\/wp-content\\\/uploads\\\/2024\\\/04\\\/Purple-Diesel-Spice.jpg\",\"contentUrl\":\"https:\\\/\\\/chemsxpress.com\\\/wp-content\\\/uploads\\\/2024\\\/04\\\/Purple-Diesel-Spice.jpg\",\"width\":800,\"height\":800,\"caption\":\"buy Purple Diesel Spice\"},{\"@type\":\"BreadcrumbList\",\"@id\":\"https:\\\/\\\/chemsxpress.com\\\/product\\\/buy-purple-diesel-spice\\\/#breadcrumb\",\"itemListElement\":[{\"@type\":\"ListItem\",\"position\":1,\"name\":\"Home\",\"item\":\"https:\\\/\\\/chemsxpress.com\\\/\"},{\"@type\":\"ListItem\",\"position\":2,\"name\":\"Shop\",\"item\":\"https:\\\/\\\/chemsxpress.com\\\/shop\\\/\"},{\"@type\":\"ListItem\",\"position\":3,\"name\":\"Purple Diesel Spice\"}]},{\"@type\":\"WebSite\",\"@id\":\"https:\\\/\\\/chemsxpress.com\\\/#website\",\"url\":\"https:\\\/\\\/chemsxpress.com\\\/\",\"name\":\"SHOP MDPHP\",\"description\":\"Buy MDPHP freebase from reliable supplier\",\"potentialAction\":[{\"@type\":\"SearchAction\",\"target\":{\"@type\":\"EntryPoint\",\"urlTemplate\":\"https:\\\/\\\/chemsxpress.com\\\/?s={search_term_string}\"},\"query-input\":{\"@type\":\"PropertyValueSpecification\",\"valueRequired\":true,\"valueName\":\"search_term_string\"}}],\"inLanguage\":\"it-IT\"}]}<\/script>\n<!-- \/ Yoast SEO Premium plugin. -->","yoast_head_json":{"title":"Acquista Purple Diesel Spice RC di qualit\u00e0 premium | ChemsXpress","description":"Acquista Purple Diesel Spice su ChemsXpress. Prodotti chimici di ricerca premium, spedizione veloce. Affidati alla nostra garanzia di qualit\u00e0 per tutte le tue esigenze di ricerca. Ordina ora","robots":{"index":"index","follow":"follow","max-snippet":"max-snippet:-1","max-image-preview":"max-image-preview:large","max-video-preview":"max-video-preview:-1"},"canonical":"https:\/\/chemsxpress.com\/it\/prodotto\/acquistare-spezie-diesel-viola\/","og_locale":"it_IT","og_type":"article","og_title":"Purple Diesel Spice","og_description":"Buy Purple Diesel Spice at ChemsXpress. Premium research chemicals, fast shipping. Trust our quality assurance for all your research needs. Order now","og_url":"https:\/\/chemsxpress.com\/it\/prodotto\/acquistare-spezie-diesel-viola\/","og_site_name":"SHOP MDPHP","article_modified_time":"2025-05-28T06:24:29+00:00","og_image":[{"width":800,"height":800,"url":"https:\/\/chemsxpress.com\/wp-content\/uploads\/2024\/04\/Purple-Diesel-Spice.jpg","type":"image\/jpeg"}],"twitter_card":"summary_large_image","twitter_misc":{"Tempo di lettura stimato":"2 minuti"},"schema":{"@context":"https:\/\/schema.org","@graph":[{"@type":"WebPage","@id":"https:\/\/chemsxpress.com\/product\/buy-purple-diesel-spice\/","url":"https:\/\/chemsxpress.com\/product\/buy-purple-diesel-spice\/","name":"Acquista Purple Diesel Spice RC di qualit\u00e0 premium | ChemsXpress","isPartOf":{"@id":"https:\/\/chemsxpress.com\/#website"},"primaryImageOfPage":{"@id":"https:\/\/chemsxpress.com\/product\/buy-purple-diesel-spice\/#primaryimage"},"image":{"@id":"https:\/\/chemsxpress.com\/product\/buy-purple-diesel-spice\/#primaryimage"},"thumbnailUrl":"https:\/\/chemsxpress.com\/wp-content\/uploads\/2024\/04\/Purple-Diesel-Spice.jpg","datePublished":"2024-04-29T13:13:19+00:00","dateModified":"2025-05-28T06:24:29+00:00","description":"Acquista Purple Diesel Spice su ChemsXpress. Prodotti chimici di ricerca premium, spedizione veloce. Affidati alla nostra garanzia di qualit\u00e0 per tutte le tue esigenze di ricerca. Ordina ora","breadcrumb":{"@id":"https:\/\/chemsxpress.com\/product\/buy-purple-diesel-spice\/#breadcrumb"},"inLanguage":"it-IT","potentialAction":[{"@type":"ReadAction","target":["https:\/\/chemsxpress.com\/product\/buy-purple-diesel-spice\/"]}]},{"@type":"ImageObject","inLanguage":"it-IT","@id":"https:\/\/chemsxpress.com\/product\/buy-purple-diesel-spice\/#primaryimage","url":"https:\/\/chemsxpress.com\/wp-content\/uploads\/2024\/04\/Purple-Diesel-Spice.jpg","contentUrl":"https:\/\/chemsxpress.com\/wp-content\/uploads\/2024\/04\/Purple-Diesel-Spice.jpg","width":800,"height":800,"caption":"buy Purple Diesel Spice"},{"@type":"BreadcrumbList","@id":"https:\/\/chemsxpress.com\/product\/buy-purple-diesel-spice\/#breadcrumb","itemListElement":[{"@type":"ListItem","position":1,"name":"Home","item":"https:\/\/chemsxpress.com\/"},{"@type":"ListItem","position":2,"name":"Shop","item":"https:\/\/chemsxpress.com\/shop\/"},{"@type":"ListItem","position":3,"name":"Purple Diesel Spice"}]},{"@type":"WebSite","@id":"https:\/\/chemsxpress.com\/#website","url":"https:\/\/chemsxpress.com\/","name":"NEGOZIO MDP","description":"Acquistare MDPHP freebase da un fornitore affidabile","potentialAction":[{"@type":"SearchAction","target":{"@type":"EntryPoint","urlTemplate":"https:\/\/chemsxpress.com\/?s={search_term_string}"},"query-input":{"@type":"PropertyValueSpecification","valueRequired":true,"valueName":"search_term_string"}}],"inLanguage":"it-IT"}]}},"jetpack_sharing_enabled":true,"_links":{"self":[{"href":"https:\/\/chemsxpress.com\/it\/wp-json\/wp\/v2\/product\/27925","targetHints":{"allow":["GET"]}}],"collection":[{"href":"https:\/\/chemsxpress.com\/it\/wp-json\/wp\/v2\/product"}],"about":[{"href":"https:\/\/chemsxpress.com\/it\/wp-json\/wp\/v2\/types\/product"}],"replies":[{"embeddable":true,"href":"https:\/\/chemsxpress.com\/it\/wp-json\/wp\/v2\/comments?post=27925"}],"version-history":[{"count":3,"href":"https:\/\/chemsxpress.com\/it\/wp-json\/wp\/v2\/product\/27925\/revisions"}],"predecessor-version":[{"id":29889,"href":"https:\/\/chemsxpress.com\/it\/wp-json\/wp\/v2\/product\/27925\/revisions\/29889"}],"wp:featuredmedia":[{"embeddable":true,"href":"https:\/\/chemsxpress.com\/it\/wp-json\/wp\/v2\/media\/27952"}],"wp:attachment":[{"href":"https:\/\/chemsxpress.com\/it\/wp-json\/wp\/v2\/media?parent=27925"}],"wp:term":[{"taxonomy":"product_brand","embeddable":true,"href":"https:\/\/chemsxpress.com\/it\/wp-json\/wp\/v2\/product_brand?post=27925"},{"taxonomy":"product_cat","embeddable":true,"href":"https:\/\/chemsxpress.com\/it\/wp-json\/wp\/v2\/product_cat?post=27925"},{"taxonomy":"product_tag","embeddable":true,"href":"https:\/\/chemsxpress.com\/it\/wp-json\/wp\/v2\/product_tag?post=27925"}],"curies":[{"name":"wp","href":"https:\/\/api.w.org\/{rel}","templated":true}]}}