{"id":27930,"date":"2024-04-29T13:13:19","date_gmt":"2024-04-29T13:13:19","guid":{"rendered":"https:\/\/chemsxpress.com\/?post_type=product&#038;p=27930"},"modified":"2025-05-28T14:30:45","modified_gmt":"2025-05-28T14:30:45","slug":"acquistare-lincenso-alle-erbe-di-king-kong","status":"publish","type":"product","link":"https:\/\/chemsxpress.com\/it\/prodotto\/acquistare-lincenso-alle-erbe-di-king-kong\/","title":{"rendered":"Incenso alle erbe King Kong"},"content":{"rendered":"<h1>Acquista l'incenso alle erbe King Kong<\/h1>\n<h1 class=\"c-detail__title\">Incenso botanico King Kong<\/h1>\n<p>Acquista l'incenso alle erbe King Kong. King Kong vi d\u00e0 la forza necessaria per scalare qualsiasi altezza e grattacielo. Proprio come nel film, vi sentirete in cima al mondo. Con la sua grande potenza, la forza e l'aroma, nulla ha scampo. \u00c8 un grande incenso ed \u00e8 un incenso legale e sigillato dal punto di vista medico. \u00c8 anche molto potente e ha un profumo fantastico.<span style=\"color: #ffffff;\"><a style=\"color: #ffffff;\" href=\"https:\/\/aromaticherbalincense.com\/product\/king-kong\/\">.<\/a><\/span> \u00c8 un ottimo prodotto, fortemente consigliato e pu\u00f2 essere spedito in tutti i 50 stati degli USA. 100{d99a1b8a56936da8dc95a057187ff2adc1ca2392c452472fda10a2857b15d4fc} satisfaction guaranteed. <span style=\"color: #ffffff;\">Incenso botanico King Kong.<\/span><\/p>\n<p><strong>Esclusione di responsabilit\u00e0:<\/strong> Sulla confezione \u00e8 scritto che non \u00e8 destinato al consumo umano. Pertanto, qualsiasi consumo illegale di questo prodotto \u00e8 di esclusiva responsabilit\u00e0 del consumatore. Abbiamo anche altri\u00a0<a href=\"https:\/\/chemsxpress.com\/it\/\">prodotti<\/a>\u00a0potete controllare.\u00a0<a href=\"https:\/\/chemsxpress.com\/it\/\">Contattateci<\/a>\u00a0per maggiori informazioni.<\/p>\n<ol>\n<li><strong>ngredienti:<\/strong> Gli incensi a base di erbe possono contenere un'ampia gamma di ingredienti, tra cui erbe essiccate, fiori, spezie e resine. Questi ingredienti naturali sono spesso combinati con oli essenziali o composti di fragranze per esaltarne l'aroma quando vengono bruciati. Tuttavia, alcuni prodotti di incenso alle erbe possono contenere anche cannabinoidi sintetici o altre sostanze psicoattive, che possono avere effetti imprevedibili.<\/li>\n<li><strong>Utilizzi:<\/strong> L'incenso alle erbe \u00e8 comunemente usato per l'aromaterapia, la meditazione, il rilassamento e le pratiche spirituali. Bruciare un incenso alle erbe pu\u00f2 creare un'atmosfera rilassante e promuovere un senso di calma e benessere. Si possono scegliere diverse erbe e oli essenziali per le loro specifiche propriet\u00e0 terapeutiche, come la lavanda per il rilassamento o la menta piperita per la chiarezza mentale.<\/li>\n<li><strong>Tipi:<\/strong> Esistono molti tipi diversi di incenso alle erbe, ognuno con una miscela unica di ingredienti e profumi. Le erbe pi\u00f9 comuni utilizzate negli incensi alle erbe sono salvia, lavanda, rosmarino e incenso. Alcune miscele di incenso alle erbe possono includere anche ingredienti esotici o rari provenienti da tutto il mondo.<\/li>\n<\/ol>\n<p>&nbsp;<\/p>","protected":false},"excerpt":{"rendered":"<p>Acquista l'incenso alle erbe King Kong Incenso botanico King Kong Acquista l'incenso alle erbe King Kong. King Kong vi d\u00e0 la forza<\/p>","protected":false},"featured_media":27954,"comment_status":"open","ping_status":"closed","template":"","meta":[],"product_brand":[],"product_cat":[73],"product_tag":[],"class_list":{"0":"post-27930","1":"product","2":"type-product","3":"status-publish","4":"has-post-thumbnail","6":"product_cat-herbal-incense","8":"first","9":"instock","10":"shipping-taxable","11":"purchasable","12":"product-type-variable"},"yoast_head":"<!-- This site is optimized with the Yoast SEO Premium plugin v24.1 (Yoast SEO v27.4) - https:\/\/yoast.com\/product\/yoast-seo-premium-wordpress\/ -->\n<title>Buy King Kong Herbal Incense Premium Quality | ChemsXpress<\/title>\n<meta name=\"description\" content=\"Buy King Kong Herbal Incense at ChemsXpress. Premium , fast shipping. Trust our quality assurance for all your research needs. Order now\" \/>\n<meta name=\"robots\" content=\"index, follow, max-snippet:-1, max-image-preview:large, max-video-preview:-1\" \/>\n<link rel=\"canonical\" href=\"https:\/\/chemsxpress.com\/it\/prodotto\/acquistare-lincenso-alle-erbe-di-king-kong\/\" \/>\n<meta property=\"og:locale\" content=\"it_IT\" \/>\n<meta property=\"og:type\" content=\"article\" \/>\n<meta property=\"og:title\" content=\"King Kong Herbal Incense\" \/>\n<meta property=\"og:description\" content=\"Buy King Kong Herbal Incense at ChemsXpress. Premium , fast shipping. Trust our quality assurance for all your research needs. Order now\" \/>\n<meta property=\"og:url\" content=\"https:\/\/chemsxpress.com\/it\/prodotto\/acquistare-lincenso-alle-erbe-di-king-kong\/\" \/>\n<meta property=\"og:site_name\" content=\"SHOP MDPHP\" \/>\n<meta property=\"article:modified_time\" content=\"2025-05-28T14:30:45+00:00\" \/>\n<meta property=\"og:image\" content=\"https:\/\/chemsxpress.com\/wp-content\/uploads\/2024\/04\/King-Kong-Herbal-Incense.jpg\" \/>\n\t<meta property=\"og:image:width\" content=\"800\" \/>\n\t<meta property=\"og:image:height\" content=\"800\" \/>\n\t<meta property=\"og:image:type\" content=\"image\/jpeg\" \/>\n<meta name=\"twitter:card\" content=\"summary_large_image\" \/>\n<meta name=\"twitter:label1\" content=\"Tempo di lettura stimato\" \/>\n\t<meta name=\"twitter:data1\" content=\"2 minuti\" \/>\n<script type=\"application\/ld+json\" class=\"yoast-schema-graph\">{\"@context\":\"https:\\\/\\\/schema.org\",\"@graph\":[{\"@type\":\"WebPage\",\"@id\":\"https:\\\/\\\/chemsxpress.com\\\/product\\\/buy-king-kong-herbal-incense\\\/\",\"url\":\"https:\\\/\\\/chemsxpress.com\\\/product\\\/buy-king-kong-herbal-incense\\\/\",\"name\":\"Buy King Kong Herbal Incense Premium Quality | ChemsXpress\",\"isPartOf\":{\"@id\":\"https:\\\/\\\/chemsxpress.com\\\/#website\"},\"primaryImageOfPage\":{\"@id\":\"https:\\\/\\\/chemsxpress.com\\\/product\\\/buy-king-kong-herbal-incense\\\/#primaryimage\"},\"image\":{\"@id\":\"https:\\\/\\\/chemsxpress.com\\\/product\\\/buy-king-kong-herbal-incense\\\/#primaryimage\"},\"thumbnailUrl\":\"https:\\\/\\\/chemsxpress.com\\\/wp-content\\\/uploads\\\/2024\\\/04\\\/King-Kong-Herbal-Incense.jpg\",\"datePublished\":\"2024-04-29T13:13:19+00:00\",\"dateModified\":\"2025-05-28T14:30:45+00:00\",\"description\":\"Buy King Kong Herbal Incense at ChemsXpress. Premium , fast shipping. Trust our quality assurance for all your research needs. Order now\",\"breadcrumb\":{\"@id\":\"https:\\\/\\\/chemsxpress.com\\\/product\\\/buy-king-kong-herbal-incense\\\/#breadcrumb\"},\"inLanguage\":\"it-IT\",\"potentialAction\":[{\"@type\":\"ReadAction\",\"target\":[\"https:\\\/\\\/chemsxpress.com\\\/product\\\/buy-king-kong-herbal-incense\\\/\"]}]},{\"@type\":\"ImageObject\",\"inLanguage\":\"it-IT\",\"@id\":\"https:\\\/\\\/chemsxpress.com\\\/product\\\/buy-king-kong-herbal-incense\\\/#primaryimage\",\"url\":\"https:\\\/\\\/chemsxpress.com\\\/wp-content\\\/uploads\\\/2024\\\/04\\\/King-Kong-Herbal-Incense.jpg\",\"contentUrl\":\"https:\\\/\\\/chemsxpress.com\\\/wp-content\\\/uploads\\\/2024\\\/04\\\/King-Kong-Herbal-Incense.jpg\",\"width\":800,\"height\":800,\"caption\":\"Buy King Kong Herbal Incense\"},{\"@type\":\"BreadcrumbList\",\"@id\":\"https:\\\/\\\/chemsxpress.com\\\/product\\\/buy-king-kong-herbal-incense\\\/#breadcrumb\",\"itemListElement\":[{\"@type\":\"ListItem\",\"position\":1,\"name\":\"Home\",\"item\":\"https:\\\/\\\/chemsxpress.com\\\/\"},{\"@type\":\"ListItem\",\"position\":2,\"name\":\"Shop\",\"item\":\"https:\\\/\\\/chemsxpress.com\\\/shop\\\/\"},{\"@type\":\"ListItem\",\"position\":3,\"name\":\"King Kong Herbal Incense\"}]},{\"@type\":\"WebSite\",\"@id\":\"https:\\\/\\\/chemsxpress.com\\\/#website\",\"url\":\"https:\\\/\\\/chemsxpress.com\\\/\",\"name\":\"SHOP MDPHP\",\"description\":\"Buy MDPHP freebase from reliable supplier\",\"potentialAction\":[{\"@type\":\"SearchAction\",\"target\":{\"@type\":\"EntryPoint\",\"urlTemplate\":\"https:\\\/\\\/chemsxpress.com\\\/?s={search_term_string}\"},\"query-input\":{\"@type\":\"PropertyValueSpecification\",\"valueRequired\":true,\"valueName\":\"search_term_string\"}}],\"inLanguage\":\"it-IT\"}]}<\/script>\n<!-- \/ Yoast SEO Premium plugin. -->","yoast_head_json":{"title":"Acquista incenso alle erbe King Kong di qualit\u00e0 premium | ChemsXpress","description":"Acquista l'incenso alle erbe King Kong su ChemsXpress. Premium, spedizione veloce. Affidati alla nostra garanzia di qualit\u00e0 per tutte le tue esigenze di ricerca. Ordina ora","robots":{"index":"index","follow":"follow","max-snippet":"max-snippet:-1","max-image-preview":"max-image-preview:large","max-video-preview":"max-video-preview:-1"},"canonical":"https:\/\/chemsxpress.com\/it\/prodotto\/acquistare-lincenso-alle-erbe-di-king-kong\/","og_locale":"it_IT","og_type":"article","og_title":"King Kong Herbal Incense","og_description":"Buy King Kong Herbal Incense at ChemsXpress. Premium , fast shipping. Trust our quality assurance for all your research needs. Order now","og_url":"https:\/\/chemsxpress.com\/it\/prodotto\/acquistare-lincenso-alle-erbe-di-king-kong\/","og_site_name":"SHOP MDPHP","article_modified_time":"2025-05-28T14:30:45+00:00","og_image":[{"width":800,"height":800,"url":"https:\/\/chemsxpress.com\/wp-content\/uploads\/2024\/04\/King-Kong-Herbal-Incense.jpg","type":"image\/jpeg"}],"twitter_card":"summary_large_image","twitter_misc":{"Tempo di lettura stimato":"2 minuti"},"schema":{"@context":"https:\/\/schema.org","@graph":[{"@type":"WebPage","@id":"https:\/\/chemsxpress.com\/product\/buy-king-kong-herbal-incense\/","url":"https:\/\/chemsxpress.com\/product\/buy-king-kong-herbal-incense\/","name":"Acquista incenso alle erbe King Kong di qualit\u00e0 premium | ChemsXpress","isPartOf":{"@id":"https:\/\/chemsxpress.com\/#website"},"primaryImageOfPage":{"@id":"https:\/\/chemsxpress.com\/product\/buy-king-kong-herbal-incense\/#primaryimage"},"image":{"@id":"https:\/\/chemsxpress.com\/product\/buy-king-kong-herbal-incense\/#primaryimage"},"thumbnailUrl":"https:\/\/chemsxpress.com\/wp-content\/uploads\/2024\/04\/King-Kong-Herbal-Incense.jpg","datePublished":"2024-04-29T13:13:19+00:00","dateModified":"2025-05-28T14:30:45+00:00","description":"Acquista l'incenso alle erbe King Kong su ChemsXpress. Premium, spedizione veloce. Affidati alla nostra garanzia di qualit\u00e0 per tutte le tue esigenze di ricerca. Ordina ora","breadcrumb":{"@id":"https:\/\/chemsxpress.com\/product\/buy-king-kong-herbal-incense\/#breadcrumb"},"inLanguage":"it-IT","potentialAction":[{"@type":"ReadAction","target":["https:\/\/chemsxpress.com\/product\/buy-king-kong-herbal-incense\/"]}]},{"@type":"ImageObject","inLanguage":"it-IT","@id":"https:\/\/chemsxpress.com\/product\/buy-king-kong-herbal-incense\/#primaryimage","url":"https:\/\/chemsxpress.com\/wp-content\/uploads\/2024\/04\/King-Kong-Herbal-Incense.jpg","contentUrl":"https:\/\/chemsxpress.com\/wp-content\/uploads\/2024\/04\/King-Kong-Herbal-Incense.jpg","width":800,"height":800,"caption":"Buy King Kong Herbal Incense"},{"@type":"BreadcrumbList","@id":"https:\/\/chemsxpress.com\/product\/buy-king-kong-herbal-incense\/#breadcrumb","itemListElement":[{"@type":"ListItem","position":1,"name":"Home","item":"https:\/\/chemsxpress.com\/"},{"@type":"ListItem","position":2,"name":"Shop","item":"https:\/\/chemsxpress.com\/shop\/"},{"@type":"ListItem","position":3,"name":"King Kong Herbal Incense"}]},{"@type":"WebSite","@id":"https:\/\/chemsxpress.com\/#website","url":"https:\/\/chemsxpress.com\/","name":"NEGOZIO MDP","description":"Acquistare MDPHP freebase da un fornitore affidabile","potentialAction":[{"@type":"SearchAction","target":{"@type":"EntryPoint","urlTemplate":"https:\/\/chemsxpress.com\/?s={search_term_string}"},"query-input":{"@type":"PropertyValueSpecification","valueRequired":true,"valueName":"search_term_string"}}],"inLanguage":"it-IT"}]}},"jetpack_sharing_enabled":true,"_links":{"self":[{"href":"https:\/\/chemsxpress.com\/it\/wp-json\/wp\/v2\/product\/27930","targetHints":{"allow":["GET"]}}],"collection":[{"href":"https:\/\/chemsxpress.com\/it\/wp-json\/wp\/v2\/product"}],"about":[{"href":"https:\/\/chemsxpress.com\/it\/wp-json\/wp\/v2\/types\/product"}],"replies":[{"embeddable":true,"href":"https:\/\/chemsxpress.com\/it\/wp-json\/wp\/v2\/comments?post=27930"}],"version-history":[{"count":3,"href":"https:\/\/chemsxpress.com\/it\/wp-json\/wp\/v2\/product\/27930\/revisions"}],"predecessor-version":[{"id":29918,"href":"https:\/\/chemsxpress.com\/it\/wp-json\/wp\/v2\/product\/27930\/revisions\/29918"}],"wp:featuredmedia":[{"embeddable":true,"href":"https:\/\/chemsxpress.com\/it\/wp-json\/wp\/v2\/media\/27954"}],"wp:attachment":[{"href":"https:\/\/chemsxpress.com\/it\/wp-json\/wp\/v2\/media?parent=27930"}],"wp:term":[{"taxonomy":"product_brand","embeddable":true,"href":"https:\/\/chemsxpress.com\/it\/wp-json\/wp\/v2\/product_brand?post=27930"},{"taxonomy":"product_cat","embeddable":true,"href":"https:\/\/chemsxpress.com\/it\/wp-json\/wp\/v2\/product_cat?post=27930"},{"taxonomy":"product_tag","embeddable":true,"href":"https:\/\/chemsxpress.com\/it\/wp-json\/wp\/v2\/product_tag?post=27930"}],"curies":[{"name":"wp","href":"https:\/\/api.w.org\/{rel}","templated":true}]}}