{"id":27940,"date":"2024-04-29T13:13:20","date_gmt":"2024-04-29T13:13:20","guid":{"rendered":"https:\/\/chemsxpress.com\/?post_type=product&#038;p=27940"},"modified":"2025-05-18T23:31:10","modified_gmt":"2025-05-18T23:31:10","slug":"acquistare-lincenso-liquido-jungle-juice","status":"publish","type":"product","link":"https:\/\/chemsxpress.com\/it\/prodotto\/acquistare-lincenso-liquido-jungle-juice\/","title":{"rendered":"Incenso liquido Jungle Juice"},"content":{"rendered":"<h1>Acquista l'incenso liquido Jungle Juice<\/h1>\n<div><\/div>\n<div>Acquista Jungle Juice Liquid Incense .The Original Room Odorizer Leather Cleaner 10ml. \u00c8 molto chiaro, con una miscela brevettata di oli e aromi. <span style=\"color: #ffffff;\">Incenso liquido alle erbe in vendita<\/span><\/div>\n<div><\/div>\n<div>Questo \u00e8 ci\u00f2 che vi mancava. \u00c8 estremamente potente. Ha l'aroma rilassante che cercate. Se cercate un incenso liquido ad alta potenza, non cercate oltre. L'immagine dell'incenso liquido alle erbe che vedete su questo sito sar\u00e0 la stessa busta di prodotto che consegneremo al vostro indirizzo. Le marche pi\u00f9 vendute di incenso liquido alle erbe. Jungle Juice Incenso Liquido 10ml non \u00e8 destinato all'uso da parte di persone di et\u00e0 inferiore ai 18 anni. <span class=\"___SText_17rlk-ko_\" style=\"color: #ffffff;\" data-ui-name=\"Link.Text\">giungla di platino<\/span><\/div>\n<div><\/div>\n<div>Questo prodotto \u00e8 destinato esclusivamente all'uso come pot-pourri aromatico. Non \u00e8 progettato o destinato al consumo umano. I produttori e i rivenditori di questo prodotto non si assumono alcuna responsabilit\u00e0 per l'uso scorretto o improprio di questo prodotto.<\/div>\n<div>Abbiamo anche altri\u00a0<a href=\"https:\/\/chemsxpress.com\/it\/\">prodotti<\/a>\u00a0potete controllare.\u00a0<a href=\"https:\/\/chemsxpress.com\/it\/\">Contattateci<\/a> per maggiori informazioni. <span class=\"___SText_17rlk-ko_\" style=\"color: #ffffff;\" data-ui-name=\"Link.Text\">ju<\/span><\/div>\n<div>\n<ol>\n<li><strong>ngredienti:<\/strong> Gli incensi a base di erbe possono contenere un'ampia gamma di ingredienti, tra cui erbe essiccate, fiori, spezie e resine. Questi ingredienti naturali sono spesso combinati con oli essenziali o composti di fragranze per esaltarne l'aroma quando vengono bruciati. Tuttavia, alcuni prodotti di incenso alle erbe possono contenere anche cannabinoidi sintetici o altre sostanze psicoattive, che possono avere effetti imprevedibili.<\/li>\n<li><strong>Utilizzi:<\/strong> L'incenso alle erbe \u00e8 comunemente usato per l'aromaterapia, la meditazione, il rilassamento e le pratiche spirituali. Bruciare un incenso alle erbe pu\u00f2 creare un'atmosfera rilassante e promuovere un senso di calma e benessere. Si possono scegliere diverse erbe e oli essenziali per le loro specifiche propriet\u00e0 terapeutiche, come la lavanda per il rilassamento o la menta piperita per la chiarezza mentale.<\/li>\n<li><strong>Tipi:<\/strong> Esistono molti tipi diversi di incenso alle erbe, ognuno con una miscela unica di ingredienti e profumi. Le erbe pi\u00f9 comuni utilizzate negli incensi alle erbe sono salvia, lavanda, rosmarino e incenso. Alcune miscele di incenso alle erbe possono includere anche ingredienti esotici o rari provenienti da tutto il mondo.<\/li>\n<\/ol>\n<p><span class=\"___SText_17rlk-ko_\" style=\"color: #ffffff;\" data-ui-name=\"Link.Text\">ngle platinum.<\/span><\/div>","protected":false},"excerpt":{"rendered":"<p>Acquista Jungle Juice Liquid Incense Acquista Jungle Juice Liquid Incense .The Original Room Odorizer Leather Cleaner 10ml. \u00c8 molto<\/p>","protected":false},"featured_media":27958,"comment_status":"open","ping_status":"closed","template":"","meta":[],"product_brand":[],"product_cat":[73],"product_tag":[],"class_list":{"0":"post-27940","1":"product","2":"type-product","3":"status-publish","4":"has-post-thumbnail","6":"product_cat-herbal-incense","8":"first","9":"instock","10":"shipping-taxable","11":"purchasable","12":"product-type-variable"},"yoast_head":"<!-- This site is optimized with the Yoast SEO Premium plugin v24.1 (Yoast SEO v27.4) - https:\/\/yoast.com\/product\/yoast-seo-premium-wordpress\/ -->\n<title>Buy Jungle Juice Liquid Incense Premium Quality | ChemsXpress<\/title>\n<meta name=\"description\" content=\"Buy Jungle Juice Liquid Incense at ChemsXpress. Premium , fast shipping. Trust our quality assurance for all your research needs. Order now\" \/>\n<meta name=\"robots\" content=\"index, follow, max-snippet:-1, max-image-preview:large, max-video-preview:-1\" \/>\n<link rel=\"canonical\" href=\"https:\/\/chemsxpress.com\/it\/prodotto\/acquistare-lincenso-liquido-jungle-juice\/\" \/>\n<meta property=\"og:locale\" content=\"it_IT\" \/>\n<meta property=\"og:type\" content=\"article\" \/>\n<meta property=\"og:title\" content=\"Jungle Juice Liquid Incense\" \/>\n<meta property=\"og:description\" content=\"Buy Jungle Juice Liquid Incense at ChemsXpress. Premium , fast shipping. Trust our quality assurance for all your research needs. Order now\" \/>\n<meta property=\"og:url\" content=\"https:\/\/chemsxpress.com\/it\/prodotto\/acquistare-lincenso-liquido-jungle-juice\/\" \/>\n<meta property=\"og:site_name\" content=\"SHOP MDPHP\" \/>\n<meta property=\"article:modified_time\" content=\"2025-05-18T23:31:10+00:00\" \/>\n<meta property=\"og:image\" content=\"https:\/\/chemsxpress.com\/wp-content\/uploads\/2024\/04\/jungle-juice-liquid-incense.jpg\" \/>\n\t<meta property=\"og:image:width\" content=\"800\" \/>\n\t<meta property=\"og:image:height\" content=\"800\" \/>\n\t<meta property=\"og:image:type\" content=\"image\/jpeg\" \/>\n<meta name=\"twitter:card\" content=\"summary_large_image\" \/>\n<meta name=\"twitter:label1\" content=\"Tempo di lettura stimato\" \/>\n\t<meta name=\"twitter:data1\" content=\"2 minuti\" \/>\n<script type=\"application\/ld+json\" class=\"yoast-schema-graph\">{\"@context\":\"https:\\\/\\\/schema.org\",\"@graph\":[{\"@type\":\"WebPage\",\"@id\":\"https:\\\/\\\/chemsxpress.com\\\/product\\\/buy-jungle-juice-liquid-incense\\\/\",\"url\":\"https:\\\/\\\/chemsxpress.com\\\/product\\\/buy-jungle-juice-liquid-incense\\\/\",\"name\":\"Buy Jungle Juice Liquid Incense Premium Quality | ChemsXpress\",\"isPartOf\":{\"@id\":\"https:\\\/\\\/chemsxpress.com\\\/#website\"},\"primaryImageOfPage\":{\"@id\":\"https:\\\/\\\/chemsxpress.com\\\/product\\\/buy-jungle-juice-liquid-incense\\\/#primaryimage\"},\"image\":{\"@id\":\"https:\\\/\\\/chemsxpress.com\\\/product\\\/buy-jungle-juice-liquid-incense\\\/#primaryimage\"},\"thumbnailUrl\":\"https:\\\/\\\/chemsxpress.com\\\/wp-content\\\/uploads\\\/2024\\\/04\\\/jungle-juice-liquid-incense.jpg\",\"datePublished\":\"2024-04-29T13:13:20+00:00\",\"dateModified\":\"2025-05-18T23:31:10+00:00\",\"description\":\"Buy Jungle Juice Liquid Incense at ChemsXpress. Premium , fast shipping. Trust our quality assurance for all your research needs. Order now\",\"breadcrumb\":{\"@id\":\"https:\\\/\\\/chemsxpress.com\\\/product\\\/buy-jungle-juice-liquid-incense\\\/#breadcrumb\"},\"inLanguage\":\"it-IT\",\"potentialAction\":[{\"@type\":\"ReadAction\",\"target\":[\"https:\\\/\\\/chemsxpress.com\\\/product\\\/buy-jungle-juice-liquid-incense\\\/\"]}]},{\"@type\":\"ImageObject\",\"inLanguage\":\"it-IT\",\"@id\":\"https:\\\/\\\/chemsxpress.com\\\/product\\\/buy-jungle-juice-liquid-incense\\\/#primaryimage\",\"url\":\"https:\\\/\\\/chemsxpress.com\\\/wp-content\\\/uploads\\\/2024\\\/04\\\/jungle-juice-liquid-incense.jpg\",\"contentUrl\":\"https:\\\/\\\/chemsxpress.com\\\/wp-content\\\/uploads\\\/2024\\\/04\\\/jungle-juice-liquid-incense.jpg\",\"width\":800,\"height\":800,\"caption\":\"Buy Jungle Juice Liquid Incense\"},{\"@type\":\"BreadcrumbList\",\"@id\":\"https:\\\/\\\/chemsxpress.com\\\/product\\\/buy-jungle-juice-liquid-incense\\\/#breadcrumb\",\"itemListElement\":[{\"@type\":\"ListItem\",\"position\":1,\"name\":\"Home\",\"item\":\"https:\\\/\\\/chemsxpress.com\\\/\"},{\"@type\":\"ListItem\",\"position\":2,\"name\":\"Shop\",\"item\":\"https:\\\/\\\/chemsxpress.com\\\/shop\\\/\"},{\"@type\":\"ListItem\",\"position\":3,\"name\":\"Jungle Juice Liquid Incense\"}]},{\"@type\":\"WebSite\",\"@id\":\"https:\\\/\\\/chemsxpress.com\\\/#website\",\"url\":\"https:\\\/\\\/chemsxpress.com\\\/\",\"name\":\"SHOP MDPHP\",\"description\":\"Buy MDPHP freebase from reliable supplier\",\"potentialAction\":[{\"@type\":\"SearchAction\",\"target\":{\"@type\":\"EntryPoint\",\"urlTemplate\":\"https:\\\/\\\/chemsxpress.com\\\/?s={search_term_string}\"},\"query-input\":{\"@type\":\"PropertyValueSpecification\",\"valueRequired\":true,\"valueName\":\"search_term_string\"}}],\"inLanguage\":\"it-IT\"}]}<\/script>\n<!-- \/ Yoast SEO Premium plugin. -->","yoast_head_json":{"title":"Acquista Jungle Juice Incenso Liquido Qualit\u00e0 Premium | ChemsXpress","description":"Acquista l'incenso liquido Jungle Juice su ChemsXpress. Premium, spedizione veloce. Affidatevi alla nostra garanzia di qualit\u00e0 per tutte le vostre esigenze di ricerca. Ordina ora","robots":{"index":"index","follow":"follow","max-snippet":"max-snippet:-1","max-image-preview":"max-image-preview:large","max-video-preview":"max-video-preview:-1"},"canonical":"https:\/\/chemsxpress.com\/it\/prodotto\/acquistare-lincenso-liquido-jungle-juice\/","og_locale":"it_IT","og_type":"article","og_title":"Jungle Juice Liquid Incense","og_description":"Buy Jungle Juice Liquid Incense at ChemsXpress. Premium , fast shipping. Trust our quality assurance for all your research needs. Order now","og_url":"https:\/\/chemsxpress.com\/it\/prodotto\/acquistare-lincenso-liquido-jungle-juice\/","og_site_name":"SHOP MDPHP","article_modified_time":"2025-05-18T23:31:10+00:00","og_image":[{"width":800,"height":800,"url":"https:\/\/chemsxpress.com\/wp-content\/uploads\/2024\/04\/jungle-juice-liquid-incense.jpg","type":"image\/jpeg"}],"twitter_card":"summary_large_image","twitter_misc":{"Tempo di lettura stimato":"2 minuti"},"schema":{"@context":"https:\/\/schema.org","@graph":[{"@type":"WebPage","@id":"https:\/\/chemsxpress.com\/product\/buy-jungle-juice-liquid-incense\/","url":"https:\/\/chemsxpress.com\/product\/buy-jungle-juice-liquid-incense\/","name":"Acquista Jungle Juice Incenso Liquido Qualit\u00e0 Premium | ChemsXpress","isPartOf":{"@id":"https:\/\/chemsxpress.com\/#website"},"primaryImageOfPage":{"@id":"https:\/\/chemsxpress.com\/product\/buy-jungle-juice-liquid-incense\/#primaryimage"},"image":{"@id":"https:\/\/chemsxpress.com\/product\/buy-jungle-juice-liquid-incense\/#primaryimage"},"thumbnailUrl":"https:\/\/chemsxpress.com\/wp-content\/uploads\/2024\/04\/jungle-juice-liquid-incense.jpg","datePublished":"2024-04-29T13:13:20+00:00","dateModified":"2025-05-18T23:31:10+00:00","description":"Acquista l'incenso liquido Jungle Juice su ChemsXpress. Premium, spedizione veloce. Affidatevi alla nostra garanzia di qualit\u00e0 per tutte le vostre esigenze di ricerca. Ordina ora","breadcrumb":{"@id":"https:\/\/chemsxpress.com\/product\/buy-jungle-juice-liquid-incense\/#breadcrumb"},"inLanguage":"it-IT","potentialAction":[{"@type":"ReadAction","target":["https:\/\/chemsxpress.com\/product\/buy-jungle-juice-liquid-incense\/"]}]},{"@type":"ImageObject","inLanguage":"it-IT","@id":"https:\/\/chemsxpress.com\/product\/buy-jungle-juice-liquid-incense\/#primaryimage","url":"https:\/\/chemsxpress.com\/wp-content\/uploads\/2024\/04\/jungle-juice-liquid-incense.jpg","contentUrl":"https:\/\/chemsxpress.com\/wp-content\/uploads\/2024\/04\/jungle-juice-liquid-incense.jpg","width":800,"height":800,"caption":"Buy Jungle Juice Liquid Incense"},{"@type":"BreadcrumbList","@id":"https:\/\/chemsxpress.com\/product\/buy-jungle-juice-liquid-incense\/#breadcrumb","itemListElement":[{"@type":"ListItem","position":1,"name":"Home","item":"https:\/\/chemsxpress.com\/"},{"@type":"ListItem","position":2,"name":"Shop","item":"https:\/\/chemsxpress.com\/shop\/"},{"@type":"ListItem","position":3,"name":"Jungle Juice Liquid Incense"}]},{"@type":"WebSite","@id":"https:\/\/chemsxpress.com\/#website","url":"https:\/\/chemsxpress.com\/","name":"NEGOZIO MDP","description":"Acquistare MDPHP freebase da un fornitore affidabile","potentialAction":[{"@type":"SearchAction","target":{"@type":"EntryPoint","urlTemplate":"https:\/\/chemsxpress.com\/?s={search_term_string}"},"query-input":{"@type":"PropertyValueSpecification","valueRequired":true,"valueName":"search_term_string"}}],"inLanguage":"it-IT"}]}},"jetpack_sharing_enabled":true,"_links":{"self":[{"href":"https:\/\/chemsxpress.com\/it\/wp-json\/wp\/v2\/product\/27940","targetHints":{"allow":["GET"]}}],"collection":[{"href":"https:\/\/chemsxpress.com\/it\/wp-json\/wp\/v2\/product"}],"about":[{"href":"https:\/\/chemsxpress.com\/it\/wp-json\/wp\/v2\/types\/product"}],"replies":[{"embeddable":true,"href":"https:\/\/chemsxpress.com\/it\/wp-json\/wp\/v2\/comments?post=27940"}],"version-history":[{"count":3,"href":"https:\/\/chemsxpress.com\/it\/wp-json\/wp\/v2\/product\/27940\/revisions"}],"predecessor-version":[{"id":29916,"href":"https:\/\/chemsxpress.com\/it\/wp-json\/wp\/v2\/product\/27940\/revisions\/29916"}],"wp:featuredmedia":[{"embeddable":true,"href":"https:\/\/chemsxpress.com\/it\/wp-json\/wp\/v2\/media\/27958"}],"wp:attachment":[{"href":"https:\/\/chemsxpress.com\/it\/wp-json\/wp\/v2\/media?parent=27940"}],"wp:term":[{"taxonomy":"product_brand","embeddable":true,"href":"https:\/\/chemsxpress.com\/it\/wp-json\/wp\/v2\/product_brand?post=27940"},{"taxonomy":"product_cat","embeddable":true,"href":"https:\/\/chemsxpress.com\/it\/wp-json\/wp\/v2\/product_cat?post=27940"},{"taxonomy":"product_tag","embeddable":true,"href":"https:\/\/chemsxpress.com\/it\/wp-json\/wp\/v2\/product_tag?post=27940"}],"curies":[{"name":"wp","href":"https:\/\/api.w.org\/{rel}","templated":true}]}}