{"id":27975,"date":"2024-04-29T13:13:38","date_gmt":"2024-04-29T13:13:38","guid":{"rendered":"https:\/\/chemsxpress.com\/?post_type=product&#038;p=27975"},"modified":"2025-04-30T10:37:51","modified_gmt":"2025-04-30T10:37:51","slug":"acquistare-4f-adb-online","status":"publish","type":"product","link":"https:\/\/chemsxpress.com\/it\/prodotto\/acquistare-4f-adb-online\/","title":{"rendered":"4F ADB"},"content":{"rendered":"<h1>Comprare 4F-ADB in linea<\/h1>\n<p>Acquistare 4F ADB online. State cercando un modo conveniente per acquistare 4F-ADB (<span class=\"___SText_17rlk-ko_\" data-ui-name=\"Link.Text\">4fadb<\/span>) online? Allora Rxchemlab \u00e8 il sito migliore per acquistare 4F-ADB senza problemi e a un prezzo ragionevole. In qualit\u00e0 di rinomato distributore e fornitore di polvere 4F-ADB, serviamo clienti provenienti da quasi tutti i principali paesi.<\/p>\n<h3>Che cos'\u00e8 il 4F-ADB?<\/h3>\n<p>Il 4F-ADB \u00e8 un cannabinoide sintetico a base di indazolo utilizzato come ingrediente attivo nei prodotti sintetici a base di cannabis. Appartiene alla famiglia degli indazoli 3 carbossammidi. <span class=\"___SText_17rlk-ko_\" style=\"color: #ffffff;\" data-ui-name=\"Link.Text\">4fadb<\/span><\/p>\n<h3>Quali sono gli usi del farmaco 4F-ADB?<\/h3>\n<p>4F-ADB \u00e8 un reagente di ricerca ampiamente utilizzato dagli scienziati. Assicuratevi che il vostro spazio di lavoro sia adeguatamente ventilato e attrezzato per trattare <a href=\"https:\/\/chemsxpress.com\/it\/categoria-di-prodotto\/ricerca-chimica\/\">ricerca chimica<\/a>.<\/p>\n<h3>Quali sono gli effetti collaterali del 4F-ADB?<\/h3>\n<p>Gli effetti collaterali della polvere 4F-ADB sono:<\/p>\n<ul>\n<li>Mal di testa<\/li>\n<li>Vertigini<\/li>\n<li>Vomito<\/li>\n<li>Coscienza alterata<\/li>\n<\/ul>\n<h3>Perch\u00e9 acquistare 4F-ADB online da ChemsXpress?<\/h3>\n<p>Offriamo il miglior 4F-ADB online ai prezzi pi\u00f9 alti. I nostri articoli sono di qualit\u00e0 eccellente, e si pu\u00f2 usare in modo sicuro ed efficace. Siamo sempre disponibili ad aiutarvi. Potete contattarci in qualsiasi momento del giorno e della notte. <span class=\"___SText_17rlk-ko_\" style=\"color: #ffffff;\" data-ui-name=\"Link.Text\">4fadb<\/span><\/p>\n<p>Per migliorare le nostre vendite online, collaboriamo con i nostri laboratori ufficiali e con i membri del nostro team. Non dovrete pi\u00f9 fare la fila perch\u00e9 teniamo ad ogni ordine, piccolo o grande che sia. Vorremmo assicurarvi che i nostri servizi di spedizione sono completamente riservati e che il vostro prodotto arriver\u00e0 in modo sicuro. Abbiamo anche altri\u00a0<a href=\"https:\/\/chemsxpress.com\/it\/\">prodotti<\/a>\u00a0potete controllare.\u00a0<a href=\"https:\/\/chemsxpress.com\/it\/\">Contattateci<\/a>\u00a0per maggiori informazioni.<\/p>","protected":false},"excerpt":{"rendered":"<p>Acquistare 4F-ADB online Acquistare 4F ADB online. State cercando un modo conveniente per acquistare 4F-ADB (4fadb) online? Allora Rxchemlab<\/p>","protected":false},"featured_media":27996,"comment_status":"open","ping_status":"closed","template":"","meta":[],"product_brand":[],"product_cat":[74],"product_tag":[],"class_list":{"0":"post-27975","1":"product","2":"type-product","3":"status-publish","4":"has-post-thumbnail","6":"product_cat-research-chemicals","8":"first","9":"instock","10":"shipping-taxable","11":"purchasable","12":"product-type-variable"},"yoast_head":"<!-- This site is optimized with the Yoast SEO Premium plugin v24.1 (Yoast SEO v27.4) - https:\/\/yoast.com\/product\/yoast-seo-premium-wordpress\/ -->\n<title>Buy 4F ADB online Premium Quality RC&#039;s | ChemsXpress<\/title>\n<meta name=\"description\" content=\"Buy 4F ADB online at chemsXpress Premium research chemicals, fast shipping. Trust our quality assurance for all your research needs. Order now\" \/>\n<meta name=\"robots\" content=\"index, follow, max-snippet:-1, max-image-preview:large, max-video-preview:-1\" \/>\n<link rel=\"canonical\" href=\"https:\/\/chemsxpress.com\/it\/prodotto\/acquistare-4f-adb-online\/\" \/>\n<meta property=\"og:locale\" content=\"it_IT\" \/>\n<meta property=\"og:type\" content=\"article\" \/>\n<meta property=\"og:title\" content=\"4F ADB\" \/>\n<meta property=\"og:description\" content=\"Buy 4F ADB online at chemsXpress Premium research chemicals, fast shipping. Trust our quality assurance for all your research needs. Order now\" \/>\n<meta property=\"og:url\" content=\"https:\/\/chemsxpress.com\/it\/prodotto\/acquistare-4f-adb-online\/\" \/>\n<meta property=\"og:site_name\" content=\"SHOP MDPHP\" \/>\n<meta property=\"article:modified_time\" content=\"2025-04-30T10:37:51+00:00\" \/>\n<meta property=\"og:image\" content=\"https:\/\/chemsxpress.com\/wp-content\/uploads\/2024\/04\/4F-ADB.jpg\" \/>\n\t<meta property=\"og:image:width\" content=\"1000\" \/>\n\t<meta property=\"og:image:height\" content=\"1000\" \/>\n\t<meta property=\"og:image:type\" content=\"image\/jpeg\" \/>\n<meta name=\"twitter:card\" content=\"summary_large_image\" \/>\n<meta name=\"twitter:label1\" content=\"Tempo di lettura stimato\" \/>\n\t<meta name=\"twitter:data1\" content=\"2 minuti\" \/>\n<script type=\"application\/ld+json\" class=\"yoast-schema-graph\">{\"@context\":\"https:\\\/\\\/schema.org\",\"@graph\":[{\"@type\":\"WebPage\",\"@id\":\"https:\\\/\\\/chemsxpress.com\\\/product\\\/buy-4f-adb-online\\\/\",\"url\":\"https:\\\/\\\/chemsxpress.com\\\/product\\\/buy-4f-adb-online\\\/\",\"name\":\"Buy 4F ADB online Premium Quality RC's | ChemsXpress\",\"isPartOf\":{\"@id\":\"https:\\\/\\\/chemsxpress.com\\\/#website\"},\"primaryImageOfPage\":{\"@id\":\"https:\\\/\\\/chemsxpress.com\\\/product\\\/buy-4f-adb-online\\\/#primaryimage\"},\"image\":{\"@id\":\"https:\\\/\\\/chemsxpress.com\\\/product\\\/buy-4f-adb-online\\\/#primaryimage\"},\"thumbnailUrl\":\"https:\\\/\\\/chemsxpress.com\\\/wp-content\\\/uploads\\\/2024\\\/04\\\/4F-ADB.jpg\",\"datePublished\":\"2024-04-29T13:13:38+00:00\",\"dateModified\":\"2025-04-30T10:37:51+00:00\",\"description\":\"Buy 4F ADB online at chemsXpress Premium research chemicals, fast shipping. Trust our quality assurance for all your research needs. Order now\",\"breadcrumb\":{\"@id\":\"https:\\\/\\\/chemsxpress.com\\\/product\\\/buy-4f-adb-online\\\/#breadcrumb\"},\"inLanguage\":\"it-IT\",\"potentialAction\":[{\"@type\":\"ReadAction\",\"target\":[\"https:\\\/\\\/chemsxpress.com\\\/product\\\/buy-4f-adb-online\\\/\"]}]},{\"@type\":\"ImageObject\",\"inLanguage\":\"it-IT\",\"@id\":\"https:\\\/\\\/chemsxpress.com\\\/product\\\/buy-4f-adb-online\\\/#primaryimage\",\"url\":\"https:\\\/\\\/chemsxpress.com\\\/wp-content\\\/uploads\\\/2024\\\/04\\\/4F-ADB.jpg\",\"contentUrl\":\"https:\\\/\\\/chemsxpress.com\\\/wp-content\\\/uploads\\\/2024\\\/04\\\/4F-ADB.jpg\",\"width\":1000,\"height\":1000,\"caption\":\"Buy 4F ADB online\"},{\"@type\":\"BreadcrumbList\",\"@id\":\"https:\\\/\\\/chemsxpress.com\\\/product\\\/buy-4f-adb-online\\\/#breadcrumb\",\"itemListElement\":[{\"@type\":\"ListItem\",\"position\":1,\"name\":\"Home\",\"item\":\"https:\\\/\\\/chemsxpress.com\\\/\"},{\"@type\":\"ListItem\",\"position\":2,\"name\":\"Shop\",\"item\":\"https:\\\/\\\/chemsxpress.com\\\/shop\\\/\"},{\"@type\":\"ListItem\",\"position\":3,\"name\":\"4F ADB\"}]},{\"@type\":\"WebSite\",\"@id\":\"https:\\\/\\\/chemsxpress.com\\\/#website\",\"url\":\"https:\\\/\\\/chemsxpress.com\\\/\",\"name\":\"SHOP MDPHP\",\"description\":\"Buy MDPHP freebase from reliable supplier\",\"potentialAction\":[{\"@type\":\"SearchAction\",\"target\":{\"@type\":\"EntryPoint\",\"urlTemplate\":\"https:\\\/\\\/chemsxpress.com\\\/?s={search_term_string}\"},\"query-input\":{\"@type\":\"PropertyValueSpecification\",\"valueRequired\":true,\"valueName\":\"search_term_string\"}}],\"inLanguage\":\"it-IT\"}]}<\/script>\n<!-- \/ Yoast SEO Premium plugin. -->","yoast_head_json":{"title":"Acquista 7-ADD online da ChemsXpress. Con qualit\u00e0, test completi, imballaggio discreto e servizio efficiente, affidati a noi come fonte affidabile di RC","description":"Acquista il cristallo 4F PHP online: su ChemsXpress. Prodotti chimici per la ricerca di alta qualit\u00e0, spedizione veloce. Affidatevi alla nostra garanzia di qualit\u00e0 per tutte le vostre esigenze di ricerca. Ordina ora.","robots":{"index":"index","follow":"follow","max-snippet":"max-snippet:-1","max-image-preview":"max-image-preview:large","max-video-preview":"max-video-preview:-1"},"canonical":"https:\/\/chemsxpress.com\/it\/prodotto\/acquistare-4f-adb-online\/","og_locale":"it_IT","og_type":"article","og_title":"4F ADB","og_description":"Buy 4F ADB online at chemsXpress Premium research chemicals, fast shipping. Trust our quality assurance for all your research needs. Order now","og_url":"https:\/\/chemsxpress.com\/it\/prodotto\/acquistare-4f-adb-online\/","og_site_name":"SHOP MDPHP","article_modified_time":"2025-04-30T10:37:51+00:00","og_image":[{"width":1000,"height":1000,"url":"https:\/\/chemsxpress.com\/wp-content\/uploads\/2024\/04\/4F-ADB.jpg","type":"image\/jpeg"}],"twitter_card":"summary_large_image","twitter_misc":{"Tempo di lettura stimato":"2 minuti"},"schema":{"@context":"https:\/\/schema.org","@graph":[{"@type":"WebPage","@id":"https:\/\/chemsxpress.com\/product\/buy-4f-adb-online\/","url":"https:\/\/chemsxpress.com\/product\/buy-4f-adb-online\/","name":"Acquista 7-ADD online da ChemsXpress. Con qualit\u00e0, test completi, imballaggio discreto e servizio efficiente, affidati a noi come fonte affidabile di RC","isPartOf":{"@id":"https:\/\/chemsxpress.com\/#website"},"primaryImageOfPage":{"@id":"https:\/\/chemsxpress.com\/product\/buy-4f-adb-online\/#primaryimage"},"image":{"@id":"https:\/\/chemsxpress.com\/product\/buy-4f-adb-online\/#primaryimage"},"thumbnailUrl":"https:\/\/chemsxpress.com\/wp-content\/uploads\/2024\/04\/4F-ADB.jpg","datePublished":"2024-04-29T13:13:38+00:00","dateModified":"2025-04-30T10:37:51+00:00","description":"Acquista il cristallo 4F PHP online: su ChemsXpress. Prodotti chimici per la ricerca di alta qualit\u00e0, spedizione veloce. Affidatevi alla nostra garanzia di qualit\u00e0 per tutte le vostre esigenze di ricerca. Ordina ora.","breadcrumb":{"@id":"https:\/\/chemsxpress.com\/product\/buy-4f-adb-online\/#breadcrumb"},"inLanguage":"it-IT","potentialAction":[{"@type":"ReadAction","target":["https:\/\/chemsxpress.com\/product\/buy-4f-adb-online\/"]}]},{"@type":"ImageObject","inLanguage":"it-IT","@id":"https:\/\/chemsxpress.com\/product\/buy-4f-adb-online\/#primaryimage","url":"https:\/\/chemsxpress.com\/wp-content\/uploads\/2024\/04\/4F-ADB.jpg","contentUrl":"https:\/\/chemsxpress.com\/wp-content\/uploads\/2024\/04\/4F-ADB.jpg","width":1000,"height":1000,"caption":"Buy 4F ADB online"},{"@type":"BreadcrumbList","@id":"https:\/\/chemsxpress.com\/product\/buy-4f-adb-online\/#breadcrumb","itemListElement":[{"@type":"ListItem","position":1,"name":"Home","item":"https:\/\/chemsxpress.com\/"},{"@type":"ListItem","position":2,"name":"Shop","item":"https:\/\/chemsxpress.com\/shop\/"},{"@type":"ListItem","position":3,"name":"4F ADB"}]},{"@type":"WebSite","@id":"https:\/\/chemsxpress.com\/#website","url":"https:\/\/chemsxpress.com\/","name":"NEGOZIO MDP","description":"Acquistare MDPHP freebase da un fornitore affidabile","potentialAction":[{"@type":"SearchAction","target":{"@type":"EntryPoint","urlTemplate":"https:\/\/chemsxpress.com\/?s={search_term_string}"},"query-input":{"@type":"PropertyValueSpecification","valueRequired":true,"valueName":"search_term_string"}}],"inLanguage":"it-IT"}]}},"jetpack_sharing_enabled":true,"_links":{"self":[{"href":"https:\/\/chemsxpress.com\/it\/wp-json\/wp\/v2\/product\/27975","targetHints":{"allow":["GET"]}}],"collection":[{"href":"https:\/\/chemsxpress.com\/it\/wp-json\/wp\/v2\/product"}],"about":[{"href":"https:\/\/chemsxpress.com\/it\/wp-json\/wp\/v2\/types\/product"}],"replies":[{"embeddable":true,"href":"https:\/\/chemsxpress.com\/it\/wp-json\/wp\/v2\/comments?post=27975"}],"version-history":[{"count":4,"href":"https:\/\/chemsxpress.com\/it\/wp-json\/wp\/v2\/product\/27975\/revisions"}],"predecessor-version":[{"id":30091,"href":"https:\/\/chemsxpress.com\/it\/wp-json\/wp\/v2\/product\/27975\/revisions\/30091"}],"wp:featuredmedia":[{"embeddable":true,"href":"https:\/\/chemsxpress.com\/it\/wp-json\/wp\/v2\/media\/27996"}],"wp:attachment":[{"href":"https:\/\/chemsxpress.com\/it\/wp-json\/wp\/v2\/media?parent=27975"}],"wp:term":[{"taxonomy":"product_brand","embeddable":true,"href":"https:\/\/chemsxpress.com\/it\/wp-json\/wp\/v2\/product_brand?post=27975"},{"taxonomy":"product_cat","embeddable":true,"href":"https:\/\/chemsxpress.com\/it\/wp-json\/wp\/v2\/product_cat?post=27975"},{"taxonomy":"product_tag","embeddable":true,"href":"https:\/\/chemsxpress.com\/it\/wp-json\/wp\/v2\/product_tag?post=27975"}],"curies":[{"name":"wp","href":"https:\/\/api.w.org\/{rel}","templated":true}]}}