{"id":28032,"date":"2024-04-29T13:13:57","date_gmt":"2024-04-29T13:13:57","guid":{"rendered":"https:\/\/chemsxpress.com\/?post_type=product&#038;p=28032"},"modified":"2024-05-05T08:41:42","modified_gmt":"2024-05-05T08:41:42","slug":"comprare-metizolam-online","status":"publish","type":"product","link":"https:\/\/chemsxpress.com\/it\/prodotto\/comprare-metizolam-online\/","title":{"rendered":"Metizolam"},"content":{"rendered":"<h1>Acquistare Metizolam online<\/h1>\n<h4><strong>Benvenuti a ChemsXpress: La vostra fonte per il Metizolam Premium<\/strong><\/h4>\n<p>Comprare Metizolam online, Cercate di comprare Metizolam online? Non cercate oltre ChemsXpress. Siamo un fornitore di fiducia di Metizolam di alta qualit\u00e0, che fornisce ai ricercatori prodotti di prima scelta per le loro indagini scientifiche.<\/p>\n<p><strong>Perch\u00e9 scegliere ChemsXpress per il metizolam?<\/strong><\/p>\n<ol>\n<li><strong>Qualit\u00e0 Premium:<\/strong> A ChemsXpress diamo priorit\u00e0 alla qualit\u00e0 e alla purezza. Il nostro Metizolam proviene da produttori affidabili e viene sottoposto a test rigorosi per garantire che soddisfi i nostri severi standard di qualit\u00e0.<\/li>\n<li><strong>Ampia gamma di applicazioni:<\/strong> Il metizolam \u00e8 un analogo delle benzodiazepine con potenziali applicazioni di ricerca in farmacologia, neuroscienze e chimica medicinale. Sia che stiate studiando i suoi effetti farmacologici o esplorando il suo potenziale terapeutico, il nostro Metizolam \u00e8 perfetto per le vostre esigenze di ricerca.<\/li>\n<li><strong>Risultati affidabili:<\/strong> Siamo consapevoli dell'importanza di risultati affidabili nella ricerca scientifica. Per questo motivo forniamo ai ricercatori Metizolam di alta qualit\u00e0 che fornisce risultati coerenti e riproducibili.<\/li>\n<li><strong>Ordini convenienti:<\/strong> Ordinare Metizolam da ChemsXpress \u00e8 facile e veloce. \u00c8 sufficiente navigare nel nostro negozio online, selezionare la quantit\u00e0 necessaria e procedere al pagamento. Offriamo opzioni di pagamento flessibili e un imballaggio discreto per la vostra convenienza.<\/li>\n<li><strong>Assistenza clienti dedicata:<\/strong> Avete domande o bisogno di assistenza? Il nostro cordiale team di assistenza clienti \u00e8 qui per aiutarvi. Ci impegniamo a fornire un servizio eccellente e a garantire un'esperienza positiva ai nostri clienti.<\/li>\n<\/ol>\n<p><strong>Ordinare Metizolam online oggi<\/strong><\/p>\n<p>Migliorate la vostra ricerca con il Metizolam di qualit\u00e0 superiore di <a href=\"https:\/\/chemsxpress.com\/it\/\">ChemsXpress<\/a>. Effettuate il vostro ordine oggi stesso e approfittate delle nostre opzioni di spedizione rapide e affidabili. Siamo il vostro partner di fiducia nell'esplorazione scientifica. Acquistare Metizolam online su ChemXpress<\/p>","protected":false},"excerpt":{"rendered":"<p><strong>IUPAC-Name: <\/strong>4-(2-Chlorophenyl)-2-ethyl-6H-thieno[3,2-f][1,2,4]triazolo[4,3-a][1,4]diazepine<\/p>\n<p><strong>CAS # <\/strong>40054-68-0<\/p>\n<p><strong>Appearance: <\/strong>powder<\/p>\n<p><strong>NMR Analysis: <\/strong>C16H13ClN4S<\/p>\n","protected":false},"featured_media":28042,"comment_status":"open","ping_status":"closed","template":"","meta":[],"product_brand":[],"product_cat":[75],"product_tag":[],"class_list":{"0":"post-28032","1":"product","2":"type-product","3":"status-publish","4":"has-post-thumbnail","6":"product_cat-benzodiazepines","8":"first","9":"instock","10":"shipping-taxable","11":"purchasable","12":"product-type-variable"},"yoast_head":"<!-- This site is optimized with the Yoast SEO Premium plugin v24.1 (Yoast SEO v27.4) - https:\/\/yoast.com\/product\/yoast-seo-premium-wordpress\/ -->\n<title>Buy Metizolam Online Research Chemicals at | ChemsXpress<\/title>\n<meta name=\"description\" content=\"Buy Metizolam Online Metizolam research with ChemsXpress. We offer top-grade Metizolam for scientific exploration, ensuring purity and reliability in every order. Order now for fast shipping and discreet packaging\" \/>\n<meta name=\"robots\" content=\"index, follow, max-snippet:-1, max-image-preview:large, max-video-preview:-1\" \/>\n<link rel=\"canonical\" href=\"https:\/\/chemsxpress.com\/it\/prodotto\/comprare-metizolam-online\/\" \/>\n<meta property=\"og:locale\" content=\"it_IT\" \/>\n<meta property=\"og:type\" content=\"article\" \/>\n<meta property=\"og:title\" content=\"Metizolam\" \/>\n<meta property=\"og:description\" content=\"Buy Metizolam Online Metizolam research with ChemsXpress. We offer top-grade Metizolam for scientific exploration, ensuring purity and reliability in every order. Order now for fast shipping and discreet packaging\" \/>\n<meta property=\"og:url\" content=\"https:\/\/chemsxpress.com\/it\/prodotto\/comprare-metizolam-online\/\" \/>\n<meta property=\"og:site_name\" content=\"SHOP MDPHP\" \/>\n<meta property=\"article:modified_time\" content=\"2024-05-05T08:41:42+00:00\" \/>\n<meta property=\"og:image\" content=\"https:\/\/chemsxpress.com\/wp-content\/uploads\/2024\/04\/Metizolam.jpg\" \/>\n\t<meta property=\"og:image:width\" content=\"600\" \/>\n\t<meta property=\"og:image:height\" content=\"600\" \/>\n\t<meta property=\"og:image:type\" content=\"image\/jpeg\" \/>\n<meta name=\"twitter:card\" content=\"summary_large_image\" \/>\n<meta name=\"twitter:label1\" content=\"Tempo di lettura stimato\" \/>\n\t<meta name=\"twitter:data1\" content=\"2 minuti\" \/>\n<script type=\"application\/ld+json\" class=\"yoast-schema-graph\">{\"@context\":\"https:\\\/\\\/schema.org\",\"@graph\":[{\"@type\":\"WebPage\",\"@id\":\"https:\\\/\\\/chemsxpress.com\\\/product\\\/buy-metizolam-online\\\/\",\"url\":\"https:\\\/\\\/chemsxpress.com\\\/product\\\/buy-metizolam-online\\\/\",\"name\":\"Buy Metizolam Online Research Chemicals at | ChemsXpress\",\"isPartOf\":{\"@id\":\"https:\\\/\\\/chemsxpress.com\\\/#website\"},\"primaryImageOfPage\":{\"@id\":\"https:\\\/\\\/chemsxpress.com\\\/product\\\/buy-metizolam-online\\\/#primaryimage\"},\"image\":{\"@id\":\"https:\\\/\\\/chemsxpress.com\\\/product\\\/buy-metizolam-online\\\/#primaryimage\"},\"thumbnailUrl\":\"https:\\\/\\\/chemsxpress.com\\\/wp-content\\\/uploads\\\/2024\\\/04\\\/Metizolam.jpg\",\"datePublished\":\"2024-04-29T13:13:57+00:00\",\"dateModified\":\"2024-05-05T08:41:42+00:00\",\"description\":\"Buy Metizolam Online Metizolam research with ChemsXpress. We offer top-grade Metizolam for scientific exploration, ensuring purity and reliability in every order. Order now for fast shipping and discreet packaging\",\"breadcrumb\":{\"@id\":\"https:\\\/\\\/chemsxpress.com\\\/product\\\/buy-metizolam-online\\\/#breadcrumb\"},\"inLanguage\":\"it-IT\",\"potentialAction\":[{\"@type\":\"ReadAction\",\"target\":[\"https:\\\/\\\/chemsxpress.com\\\/product\\\/buy-metizolam-online\\\/\"]}]},{\"@type\":\"ImageObject\",\"inLanguage\":\"it-IT\",\"@id\":\"https:\\\/\\\/chemsxpress.com\\\/product\\\/buy-metizolam-online\\\/#primaryimage\",\"url\":\"https:\\\/\\\/chemsxpress.com\\\/wp-content\\\/uploads\\\/2024\\\/04\\\/Metizolam.jpg\",\"contentUrl\":\"https:\\\/\\\/chemsxpress.com\\\/wp-content\\\/uploads\\\/2024\\\/04\\\/Metizolam.jpg\",\"width\":600,\"height\":600,\"caption\":\"Buy Metizolam online\"},{\"@type\":\"BreadcrumbList\",\"@id\":\"https:\\\/\\\/chemsxpress.com\\\/product\\\/buy-metizolam-online\\\/#breadcrumb\",\"itemListElement\":[{\"@type\":\"ListItem\",\"position\":1,\"name\":\"Home\",\"item\":\"https:\\\/\\\/chemsxpress.com\\\/\"},{\"@type\":\"ListItem\",\"position\":2,\"name\":\"Shop\",\"item\":\"https:\\\/\\\/chemsxpress.com\\\/shop\\\/\"},{\"@type\":\"ListItem\",\"position\":3,\"name\":\"Metizolam\"}]},{\"@type\":\"WebSite\",\"@id\":\"https:\\\/\\\/chemsxpress.com\\\/#website\",\"url\":\"https:\\\/\\\/chemsxpress.com\\\/\",\"name\":\"SHOP MDPHP\",\"description\":\"Buy MDPHP freebase from reliable supplier\",\"potentialAction\":[{\"@type\":\"SearchAction\",\"target\":{\"@type\":\"EntryPoint\",\"urlTemplate\":\"https:\\\/\\\/chemsxpress.com\\\/?s={search_term_string}\"},\"query-input\":{\"@type\":\"PropertyValueSpecification\",\"valueRequired\":true,\"valueName\":\"search_term_string\"}}],\"inLanguage\":\"it-IT\"}]}<\/script>\n<!-- \/ Yoast SEO Premium plugin. -->","yoast_head_json":{"title":"Acquista prodotti chimici di ricerca online Metizolam presso | ChemsXpress","description":"Acquista Metizolam Ricerca online sul Metizolam con ChemsXpress. Offriamo Metizolam di prima qualit\u00e0 per l'esplorazione scientifica, garantendo purezza e affidabilit\u00e0 in ogni ordine. Ordina ora per una spedizione veloce e un imballaggio discreto","robots":{"index":"index","follow":"follow","max-snippet":"max-snippet:-1","max-image-preview":"max-image-preview:large","max-video-preview":"max-video-preview:-1"},"canonical":"https:\/\/chemsxpress.com\/it\/prodotto\/comprare-metizolam-online\/","og_locale":"it_IT","og_type":"article","og_title":"Metizolam","og_description":"Buy Metizolam Online Metizolam research with ChemsXpress. We offer top-grade Metizolam for scientific exploration, ensuring purity and reliability in every order. Order now for fast shipping and discreet packaging","og_url":"https:\/\/chemsxpress.com\/it\/prodotto\/comprare-metizolam-online\/","og_site_name":"SHOP MDPHP","article_modified_time":"2024-05-05T08:41:42+00:00","og_image":[{"width":600,"height":600,"url":"https:\/\/chemsxpress.com\/wp-content\/uploads\/2024\/04\/Metizolam.jpg","type":"image\/jpeg"}],"twitter_card":"summary_large_image","twitter_misc":{"Tempo di lettura stimato":"2 minuti"},"schema":{"@context":"https:\/\/schema.org","@graph":[{"@type":"WebPage","@id":"https:\/\/chemsxpress.com\/product\/buy-metizolam-online\/","url":"https:\/\/chemsxpress.com\/product\/buy-metizolam-online\/","name":"Acquista prodotti chimici di ricerca online Metizolam presso | ChemsXpress","isPartOf":{"@id":"https:\/\/chemsxpress.com\/#website"},"primaryImageOfPage":{"@id":"https:\/\/chemsxpress.com\/product\/buy-metizolam-online\/#primaryimage"},"image":{"@id":"https:\/\/chemsxpress.com\/product\/buy-metizolam-online\/#primaryimage"},"thumbnailUrl":"https:\/\/chemsxpress.com\/wp-content\/uploads\/2024\/04\/Metizolam.jpg","datePublished":"2024-04-29T13:13:57+00:00","dateModified":"2024-05-05T08:41:42+00:00","description":"Acquista Metizolam Ricerca online sul Metizolam con ChemsXpress. Offriamo Metizolam di prima qualit\u00e0 per l'esplorazione scientifica, garantendo purezza e affidabilit\u00e0 in ogni ordine. Ordina ora per una spedizione veloce e un imballaggio discreto","breadcrumb":{"@id":"https:\/\/chemsxpress.com\/product\/buy-metizolam-online\/#breadcrumb"},"inLanguage":"it-IT","potentialAction":[{"@type":"ReadAction","target":["https:\/\/chemsxpress.com\/product\/buy-metizolam-online\/"]}]},{"@type":"ImageObject","inLanguage":"it-IT","@id":"https:\/\/chemsxpress.com\/product\/buy-metizolam-online\/#primaryimage","url":"https:\/\/chemsxpress.com\/wp-content\/uploads\/2024\/04\/Metizolam.jpg","contentUrl":"https:\/\/chemsxpress.com\/wp-content\/uploads\/2024\/04\/Metizolam.jpg","width":600,"height":600,"caption":"Buy Metizolam online"},{"@type":"BreadcrumbList","@id":"https:\/\/chemsxpress.com\/product\/buy-metizolam-online\/#breadcrumb","itemListElement":[{"@type":"ListItem","position":1,"name":"Home","item":"https:\/\/chemsxpress.com\/"},{"@type":"ListItem","position":2,"name":"Shop","item":"https:\/\/chemsxpress.com\/shop\/"},{"@type":"ListItem","position":3,"name":"Metizolam"}]},{"@type":"WebSite","@id":"https:\/\/chemsxpress.com\/#website","url":"https:\/\/chemsxpress.com\/","name":"NEGOZIO MDP","description":"Acquistare MDPHP freebase da un fornitore affidabile","potentialAction":[{"@type":"SearchAction","target":{"@type":"EntryPoint","urlTemplate":"https:\/\/chemsxpress.com\/?s={search_term_string}"},"query-input":{"@type":"PropertyValueSpecification","valueRequired":true,"valueName":"search_term_string"}}],"inLanguage":"it-IT"}]}},"jetpack_sharing_enabled":true,"_links":{"self":[{"href":"https:\/\/chemsxpress.com\/it\/wp-json\/wp\/v2\/product\/28032","targetHints":{"allow":["GET"]}}],"collection":[{"href":"https:\/\/chemsxpress.com\/it\/wp-json\/wp\/v2\/product"}],"about":[{"href":"https:\/\/chemsxpress.com\/it\/wp-json\/wp\/v2\/types\/product"}],"replies":[{"embeddable":true,"href":"https:\/\/chemsxpress.com\/it\/wp-json\/wp\/v2\/comments?post=28032"}],"version-history":[{"count":3,"href":"https:\/\/chemsxpress.com\/it\/wp-json\/wp\/v2\/product\/28032\/revisions"}],"predecessor-version":[{"id":29870,"href":"https:\/\/chemsxpress.com\/it\/wp-json\/wp\/v2\/product\/28032\/revisions\/29870"}],"wp:featuredmedia":[{"embeddable":true,"href":"https:\/\/chemsxpress.com\/it\/wp-json\/wp\/v2\/media\/28042"}],"wp:attachment":[{"href":"https:\/\/chemsxpress.com\/it\/wp-json\/wp\/v2\/media?parent=28032"}],"wp:term":[{"taxonomy":"product_brand","embeddable":true,"href":"https:\/\/chemsxpress.com\/it\/wp-json\/wp\/v2\/product_brand?post=28032"},{"taxonomy":"product_cat","embeddable":true,"href":"https:\/\/chemsxpress.com\/it\/wp-json\/wp\/v2\/product_cat?post=28032"},{"taxonomy":"product_tag","embeddable":true,"href":"https:\/\/chemsxpress.com\/it\/wp-json\/wp\/v2\/product_tag?post=28032"}],"curies":[{"name":"wp","href":"https:\/\/api.w.org\/{rel}","templated":true}]}}