{"id":28062,"date":"2024-04-29T13:14:15","date_gmt":"2024-04-29T13:14:15","guid":{"rendered":"https:\/\/chemsxpress.com\/?post_type=product&#038;p=28062"},"modified":"2025-05-23T16:27:58","modified_gmt":"2025-05-23T16:27:58","slug":"acquistare-lsz-online","status":"publish","type":"product","link":"https:\/\/chemsxpress.com\/it\/prodotto\/acquistare-lsz-online\/","title":{"rendered":"LSZ 150mcg blotter"},"content":{"rendered":"<h1 style=\"text-align: center;\">Comprare LSZ online<\/h1>\n<p style=\"text-align: center;\">\n<h4 style=\"text-align: center;\"><strong>Benvenuti a ChemsXpress: La vostra fonte affidabile per LSZ<\/strong><\/h4>\n<p style=\"text-align: center;\">Comprare LSZ online. ChemsXpress \u00e8 la destinazione principale per prodotti chimici di ricerca di alta qualit\u00e0, tra cui LSZ. Con un impegno per la qualit\u00e0, la sicurezza e la soddisfazione del cliente, ci sforziamo di essere il vostro fornitore di fiducia per tutte le vostre esigenze di ricerca.<\/p>\n<p style=\"text-align: center;\"><strong>Informazioni su LSZ<\/strong><\/p>\n<p style=\"text-align: center;\">L'LSZ, o acido lisergico 2,4-dimetilazetidide, \u00e8 un composto psichedelico sintetico che presenta analogie strutturali con l'LSD. \u00c8 noto per i suoi potenti effetti psicoattivi, tra cui allucinazioni visive e uditive, alterazione della percezione del tempo e cambiamenti nei modelli di pensiero. L'LSZ \u00e8 utilizzato principalmente per scopi di ricerca scientifica e non \u00e8 destinato al consumo umano.<\/p>\n<p style=\"text-align: center;\"><strong>Perch\u00e9 scegliere ChemsXpress per LSZ?<\/strong><\/p>\n<ol style=\"text-align: center;\">\n<li><strong>Garanzia di qualit\u00e0:<\/strong> Il nostro LSZ \u00e8 sintetizzato utilizzando ingredienti di altissima qualit\u00e0 e processi produttivi all'avanguardia per garantire purezza e coerenza.<\/li>\n<li><strong>Testato in laboratorio:<\/strong> Ogni lotto di LSZ viene sottoposto a rigorosi test in laboratori indipendenti per verificarne l'autenticit\u00e0, la potenza e la purezza.<\/li>\n<li><strong>Spedizione discreta:<\/strong> Comprendiamo l'importanza della privacy e della discrezione. Tutti gli ordini sono confezionati in modo discreto e spediti in modo sicuro a casa vostra.<\/li>\n<li><strong>Assistenza clienti dedicata:<\/strong> Il nostro team di assistenza clienti, competente e cordiale, \u00e8 a disposizione per rispondere a qualsiasi domanda e per assistervi durante l'intero processo di ordinazione.<\/li>\n<\/ol>\n<p style=\"text-align: center;\"><strong>Ordina LSZ online oggi stesso<\/strong><\/p>\n<p style=\"text-align: center;\">Siete pronti a intraprendere il vostro viaggio di ricerca? Sfogliate la nostra selezione di LSZ e ordinate con fiducia. Con ChemsXpress, potete essere certi di ricevere una ricerca di altissima qualit\u00e0. <a href=\"https:\/\/chemsxpress.com\/it\/\">prodotti chimici<\/a> per i vostri sforzi scientifici.<\/p>","protected":false},"excerpt":{"rendered":"<p><strong>IUPAC-Name: <\/strong>[(6aR,9R)-7-methyl-6,6a,8,9-tetrahydro-4H-indolo[4,3-fg]quinoline-9-yl]-[(2S,4S)-2,4-dimethylazetidin-1-yl]methanone<\/p>\n<p><strong>CAS # <\/strong>470666-32-1<\/p>\n<p><strong>Other name: <\/strong>Lambda<\/p>\n<p><strong>Form: <\/strong>blotters<\/p>\n<p><strong>NMR Analysis: <\/strong>C21H25N3O<\/p>\n","protected":false},"featured_media":28135,"comment_status":"open","ping_status":"closed","template":"","meta":[],"product_brand":[],"product_cat":[77],"product_tag":[],"class_list":{"0":"post-28062","1":"product","2":"type-product","3":"status-publish","4":"has-post-thumbnail","6":"product_cat-blotters","8":"first","9":"instock","10":"shipping-taxable","11":"purchasable","12":"product-type-variable"},"yoast_head":"<!-- This site is optimized with the Yoast SEO Premium plugin v24.1 (Yoast SEO v27.4) - https:\/\/yoast.com\/product\/yoast-seo-premium-wordpress\/ -->\n<title>Buy LSZ Online: High-Quality Research Chemicals | ChemsXpress<\/title>\n<meta name=\"description\" content=\"Explore the world of research chemicals with ChemsXpress. Buy LSZ online. Quality-assured, lab-tested, and discreet shipping\" \/>\n<meta name=\"robots\" content=\"index, follow, max-snippet:-1, max-image-preview:large, max-video-preview:-1\" \/>\n<link rel=\"canonical\" href=\"https:\/\/chemsxpress.com\/it\/prodotto\/acquistare-lsz-online\/\" \/>\n<meta property=\"og:locale\" content=\"it_IT\" \/>\n<meta property=\"og:type\" content=\"article\" \/>\n<meta property=\"og:title\" content=\"LSZ 150mcg blotters\" \/>\n<meta property=\"og:description\" content=\"Explore the world of research chemicals with ChemsXpress. Buy LSZ online. Quality-assured, lab-tested, and discreet shipping\" \/>\n<meta property=\"og:url\" content=\"https:\/\/chemsxpress.com\/it\/prodotto\/acquistare-lsz-online\/\" \/>\n<meta property=\"og:site_name\" content=\"SHOP MDPHP\" \/>\n<meta property=\"article:modified_time\" content=\"2025-05-23T16:27:58+00:00\" \/>\n<meta property=\"og:image\" content=\"https:\/\/chemsxpress.com\/wp-content\/uploads\/2024\/04\/LSZ-150mcg-blotters.jpg\" \/>\n\t<meta property=\"og:image:width\" content=\"600\" \/>\n\t<meta property=\"og:image:height\" content=\"600\" \/>\n\t<meta property=\"og:image:type\" content=\"image\/jpeg\" \/>\n<meta name=\"twitter:card\" content=\"summary_large_image\" \/>\n<meta name=\"twitter:label1\" content=\"Tempo di lettura stimato\" \/>\n\t<meta name=\"twitter:data1\" content=\"2 minuti\" \/>\n<script type=\"application\/ld+json\" class=\"yoast-schema-graph\">{\"@context\":\"https:\\\/\\\/schema.org\",\"@graph\":[{\"@type\":\"WebPage\",\"@id\":\"https:\\\/\\\/chemsxpress.com\\\/product\\\/buy-lsz-online\\\/\",\"url\":\"https:\\\/\\\/chemsxpress.com\\\/product\\\/buy-lsz-online\\\/\",\"name\":\"Buy LSZ Online: High-Quality Research Chemicals | ChemsXpress\",\"isPartOf\":{\"@id\":\"https:\\\/\\\/chemsxpress.com\\\/#website\"},\"primaryImageOfPage\":{\"@id\":\"https:\\\/\\\/chemsxpress.com\\\/product\\\/buy-lsz-online\\\/#primaryimage\"},\"image\":{\"@id\":\"https:\\\/\\\/chemsxpress.com\\\/product\\\/buy-lsz-online\\\/#primaryimage\"},\"thumbnailUrl\":\"https:\\\/\\\/chemsxpress.com\\\/wp-content\\\/uploads\\\/2024\\\/04\\\/LSZ-150mcg-blotters.jpg\",\"datePublished\":\"2024-04-29T13:14:15+00:00\",\"dateModified\":\"2025-05-23T16:27:58+00:00\",\"description\":\"Explore the world of research chemicals with ChemsXpress. Buy LSZ online. Quality-assured, lab-tested, and discreet shipping\",\"breadcrumb\":{\"@id\":\"https:\\\/\\\/chemsxpress.com\\\/product\\\/buy-lsz-online\\\/#breadcrumb\"},\"inLanguage\":\"it-IT\",\"potentialAction\":[{\"@type\":\"ReadAction\",\"target\":[\"https:\\\/\\\/chemsxpress.com\\\/product\\\/buy-lsz-online\\\/\"]}]},{\"@type\":\"ImageObject\",\"inLanguage\":\"it-IT\",\"@id\":\"https:\\\/\\\/chemsxpress.com\\\/product\\\/buy-lsz-online\\\/#primaryimage\",\"url\":\"https:\\\/\\\/chemsxpress.com\\\/wp-content\\\/uploads\\\/2024\\\/04\\\/LSZ-150mcg-blotters.jpg\",\"contentUrl\":\"https:\\\/\\\/chemsxpress.com\\\/wp-content\\\/uploads\\\/2024\\\/04\\\/LSZ-150mcg-blotters.jpg\",\"width\":600,\"height\":600,\"caption\":\"Buy LSZ Online\"},{\"@type\":\"BreadcrumbList\",\"@id\":\"https:\\\/\\\/chemsxpress.com\\\/product\\\/buy-lsz-online\\\/#breadcrumb\",\"itemListElement\":[{\"@type\":\"ListItem\",\"position\":1,\"name\":\"Home\",\"item\":\"https:\\\/\\\/chemsxpress.com\\\/\"},{\"@type\":\"ListItem\",\"position\":2,\"name\":\"Shop\",\"item\":\"https:\\\/\\\/chemsxpress.com\\\/shop\\\/\"},{\"@type\":\"ListItem\",\"position\":3,\"name\":\"LSZ 150mcg blotters\"}]},{\"@type\":\"WebSite\",\"@id\":\"https:\\\/\\\/chemsxpress.com\\\/#website\",\"url\":\"https:\\\/\\\/chemsxpress.com\\\/\",\"name\":\"SHOP MDPHP\",\"description\":\"Buy MDPHP freebase from reliable supplier\",\"potentialAction\":[{\"@type\":\"SearchAction\",\"target\":{\"@type\":\"EntryPoint\",\"urlTemplate\":\"https:\\\/\\\/chemsxpress.com\\\/?s={search_term_string}\"},\"query-input\":{\"@type\":\"PropertyValueSpecification\",\"valueRequired\":true,\"valueName\":\"search_term_string\"}}],\"inLanguage\":\"it-IT\"}]}<\/script>\n<!-- \/ Yoast SEO Premium plugin. -->","yoast_head_json":{"title":"Acquista LSZ online: prodotti chimici di ricerca di alta qualit\u00e0 | ChemsXpress","description":"Comprare 5-MAPB online, qualit\u00e0 garantita, testato in laboratorio e spedizione discreta. Esplorate il mondo dei prodotti chimici per la ricerca con ChemsXpress.","robots":{"index":"index","follow":"follow","max-snippet":"max-snippet:-1","max-image-preview":"max-image-preview:large","max-video-preview":"max-video-preview:-1"},"canonical":"https:\/\/chemsxpress.com\/it\/prodotto\/acquistare-lsz-online\/","og_locale":"it_IT","og_type":"article","og_title":"LSZ 150mcg blotters","og_description":"Explore the world of research chemicals with ChemsXpress. Buy LSZ online. Quality-assured, lab-tested, and discreet shipping","og_url":"https:\/\/chemsxpress.com\/it\/prodotto\/acquistare-lsz-online\/","og_site_name":"SHOP MDPHP","article_modified_time":"2025-05-23T16:27:58+00:00","og_image":[{"width":600,"height":600,"url":"https:\/\/chemsxpress.com\/wp-content\/uploads\/2024\/04\/LSZ-150mcg-blotters.jpg","type":"image\/jpeg"}],"twitter_card":"summary_large_image","twitter_misc":{"Tempo di lettura stimato":"2 minuti"},"schema":{"@context":"https:\/\/schema.org","@graph":[{"@type":"WebPage","@id":"https:\/\/chemsxpress.com\/product\/buy-lsz-online\/","url":"https:\/\/chemsxpress.com\/product\/buy-lsz-online\/","name":"Acquista LSZ online: prodotti chimici di ricerca di alta qualit\u00e0 | ChemsXpress","isPartOf":{"@id":"https:\/\/chemsxpress.com\/#website"},"primaryImageOfPage":{"@id":"https:\/\/chemsxpress.com\/product\/buy-lsz-online\/#primaryimage"},"image":{"@id":"https:\/\/chemsxpress.com\/product\/buy-lsz-online\/#primaryimage"},"thumbnailUrl":"https:\/\/chemsxpress.com\/wp-content\/uploads\/2024\/04\/LSZ-150mcg-blotters.jpg","datePublished":"2024-04-29T13:14:15+00:00","dateModified":"2025-05-23T16:27:58+00:00","description":"Comprare 5-MAPB online, qualit\u00e0 garantita, testato in laboratorio e spedizione discreta. Esplorate il mondo dei prodotti chimici per la ricerca con ChemsXpress.","breadcrumb":{"@id":"https:\/\/chemsxpress.com\/product\/buy-lsz-online\/#breadcrumb"},"inLanguage":"it-IT","potentialAction":[{"@type":"ReadAction","target":["https:\/\/chemsxpress.com\/product\/buy-lsz-online\/"]}]},{"@type":"ImageObject","inLanguage":"it-IT","@id":"https:\/\/chemsxpress.com\/product\/buy-lsz-online\/#primaryimage","url":"https:\/\/chemsxpress.com\/wp-content\/uploads\/2024\/04\/LSZ-150mcg-blotters.jpg","contentUrl":"https:\/\/chemsxpress.com\/wp-content\/uploads\/2024\/04\/LSZ-150mcg-blotters.jpg","width":600,"height":600,"caption":"Buy LSZ Online"},{"@type":"BreadcrumbList","@id":"https:\/\/chemsxpress.com\/product\/buy-lsz-online\/#breadcrumb","itemListElement":[{"@type":"ListItem","position":1,"name":"Home","item":"https:\/\/chemsxpress.com\/"},{"@type":"ListItem","position":2,"name":"Shop","item":"https:\/\/chemsxpress.com\/shop\/"},{"@type":"ListItem","position":3,"name":"LSZ 150mcg blotters"}]},{"@type":"WebSite","@id":"https:\/\/chemsxpress.com\/#website","url":"https:\/\/chemsxpress.com\/","name":"NEGOZIO MDP","description":"Acquistare MDPHP freebase da un fornitore affidabile","potentialAction":[{"@type":"SearchAction","target":{"@type":"EntryPoint","urlTemplate":"https:\/\/chemsxpress.com\/?s={search_term_string}"},"query-input":{"@type":"PropertyValueSpecification","valueRequired":true,"valueName":"search_term_string"}}],"inLanguage":"it-IT"}]}},"jetpack_sharing_enabled":true,"_links":{"self":[{"href":"https:\/\/chemsxpress.com\/it\/wp-json\/wp\/v2\/product\/28062","targetHints":{"allow":["GET"]}}],"collection":[{"href":"https:\/\/chemsxpress.com\/it\/wp-json\/wp\/v2\/product"}],"about":[{"href":"https:\/\/chemsxpress.com\/it\/wp-json\/wp\/v2\/types\/product"}],"replies":[{"embeddable":true,"href":"https:\/\/chemsxpress.com\/it\/wp-json\/wp\/v2\/comments?post=28062"}],"version-history":[{"count":3,"href":"https:\/\/chemsxpress.com\/it\/wp-json\/wp\/v2\/product\/28062\/revisions"}],"predecessor-version":[{"id":29836,"href":"https:\/\/chemsxpress.com\/it\/wp-json\/wp\/v2\/product\/28062\/revisions\/29836"}],"wp:featuredmedia":[{"embeddable":true,"href":"https:\/\/chemsxpress.com\/it\/wp-json\/wp\/v2\/media\/28135"}],"wp:attachment":[{"href":"https:\/\/chemsxpress.com\/it\/wp-json\/wp\/v2\/media?parent=28062"}],"wp:term":[{"taxonomy":"product_brand","embeddable":true,"href":"https:\/\/chemsxpress.com\/it\/wp-json\/wp\/v2\/product_brand?post=28062"},{"taxonomy":"product_cat","embeddable":true,"href":"https:\/\/chemsxpress.com\/it\/wp-json\/wp\/v2\/product_cat?post=28062"},{"taxonomy":"product_tag","embeddable":true,"href":"https:\/\/chemsxpress.com\/it\/wp-json\/wp\/v2\/product_tag?post=28062"}],"curies":[{"name":"wp","href":"https:\/\/api.w.org\/{rel}","templated":true}]}}