{"id":28153,"date":"2024-04-29T13:15:10","date_gmt":"2024-04-29T13:15:10","guid":{"rendered":"https:\/\/chemsxpress.com\/?post_type=product&#038;p=28153"},"modified":"2025-05-18T09:14:35","modified_gmt":"2025-05-18T09:14:35","slug":"acquistare-mephedrene-di-alta-qualita","status":"publish","type":"product","link":"https:\/\/chemsxpress.com\/it\/prodotto\/acquistare-mephedrene-di-alta-qualita\/","title":{"rendered":"Mefedrene"},"content":{"rendered":"<h1 style=\"text-align: center;\">Acquistare Mephedrene di alta qualit\u00e0.<\/h1>\n<h3 style=\"text-align: center;\"><strong>Benvenuti a ChemsXpress: La tua fonte affidabile per il mefedrene di alta qualit\u00e0<\/strong><\/h3>\n<p style=\"text-align: center;\">Acquista Mephedrene di alta qualit\u00e0 Scopri l'impareggiabile qualit\u00e0 di Mephedrene, meticolosamente sintetizzato e rigorosamente testato per scopi di ricerca. ChemsXpress si impegna a fornire prodotti chimici per la ricerca di prima qualit\u00e0 per supportare i vostri sforzi scientifici.<\/p>\n<p style=\"text-align: center;\"><strong>Perch\u00e9 scegliere ChemsXpress?<\/strong><\/p>\n<ul style=\"text-align: center;\">\n<li><strong>Qualit\u00e0 Premium:<\/strong> Il nostro mefedrene \u00e8 sintetizzato con tecniche avanzate e sottoposto a misure complete di controllo della qualit\u00e0 per garantire purezza e coerenza.<\/li>\n<li><strong>Spedizione veloce:<\/strong> Siamo consapevoli dell'importanza di una consegna tempestiva per i vostri progetti di ricerca. Il vostro ordine di Mephedrene sar\u00e0 prontamente elaborato e spedito, per arrivare rapidamente al vostro laboratorio.<\/li>\n<li><strong>Servizio eccezionale:<\/strong> Il nostro competente team di assistenza clienti \u00e8 qui per assistervi in ogni fase del processo. Sia che abbiate domande sui nostri prodotti o che abbiate bisogno di assistenza per il vostro ordine, ci impegniamo a fornirvi il massimo livello di assistenza.<\/li>\n<\/ul>\n<p style=\"text-align: center;\"><strong>Ordina oggi Mephedrene<\/strong><\/p>\n<p style=\"text-align: center;\">Provate l'eccezionale qualit\u00e0 e affidabilit\u00e0 di Mephedrene di ChemsXpress. Affidatevi a noi per la consegna di farmaci di qualit\u00e0 superiore <a href=\"https:\/\/chemsxpress.com\/it\/categoria-di-prodotto\/ricerca-chimica\/\">ricerca chimica<\/a> con integrit\u00e0 e professionalit\u00e0.<\/p>\n<p style=\"text-align: center;\"><strong>Unisciti alla nostra comunit\u00e0 di ricerca<\/strong><\/p>\n<p style=\"text-align: center;\">Rimanete informati sugli ultimi progressi nel campo dei prodotti chimici per la ricerca e ricevete offerte esclusive iscrivendovi alla nostra newsletter. Unitevi alla nostra comunit\u00e0 di ricercatori e siate i primi ad accedere a nuovi prodotti e aggiornamenti.<\/p>\n<p style=\"text-align: center;\"><strong>Scegliete la qualit\u00e0, scegliete ChemsXpress<\/strong><\/p>\n<p style=\"text-align: center;\">Grazie per aver scelto <a href=\"https:\/\/chemsxpress.com\/it\/\">ChemsXpress<\/a> come fornitore di fiducia di Mephedrene. Grazie al nostro impegno costante per la qualit\u00e0 e la soddisfazione del cliente, potete condurre la vostra ricerca con fiducia.<\/p>","protected":false},"excerpt":{"rendered":"<p><strong>Nome IUPAC: <\/strong>N-metil-1-(5-metiltiofen-2-il)propan-2-ammina<\/p>\n<p><strong>CAS # <\/strong>1340105-79-4<\/p>\n<p><strong>Altro nome: <\/strong>5-MMPA<\/p>\n<p><strong>Analisi NMR: <\/strong>C9H15NS<\/p>","protected":false},"featured_media":28230,"comment_status":"open","ping_status":"closed","template":"","meta":[],"product_brand":[],"product_cat":[79],"product_tag":[],"class_list":{"0":"post-28153","1":"product","2":"type-product","3":"status-publish","4":"has-post-thumbnail","6":"product_cat-cathinone","8":"first","9":"instock","10":"shipping-taxable","11":"purchasable","12":"product-type-variable"},"yoast_head":"<!-- This site is optimized with the Yoast SEO Premium plugin v24.1 (Yoast SEO v27.4) - https:\/\/yoast.com\/product\/yoast-seo-premium-wordpress\/ -->\n<title>Buy High-Quality Mephedrene Online:RC&#039;s | ChemsXpress<\/title>\n<meta name=\"description\" content=\"Buy high-quality Mephedrene for your research needs at ChemsXpress. Fast shipping, exceptional service. advance your scientific endeavors with faith.\" \/>\n<meta name=\"robots\" content=\"index, follow, max-snippet:-1, max-image-preview:large, max-video-preview:-1\" \/>\n<link rel=\"canonical\" href=\"https:\/\/chemsxpress.com\/it\/prodotto\/acquistare-mephedrene-di-alta-qualita\/\" \/>\n<meta property=\"og:locale\" content=\"it_IT\" \/>\n<meta property=\"og:type\" content=\"article\" \/>\n<meta property=\"og:title\" content=\"Mephedrene\" \/>\n<meta property=\"og:description\" content=\"Buy high-quality Mephedrene for your research needs at ChemsXpress. Fast shipping, exceptional service. advance your scientific endeavors with faith.\" \/>\n<meta property=\"og:url\" content=\"https:\/\/chemsxpress.com\/it\/prodotto\/acquistare-mephedrene-di-alta-qualita\/\" \/>\n<meta property=\"og:site_name\" content=\"SHOP MDPHP\" \/>\n<meta property=\"article:modified_time\" content=\"2025-05-18T09:14:35+00:00\" \/>\n<meta property=\"og:image\" content=\"https:\/\/chemsxpress.com\/wp-content\/uploads\/2024\/04\/Mephedrone.jpg\" \/>\n\t<meta property=\"og:image:width\" content=\"600\" \/>\n\t<meta property=\"og:image:height\" content=\"600\" \/>\n\t<meta property=\"og:image:type\" content=\"image\/jpeg\" \/>\n<meta name=\"twitter:card\" content=\"summary_large_image\" \/>\n<meta name=\"twitter:label1\" content=\"Tempo di lettura stimato\" \/>\n\t<meta name=\"twitter:data1\" content=\"2 minuti\" \/>\n<script type=\"application\/ld+json\" class=\"yoast-schema-graph\">{\"@context\":\"https:\\\/\\\/schema.org\",\"@graph\":[{\"@type\":\"WebPage\",\"@id\":\"https:\\\/\\\/chemsxpress.com\\\/product\\\/buy-high-quality-mephedrene\\\/\",\"url\":\"https:\\\/\\\/chemsxpress.com\\\/product\\\/buy-high-quality-mephedrene\\\/\",\"name\":\"Buy High-Quality Mephedrene Online:RC's | ChemsXpress\",\"isPartOf\":{\"@id\":\"https:\\\/\\\/chemsxpress.com\\\/#website\"},\"primaryImageOfPage\":{\"@id\":\"https:\\\/\\\/chemsxpress.com\\\/product\\\/buy-high-quality-mephedrene\\\/#primaryimage\"},\"image\":{\"@id\":\"https:\\\/\\\/chemsxpress.com\\\/product\\\/buy-high-quality-mephedrene\\\/#primaryimage\"},\"thumbnailUrl\":\"https:\\\/\\\/chemsxpress.com\\\/wp-content\\\/uploads\\\/2024\\\/04\\\/Mephedrone.jpg\",\"datePublished\":\"2024-04-29T13:15:10+00:00\",\"dateModified\":\"2025-05-18T09:14:35+00:00\",\"description\":\"Buy high-quality Mephedrene for your research needs at ChemsXpress. Fast shipping, exceptional service. advance your scientific endeavors with faith.\",\"breadcrumb\":{\"@id\":\"https:\\\/\\\/chemsxpress.com\\\/product\\\/buy-high-quality-mephedrene\\\/#breadcrumb\"},\"inLanguage\":\"it-IT\",\"potentialAction\":[{\"@type\":\"ReadAction\",\"target\":[\"https:\\\/\\\/chemsxpress.com\\\/product\\\/buy-high-quality-mephedrene\\\/\"]}]},{\"@type\":\"ImageObject\",\"inLanguage\":\"it-IT\",\"@id\":\"https:\\\/\\\/chemsxpress.com\\\/product\\\/buy-high-quality-mephedrene\\\/#primaryimage\",\"url\":\"https:\\\/\\\/chemsxpress.com\\\/wp-content\\\/uploads\\\/2024\\\/04\\\/Mephedrone.jpg\",\"contentUrl\":\"https:\\\/\\\/chemsxpress.com\\\/wp-content\\\/uploads\\\/2024\\\/04\\\/Mephedrone.jpg\",\"width\":600,\"height\":600,\"caption\":\"Buy High Quality Mephedrene\"},{\"@type\":\"BreadcrumbList\",\"@id\":\"https:\\\/\\\/chemsxpress.com\\\/product\\\/buy-high-quality-mephedrene\\\/#breadcrumb\",\"itemListElement\":[{\"@type\":\"ListItem\",\"position\":1,\"name\":\"Home\",\"item\":\"https:\\\/\\\/chemsxpress.com\\\/\"},{\"@type\":\"ListItem\",\"position\":2,\"name\":\"Shop\",\"item\":\"https:\\\/\\\/chemsxpress.com\\\/shop\\\/\"},{\"@type\":\"ListItem\",\"position\":3,\"name\":\"Mephedrene\"}]},{\"@type\":\"WebSite\",\"@id\":\"https:\\\/\\\/chemsxpress.com\\\/#website\",\"url\":\"https:\\\/\\\/chemsxpress.com\\\/\",\"name\":\"SHOP MDPHP\",\"description\":\"Buy MDPHP freebase from reliable supplier\",\"potentialAction\":[{\"@type\":\"SearchAction\",\"target\":{\"@type\":\"EntryPoint\",\"urlTemplate\":\"https:\\\/\\\/chemsxpress.com\\\/?s={search_term_string}\"},\"query-input\":{\"@type\":\"PropertyValueSpecification\",\"valueRequired\":true,\"valueName\":\"search_term_string\"}}],\"inLanguage\":\"it-IT\"}]}<\/script>\n<!-- \/ Yoast SEO Premium plugin. -->","yoast_head_json":{"title":"Acquista mefedrene di alta qualit\u00e0 online: RC | ChemsXpress","description":"Acquistate la polvere NEP per le vostre esigenze di ricerca su ChemsXpress. Spedizione veloce, servizio eccezionale. Ordinate ora e fate progredire i vostri sforzi scientifici con fiducia.","robots":{"index":"index","follow":"follow","max-snippet":"max-snippet:-1","max-image-preview":"max-image-preview:large","max-video-preview":"max-video-preview:-1"},"canonical":"https:\/\/chemsxpress.com\/it\/prodotto\/acquistare-mephedrene-di-alta-qualita\/","og_locale":"it_IT","og_type":"article","og_title":"Mephedrene","og_description":"Buy high-quality Mephedrene for your research needs at ChemsXpress. Fast shipping, exceptional service. advance your scientific endeavors with faith.","og_url":"https:\/\/chemsxpress.com\/it\/prodotto\/acquistare-mephedrene-di-alta-qualita\/","og_site_name":"SHOP MDPHP","article_modified_time":"2025-05-18T09:14:35+00:00","og_image":[{"width":600,"height":600,"url":"https:\/\/chemsxpress.com\/wp-content\/uploads\/2024\/04\/Mephedrone.jpg","type":"image\/jpeg"}],"twitter_card":"summary_large_image","twitter_misc":{"Tempo di lettura stimato":"2 minuti"},"schema":{"@context":"https:\/\/schema.org","@graph":[{"@type":"WebPage","@id":"https:\/\/chemsxpress.com\/product\/buy-high-quality-mephedrene\/","url":"https:\/\/chemsxpress.com\/product\/buy-high-quality-mephedrene\/","name":"Acquista mefedrene di alta qualit\u00e0 online: RC | ChemsXpress","isPartOf":{"@id":"https:\/\/chemsxpress.com\/#website"},"primaryImageOfPage":{"@id":"https:\/\/chemsxpress.com\/product\/buy-high-quality-mephedrene\/#primaryimage"},"image":{"@id":"https:\/\/chemsxpress.com\/product\/buy-high-quality-mephedrene\/#primaryimage"},"thumbnailUrl":"https:\/\/chemsxpress.com\/wp-content\/uploads\/2024\/04\/Mephedrone.jpg","datePublished":"2024-04-29T13:15:10+00:00","dateModified":"2025-05-18T09:14:35+00:00","description":"Acquistate la polvere NEP per le vostre esigenze di ricerca su ChemsXpress. Spedizione veloce, servizio eccezionale. Ordinate ora e fate progredire i vostri sforzi scientifici con fiducia.","breadcrumb":{"@id":"https:\/\/chemsxpress.com\/product\/buy-high-quality-mephedrene\/#breadcrumb"},"inLanguage":"it-IT","potentialAction":[{"@type":"ReadAction","target":["https:\/\/chemsxpress.com\/product\/buy-high-quality-mephedrene\/"]}]},{"@type":"ImageObject","inLanguage":"it-IT","@id":"https:\/\/chemsxpress.com\/product\/buy-high-quality-mephedrene\/#primaryimage","url":"https:\/\/chemsxpress.com\/wp-content\/uploads\/2024\/04\/Mephedrone.jpg","contentUrl":"https:\/\/chemsxpress.com\/wp-content\/uploads\/2024\/04\/Mephedrone.jpg","width":600,"height":600,"caption":"Buy High Quality Mephedrene"},{"@type":"BreadcrumbList","@id":"https:\/\/chemsxpress.com\/product\/buy-high-quality-mephedrene\/#breadcrumb","itemListElement":[{"@type":"ListItem","position":1,"name":"Home","item":"https:\/\/chemsxpress.com\/"},{"@type":"ListItem","position":2,"name":"Shop","item":"https:\/\/chemsxpress.com\/shop\/"},{"@type":"ListItem","position":3,"name":"Mephedrene"}]},{"@type":"WebSite","@id":"https:\/\/chemsxpress.com\/#website","url":"https:\/\/chemsxpress.com\/","name":"NEGOZIO MDP","description":"Acquistare MDPHP freebase da un fornitore affidabile","potentialAction":[{"@type":"SearchAction","target":{"@type":"EntryPoint","urlTemplate":"https:\/\/chemsxpress.com\/?s={search_term_string}"},"query-input":{"@type":"PropertyValueSpecification","valueRequired":true,"valueName":"search_term_string"}}],"inLanguage":"it-IT"}]}},"jetpack_sharing_enabled":true,"_links":{"self":[{"href":"https:\/\/chemsxpress.com\/it\/wp-json\/wp\/v2\/product\/28153","targetHints":{"allow":["GET"]}}],"collection":[{"href":"https:\/\/chemsxpress.com\/it\/wp-json\/wp\/v2\/product"}],"about":[{"href":"https:\/\/chemsxpress.com\/it\/wp-json\/wp\/v2\/types\/product"}],"replies":[{"embeddable":true,"href":"https:\/\/chemsxpress.com\/it\/wp-json\/wp\/v2\/comments?post=28153"}],"version-history":[{"count":4,"href":"https:\/\/chemsxpress.com\/it\/wp-json\/wp\/v2\/product\/28153\/revisions"}],"predecessor-version":[{"id":30064,"href":"https:\/\/chemsxpress.com\/it\/wp-json\/wp\/v2\/product\/28153\/revisions\/30064"}],"wp:featuredmedia":[{"embeddable":true,"href":"https:\/\/chemsxpress.com\/it\/wp-json\/wp\/v2\/media\/28230"}],"wp:attachment":[{"href":"https:\/\/chemsxpress.com\/it\/wp-json\/wp\/v2\/media?parent=28153"}],"wp:term":[{"taxonomy":"product_brand","embeddable":true,"href":"https:\/\/chemsxpress.com\/it\/wp-json\/wp\/v2\/product_brand?post=28153"},{"taxonomy":"product_cat","embeddable":true,"href":"https:\/\/chemsxpress.com\/it\/wp-json\/wp\/v2\/product_cat?post=28153"},{"taxonomy":"product_tag","embeddable":true,"href":"https:\/\/chemsxpress.com\/it\/wp-json\/wp\/v2\/product_tag?post=28153"}],"curies":[{"name":"wp","href":"https:\/\/api.w.org\/{rel}","templated":true}]}}