{"id":28155,"date":"2024-04-29T13:15:10","date_gmt":"2024-04-29T13:15:10","guid":{"rendered":"https:\/\/chemsxpress.com\/?post_type=product&#038;p=28155"},"modified":"2025-05-17T05:50:59","modified_gmt":"2025-05-17T05:50:59","slug":"acquistare-un-pcyp-online","status":"publish","type":"product","link":"https:\/\/chemsxpress.com\/it\/prodotto\/acquistare-un-pcyp-online\/","title":{"rendered":"A-PCYP"},"content":{"rendered":"<h1 style=\"text-align: center;\">Comprare A-PCYP online<\/h1>\n<h5 style=\"text-align: center;\"><strong>Benvenuti a ChemsXpress: La vostra fonte affidabile per A-PCYP<\/strong><\/h5>\n<p style=\"text-align: center;\">Comprare A-PCYP online, qualit\u00e0 eccezionale di A-PCYP, meticolosamente sintetizzato e rigorosamente testato per scopi di ricerca. ChemsXpress si impegna a fornire prodotti chimici per la ricerca di prima qualit\u00e0 per supportare le vostre indagini scientifiche.<\/p>\n<p style=\"text-align: center;\"><strong>Perch\u00e9 scegliere ChemsXpress?<\/strong><\/p>\n<ul style=\"text-align: center;\">\n<li><strong>Qualit\u00e0 Premium:<\/strong> Il nostro A-PCYP \u00e8 sintetizzato con tecniche avanzate ed \u00e8 sottoposto a rigorosi controlli di qualit\u00e0 per garantire purezza e coerenza.<\/li>\n<li><strong>Spedizione veloce:<\/strong> Siamo consapevoli dell'importanza di una consegna tempestiva per i vostri progetti di ricerca. Il vostro ordine di A-PCYP sar\u00e0 prontamente elaborato e spedito, per arrivare rapidamente al vostro laboratorio.<\/li>\n<li><strong>Servizio eccezionale:<\/strong> Il nostro competente team di assistenza clienti \u00e8 qui per assistervi in ogni fase del processo. Sia che abbiate domande sui nostri prodotti o che abbiate bisogno di assistenza per il vostro ordine, ci impegniamo a fornirvi il massimo livello di assistenza.<\/li>\n<\/ul>\n<p style=\"text-align: center;\"><strong>Ordina oggi stesso A-PCYP<\/strong><\/p>\n<p style=\"text-align: center;\">Provate l'eccezionale qualit\u00e0 e affidabilit\u00e0 di A-PCYP di ChemsXpress. Affidatevi a noi per la fornitura di prodotti di qualit\u00e0 superiore <a href=\"https:\/\/chemsxpress.com\/it\/categoria-di-prodotto\/ricerca-chimica\/\">ricerca chimica<\/a> con integrit\u00e0 e professionalit\u00e0.<\/p>\n<p style=\"text-align: center;\"><strong>Unisciti alla nostra comunit\u00e0 di ricerca<\/strong><\/p>\n<p style=\"text-align: center;\">Rimanete informati sugli ultimi progressi nel campo dei prodotti chimici per la ricerca e ricevete offerte esclusive iscrivendovi alla nostra newsletter. Unitevi alla nostra comunit\u00e0 di ricercatori e siate i primi ad accedere a nuovi prodotti e aggiornamenti.<\/p>\n<p style=\"text-align: center;\"><strong>Scegliete la qualit\u00e0, scegliete ChemsXpress<\/strong><\/p>\n<p style=\"text-align: center;\">Grazie per aver scelto <a href=\"https:\/\/chemsxpress.com\/it\/\">ChemsXpress<\/a> come fornitore di fiducia di A-PCYP. Grazie al nostro impegno costante per la qualit\u00e0 e la soddisfazione del cliente, potete condurre le vostre ricerche con fiducia.<\/p>","protected":false},"excerpt":{"rendered":"<p><strong>Nome IUPAC: <\/strong>2-cicloesil-1-fenil-2-(pirrolidin-1-il)etan-1-one<\/p>\n<p><strong>CAS # <\/strong>1803168-11-7<\/p>\n<p><strong>Aspetto: <\/strong>cristallo<\/p>\n<p><strong>Analisi NMR: <\/strong>C18H25NO<\/p>","protected":false},"featured_media":28236,"comment_status":"open","ping_status":"closed","template":"","meta":[],"product_brand":[],"product_cat":[79],"product_tag":[],"class_list":{"0":"post-28155","1":"product","2":"type-product","3":"status-publish","4":"has-post-thumbnail","6":"product_cat-cathinone","8":"first","9":"instock","10":"shipping-taxable","11":"purchasable","12":"product-type-variable"},"yoast_head":"<!-- This site is optimized with the Yoast SEO Premium plugin v24.1 (Yoast SEO v27.3) - https:\/\/yoast.com\/product\/yoast-seo-premium-wordpress\/ -->\n<title>Buy A-PCYP Online: Premium Research Chemicals | ChemsXpress<\/title>\n<meta name=\"description\" content=\"Discover high-quality A-PCYP for your research needs at ChemsXpress. Fast shipping, exceptional service. Order now 50% discount\" \/>\n<meta name=\"robots\" content=\"index, follow, max-snippet:-1, max-image-preview:large, max-video-preview:-1\" \/>\n<link rel=\"canonical\" href=\"https:\/\/chemsxpress.com\/it\/prodotto\/acquistare-un-pcyp-online\/\" \/>\n<meta property=\"og:locale\" content=\"it_IT\" \/>\n<meta property=\"og:type\" content=\"article\" \/>\n<meta property=\"og:title\" content=\"A-PCYP\" \/>\n<meta property=\"og:description\" content=\"Discover high-quality A-PCYP for your research needs at ChemsXpress. Fast shipping, exceptional service. Order now 50% discount\" \/>\n<meta property=\"og:url\" content=\"https:\/\/chemsxpress.com\/it\/prodotto\/acquistare-un-pcyp-online\/\" \/>\n<meta property=\"og:site_name\" content=\"SHOP MDPHP\" \/>\n<meta property=\"article:modified_time\" content=\"2025-05-17T05:50:59+00:00\" \/>\n<meta property=\"og:image\" content=\"https:\/\/chemsxpress.com\/wp-content\/uploads\/2024\/04\/A-PCYP.jpg\" \/>\n\t<meta property=\"og:image:width\" content=\"600\" \/>\n\t<meta property=\"og:image:height\" content=\"600\" \/>\n\t<meta property=\"og:image:type\" content=\"image\/jpeg\" \/>\n<meta name=\"twitter:card\" content=\"summary_large_image\" \/>\n<meta name=\"twitter:label1\" content=\"Tempo di lettura stimato\" \/>\n\t<meta name=\"twitter:data1\" content=\"2 minuti\" \/>\n<script type=\"application\/ld+json\" class=\"yoast-schema-graph\">{\"@context\":\"https:\\\/\\\/schema.org\",\"@graph\":[{\"@type\":\"WebPage\",\"@id\":\"https:\\\/\\\/chemsxpress.com\\\/product\\\/buy-a-pcyp-online\\\/\",\"url\":\"https:\\\/\\\/chemsxpress.com\\\/product\\\/buy-a-pcyp-online\\\/\",\"name\":\"Buy A-PCYP Online: Premium Research Chemicals | ChemsXpress\",\"isPartOf\":{\"@id\":\"https:\\\/\\\/chemsxpress.com\\\/#website\"},\"primaryImageOfPage\":{\"@id\":\"https:\\\/\\\/chemsxpress.com\\\/product\\\/buy-a-pcyp-online\\\/#primaryimage\"},\"image\":{\"@id\":\"https:\\\/\\\/chemsxpress.com\\\/product\\\/buy-a-pcyp-online\\\/#primaryimage\"},\"thumbnailUrl\":\"https:\\\/\\\/chemsxpress.com\\\/wp-content\\\/uploads\\\/2024\\\/04\\\/A-PCYP.jpg\",\"datePublished\":\"2024-04-29T13:15:10+00:00\",\"dateModified\":\"2025-05-17T05:50:59+00:00\",\"description\":\"Discover high-quality A-PCYP for your research needs at ChemsXpress. Fast shipping, exceptional service. Order now 50% discount\",\"breadcrumb\":{\"@id\":\"https:\\\/\\\/chemsxpress.com\\\/product\\\/buy-a-pcyp-online\\\/#breadcrumb\"},\"inLanguage\":\"it-IT\",\"potentialAction\":[{\"@type\":\"ReadAction\",\"target\":[\"https:\\\/\\\/chemsxpress.com\\\/product\\\/buy-a-pcyp-online\\\/\"]}]},{\"@type\":\"ImageObject\",\"inLanguage\":\"it-IT\",\"@id\":\"https:\\\/\\\/chemsxpress.com\\\/product\\\/buy-a-pcyp-online\\\/#primaryimage\",\"url\":\"https:\\\/\\\/chemsxpress.com\\\/wp-content\\\/uploads\\\/2024\\\/04\\\/A-PCYP.jpg\",\"contentUrl\":\"https:\\\/\\\/chemsxpress.com\\\/wp-content\\\/uploads\\\/2024\\\/04\\\/A-PCYP.jpg\",\"width\":600,\"height\":600,\"caption\":\"Buy A-PCYP Online\"},{\"@type\":\"BreadcrumbList\",\"@id\":\"https:\\\/\\\/chemsxpress.com\\\/product\\\/buy-a-pcyp-online\\\/#breadcrumb\",\"itemListElement\":[{\"@type\":\"ListItem\",\"position\":1,\"name\":\"Home\",\"item\":\"https:\\\/\\\/chemsxpress.com\\\/\"},{\"@type\":\"ListItem\",\"position\":2,\"name\":\"Shop\",\"item\":\"https:\\\/\\\/chemsxpress.com\\\/shop\\\/\"},{\"@type\":\"ListItem\",\"position\":3,\"name\":\"A-PCYP\"}]},{\"@type\":\"WebSite\",\"@id\":\"https:\\\/\\\/chemsxpress.com\\\/#website\",\"url\":\"https:\\\/\\\/chemsxpress.com\\\/\",\"name\":\"SHOP MDPHP\",\"description\":\"Buy MDPHP freebase from reliable supplier\",\"potentialAction\":[{\"@type\":\"SearchAction\",\"target\":{\"@type\":\"EntryPoint\",\"urlTemplate\":\"https:\\\/\\\/chemsxpress.com\\\/?s={search_term_string}\"},\"query-input\":{\"@type\":\"PropertyValueSpecification\",\"valueRequired\":true,\"valueName\":\"search_term_string\"}}],\"inLanguage\":\"it-IT\"}]}<\/script>\n<!-- \/ Yoast SEO Premium plugin. -->","yoast_head_json":{"title":"Acquista A-PCYP online: prodotti chimici di ricerca premium | ChemsXpress","description":"Scoprite MDPHP freebase di alta qualit\u00e0 per le vostre esigenze di ricerca su ChemsXpress. Spedizione veloce, servizio eccezionale. Ordina ora","robots":{"index":"index","follow":"follow","max-snippet":"max-snippet:-1","max-image-preview":"max-image-preview:large","max-video-preview":"max-video-preview:-1"},"canonical":"https:\/\/chemsxpress.com\/it\/prodotto\/acquistare-un-pcyp-online\/","og_locale":"it_IT","og_type":"article","og_title":"A-PCYP","og_description":"Discover high-quality A-PCYP for your research needs at ChemsXpress. Fast shipping, exceptional service. Order now 50% discount","og_url":"https:\/\/chemsxpress.com\/it\/prodotto\/acquistare-un-pcyp-online\/","og_site_name":"SHOP MDPHP","article_modified_time":"2025-05-17T05:50:59+00:00","og_image":[{"width":600,"height":600,"url":"https:\/\/chemsxpress.com\/wp-content\/uploads\/2024\/04\/A-PCYP.jpg","type":"image\/jpeg"}],"twitter_card":"summary_large_image","twitter_misc":{"Tempo di lettura stimato":"2 minuti"},"schema":{"@context":"https:\/\/schema.org","@graph":[{"@type":"WebPage","@id":"https:\/\/chemsxpress.com\/product\/buy-a-pcyp-online\/","url":"https:\/\/chemsxpress.com\/product\/buy-a-pcyp-online\/","name":"Acquista A-PCYP online: prodotti chimici di ricerca premium | ChemsXpress","isPartOf":{"@id":"https:\/\/chemsxpress.com\/#website"},"primaryImageOfPage":{"@id":"https:\/\/chemsxpress.com\/product\/buy-a-pcyp-online\/#primaryimage"},"image":{"@id":"https:\/\/chemsxpress.com\/product\/buy-a-pcyp-online\/#primaryimage"},"thumbnailUrl":"https:\/\/chemsxpress.com\/wp-content\/uploads\/2024\/04\/A-PCYP.jpg","datePublished":"2024-04-29T13:15:10+00:00","dateModified":"2025-05-17T05:50:59+00:00","description":"Scoprite MDPHP freebase di alta qualit\u00e0 per le vostre esigenze di ricerca su ChemsXpress. Spedizione veloce, servizio eccezionale. Ordina ora","breadcrumb":{"@id":"https:\/\/chemsxpress.com\/product\/buy-a-pcyp-online\/#breadcrumb"},"inLanguage":"it-IT","potentialAction":[{"@type":"ReadAction","target":["https:\/\/chemsxpress.com\/product\/buy-a-pcyp-online\/"]}]},{"@type":"ImageObject","inLanguage":"it-IT","@id":"https:\/\/chemsxpress.com\/product\/buy-a-pcyp-online\/#primaryimage","url":"https:\/\/chemsxpress.com\/wp-content\/uploads\/2024\/04\/A-PCYP.jpg","contentUrl":"https:\/\/chemsxpress.com\/wp-content\/uploads\/2024\/04\/A-PCYP.jpg","width":600,"height":600,"caption":"Buy A-PCYP Online"},{"@type":"BreadcrumbList","@id":"https:\/\/chemsxpress.com\/product\/buy-a-pcyp-online\/#breadcrumb","itemListElement":[{"@type":"ListItem","position":1,"name":"Home","item":"https:\/\/chemsxpress.com\/"},{"@type":"ListItem","position":2,"name":"Shop","item":"https:\/\/chemsxpress.com\/shop\/"},{"@type":"ListItem","position":3,"name":"A-PCYP"}]},{"@type":"WebSite","@id":"https:\/\/chemsxpress.com\/#website","url":"https:\/\/chemsxpress.com\/","name":"NEGOZIO MDP","description":"Acquistare MDPHP freebase da un fornitore affidabile","potentialAction":[{"@type":"SearchAction","target":{"@type":"EntryPoint","urlTemplate":"https:\/\/chemsxpress.com\/?s={search_term_string}"},"query-input":{"@type":"PropertyValueSpecification","valueRequired":true,"valueName":"search_term_string"}}],"inLanguage":"it-IT"}]}},"jetpack_sharing_enabled":true,"_links":{"self":[{"href":"https:\/\/chemsxpress.com\/it\/wp-json\/wp\/v2\/product\/28155","targetHints":{"allow":["GET"]}}],"collection":[{"href":"https:\/\/chemsxpress.com\/it\/wp-json\/wp\/v2\/product"}],"about":[{"href":"https:\/\/chemsxpress.com\/it\/wp-json\/wp\/v2\/types\/product"}],"replies":[{"embeddable":true,"href":"https:\/\/chemsxpress.com\/it\/wp-json\/wp\/v2\/comments?post=28155"}],"version-history":[{"count":4,"href":"https:\/\/chemsxpress.com\/it\/wp-json\/wp\/v2\/product\/28155\/revisions"}],"predecessor-version":[{"id":30066,"href":"https:\/\/chemsxpress.com\/it\/wp-json\/wp\/v2\/product\/28155\/revisions\/30066"}],"wp:featuredmedia":[{"embeddable":true,"href":"https:\/\/chemsxpress.com\/it\/wp-json\/wp\/v2\/media\/28236"}],"wp:attachment":[{"href":"https:\/\/chemsxpress.com\/it\/wp-json\/wp\/v2\/media?parent=28155"}],"wp:term":[{"taxonomy":"product_brand","embeddable":true,"href":"https:\/\/chemsxpress.com\/it\/wp-json\/wp\/v2\/product_brand?post=28155"},{"taxonomy":"product_cat","embeddable":true,"href":"https:\/\/chemsxpress.com\/it\/wp-json\/wp\/v2\/product_cat?post=28155"},{"taxonomy":"product_tag","embeddable":true,"href":"https:\/\/chemsxpress.com\/it\/wp-json\/wp\/v2\/product_tag?post=28155"}],"curies":[{"name":"wp","href":"https:\/\/api.w.org\/{rel}","templated":true}]}}