{"id":28501,"date":"2024-04-29T13:16:52","date_gmt":"2024-04-29T13:16:52","guid":{"rendered":"https:\/\/chemsxpress.com\/?post_type=product&#038;p=28501"},"modified":"2024-07-04T23:19:21","modified_gmt":"2024-07-04T23:19:21","slug":"acquistare-fluorexetamine-fxe-online","status":"publish","type":"product","link":"https:\/\/chemsxpress.com\/it\/prodotto\/acquistare-fluorexetamine-fxe-online\/","title":{"rendered":"Fluorexetamina (FXE)"},"content":{"rendered":"<h1>Comprare Fluorexetamine (FXE) Online<br \/>\nInformazioni generali Fluorexetamina<\/h1>\n<p>Fluorexetamine (FXE) Online, Fluorexetamine (cloridrato) \u00e8 uno standard analitico scientifico classificato come arilcicloesilammina. Questo articolo \u00e8 previsto per la ricerca e le applicazioni misurabili.<\/p>\n<p>La fluorexetamina \u00e8 un pianificatore sportivo Research Chemical con effetti dissociativi. Un prodotto sportivo <a href=\"https:\/\/chemsxpress.com\/it\/categoria-di-prodotto\/ricerca-chimica\/\">ricerca chimica<\/a> nota come Fluorexetamina (3-Fluoro-2-Oxo-PCE, FXE) \u00e8 stata venduta sul web a partire dal 2017.<\/p>\n<p>Anche se esiste da tempo, \u00e8 rimasta generalmente poco diffusa. La fluorexetamina \u00e8 una sostanza chimica per la ricerca di pianificatori sportivi della famiglia delle arilcicloesilammine e i suoi componenti possono essere molto dissociativi. Tuttavia, \u00e8 pronta a circolare su Internet dal 2017 e il suo utilizzo \u00e8 rimasto moderatamente inedito.<\/p>\n<p>La situazione \u00e8 cambiata nell'aprile 2022, quando il riconoscimento algoritmico della sostanza chimica di ricerca su Reddit ha provocato un allarme. Da quel momento in poi, gli avvisi di Fluorexetamina sono aumentati di oltre due volte, per quanto fossero al loro massimo storico nell'aprile 2022. Le propriet\u00e0 fisiologiche e tossicologiche di questo composto non sono state esaminate. L'uso di questa sostanza chimica dovrebbe essere per cos\u00ec dire a scopo di ricerca e di misurazione. Attenzione, questo prodotto non \u00e8 destinato all'uso umano o veterinario.<\/p>\n<h3>Composizione chimica della fluorexetamina<\/h3>\n<p>La fluorexetamina (3\u2032- Fluoro-2-oxo-PCE, FXE) \u00e8 una sostanza chimica di ricerca sportiva della famiglia delle arilcicloesilammine con effetti dissociativi. Si suppone che sia stata venduta sul web dal 2017 circa. Tuttavia, \u00e8 rimasta moderatamente straordinaria.<\/p>\n<p>La sua equazione \u00e8 C14H18FNO e la sua massa molare \u00e8 235,302 g-mol-1 .<\/p>\n<p>&nbsp;<\/p>\n<h3>Farmacologia della fluorexetamina<\/h3>\n<p>La fluoxetina esercita i suoi effetti ostacolando la ricaptazione della serotonina nei neuroni presinaptici della serotonina, ostacolando la proteina trasportatrice della ricaptazione situata nel terminale presinaptico. La fluoxetina ha inoltre un'azione delicata sui recettori 5HT2A e 5HT2C.<\/p>\n<p>La fluoxetina viene consumata dopo l'assunzione orale, \u00e8 profondamente legata alle proteine e ha un enorme volume di trasporto. L'emivita di smaltimento della fluoxetina \u00e8 di circa 1-4 giorni, mentre quella del suo metabolita norfluoxetina dura da 7 a 15 giorni. La fluoxetina ha un profilo farmacocinetico non lineare.<\/p>\n<p>&nbsp;<\/p>\n<h3>Acquistare Fluorexetamina di alta qualit\u00e0<\/h3>\n<p><a href=\"https:\/\/chemsxpress.com\/it\/\">ChemsXpress<\/a> ha molti anni di esperienza nel settore dei prodotti chimici per la ricerca, il che ci permette di garantire la massima qualit\u00e0 di questi prodotti chimici per la ricerca. Il team di ricerca chimica vende Fluorexetamine. I prodotti chimici per la ricerca, comprese le fluorexetamine, soddisfano tutti i requisiti di sicurezza. I prodotti chimici di ricerca sono distribuiti con cura e conservati in un luogo fresco e asciutto.<\/p>\n<p>Tutti i prodotti vengono regolarmente controllati per verificarne la qualit\u00e0, la purezza e la sicurezza. Conservare sempre la Fluorexetamina a temperatura ambiente e fuori dalla portata di bambini e animali domestici. La nostra Fluorexetamina non \u00e8 destinata all'uso personale. \u00c8 solo per scopi di ricerca.<\/p>\n<p>Non deve essere mescolato con alcol o sostanze chimiche di ricerca durante la ricerca di questa sostanza chimica!<\/p>\n<p>Tutti i nostri prodotti hanno un prezzo equo!<\/p>\n<p>&nbsp;<\/p>\n<h3>Fluorexetamina testata in laboratorio con risultati.<\/h3>\n<p>Remakes progredisce verso la soddisfazione generale dei suoi clienti. Diversi esami hanno dimostrato che i clienti richiedono il maggior numero di dati possibile prima di acquistare prodotti chimici di ricerca sintetici. Inoltre, pubblichiamo tutte le conseguenze di laboratorio di ogni composto esaminato in un documento PDF.<\/p>\n<p>Il nostro cristallo di fluorexetamina soddisfa costantemente i principi attivi e pu\u00f2 essere visto direttamente da tutti.<\/p>\n<p>Distribuiamo tutte le conseguenze di laboratorio di ogni sostanza chimica di ricerca in un documento PDF.<\/p>\n<p>&nbsp;<\/p>\n<h3>Ordinare in modo sicuro da Fluorexetamine.<\/h3>\n<p>I prodotti chimici di ricerca di Panacea Chems sono di qualit\u00e0 eccellente e hanno un costo equo. Pertanto, quando richiedete i prodotti chimici di ricerca a ChemsXpress, vi garantiamo che la vostra richiesta arriver\u00e0 a casa vostra in modo rapido e sicuro, poich\u00e9 la vendita di prodotti chimici di ricerca \u00e8 sempre disponibile su Panacea Chems.<\/p>\n<p>Richiedere composti di ricerca sintetici con Bitcoin o bonifico bancario \u00e8 semplice presso ChemsXpress.<\/p>\n<p>Spediamo la polvere chimica di ricerca nello stesso giorno lavorativo se il pagamento viene ricevuto entro le 15:00 CEST.<\/p>\n<p>Non forniamo articoli a persone di et\u00e0 inferiore ai 18 anni!<\/p>\n<p>La vendita di prodotti chimici di ricerca \u00e8 solo a scopo di ricerca.<\/p>\n<p>Spedizione discreta di prodotti chimici per la ricerca.<\/p>\n<p>ChemsXpress imballer\u00e0 il vostro ordine in modo sicuro e protetto per assicurare un trasporto adeguato. Inoltre, l'imballaggio \u00e8 perfettamente invisibile e nessun segno di ci\u00f2 che potrebbe essere contenuto all'interno sar\u00e0 visibile all'esterno.<\/p>\n<p>&nbsp;<\/p>\n<h3>Precauzioni<\/h3>\n<ul>\n<li>Acquistare i dispositivi di protezione individuale appropriati, come occhiali e guanti. Puliteli e curateli in modo appropriato. Seguite sistemi sicuri quando maneggiate sostanze chimiche per la ricerca e non prendete scorciatoie.<\/li>\n<li>Se la sostanza chimica di ricerca viene a contatto con gli occhi, sciacquare bene ed eliminare le lenti a contatto, se fondamentale.<\/li>\n<li>Cercate di usare una maschera durante l'uso di queste sostanze chimiche, in modo che non entrino dentro di voi durante la respirazione.<\/li>\n<li>Come indicato dai metodi supportati, maneggiare, immagazzinare e smaltire i materiali pericolosi in modo sicuro. Non versarli mai nelle fognature o nei canali.<\/li>\n<li>Conservare i prodotti chimici per la ricerca in modo appropriato, come indicato nei loro nomi. Le sostanze chimiche infiammabili devono essere riposte in un luogo eccellente e asciutto, lontano dall'intensit\u00e0 e dalla luce del giorno. Alcuni prodotti sintetici, come gli acidi, devono essere conservati indipendentemente l'uno dall'altro.<\/li>\n<li><a href=\"https:\/\/chemsxpress.com\/it\/\">ChemsXpress<\/a> I prodotti offerti da rc sono a scopo di ricerca; il consumo umano \u00e8 assolutamente vietato.<\/li>\n<\/ul>","protected":false},"excerpt":{"rendered":"<p><strong>Nome IUPAC: <\/strong>2-(etilammino)-2-(3-fluorofenile)cicloesan-1-one<\/p>\n<p><strong>Altro nome: <\/strong>FXE<\/p>\n<p><strong>Forma: <\/strong>cristallo<\/p>\n<p><strong>Analisi NMR: <\/strong>C14H18FNO<\/p>","protected":false},"featured_media":28531,"comment_status":"open","ping_status":"closed","template":"","meta":[],"product_brand":[],"product_cat":[80],"product_tag":[],"class_list":{"0":"post-28501","1":"product","2":"type-product","3":"status-publish","4":"has-post-thumbnail","6":"product_cat-dissociatives","8":"first","9":"instock","10":"shipping-taxable","11":"purchasable","12":"product-type-variable"},"yoast_head":"<!-- This site is optimized with the Yoast SEO Premium plugin v24.1 (Yoast SEO v27.4) - https:\/\/yoast.com\/product\/yoast-seo-premium-wordpress\/ -->\n<title>Buy Fluorexetamine (FXE) Online: Premium RRC&#039;s| ChemsXpress<\/title>\n<meta name=\"description\" content=\"Discover high-quality Fluorexetamine (FXE) for your research needs at ChemsXpress. Fast shipping, exceptional service. Order now\" \/>\n<meta name=\"robots\" content=\"index, follow, max-snippet:-1, max-image-preview:large, max-video-preview:-1\" \/>\n<link rel=\"canonical\" href=\"https:\/\/chemsxpress.com\/it\/prodotto\/acquistare-fluorexetamine-fxe-online\/\" \/>\n<meta property=\"og:locale\" content=\"it_IT\" \/>\n<meta property=\"og:type\" content=\"article\" \/>\n<meta property=\"og:title\" content=\"Fluorexetamine (FXE)\" \/>\n<meta property=\"og:description\" content=\"Discover high-quality Fluorexetamine (FXE) for your research needs at ChemsXpress. Fast shipping, exceptional service. Order now\" \/>\n<meta property=\"og:url\" content=\"https:\/\/chemsxpress.com\/it\/prodotto\/acquistare-fluorexetamine-fxe-online\/\" \/>\n<meta property=\"og:site_name\" content=\"SHOP MDPHP\" \/>\n<meta property=\"article:modified_time\" content=\"2024-07-04T23:19:21+00:00\" \/>\n<meta property=\"og:image\" content=\"https:\/\/chemsxpress.com\/wp-content\/uploads\/2024\/04\/Fluorexetamine-FXE.jpg\" \/>\n\t<meta property=\"og:image:width\" content=\"600\" \/>\n\t<meta property=\"og:image:height\" content=\"600\" \/>\n\t<meta property=\"og:image:type\" content=\"image\/jpeg\" \/>\n<meta name=\"twitter:card\" content=\"summary_large_image\" \/>\n<meta name=\"twitter:label1\" content=\"Tempo di lettura stimato\" \/>\n\t<meta name=\"twitter:data1\" content=\"4 minuti\" \/>\n<script type=\"application\/ld+json\" class=\"yoast-schema-graph\">{\"@context\":\"https:\\\/\\\/schema.org\",\"@graph\":[{\"@type\":\"WebPage\",\"@id\":\"https:\\\/\\\/chemsxpress.com\\\/product\\\/buy-fluorexetamine-fxe-online\\\/\",\"url\":\"https:\\\/\\\/chemsxpress.com\\\/product\\\/buy-fluorexetamine-fxe-online\\\/\",\"name\":\"Buy Fluorexetamine (FXE) Online: Premium RRC's| ChemsXpress\",\"isPartOf\":{\"@id\":\"https:\\\/\\\/chemsxpress.com\\\/#website\"},\"primaryImageOfPage\":{\"@id\":\"https:\\\/\\\/chemsxpress.com\\\/product\\\/buy-fluorexetamine-fxe-online\\\/#primaryimage\"},\"image\":{\"@id\":\"https:\\\/\\\/chemsxpress.com\\\/product\\\/buy-fluorexetamine-fxe-online\\\/#primaryimage\"},\"thumbnailUrl\":\"https:\\\/\\\/chemsxpress.com\\\/wp-content\\\/uploads\\\/2024\\\/04\\\/Fluorexetamine-FXE.jpg\",\"datePublished\":\"2024-04-29T13:16:52+00:00\",\"dateModified\":\"2024-07-04T23:19:21+00:00\",\"description\":\"Discover high-quality Fluorexetamine (FXE) for your research needs at ChemsXpress. Fast shipping, exceptional service. Order now\",\"breadcrumb\":{\"@id\":\"https:\\\/\\\/chemsxpress.com\\\/product\\\/buy-fluorexetamine-fxe-online\\\/#breadcrumb\"},\"inLanguage\":\"it-IT\",\"potentialAction\":[{\"@type\":\"ReadAction\",\"target\":[\"https:\\\/\\\/chemsxpress.com\\\/product\\\/buy-fluorexetamine-fxe-online\\\/\"]}]},{\"@type\":\"ImageObject\",\"inLanguage\":\"it-IT\",\"@id\":\"https:\\\/\\\/chemsxpress.com\\\/product\\\/buy-fluorexetamine-fxe-online\\\/#primaryimage\",\"url\":\"https:\\\/\\\/chemsxpress.com\\\/wp-content\\\/uploads\\\/2024\\\/04\\\/Fluorexetamine-FXE.jpg\",\"contentUrl\":\"https:\\\/\\\/chemsxpress.com\\\/wp-content\\\/uploads\\\/2024\\\/04\\\/Fluorexetamine-FXE.jpg\",\"width\":600,\"height\":600,\"caption\":\"Buy Fluorexetamine (FXE) Online\"},{\"@type\":\"BreadcrumbList\",\"@id\":\"https:\\\/\\\/chemsxpress.com\\\/product\\\/buy-fluorexetamine-fxe-online\\\/#breadcrumb\",\"itemListElement\":[{\"@type\":\"ListItem\",\"position\":1,\"name\":\"Home\",\"item\":\"https:\\\/\\\/chemsxpress.com\\\/\"},{\"@type\":\"ListItem\",\"position\":2,\"name\":\"Shop\",\"item\":\"https:\\\/\\\/chemsxpress.com\\\/shop\\\/\"},{\"@type\":\"ListItem\",\"position\":3,\"name\":\"Fluorexetamine (FXE)\"}]},{\"@type\":\"WebSite\",\"@id\":\"https:\\\/\\\/chemsxpress.com\\\/#website\",\"url\":\"https:\\\/\\\/chemsxpress.com\\\/\",\"name\":\"SHOP MDPHP\",\"description\":\"Buy MDPHP freebase from reliable supplier\",\"potentialAction\":[{\"@type\":\"SearchAction\",\"target\":{\"@type\":\"EntryPoint\",\"urlTemplate\":\"https:\\\/\\\/chemsxpress.com\\\/?s={search_term_string}\"},\"query-input\":{\"@type\":\"PropertyValueSpecification\",\"valueRequired\":true,\"valueName\":\"search_term_string\"}}],\"inLanguage\":\"it-IT\"}]}<\/script>\n<!-- \/ Yoast SEO Premium plugin. -->","yoast_head_json":{"title":"Acquista fluorexetamina (FXE) online: Premium RRC | ChemsXpress","description":"Scoprite MDPHP freebase di alta qualit\u00e0 per le vostre esigenze di ricerca su ChemsXpress. Spedizione veloce, servizio eccezionale. Ordina ora","robots":{"index":"index","follow":"follow","max-snippet":"max-snippet:-1","max-image-preview":"max-image-preview:large","max-video-preview":"max-video-preview:-1"},"canonical":"https:\/\/chemsxpress.com\/it\/prodotto\/acquistare-fluorexetamine-fxe-online\/","og_locale":"it_IT","og_type":"article","og_title":"Fluorexetamine (FXE)","og_description":"Discover high-quality Fluorexetamine (FXE) for your research needs at ChemsXpress. Fast shipping, exceptional service. Order now","og_url":"https:\/\/chemsxpress.com\/it\/prodotto\/acquistare-fluorexetamine-fxe-online\/","og_site_name":"SHOP MDPHP","article_modified_time":"2024-07-04T23:19:21+00:00","og_image":[{"width":600,"height":600,"url":"https:\/\/chemsxpress.com\/wp-content\/uploads\/2024\/04\/Fluorexetamine-FXE.jpg","type":"image\/jpeg"}],"twitter_card":"summary_large_image","twitter_misc":{"Tempo di lettura stimato":"4 minuti"},"schema":{"@context":"https:\/\/schema.org","@graph":[{"@type":"WebPage","@id":"https:\/\/chemsxpress.com\/product\/buy-fluorexetamine-fxe-online\/","url":"https:\/\/chemsxpress.com\/product\/buy-fluorexetamine-fxe-online\/","name":"Acquista fluorexetamina (FXE) online: Premium RRC | ChemsXpress","isPartOf":{"@id":"https:\/\/chemsxpress.com\/#website"},"primaryImageOfPage":{"@id":"https:\/\/chemsxpress.com\/product\/buy-fluorexetamine-fxe-online\/#primaryimage"},"image":{"@id":"https:\/\/chemsxpress.com\/product\/buy-fluorexetamine-fxe-online\/#primaryimage"},"thumbnailUrl":"https:\/\/chemsxpress.com\/wp-content\/uploads\/2024\/04\/Fluorexetamine-FXE.jpg","datePublished":"2024-04-29T13:16:52+00:00","dateModified":"2024-07-04T23:19:21+00:00","description":"Scoprite MDPHP freebase di alta qualit\u00e0 per le vostre esigenze di ricerca su ChemsXpress. Spedizione veloce, servizio eccezionale. Ordina ora","breadcrumb":{"@id":"https:\/\/chemsxpress.com\/product\/buy-fluorexetamine-fxe-online\/#breadcrumb"},"inLanguage":"it-IT","potentialAction":[{"@type":"ReadAction","target":["https:\/\/chemsxpress.com\/product\/buy-fluorexetamine-fxe-online\/"]}]},{"@type":"ImageObject","inLanguage":"it-IT","@id":"https:\/\/chemsxpress.com\/product\/buy-fluorexetamine-fxe-online\/#primaryimage","url":"https:\/\/chemsxpress.com\/wp-content\/uploads\/2024\/04\/Fluorexetamine-FXE.jpg","contentUrl":"https:\/\/chemsxpress.com\/wp-content\/uploads\/2024\/04\/Fluorexetamine-FXE.jpg","width":600,"height":600,"caption":"Buy Fluorexetamine (FXE) Online"},{"@type":"BreadcrumbList","@id":"https:\/\/chemsxpress.com\/product\/buy-fluorexetamine-fxe-online\/#breadcrumb","itemListElement":[{"@type":"ListItem","position":1,"name":"Home","item":"https:\/\/chemsxpress.com\/"},{"@type":"ListItem","position":2,"name":"Shop","item":"https:\/\/chemsxpress.com\/shop\/"},{"@type":"ListItem","position":3,"name":"Fluorexetamine (FXE)"}]},{"@type":"WebSite","@id":"https:\/\/chemsxpress.com\/#website","url":"https:\/\/chemsxpress.com\/","name":"NEGOZIO MDP","description":"Acquistare MDPHP freebase da un fornitore affidabile","potentialAction":[{"@type":"SearchAction","target":{"@type":"EntryPoint","urlTemplate":"https:\/\/chemsxpress.com\/?s={search_term_string}"},"query-input":{"@type":"PropertyValueSpecification","valueRequired":true,"valueName":"search_term_string"}}],"inLanguage":"it-IT"}]}},"jetpack_sharing_enabled":true,"_links":{"self":[{"href":"https:\/\/chemsxpress.com\/it\/wp-json\/wp\/v2\/product\/28501","targetHints":{"allow":["GET"]}}],"collection":[{"href":"https:\/\/chemsxpress.com\/it\/wp-json\/wp\/v2\/product"}],"about":[{"href":"https:\/\/chemsxpress.com\/it\/wp-json\/wp\/v2\/types\/product"}],"replies":[{"embeddable":true,"href":"https:\/\/chemsxpress.com\/it\/wp-json\/wp\/v2\/comments?post=28501"}],"version-history":[{"count":4,"href":"https:\/\/chemsxpress.com\/it\/wp-json\/wp\/v2\/product\/28501\/revisions"}],"predecessor-version":[{"id":30056,"href":"https:\/\/chemsxpress.com\/it\/wp-json\/wp\/v2\/product\/28501\/revisions\/30056"}],"wp:featuredmedia":[{"embeddable":true,"href":"https:\/\/chemsxpress.com\/it\/wp-json\/wp\/v2\/media\/28531"}],"wp:attachment":[{"href":"https:\/\/chemsxpress.com\/it\/wp-json\/wp\/v2\/media?parent=28501"}],"wp:term":[{"taxonomy":"product_brand","embeddable":true,"href":"https:\/\/chemsxpress.com\/it\/wp-json\/wp\/v2\/product_brand?post=28501"},{"taxonomy":"product_cat","embeddable":true,"href":"https:\/\/chemsxpress.com\/it\/wp-json\/wp\/v2\/product_cat?post=28501"},{"taxonomy":"product_tag","embeddable":true,"href":"https:\/\/chemsxpress.com\/it\/wp-json\/wp\/v2\/product_tag?post=28501"}],"curies":[{"name":"wp","href":"https:\/\/api.w.org\/{rel}","templated":true}]}}