{"id":28523,"date":"2024-04-29T13:16:53","date_gmt":"2024-04-29T13:16:53","guid":{"rendered":"https:\/\/chemsxpress.com\/?post_type=product&#038;p=28523"},"modified":"2024-05-04T06:17:06","modified_gmt":"2024-05-04T06:17:06","slug":"acquistare-il-kratom-corno-di-vena-bianca","status":"publish","type":"product","link":"https:\/\/chemsxpress.com\/it\/prodotto\/acquistare-il-kratom-corno-di-vena-bianca\/","title":{"rendered":"Corno a vena bianca"},"content":{"rendered":"<h1>Acquistare Corno dalla vena bianca.<\/h1>\n<p>Acquista White Vein Horn, scopri l'eccezionale qualit\u00e0 del Kratom White Vein Horn, proveniente direttamente dalle lussureggianti foreste del sud-est asiatico. Noi di ChemsXpress ci impegniamo a fornirvi ceppi di kratom di qualit\u00e0 superiore per migliorare il vostro benessere.<\/p>\n<p><strong>Perch\u00e9 scegliere ChemsXpress?<\/strong><\/p>\n<ul>\n<li><strong>Qualit\u00e0 Premium:<\/strong> Il nostro Kratom a Vena Bianca viene acquistato meticolosamente da coltivatori di fiducia e viene sottoposto a rigorosi test per garantirne la purezza e la potenza. Potete essere certi di ricevere solo il prodotto migliore.<\/li>\n<li><strong>Spedizione veloce:<\/strong> Diamo priorit\u00e0 alla consegna rapida. Il vostro ordine di White Vein Horn Kratom sar\u00e0 elaborato e spedito rapidamente, assicurandovi un arrivo tempestivo a casa vostra.<\/li>\n<li><strong>Servizio clienti eccezionale:<\/strong> Avete domande o bisogno di assistenza? Il nostro servizio clienti, cordiale e competente, \u00e8 qui per aiutarvi, fornendovi il supporto necessario per un'esperienza di acquisto senza problemi.<\/li>\n<\/ul>\n<p><strong>Provate la differenza: Ordinate oggi il Kratom Corno Vena Bianca<\/strong><\/p>\n<p>Abbandonatevi agli effetti tonificanti ed edificanti del Kratom White Vein Horn di ChemsXpress. Che siate alla ricerca di energia naturale, di concentrazione o di relax, il nostro White Vein Horn Kratom \u00e8 sicuro di superare le vostre aspettative.<\/p>\n<p><strong>Unisciti alla nostra comunit\u00e0<\/strong><\/p>\n<p>Rimani informato sulle ultime novit\u00e0 sul kratom, sulle promozioni e molto altro ancora iscrivendoti alla nostra newsletter. Unitevi alla nostra comunit\u00e0 di appassionati di kratom e siate i primi a conoscere i nuovi prodotti e le offerte esclusive.<\/p>\n<p><strong>Scegliete la qualit\u00e0, scegliete ChemsXpress<\/strong><\/p>\n<p>Grazie per aver scelto <a href=\"https:\/\/chemsxpress.com\/it\/\">ChemsXpress<\/a> come vostra fonte di fiducia per il Kratom a Vena Bianca. Grazie al nostro impegno per la qualit\u00e0 e la soddisfazione del cliente, potete acquistare con fiducia sapendo di ottenere la migliore esperienza di kratom possibile.<\/p>","protected":false},"excerpt":{"rendered":"<p><strong>Forma: <\/strong>polvere<\/p>\n<p><strong>Analisi NMR: <\/strong>N\/D<\/p>","protected":false},"featured_media":28608,"comment_status":"open","ping_status":"closed","template":"","meta":[],"product_brand":[],"product_cat":[81],"product_tag":[],"class_list":{"0":"post-28523","1":"product","2":"type-product","3":"status-publish","4":"has-post-thumbnail","6":"product_cat-kratom","8":"first","9":"instock","10":"shipping-taxable","11":"purchasable","12":"product-type-variable"},"yoast_head":"<!-- This site is optimized with the Yoast SEO Premium plugin v24.1 (Yoast SEO v27.4) - https:\/\/yoast.com\/product\/yoast-seo-premium-wordpress\/ -->\n<title>Buy White Vein Horn : Premium Quality Strains | ChemsXpress<\/title>\n<meta name=\"description\" content=\"Buy White Vein Horn Kratom at ChemsXpress. Premium quality strains, fast shipping. Trust our quality assurance for all your kratom needs. Order now\" \/>\n<meta name=\"robots\" content=\"index, follow, max-snippet:-1, max-image-preview:large, max-video-preview:-1\" \/>\n<link rel=\"canonical\" href=\"https:\/\/chemsxpress.com\/it\/prodotto\/acquistare-il-kratom-corno-di-vena-bianca\/\" \/>\n<meta property=\"og:locale\" content=\"it_IT\" \/>\n<meta property=\"og:type\" content=\"article\" \/>\n<meta property=\"og:title\" content=\"White Vein Horn\" \/>\n<meta property=\"og:description\" content=\"Buy White Vein Horn Kratom at ChemsXpress. Premium quality strains, fast shipping. Trust our quality assurance for all your kratom needs. Order now\" \/>\n<meta property=\"og:url\" content=\"https:\/\/chemsxpress.com\/it\/prodotto\/acquistare-il-kratom-corno-di-vena-bianca\/\" \/>\n<meta property=\"og:site_name\" content=\"SHOP MDPHP\" \/>\n<meta property=\"article:modified_time\" content=\"2024-05-04T06:17:06+00:00\" \/>\n<meta property=\"og:image\" content=\"https:\/\/chemsxpress.com\/wp-content\/uploads\/2024\/04\/White-Vein-Horn.jpg\" \/>\n\t<meta property=\"og:image:width\" content=\"600\" \/>\n\t<meta property=\"og:image:height\" content=\"600\" \/>\n\t<meta property=\"og:image:type\" content=\"image\/jpeg\" \/>\n<meta name=\"twitter:card\" content=\"summary_large_image\" \/>\n<meta name=\"twitter:label1\" content=\"Tempo di lettura stimato\" \/>\n\t<meta name=\"twitter:data1\" content=\"2 minuti\" \/>\n<script type=\"application\/ld+json\" class=\"yoast-schema-graph\">{\"@context\":\"https:\\\/\\\/schema.org\",\"@graph\":[{\"@type\":\"WebPage\",\"@id\":\"https:\\\/\\\/chemsxpress.com\\\/product\\\/buy-white-vein-horn-kratom\\\/\",\"url\":\"https:\\\/\\\/chemsxpress.com\\\/product\\\/buy-white-vein-horn-kratom\\\/\",\"name\":\"Buy White Vein Horn : Premium Quality Strains | ChemsXpress\",\"isPartOf\":{\"@id\":\"https:\\\/\\\/chemsxpress.com\\\/#website\"},\"primaryImageOfPage\":{\"@id\":\"https:\\\/\\\/chemsxpress.com\\\/product\\\/buy-white-vein-horn-kratom\\\/#primaryimage\"},\"image\":{\"@id\":\"https:\\\/\\\/chemsxpress.com\\\/product\\\/buy-white-vein-horn-kratom\\\/#primaryimage\"},\"thumbnailUrl\":\"https:\\\/\\\/chemsxpress.com\\\/wp-content\\\/uploads\\\/2024\\\/04\\\/White-Vein-Horn.jpg\",\"datePublished\":\"2024-04-29T13:16:53+00:00\",\"dateModified\":\"2024-05-04T06:17:06+00:00\",\"description\":\"Buy White Vein Horn Kratom at ChemsXpress. Premium quality strains, fast shipping. Trust our quality assurance for all your kratom needs. Order now\",\"breadcrumb\":{\"@id\":\"https:\\\/\\\/chemsxpress.com\\\/product\\\/buy-white-vein-horn-kratom\\\/#breadcrumb\"},\"inLanguage\":\"it-IT\",\"potentialAction\":[{\"@type\":\"ReadAction\",\"target\":[\"https:\\\/\\\/chemsxpress.com\\\/product\\\/buy-white-vein-horn-kratom\\\/\"]}]},{\"@type\":\"ImageObject\",\"inLanguage\":\"it-IT\",\"@id\":\"https:\\\/\\\/chemsxpress.com\\\/product\\\/buy-white-vein-horn-kratom\\\/#primaryimage\",\"url\":\"https:\\\/\\\/chemsxpress.com\\\/wp-content\\\/uploads\\\/2024\\\/04\\\/White-Vein-Horn.jpg\",\"contentUrl\":\"https:\\\/\\\/chemsxpress.com\\\/wp-content\\\/uploads\\\/2024\\\/04\\\/White-Vein-Horn.jpg\",\"width\":600,\"height\":600,\"caption\":\"Buy White Vein Horn\"},{\"@type\":\"BreadcrumbList\",\"@id\":\"https:\\\/\\\/chemsxpress.com\\\/product\\\/buy-white-vein-horn-kratom\\\/#breadcrumb\",\"itemListElement\":[{\"@type\":\"ListItem\",\"position\":1,\"name\":\"Home\",\"item\":\"https:\\\/\\\/chemsxpress.com\\\/\"},{\"@type\":\"ListItem\",\"position\":2,\"name\":\"Shop\",\"item\":\"https:\\\/\\\/chemsxpress.com\\\/shop\\\/\"},{\"@type\":\"ListItem\",\"position\":3,\"name\":\"White Vein Horn\"}]},{\"@type\":\"WebSite\",\"@id\":\"https:\\\/\\\/chemsxpress.com\\\/#website\",\"url\":\"https:\\\/\\\/chemsxpress.com\\\/\",\"name\":\"SHOP MDPHP\",\"description\":\"Buy MDPHP freebase from reliable supplier\",\"potentialAction\":[{\"@type\":\"SearchAction\",\"target\":{\"@type\":\"EntryPoint\",\"urlTemplate\":\"https:\\\/\\\/chemsxpress.com\\\/?s={search_term_string}\"},\"query-input\":{\"@type\":\"PropertyValueSpecification\",\"valueRequired\":true,\"valueName\":\"search_term_string\"}}],\"inLanguage\":\"it-IT\"}]}<\/script>\n<!-- \/ Yoast SEO Premium plugin. -->","yoast_head_json":{"title":"Comprare Corno della Vena Bianca : Ceppi di qualit\u00e0 superiore | ChemsXpress","description":"Acquista il Kratom Corno Vena Bianca su ChemsXpress. Ceppi di qualit\u00e0 superiore, spedizione veloce. Affidatevi alla nostra garanzia di qualit\u00e0 per tutte le vostre esigenze di kratom. Ordina ora","robots":{"index":"index","follow":"follow","max-snippet":"max-snippet:-1","max-image-preview":"max-image-preview:large","max-video-preview":"max-video-preview:-1"},"canonical":"https:\/\/chemsxpress.com\/it\/prodotto\/acquistare-il-kratom-corno-di-vena-bianca\/","og_locale":"it_IT","og_type":"article","og_title":"White Vein Horn","og_description":"Buy White Vein Horn Kratom at ChemsXpress. Premium quality strains, fast shipping. Trust our quality assurance for all your kratom needs. Order now","og_url":"https:\/\/chemsxpress.com\/it\/prodotto\/acquistare-il-kratom-corno-di-vena-bianca\/","og_site_name":"SHOP MDPHP","article_modified_time":"2024-05-04T06:17:06+00:00","og_image":[{"width":600,"height":600,"url":"https:\/\/chemsxpress.com\/wp-content\/uploads\/2024\/04\/White-Vein-Horn.jpg","type":"image\/jpeg"}],"twitter_card":"summary_large_image","twitter_misc":{"Tempo di lettura stimato":"2 minuti"},"schema":{"@context":"https:\/\/schema.org","@graph":[{"@type":"WebPage","@id":"https:\/\/chemsxpress.com\/product\/buy-white-vein-horn-kratom\/","url":"https:\/\/chemsxpress.com\/product\/buy-white-vein-horn-kratom\/","name":"Comprare Corno della Vena Bianca : Ceppi di qualit\u00e0 superiore | ChemsXpress","isPartOf":{"@id":"https:\/\/chemsxpress.com\/#website"},"primaryImageOfPage":{"@id":"https:\/\/chemsxpress.com\/product\/buy-white-vein-horn-kratom\/#primaryimage"},"image":{"@id":"https:\/\/chemsxpress.com\/product\/buy-white-vein-horn-kratom\/#primaryimage"},"thumbnailUrl":"https:\/\/chemsxpress.com\/wp-content\/uploads\/2024\/04\/White-Vein-Horn.jpg","datePublished":"2024-04-29T13:16:53+00:00","dateModified":"2024-05-04T06:17:06+00:00","description":"Acquista il Kratom Corno Vena Bianca su ChemsXpress. Ceppi di qualit\u00e0 superiore, spedizione veloce. Affidatevi alla nostra garanzia di qualit\u00e0 per tutte le vostre esigenze di kratom. Ordina ora","breadcrumb":{"@id":"https:\/\/chemsxpress.com\/product\/buy-white-vein-horn-kratom\/#breadcrumb"},"inLanguage":"it-IT","potentialAction":[{"@type":"ReadAction","target":["https:\/\/chemsxpress.com\/product\/buy-white-vein-horn-kratom\/"]}]},{"@type":"ImageObject","inLanguage":"it-IT","@id":"https:\/\/chemsxpress.com\/product\/buy-white-vein-horn-kratom\/#primaryimage","url":"https:\/\/chemsxpress.com\/wp-content\/uploads\/2024\/04\/White-Vein-Horn.jpg","contentUrl":"https:\/\/chemsxpress.com\/wp-content\/uploads\/2024\/04\/White-Vein-Horn.jpg","width":600,"height":600,"caption":"Buy White Vein Horn"},{"@type":"BreadcrumbList","@id":"https:\/\/chemsxpress.com\/product\/buy-white-vein-horn-kratom\/#breadcrumb","itemListElement":[{"@type":"ListItem","position":1,"name":"Home","item":"https:\/\/chemsxpress.com\/"},{"@type":"ListItem","position":2,"name":"Shop","item":"https:\/\/chemsxpress.com\/shop\/"},{"@type":"ListItem","position":3,"name":"White Vein Horn"}]},{"@type":"WebSite","@id":"https:\/\/chemsxpress.com\/#website","url":"https:\/\/chemsxpress.com\/","name":"NEGOZIO MDP","description":"Acquistare MDPHP freebase da un fornitore affidabile","potentialAction":[{"@type":"SearchAction","target":{"@type":"EntryPoint","urlTemplate":"https:\/\/chemsxpress.com\/?s={search_term_string}"},"query-input":{"@type":"PropertyValueSpecification","valueRequired":true,"valueName":"search_term_string"}}],"inLanguage":"it-IT"}]}},"jetpack_sharing_enabled":true,"_links":{"self":[{"href":"https:\/\/chemsxpress.com\/it\/wp-json\/wp\/v2\/product\/28523","targetHints":{"allow":["GET"]}}],"collection":[{"href":"https:\/\/chemsxpress.com\/it\/wp-json\/wp\/v2\/product"}],"about":[{"href":"https:\/\/chemsxpress.com\/it\/wp-json\/wp\/v2\/types\/product"}],"replies":[{"embeddable":true,"href":"https:\/\/chemsxpress.com\/it\/wp-json\/wp\/v2\/comments?post=28523"}],"version-history":[{"count":3,"href":"https:\/\/chemsxpress.com\/it\/wp-json\/wp\/v2\/product\/28523\/revisions"}],"predecessor-version":[{"id":29745,"href":"https:\/\/chemsxpress.com\/it\/wp-json\/wp\/v2\/product\/28523\/revisions\/29745"}],"wp:featuredmedia":[{"embeddable":true,"href":"https:\/\/chemsxpress.com\/it\/wp-json\/wp\/v2\/media\/28608"}],"wp:attachment":[{"href":"https:\/\/chemsxpress.com\/it\/wp-json\/wp\/v2\/media?parent=28523"}],"wp:term":[{"taxonomy":"product_brand","embeddable":true,"href":"https:\/\/chemsxpress.com\/it\/wp-json\/wp\/v2\/product_brand?post=28523"},{"taxonomy":"product_cat","embeddable":true,"href":"https:\/\/chemsxpress.com\/it\/wp-json\/wp\/v2\/product_cat?post=28523"},{"taxonomy":"product_tag","embeddable":true,"href":"https:\/\/chemsxpress.com\/it\/wp-json\/wp\/v2\/product_tag?post=28523"}],"curies":[{"name":"wp","href":"https:\/\/api.w.org\/{rel}","templated":true}]}}