{"id":28558,"date":"2024-04-29T13:17:16","date_gmt":"2024-04-29T13:17:16","guid":{"rendered":"https:\/\/chemsxpress.com\/?post_type=product&#038;p=28558"},"modified":"2025-05-28T18:38:13","modified_gmt":"2025-05-28T18:38:13","slug":"acquistare-il-kratom-verde-indo","status":"publish","type":"product","link":"https:\/\/chemsxpress.com\/it\/prodotto\/acquistare-il-kratom-verde-indo\/","title":{"rendered":"Verde Indo"},"content":{"rendered":"<h1>Comprare il Kratom Verde Indo Online<\/h1>\n<p>&nbsp;<\/p>\n<h4><strong>Benvenuti a ChemsXpress: La vostra destinazione per il Kratom verde Indo<\/strong><\/h4>\n<p>Acquistate il Green Indo Kratom, scoprite le propriet\u00e0 uniche e rinvigorenti del Green Indo Kratom, proveniente direttamente dalle fertili terre dell'Indonesia. Noi di ChemsXpress ci impegniamo a fornirvi ceppi di kratom di qualit\u00e0 superiore per migliorare il vostro benessere.<\/p>\n<p><strong>Perch\u00e9 scegliere ChemsXpress?<\/strong><\/p>\n<ul>\n<li><strong>Qualit\u00e0 Premium:<\/strong> Il nostro Green Indo Kratom viene accuratamente selezionato da fornitori di fiducia e sottoposto a rigorosi test per garantirne la purezza e la potenza, in modo che possiate essere certi di ricevere il prodotto migliore.<\/li>\n<li><strong>Spedizione veloce:<\/strong> Siamo consapevoli dell'importanza di una consegna tempestiva. Grazie al nostro efficiente processo di spedizione, il vostro ordine verr\u00e0 spedito rapidamente a casa vostra, assicurandovi di ricevere il vostro Green Indo Kratom il prima possibile.<\/li>\n<li><strong>Servizio clienti eccezionale:<\/strong> Avete domande o bisogno di assistenza? Il nostro servizio clienti, cordiale e competente, \u00e8 a vostra disposizione per assicurarvi un'esperienza di acquisto piacevole e senza interruzioni.<\/li>\n<\/ul>\n<p><strong>Provate la differenza: Ordinate oggi il Green Indo Kratom<\/strong><\/p>\n<p>Lasciatevi sedurre dagli effetti rilassanti ed edificanti del Green Indo Kratom di ChemsXpress. Che siate alla ricerca di relax, concentrazione o una carica di energia, il nostro Green Indo Kratom \u00e8 sicuro di elevare la vostra esperienza.<\/p>\n<p><strong>Unisciti alla nostra comunit\u00e0<\/strong><\/p>\n<p>Rimani informato sulle ultime novit\u00e0 sul kratom, sulle promozioni e molto altro ancora iscrivendoti alla nostra newsletter. Unitevi alla nostra comunit\u00e0 di appassionati di kratom e siate i primi a conoscere i nuovi prodotti e le offerte esclusive.<\/p>\n<p><strong>Scegliete la qualit\u00e0, scegliete ChemsXpress<\/strong><\/p>\n<p>Grazie per aver scelto <a href=\"https:\/\/chemsxpress.com\/it\/\">ChemsXpress<\/a> come fonte di fiducia per il Green Indo Kratom. Ci impegniamo a fornirvi prodotti di prima qualit\u00e0 e un servizio eccezionale, in modo che possiate godere dei benefici del kratom con fiducia.<\/p>","protected":false},"excerpt":{"rendered":"<p><strong>Forma: <\/strong>polvere<\/p>\n<p><strong>Analisi NMR: <\/strong>N\/D<\/p>","protected":false},"featured_media":28641,"comment_status":"open","ping_status":"closed","template":"","meta":[],"product_brand":[],"product_cat":[81],"product_tag":[],"class_list":{"0":"post-28558","1":"product","2":"type-product","3":"status-publish","4":"has-post-thumbnail","6":"product_cat-kratom","8":"first","9":"instock","10":"shipping-taxable","11":"purchasable","12":"product-type-variable"},"yoast_head":"<!-- This site is optimized with the Yoast SEO Premium plugin v24.1 (Yoast SEO v27.4) - https:\/\/yoast.com\/product\/yoast-seo-premium-wordpress\/ -->\n<title>Buy Green Indo Kratom : Premium Quality Strains | ChemsXpress<\/title>\n<meta name=\"description\" content=\"Discover Green Indo Kratom at ChemsXpress. Premium quality strains, fast shipping. Trust our quality assurance for all your kratom needs. Order now\" \/>\n<meta name=\"robots\" content=\"index, follow, max-snippet:-1, max-image-preview:large, max-video-preview:-1\" \/>\n<link rel=\"canonical\" href=\"https:\/\/chemsxpress.com\/it\/prodotto\/acquistare-il-kratom-verde-indo\/\" \/>\n<meta property=\"og:locale\" content=\"it_IT\" \/>\n<meta property=\"og:type\" content=\"article\" \/>\n<meta property=\"og:title\" content=\"Green Indo\" \/>\n<meta property=\"og:description\" content=\"Discover Green Indo Kratom at ChemsXpress. Premium quality strains, fast shipping. Trust our quality assurance for all your kratom needs. Order now\" \/>\n<meta property=\"og:url\" content=\"https:\/\/chemsxpress.com\/it\/prodotto\/acquistare-il-kratom-verde-indo\/\" \/>\n<meta property=\"og:site_name\" content=\"SHOP MDPHP\" \/>\n<meta property=\"article:modified_time\" content=\"2025-05-28T18:38:13+00:00\" \/>\n<meta property=\"og:image\" content=\"https:\/\/chemsxpress.com\/wp-content\/uploads\/2024\/04\/Green-Indo.jpg\" \/>\n\t<meta property=\"og:image:width\" content=\"600\" \/>\n\t<meta property=\"og:image:height\" content=\"600\" \/>\n\t<meta property=\"og:image:type\" content=\"image\/jpeg\" \/>\n<meta name=\"twitter:card\" content=\"summary_large_image\" \/>\n<meta name=\"twitter:label1\" content=\"Tempo di lettura stimato\" \/>\n\t<meta name=\"twitter:data1\" content=\"2 minuti\" \/>\n<script type=\"application\/ld+json\" class=\"yoast-schema-graph\">{\"@context\":\"https:\\\/\\\/schema.org\",\"@graph\":[{\"@type\":\"WebPage\",\"@id\":\"https:\\\/\\\/chemsxpress.com\\\/product\\\/buy-green-indo-kratom\\\/\",\"url\":\"https:\\\/\\\/chemsxpress.com\\\/product\\\/buy-green-indo-kratom\\\/\",\"name\":\"Buy Green Indo Kratom : Premium Quality Strains | ChemsXpress\",\"isPartOf\":{\"@id\":\"https:\\\/\\\/chemsxpress.com\\\/#website\"},\"primaryImageOfPage\":{\"@id\":\"https:\\\/\\\/chemsxpress.com\\\/product\\\/buy-green-indo-kratom\\\/#primaryimage\"},\"image\":{\"@id\":\"https:\\\/\\\/chemsxpress.com\\\/product\\\/buy-green-indo-kratom\\\/#primaryimage\"},\"thumbnailUrl\":\"https:\\\/\\\/chemsxpress.com\\\/wp-content\\\/uploads\\\/2024\\\/04\\\/Green-Indo.jpg\",\"datePublished\":\"2024-04-29T13:17:16+00:00\",\"dateModified\":\"2025-05-28T18:38:13+00:00\",\"description\":\"Discover Green Indo Kratom at ChemsXpress. Premium quality strains, fast shipping. Trust our quality assurance for all your kratom needs. Order now\",\"breadcrumb\":{\"@id\":\"https:\\\/\\\/chemsxpress.com\\\/product\\\/buy-green-indo-kratom\\\/#breadcrumb\"},\"inLanguage\":\"it-IT\",\"potentialAction\":[{\"@type\":\"ReadAction\",\"target\":[\"https:\\\/\\\/chemsxpress.com\\\/product\\\/buy-green-indo-kratom\\\/\"]}]},{\"@type\":\"ImageObject\",\"inLanguage\":\"it-IT\",\"@id\":\"https:\\\/\\\/chemsxpress.com\\\/product\\\/buy-green-indo-kratom\\\/#primaryimage\",\"url\":\"https:\\\/\\\/chemsxpress.com\\\/wp-content\\\/uploads\\\/2024\\\/04\\\/Green-Indo.jpg\",\"contentUrl\":\"https:\\\/\\\/chemsxpress.com\\\/wp-content\\\/uploads\\\/2024\\\/04\\\/Green-Indo.jpg\",\"width\":600,\"height\":600,\"caption\":\"Buy Green Indo Kratom\"},{\"@type\":\"BreadcrumbList\",\"@id\":\"https:\\\/\\\/chemsxpress.com\\\/product\\\/buy-green-indo-kratom\\\/#breadcrumb\",\"itemListElement\":[{\"@type\":\"ListItem\",\"position\":1,\"name\":\"Home\",\"item\":\"https:\\\/\\\/chemsxpress.com\\\/\"},{\"@type\":\"ListItem\",\"position\":2,\"name\":\"Shop\",\"item\":\"https:\\\/\\\/chemsxpress.com\\\/shop\\\/\"},{\"@type\":\"ListItem\",\"position\":3,\"name\":\"Green Indo\"}]},{\"@type\":\"WebSite\",\"@id\":\"https:\\\/\\\/chemsxpress.com\\\/#website\",\"url\":\"https:\\\/\\\/chemsxpress.com\\\/\",\"name\":\"SHOP MDPHP\",\"description\":\"Buy MDPHP freebase from reliable supplier\",\"potentialAction\":[{\"@type\":\"SearchAction\",\"target\":{\"@type\":\"EntryPoint\",\"urlTemplate\":\"https:\\\/\\\/chemsxpress.com\\\/?s={search_term_string}\"},\"query-input\":{\"@type\":\"PropertyValueSpecification\",\"valueRequired\":true,\"valueName\":\"search_term_string\"}}],\"inLanguage\":\"it-IT\"}]}<\/script>\n<!-- \/ Yoast SEO Premium plugin. -->","yoast_head_json":{"title":"Acquista Green Indo Kratom: variet\u00e0 di qualit\u00e0 premium | ChemsXpress","description":"Acquista il Kratom Corno Vena Bianca su ChemsXpress. Ceppi di qualit\u00e0 superiore, spedizione veloce. Affidatevi alla nostra garanzia di qualit\u00e0 per tutte le vostre esigenze di kratom. Ordina ora","robots":{"index":"index","follow":"follow","max-snippet":"max-snippet:-1","max-image-preview":"max-image-preview:large","max-video-preview":"max-video-preview:-1"},"canonical":"https:\/\/chemsxpress.com\/it\/prodotto\/acquistare-il-kratom-verde-indo\/","og_locale":"it_IT","og_type":"article","og_title":"Green Indo","og_description":"Discover Green Indo Kratom at ChemsXpress. Premium quality strains, fast shipping. Trust our quality assurance for all your kratom needs. Order now","og_url":"https:\/\/chemsxpress.com\/it\/prodotto\/acquistare-il-kratom-verde-indo\/","og_site_name":"SHOP MDPHP","article_modified_time":"2025-05-28T18:38:13+00:00","og_image":[{"width":600,"height":600,"url":"https:\/\/chemsxpress.com\/wp-content\/uploads\/2024\/04\/Green-Indo.jpg","type":"image\/jpeg"}],"twitter_card":"summary_large_image","twitter_misc":{"Tempo di lettura stimato":"2 minuti"},"schema":{"@context":"https:\/\/schema.org","@graph":[{"@type":"WebPage","@id":"https:\/\/chemsxpress.com\/product\/buy-green-indo-kratom\/","url":"https:\/\/chemsxpress.com\/product\/buy-green-indo-kratom\/","name":"Acquista Green Indo Kratom: variet\u00e0 di qualit\u00e0 premium | ChemsXpress","isPartOf":{"@id":"https:\/\/chemsxpress.com\/#website"},"primaryImageOfPage":{"@id":"https:\/\/chemsxpress.com\/product\/buy-green-indo-kratom\/#primaryimage"},"image":{"@id":"https:\/\/chemsxpress.com\/product\/buy-green-indo-kratom\/#primaryimage"},"thumbnailUrl":"https:\/\/chemsxpress.com\/wp-content\/uploads\/2024\/04\/Green-Indo.jpg","datePublished":"2024-04-29T13:17:16+00:00","dateModified":"2025-05-28T18:38:13+00:00","description":"Acquista il Kratom Corno Vena Bianca su ChemsXpress. Ceppi di qualit\u00e0 superiore, spedizione veloce. Affidatevi alla nostra garanzia di qualit\u00e0 per tutte le vostre esigenze di kratom. Ordina ora","breadcrumb":{"@id":"https:\/\/chemsxpress.com\/product\/buy-green-indo-kratom\/#breadcrumb"},"inLanguage":"it-IT","potentialAction":[{"@type":"ReadAction","target":["https:\/\/chemsxpress.com\/product\/buy-green-indo-kratom\/"]}]},{"@type":"ImageObject","inLanguage":"it-IT","@id":"https:\/\/chemsxpress.com\/product\/buy-green-indo-kratom\/#primaryimage","url":"https:\/\/chemsxpress.com\/wp-content\/uploads\/2024\/04\/Green-Indo.jpg","contentUrl":"https:\/\/chemsxpress.com\/wp-content\/uploads\/2024\/04\/Green-Indo.jpg","width":600,"height":600,"caption":"Buy Green Indo Kratom"},{"@type":"BreadcrumbList","@id":"https:\/\/chemsxpress.com\/product\/buy-green-indo-kratom\/#breadcrumb","itemListElement":[{"@type":"ListItem","position":1,"name":"Home","item":"https:\/\/chemsxpress.com\/"},{"@type":"ListItem","position":2,"name":"Shop","item":"https:\/\/chemsxpress.com\/shop\/"},{"@type":"ListItem","position":3,"name":"Green Indo"}]},{"@type":"WebSite","@id":"https:\/\/chemsxpress.com\/#website","url":"https:\/\/chemsxpress.com\/","name":"NEGOZIO MDP","description":"Acquistare MDPHP freebase da un fornitore affidabile","potentialAction":[{"@type":"SearchAction","target":{"@type":"EntryPoint","urlTemplate":"https:\/\/chemsxpress.com\/?s={search_term_string}"},"query-input":{"@type":"PropertyValueSpecification","valueRequired":true,"valueName":"search_term_string"}}],"inLanguage":"it-IT"}]}},"jetpack_sharing_enabled":true,"_links":{"self":[{"href":"https:\/\/chemsxpress.com\/it\/wp-json\/wp\/v2\/product\/28558","targetHints":{"allow":["GET"]}}],"collection":[{"href":"https:\/\/chemsxpress.com\/it\/wp-json\/wp\/v2\/product"}],"about":[{"href":"https:\/\/chemsxpress.com\/it\/wp-json\/wp\/v2\/types\/product"}],"replies":[{"embeddable":true,"href":"https:\/\/chemsxpress.com\/it\/wp-json\/wp\/v2\/comments?post=28558"}],"version-history":[{"count":3,"href":"https:\/\/chemsxpress.com\/it\/wp-json\/wp\/v2\/product\/28558\/revisions"}],"predecessor-version":[{"id":29724,"href":"https:\/\/chemsxpress.com\/it\/wp-json\/wp\/v2\/product\/28558\/revisions\/29724"}],"wp:featuredmedia":[{"embeddable":true,"href":"https:\/\/chemsxpress.com\/it\/wp-json\/wp\/v2\/media\/28641"}],"wp:attachment":[{"href":"https:\/\/chemsxpress.com\/it\/wp-json\/wp\/v2\/media?parent=28558"}],"wp:term":[{"taxonomy":"product_brand","embeddable":true,"href":"https:\/\/chemsxpress.com\/it\/wp-json\/wp\/v2\/product_brand?post=28558"},{"taxonomy":"product_cat","embeddable":true,"href":"https:\/\/chemsxpress.com\/it\/wp-json\/wp\/v2\/product_cat?post=28558"},{"taxonomy":"product_tag","embeddable":true,"href":"https:\/\/chemsxpress.com\/it\/wp-json\/wp\/v2\/product_tag?post=28558"}],"curies":[{"name":"wp","href":"https:\/\/api.w.org\/{rel}","templated":true}]}}