{"id":28589,"date":"2024-04-29T13:17:39","date_gmt":"2024-04-29T13:17:39","guid":{"rendered":"https:\/\/chemsxpress.com\/?post_type=product&#038;p=28589"},"modified":"2025-05-24T08:23:40","modified_gmt":"2025-05-24T08:23:40","slug":"comprare-emylcamate-online","status":"publish","type":"product","link":"https:\/\/chemsxpress.com\/it\/prodotto\/comprare-emylcamate-online\/","title":{"rendered":"Emilcamato"},"content":{"rendered":"<div class=\"row\">\n<h1>Comprare Emylcamate online<\/h1>\n<h6 class=\"col-md-2\"><strong>La purezza<\/strong><\/h6>\n<h6 class=\"col-md-10\">98%<\/h6>\n<h6 class=\"col-md-10\"><strong>Aspetto<\/strong><\/h6>\n<\/div>\n<div class=\"col-md-10\">Polvere<\/div>\n<div class=\"row\">\n<h6 class=\"col-md-2\"><strong>Sinonimi<\/strong><\/h6>\n<h6 class=\"col-md-10\">Emilcamato; Emilcamato; Emilcamat; Nuncital; Psicoplegil; Restetal; Stratran; Striatan; Striatran; Statran; KABI-925; Kabi-295; carbammato di tert-esile; MK-250; carbammato di 1-etil-metilpropile<\/h6>\n<\/div>\n<div class=\"row\"><\/div>\n<div class=\"row\">\n<div class=\"col-md-10\">\n<p>A ChemsXpress siamo specializzati nel fornire ai ricercatori l'accesso a sostanze chimiche di alta qualit\u00e0 per le loro indagini scientifiche. Con un impegno verso l'eccellenza e la soddisfazione del cliente, ci sforziamo di essere il vostro partner di fiducia nel progresso della conoscenza e della scoperta scientifica.<\/p>\n<p><strong>Informazioni su Emylcamate<\/strong><\/p>\n<p>L'emilcamato \u00e8 un farmaco sedativo-ipnotico appartenente alla classe dei carbammati. In passato \u00e8 stato utilizzato come ansiolitico e rilassante muscolare, ma da allora il suo uso medico \u00e8 stato interrotto in molti Paesi a causa di problemi di sicurezza. L'emilcamato \u00e8 ancora di interesse per i ricercatori che ne studiano le propriet\u00e0 farmacologiche e le potenziali applicazioni terapeutiche.<\/p>\n<p><strong>Il nostro impegno per la qualit\u00e0<\/strong><\/p>\n<p>A <a href=\"https:\/\/chemsxpress.com\/it\/\">ChemsXpress<\/a>Per noi la qualit\u00e0 e l'affidabilit\u00e0 sono prioritarie in tutto ci\u00f2 che facciamo. Il nostro Emylcamate e altri <a href=\"https:\/\/chemsxpress.com\/it\/categoria-di-prodotto\/ricerca-chimica\/\">ricerca chimica<\/a> sono sottoposti a test rigorosi e a misure di controllo della qualit\u00e0 per garantire purezza, potenza e coerenza. Collaboriamo con fornitori di fiducia e ci atteniamo a standard rigorosi per fornire prodotti che soddisfino i pi\u00f9 elevati standard scientifici.<\/p>\n<p><strong>Perch\u00e9 scegliere ChemsXpress per Emylcamate?<\/strong><\/p>\n<ul>\n<li><strong>Qualit\u00e0 Premium:<\/strong> Ci impegniamo a fornire ai ricercatori Emylcamate e prodotti chimici per la ricerca della pi\u00f9 alta qualit\u00e0 disponibile. I nostri prodotti provengono da fornitori affidabili e sono sottoposti a test approfonditi per garantire purezza e potenza.<\/li>\n<li><strong>Spedizione veloce:<\/strong> Siamo consapevoli dell'importanza di una consegna tempestiva per i progetti di ricerca. Per questo motivo offriamo opzioni di spedizione rapide e affidabili per garantire che il vostro ordine vi arrivi in modo rapido e sicuro.<\/li>\n<li><strong>Supporto dedicato:<\/strong> Il nostro team \u00e8 a disposizione per assistervi in ogni fase del processo. Che si tratti di domande sulle specifiche dei prodotti, sui dettagli di spedizione o di richieste d'ordine, il nostro personale esperto \u00e8 a disposizione per fornire un'assistenza rapida e utile.<\/li>\n<\/ul>\n<p><strong>Ordina Emylcamate oggi<\/strong><\/p>\n<p>Siete pronti a esplorare il potenziale di Emylcamate nella vostra ricerca? Sfogliate il nostro catalogo e ordinate con fiducia. Con <a href=\"https:\/\/chemsxpress.com\/it\/\">ChemsXpress<\/a> come partner di fiducia, potete condurre le vostre indagini scientifiche con sicurezza e precisione.<\/p>\n<p>Grazie per aver scelto ChemsXpress per le vostre esigenze di ricerca chimica. Non vediamo l'ora di servirvi!<\/p>\n<\/div>\n<\/div>","protected":false},"excerpt":{"rendered":"<p><strong>Nome IUPAC: <\/strong>1-Etil-1-metilpropilcarbammato<\/p>\n<p><strong>CAS # <\/strong>78-28-4<\/p>\n<p><strong>Forma: <\/strong>polvere<\/p>","protected":false},"featured_media":28653,"comment_status":"open","ping_status":"closed","template":"","meta":[],"product_brand":[],"product_cat":[82],"product_tag":[],"class_list":{"0":"post-28589","1":"product","2":"type-product","3":"status-publish","4":"has-post-thumbnail","6":"product_cat-others","8":"first","9":"instock","10":"shipping-taxable","11":"purchasable","12":"product-type-variable"},"yoast_head":"<!-- This site is optimized with the Yoast SEO Premium plugin v24.1 (Yoast SEO v27.4) - https:\/\/yoast.com\/product\/yoast-seo-premium-wordpress\/ -->\n<title>&quot;Buy Emylcamate Online: Premium RC&#039;s | ChemsXpress<\/title>\n<meta name=\"description\" content=\"Discover Emylcamate at ChemsXpress. Premium research chemicals, fast shipping. Trust our quality assurance for all your research needs. Order now\" \/>\n<meta name=\"robots\" content=\"index, follow, max-snippet:-1, max-image-preview:large, max-video-preview:-1\" \/>\n<link rel=\"canonical\" href=\"https:\/\/chemsxpress.com\/it\/prodotto\/comprare-emylcamate-online\/\" \/>\n<meta property=\"og:locale\" content=\"it_IT\" \/>\n<meta property=\"og:type\" content=\"article\" \/>\n<meta property=\"og:title\" content=\"Emylcamate\" \/>\n<meta property=\"og:description\" content=\"Discover Emylcamate at ChemsXpress. Premium research chemicals, fast shipping. Trust our quality assurance for all your research needs. Order now\" \/>\n<meta property=\"og:url\" content=\"https:\/\/chemsxpress.com\/it\/prodotto\/comprare-emylcamate-online\/\" \/>\n<meta property=\"og:site_name\" content=\"SHOP MDPHP\" \/>\n<meta property=\"article:modified_time\" content=\"2025-05-24T08:23:40+00:00\" \/>\n<meta property=\"og:image\" content=\"https:\/\/chemsxpress.com\/wp-content\/uploads\/2024\/04\/Emylcamate.jpg\" \/>\n\t<meta property=\"og:image:width\" content=\"600\" \/>\n\t<meta property=\"og:image:height\" content=\"600\" \/>\n\t<meta property=\"og:image:type\" content=\"image\/jpeg\" \/>\n<meta name=\"twitter:card\" content=\"summary_large_image\" \/>\n<meta name=\"twitter:label1\" content=\"Tempo di lettura stimato\" \/>\n\t<meta name=\"twitter:data1\" content=\"2 minuti\" \/>\n<script type=\"application\/ld+json\" class=\"yoast-schema-graph\">{\"@context\":\"https:\\\/\\\/schema.org\",\"@graph\":[{\"@type\":\"WebPage\",\"@id\":\"https:\\\/\\\/chemsxpress.com\\\/product\\\/buy-emylcamate-online\\\/\",\"url\":\"https:\\\/\\\/chemsxpress.com\\\/product\\\/buy-emylcamate-online\\\/\",\"name\":\"\\\"Buy Emylcamate Online: Premium RC's | ChemsXpress\",\"isPartOf\":{\"@id\":\"https:\\\/\\\/chemsxpress.com\\\/#website\"},\"primaryImageOfPage\":{\"@id\":\"https:\\\/\\\/chemsxpress.com\\\/product\\\/buy-emylcamate-online\\\/#primaryimage\"},\"image\":{\"@id\":\"https:\\\/\\\/chemsxpress.com\\\/product\\\/buy-emylcamate-online\\\/#primaryimage\"},\"thumbnailUrl\":\"https:\\\/\\\/chemsxpress.com\\\/wp-content\\\/uploads\\\/2024\\\/04\\\/Emylcamate.jpg\",\"datePublished\":\"2024-04-29T13:17:39+00:00\",\"dateModified\":\"2025-05-24T08:23:40+00:00\",\"description\":\"Discover Emylcamate at ChemsXpress. Premium research chemicals, fast shipping. Trust our quality assurance for all your research needs. Order now\",\"breadcrumb\":{\"@id\":\"https:\\\/\\\/chemsxpress.com\\\/product\\\/buy-emylcamate-online\\\/#breadcrumb\"},\"inLanguage\":\"it-IT\",\"potentialAction\":[{\"@type\":\"ReadAction\",\"target\":[\"https:\\\/\\\/chemsxpress.com\\\/product\\\/buy-emylcamate-online\\\/\"]}]},{\"@type\":\"ImageObject\",\"inLanguage\":\"it-IT\",\"@id\":\"https:\\\/\\\/chemsxpress.com\\\/product\\\/buy-emylcamate-online\\\/#primaryimage\",\"url\":\"https:\\\/\\\/chemsxpress.com\\\/wp-content\\\/uploads\\\/2024\\\/04\\\/Emylcamate.jpg\",\"contentUrl\":\"https:\\\/\\\/chemsxpress.com\\\/wp-content\\\/uploads\\\/2024\\\/04\\\/Emylcamate.jpg\",\"width\":600,\"height\":600,\"caption\":\"Buy Emylcamate Online\"},{\"@type\":\"BreadcrumbList\",\"@id\":\"https:\\\/\\\/chemsxpress.com\\\/product\\\/buy-emylcamate-online\\\/#breadcrumb\",\"itemListElement\":[{\"@type\":\"ListItem\",\"position\":1,\"name\":\"Home\",\"item\":\"https:\\\/\\\/chemsxpress.com\\\/\"},{\"@type\":\"ListItem\",\"position\":2,\"name\":\"Shop\",\"item\":\"https:\\\/\\\/chemsxpress.com\\\/shop\\\/\"},{\"@type\":\"ListItem\",\"position\":3,\"name\":\"Emylcamate\"}]},{\"@type\":\"WebSite\",\"@id\":\"https:\\\/\\\/chemsxpress.com\\\/#website\",\"url\":\"https:\\\/\\\/chemsxpress.com\\\/\",\"name\":\"SHOP MDPHP\",\"description\":\"Buy MDPHP freebase from reliable supplier\",\"potentialAction\":[{\"@type\":\"SearchAction\",\"target\":{\"@type\":\"EntryPoint\",\"urlTemplate\":\"https:\\\/\\\/chemsxpress.com\\\/?s={search_term_string}\"},\"query-input\":{\"@type\":\"PropertyValueSpecification\",\"valueRequired\":true,\"valueName\":\"search_term_string\"}}],\"inLanguage\":\"it-IT\"}]}<\/script>\n<!-- \/ Yoast SEO Premium plugin. -->","yoast_head_json":{"title":"Acquista Emylcamate online: RC premium | ChemsXpress","description":"Scoprite la 4-MPD su ChemsXpress. Prodotti chimici per la ricerca di qualit\u00e0 superiore, spedizione rapida. Affidatevi alla nostra garanzia di qualit\u00e0 per tutte le vostre esigenze di ricerca. Ordina ora","robots":{"index":"index","follow":"follow","max-snippet":"max-snippet:-1","max-image-preview":"max-image-preview:large","max-video-preview":"max-video-preview:-1"},"canonical":"https:\/\/chemsxpress.com\/it\/prodotto\/comprare-emylcamate-online\/","og_locale":"it_IT","og_type":"article","og_title":"Emylcamate","og_description":"Discover Emylcamate at ChemsXpress. Premium research chemicals, fast shipping. Trust our quality assurance for all your research needs. Order now","og_url":"https:\/\/chemsxpress.com\/it\/prodotto\/comprare-emylcamate-online\/","og_site_name":"SHOP MDPHP","article_modified_time":"2025-05-24T08:23:40+00:00","og_image":[{"width":600,"height":600,"url":"https:\/\/chemsxpress.com\/wp-content\/uploads\/2024\/04\/Emylcamate.jpg","type":"image\/jpeg"}],"twitter_card":"summary_large_image","twitter_misc":{"Tempo di lettura stimato":"2 minuti"},"schema":{"@context":"https:\/\/schema.org","@graph":[{"@type":"WebPage","@id":"https:\/\/chemsxpress.com\/product\/buy-emylcamate-online\/","url":"https:\/\/chemsxpress.com\/product\/buy-emylcamate-online\/","name":"Acquista Emylcamate online: RC premium | ChemsXpress","isPartOf":{"@id":"https:\/\/chemsxpress.com\/#website"},"primaryImageOfPage":{"@id":"https:\/\/chemsxpress.com\/product\/buy-emylcamate-online\/#primaryimage"},"image":{"@id":"https:\/\/chemsxpress.com\/product\/buy-emylcamate-online\/#primaryimage"},"thumbnailUrl":"https:\/\/chemsxpress.com\/wp-content\/uploads\/2024\/04\/Emylcamate.jpg","datePublished":"2024-04-29T13:17:39+00:00","dateModified":"2025-05-24T08:23:40+00:00","description":"Scoprite la 4-MPD su ChemsXpress. Prodotti chimici per la ricerca di qualit\u00e0 superiore, spedizione rapida. Affidatevi alla nostra garanzia di qualit\u00e0 per tutte le vostre esigenze di ricerca. Ordina ora","breadcrumb":{"@id":"https:\/\/chemsxpress.com\/product\/buy-emylcamate-online\/#breadcrumb"},"inLanguage":"it-IT","potentialAction":[{"@type":"ReadAction","target":["https:\/\/chemsxpress.com\/product\/buy-emylcamate-online\/"]}]},{"@type":"ImageObject","inLanguage":"it-IT","@id":"https:\/\/chemsxpress.com\/product\/buy-emylcamate-online\/#primaryimage","url":"https:\/\/chemsxpress.com\/wp-content\/uploads\/2024\/04\/Emylcamate.jpg","contentUrl":"https:\/\/chemsxpress.com\/wp-content\/uploads\/2024\/04\/Emylcamate.jpg","width":600,"height":600,"caption":"Buy Emylcamate Online"},{"@type":"BreadcrumbList","@id":"https:\/\/chemsxpress.com\/product\/buy-emylcamate-online\/#breadcrumb","itemListElement":[{"@type":"ListItem","position":1,"name":"Home","item":"https:\/\/chemsxpress.com\/"},{"@type":"ListItem","position":2,"name":"Shop","item":"https:\/\/chemsxpress.com\/shop\/"},{"@type":"ListItem","position":3,"name":"Emylcamate"}]},{"@type":"WebSite","@id":"https:\/\/chemsxpress.com\/#website","url":"https:\/\/chemsxpress.com\/","name":"NEGOZIO MDP","description":"Acquistare MDPHP freebase da un fornitore affidabile","potentialAction":[{"@type":"SearchAction","target":{"@type":"EntryPoint","urlTemplate":"https:\/\/chemsxpress.com\/?s={search_term_string}"},"query-input":{"@type":"PropertyValueSpecification","valueRequired":true,"valueName":"search_term_string"}}],"inLanguage":"it-IT"}]}},"jetpack_sharing_enabled":true,"_links":{"self":[{"href":"https:\/\/chemsxpress.com\/it\/wp-json\/wp\/v2\/product\/28589","targetHints":{"allow":["GET"]}}],"collection":[{"href":"https:\/\/chemsxpress.com\/it\/wp-json\/wp\/v2\/product"}],"about":[{"href":"https:\/\/chemsxpress.com\/it\/wp-json\/wp\/v2\/types\/product"}],"replies":[{"embeddable":true,"href":"https:\/\/chemsxpress.com\/it\/wp-json\/wp\/v2\/comments?post=28589"}],"version-history":[{"count":4,"href":"https:\/\/chemsxpress.com\/it\/wp-json\/wp\/v2\/product\/28589\/revisions"}],"predecessor-version":[{"id":30042,"href":"https:\/\/chemsxpress.com\/it\/wp-json\/wp\/v2\/product\/28589\/revisions\/30042"}],"wp:featuredmedia":[{"embeddable":true,"href":"https:\/\/chemsxpress.com\/it\/wp-json\/wp\/v2\/media\/28653"}],"wp:attachment":[{"href":"https:\/\/chemsxpress.com\/it\/wp-json\/wp\/v2\/media?parent=28589"}],"wp:term":[{"taxonomy":"product_brand","embeddable":true,"href":"https:\/\/chemsxpress.com\/it\/wp-json\/wp\/v2\/product_brand?post=28589"},{"taxonomy":"product_cat","embeddable":true,"href":"https:\/\/chemsxpress.com\/it\/wp-json\/wp\/v2\/product_cat?post=28589"},{"taxonomy":"product_tag","embeddable":true,"href":"https:\/\/chemsxpress.com\/it\/wp-json\/wp\/v2\/product_tag?post=28589"}],"curies":[{"name":"wp","href":"https:\/\/api.w.org\/{rel}","templated":true}]}}