{"id":28595,"date":"2024-04-29T13:17:39","date_gmt":"2024-04-29T13:17:39","guid":{"rendered":"https:\/\/chemsxpress.com\/?post_type=product&#038;p=28595"},"modified":"2025-05-24T22:45:31","modified_gmt":"2025-05-24T22:45:31","slug":"acquistare-gidazepam-pellet","status":"publish","type":"product","link":"https:\/\/chemsxpress.com\/it\/prodotto\/acquistare-gidazepam-pellet\/","title":{"rendered":"Gidazepam pellet 3 mg"},"content":{"rendered":"<h1>Comprare Gidazepam pellet<br \/>\n<strong>Informazioni generali Gidazepam \u00a0<\/strong><\/h1>\n<p>Gidazepam pellet, Gidazepam, o hydazepam o hidazepam, \u00e8 una sostanza chimica di ricerca che \u00e8 un subordinato benzodiazepina anormale creato in Unione Sovietica. \u00c8 una benzodiazepina specificamente ansiolitica. Ha anche un valore utile nella gestione di specifici problemi cardiovascolari, che possono essere nuovamente utilizzati per il trattamento dell'energia.<\/p>\n<p>Il gidazepam \u00e8 un prodotto chimico di ricerca per il suo metabolita dinamico 7-bromo-5-fenil-1,2-diidro-3H-1,4-benzodiazepina-2-one (desalchilgidazepam o bromo-nordazepam). Viene utilizzato come ansiolitico <a href=\"https:\/\/chemsxpress.com\/it\/categoria-di-prodotto\/ricerca-chimica\/\">ricerca chimica<\/a>. Il metabolita attivo d\u00e0 essenzialmente gli effetti ansiolitici e l'emivita del Gidazepam \u00e8 tra le pi\u00f9 lunghe di tutti gli agonisti GABA-ergici. \u00c8 un agente tranquillante diurno della serie delle benzodiazepine.<\/p>\n<h3><strong>Composizione chimica del Gidazepam<\/strong><\/h3>\n<p>Il gidazepam \u00e8 un prodotto chimico di ricerca per il suo metabolita dinamico 7-bromo-5-fenil-1,2-diidro-3H-1,4-benzodiazepina-2-one (desalchilgidazepam o bromo-nordazepam).<\/p>\n<p>La sua equazione chimica \u00e8 C<sub>17<\/sub>H<sub>15<\/sub>BrN<sub>4<\/sub>O<sub>2,\u00a0<\/sub>e la sua massa molare \u00e8 387,2 g-mol-1.<\/p>\n<p>&nbsp;<\/p>\n<h3><strong>Farmacologia del Gidazepam<\/strong><\/h3>\n<p>Ha un effetto attivante e una sostanza rilassante. Il gidazepam viene utilizzato per il trattamento o il contrasto delle aritmie cardiovascolari. Pu\u00f2 influenzare il periodo di polarizzazione-repolarizzazione del potenziale di attivit\u00e0, la sua sensibilit\u00e0 o recalcitranza, la motivazione della conduzione o la reattivit\u00e0 dello strato all'interno delle fibre cardiovascolari.<\/p>\n<p>Gli agenti antiaritmici sono spesso classificati in quattro gruppi primari, in base alla loro componente di attivit\u00e0: blocco del canale del sodio, blocco beta-adrenergico, prolungamento della ripolarizzazione o blocco del canale del calcio.<\/p>\n<h3><strong>Comprare Gidazepam pellet<\/strong><\/h3>\n<p>TRRCSHOP vanta un'esperienza pluriennale nel settore dei prodotti chimici per la ricerca, che ci consente di garantire la massima qualit\u00e0 di questi prodotti chimici per la ricerca. Il team di ricerca chimica vende Gidazepam e <a href=\"https:\/\/chemsxpress.com\/it\/prodotto\/acquistare-bromazolam-online\/\">Pellet da 3 mg<\/a>. I prodotti chimici della ricerca, compreso il Gidazepam, soddisfano tutti i requisiti di sicurezza. I prodotti chimici della ricerca sono distribuiti con cura e conservati in un luogo fresco e asciutto.<\/p>\n<p>Tutti i prodotti vengono regolarmente controllati per verificarne la qualit\u00e0, la purezza e la sicurezza. Conservare sempre il Gidazepam a temperatura ambiente e fuori dalla portata di bambini e animali domestici. Il nostro Gidazepam non \u00e8 destinato all'uso personale. \u00c8 solo per scopi di ricerca.<\/p>\n<p>Non deve essere mescolato con alcol o sostanze chimiche di ricerca durante la ricerca di questa sostanza chimica!<\/p>\n<p>Tutti i nostri prodotti hanno un prezzo equo!<\/p>\n<h3><strong>Gidazepam testato in laboratorio con risultati.<\/strong><\/h3>\n<p>Remakes progredisce verso la soddisfazione generale dei suoi clienti. Diversi esami hanno dimostrato che i clienti richiedono il maggior numero di dati possibile prima di acquistare prodotti chimici di ricerca sintetici. Inoltre, pubblichiamo tutte le conseguenze di laboratorio di ogni composto esaminato in un documento PDF.<\/p>\n<p>Il nostro Gidazepam soddisfa costantemente i principi attivi e pu\u00f2 essere visto direttamente da tutti.<\/p>\n<p>Distribuiamo tutte le conseguenze di laboratorio di ogni sostanza chimica di ricerca in un documento PDF.<\/p>\n<h3><strong>Ordinare in modo sicuro Gidazepam.<\/strong><\/h3>\n<p>I prodotti chimici di ricerca firmati TRRCSHOP sono di qualit\u00e0 eccellente e hanno un costo equo. Pertanto, nel momento in cui richiedete il vostro\u00a0<strong>Gidazepam\u00a0<\/strong>a <a href=\"https:\/\/chemsxpress.com\/it\/\">ChemsXpress<\/a> vi garantiamo che la vostra richiesta arriver\u00e0 a casa vostra in modo rapido e sicuro.<\/p>\n<p>Richiedere composti di ricerca sintetici con Bitcoin o bonifico bancario \u00e8 semplice presso il TRRCSHOP.<\/p>\n<p>Spediamo il Gidazepam nello stesso giorno lavorativo se il pagamento viene ricevuto prima delle 14:00 CEST. Di solito non effettuiamo spedizioni il sabato, la domenica o durante le festivit\u00e0 nazionali\/internazionali.<strong>.<\/strong><\/p>\n<h3><strong>Spedizione discreta di prodotti chimici per la ricerca.<\/strong><\/h3>\n<p>Anche se le sostanze chimiche di ricerca di design sono legalmente accessibili online, noi di<a href=\"https:\/\/chemsxpress.com\/it\/\"> ChemsXpress<\/a> consegniamo in modo sicuro e ragionevole. Imballiamo in modo molto accurato e nessun segno di ci\u00f2 che potrebbe essere contenuto all'interno sar\u00e0 visibile all'esterno.<\/p>\n<p>Inviamo gli ordini superiori a 500 euro con track and follow in modo che possiate seguire il vostro pacco progressivamente. inviamo gli ordini superiori a 500 euro con il track gratuito.<\/p>\n<p>Non forniamo articoli a persone di et\u00e0 inferiore ai 18 anni!<\/p>\n<h3><strong>Precauzioni<\/strong><\/h3>\n<ul>\n<li>Acquistare i dispositivi di protezione individuale appropriati, come occhiali e guanti. Puliteli e curateli in modo appropriato. Seguite sistemi sicuri quando maneggiate sostanze chimiche per la ricerca e non prendete scorciatoie.<\/li>\n<li>Se la sostanza chimica di ricerca viene a contatto con gli occhi, sciacquare bene ed eliminare le lenti a contatto, se fondamentale.<\/li>\n<li>Cercate di usare una maschera durante l'uso di queste sostanze chimiche, in modo che non entrino dentro di voi durante la respirazione.<\/li>\n<li>Come indicato dai metodi supportati, maneggiare, immagazzinare e smaltire i materiali pericolosi in modo sicuro. Non versarli mai nelle fognature o nei canali.<\/li>\n<li>Conservare i prodotti chimici per la ricerca in modo appropriato, come indicato nei loro nomi. Le sostanze chimiche infiammabili devono essere riposte in un luogo eccellente e asciutto, lontano dall'intensit\u00e0 e dalla luce del giorno. Alcuni prodotti sintetici, come gli acidi, devono essere conservati indipendentemente l'uno dall'altro.<\/li>\n<li>I ChemsXpress sono offerti a scopo di ricerca; il consumo umano \u00e8 assolutamente vietato.<\/li>\n<\/ul>","protected":false},"excerpt":{"rendered":"<p><strong>Nome IUPAC: <\/strong>7-bromo-5-phenyl-1,2-dihydro-3H-1,4-benzodiazepine-2-one<\/p>\n<p><strong>CAS # <\/strong>129186-29-4<\/p>\n<p><strong>Altro nome: <\/strong>desalchilgidazepam o bromo-nordazepam<\/p>\n<p><strong>Forma: <\/strong>pellet<\/p>\n<p><strong>Analisi NMR: <\/strong>C15H11BrN2O<\/p>","protected":false},"featured_media":28681,"comment_status":"open","ping_status":"closed","template":"","meta":[],"product_brand":[],"product_cat":[83],"product_tag":[],"class_list":{"0":"post-28595","1":"product","2":"type-product","3":"status-publish","4":"has-post-thumbnail","6":"product_cat-pellets","8":"first","9":"instock","10":"shipping-taxable","11":"purchasable","12":"product-type-variable"},"yoast_head":"<!-- This site is optimized with the Yoast SEO Premium plugin v24.1 (Yoast SEO v27.4) - https:\/\/yoast.com\/product\/yoast-seo-premium-wordpress\/ -->\n<title>Buy Gidazepam Pellets Online: Quality RC&#039;s| ChemsXpress<\/title>\n<meta name=\"description\" content=\"Buy Gidazepam Pellets at ChemsXpress. Premium research chemicals, fast shipping. Trust our quality assurance for all your research needs. Order now\" \/>\n<meta name=\"robots\" content=\"index, follow, max-snippet:-1, max-image-preview:large, max-video-preview:-1\" \/>\n<link rel=\"canonical\" href=\"https:\/\/chemsxpress.com\/it\/prodotto\/acquistare-gidazepam-pellet\/\" \/>\n<meta property=\"og:locale\" content=\"it_IT\" \/>\n<meta property=\"og:type\" content=\"article\" \/>\n<meta property=\"og:title\" content=\"Gidazepam pellets 3mg\" \/>\n<meta property=\"og:description\" content=\"Buy Gidazepam Pellets at ChemsXpress. Premium research chemicals, fast shipping. Trust our quality assurance for all your research needs. Order now\" \/>\n<meta property=\"og:url\" content=\"https:\/\/chemsxpress.com\/it\/prodotto\/acquistare-gidazepam-pellet\/\" \/>\n<meta property=\"og:site_name\" content=\"SHOP MDPHP\" \/>\n<meta property=\"article:modified_time\" content=\"2025-05-24T22:45:31+00:00\" \/>\n<meta property=\"og:image\" content=\"https:\/\/chemsxpress.com\/wp-content\/uploads\/2024\/04\/Gidazepam-pellets-3mg.jpg\" \/>\n\t<meta property=\"og:image:width\" content=\"600\" \/>\n\t<meta property=\"og:image:height\" content=\"600\" \/>\n\t<meta property=\"og:image:type\" content=\"image\/jpeg\" \/>\n<meta name=\"twitter:card\" content=\"summary_large_image\" \/>\n<meta name=\"twitter:label1\" content=\"Tempo di lettura stimato\" \/>\n\t<meta name=\"twitter:data1\" content=\"4 minuti\" \/>\n<script type=\"application\/ld+json\" class=\"yoast-schema-graph\">{\"@context\":\"https:\\\/\\\/schema.org\",\"@graph\":[{\"@type\":\"WebPage\",\"@id\":\"https:\\\/\\\/chemsxpress.com\\\/product\\\/buy-gidazepam-pellets\\\/\",\"url\":\"https:\\\/\\\/chemsxpress.com\\\/product\\\/buy-gidazepam-pellets\\\/\",\"name\":\"Buy Gidazepam Pellets Online: Quality RC's| ChemsXpress\",\"isPartOf\":{\"@id\":\"https:\\\/\\\/chemsxpress.com\\\/#website\"},\"primaryImageOfPage\":{\"@id\":\"https:\\\/\\\/chemsxpress.com\\\/product\\\/buy-gidazepam-pellets\\\/#primaryimage\"},\"image\":{\"@id\":\"https:\\\/\\\/chemsxpress.com\\\/product\\\/buy-gidazepam-pellets\\\/#primaryimage\"},\"thumbnailUrl\":\"https:\\\/\\\/chemsxpress.com\\\/wp-content\\\/uploads\\\/2024\\\/04\\\/Gidazepam-pellets-3mg.jpg\",\"datePublished\":\"2024-04-29T13:17:39+00:00\",\"dateModified\":\"2025-05-24T22:45:31+00:00\",\"description\":\"Buy Gidazepam Pellets at ChemsXpress. Premium research chemicals, fast shipping. Trust our quality assurance for all your research needs. Order now\",\"breadcrumb\":{\"@id\":\"https:\\\/\\\/chemsxpress.com\\\/product\\\/buy-gidazepam-pellets\\\/#breadcrumb\"},\"inLanguage\":\"it-IT\",\"potentialAction\":[{\"@type\":\"ReadAction\",\"target\":[\"https:\\\/\\\/chemsxpress.com\\\/product\\\/buy-gidazepam-pellets\\\/\"]}]},{\"@type\":\"ImageObject\",\"inLanguage\":\"it-IT\",\"@id\":\"https:\\\/\\\/chemsxpress.com\\\/product\\\/buy-gidazepam-pellets\\\/#primaryimage\",\"url\":\"https:\\\/\\\/chemsxpress.com\\\/wp-content\\\/uploads\\\/2024\\\/04\\\/Gidazepam-pellets-3mg.jpg\",\"contentUrl\":\"https:\\\/\\\/chemsxpress.com\\\/wp-content\\\/uploads\\\/2024\\\/04\\\/Gidazepam-pellets-3mg.jpg\",\"width\":600,\"height\":600,\"caption\":\"Buy Gidazepam pellets\"},{\"@type\":\"BreadcrumbList\",\"@id\":\"https:\\\/\\\/chemsxpress.com\\\/product\\\/buy-gidazepam-pellets\\\/#breadcrumb\",\"itemListElement\":[{\"@type\":\"ListItem\",\"position\":1,\"name\":\"Home\",\"item\":\"https:\\\/\\\/chemsxpress.com\\\/\"},{\"@type\":\"ListItem\",\"position\":2,\"name\":\"Shop\",\"item\":\"https:\\\/\\\/chemsxpress.com\\\/shop\\\/\"},{\"@type\":\"ListItem\",\"position\":3,\"name\":\"Gidazepam pellets 3mg\"}]},{\"@type\":\"WebSite\",\"@id\":\"https:\\\/\\\/chemsxpress.com\\\/#website\",\"url\":\"https:\\\/\\\/chemsxpress.com\\\/\",\"name\":\"SHOP MDPHP\",\"description\":\"Buy MDPHP freebase from reliable supplier\",\"potentialAction\":[{\"@type\":\"SearchAction\",\"target\":{\"@type\":\"EntryPoint\",\"urlTemplate\":\"https:\\\/\\\/chemsxpress.com\\\/?s={search_term_string}\"},\"query-input\":{\"@type\":\"PropertyValueSpecification\",\"valueRequired\":true,\"valueName\":\"search_term_string\"}}],\"inLanguage\":\"it-IT\"}]}<\/script>\n<!-- \/ Yoast SEO Premium plugin. -->","yoast_head_json":{"title":"Acquista online pellet di Gidazepam: RC di qualit\u00e0 | ChemsXpress","description":"Scoprite la 4-MPD su ChemsXpress. Prodotti chimici per la ricerca di qualit\u00e0 superiore, spedizione rapida. Affidatevi alla nostra garanzia di qualit\u00e0 per tutte le vostre esigenze di ricerca. Ordina ora","robots":{"index":"index","follow":"follow","max-snippet":"max-snippet:-1","max-image-preview":"max-image-preview:large","max-video-preview":"max-video-preview:-1"},"canonical":"https:\/\/chemsxpress.com\/it\/prodotto\/acquistare-gidazepam-pellet\/","og_locale":"it_IT","og_type":"article","og_title":"Gidazepam pellets 3mg","og_description":"Buy Gidazepam Pellets at ChemsXpress. Premium research chemicals, fast shipping. Trust our quality assurance for all your research needs. Order now","og_url":"https:\/\/chemsxpress.com\/it\/prodotto\/acquistare-gidazepam-pellet\/","og_site_name":"SHOP MDPHP","article_modified_time":"2025-05-24T22:45:31+00:00","og_image":[{"width":600,"height":600,"url":"https:\/\/chemsxpress.com\/wp-content\/uploads\/2024\/04\/Gidazepam-pellets-3mg.jpg","type":"image\/jpeg"}],"twitter_card":"summary_large_image","twitter_misc":{"Tempo di lettura stimato":"4 minuti"},"schema":{"@context":"https:\/\/schema.org","@graph":[{"@type":"WebPage","@id":"https:\/\/chemsxpress.com\/product\/buy-gidazepam-pellets\/","url":"https:\/\/chemsxpress.com\/product\/buy-gidazepam-pellets\/","name":"Acquista online pellet di Gidazepam: RC di qualit\u00e0 | ChemsXpress","isPartOf":{"@id":"https:\/\/chemsxpress.com\/#website"},"primaryImageOfPage":{"@id":"https:\/\/chemsxpress.com\/product\/buy-gidazepam-pellets\/#primaryimage"},"image":{"@id":"https:\/\/chemsxpress.com\/product\/buy-gidazepam-pellets\/#primaryimage"},"thumbnailUrl":"https:\/\/chemsxpress.com\/wp-content\/uploads\/2024\/04\/Gidazepam-pellets-3mg.jpg","datePublished":"2024-04-29T13:17:39+00:00","dateModified":"2025-05-24T22:45:31+00:00","description":"Scoprite la 4-MPD su ChemsXpress. Prodotti chimici per la ricerca di qualit\u00e0 superiore, spedizione rapida. Affidatevi alla nostra garanzia di qualit\u00e0 per tutte le vostre esigenze di ricerca. Ordina ora","breadcrumb":{"@id":"https:\/\/chemsxpress.com\/product\/buy-gidazepam-pellets\/#breadcrumb"},"inLanguage":"it-IT","potentialAction":[{"@type":"ReadAction","target":["https:\/\/chemsxpress.com\/product\/buy-gidazepam-pellets\/"]}]},{"@type":"ImageObject","inLanguage":"it-IT","@id":"https:\/\/chemsxpress.com\/product\/buy-gidazepam-pellets\/#primaryimage","url":"https:\/\/chemsxpress.com\/wp-content\/uploads\/2024\/04\/Gidazepam-pellets-3mg.jpg","contentUrl":"https:\/\/chemsxpress.com\/wp-content\/uploads\/2024\/04\/Gidazepam-pellets-3mg.jpg","width":600,"height":600,"caption":"Buy Gidazepam pellets"},{"@type":"BreadcrumbList","@id":"https:\/\/chemsxpress.com\/product\/buy-gidazepam-pellets\/#breadcrumb","itemListElement":[{"@type":"ListItem","position":1,"name":"Home","item":"https:\/\/chemsxpress.com\/"},{"@type":"ListItem","position":2,"name":"Shop","item":"https:\/\/chemsxpress.com\/shop\/"},{"@type":"ListItem","position":3,"name":"Gidazepam pellets 3mg"}]},{"@type":"WebSite","@id":"https:\/\/chemsxpress.com\/#website","url":"https:\/\/chemsxpress.com\/","name":"NEGOZIO MDP","description":"Acquistare MDPHP freebase da un fornitore affidabile","potentialAction":[{"@type":"SearchAction","target":{"@type":"EntryPoint","urlTemplate":"https:\/\/chemsxpress.com\/?s={search_term_string}"},"query-input":{"@type":"PropertyValueSpecification","valueRequired":true,"valueName":"search_term_string"}}],"inLanguage":"it-IT"}]}},"jetpack_sharing_enabled":true,"_links":{"self":[{"href":"https:\/\/chemsxpress.com\/it\/wp-json\/wp\/v2\/product\/28595","targetHints":{"allow":["GET"]}}],"collection":[{"href":"https:\/\/chemsxpress.com\/it\/wp-json\/wp\/v2\/product"}],"about":[{"href":"https:\/\/chemsxpress.com\/it\/wp-json\/wp\/v2\/types\/product"}],"replies":[{"embeddable":true,"href":"https:\/\/chemsxpress.com\/it\/wp-json\/wp\/v2\/comments?post=28595"}],"version-history":[{"count":4,"href":"https:\/\/chemsxpress.com\/it\/wp-json\/wp\/v2\/product\/28595\/revisions"}],"predecessor-version":[{"id":30048,"href":"https:\/\/chemsxpress.com\/it\/wp-json\/wp\/v2\/product\/28595\/revisions\/30048"}],"wp:featuredmedia":[{"embeddable":true,"href":"https:\/\/chemsxpress.com\/it\/wp-json\/wp\/v2\/media\/28681"}],"wp:attachment":[{"href":"https:\/\/chemsxpress.com\/it\/wp-json\/wp\/v2\/media?parent=28595"}],"wp:term":[{"taxonomy":"product_brand","embeddable":true,"href":"https:\/\/chemsxpress.com\/it\/wp-json\/wp\/v2\/product_brand?post=28595"},{"taxonomy":"product_cat","embeddable":true,"href":"https:\/\/chemsxpress.com\/it\/wp-json\/wp\/v2\/product_cat?post=28595"},{"taxonomy":"product_tag","embeddable":true,"href":"https:\/\/chemsxpress.com\/it\/wp-json\/wp\/v2\/product_tag?post=28595"}],"curies":[{"name":"wp","href":"https:\/\/api.w.org\/{rel}","templated":true}]}}