{"id":28891,"date":"2024-04-29T13:19:10","date_gmt":"2024-04-29T13:19:10","guid":{"rendered":"https:\/\/chemsxpress.com\/?post_type=product&#038;p=28891"},"modified":"2024-07-04T22:45:34","modified_gmt":"2024-07-04T22:45:34","slug":"comprare-mdphp-online","status":"publish","type":"product","link":"https:\/\/chemsxpress.com\/it\/prodotto\/comprare-mdphp-online\/","title":{"rendered":"MDPHP pellet 25 mg"},"content":{"rendered":"<div id=\"tw-target-text\" class=\"tw-data-text tw-text-large tw-ta\" dir=\"ltr\" data-placeholder=\"Vertaling\">\n<h1>Acquistare MDPHP online<\/h1>\n<h6><strong>Benvenuti a ChemsXpress: La vostra fonte affidabile per MDPHP e molto altro ancora.<\/strong><\/h6>\n<p>Su ChemsXpress siamo specializzati nel fornire ai ricercatori l'accesso a sostanze chimiche di alta qualit\u00e0 per le loro indagini scientifiche. Con un impegno verso l'eccellenza e la soddisfazione del cliente, ci sforziamo di essere il vostro partner di fiducia nel progresso della conoscenza e della scoperta scientifica.<\/p>\n<p><strong>Informazioni su MDPHP<\/strong><\/p>\n<p>L'MDPHP (3\u2032,4\u2032-metilendiossi-\u03b1-pirrolidinoesiofenone) \u00e8 uno stimolante sintetico appartenente alla classe dei catinoni. \u00c8 noto per i suoi effetti stimolanti, tra cui aumento dell'energia, euforia e miglioramento della cognizione. I ricercatori sono interessati a studiarne le propriet\u00e0 farmacologiche e le potenziali applicazioni terapeutiche.<\/p>\n<p><strong>Il nostro impegno per la qualit\u00e0<\/strong><\/p>\n<p>A <a href=\"https:\/\/chemsxpress.com\/it\/\">ChemsXpress,<\/a> diamo priorit\u00e0 alla qualit\u00e0 e all'affidabilit\u00e0 in tutto ci\u00f2 che facciamo. Il nostro MDPHP e altri <a href=\"https:\/\/chemsxpress.com\/it\/categoria-di-prodotto\/ricerca-chimica\/\">ricerca chimica<\/a> sono sottoposti a test rigorosi e a misure di controllo della qualit\u00e0 per garantire purezza, potenza e coerenza. Collaboriamo con fornitori di fiducia e ci atteniamo a standard rigorosi per fornire prodotti che soddisfino i pi\u00f9 elevati standard scientifici.<\/p>\n<p><strong>Perch\u00e9 scegliere ChemsXpress per MDPHP?<\/strong><\/p>\n<ul>\n<li><strong>Qualit\u00e0 Premium:<\/strong> Ci impegniamo a fornire ai ricercatori MDPHP e prodotti chimici per la ricerca della migliore qualit\u00e0 disponibile. I nostri prodotti provengono da fornitori affidabili e sono sottoposti a test approfonditi per garantire purezza e potenza.<\/li>\n<li><strong>Spedizione veloce:<\/strong> Siamo consapevoli dell'importanza di una consegna tempestiva per i progetti di ricerca. Per questo motivo offriamo opzioni di spedizione rapide e affidabili per garantire che il vostro ordine vi arrivi in modo rapido e sicuro.<\/li>\n<li><strong>Supporto dedicato:<\/strong> Il nostro team \u00e8 a disposizione per assistervi in ogni fase del processo. Che si tratti di domande sulle specifiche dei prodotti, sui dettagli di spedizione o di richieste d'ordine, il nostro personale esperto \u00e8 a disposizione per fornire un'assistenza rapida e utile.<\/li>\n<\/ul>\n<p><strong>Acquistate oggi stesso MDPHP online.<\/strong><\/p>\n<p>Siete pronti a esplorare il potenziale di MDPHP nella vostra ricerca? Sfogliate il nostro catalogo e ordinate con fiducia. Con ChemsXpress come partner di fiducia, potrete condurre le vostre indagini scientifiche con sicurezza e precisione.<\/p>\n<p>Grazie per aver scelto ChemsXpress per le vostre esigenze di ricerca chimica. Non vediamo l'ora di servirvi!<\/p>\n<p><span class=\"Y2IQFc\" lang=\"en\"><strong>Tutti i prodotti sono venduti solo per uso di laboratorio, non per il consumo umano.<\/strong><\/span><\/p>\n<p>Che cos'\u00e8 esattamente il 4F-MPH?<\/p>\n<\/div>\n<div class=\"tw-data-text tw-text-large tw-ta\" dir=\"ltr\" data-placeholder=\"Vertaling\"><span class=\"Y2IQFc\" lang=\"en\">MDPHP <a href=\"https:\/\/chemsxpress.com\/it\/prodotto\/comprare-bromonordiazepam-pellet\/\">pellet 25 mg<\/a> \u00e8 un prodotto chimico di ricerca appartenente alla classe dei fluorurati.\u00a0<\/span><\/div>\n<div dir=\"ltr\" data-placeholder=\"Vertaling\"><\/div>\n<div class=\"tw-data-text tw-text-large tw-ta\" dir=\"ltr\" data-placeholder=\"Vertaling\"><span class=\"Y2IQFc\" lang=\"en\"><strong>Informazioni importanti per l'acquisto di 4F-MPH<\/strong><\/span><\/div>\n<div class=\"tw-data-text tw-text-large tw-ta\" dir=\"ltr\" data-placeholder=\"Vertaling\"><span class=\"Y2IQFc\" lang=\"en\">- In vendita solo a scopo di ricerca<\/span><\/div>\n<div class=\"tw-data-text tw-text-large tw-ta\" dir=\"ltr\" data-placeholder=\"Vertaling\"><span class=\"Y2IQFc\" lang=\"en\">- Impedire il rilascio nell'ambiente di sostanze chimiche per la ricerca.<\/span><\/div>\n<div class=\"tw-data-text tw-text-large tw-ta\" dir=\"ltr\" data-placeholder=\"Vertaling\"><\/div>\n<div class=\"tw-data-text tw-text-large tw-ta\" dir=\"ltr\" data-placeholder=\"Vertaling\"><span class=\"Y2IQFc\" lang=\"en\"><strong>Avvertenze 4F-MPH<\/strong><\/span><\/div>\n<div class=\"tw-data-text tw-text-large tw-ta\" dir=\"ltr\" data-placeholder=\"Vertaling\"><span class=\"Y2IQFc\" lang=\"en\">- 4F-MPH pu\u00f2 causare irritazione respiratoria<\/span><\/div>\n<div class=\"tw-data-text tw-text-large tw-ta\" dir=\"ltr\" data-placeholder=\"Vertaling\"><span class=\"Y2IQFc\" lang=\"en\">- Il 4F-MPH pu\u00f2 causare irritazione agli occhi.<\/span><\/div>\n<div class=\"tw-data-text tw-text-large tw-ta\" dir=\"ltr\" data-placeholder=\"Vertaling\"><\/div>\n<div class=\"tw-data-text tw-text-large tw-ta\" dir=\"ltr\" data-placeholder=\"Vertaling\"><span class=\"Y2IQFc\" lang=\"en\"><strong>Qual \u00e8 il modo migliore per conservare 4F-MPH?<\/strong><\/span><\/div>\n<div class=\"tw-data-text tw-text-large tw-ta\" dir=\"ltr\" data-placeholder=\"Vertaling\"><span class=\"Y2IQFc\" lang=\"en\">Il modo migliore per conservare il 4F-MPH \u00e8 conservarlo in un luogo fresco e asciutto. Tenere il 4F-MPH lontano da fonti di calore e fiamme libere. Se conservato correttamente, il prodotto chimico di ricerca pu\u00f2 essere conservato per almeno 1 o 2 anni. Ordina MDPHP <a href=\"https:\/\/chemsxpress.com\/it\/prodotto\/acquistare-pellet-di-cbd-online\/\">pellet 25 mg<\/a> online. Consegna semplice, discreta e veloce. Spediamo 4F-MPH gratuitamente<\/span><\/div>","protected":false},"excerpt":{"rendered":"<p><strong>Forma: <\/strong>Pellet di HCL<\/p>\n<p><strong>Analisi NMR: <\/strong>N\/D<\/p>","protected":false},"featured_media":28912,"comment_status":"open","ping_status":"closed","template":"","meta":[],"product_brand":[],"product_cat":[83],"product_tag":[],"class_list":{"0":"post-28891","1":"product","2":"type-product","3":"status-publish","4":"has-post-thumbnail","6":"product_cat-pellets","8":"first","9":"instock","10":"shipping-taxable","11":"purchasable","12":"product-type-variable"},"yoast_head":"<!-- This site is optimized with the Yoast SEO Premium plugin v24.1 (Yoast SEO v27.4) - https:\/\/yoast.com\/product\/yoast-seo-premium-wordpress\/ -->\n<title>Buy MDPHP Online: Quality Research Chemicals | ChemsXpress<\/title>\n<meta name=\"description\" content=\"Discover MDPHP at ChemsXpress. Premium research chemicals, fast shipping. Trust our quality assurance for all your research needs. Order now\" \/>\n<meta name=\"robots\" content=\"index, follow, max-snippet:-1, max-image-preview:large, max-video-preview:-1\" \/>\n<link rel=\"canonical\" href=\"https:\/\/chemsxpress.com\/it\/prodotto\/comprare-mdphp-online\/\" \/>\n<meta property=\"og:locale\" content=\"it_IT\" \/>\n<meta property=\"og:type\" content=\"article\" \/>\n<meta property=\"og:title\" content=\"MDPHP pellets 25mg\" \/>\n<meta property=\"og:description\" content=\"Discover MDPHP at ChemsXpress. Premium research chemicals, fast shipping. Trust our quality assurance for all your research needs. Order now\" \/>\n<meta property=\"og:url\" content=\"https:\/\/chemsxpress.com\/it\/prodotto\/comprare-mdphp-online\/\" \/>\n<meta property=\"og:site_name\" content=\"SHOP MDPHP\" \/>\n<meta property=\"article:modified_time\" content=\"2024-07-04T22:45:34+00:00\" \/>\n<meta property=\"og:image\" content=\"https:\/\/chemsxpress.com\/wp-content\/uploads\/2024\/04\/MDPHP-pellets-25mg.jpg\" \/>\n\t<meta property=\"og:image:width\" content=\"600\" \/>\n\t<meta property=\"og:image:height\" content=\"600\" \/>\n\t<meta property=\"og:image:type\" content=\"image\/jpeg\" \/>\n<meta name=\"twitter:card\" content=\"summary_large_image\" \/>\n<meta name=\"twitter:label1\" content=\"Tempo di lettura stimato\" \/>\n\t<meta name=\"twitter:data1\" content=\"3 minuti\" \/>\n<script type=\"application\/ld+json\" class=\"yoast-schema-graph\">{\"@context\":\"https:\\\/\\\/schema.org\",\"@graph\":[{\"@type\":\"WebPage\",\"@id\":\"https:\\\/\\\/chemsxpress.com\\\/product\\\/buy-mdphp-online\\\/\",\"url\":\"https:\\\/\\\/chemsxpress.com\\\/product\\\/buy-mdphp-online\\\/\",\"name\":\"Buy MDPHP Online: Quality Research Chemicals | ChemsXpress\",\"isPartOf\":{\"@id\":\"https:\\\/\\\/chemsxpress.com\\\/#website\"},\"primaryImageOfPage\":{\"@id\":\"https:\\\/\\\/chemsxpress.com\\\/product\\\/buy-mdphp-online\\\/#primaryimage\"},\"image\":{\"@id\":\"https:\\\/\\\/chemsxpress.com\\\/product\\\/buy-mdphp-online\\\/#primaryimage\"},\"thumbnailUrl\":\"https:\\\/\\\/chemsxpress.com\\\/wp-content\\\/uploads\\\/2024\\\/04\\\/MDPHP-pellets-25mg.jpg\",\"datePublished\":\"2024-04-29T13:19:10+00:00\",\"dateModified\":\"2024-07-04T22:45:34+00:00\",\"description\":\"Discover MDPHP at ChemsXpress. Premium research chemicals, fast shipping. Trust our quality assurance for all your research needs. Order now\",\"breadcrumb\":{\"@id\":\"https:\\\/\\\/chemsxpress.com\\\/product\\\/buy-mdphp-online\\\/#breadcrumb\"},\"inLanguage\":\"it-IT\",\"potentialAction\":[{\"@type\":\"ReadAction\",\"target\":[\"https:\\\/\\\/chemsxpress.com\\\/product\\\/buy-mdphp-online\\\/\"]}]},{\"@type\":\"ImageObject\",\"inLanguage\":\"it-IT\",\"@id\":\"https:\\\/\\\/chemsxpress.com\\\/product\\\/buy-mdphp-online\\\/#primaryimage\",\"url\":\"https:\\\/\\\/chemsxpress.com\\\/wp-content\\\/uploads\\\/2024\\\/04\\\/MDPHP-pellets-25mg.jpg\",\"contentUrl\":\"https:\\\/\\\/chemsxpress.com\\\/wp-content\\\/uploads\\\/2024\\\/04\\\/MDPHP-pellets-25mg.jpg\",\"width\":600,\"height\":600,\"caption\":\"Buy MDPHP Online\"},{\"@type\":\"BreadcrumbList\",\"@id\":\"https:\\\/\\\/chemsxpress.com\\\/product\\\/buy-mdphp-online\\\/#breadcrumb\",\"itemListElement\":[{\"@type\":\"ListItem\",\"position\":1,\"name\":\"Home\",\"item\":\"https:\\\/\\\/chemsxpress.com\\\/\"},{\"@type\":\"ListItem\",\"position\":2,\"name\":\"Shop\",\"item\":\"https:\\\/\\\/chemsxpress.com\\\/shop\\\/\"},{\"@type\":\"ListItem\",\"position\":3,\"name\":\"MDPHP pellets 25mg\"}]},{\"@type\":\"WebSite\",\"@id\":\"https:\\\/\\\/chemsxpress.com\\\/#website\",\"url\":\"https:\\\/\\\/chemsxpress.com\\\/\",\"name\":\"SHOP MDPHP\",\"description\":\"Buy MDPHP freebase from reliable supplier\",\"potentialAction\":[{\"@type\":\"SearchAction\",\"target\":{\"@type\":\"EntryPoint\",\"urlTemplate\":\"https:\\\/\\\/chemsxpress.com\\\/?s={search_term_string}\"},\"query-input\":{\"@type\":\"PropertyValueSpecification\",\"valueRequired\":true,\"valueName\":\"search_term_string\"}}],\"inLanguage\":\"it-IT\"}]}<\/script>\n<!-- \/ Yoast SEO Premium plugin. -->","yoast_head_json":{"title":"Acquista MDPHP online: prodotti chimici per la ricerca di qualit\u00e0 | ChemsXpress","description":"Scoprite la 4-MPD su ChemsXpress. Prodotti chimici per la ricerca di qualit\u00e0 superiore, spedizione rapida. Affidatevi alla nostra garanzia di qualit\u00e0 per tutte le vostre esigenze di ricerca. Ordina ora","robots":{"index":"index","follow":"follow","max-snippet":"max-snippet:-1","max-image-preview":"max-image-preview:large","max-video-preview":"max-video-preview:-1"},"canonical":"https:\/\/chemsxpress.com\/it\/prodotto\/comprare-mdphp-online\/","og_locale":"it_IT","og_type":"article","og_title":"MDPHP pellets 25mg","og_description":"Discover MDPHP at ChemsXpress. Premium research chemicals, fast shipping. Trust our quality assurance for all your research needs. Order now","og_url":"https:\/\/chemsxpress.com\/it\/prodotto\/comprare-mdphp-online\/","og_site_name":"SHOP MDPHP","article_modified_time":"2024-07-04T22:45:34+00:00","og_image":[{"width":600,"height":600,"url":"https:\/\/chemsxpress.com\/wp-content\/uploads\/2024\/04\/MDPHP-pellets-25mg.jpg","type":"image\/jpeg"}],"twitter_card":"summary_large_image","twitter_misc":{"Tempo di lettura stimato":"3 minuti"},"schema":{"@context":"https:\/\/schema.org","@graph":[{"@type":"WebPage","@id":"https:\/\/chemsxpress.com\/product\/buy-mdphp-online\/","url":"https:\/\/chemsxpress.com\/product\/buy-mdphp-online\/","name":"Acquista MDPHP online: prodotti chimici per la ricerca di qualit\u00e0 | ChemsXpress","isPartOf":{"@id":"https:\/\/chemsxpress.com\/#website"},"primaryImageOfPage":{"@id":"https:\/\/chemsxpress.com\/product\/buy-mdphp-online\/#primaryimage"},"image":{"@id":"https:\/\/chemsxpress.com\/product\/buy-mdphp-online\/#primaryimage"},"thumbnailUrl":"https:\/\/chemsxpress.com\/wp-content\/uploads\/2024\/04\/MDPHP-pellets-25mg.jpg","datePublished":"2024-04-29T13:19:10+00:00","dateModified":"2024-07-04T22:45:34+00:00","description":"Scoprite la 4-MPD su ChemsXpress. Prodotti chimici per la ricerca di qualit\u00e0 superiore, spedizione rapida. Affidatevi alla nostra garanzia di qualit\u00e0 per tutte le vostre esigenze di ricerca. Ordina ora","breadcrumb":{"@id":"https:\/\/chemsxpress.com\/product\/buy-mdphp-online\/#breadcrumb"},"inLanguage":"it-IT","potentialAction":[{"@type":"ReadAction","target":["https:\/\/chemsxpress.com\/product\/buy-mdphp-online\/"]}]},{"@type":"ImageObject","inLanguage":"it-IT","@id":"https:\/\/chemsxpress.com\/product\/buy-mdphp-online\/#primaryimage","url":"https:\/\/chemsxpress.com\/wp-content\/uploads\/2024\/04\/MDPHP-pellets-25mg.jpg","contentUrl":"https:\/\/chemsxpress.com\/wp-content\/uploads\/2024\/04\/MDPHP-pellets-25mg.jpg","width":600,"height":600,"caption":"Buy MDPHP Online"},{"@type":"BreadcrumbList","@id":"https:\/\/chemsxpress.com\/product\/buy-mdphp-online\/#breadcrumb","itemListElement":[{"@type":"ListItem","position":1,"name":"Home","item":"https:\/\/chemsxpress.com\/"},{"@type":"ListItem","position":2,"name":"Shop","item":"https:\/\/chemsxpress.com\/shop\/"},{"@type":"ListItem","position":3,"name":"MDPHP pellets 25mg"}]},{"@type":"WebSite","@id":"https:\/\/chemsxpress.com\/#website","url":"https:\/\/chemsxpress.com\/","name":"NEGOZIO MDP","description":"Acquistare MDPHP freebase da un fornitore affidabile","potentialAction":[{"@type":"SearchAction","target":{"@type":"EntryPoint","urlTemplate":"https:\/\/chemsxpress.com\/?s={search_term_string}"},"query-input":{"@type":"PropertyValueSpecification","valueRequired":true,"valueName":"search_term_string"}}],"inLanguage":"it-IT"}]}},"jetpack_sharing_enabled":true,"_links":{"self":[{"href":"https:\/\/chemsxpress.com\/it\/wp-json\/wp\/v2\/product\/28891","targetHints":{"allow":["GET"]}}],"collection":[{"href":"https:\/\/chemsxpress.com\/it\/wp-json\/wp\/v2\/product"}],"about":[{"href":"https:\/\/chemsxpress.com\/it\/wp-json\/wp\/v2\/types\/product"}],"replies":[{"embeddable":true,"href":"https:\/\/chemsxpress.com\/it\/wp-json\/wp\/v2\/comments?post=28891"}],"version-history":[{"count":4,"href":"https:\/\/chemsxpress.com\/it\/wp-json\/wp\/v2\/product\/28891\/revisions"}],"predecessor-version":[{"id":30034,"href":"https:\/\/chemsxpress.com\/it\/wp-json\/wp\/v2\/product\/28891\/revisions\/30034"}],"wp:featuredmedia":[{"embeddable":true,"href":"https:\/\/chemsxpress.com\/it\/wp-json\/wp\/v2\/media\/28912"}],"wp:attachment":[{"href":"https:\/\/chemsxpress.com\/it\/wp-json\/wp\/v2\/media?parent=28891"}],"wp:term":[{"taxonomy":"product_brand","embeddable":true,"href":"https:\/\/chemsxpress.com\/it\/wp-json\/wp\/v2\/product_brand?post=28891"},{"taxonomy":"product_cat","embeddable":true,"href":"https:\/\/chemsxpress.com\/it\/wp-json\/wp\/v2\/product_cat?post=28891"},{"taxonomy":"product_tag","embeddable":true,"href":"https:\/\/chemsxpress.com\/it\/wp-json\/wp\/v2\/product_tag?post=28891"}],"curies":[{"name":"wp","href":"https:\/\/api.w.org\/{rel}","templated":true}]}}