{"id":28932,"date":"2024-04-29T13:19:33","date_gmt":"2024-04-29T13:19:33","guid":{"rendered":"https:\/\/chemsxpress.com\/?post_type=product&#038;p=28932"},"modified":"2025-05-29T10:54:02","modified_gmt":"2025-05-29T10:54:02","slug":"acquistare-3-fma-online-2","status":"publish","type":"product","link":"https:\/\/chemsxpress.com\/it\/prodotto\/acquistare-3-fma-online-2\/","title":{"rendered":"3-FMA pellet 50 mg"},"content":{"rendered":"<h1>Acquistare 3-FMA online<\/h1>\n<p>Comprare 3-FMA online, 3-FMA \u00e8 una sostanza chimica di ricerca che rientra nella classe chimica delle anfetamine sostitutive. In termini di struttura chimica, 3-FMA \u00e8 molto simile a 2-FMA, 3-FA, 4-FMA e 4-FA. 3-FMA \u00e8 l'acronimo di 3-Fluorometanfetamina. Questa <a href=\"https:\/\/chemsxpress.com\/it\/categoria-di-prodotto\/ricerca-chimica\/\">ricerca chimica<\/a> \u00e8 molto recente e, di conseguenza, non ci sono molti rapporti sui risultati della sperimentazione di questa sostanza chimica.<\/p>\n<p>Per questo motivo, \u00e8 necessario prendere delle precauzioni se si intende sperimentare con questo prodotto. Indossare gli occhiali di sicurezza quando si sperimenta il 3-FMA.<\/p>\n<p>&nbsp;<\/p>\n<h2><strong>Dove acquistare il 3-FMA?<\/strong><\/h2>\n<p>Qui vendiamo alcune delle migliori qualit\u00e0 di 3-FMA disponibili sul mercato. Il nostro 3-FMA si presenta in genere sotto forma di polvere. Tuttavia, spesso abbiamo a disposizione altre forme. Non esitate quindi a contattarci se desiderate acquistare il 3-FMA in un'altra forma.<\/p>\n<p>Per acquistare 3-FMA da noi devi avere almeno 18 anni ed essere in regola con le leggi della tua nazione. Accettiamo tutte le principali carte di credito e anche Bitcoin per il pagamento. La spedizione in giornata \u00e8 disponibile in molte nazioni.<\/p>\n<p>&nbsp;<\/p>\n<h2><strong>3-FMA Legalit\u00e0<\/strong><\/h2>\n<p>Vi invitiamo a consultare le leggi pertinenti del vostro paese di residenza o di spedizione per quanto riguarda la legalit\u00e0 dei prodotti.<\/p>\n<p>Con gli attuali vincoli di spedizione, adottiamo tutte le misure ragionevoli per ridurre il pericolo per i nostri consumatori.<\/p>\n<p>W<\/p>\n<p>Su ChemsXpress offriamo la 3-FMA (3-Fluorometanfetamina), un composto stimolante sintetico molto apprezzato dai ricercatori per le sue propriet\u00e0 uniche. In qualit\u00e0 di fornitore di fiducia di prodotti chimici per la ricerca, diamo priorit\u00e0 alla qualit\u00e0, all'affidabilit\u00e0 e alla soddisfazione del cliente.<\/p>\n<p>**Che cos'\u00e8 la 3-FMA?<\/p>\n<p>Il 3-FMA fa parte della classe dei composti anfetaminici e presenta analogie con la metanfetamina. I ricercatori sono interessati a studiarne gli effetti sulla cognizione, sul comportamento e sulla neurochimica.<\/p>\n<p>**Perch\u00e9 scegliere <a href=\"https:\/\/chemsxpress.com\/it\/\">ChemsXpress<\/a> per 3-FMA?<\/p>\n<p>- **Garanzia della qualit\u00e0:** Il nostro 3-FMA \u00e8 sintetizzato con tecniche avanzate e sottoposto a rigorosi test per garantirne la purezza e la potenza.<br \/>\n- **Spedizione veloce:** Siamo consapevoli dell'importanza di una consegna tempestiva per i progetti di ricerca. Ecco perch\u00e9 offriamo opzioni di spedizione rapide e affidabili.<br \/>\n- **Assistenza dedicata:** Il nostro team di assistenza clienti \u00e8 disponibile ad assistervi per qualsiasi richiesta o dubbio.<\/p>\n<p>**Ordina oggi 3-FMA**<\/p>\n<p>Siete pronti a intraprendere la vostra ricerca con 3-FMA? Esplorate il nostro catalogo e fate il vostro ordine oggi stesso. Con ChemsXpress, potete fidarvi del nostro impegno per la qualit\u00e0 e l'affidabilit\u00e0 in ogni fase del processo.<\/p>","protected":false},"excerpt":{"rendered":"<p><strong>Nome IUPAC: <\/strong>1-(3-fluorofenil)-N-metilpropan-2-amina<\/p>\n<p><strong>CAS # <\/strong>1182818-14-9<\/p>\n<p><strong>Altro nome: <\/strong>3-Fluorometanfetamina<\/p>\n<p><strong>Forma: <\/strong>pellet<\/p>\n<p><strong>Analisi NMR: <\/strong>C10H14FN<\/p>","protected":false},"featured_media":28991,"comment_status":"open","ping_status":"closed","template":"","meta":[],"product_brand":[],"product_cat":[83],"product_tag":[],"class_list":{"0":"post-28932","1":"product","2":"type-product","3":"status-publish","4":"has-post-thumbnail","6":"product_cat-pellets","8":"first","9":"instock","10":"shipping-taxable","11":"purchasable","12":"product-type-variable"},"yoast_head":"<!-- This site is optimized with the Yoast SEO Premium plugin v24.1 (Yoast SEO v27.4) - https:\/\/yoast.com\/product\/yoast-seo-premium-wordpress\/ -->\n<title>Buy 3-FMA Online: Premium Quality RC&#039;s | ChemsXpress<\/title>\n<meta name=\"description\" content=\"Buy 3-FMA Online at ChemsXpress. Premium research chemicals, fast shipping. Trust our quality assurance for all your research needs. Order now\" \/>\n<meta name=\"robots\" content=\"index, follow, max-snippet:-1, max-image-preview:large, max-video-preview:-1\" \/>\n<link rel=\"canonical\" href=\"https:\/\/chemsxpress.com\/it\/prodotto\/acquistare-3-fma-online-2\/\" \/>\n<meta property=\"og:locale\" content=\"it_IT\" \/>\n<meta property=\"og:type\" content=\"article\" \/>\n<meta property=\"og:title\" content=\"3-FMA pellets 50 mg\" \/>\n<meta property=\"og:description\" content=\"Buy 3-FMA Online at ChemsXpress. Premium research chemicals, fast shipping. Trust our quality assurance for all your research needs. Order now\" \/>\n<meta property=\"og:url\" content=\"https:\/\/chemsxpress.com\/it\/prodotto\/acquistare-3-fma-online-2\/\" \/>\n<meta property=\"og:site_name\" content=\"SHOP MDPHP\" \/>\n<meta property=\"article:modified_time\" content=\"2025-05-29T10:54:02+00:00\" \/>\n<meta property=\"og:image\" content=\"https:\/\/chemsxpress.com\/wp-content\/uploads\/2024\/04\/3-FMA-pellets-50-mg.jpg\" \/>\n\t<meta property=\"og:image:width\" content=\"600\" \/>\n\t<meta property=\"og:image:height\" content=\"600\" \/>\n\t<meta property=\"og:image:type\" content=\"image\/jpeg\" \/>\n<meta name=\"twitter:card\" content=\"summary_large_image\" \/>\n<meta name=\"twitter:label1\" content=\"Tempo di lettura stimato\" \/>\n\t<meta name=\"twitter:data1\" content=\"2 minuti\" \/>\n<script type=\"application\/ld+json\" class=\"yoast-schema-graph\">{\"@context\":\"https:\\\/\\\/schema.org\",\"@graph\":[{\"@type\":\"WebPage\",\"@id\":\"https:\\\/\\\/chemsxpress.com\\\/product\\\/buy-3-fma-online-2\\\/\",\"url\":\"https:\\\/\\\/chemsxpress.com\\\/product\\\/buy-3-fma-online-2\\\/\",\"name\":\"Buy 3-FMA Online: Premium Quality RC's | ChemsXpress\",\"isPartOf\":{\"@id\":\"https:\\\/\\\/chemsxpress.com\\\/#website\"},\"primaryImageOfPage\":{\"@id\":\"https:\\\/\\\/chemsxpress.com\\\/product\\\/buy-3-fma-online-2\\\/#primaryimage\"},\"image\":{\"@id\":\"https:\\\/\\\/chemsxpress.com\\\/product\\\/buy-3-fma-online-2\\\/#primaryimage\"},\"thumbnailUrl\":\"https:\\\/\\\/chemsxpress.com\\\/wp-content\\\/uploads\\\/2024\\\/04\\\/3-FMA-pellets-50-mg.jpg\",\"datePublished\":\"2024-04-29T13:19:33+00:00\",\"dateModified\":\"2025-05-29T10:54:02+00:00\",\"description\":\"Buy 3-FMA Online at ChemsXpress. Premium research chemicals, fast shipping. Trust our quality assurance for all your research needs. Order now\",\"breadcrumb\":{\"@id\":\"https:\\\/\\\/chemsxpress.com\\\/product\\\/buy-3-fma-online-2\\\/#breadcrumb\"},\"inLanguage\":\"it-IT\",\"potentialAction\":[{\"@type\":\"ReadAction\",\"target\":[\"https:\\\/\\\/chemsxpress.com\\\/product\\\/buy-3-fma-online-2\\\/\"]}]},{\"@type\":\"ImageObject\",\"inLanguage\":\"it-IT\",\"@id\":\"https:\\\/\\\/chemsxpress.com\\\/product\\\/buy-3-fma-online-2\\\/#primaryimage\",\"url\":\"https:\\\/\\\/chemsxpress.com\\\/wp-content\\\/uploads\\\/2024\\\/04\\\/3-FMA-pellets-50-mg.jpg\",\"contentUrl\":\"https:\\\/\\\/chemsxpress.com\\\/wp-content\\\/uploads\\\/2024\\\/04\\\/3-FMA-pellets-50-mg.jpg\",\"width\":600,\"height\":600,\"caption\":\"Buy 3-FMA\"},{\"@type\":\"BreadcrumbList\",\"@id\":\"https:\\\/\\\/chemsxpress.com\\\/product\\\/buy-3-fma-online-2\\\/#breadcrumb\",\"itemListElement\":[{\"@type\":\"ListItem\",\"position\":1,\"name\":\"Home\",\"item\":\"https:\\\/\\\/chemsxpress.com\\\/\"},{\"@type\":\"ListItem\",\"position\":2,\"name\":\"Shop\",\"item\":\"https:\\\/\\\/chemsxpress.com\\\/shop\\\/\"},{\"@type\":\"ListItem\",\"position\":3,\"name\":\"3-FMA pellets 50 mg\"}]},{\"@type\":\"WebSite\",\"@id\":\"https:\\\/\\\/chemsxpress.com\\\/#website\",\"url\":\"https:\\\/\\\/chemsxpress.com\\\/\",\"name\":\"SHOP MDPHP\",\"description\":\"Buy MDPHP freebase from reliable supplier\",\"potentialAction\":[{\"@type\":\"SearchAction\",\"target\":{\"@type\":\"EntryPoint\",\"urlTemplate\":\"https:\\\/\\\/chemsxpress.com\\\/?s={search_term_string}\"},\"query-input\":{\"@type\":\"PropertyValueSpecification\",\"valueRequired\":true,\"valueName\":\"search_term_string\"}}],\"inLanguage\":\"it-IT\"}]}<\/script>\n<!-- \/ Yoast SEO Premium plugin. -->","yoast_head_json":{"title":"Acquista 3-FPM online: RC di qualit\u00e0 premium | ChemsXpres","description":"Scoprite la 4-MPD su ChemsXpress. Prodotti chimici per la ricerca di qualit\u00e0 superiore, spedizione rapida. Affidatevi alla nostra garanzia di qualit\u00e0 per tutte le vostre esigenze di ricerca. Ordina ora","robots":{"index":"index","follow":"follow","max-snippet":"max-snippet:-1","max-image-preview":"max-image-preview:large","max-video-preview":"max-video-preview:-1"},"canonical":"https:\/\/chemsxpress.com\/it\/prodotto\/acquistare-3-fma-online-2\/","og_locale":"it_IT","og_type":"article","og_title":"3-FMA pellets 50 mg","og_description":"Buy 3-FMA Online at ChemsXpress. Premium research chemicals, fast shipping. Trust our quality assurance for all your research needs. Order now","og_url":"https:\/\/chemsxpress.com\/it\/prodotto\/acquistare-3-fma-online-2\/","og_site_name":"SHOP MDPHP","article_modified_time":"2025-05-29T10:54:02+00:00","og_image":[{"width":600,"height":600,"url":"https:\/\/chemsxpress.com\/wp-content\/uploads\/2024\/04\/3-FMA-pellets-50-mg.jpg","type":"image\/jpeg"}],"twitter_card":"summary_large_image","twitter_misc":{"Tempo di lettura stimato":"2 minuti"},"schema":{"@context":"https:\/\/schema.org","@graph":[{"@type":"WebPage","@id":"https:\/\/chemsxpress.com\/product\/buy-3-fma-online-2\/","url":"https:\/\/chemsxpress.com\/product\/buy-3-fma-online-2\/","name":"Acquista 3-FPM online: RC di qualit\u00e0 premium | ChemsXpres","isPartOf":{"@id":"https:\/\/chemsxpress.com\/#website"},"primaryImageOfPage":{"@id":"https:\/\/chemsxpress.com\/product\/buy-3-fma-online-2\/#primaryimage"},"image":{"@id":"https:\/\/chemsxpress.com\/product\/buy-3-fma-online-2\/#primaryimage"},"thumbnailUrl":"https:\/\/chemsxpress.com\/wp-content\/uploads\/2024\/04\/3-FMA-pellets-50-mg.jpg","datePublished":"2024-04-29T13:19:33+00:00","dateModified":"2025-05-29T10:54:02+00:00","description":"Scoprite la 4-MPD su ChemsXpress. Prodotti chimici per la ricerca di qualit\u00e0 superiore, spedizione rapida. Affidatevi alla nostra garanzia di qualit\u00e0 per tutte le vostre esigenze di ricerca. Ordina ora","breadcrumb":{"@id":"https:\/\/chemsxpress.com\/product\/buy-3-fma-online-2\/#breadcrumb"},"inLanguage":"it-IT","potentialAction":[{"@type":"ReadAction","target":["https:\/\/chemsxpress.com\/product\/buy-3-fma-online-2\/"]}]},{"@type":"ImageObject","inLanguage":"it-IT","@id":"https:\/\/chemsxpress.com\/product\/buy-3-fma-online-2\/#primaryimage","url":"https:\/\/chemsxpress.com\/wp-content\/uploads\/2024\/04\/3-FMA-pellets-50-mg.jpg","contentUrl":"https:\/\/chemsxpress.com\/wp-content\/uploads\/2024\/04\/3-FMA-pellets-50-mg.jpg","width":600,"height":600,"caption":"Buy 3-FMA"},{"@type":"BreadcrumbList","@id":"https:\/\/chemsxpress.com\/product\/buy-3-fma-online-2\/#breadcrumb","itemListElement":[{"@type":"ListItem","position":1,"name":"Home","item":"https:\/\/chemsxpress.com\/"},{"@type":"ListItem","position":2,"name":"Shop","item":"https:\/\/chemsxpress.com\/shop\/"},{"@type":"ListItem","position":3,"name":"3-FMA pellets 50 mg"}]},{"@type":"WebSite","@id":"https:\/\/chemsxpress.com\/#website","url":"https:\/\/chemsxpress.com\/","name":"NEGOZIO MDP","description":"Acquistare MDPHP freebase da un fornitore affidabile","potentialAction":[{"@type":"SearchAction","target":{"@type":"EntryPoint","urlTemplate":"https:\/\/chemsxpress.com\/?s={search_term_string}"},"query-input":{"@type":"PropertyValueSpecification","valueRequired":true,"valueName":"search_term_string"}}],"inLanguage":"it-IT"}]}},"jetpack_sharing_enabled":true,"_links":{"self":[{"href":"https:\/\/chemsxpress.com\/it\/wp-json\/wp\/v2\/product\/28932","targetHints":{"allow":["GET"]}}],"collection":[{"href":"https:\/\/chemsxpress.com\/it\/wp-json\/wp\/v2\/product"}],"about":[{"href":"https:\/\/chemsxpress.com\/it\/wp-json\/wp\/v2\/types\/product"}],"replies":[{"embeddable":true,"href":"https:\/\/chemsxpress.com\/it\/wp-json\/wp\/v2\/comments?post=28932"}],"version-history":[{"count":4,"href":"https:\/\/chemsxpress.com\/it\/wp-json\/wp\/v2\/product\/28932\/revisions"}],"predecessor-version":[{"id":30020,"href":"https:\/\/chemsxpress.com\/it\/wp-json\/wp\/v2\/product\/28932\/revisions\/30020"}],"wp:featuredmedia":[{"embeddable":true,"href":"https:\/\/chemsxpress.com\/it\/wp-json\/wp\/v2\/media\/28991"}],"wp:attachment":[{"href":"https:\/\/chemsxpress.com\/it\/wp-json\/wp\/v2\/media?parent=28932"}],"wp:term":[{"taxonomy":"product_brand","embeddable":true,"href":"https:\/\/chemsxpress.com\/it\/wp-json\/wp\/v2\/product_brand?post=28932"},{"taxonomy":"product_cat","embeddable":true,"href":"https:\/\/chemsxpress.com\/it\/wp-json\/wp\/v2\/product_cat?post=28932"},{"taxonomy":"product_tag","embeddable":true,"href":"https:\/\/chemsxpress.com\/it\/wp-json\/wp\/v2\/product_tag?post=28932"}],"curies":[{"name":"wp","href":"https:\/\/api.w.org\/{rel}","templated":true}]}}