{"id":28933,"date":"2024-04-29T13:19:33","date_gmt":"2024-04-29T13:19:33","guid":{"rendered":"https:\/\/chemsxpress.com\/?post_type=product&#038;p=28933"},"modified":"2024-07-04T22:27:21","modified_gmt":"2024-07-04T22:27:21","slug":"acquistare-5-mapb-online","status":"publish","type":"product","link":"https:\/\/chemsxpress.com\/it\/prodotto\/acquistare-5-mapb-online\/","title":{"rendered":"5-MAPB pellet 50 mg"},"content":{"rendered":"<h1>Comprare 5-MAPB online<\/h1>\n<p>Comprare 5-MAPB online su chemsXpress \u00e8 orgogliosa di offrire 5-MAPB, una sostanza chimica di ricerca con potenziali applicazioni in vari studi scientifici. In qualit\u00e0 di fornitore di fiducia di prodotti chimici per la ricerca di alta qualit\u00e0, diamo priorit\u00e0 all'affidabilit\u00e0, alla qualit\u00e0 e alla soddisfazione del cliente.<\/p>\n<p>**Circa il 5-MAPB:**<\/p>\n<p>Il 5-MAPB, noto anche come 5-(2-metilaminopropil)benzofurano, \u00e8 un composto chimico appartenente alla classe dei benzofurani. \u00c8 strutturalmente correlato all'MDMA e ne condivide gli effetti. I ricercatori sono interessati a studiarne le propriet\u00e0 psicoattive e le potenziali applicazioni terapeutiche.<\/p>\n<h2>Perch\u00e9 scegliere ChemsXpress per acquistare 5-MAPBOnline?<\/h2>\n<p>- **Garanzia di qualit\u00e0:** Il nostro 5-MAPB \u00e8 sintetizzato con tecniche avanzate e sottoposto a rigorosi test per garantirne la purezza e la potenza.<br \/>\n- **Spedizione veloce:** Siamo consapevoli dell'importanza di una consegna tempestiva per i progetti di ricerca. Ecco perch\u00e9 offriamo opzioni di spedizione rapide e affidabili.<br \/>\n- **Assistenza dedicata:** Il nostro team di assistenza clienti \u00e8 disponibile ad assistervi per qualsiasi richiesta o dubbio.<\/p>\n<p>**Ordina 5-MAPB oggi.<\/p>\n<p>Siete pronti a iniziare la vostra ricerca con il 5-MAPB? Esplorate il nostro catalogo e ordinate oggi stesso. Con <a href=\"https:\/\/chemsxpress.com\/it\/\">ChemsXpress<\/a>Potete fidarvi del nostro impegno per la qualit\u00e0 e l'affidabilit\u00e0 in ogni fase del processo.<\/p>\n<p>Certamente! Ecco ulteriori informazioni sul 5-MAPB:<\/p>\n<p>**Effetti potenziali del 5-MAPB:**<\/p>\n<p>I ricercatori hanno riferito che il 5-MAPB pu\u00f2 produrre effetti empatici ed entactogenici simili a quelli dell'MDMA, tra cui sentimenti di empatia, apertura emotiva e maggiore socievolezza. \u00c8 nota anche per le sue propriet\u00e0 stimolanti, che possono determinare un aumento dei livelli di energia e di vigilanza.<\/p>\n<p>**Precauzioni di sicurezza:**<\/p>\n<p>Mentre il 5-MAPB si dimostra promettente come <a href=\"https:\/\/chemsxpress.com\/it\/categoria-di-prodotto\/ricerca-chimica\/\">ricerca chimica<\/a>\u00c8 quindi importante maneggiarlo con cautela e attenersi ai protocolli di sicurezza. I ricercatori devono essere consapevoli dei potenziali rischi associati al suo utilizzo e adottare misure appropriate per ridurli al minimo.<\/p>\n<p>**Stato giuridico:**<\/p>\n<p>Lo status legale del 5-MAPB varia a seconda del Paese e della regione. I ricercatori devono informarsi sulle norme che regolano l'uso e la distribuzione nella loro giurisdizione prima di acquistare o manipolare il composto.<\/p>\n<p>**Ordina 5-MAPB oggi.<\/p>\n<p>Esplora il nostro <a href=\"https:\/\/chemsxpress.com\/it\/prodotto\/acquistare-i-pellet-pink-star\/\">catalogo<\/a> ed effettuare oggi stesso l'ordine di 5-MAPB. Con ChemsXpress, potete essere certi di ricevere prodotti chimici di ricerca di alta qualit\u00e0 per le vostre indagini scientifiche.<\/p>","protected":false},"excerpt":{"rendered":"<p><strong>Nome IUPAC: <\/strong>(1-(benzofuran-5-il)-N-metilpropan-2-ammina)<\/p>\n<p><strong>CAS # <\/strong>1354631-77-8<\/p>\n<p><strong>Aspetto: <\/strong>pellet rosa<\/p>\n<p><strong>Forma: <\/strong>pellet<\/p>\n<p><strong>Analisi NMR: <\/strong>C12H15NO<\/p>","protected":false},"featured_media":28994,"comment_status":"open","ping_status":"closed","template":"","meta":[],"product_brand":[],"product_cat":[83],"product_tag":[],"class_list":{"0":"post-28933","1":"product","2":"type-product","3":"status-publish","4":"has-post-thumbnail","6":"product_cat-pellets","8":"first","9":"instock","10":"shipping-taxable","11":"purchasable","12":"product-type-variable"},"yoast_head":"<!-- This site is optimized with the Yoast SEO Premium plugin v24.1 (Yoast SEO v27.5) - https:\/\/yoast.com\/product\/yoast-seo-premium-wordpress\/ -->\n<title>Buy 5-MAPB Online: Premium Quality RC&#039;s | ChemsXpress<\/title>\n<meta name=\"description\" content=\"B 5-MAPB online at ChemsXpress. Premium research chemicals, fast shipping. Trust our quality assurance for all your research needs. Order nouy\" \/>\n<meta name=\"robots\" content=\"index, follow, max-snippet:-1, max-image-preview:large, max-video-preview:-1\" \/>\n<link rel=\"canonical\" href=\"https:\/\/chemsxpress.com\/it\/prodotto\/acquistare-5-mapb-online\/\" \/>\n<meta property=\"og:locale\" content=\"it_IT\" \/>\n<meta property=\"og:type\" content=\"article\" \/>\n<meta property=\"og:title\" content=\"5-MAPB pellets 50mg\" \/>\n<meta property=\"og:description\" content=\"B 5-MAPB online at ChemsXpress. Premium research chemicals, fast shipping. Trust our quality assurance for all your research needs. Order nouy\" \/>\n<meta property=\"og:url\" content=\"https:\/\/chemsxpress.com\/it\/prodotto\/acquistare-5-mapb-online\/\" \/>\n<meta property=\"og:site_name\" content=\"SHOP MDPHP\" \/>\n<meta property=\"article:modified_time\" content=\"2024-07-04T22:27:21+00:00\" \/>\n<meta property=\"og:image\" content=\"https:\/\/chemsxpress.com\/wp-content\/uploads\/2024\/04\/5-MAPB-pellets-50mg.jpg\" \/>\n\t<meta property=\"og:image:width\" content=\"600\" \/>\n\t<meta property=\"og:image:height\" content=\"600\" \/>\n\t<meta property=\"og:image:type\" content=\"image\/jpeg\" \/>\n<meta name=\"twitter:card\" content=\"summary_large_image\" \/>\n<meta name=\"twitter:label1\" content=\"Tempo di lettura stimato\" \/>\n\t<meta name=\"twitter:data1\" content=\"2 minuti\" \/>\n<script type=\"application\/ld+json\" class=\"yoast-schema-graph\">{\"@context\":\"https:\\\/\\\/schema.org\",\"@graph\":[{\"@type\":\"WebPage\",\"@id\":\"https:\\\/\\\/chemsxpress.com\\\/product\\\/buy-5-mapb-online\\\/\",\"url\":\"https:\\\/\\\/chemsxpress.com\\\/product\\\/buy-5-mapb-online\\\/\",\"name\":\"Buy 5-MAPB Online: Premium Quality RC's | ChemsXpress\",\"isPartOf\":{\"@id\":\"https:\\\/\\\/chemsxpress.com\\\/#website\"},\"primaryImageOfPage\":{\"@id\":\"https:\\\/\\\/chemsxpress.com\\\/product\\\/buy-5-mapb-online\\\/#primaryimage\"},\"image\":{\"@id\":\"https:\\\/\\\/chemsxpress.com\\\/product\\\/buy-5-mapb-online\\\/#primaryimage\"},\"thumbnailUrl\":\"https:\\\/\\\/chemsxpress.com\\\/wp-content\\\/uploads\\\/2024\\\/04\\\/5-MAPB-pellets-50mg.jpg\",\"datePublished\":\"2024-04-29T13:19:33+00:00\",\"dateModified\":\"2024-07-04T22:27:21+00:00\",\"description\":\"B 5-MAPB online at ChemsXpress. Premium research chemicals, fast shipping. Trust our quality assurance for all your research needs. Order nouy\",\"breadcrumb\":{\"@id\":\"https:\\\/\\\/chemsxpress.com\\\/product\\\/buy-5-mapb-online\\\/#breadcrumb\"},\"inLanguage\":\"it-IT\",\"potentialAction\":[{\"@type\":\"ReadAction\",\"target\":[\"https:\\\/\\\/chemsxpress.com\\\/product\\\/buy-5-mapb-online\\\/\"]}]},{\"@type\":\"ImageObject\",\"inLanguage\":\"it-IT\",\"@id\":\"https:\\\/\\\/chemsxpress.com\\\/product\\\/buy-5-mapb-online\\\/#primaryimage\",\"url\":\"https:\\\/\\\/chemsxpress.com\\\/wp-content\\\/uploads\\\/2024\\\/04\\\/5-MAPB-pellets-50mg.jpg\",\"contentUrl\":\"https:\\\/\\\/chemsxpress.com\\\/wp-content\\\/uploads\\\/2024\\\/04\\\/5-MAPB-pellets-50mg.jpg\",\"width\":600,\"height\":600,\"caption\":\"Buy MPT Online\"},{\"@type\":\"BreadcrumbList\",\"@id\":\"https:\\\/\\\/chemsxpress.com\\\/product\\\/buy-5-mapb-online\\\/#breadcrumb\",\"itemListElement\":[{\"@type\":\"ListItem\",\"position\":1,\"name\":\"Home\",\"item\":\"https:\\\/\\\/chemsxpress.com\\\/\"},{\"@type\":\"ListItem\",\"position\":2,\"name\":\"Shop\",\"item\":\"https:\\\/\\\/chemsxpress.com\\\/shop\\\/\"},{\"@type\":\"ListItem\",\"position\":3,\"name\":\"5-MAPB pellets 50mg\"}]},{\"@type\":\"WebSite\",\"@id\":\"https:\\\/\\\/chemsxpress.com\\\/#website\",\"url\":\"https:\\\/\\\/chemsxpress.com\\\/\",\"name\":\"SHOP MDPHP\",\"description\":\"Buy MDPHP freebase from reliable supplier\",\"potentialAction\":[{\"@type\":\"SearchAction\",\"target\":{\"@type\":\"EntryPoint\",\"urlTemplate\":\"https:\\\/\\\/chemsxpress.com\\\/?s={search_term_string}\"},\"query-input\":{\"@type\":\"PropertyValueSpecification\",\"valueRequired\":true,\"valueName\":\"search_term_string\"}}],\"inLanguage\":\"it-IT\"}]}<\/script>\n<!-- \/ Yoast SEO Premium plugin. -->","yoast_head_json":{"title":"Acquista 5-MAPB online: RC di qualit\u00e0 premium | ChemsXpress","description":"Acquista il cristallo 4F PHP online: su ChemsXpress. Prodotti chimici per la ricerca di alta qualit\u00e0, spedizione veloce. Affidatevi alla nostra garanzia di qualit\u00e0 per tutte le vostre esigenze di ricerca. Ordina ora.","robots":{"index":"index","follow":"follow","max-snippet":"max-snippet:-1","max-image-preview":"max-image-preview:large","max-video-preview":"max-video-preview:-1"},"canonical":"https:\/\/chemsxpress.com\/it\/prodotto\/acquistare-5-mapb-online\/","og_locale":"it_IT","og_type":"article","og_title":"5-MAPB pellets 50mg","og_description":"B 5-MAPB online at ChemsXpress. Premium research chemicals, fast shipping. Trust our quality assurance for all your research needs. Order nouy","og_url":"https:\/\/chemsxpress.com\/it\/prodotto\/acquistare-5-mapb-online\/","og_site_name":"SHOP MDPHP","article_modified_time":"2024-07-04T22:27:21+00:00","og_image":[{"width":600,"height":600,"url":"https:\/\/chemsxpress.com\/wp-content\/uploads\/2024\/04\/5-MAPB-pellets-50mg.jpg","type":"image\/jpeg"}],"twitter_card":"summary_large_image","twitter_misc":{"Tempo di lettura stimato":"2 minuti"},"schema":{"@context":"https:\/\/schema.org","@graph":[{"@type":"WebPage","@id":"https:\/\/chemsxpress.com\/product\/buy-5-mapb-online\/","url":"https:\/\/chemsxpress.com\/product\/buy-5-mapb-online\/","name":"Acquista 5-MAPB online: RC di qualit\u00e0 premium | ChemsXpress","isPartOf":{"@id":"https:\/\/chemsxpress.com\/#website"},"primaryImageOfPage":{"@id":"https:\/\/chemsxpress.com\/product\/buy-5-mapb-online\/#primaryimage"},"image":{"@id":"https:\/\/chemsxpress.com\/product\/buy-5-mapb-online\/#primaryimage"},"thumbnailUrl":"https:\/\/chemsxpress.com\/wp-content\/uploads\/2024\/04\/5-MAPB-pellets-50mg.jpg","datePublished":"2024-04-29T13:19:33+00:00","dateModified":"2024-07-04T22:27:21+00:00","description":"Acquista il cristallo 4F PHP online: su ChemsXpress. Prodotti chimici per la ricerca di alta qualit\u00e0, spedizione veloce. Affidatevi alla nostra garanzia di qualit\u00e0 per tutte le vostre esigenze di ricerca. Ordina ora.","breadcrumb":{"@id":"https:\/\/chemsxpress.com\/product\/buy-5-mapb-online\/#breadcrumb"},"inLanguage":"it-IT","potentialAction":[{"@type":"ReadAction","target":["https:\/\/chemsxpress.com\/product\/buy-5-mapb-online\/"]}]},{"@type":"ImageObject","inLanguage":"it-IT","@id":"https:\/\/chemsxpress.com\/product\/buy-5-mapb-online\/#primaryimage","url":"https:\/\/chemsxpress.com\/wp-content\/uploads\/2024\/04\/5-MAPB-pellets-50mg.jpg","contentUrl":"https:\/\/chemsxpress.com\/wp-content\/uploads\/2024\/04\/5-MAPB-pellets-50mg.jpg","width":600,"height":600,"caption":"Buy MPT Online"},{"@type":"BreadcrumbList","@id":"https:\/\/chemsxpress.com\/product\/buy-5-mapb-online\/#breadcrumb","itemListElement":[{"@type":"ListItem","position":1,"name":"Home","item":"https:\/\/chemsxpress.com\/"},{"@type":"ListItem","position":2,"name":"Shop","item":"https:\/\/chemsxpress.com\/shop\/"},{"@type":"ListItem","position":3,"name":"5-MAPB pellets 50mg"}]},{"@type":"WebSite","@id":"https:\/\/chemsxpress.com\/#website","url":"https:\/\/chemsxpress.com\/","name":"NEGOZIO MDP","description":"Acquistare MDPHP freebase da un fornitore affidabile","potentialAction":[{"@type":"SearchAction","target":{"@type":"EntryPoint","urlTemplate":"https:\/\/chemsxpress.com\/?s={search_term_string}"},"query-input":{"@type":"PropertyValueSpecification","valueRequired":true,"valueName":"search_term_string"}}],"inLanguage":"it-IT"}]}},"jetpack_sharing_enabled":true,"_links":{"self":[{"href":"https:\/\/chemsxpress.com\/it\/wp-json\/wp\/v2\/product\/28933","targetHints":{"allow":["GET"]}}],"collection":[{"href":"https:\/\/chemsxpress.com\/it\/wp-json\/wp\/v2\/product"}],"about":[{"href":"https:\/\/chemsxpress.com\/it\/wp-json\/wp\/v2\/types\/product"}],"replies":[{"embeddable":true,"href":"https:\/\/chemsxpress.com\/it\/wp-json\/wp\/v2\/comments?post=28933"}],"version-history":[{"count":4,"href":"https:\/\/chemsxpress.com\/it\/wp-json\/wp\/v2\/product\/28933\/revisions"}],"predecessor-version":[{"id":30019,"href":"https:\/\/chemsxpress.com\/it\/wp-json\/wp\/v2\/product\/28933\/revisions\/30019"}],"wp:featuredmedia":[{"embeddable":true,"href":"https:\/\/chemsxpress.com\/it\/wp-json\/wp\/v2\/media\/28994"}],"wp:attachment":[{"href":"https:\/\/chemsxpress.com\/it\/wp-json\/wp\/v2\/media?parent=28933"}],"wp:term":[{"taxonomy":"product_brand","embeddable":true,"href":"https:\/\/chemsxpress.com\/it\/wp-json\/wp\/v2\/product_brand?post=28933"},{"taxonomy":"product_cat","embeddable":true,"href":"https:\/\/chemsxpress.com\/it\/wp-json\/wp\/v2\/product_cat?post=28933"},{"taxonomy":"product_tag","embeddable":true,"href":"https:\/\/chemsxpress.com\/it\/wp-json\/wp\/v2\/product_tag?post=28933"}],"curies":[{"name":"wp","href":"https:\/\/api.w.org\/{rel}","templated":true}]}}