{"id":28936,"date":"2024-04-29T13:19:33","date_gmt":"2024-04-29T13:19:33","guid":{"rendered":"https:\/\/chemsxpress.com\/?post_type=product&#038;p=28936"},"modified":"2025-05-26T11:22:53","modified_gmt":"2025-05-26T11:22:53","slug":"acquistare-i-pellet-pink-star","status":"publish","type":"product","link":"https:\/\/chemsxpress.com\/it\/prodotto\/acquistare-i-pellet-pink-star\/","title":{"rendered":"Pink Star Pellet 5-MAPB 70mg \/ 2-FMA 20mg \/ 5-MEO-MIPT 2mg"},"content":{"rendered":"<h2>Acquista il pellet Pink Star .<\/h2>\n<p>Tutti i prodotti Research Chemical NON sono destinati alla sperimentazione su esseri umani o animali o all'ingestione. Siamo assolutamente contrari a qualsiasi uso non autorizzato dalla ricerca.<\/p>\n<h3>Come si usa.<\/h3>\n<p>Quando si lavora con sostanze chimiche per la ricerca, adottare sempre le misure necessarie in laboratorio, come lavare le superfici e indossare guanti, maschera e indumenti protettivi.<\/p>\n<h3>Il modo migliore per conservare:<\/h3>\n<p>Per una migliore durata di conservazione, conservare i pellet Pink Star in un ambiente asciutto e freddo. Tenere Pink Star Pellet lontano da fiamme libere e calore. <a href=\"https:\/\/chemsxpress.com\/it\/categoria-di-prodotto\/ricerca-chimica\/\">Prodotti chimici per la ricerca<\/a> si conservano bene per almeno 1 o 2 anni. Pink Star Pellets online. La consegna \u00e8 facile, discreta e veloce.<\/p>\n<h4>**Acquista i pellet Pink Star su ChemsXpress**<\/h4>\n<p>Benvenuti a <a href=\"https:\/\/chemsxpress.com\/it\/\">ChemsXpress,<\/a> il vostro fornitore di fiducia di prodotti chimici di alta qualit\u00e0 per la ricerca. Scoprite la nostra vasta gamma di prodotti, tra cui il Pink Star Pellets, un composto unico con potenziali applicazioni in vari studi scientifici.<\/p>\n<h4>**Per quanto riguarda il pellet Pink Star:**<\/h4>\n<p>I pellet Pink Star sono una miscela proprietaria formulata per fornire ai ricercatori una sostanza sperimentale distintiva. Nell'ambito del nostro impegno per l'innovazione, offriamo questo prodotto esclusivo per sostenere la ricerca d'avanguardia nella comunit\u00e0 scientifica.<\/p>\n<h4>**Perch\u00e9 scegliere ChemsXpress per i pellet Pink Star?<\/h4>\n<p>- **Assicurazione di qualit\u00e0:** I nostri Pink Star Pellet sono sottoposti a rigorose misure di controllo della qualit\u00e0 per garantire purezza e coerenza, fornendo risultati affidabili per i vostri sforzi di ricerca.<br \/>\n- Capiamo l'importanza di una consegna tempestiva per i progetti di ricerca ed \u00e8 per questo che offriamo opzioni di spedizione rapida per soddisfare le vostre esigenze.<br \/>\n- **Assistenza dedicata:** Il nostro competente team di assistenza clienti \u00e8 a disposizione per assistervi in caso di domande o dubbi, assicurandovi un'esperienza d'ordine fluida e senza problemi.<\/p>\n<h4>**Ordina oggi il pellet Pink Star.<\/h4>\n<p>Siete pronti ad esplorare il potenziale del pellet Pink Star? Sfogliate il nostro catalogo e ordinate con fiducia. Con ChemsXpress, potete fidarvi del nostro impegno per la qualit\u00e0 e l'affidabilit\u00e0 in ogni fase del processo.<\/p>","protected":false},"excerpt":{"rendered":"<p><strong>Aspetto: <\/strong>Pallino rosa<\/p>\n<p><strong>Analisi NMR: <\/strong>N\/D<\/p>","protected":false},"featured_media":29002,"comment_status":"open","ping_status":"closed","template":"","meta":[],"product_brand":[],"product_cat":[83],"product_tag":[],"class_list":{"0":"post-28936","1":"product","2":"type-product","3":"status-publish","4":"has-post-thumbnail","6":"product_cat-pellets","8":"first","9":"instock","10":"shipping-taxable","11":"purchasable","12":"product-type-variable"},"yoast_head":"<!-- This site is optimized with the Yoast SEO Premium plugin v24.1 (Yoast SEO v27.4) - https:\/\/yoast.com\/product\/yoast-seo-premium-wordpress\/ -->\n<title>Buy Pink Star Pellets: Quality Research Chemicals | ChemsXpress<\/title>\n<meta name=\"description\" content=\"Discover Pink Star Pellets at ChemsXpress. Premium research chemicals, fast shipping. Trust our quality assurance for all your research needs. Order now\" \/>\n<meta name=\"robots\" content=\"index, follow, max-snippet:-1, max-image-preview:large, max-video-preview:-1\" \/>\n<link rel=\"canonical\" href=\"https:\/\/chemsxpress.com\/it\/prodotto\/acquistare-i-pellet-pink-star\/\" \/>\n<meta property=\"og:locale\" content=\"it_IT\" \/>\n<meta property=\"og:type\" content=\"article\" \/>\n<meta property=\"og:title\" content=\"Pink Star Pellet 5-MAPB 70mg \/ 2-FMA 20mg \/ 5-MEO-MIPT 2mg\" \/>\n<meta property=\"og:description\" content=\"Discover Pink Star Pellets at ChemsXpress. Premium research chemicals, fast shipping. Trust our quality assurance for all your research needs. Order now\" \/>\n<meta property=\"og:url\" content=\"https:\/\/chemsxpress.com\/it\/prodotto\/acquistare-i-pellet-pink-star\/\" \/>\n<meta property=\"og:site_name\" content=\"SHOP MDPHP\" \/>\n<meta property=\"article:modified_time\" content=\"2025-05-26T11:22:53+00:00\" \/>\n<meta property=\"og:image\" content=\"https:\/\/chemsxpress.com\/wp-content\/uploads\/2024\/04\/Pink-Star-Pellet-5-MAPB-70mg.jpg\" \/>\n\t<meta property=\"og:image:width\" content=\"600\" \/>\n\t<meta property=\"og:image:height\" content=\"600\" \/>\n\t<meta property=\"og:image:type\" content=\"image\/jpeg\" \/>\n<meta name=\"twitter:card\" content=\"summary_large_image\" \/>\n<meta name=\"twitter:label1\" content=\"Tempo di lettura stimato\" \/>\n\t<meta name=\"twitter:data1\" content=\"2 minuti\" \/>\n<script type=\"application\/ld+json\" class=\"yoast-schema-graph\">{\"@context\":\"https:\\\/\\\/schema.org\",\"@graph\":[{\"@type\":\"WebPage\",\"@id\":\"https:\\\/\\\/chemsxpress.com\\\/product\\\/buy-pink-star-pellets\\\/\",\"url\":\"https:\\\/\\\/chemsxpress.com\\\/product\\\/buy-pink-star-pellets\\\/\",\"name\":\"Buy Pink Star Pellets: Quality Research Chemicals | ChemsXpress\",\"isPartOf\":{\"@id\":\"https:\\\/\\\/chemsxpress.com\\\/#website\"},\"primaryImageOfPage\":{\"@id\":\"https:\\\/\\\/chemsxpress.com\\\/product\\\/buy-pink-star-pellets\\\/#primaryimage\"},\"image\":{\"@id\":\"https:\\\/\\\/chemsxpress.com\\\/product\\\/buy-pink-star-pellets\\\/#primaryimage\"},\"thumbnailUrl\":\"https:\\\/\\\/chemsxpress.com\\\/wp-content\\\/uploads\\\/2024\\\/04\\\/Pink-Star-Pellet-5-MAPB-70mg.jpg\",\"datePublished\":\"2024-04-29T13:19:33+00:00\",\"dateModified\":\"2025-05-26T11:22:53+00:00\",\"description\":\"Discover Pink Star Pellets at ChemsXpress. Premium research chemicals, fast shipping. Trust our quality assurance for all your research needs. Order now\",\"breadcrumb\":{\"@id\":\"https:\\\/\\\/chemsxpress.com\\\/product\\\/buy-pink-star-pellets\\\/#breadcrumb\"},\"inLanguage\":\"it-IT\",\"potentialAction\":[{\"@type\":\"ReadAction\",\"target\":[\"https:\\\/\\\/chemsxpress.com\\\/product\\\/buy-pink-star-pellets\\\/\"]}]},{\"@type\":\"ImageObject\",\"inLanguage\":\"it-IT\",\"@id\":\"https:\\\/\\\/chemsxpress.com\\\/product\\\/buy-pink-star-pellets\\\/#primaryimage\",\"url\":\"https:\\\/\\\/chemsxpress.com\\\/wp-content\\\/uploads\\\/2024\\\/04\\\/Pink-Star-Pellet-5-MAPB-70mg.jpg\",\"contentUrl\":\"https:\\\/\\\/chemsxpress.com\\\/wp-content\\\/uploads\\\/2024\\\/04\\\/Pink-Star-Pellet-5-MAPB-70mg.jpg\",\"width\":600,\"height\":600,\"caption\":\"Buy Pink Star Pellets\"},{\"@type\":\"BreadcrumbList\",\"@id\":\"https:\\\/\\\/chemsxpress.com\\\/product\\\/buy-pink-star-pellets\\\/#breadcrumb\",\"itemListElement\":[{\"@type\":\"ListItem\",\"position\":1,\"name\":\"Home\",\"item\":\"https:\\\/\\\/chemsxpress.com\\\/\"},{\"@type\":\"ListItem\",\"position\":2,\"name\":\"Shop\",\"item\":\"https:\\\/\\\/chemsxpress.com\\\/shop\\\/\"},{\"@type\":\"ListItem\",\"position\":3,\"name\":\"Pink Star Pellet 5-MAPB 70mg \\\/ 2-FMA 20mg \\\/ 5-MEO-MIPT 2mg\"}]},{\"@type\":\"WebSite\",\"@id\":\"https:\\\/\\\/chemsxpress.com\\\/#website\",\"url\":\"https:\\\/\\\/chemsxpress.com\\\/\",\"name\":\"SHOP MDPHP\",\"description\":\"Buy MDPHP freebase from reliable supplier\",\"potentialAction\":[{\"@type\":\"SearchAction\",\"target\":{\"@type\":\"EntryPoint\",\"urlTemplate\":\"https:\\\/\\\/chemsxpress.com\\\/?s={search_term_string}\"},\"query-input\":{\"@type\":\"PropertyValueSpecification\",\"valueRequired\":true,\"valueName\":\"search_term_string\"}}],\"inLanguage\":\"it-IT\"}]}<\/script>\n<!-- \/ Yoast SEO Premium plugin. -->","yoast_head_json":{"title":"Acquista pellet Pink Star: prodotti chimici di ricerca di qualit\u00e0 | ChemsXpress","description":"Scoprite la 4-MPD su ChemsXpress. Prodotti chimici per la ricerca di qualit\u00e0 superiore, spedizione rapida. Affidatevi alla nostra garanzia di qualit\u00e0 per tutte le vostre esigenze di ricerca. Ordina ora","robots":{"index":"index","follow":"follow","max-snippet":"max-snippet:-1","max-image-preview":"max-image-preview:large","max-video-preview":"max-video-preview:-1"},"canonical":"https:\/\/chemsxpress.com\/it\/prodotto\/acquistare-i-pellet-pink-star\/","og_locale":"it_IT","og_type":"article","og_title":"Pink Star Pellet 5-MAPB 70mg \/ 2-FMA 20mg \/ 5-MEO-MIPT 2mg","og_description":"Discover Pink Star Pellets at ChemsXpress. Premium research chemicals, fast shipping. Trust our quality assurance for all your research needs. Order now","og_url":"https:\/\/chemsxpress.com\/it\/prodotto\/acquistare-i-pellet-pink-star\/","og_site_name":"SHOP MDPHP","article_modified_time":"2025-05-26T11:22:53+00:00","og_image":[{"width":600,"height":600,"url":"https:\/\/chemsxpress.com\/wp-content\/uploads\/2024\/04\/Pink-Star-Pellet-5-MAPB-70mg.jpg","type":"image\/jpeg"}],"twitter_card":"summary_large_image","twitter_misc":{"Tempo di lettura stimato":"2 minuti"},"schema":{"@context":"https:\/\/schema.org","@graph":[{"@type":"WebPage","@id":"https:\/\/chemsxpress.com\/product\/buy-pink-star-pellets\/","url":"https:\/\/chemsxpress.com\/product\/buy-pink-star-pellets\/","name":"Acquista pellet Pink Star: prodotti chimici di ricerca di qualit\u00e0 | ChemsXpress","isPartOf":{"@id":"https:\/\/chemsxpress.com\/#website"},"primaryImageOfPage":{"@id":"https:\/\/chemsxpress.com\/product\/buy-pink-star-pellets\/#primaryimage"},"image":{"@id":"https:\/\/chemsxpress.com\/product\/buy-pink-star-pellets\/#primaryimage"},"thumbnailUrl":"https:\/\/chemsxpress.com\/wp-content\/uploads\/2024\/04\/Pink-Star-Pellet-5-MAPB-70mg.jpg","datePublished":"2024-04-29T13:19:33+00:00","dateModified":"2025-05-26T11:22:53+00:00","description":"Scoprite la 4-MPD su ChemsXpress. Prodotti chimici per la ricerca di qualit\u00e0 superiore, spedizione rapida. Affidatevi alla nostra garanzia di qualit\u00e0 per tutte le vostre esigenze di ricerca. Ordina ora","breadcrumb":{"@id":"https:\/\/chemsxpress.com\/product\/buy-pink-star-pellets\/#breadcrumb"},"inLanguage":"it-IT","potentialAction":[{"@type":"ReadAction","target":["https:\/\/chemsxpress.com\/product\/buy-pink-star-pellets\/"]}]},{"@type":"ImageObject","inLanguage":"it-IT","@id":"https:\/\/chemsxpress.com\/product\/buy-pink-star-pellets\/#primaryimage","url":"https:\/\/chemsxpress.com\/wp-content\/uploads\/2024\/04\/Pink-Star-Pellet-5-MAPB-70mg.jpg","contentUrl":"https:\/\/chemsxpress.com\/wp-content\/uploads\/2024\/04\/Pink-Star-Pellet-5-MAPB-70mg.jpg","width":600,"height":600,"caption":"Buy Pink Star Pellets"},{"@type":"BreadcrumbList","@id":"https:\/\/chemsxpress.com\/product\/buy-pink-star-pellets\/#breadcrumb","itemListElement":[{"@type":"ListItem","position":1,"name":"Home","item":"https:\/\/chemsxpress.com\/"},{"@type":"ListItem","position":2,"name":"Shop","item":"https:\/\/chemsxpress.com\/shop\/"},{"@type":"ListItem","position":3,"name":"Pink Star Pellet 5-MAPB 70mg \/ 2-FMA 20mg \/ 5-MEO-MIPT 2mg"}]},{"@type":"WebSite","@id":"https:\/\/chemsxpress.com\/#website","url":"https:\/\/chemsxpress.com\/","name":"NEGOZIO MDP","description":"Acquistare MDPHP freebase da un fornitore affidabile","potentialAction":[{"@type":"SearchAction","target":{"@type":"EntryPoint","urlTemplate":"https:\/\/chemsxpress.com\/?s={search_term_string}"},"query-input":{"@type":"PropertyValueSpecification","valueRequired":true,"valueName":"search_term_string"}}],"inLanguage":"it-IT"}]}},"jetpack_sharing_enabled":true,"_links":{"self":[{"href":"https:\/\/chemsxpress.com\/it\/wp-json\/wp\/v2\/product\/28936","targetHints":{"allow":["GET"]}}],"collection":[{"href":"https:\/\/chemsxpress.com\/it\/wp-json\/wp\/v2\/product"}],"about":[{"href":"https:\/\/chemsxpress.com\/it\/wp-json\/wp\/v2\/types\/product"}],"replies":[{"embeddable":true,"href":"https:\/\/chemsxpress.com\/it\/wp-json\/wp\/v2\/comments?post=28936"}],"version-history":[{"count":4,"href":"https:\/\/chemsxpress.com\/it\/wp-json\/wp\/v2\/product\/28936\/revisions"}],"predecessor-version":[{"id":30024,"href":"https:\/\/chemsxpress.com\/it\/wp-json\/wp\/v2\/product\/28936\/revisions\/30024"}],"wp:featuredmedia":[{"embeddable":true,"href":"https:\/\/chemsxpress.com\/it\/wp-json\/wp\/v2\/media\/29002"}],"wp:attachment":[{"href":"https:\/\/chemsxpress.com\/it\/wp-json\/wp\/v2\/media?parent=28936"}],"wp:term":[{"taxonomy":"product_brand","embeddable":true,"href":"https:\/\/chemsxpress.com\/it\/wp-json\/wp\/v2\/product_brand?post=28936"},{"taxonomy":"product_cat","embeddable":true,"href":"https:\/\/chemsxpress.com\/it\/wp-json\/wp\/v2\/product_cat?post=28936"},{"taxonomy":"product_tag","embeddable":true,"href":"https:\/\/chemsxpress.com\/it\/wp-json\/wp\/v2\/product_tag?post=28936"}],"curies":[{"name":"wp","href":"https:\/\/api.w.org\/{rel}","templated":true}]}}