{"id":28937,"date":"2024-04-29T13:19:34","date_gmt":"2024-04-29T13:19:34","guid":{"rendered":"https:\/\/chemsxpress.com\/?post_type=product&#038;p=28937"},"modified":"2025-05-29T12:48:27","modified_gmt":"2025-05-29T12:48:27","slug":"acquistare-online-i-pellet-4f-mph","status":"publish","type":"product","link":"https:\/\/chemsxpress.com\/it\/prodotto\/acquistare-online-i-pellet-4f-mph\/","title":{"rendered":"4F-MPH pellet 25 mg"},"content":{"rendered":"<div id=\"tw-target-text\" class=\"tw-data-text tw-text-large tw-ta\" dir=\"ltr\" data-placeholder=\"Vertaling\">\n<h1>Acquistare online i pellet 4F-MPH.<\/h1>\n<p>&nbsp;<\/p>\n<\/div>\n<div class=\"tw-data-text tw-text-large tw-ta\" dir=\"ltr\" data-placeholder=\"Vertaling\"><span class=\"Y2IQFc\" lang=\"en\">Acquistare online i pellet 4F-MPH, una sostanza chimica di ricerca appartenente alla classe dei fluorurati.\u00a0<\/span><\/div>\n<div class=\"tw-data-text tw-text-large tw-ta\" dir=\"ltr\" data-placeholder=\"Vertaling\"><\/div>\n<div class=\"tw-data-text tw-text-large tw-ta\" dir=\"ltr\" data-placeholder=\"Vertaling\"><span class=\"Y2IQFc\" lang=\"en\"><strong>Informazioni importanti per l'acquisto di 4F-MPH<\/strong><\/span><\/div>\n<div class=\"tw-data-text tw-text-large tw-ta\" dir=\"ltr\" data-placeholder=\"Vertaling\"><span class=\"Y2IQFc\" lang=\"en\">- In vendita solo a scopo di ricerca<\/span><\/div>\n<div class=\"tw-data-text tw-text-large tw-ta\" dir=\"ltr\" data-placeholder=\"Vertaling\"><span class=\"Y2IQFc\" lang=\"en\">- Impedire il rilascio di <a href=\"https:\/\/chemsxpress.com\/it\/categoria-di-prodotto\/ricerca-chimica\/\">Prodotti chimici per la ricerca<\/a> nell'ambiente<\/span><\/div>\n<div class=\"tw-data-text tw-text-large tw-ta\" dir=\"ltr\" data-placeholder=\"Vertaling\"><\/div>\n<div class=\"tw-data-text tw-text-large tw-ta\" dir=\"ltr\" data-placeholder=\"Vertaling\"><span class=\"Y2IQFc\" lang=\"en\"><strong>Avvertenze 4F-MPH<\/strong><\/span><\/div>\n<div class=\"tw-data-text tw-text-large tw-ta\" dir=\"ltr\" data-placeholder=\"Vertaling\"><span class=\"Y2IQFc\" lang=\"en\">- 4F-MPH pu\u00f2 causare irritazione respiratoria<\/span><\/div>\n<div class=\"tw-data-text tw-text-large tw-ta\" dir=\"ltr\" data-placeholder=\"Vertaling\"><span class=\"Y2IQFc\" lang=\"en\">- Il 4F-MPH pu\u00f2 causare irritazione agli occhi.<\/span><\/div>\n<div class=\"tw-data-text tw-text-large tw-ta\" dir=\"ltr\" data-placeholder=\"Vertaling\"><\/div>\n<div class=\"tw-data-text tw-text-large tw-ta\" dir=\"ltr\" data-placeholder=\"Vertaling\"><span class=\"Y2IQFc\" lang=\"en\"><strong>Qual \u00e8 il modo migliore per conservare 4F-MPH?<\/strong><\/span><\/div>\n<div class=\"tw-data-text tw-text-large tw-ta\" dir=\"ltr\" data-placeholder=\"Vertaling\"><span class=\"Y2IQFc\" lang=\"en\">Il modo migliore per conservare il 4F-MPH \u00e8 conservarlo in un luogo fresco e asciutto. Tenere il 4F-MPH lontano da fonti di calore e fiamme libere. Se conservato correttamente, Research Chemicals pu\u00f2 essere conservato per almeno 1 o 2 anni. Ordinate 4F-MPH online. Consegna semplice, discreta e veloce. Spediamo 4F-MPH gratuitamente. Ordinato prima delle 16:00 = consegnato domani.<\/span><\/div>\n<div dir=\"ltr\" data-placeholder=\"Vertaling\">\n<h1>Dove acquistare i pellet 4F-MPH?<\/h1>\n<\/div>\n<div dir=\"ltr\" data-placeholder=\"Vertaling\">\n<p>A <a href=\"https:\/\/chemsxpress.com\/it\/\">ChemsXpress<\/a>offriamo pellet 4F-MPH, una potente sostanza chimica di ricerca nota per i suoi effetti stimolanti. I nostri pellet 4F-MPH sono meticolosamente sintetizzati e sottoposti a rigorose misure di controllo della qualit\u00e0 per garantire purezza e potenza.<\/p>\n<p>I ricercatori interessati a studiare gli effetti farmacologici e le potenziali applicazioni terapeutiche del 4F-MPH possono affidarsi a ChemsXpress per la fornitura di prodotti chimici di ricerca di alta qualit\u00e0. Il nostro impegno nel garantire la qualit\u00e0 assicura che i ricercatori ricevano prodotti affidabili per le loro indagini scientifiche.<\/p>\n<p>\u00c8 importante notare che i pellet 4F-MPH sono destinati esclusivamente alla ricerca e non al consumo umano. I ricercatori devono maneggiare questo composto con cura e attenersi a tutti i protocolli di sicurezza e alle normative legali pertinenti.<\/p>\n<p>ChemsXpress si impegna a sostenere la ricerca scientifica e l'innovazione fornendo ai ricercatori l'accesso a prodotti chimici per la ricerca di alta qualit\u00e0. Esplorate il nostro catalogo di prodotti chimici per la ricerca, compresi i pellet 4F-MPH, e intraprendete il vostro viaggio di ricerca con fiducia.<\/p>\n<\/div>","protected":false},"excerpt":{"rendered":"<p><strong>Nome IUPAC:<\/strong><\/p>\n<p><strong>CAS # <\/strong>1354631-33-6<\/p>\n<p><strong>Altro nome: <\/strong>4-Fluorometilfenidato<\/p>\n<p><strong>Aspetto: <\/strong>Rosa<\/p>\n<p><strong>Forma: <\/strong>Pellet<\/p>\n<p><strong>Analisi NMR: <\/strong>C14H18FNO2<\/p>","protected":false},"featured_media":29004,"comment_status":"open","ping_status":"closed","template":"","meta":[],"product_brand":[],"product_cat":[83],"product_tag":[],"class_list":{"0":"post-28937","1":"product","2":"type-product","3":"status-publish","4":"has-post-thumbnail","6":"product_cat-pellets","8":"first","9":"instock","10":"shipping-taxable","11":"purchasable","12":"product-type-variable"},"yoast_head":"<!-- This site is optimized with the Yoast SEO Premium plugin v24.1 (Yoast SEO v27.4) - https:\/\/yoast.com\/product\/yoast-seo-premium-wordpress\/ -->\n<title>Buy 4F-MPH Pellets Online: Premium Quality RC&#039;s | ChemsXpress<\/title>\n<meta name=\"description\" content=\"Discover 4F-MPH pellets at ChemsXpress. Premium research chemicals, fast shipping. Trust our quality assurance for all your research needs\" \/>\n<meta name=\"robots\" content=\"index, follow, max-snippet:-1, max-image-preview:large, max-video-preview:-1\" \/>\n<link rel=\"canonical\" href=\"https:\/\/chemsxpress.com\/it\/prodotto\/acquistare-online-i-pellet-4f-mph\/\" \/>\n<meta property=\"og:locale\" content=\"it_IT\" \/>\n<meta property=\"og:type\" content=\"article\" \/>\n<meta property=\"og:title\" content=\"4F-MPH pellets 25mg\" \/>\n<meta property=\"og:description\" content=\"Discover 4F-MPH pellets at ChemsXpress. Premium research chemicals, fast shipping. Trust our quality assurance for all your research needs\" \/>\n<meta property=\"og:url\" content=\"https:\/\/chemsxpress.com\/it\/prodotto\/acquistare-online-i-pellet-4f-mph\/\" \/>\n<meta property=\"og:site_name\" content=\"SHOP MDPHP\" \/>\n<meta property=\"article:modified_time\" content=\"2025-05-29T12:48:27+00:00\" \/>\n<meta property=\"og:image\" content=\"https:\/\/chemsxpress.com\/wp-content\/uploads\/2024\/04\/4F-MPH-pellets-25mg.jpg\" \/>\n\t<meta property=\"og:image:width\" content=\"600\" \/>\n\t<meta property=\"og:image:height\" content=\"600\" \/>\n\t<meta property=\"og:image:type\" content=\"image\/jpeg\" \/>\n<meta name=\"twitter:card\" content=\"summary_large_image\" \/>\n<meta name=\"twitter:label1\" content=\"Tempo di lettura stimato\" \/>\n\t<meta name=\"twitter:data1\" content=\"2 minuti\" \/>\n<script type=\"application\/ld+json\" class=\"yoast-schema-graph\">{\"@context\":\"https:\\\/\\\/schema.org\",\"@graph\":[{\"@type\":\"WebPage\",\"@id\":\"https:\\\/\\\/chemsxpress.com\\\/product\\\/buy-4f-mph-pellets-online\\\/\",\"url\":\"https:\\\/\\\/chemsxpress.com\\\/product\\\/buy-4f-mph-pellets-online\\\/\",\"name\":\"Buy 4F-MPH Pellets Online: Premium Quality RC's | ChemsXpress\",\"isPartOf\":{\"@id\":\"https:\\\/\\\/chemsxpress.com\\\/#website\"},\"primaryImageOfPage\":{\"@id\":\"https:\\\/\\\/chemsxpress.com\\\/product\\\/buy-4f-mph-pellets-online\\\/#primaryimage\"},\"image\":{\"@id\":\"https:\\\/\\\/chemsxpress.com\\\/product\\\/buy-4f-mph-pellets-online\\\/#primaryimage\"},\"thumbnailUrl\":\"https:\\\/\\\/chemsxpress.com\\\/wp-content\\\/uploads\\\/2024\\\/04\\\/4F-MPH-pellets-25mg.jpg\",\"datePublished\":\"2024-04-29T13:19:34+00:00\",\"dateModified\":\"2025-05-29T12:48:27+00:00\",\"description\":\"Discover 4F-MPH pellets at ChemsXpress. Premium research chemicals, fast shipping. Trust our quality assurance for all your research needs\",\"breadcrumb\":{\"@id\":\"https:\\\/\\\/chemsxpress.com\\\/product\\\/buy-4f-mph-pellets-online\\\/#breadcrumb\"},\"inLanguage\":\"it-IT\",\"potentialAction\":[{\"@type\":\"ReadAction\",\"target\":[\"https:\\\/\\\/chemsxpress.com\\\/product\\\/buy-4f-mph-pellets-online\\\/\"]}]},{\"@type\":\"ImageObject\",\"inLanguage\":\"it-IT\",\"@id\":\"https:\\\/\\\/chemsxpress.com\\\/product\\\/buy-4f-mph-pellets-online\\\/#primaryimage\",\"url\":\"https:\\\/\\\/chemsxpress.com\\\/wp-content\\\/uploads\\\/2024\\\/04\\\/4F-MPH-pellets-25mg.jpg\",\"contentUrl\":\"https:\\\/\\\/chemsxpress.com\\\/wp-content\\\/uploads\\\/2024\\\/04\\\/4F-MPH-pellets-25mg.jpg\",\"width\":600,\"height\":600,\"caption\":\"Buy 4F-MPH pellets online\"},{\"@type\":\"BreadcrumbList\",\"@id\":\"https:\\\/\\\/chemsxpress.com\\\/product\\\/buy-4f-mph-pellets-online\\\/#breadcrumb\",\"itemListElement\":[{\"@type\":\"ListItem\",\"position\":1,\"name\":\"Home\",\"item\":\"https:\\\/\\\/chemsxpress.com\\\/\"},{\"@type\":\"ListItem\",\"position\":2,\"name\":\"Shop\",\"item\":\"https:\\\/\\\/chemsxpress.com\\\/shop\\\/\"},{\"@type\":\"ListItem\",\"position\":3,\"name\":\"4F-MPH pellets 25mg\"}]},{\"@type\":\"WebSite\",\"@id\":\"https:\\\/\\\/chemsxpress.com\\\/#website\",\"url\":\"https:\\\/\\\/chemsxpress.com\\\/\",\"name\":\"SHOP MDPHP\",\"description\":\"Buy MDPHP freebase from reliable supplier\",\"potentialAction\":[{\"@type\":\"SearchAction\",\"target\":{\"@type\":\"EntryPoint\",\"urlTemplate\":\"https:\\\/\\\/chemsxpress.com\\\/?s={search_term_string}\"},\"query-input\":{\"@type\":\"PropertyValueSpecification\",\"valueRequired\":true,\"valueName\":\"search_term_string\"}}],\"inLanguage\":\"it-IT\"}]}<\/script>\n<!-- \/ Yoast SEO Premium plugin. -->","yoast_head_json":{"title":"Acquista pellet 4F-MPH: RC di qualit\u00e0 premium | ChemsXpress","description":"Scoprite la 4-MPD su ChemsXpress. Prodotti chimici per la ricerca di qualit\u00e0 superiore, spedizione rapida. Affidatevi alla nostra garanzia di qualit\u00e0 per tutte le vostre esigenze di ricerca. Ordina ora","robots":{"index":"index","follow":"follow","max-snippet":"max-snippet:-1","max-image-preview":"max-image-preview:large","max-video-preview":"max-video-preview:-1"},"canonical":"https:\/\/chemsxpress.com\/it\/prodotto\/acquistare-online-i-pellet-4f-mph\/","og_locale":"it_IT","og_type":"article","og_title":"4F-MPH pellets 25mg","og_description":"Discover 4F-MPH pellets at ChemsXpress. Premium research chemicals, fast shipping. Trust our quality assurance for all your research needs","og_url":"https:\/\/chemsxpress.com\/it\/prodotto\/acquistare-online-i-pellet-4f-mph\/","og_site_name":"SHOP MDPHP","article_modified_time":"2025-05-29T12:48:27+00:00","og_image":[{"width":600,"height":600,"url":"https:\/\/chemsxpress.com\/wp-content\/uploads\/2024\/04\/4F-MPH-pellets-25mg.jpg","type":"image\/jpeg"}],"twitter_card":"summary_large_image","twitter_misc":{"Tempo di lettura stimato":"2 minuti"},"schema":{"@context":"https:\/\/schema.org","@graph":[{"@type":"WebPage","@id":"https:\/\/chemsxpress.com\/product\/buy-4f-mph-pellets-online\/","url":"https:\/\/chemsxpress.com\/product\/buy-4f-mph-pellets-online\/","name":"Acquista pellet 4F-MPH: RC di qualit\u00e0 premium | ChemsXpress","isPartOf":{"@id":"https:\/\/chemsxpress.com\/#website"},"primaryImageOfPage":{"@id":"https:\/\/chemsxpress.com\/product\/buy-4f-mph-pellets-online\/#primaryimage"},"image":{"@id":"https:\/\/chemsxpress.com\/product\/buy-4f-mph-pellets-online\/#primaryimage"},"thumbnailUrl":"https:\/\/chemsxpress.com\/wp-content\/uploads\/2024\/04\/4F-MPH-pellets-25mg.jpg","datePublished":"2024-04-29T13:19:34+00:00","dateModified":"2025-05-29T12:48:27+00:00","description":"Scoprite la 4-MPD su ChemsXpress. Prodotti chimici per la ricerca di qualit\u00e0 superiore, spedizione rapida. Affidatevi alla nostra garanzia di qualit\u00e0 per tutte le vostre esigenze di ricerca. Ordina ora","breadcrumb":{"@id":"https:\/\/chemsxpress.com\/product\/buy-4f-mph-pellets-online\/#breadcrumb"},"inLanguage":"it-IT","potentialAction":[{"@type":"ReadAction","target":["https:\/\/chemsxpress.com\/product\/buy-4f-mph-pellets-online\/"]}]},{"@type":"ImageObject","inLanguage":"it-IT","@id":"https:\/\/chemsxpress.com\/product\/buy-4f-mph-pellets-online\/#primaryimage","url":"https:\/\/chemsxpress.com\/wp-content\/uploads\/2024\/04\/4F-MPH-pellets-25mg.jpg","contentUrl":"https:\/\/chemsxpress.com\/wp-content\/uploads\/2024\/04\/4F-MPH-pellets-25mg.jpg","width":600,"height":600,"caption":"Buy 4F-MPH pellets online"},{"@type":"BreadcrumbList","@id":"https:\/\/chemsxpress.com\/product\/buy-4f-mph-pellets-online\/#breadcrumb","itemListElement":[{"@type":"ListItem","position":1,"name":"Home","item":"https:\/\/chemsxpress.com\/"},{"@type":"ListItem","position":2,"name":"Shop","item":"https:\/\/chemsxpress.com\/shop\/"},{"@type":"ListItem","position":3,"name":"4F-MPH pellets 25mg"}]},{"@type":"WebSite","@id":"https:\/\/chemsxpress.com\/#website","url":"https:\/\/chemsxpress.com\/","name":"NEGOZIO MDP","description":"Acquistare MDPHP freebase da un fornitore affidabile","potentialAction":[{"@type":"SearchAction","target":{"@type":"EntryPoint","urlTemplate":"https:\/\/chemsxpress.com\/?s={search_term_string}"},"query-input":{"@type":"PropertyValueSpecification","valueRequired":true,"valueName":"search_term_string"}}],"inLanguage":"it-IT"}]}},"jetpack_sharing_enabled":true,"_links":{"self":[{"href":"https:\/\/chemsxpress.com\/it\/wp-json\/wp\/v2\/product\/28937","targetHints":{"allow":["GET"]}}],"collection":[{"href":"https:\/\/chemsxpress.com\/it\/wp-json\/wp\/v2\/product"}],"about":[{"href":"https:\/\/chemsxpress.com\/it\/wp-json\/wp\/v2\/types\/product"}],"replies":[{"embeddable":true,"href":"https:\/\/chemsxpress.com\/it\/wp-json\/wp\/v2\/comments?post=28937"}],"version-history":[{"count":4,"href":"https:\/\/chemsxpress.com\/it\/wp-json\/wp\/v2\/product\/28937\/revisions"}],"predecessor-version":[{"id":30008,"href":"https:\/\/chemsxpress.com\/it\/wp-json\/wp\/v2\/product\/28937\/revisions\/30008"}],"wp:featuredmedia":[{"embeddable":true,"href":"https:\/\/chemsxpress.com\/it\/wp-json\/wp\/v2\/media\/29004"}],"wp:attachment":[{"href":"https:\/\/chemsxpress.com\/it\/wp-json\/wp\/v2\/media?parent=28937"}],"wp:term":[{"taxonomy":"product_brand","embeddable":true,"href":"https:\/\/chemsxpress.com\/it\/wp-json\/wp\/v2\/product_brand?post=28937"},{"taxonomy":"product_cat","embeddable":true,"href":"https:\/\/chemsxpress.com\/it\/wp-json\/wp\/v2\/product_cat?post=28937"},{"taxonomy":"product_tag","embeddable":true,"href":"https:\/\/chemsxpress.com\/it\/wp-json\/wp\/v2\/product_tag?post=28937"}],"curies":[{"name":"wp","href":"https:\/\/api.w.org\/{rel}","templated":true}]}}