{"id":28941,"date":"2024-04-29T13:19:34","date_gmt":"2024-04-29T13:19:34","guid":{"rendered":"https:\/\/chemsxpress.com\/?post_type=product&#038;p=28941"},"modified":"2024-07-04T22:11:07","modified_gmt":"2024-07-04T22:11:07","slug":"acquistare-4-ho-mipt-online","status":"publish","type":"product","link":"https:\/\/chemsxpress.com\/it\/prodotto\/acquistare-4-ho-mipt-online\/","title":{"rendered":"4-HO-MIPT pellet 20 mg"},"content":{"rendered":"<h1>Acquistare 4-HO-MiPT online<\/h1>\n<p>Acquistare 4-HO-MiPT online, 4-HO-MiPT \u00e8 l'abbreviazione di 4-idrossi-N-metil-N-isopropiltriptamina. Questa sostanza rientra nella classe delle triptamine. \u00c8 molto simile alla psilocina, che \u00e8 l'ingrediente attivo dei funghi magici. Come la psilocina, il 4-HO-MiPT \u00e8 noto per produrre risultati psichedelici durante gli esperimenti di ricerca in laboratorio.<\/p>\n<p>La 4-HO-MiPT sta aumentando la sua popolarit\u00e0 e sta diventando una delle triptamine sintetiche pi\u00f9 comuni utilizzate da <a href=\"https:\/\/chemsxpress.com\/it\/categoria-di-prodotto\/ricerca-chimica\/\">ricercatori chimici<\/a>.<\/p>\n<p>&nbsp;<\/p>\n<h2><strong>Dove acquistare 4-HO-MiPT online?<\/strong><\/h2>\n<p>Vendiamo 4-HO-MiPT di alta qualit\u00e0 qui a <a href=\"https:\/\/chemsxpress.com\/it\/\">ChemsXpress<\/a>. Offriamo questa sostanza chimica per la ricerca in forma di polvere di hcl o fumarato, perfetta per gli esperimenti di laboratorio. Tuttavia, se si preferisce una forma diversa, \u00e8 possibile contattarci per verificare la disponibilit\u00e0 di un'altra forma.<\/p>\n<p>Per acquistare il nostro 4-HO-MiPT \u00e8 necessario avere almeno 18 anni. Inoltre, dovete essere in piena conformit\u00e0 con le leggi del vostro paese. Il nostro 4-HO-MiPT non \u00e8 destinato all'uso umano o animale. \u00c8 solo per scopi di ricerca.<\/p>\n<p>&nbsp;<\/p>\n<h2><strong>4-HO-MiPT Legalit\u00e0<\/strong><\/h2>\n<p>Il 4-HO-MiPT \u00e8 illegale in Brasile e in Svezia. Nel Regno Unito \u00e8 classificata come droga di Classe A. Negli Stati Uniti non \u00e8 classificata. Tuttavia, \u00e8 spesso considerata un analogo della psilocina. Pertanto, le persone che possiedono o vendono il 4-HO-MiPT potrebbero essere perseguite ai sensi della legge federale sull'analogo.<\/p>\n<p><strong>Misure sperimentali<\/strong>: Come per la maggior parte dei 4-idrossi, \u00e8 necessario assicurarsi che il proprio laboratorio disponga di scale milligrammi funzionali o della capacit\u00e0 di quantificazione volumetrica. Questo \u00e8 particolarmente importante con il 4-AcO-MiPT, poich\u00e9 i livelli di reattivit\u00e0 partono da 5 mg.<\/p>","protected":false},"excerpt":{"rendered":"<p><strong>IUPAC-Name: <\/strong>3-(2-[Isopropyl (methyl) amino]ethyl)-1H-indol-4-ol<\/p>\n<p><strong>Other name: <\/strong>4-hydroxy-N-methyl-N-isopropyltryptamine<\/p>\n<p><strong>Form: <\/strong>pellets<\/p>\n<p><strong>NMR Analysis: <\/strong>N\/A<\/p>\n","protected":false},"featured_media":29022,"comment_status":"open","ping_status":"closed","template":"","meta":[],"product_brand":[],"product_cat":[83],"product_tag":[],"class_list":{"0":"post-28941","1":"product","2":"type-product","3":"status-publish","4":"has-post-thumbnail","6":"product_cat-pellets","8":"first","9":"instock","10":"shipping-taxable","11":"purchasable","12":"product-type-variable"},"yoast_head":"<!-- This site is optimized with the Yoast SEO Premium plugin v24.1 (Yoast SEO v27.4) - https:\/\/yoast.com\/product\/yoast-seo-premium-wordpress\/ -->\n<title>Buy 4-HO-MiPT Online: Premium Quality RC&#039;s | ChemsXpress<\/title>\n<meta name=\"description\" content=\"Buy 4-HO-MiPT Online at ChemsXpress. Premium research chemicals, fast shipping. Trust our quality assurance for all your research needs.\" \/>\n<meta name=\"robots\" content=\"index, follow, max-snippet:-1, max-image-preview:large, max-video-preview:-1\" \/>\n<link rel=\"canonical\" href=\"https:\/\/chemsxpress.com\/it\/prodotto\/acquistare-4-ho-mipt-online\/\" \/>\n<meta property=\"og:locale\" content=\"it_IT\" \/>\n<meta property=\"og:type\" content=\"article\" \/>\n<meta property=\"og:title\" content=\"4-HO-MIPT pellets 20mg\" \/>\n<meta property=\"og:description\" content=\"Buy 4-HO-MiPT Online at ChemsXpress. Premium research chemicals, fast shipping. Trust our quality assurance for all your research needs.\" \/>\n<meta property=\"og:url\" content=\"https:\/\/chemsxpress.com\/it\/prodotto\/acquistare-4-ho-mipt-online\/\" \/>\n<meta property=\"og:site_name\" content=\"SHOP MDPHP\" \/>\n<meta property=\"article:modified_time\" content=\"2024-07-04T22:11:07+00:00\" \/>\n<meta property=\"og:image\" content=\"https:\/\/chemsxpress.com\/wp-content\/uploads\/2024\/04\/4-HO-MIPT-pellets-20mg.jpg\" \/>\n\t<meta property=\"og:image:width\" content=\"600\" \/>\n\t<meta property=\"og:image:height\" content=\"600\" \/>\n\t<meta property=\"og:image:type\" content=\"image\/jpeg\" \/>\n<meta name=\"twitter:card\" content=\"summary_large_image\" \/>\n<meta name=\"twitter:label1\" content=\"Tempo di lettura stimato\" \/>\n\t<meta name=\"twitter:data1\" content=\"2 minuti\" \/>\n<script type=\"application\/ld+json\" class=\"yoast-schema-graph\">{\"@context\":\"https:\\\/\\\/schema.org\",\"@graph\":[{\"@type\":\"WebPage\",\"@id\":\"https:\\\/\\\/chemsxpress.com\\\/product\\\/buy-4-ho-mipt-online\\\/\",\"url\":\"https:\\\/\\\/chemsxpress.com\\\/product\\\/buy-4-ho-mipt-online\\\/\",\"name\":\"Buy 4-HO-MiPT Online: Premium Quality RC's | ChemsXpress\",\"isPartOf\":{\"@id\":\"https:\\\/\\\/chemsxpress.com\\\/#website\"},\"primaryImageOfPage\":{\"@id\":\"https:\\\/\\\/chemsxpress.com\\\/product\\\/buy-4-ho-mipt-online\\\/#primaryimage\"},\"image\":{\"@id\":\"https:\\\/\\\/chemsxpress.com\\\/product\\\/buy-4-ho-mipt-online\\\/#primaryimage\"},\"thumbnailUrl\":\"https:\\\/\\\/chemsxpress.com\\\/wp-content\\\/uploads\\\/2024\\\/04\\\/4-HO-MIPT-pellets-20mg.jpg\",\"datePublished\":\"2024-04-29T13:19:34+00:00\",\"dateModified\":\"2024-07-04T22:11:07+00:00\",\"description\":\"Buy 4-HO-MiPT Online at ChemsXpress. Premium research chemicals, fast shipping. Trust our quality assurance for all your research needs.\",\"breadcrumb\":{\"@id\":\"https:\\\/\\\/chemsxpress.com\\\/product\\\/buy-4-ho-mipt-online\\\/#breadcrumb\"},\"inLanguage\":\"it-IT\",\"potentialAction\":[{\"@type\":\"ReadAction\",\"target\":[\"https:\\\/\\\/chemsxpress.com\\\/product\\\/buy-4-ho-mipt-online\\\/\"]}]},{\"@type\":\"ImageObject\",\"inLanguage\":\"it-IT\",\"@id\":\"https:\\\/\\\/chemsxpress.com\\\/product\\\/buy-4-ho-mipt-online\\\/#primaryimage\",\"url\":\"https:\\\/\\\/chemsxpress.com\\\/wp-content\\\/uploads\\\/2024\\\/04\\\/4-HO-MIPT-pellets-20mg.jpg\",\"contentUrl\":\"https:\\\/\\\/chemsxpress.com\\\/wp-content\\\/uploads\\\/2024\\\/04\\\/4-HO-MIPT-pellets-20mg.jpg\",\"width\":600,\"height\":600,\"caption\":\"Buy 4-HO-MiPT Online\"},{\"@type\":\"BreadcrumbList\",\"@id\":\"https:\\\/\\\/chemsxpress.com\\\/product\\\/buy-4-ho-mipt-online\\\/#breadcrumb\",\"itemListElement\":[{\"@type\":\"ListItem\",\"position\":1,\"name\":\"Home\",\"item\":\"https:\\\/\\\/chemsxpress.com\\\/\"},{\"@type\":\"ListItem\",\"position\":2,\"name\":\"Shop\",\"item\":\"https:\\\/\\\/chemsxpress.com\\\/shop\\\/\"},{\"@type\":\"ListItem\",\"position\":3,\"name\":\"4-HO-MIPT pellets 20mg\"}]},{\"@type\":\"WebSite\",\"@id\":\"https:\\\/\\\/chemsxpress.com\\\/#website\",\"url\":\"https:\\\/\\\/chemsxpress.com\\\/\",\"name\":\"SHOP MDPHP\",\"description\":\"Buy MDPHP freebase from reliable supplier\",\"potentialAction\":[{\"@type\":\"SearchAction\",\"target\":{\"@type\":\"EntryPoint\",\"urlTemplate\":\"https:\\\/\\\/chemsxpress.com\\\/?s={search_term_string}\"},\"query-input\":{\"@type\":\"PropertyValueSpecification\",\"valueRequired\":true,\"valueName\":\"search_term_string\"}}],\"inLanguage\":\"it-IT\"}]}<\/script>\n<!-- \/ Yoast SEO Premium plugin. -->","yoast_head_json":{"title":"Acquista 4-HO-MiPT online: RC di qualit\u00e0 premium | ChemsXpress","description":"Acquista il cristallo 4F PHP online: su ChemsXpress. Prodotti chimici per la ricerca di alta qualit\u00e0, spedizione veloce. Affidatevi alla nostra garanzia di qualit\u00e0 per tutte le vostre esigenze di ricerca. Ordina ora.","robots":{"index":"index","follow":"follow","max-snippet":"max-snippet:-1","max-image-preview":"max-image-preview:large","max-video-preview":"max-video-preview:-1"},"canonical":"https:\/\/chemsxpress.com\/it\/prodotto\/acquistare-4-ho-mipt-online\/","og_locale":"it_IT","og_type":"article","og_title":"4-HO-MIPT pellets 20mg","og_description":"Buy 4-HO-MiPT Online at ChemsXpress. Premium research chemicals, fast shipping. Trust our quality assurance for all your research needs.","og_url":"https:\/\/chemsxpress.com\/it\/prodotto\/acquistare-4-ho-mipt-online\/","og_site_name":"SHOP MDPHP","article_modified_time":"2024-07-04T22:11:07+00:00","og_image":[{"width":600,"height":600,"url":"https:\/\/chemsxpress.com\/wp-content\/uploads\/2024\/04\/4-HO-MIPT-pellets-20mg.jpg","type":"image\/jpeg"}],"twitter_card":"summary_large_image","twitter_misc":{"Tempo di lettura stimato":"2 minuti"},"schema":{"@context":"https:\/\/schema.org","@graph":[{"@type":"WebPage","@id":"https:\/\/chemsxpress.com\/product\/buy-4-ho-mipt-online\/","url":"https:\/\/chemsxpress.com\/product\/buy-4-ho-mipt-online\/","name":"Acquista 4-HO-MiPT online: RC di qualit\u00e0 premium | ChemsXpress","isPartOf":{"@id":"https:\/\/chemsxpress.com\/#website"},"primaryImageOfPage":{"@id":"https:\/\/chemsxpress.com\/product\/buy-4-ho-mipt-online\/#primaryimage"},"image":{"@id":"https:\/\/chemsxpress.com\/product\/buy-4-ho-mipt-online\/#primaryimage"},"thumbnailUrl":"https:\/\/chemsxpress.com\/wp-content\/uploads\/2024\/04\/4-HO-MIPT-pellets-20mg.jpg","datePublished":"2024-04-29T13:19:34+00:00","dateModified":"2024-07-04T22:11:07+00:00","description":"Acquista il cristallo 4F PHP online: su ChemsXpress. Prodotti chimici per la ricerca di alta qualit\u00e0, spedizione veloce. Affidatevi alla nostra garanzia di qualit\u00e0 per tutte le vostre esigenze di ricerca. Ordina ora.","breadcrumb":{"@id":"https:\/\/chemsxpress.com\/product\/buy-4-ho-mipt-online\/#breadcrumb"},"inLanguage":"it-IT","potentialAction":[{"@type":"ReadAction","target":["https:\/\/chemsxpress.com\/product\/buy-4-ho-mipt-online\/"]}]},{"@type":"ImageObject","inLanguage":"it-IT","@id":"https:\/\/chemsxpress.com\/product\/buy-4-ho-mipt-online\/#primaryimage","url":"https:\/\/chemsxpress.com\/wp-content\/uploads\/2024\/04\/4-HO-MIPT-pellets-20mg.jpg","contentUrl":"https:\/\/chemsxpress.com\/wp-content\/uploads\/2024\/04\/4-HO-MIPT-pellets-20mg.jpg","width":600,"height":600,"caption":"Buy 4-HO-MiPT Online"},{"@type":"BreadcrumbList","@id":"https:\/\/chemsxpress.com\/product\/buy-4-ho-mipt-online\/#breadcrumb","itemListElement":[{"@type":"ListItem","position":1,"name":"Home","item":"https:\/\/chemsxpress.com\/"},{"@type":"ListItem","position":2,"name":"Shop","item":"https:\/\/chemsxpress.com\/shop\/"},{"@type":"ListItem","position":3,"name":"4-HO-MIPT pellets 20mg"}]},{"@type":"WebSite","@id":"https:\/\/chemsxpress.com\/#website","url":"https:\/\/chemsxpress.com\/","name":"NEGOZIO MDP","description":"Acquistare MDPHP freebase da un fornitore affidabile","potentialAction":[{"@type":"SearchAction","target":{"@type":"EntryPoint","urlTemplate":"https:\/\/chemsxpress.com\/?s={search_term_string}"},"query-input":{"@type":"PropertyValueSpecification","valueRequired":true,"valueName":"search_term_string"}}],"inLanguage":"it-IT"}]}},"jetpack_sharing_enabled":true,"_links":{"self":[{"href":"https:\/\/chemsxpress.com\/it\/wp-json\/wp\/v2\/product\/28941","targetHints":{"allow":["GET"]}}],"collection":[{"href":"https:\/\/chemsxpress.com\/it\/wp-json\/wp\/v2\/product"}],"about":[{"href":"https:\/\/chemsxpress.com\/it\/wp-json\/wp\/v2\/types\/product"}],"replies":[{"embeddable":true,"href":"https:\/\/chemsxpress.com\/it\/wp-json\/wp\/v2\/comments?post=28941"}],"version-history":[{"count":4,"href":"https:\/\/chemsxpress.com\/it\/wp-json\/wp\/v2\/product\/28941\/revisions"}],"predecessor-version":[{"id":30012,"href":"https:\/\/chemsxpress.com\/it\/wp-json\/wp\/v2\/product\/28941\/revisions\/30012"}],"wp:featuredmedia":[{"embeddable":true,"href":"https:\/\/chemsxpress.com\/it\/wp-json\/wp\/v2\/media\/29022"}],"wp:attachment":[{"href":"https:\/\/chemsxpress.com\/it\/wp-json\/wp\/v2\/media?parent=28941"}],"wp:term":[{"taxonomy":"product_brand","embeddable":true,"href":"https:\/\/chemsxpress.com\/it\/wp-json\/wp\/v2\/product_brand?post=28941"},{"taxonomy":"product_cat","embeddable":true,"href":"https:\/\/chemsxpress.com\/it\/wp-json\/wp\/v2\/product_cat?post=28941"},{"taxonomy":"product_tag","embeddable":true,"href":"https:\/\/chemsxpress.com\/it\/wp-json\/wp\/v2\/product_tag?post=28941"}],"curies":[{"name":"wp","href":"https:\/\/api.w.org\/{rel}","templated":true}]}}