{"id":28943,"date":"2024-04-29T13:19:34","date_gmt":"2024-04-29T13:19:34","guid":{"rendered":"https:\/\/chemsxpress.com\/?post_type=product&#038;p=28943"},"modified":"2024-07-04T22:15:50","modified_gmt":"2024-07-04T22:15:50","slug":"acquistare-2c-b-fly","status":"publish","type":"product","link":"https:\/\/chemsxpress.com\/it\/prodotto\/acquistare-2c-b-fly\/","title":{"rendered":"2C-B-FLY pellet 10 mg"},"content":{"rendered":"<h1>Comprare 2C-B-FLY<\/h1>\n<p>L'acquisto di 2C-B-FLY \u00e8 una sostanza chimica di ricerca e deve essere utilizzata solo a questo scopo. Tuttavia, il 2C-B-FLY pu\u00f2 anche avere effetti sul corpo quando viene consumato. Si noti che questi effetti non sono solo positivi e che c'\u00e8 un motivo per cui il 2C-B-FLY deve essere usato solo per scopi scientifici. In questa sede ne discuteremo gli effetti per assicurarci che la si usi solo per gli scopi giusti.<br \/>\nFuncaps vende solo 2C-B-FLY. \u00c8 possibile acquistare 2C-B-FLY su ChemsXpress. Garantiamo l'alta qualit\u00e0, in modo che possiate utilizzarlo per scopi di ricerca e non per uso consumistico.<\/p>\n<h2>Dove acquistare 2C-B-FLY?<\/h2>\n<p>A <a href=\"https:\/\/chemsxpress.com\/it\/\">ChemsXpress<\/a>offriamo 2C-B-FLY, un composto psichedelico sintetico noto per i suoi effetti simili a quelli della 2C-B. Il nostro 2C-B-FLY \u00e8 sintetizzato con tecniche avanzate per garantire purezza e potenza, rendendolo adatto a scopi di ricerca.<\/p>\n<p>Come membro della classe dei composti fenetilaminici, la 2C-B-FLY \u00e8 nota per i suoi effetti psichedelici, tra cui alterazioni della percezione, dell'umore e della coscienza. I ricercatori interessati a studiare gli effetti farmacologici e le potenziali applicazioni terapeutiche di <a href=\"https:\/\/chemsxpress.com\/it\/prodotto\/acquistare-o-pce-online\/\">2C-B-FLY<\/a> possono fidarsi di ChemsXpress per la fornitura di prodotti di alta qualit\u00e0 <a href=\"https:\/\/chemsxpress.com\/it\/categoria-di-prodotto\/ricerca-chimica\/\">ricerca chimica<\/a> per le loro indagini.<\/p>\n<p>\u00c8 importante notare che l'uso di 2C-B-FLY per il consumo umano non \u00e8 approvato dalle autorit\u00e0 di regolamentazione e i ricercatori devono maneggiarlo con cura e attenersi a rigorosi protocolli di sicurezza e regolamenti legali.<\/p>\n<p>ChemsXpress si impegna a sostenere la ricerca scientifica e l'innovazione fornendo ai ricercatori l'accesso a prodotti chimici per la ricerca di alta qualit\u00e0. Esplorate il nostro catalogo di prodotti chimici per la ricerca, tra cui 2C-B-FLY, e intraprendete il vostro viaggio di ricerca con fiducia.<\/p>","protected":false},"excerpt":{"rendered":"<p><strong>IUPAC-Name: <\/strong>2-(4-bromo-2,3,6,7-tetrahydrofuro[2,3-f][1]benzofuran-8-yl)ethanamine<\/p>\n<p><strong>CAS # <\/strong>733720-95-1<\/p>\n<p><strong>Other name: <\/strong>2-(4-bromo-2,3,6,7-tetrahydrofuro[2,3-f][1]benzofuran-8-yl)ethanamine<\/p>\n<p><strong>Appearance: <\/strong>10mg Pellets<\/p>\n<p><strong>Form: <\/strong>pellet<\/p>\n<p><strong>NMR Analysis: <\/strong>C12H14BrNO2<\/p>\n","protected":false},"featured_media":29026,"comment_status":"open","ping_status":"closed","template":"","meta":[],"product_brand":[],"product_cat":[83],"product_tag":[],"class_list":{"0":"post-28943","1":"product","2":"type-product","3":"status-publish","4":"has-post-thumbnail","6":"product_cat-pellets","8":"first","9":"instock","10":"shipping-taxable","11":"purchasable","12":"product-type-variable"},"yoast_head":"<!-- This site is optimized with the Yoast SEO Premium plugin v24.1 (Yoast SEO v27.5) - https:\/\/yoast.com\/product\/yoast-seo-premium-wordpress\/ -->\n<title>Buy 2C-B-FLY Online: Premium Quality RC&#039;s | ChemsXpress<\/title>\n<meta name=\"description\" content=\"Buy 2C-B-FLY at ChemsXpress. Premium research chemicals, fast shipping. Trust our quality assurance for all your research needs. Order now\" \/>\n<meta name=\"robots\" content=\"index, follow, max-snippet:-1, max-image-preview:large, max-video-preview:-1\" \/>\n<link rel=\"canonical\" href=\"https:\/\/chemsxpress.com\/it\/prodotto\/acquistare-2c-b-fly\/\" \/>\n<meta property=\"og:locale\" content=\"it_IT\" \/>\n<meta property=\"og:type\" content=\"article\" \/>\n<meta property=\"og:title\" content=\"2C-B-FLY pellets 10mg\" \/>\n<meta property=\"og:description\" content=\"Buy 2C-B-FLY at ChemsXpress. Premium research chemicals, fast shipping. Trust our quality assurance for all your research needs. Order now\" \/>\n<meta property=\"og:url\" content=\"https:\/\/chemsxpress.com\/it\/prodotto\/acquistare-2c-b-fly\/\" \/>\n<meta property=\"og:site_name\" content=\"SHOP MDPHP\" \/>\n<meta property=\"article:modified_time\" content=\"2024-07-04T22:15:50+00:00\" \/>\n<meta property=\"og:image\" content=\"https:\/\/chemsxpress.com\/wp-content\/uploads\/2024\/04\/2C-B-FLY-pellets-10mg.jpg\" \/>\n\t<meta property=\"og:image:width\" content=\"600\" \/>\n\t<meta property=\"og:image:height\" content=\"600\" \/>\n\t<meta property=\"og:image:type\" content=\"image\/jpeg\" \/>\n<meta name=\"twitter:card\" content=\"summary_large_image\" \/>\n<meta name=\"twitter:label1\" content=\"Tempo di lettura stimato\" \/>\n\t<meta name=\"twitter:data1\" content=\"2 minuti\" \/>\n<script type=\"application\/ld+json\" class=\"yoast-schema-graph\">{\"@context\":\"https:\\\/\\\/schema.org\",\"@graph\":[{\"@type\":\"WebPage\",\"@id\":\"https:\\\/\\\/chemsxpress.com\\\/product\\\/buy-2c-b-fly\\\/\",\"url\":\"https:\\\/\\\/chemsxpress.com\\\/product\\\/buy-2c-b-fly\\\/\",\"name\":\"Buy 2C-B-FLY Online: Premium Quality RC's | ChemsXpress\",\"isPartOf\":{\"@id\":\"https:\\\/\\\/chemsxpress.com\\\/#website\"},\"primaryImageOfPage\":{\"@id\":\"https:\\\/\\\/chemsxpress.com\\\/product\\\/buy-2c-b-fly\\\/#primaryimage\"},\"image\":{\"@id\":\"https:\\\/\\\/chemsxpress.com\\\/product\\\/buy-2c-b-fly\\\/#primaryimage\"},\"thumbnailUrl\":\"https:\\\/\\\/chemsxpress.com\\\/wp-content\\\/uploads\\\/2024\\\/04\\\/2C-B-FLY-pellets-10mg.jpg\",\"datePublished\":\"2024-04-29T13:19:34+00:00\",\"dateModified\":\"2024-07-04T22:15:50+00:00\",\"description\":\"Buy 2C-B-FLY at ChemsXpress. Premium research chemicals, fast shipping. Trust our quality assurance for all your research needs. Order now\",\"breadcrumb\":{\"@id\":\"https:\\\/\\\/chemsxpress.com\\\/product\\\/buy-2c-b-fly\\\/#breadcrumb\"},\"inLanguage\":\"it-IT\",\"potentialAction\":[{\"@type\":\"ReadAction\",\"target\":[\"https:\\\/\\\/chemsxpress.com\\\/product\\\/buy-2c-b-fly\\\/\"]}]},{\"@type\":\"ImageObject\",\"inLanguage\":\"it-IT\",\"@id\":\"https:\\\/\\\/chemsxpress.com\\\/product\\\/buy-2c-b-fly\\\/#primaryimage\",\"url\":\"https:\\\/\\\/chemsxpress.com\\\/wp-content\\\/uploads\\\/2024\\\/04\\\/2C-B-FLY-pellets-10mg.jpg\",\"contentUrl\":\"https:\\\/\\\/chemsxpress.com\\\/wp-content\\\/uploads\\\/2024\\\/04\\\/2C-B-FLY-pellets-10mg.jpg\",\"width\":600,\"height\":600,\"caption\":\"Buy 2C-B-FLY\"},{\"@type\":\"BreadcrumbList\",\"@id\":\"https:\\\/\\\/chemsxpress.com\\\/product\\\/buy-2c-b-fly\\\/#breadcrumb\",\"itemListElement\":[{\"@type\":\"ListItem\",\"position\":1,\"name\":\"Home\",\"item\":\"https:\\\/\\\/chemsxpress.com\\\/\"},{\"@type\":\"ListItem\",\"position\":2,\"name\":\"Shop\",\"item\":\"https:\\\/\\\/chemsxpress.com\\\/shop\\\/\"},{\"@type\":\"ListItem\",\"position\":3,\"name\":\"2C-B-FLY pellets 10mg\"}]},{\"@type\":\"WebSite\",\"@id\":\"https:\\\/\\\/chemsxpress.com\\\/#website\",\"url\":\"https:\\\/\\\/chemsxpress.com\\\/\",\"name\":\"SHOP MDPHP\",\"description\":\"Buy MDPHP freebase from reliable supplier\",\"potentialAction\":[{\"@type\":\"SearchAction\",\"target\":{\"@type\":\"EntryPoint\",\"urlTemplate\":\"https:\\\/\\\/chemsxpress.com\\\/?s={search_term_string}\"},\"query-input\":{\"@type\":\"PropertyValueSpecification\",\"valueRequired\":true,\"valueName\":\"search_term_string\"}}],\"inLanguage\":\"it-IT\"}]}<\/script>\n<!-- \/ Yoast SEO Premium plugin. -->","yoast_head_json":{"title":"Acquista online 2C-B-FLY: RC di qualit\u00e0 premium | ChemsXpress","description":"Acquista il cristallo 4F PHP online: su ChemsXpress. Prodotti chimici per la ricerca di alta qualit\u00e0, spedizione veloce. Affidatevi alla nostra garanzia di qualit\u00e0 per tutte le vostre esigenze di ricerca. Ordina ora.","robots":{"index":"index","follow":"follow","max-snippet":"max-snippet:-1","max-image-preview":"max-image-preview:large","max-video-preview":"max-video-preview:-1"},"canonical":"https:\/\/chemsxpress.com\/it\/prodotto\/acquistare-2c-b-fly\/","og_locale":"it_IT","og_type":"article","og_title":"2C-B-FLY pellets 10mg","og_description":"Buy 2C-B-FLY at ChemsXpress. Premium research chemicals, fast shipping. Trust our quality assurance for all your research needs. Order now","og_url":"https:\/\/chemsxpress.com\/it\/prodotto\/acquistare-2c-b-fly\/","og_site_name":"SHOP MDPHP","article_modified_time":"2024-07-04T22:15:50+00:00","og_image":[{"width":600,"height":600,"url":"https:\/\/chemsxpress.com\/wp-content\/uploads\/2024\/04\/2C-B-FLY-pellets-10mg.jpg","type":"image\/jpeg"}],"twitter_card":"summary_large_image","twitter_misc":{"Tempo di lettura stimato":"2 minuti"},"schema":{"@context":"https:\/\/schema.org","@graph":[{"@type":"WebPage","@id":"https:\/\/chemsxpress.com\/product\/buy-2c-b-fly\/","url":"https:\/\/chemsxpress.com\/product\/buy-2c-b-fly\/","name":"Acquista online 2C-B-FLY: RC di qualit\u00e0 premium | ChemsXpress","isPartOf":{"@id":"https:\/\/chemsxpress.com\/#website"},"primaryImageOfPage":{"@id":"https:\/\/chemsxpress.com\/product\/buy-2c-b-fly\/#primaryimage"},"image":{"@id":"https:\/\/chemsxpress.com\/product\/buy-2c-b-fly\/#primaryimage"},"thumbnailUrl":"https:\/\/chemsxpress.com\/wp-content\/uploads\/2024\/04\/2C-B-FLY-pellets-10mg.jpg","datePublished":"2024-04-29T13:19:34+00:00","dateModified":"2024-07-04T22:15:50+00:00","description":"Acquista il cristallo 4F PHP online: su ChemsXpress. Prodotti chimici per la ricerca di alta qualit\u00e0, spedizione veloce. Affidatevi alla nostra garanzia di qualit\u00e0 per tutte le vostre esigenze di ricerca. Ordina ora.","breadcrumb":{"@id":"https:\/\/chemsxpress.com\/product\/buy-2c-b-fly\/#breadcrumb"},"inLanguage":"it-IT","potentialAction":[{"@type":"ReadAction","target":["https:\/\/chemsxpress.com\/product\/buy-2c-b-fly\/"]}]},{"@type":"ImageObject","inLanguage":"it-IT","@id":"https:\/\/chemsxpress.com\/product\/buy-2c-b-fly\/#primaryimage","url":"https:\/\/chemsxpress.com\/wp-content\/uploads\/2024\/04\/2C-B-FLY-pellets-10mg.jpg","contentUrl":"https:\/\/chemsxpress.com\/wp-content\/uploads\/2024\/04\/2C-B-FLY-pellets-10mg.jpg","width":600,"height":600,"caption":"Buy 2C-B-FLY"},{"@type":"BreadcrumbList","@id":"https:\/\/chemsxpress.com\/product\/buy-2c-b-fly\/#breadcrumb","itemListElement":[{"@type":"ListItem","position":1,"name":"Home","item":"https:\/\/chemsxpress.com\/"},{"@type":"ListItem","position":2,"name":"Shop","item":"https:\/\/chemsxpress.com\/shop\/"},{"@type":"ListItem","position":3,"name":"2C-B-FLY pellets 10mg"}]},{"@type":"WebSite","@id":"https:\/\/chemsxpress.com\/#website","url":"https:\/\/chemsxpress.com\/","name":"NEGOZIO MDP","description":"Acquistare MDPHP freebase da un fornitore affidabile","potentialAction":[{"@type":"SearchAction","target":{"@type":"EntryPoint","urlTemplate":"https:\/\/chemsxpress.com\/?s={search_term_string}"},"query-input":{"@type":"PropertyValueSpecification","valueRequired":true,"valueName":"search_term_string"}}],"inLanguage":"it-IT"}]}},"jetpack_sharing_enabled":true,"_links":{"self":[{"href":"https:\/\/chemsxpress.com\/it\/wp-json\/wp\/v2\/product\/28943","targetHints":{"allow":["GET"]}}],"collection":[{"href":"https:\/\/chemsxpress.com\/it\/wp-json\/wp\/v2\/product"}],"about":[{"href":"https:\/\/chemsxpress.com\/it\/wp-json\/wp\/v2\/types\/product"}],"replies":[{"embeddable":true,"href":"https:\/\/chemsxpress.com\/it\/wp-json\/wp\/v2\/comments?post=28943"}],"version-history":[{"count":4,"href":"https:\/\/chemsxpress.com\/it\/wp-json\/wp\/v2\/product\/28943\/revisions"}],"predecessor-version":[{"id":30016,"href":"https:\/\/chemsxpress.com\/it\/wp-json\/wp\/v2\/product\/28943\/revisions\/30016"}],"wp:featuredmedia":[{"embeddable":true,"href":"https:\/\/chemsxpress.com\/it\/wp-json\/wp\/v2\/media\/29026"}],"wp:attachment":[{"href":"https:\/\/chemsxpress.com\/it\/wp-json\/wp\/v2\/media?parent=28943"}],"wp:term":[{"taxonomy":"product_brand","embeddable":true,"href":"https:\/\/chemsxpress.com\/it\/wp-json\/wp\/v2\/product_brand?post=28943"},{"taxonomy":"product_cat","embeddable":true,"href":"https:\/\/chemsxpress.com\/it\/wp-json\/wp\/v2\/product_cat?post=28943"},{"taxonomy":"product_tag","embeddable":true,"href":"https:\/\/chemsxpress.com\/it\/wp-json\/wp\/v2\/product_tag?post=28943"}],"curies":[{"name":"wp","href":"https:\/\/api.w.org\/{rel}","templated":true}]}}