{"id":28950,"date":"2024-04-29T13:19:34","date_gmt":"2024-04-29T13:19:34","guid":{"rendered":"https:\/\/chemsxpress.com\/?post_type=product&#038;p=28950"},"modified":"2024-07-04T22:10:11","modified_gmt":"2024-07-04T22:10:11","slug":"acquistare-2-dpmp-desoxypipradrol-online","status":"publish","type":"product","link":"https:\/\/chemsxpress.com\/it\/prodotto\/acquistare-2-dpmp-desoxypipradrol-online\/","title":{"rendered":"desossipradrolo"},"content":{"rendered":"<h2>Acquistare 2-DPMP (Desoxypipradrol) online<\/h2>\n<p>Desoxypipradrol, noto anche come 2-difenilmetilpiperidina (2-DPMP), \u00e8 stato sviluppato da Ciba negli anni Cinquanta. Nonostante non sia mai stata venduta o concessa una licenza per uso medicinale, ha sviluppato una reputazione di sostanza potente e controversa. Il desossipradrolo, un NDRI (inibitore della ricaptazione della noradrenalina e della dopamina), \u00e8 stato usato impropriamente per i suoi effetti euforizzanti e stimolanti.  Nonostante il suo potenziale, il farmaco \u00e8 stato ampiamente ignorato per decenni e non \u00e8 mai stato commercializzato o autorizzato per uso medico.<\/p>\n<h3>GLI EFFETTI DEL DESOSSIPRADROLO<\/h3>\n<p>Il desossipradrolo aumenta i livelli di dopamina e norepinefrina nel cervello come NDRI. I benefici che ne derivano includono un miglioramento dell'umore, dell'energia e della vigilanza, nonch\u00e9 una riduzione del bisogno di cibo e di sonno. Gli effetti del Desoxypipradrol sono paragonabili a quelli di altri farmaci stimolanti come le anfetamine e la cocaina. Il farmaco \u00e8 per\u00f2 molto pi\u00f9 potente e pu\u00f2 avere effetti collaterali importanti come ansia, psicosi e palpitazioni cardiache. Il Desoxypipradrol \u00e8 diventato noto come droga ricreativa solo tra la fine degli anni '90 e l'inizio degli anni 2000. \u00c8 diventato subito popolare tra i festaioli e gli amanti del brivido grazie ai suoi forti effetti stimolanti ed euforizzanti. Tuttavia, gli effetti del desossipradrolo sul corpo umano non erano ancora ampiamente conosciuti.<\/p>\n<h3>I PERICOLI DEL DESOSSIPRADROLO<\/h3>\n<p>Oltre agli effetti collaterali precedentemente elencati, il farmaco \u00e8 in grado di provocare attacchi di cuore, palpitazioni e persino ipertensione. Il Desoxypipradrol \u00e8 una sostanza potente che pu\u00f2 causare rapidamente un'overdose. Ci\u00f2 \u00e8 particolarmente vero per i nuovi consumatori e per coloro che assumono grandi quantit\u00e0 di farmaco. Oltre ai rischi fisici, il desoxypipradrol pu\u00f2 potenzialmente causare gravi problemi di salute mentale come ansia, paranoia e persino allucinazioni. Questi effetti possono durare per molto tempo dopo l'esaurimento del farmaco e possono turbare seriamente il paziente.<\/p>\n<h3>IL DESOSSIPRADROLO NELL'ATTUALE PANORAMA FARMACOLOGICO<\/h3>\n<p>Nonostante i suoi rischi, in particolare nei party e nelle discoteche, il desossipradrolo \u00e8 comunque una droga ricreativa ampiamente utilizzata. Le forze dell'ordine e gli specialisti della salute pubblica la stanno esaminando pi\u00f9 da vicino a causa della sua reputazione di tossina letale, rendendola illegale o aggiungendola a un elenco di sostanze proibite. Questo ha portato a una diminuzione del suo utilizzo in varie situazioni, ma per alcuni \u00e8 ancora una droga preferita.<\/p>\n<h2>Dove acquistare il 2-DPMP (Desoxypipradrol) online?<\/h2>\n<p>A <a href=\"https:\/\/chemsxpress.com\/it\/\">ChemsXpress<\/a>offriamo il 2-DPMP per scopi di ricerca. Questo composto, scientificamente noto come desossipradrolo, \u00e8 uno psicostimolante che rientra nella classe delle fenilmorfoline. La sua struttura assomiglia a quella del metilfenidato, ma possiede propriet\u00e0 farmacologiche distinte.<\/p>\n<p>I ricercatori interessati a studiare gli effetti e le potenziali applicazioni del 2-DPMP possono affidarsi a ChemsXpress per la fornitura di prodotti di alta qualit\u00e0. <a href=\"https:\/\/chemsxpress.com\/it\/categoria-di-prodotto\/ricerca-chimica\/\">ricerca chimica<\/a>. I nostri prodotti sono sottoposti a test rigorosi per garantire purezza e potenza, essenziali per ottenere risultati di ricerca affidabili.<\/p>\n<p>\u00c8 importante notare che il 2-DPMP \u00e8 strettamente destinato a scopi di ricerca e non \u00e8 destinato al consumo umano. I ricercatori devono maneggiare questo composto con cura e attenersi a tutti i protocolli di sicurezza e alle normative legali pertinenti.<\/p>\n<p>ChemsXpress si impegna a sostenere la ricerca scientifica fornendo l'accesso a prodotti chimici per la ricerca di alta qualit\u00e0. Esplorate il nostro catalogo e intraprendete il vostro viaggio di ricerca con fiducia.<\/p>","protected":false},"excerpt":{"rendered":"<p>Nome IUPAC: 2-benzidrilpiperidina<br \/>\nCAS # 519-74-4<br \/>\nAspetto: polvere<br \/>\nAnalisi NMR: C18H21N<\/p>","protected":false},"featured_media":29040,"comment_status":"open","ping_status":"closed","template":"","meta":[],"product_brand":[],"product_cat":[91],"product_tag":[],"class_list":{"0":"post-28950","1":"product","2":"type-product","3":"status-publish","4":"has-post-thumbnail","6":"product_cat-piperidines","8":"first","9":"instock","10":"shipping-taxable","11":"purchasable","12":"product-type-variable"},"yoast_head":"<!-- This site is optimized with the Yoast SEO Premium plugin v24.1 (Yoast SEO v27.4) - https:\/\/yoast.com\/product\/yoast-seo-premium-wordpress\/ -->\n<title>Buy 2-DPMP (Desoxypipradrol) Online:Premium RC&#039;s | ChemsXpress<\/title>\n<meta name=\"description\" content=\"Buy 2-DPMP (Desoxypipradrol) Online at ChemsXpress. Premium research chemicals, fast shipping. Trust our quality assurance for all your research needs\" \/>\n<meta name=\"robots\" content=\"index, follow, max-snippet:-1, max-image-preview:large, max-video-preview:-1\" \/>\n<link rel=\"canonical\" href=\"https:\/\/chemsxpress.com\/it\/prodotto\/acquistare-2-dpmp-desoxypipradrol-online\/\" \/>\n<meta property=\"og:locale\" content=\"it_IT\" \/>\n<meta property=\"og:type\" content=\"article\" \/>\n<meta property=\"og:title\" content=\"desoxypipradrol\" \/>\n<meta property=\"og:description\" content=\"Buy 2-DPMP (Desoxypipradrol) Online at ChemsXpress. Premium research chemicals, fast shipping. Trust our quality assurance for all your research needs\" \/>\n<meta property=\"og:url\" content=\"https:\/\/chemsxpress.com\/it\/prodotto\/acquistare-2-dpmp-desoxypipradrol-online\/\" \/>\n<meta property=\"og:site_name\" content=\"SHOP MDPHP\" \/>\n<meta property=\"article:modified_time\" content=\"2024-07-04T22:10:11+00:00\" \/>\n<meta property=\"og:image\" content=\"https:\/\/chemsxpress.com\/wp-content\/uploads\/2024\/04\/desoxypipradrol.jpg\" \/>\n\t<meta property=\"og:image:width\" content=\"600\" \/>\n\t<meta property=\"og:image:height\" content=\"600\" \/>\n\t<meta property=\"og:image:type\" content=\"image\/jpeg\" \/>\n<meta name=\"twitter:card\" content=\"summary_large_image\" \/>\n<meta name=\"twitter:label1\" content=\"Tempo di lettura stimato\" \/>\n\t<meta name=\"twitter:data1\" content=\"3 minuti\" \/>\n<script type=\"application\/ld+json\" class=\"yoast-schema-graph\">{\"@context\":\"https:\\\/\\\/schema.org\",\"@graph\":[{\"@type\":\"WebPage\",\"@id\":\"https:\\\/\\\/chemsxpress.com\\\/product\\\/buy-2-dpmp-desoxypipradrol-online\\\/\",\"url\":\"https:\\\/\\\/chemsxpress.com\\\/product\\\/buy-2-dpmp-desoxypipradrol-online\\\/\",\"name\":\"Buy 2-DPMP (Desoxypipradrol) Online:Premium RC's | ChemsXpress\",\"isPartOf\":{\"@id\":\"https:\\\/\\\/chemsxpress.com\\\/#website\"},\"primaryImageOfPage\":{\"@id\":\"https:\\\/\\\/chemsxpress.com\\\/product\\\/buy-2-dpmp-desoxypipradrol-online\\\/#primaryimage\"},\"image\":{\"@id\":\"https:\\\/\\\/chemsxpress.com\\\/product\\\/buy-2-dpmp-desoxypipradrol-online\\\/#primaryimage\"},\"thumbnailUrl\":\"https:\\\/\\\/chemsxpress.com\\\/wp-content\\\/uploads\\\/2024\\\/04\\\/desoxypipradrol.jpg\",\"datePublished\":\"2024-04-29T13:19:34+00:00\",\"dateModified\":\"2024-07-04T22:10:11+00:00\",\"description\":\"Buy 2-DPMP (Desoxypipradrol) Online at ChemsXpress. Premium research chemicals, fast shipping. Trust our quality assurance for all your research needs\",\"breadcrumb\":{\"@id\":\"https:\\\/\\\/chemsxpress.com\\\/product\\\/buy-2-dpmp-desoxypipradrol-online\\\/#breadcrumb\"},\"inLanguage\":\"it-IT\",\"potentialAction\":[{\"@type\":\"ReadAction\",\"target\":[\"https:\\\/\\\/chemsxpress.com\\\/product\\\/buy-2-dpmp-desoxypipradrol-online\\\/\"]}]},{\"@type\":\"ImageObject\",\"inLanguage\":\"it-IT\",\"@id\":\"https:\\\/\\\/chemsxpress.com\\\/product\\\/buy-2-dpmp-desoxypipradrol-online\\\/#primaryimage\",\"url\":\"https:\\\/\\\/chemsxpress.com\\\/wp-content\\\/uploads\\\/2024\\\/04\\\/desoxypipradrol.jpg\",\"contentUrl\":\"https:\\\/\\\/chemsxpress.com\\\/wp-content\\\/uploads\\\/2024\\\/04\\\/desoxypipradrol.jpg\",\"width\":600,\"height\":600,\"caption\":\"Buy 2-DPMP (Desoxypipradrol) Online\"},{\"@type\":\"BreadcrumbList\",\"@id\":\"https:\\\/\\\/chemsxpress.com\\\/product\\\/buy-2-dpmp-desoxypipradrol-online\\\/#breadcrumb\",\"itemListElement\":[{\"@type\":\"ListItem\",\"position\":1,\"name\":\"Home\",\"item\":\"https:\\\/\\\/chemsxpress.com\\\/\"},{\"@type\":\"ListItem\",\"position\":2,\"name\":\"Shop\",\"item\":\"https:\\\/\\\/chemsxpress.com\\\/shop\\\/\"},{\"@type\":\"ListItem\",\"position\":3,\"name\":\"desoxypipradrol\"}]},{\"@type\":\"WebSite\",\"@id\":\"https:\\\/\\\/chemsxpress.com\\\/#website\",\"url\":\"https:\\\/\\\/chemsxpress.com\\\/\",\"name\":\"SHOP MDPHP\",\"description\":\"Buy MDPHP freebase from reliable supplier\",\"potentialAction\":[{\"@type\":\"SearchAction\",\"target\":{\"@type\":\"EntryPoint\",\"urlTemplate\":\"https:\\\/\\\/chemsxpress.com\\\/?s={search_term_string}\"},\"query-input\":{\"@type\":\"PropertyValueSpecification\",\"valueRequired\":true,\"valueName\":\"search_term_string\"}}],\"inLanguage\":\"it-IT\"}]}<\/script>\n<!-- \/ Yoast SEO Premium plugin. -->","yoast_head_json":{"title":"Acquistare 2-DPMP (Desoxypipradrol) online","description":"Acquista il cristallo 4F PHP online: su ChemsXpress. Prodotti chimici per la ricerca di alta qualit\u00e0, spedizione veloce. Affidatevi alla nostra garanzia di qualit\u00e0 per tutte le vostre esigenze di ricerca. Ordina ora.","robots":{"index":"index","follow":"follow","max-snippet":"max-snippet:-1","max-image-preview":"max-image-preview:large","max-video-preview":"max-video-preview:-1"},"canonical":"https:\/\/chemsxpress.com\/it\/prodotto\/acquistare-2-dpmp-desoxypipradrol-online\/","og_locale":"it_IT","og_type":"article","og_title":"desoxypipradrol","og_description":"Buy 2-DPMP (Desoxypipradrol) Online at ChemsXpress. Premium research chemicals, fast shipping. Trust our quality assurance for all your research needs","og_url":"https:\/\/chemsxpress.com\/it\/prodotto\/acquistare-2-dpmp-desoxypipradrol-online\/","og_site_name":"SHOP MDPHP","article_modified_time":"2024-07-04T22:10:11+00:00","og_image":[{"width":600,"height":600,"url":"https:\/\/chemsxpress.com\/wp-content\/uploads\/2024\/04\/desoxypipradrol.jpg","type":"image\/jpeg"}],"twitter_card":"summary_large_image","twitter_misc":{"Tempo di lettura stimato":"3 minuti"},"schema":{"@context":"https:\/\/schema.org","@graph":[{"@type":"WebPage","@id":"https:\/\/chemsxpress.com\/product\/buy-2-dpmp-desoxypipradrol-online\/","url":"https:\/\/chemsxpress.com\/product\/buy-2-dpmp-desoxypipradrol-online\/","name":"Acquistare 2-DPMP (Desoxypipradrol) online","isPartOf":{"@id":"https:\/\/chemsxpress.com\/#website"},"primaryImageOfPage":{"@id":"https:\/\/chemsxpress.com\/product\/buy-2-dpmp-desoxypipradrol-online\/#primaryimage"},"image":{"@id":"https:\/\/chemsxpress.com\/product\/buy-2-dpmp-desoxypipradrol-online\/#primaryimage"},"thumbnailUrl":"https:\/\/chemsxpress.com\/wp-content\/uploads\/2024\/04\/desoxypipradrol.jpg","datePublished":"2024-04-29T13:19:34+00:00","dateModified":"2024-07-04T22:10:11+00:00","description":"Acquista il cristallo 4F PHP online: su ChemsXpress. Prodotti chimici per la ricerca di alta qualit\u00e0, spedizione veloce. Affidatevi alla nostra garanzia di qualit\u00e0 per tutte le vostre esigenze di ricerca. Ordina ora.","breadcrumb":{"@id":"https:\/\/chemsxpress.com\/product\/buy-2-dpmp-desoxypipradrol-online\/#breadcrumb"},"inLanguage":"it-IT","potentialAction":[{"@type":"ReadAction","target":["https:\/\/chemsxpress.com\/product\/buy-2-dpmp-desoxypipradrol-online\/"]}]},{"@type":"ImageObject","inLanguage":"it-IT","@id":"https:\/\/chemsxpress.com\/product\/buy-2-dpmp-desoxypipradrol-online\/#primaryimage","url":"https:\/\/chemsxpress.com\/wp-content\/uploads\/2024\/04\/desoxypipradrol.jpg","contentUrl":"https:\/\/chemsxpress.com\/wp-content\/uploads\/2024\/04\/desoxypipradrol.jpg","width":600,"height":600,"caption":"Buy 2-DPMP (Desoxypipradrol) Online"},{"@type":"BreadcrumbList","@id":"https:\/\/chemsxpress.com\/product\/buy-2-dpmp-desoxypipradrol-online\/#breadcrumb","itemListElement":[{"@type":"ListItem","position":1,"name":"Home","item":"https:\/\/chemsxpress.com\/"},{"@type":"ListItem","position":2,"name":"Shop","item":"https:\/\/chemsxpress.com\/shop\/"},{"@type":"ListItem","position":3,"name":"desoxypipradrol"}]},{"@type":"WebSite","@id":"https:\/\/chemsxpress.com\/#website","url":"https:\/\/chemsxpress.com\/","name":"NEGOZIO MDP","description":"Acquistare MDPHP freebase da un fornitore affidabile","potentialAction":[{"@type":"SearchAction","target":{"@type":"EntryPoint","urlTemplate":"https:\/\/chemsxpress.com\/?s={search_term_string}"},"query-input":{"@type":"PropertyValueSpecification","valueRequired":true,"valueName":"search_term_string"}}],"inLanguage":"it-IT"}]}},"jetpack_sharing_enabled":true,"_links":{"self":[{"href":"https:\/\/chemsxpress.com\/it\/wp-json\/wp\/v2\/product\/28950","targetHints":{"allow":["GET"]}}],"collection":[{"href":"https:\/\/chemsxpress.com\/it\/wp-json\/wp\/v2\/product"}],"about":[{"href":"https:\/\/chemsxpress.com\/it\/wp-json\/wp\/v2\/types\/product"}],"replies":[{"embeddable":true,"href":"https:\/\/chemsxpress.com\/it\/wp-json\/wp\/v2\/comments?post=28950"}],"version-history":[{"count":4,"href":"https:\/\/chemsxpress.com\/it\/wp-json\/wp\/v2\/product\/28950\/revisions"}],"predecessor-version":[{"id":30011,"href":"https:\/\/chemsxpress.com\/it\/wp-json\/wp\/v2\/product\/28950\/revisions\/30011"}],"wp:featuredmedia":[{"embeddable":true,"href":"https:\/\/chemsxpress.com\/it\/wp-json\/wp\/v2\/media\/29040"}],"wp:attachment":[{"href":"https:\/\/chemsxpress.com\/it\/wp-json\/wp\/v2\/media?parent=28950"}],"wp:term":[{"taxonomy":"product_brand","embeddable":true,"href":"https:\/\/chemsxpress.com\/it\/wp-json\/wp\/v2\/product_brand?post=28950"},{"taxonomy":"product_cat","embeddable":true,"href":"https:\/\/chemsxpress.com\/it\/wp-json\/wp\/v2\/product_cat?post=28950"},{"taxonomy":"product_tag","embeddable":true,"href":"https:\/\/chemsxpress.com\/it\/wp-json\/wp\/v2\/product_tag?post=28950"}],"curies":[{"name":"wp","href":"https:\/\/api.w.org\/{rel}","templated":true}]}}