{"id":28975,"date":"2024-04-29T13:19:58","date_gmt":"2024-04-29T13:19:58","guid":{"rendered":"https:\/\/chemsxpress.com\/?post_type=product&#038;p=28975"},"modified":"2025-05-23T17:15:44","modified_gmt":"2025-05-23T17:15:44","slug":"acquistare-4-mpd-online","status":"publish","type":"product","link":"https:\/\/chemsxpress.com\/it\/prodotto\/acquistare-4-mpd-online\/","title":{"rendered":"4-MPD"},"content":{"rendered":"<h1><strong><span data-preserver-spaces=\"true\">Acquistare 4-MPD online:<\/span><\/strong><\/h1>\n<p><span data-preserver-spaces=\"true\">Comprare 4-MPD online. Offriamo il luogo ideale per acquistare la polvere o la droga ricreativa Buy 4-MPD. Questa droga \u00e8 aumentata per farvi sentire benissimo. \u00c8 una droga bellissima. Ora, questa droga \u00e8 diventata pi\u00f9 nota tra gli adulti e i giovani. \u00c8 una polvere proibita che viene inoltre utilizzata in tutto il mondo per il benessere. \u00c8 un farmaco artificiale. Si presenta in diverse forme, come pillola, capsula o polvere. Vi stiamo dando la polvere, il solito processo vitale per praticare questo farmaco. Stiamo presentando in una gamma di prezzi ragionevoli.\u00a0<\/span><\/p>\n<h4><strong><span data-preserver-spaces=\"true\">Tutto su: 4-mpd Acquista online<\/span><\/strong><\/h4>\n<p><span data-preserver-spaces=\"true\">Si tratta di un medicinale noto come 4-metilpentedrone, riconosciuto anche come 4-MPD o 4-metilamino-valerofenone. Questa polvere appartiene alla classe degli stimolanti del catinone. Questo\u00a0<\/span><strong><em>droga sintetica<\/em><\/strong><span data-preserver-spaces=\"true\">\u00a0\u00e8 spesso utilizzata a scopo ricreativo per le sue propriet\u00e0 euforizzanti e stimolanti. Nonostante il suo utilizzo generale, la creazione, la vendita o l'abuso senza prescrizione medica sono illegali.<\/span><\/p>\n<p><span data-preserver-spaces=\"true\">Sebbene il 4-metilpentedrone sia spesso venduto come un'opzione sicura ai farmaci consolidati, \u00e8 necessario riconoscere che la mancanza di ordinanza e di controllo sulla sua produzione e sul suo rilascio lo rende una sostanza chimica potenzialmente dannosa. Attraverso queste informazioni, ci occuperemo della storia, degli effetti e dei rischi del 4-metilpentedrone e della condizione di richiedere un aiuto professionale per l'uso di sostanze.<\/span><\/p>\n<h4><strong><span data-preserver-spaces=\"true\">CHE COS'\u00c8 IL 4-MPD?<\/span><\/strong><\/h4>\n<p><span data-preserver-spaces=\"true\">Il 4-MPD \u00e8 uno stimolante prodotto e classificato come catinone. \u00c8 il p-metile derivato dal pentedrone e un omologo pi\u00f9 elevato del 4-metil metacatinone (mefedrone) e del 4-metilbufedrone (4-MeMABP). Questa terapia viene definita una droga creatrice, poich\u00e9 viene simulata in laboratorio e non \u00e8 approvata per scopi medici.<\/span><\/p>\n<p><span data-preserver-spaces=\"true\">Da quando \u00e8 stato scoperto nei primi anni del 2011, il 4-metilpentedrone si \u00e8 evoluto in una popolare droga d'abuso. Nonostante la sua popolarit\u00e0, si sa molto poco sui risultati a lungo termine del 4-metilpentedrone e i pericoli associati al suo uso non sono ancora del tutto riconosciuti.<\/span><\/p>\n<h4><strong><span data-preserver-spaces=\"true\">Effetti della 4-MPD:<\/span><\/strong><\/h4>\n<p><span data-preserver-spaces=\"true\">Si tratta di una stimolazione del sistema nervoso centrale che alimenta una combinazione di risultati, come il miglioramento dell'energia, dell'attenzione e della cordialit\u00e0. I risultati del 4-metilpentedrone sono simili a quelli della metanfetamina o della cocaina e di solito durano tra le due e le tre ore.<\/span><\/p>\n<p><span data-preserver-spaces=\"true\">Altri dichiarano un aumento dello stress, della follia e della paranoia dopo l'uso del 4-metilpentedrone. I risultati del 4-metilpentedrone variano a seconda dell'individuo, del dosaggio e delle modalit\u00e0 di gestione.<\/span><\/p>\n<h4><strong><span data-preserver-spaces=\"true\">Pericoli del 4-metilpentedrone:<\/span><\/strong><\/h4>\n<p><span data-preserver-spaces=\"true\">Nonostante i suoi risultati plausibilmente piacevoli, il 4-metilpentedrone \u00e8 una sostanza chimica non sicura e potenzialmente letale. Tutti gli utenti corrono il rischio di consumare un prodotto che contiene contaminanti o combinazioni dannose a causa della mancanza di ordinanza e di controllo sulla sua produzione e distribuzione.<\/span><\/p>\n<p><span data-preserver-spaces=\"true\">Miglioramento della frequenza cardiaca, dolore al petto, ansia,\u00a0<a href=\"https:\/\/en.wikipedia.org\/wiki\/Paranoia\" target=\"_blank\" rel=\"noopener\"><strong><em>paranoia<\/em><\/strong><\/a>e allucinazioni sono alcuni effetti collaterali estremi dell'uso del 4-metilpentedrone. Oltre a pericolosi aumenti della pressione sanguigna, il farmaco induce arresto cardiaco, convulsioni e ictus.<\/span><\/p>\n<p><span data-preserver-spaces=\"true\">Oltre ai rischi fisici, il 4-metilpentedrone pu\u00f2 avere un impatto sostanziale sulla salute mentale. L'abuso di essenze pu\u00f2 generare tristezza, ansia, altre malattie mentali e infiniti danni al cervello.<\/span><\/p>","protected":false},"excerpt":{"rendered":"<p><strong>Nome IUPAC: <\/strong>3-metil-2-(p-tolil)mofolina<\/p>\n<p><strong>CAS # <\/strong>N\/D<\/p>\n<p><strong>Altro nome: <\/strong>4-metilfenmetrazina<\/p>\n<p><strong>Aspetto: <\/strong>cristalli<\/p>\n<p><strong>Analisi NMR: <\/strong>N\/D<\/p>","protected":false},"featured_media":29042,"comment_status":"open","ping_status":"closed","template":"","meta":[],"product_brand":[],"product_cat":[91],"product_tag":[],"class_list":{"0":"post-28975","1":"product","2":"type-product","3":"status-publish","4":"has-post-thumbnail","6":"product_cat-piperidines","8":"first","9":"instock","10":"shipping-taxable","11":"purchasable","12":"product-type-variable"},"yoast_head":"<!-- This site is optimized with the Yoast SEO Premium plugin v24.1 (Yoast SEO v27.4) - https:\/\/yoast.com\/product\/yoast-seo-premium-wordpress\/ -->\n<title>Buy 4-MPD Online: Premium Quality RC&#039;s | ChemsXpress<\/title>\n<meta name=\"description\" content=\"Discover 4-MPD at ChemsXpress. Premium research chemicals, fast shipping. Trust our quality assurance for all your research needs. Order now\" \/>\n<meta name=\"robots\" content=\"index, follow, max-snippet:-1, max-image-preview:large, max-video-preview:-1\" \/>\n<link rel=\"canonical\" href=\"https:\/\/chemsxpress.com\/it\/prodotto\/acquistare-4-mpd-online\/\" \/>\n<meta property=\"og:locale\" content=\"it_IT\" \/>\n<meta property=\"og:type\" content=\"article\" \/>\n<meta property=\"og:title\" content=\"4-MPD\" \/>\n<meta property=\"og:description\" content=\"Discover 4-MPD at ChemsXpress. Premium research chemicals, fast shipping. Trust our quality assurance for all your research needs. Order now\" \/>\n<meta property=\"og:url\" content=\"https:\/\/chemsxpress.com\/it\/prodotto\/acquistare-4-mpd-online\/\" \/>\n<meta property=\"og:site_name\" content=\"SHOP MDPHP\" \/>\n<meta property=\"article:modified_time\" content=\"2025-05-23T17:15:44+00:00\" \/>\n<meta property=\"og:image\" content=\"https:\/\/chemsxpress.com\/wp-content\/uploads\/2024\/04\/4-MPM.jpg\" \/>\n\t<meta property=\"og:image:width\" content=\"600\" \/>\n\t<meta property=\"og:image:height\" content=\"600\" \/>\n\t<meta property=\"og:image:type\" content=\"image\/jpeg\" \/>\n<meta name=\"twitter:card\" content=\"summary_large_image\" \/>\n<meta name=\"twitter:label1\" content=\"Tempo di lettura stimato\" \/>\n\t<meta name=\"twitter:data1\" content=\"3 minuti\" \/>\n<script type=\"application\/ld+json\" class=\"yoast-schema-graph\">{\"@context\":\"https:\\\/\\\/schema.org\",\"@graph\":[{\"@type\":\"WebPage\",\"@id\":\"https:\\\/\\\/chemsxpress.com\\\/product\\\/buy-4-mpd-online\\\/\",\"url\":\"https:\\\/\\\/chemsxpress.com\\\/product\\\/buy-4-mpd-online\\\/\",\"name\":\"Buy 4-MPD Online: Premium Quality RC's | ChemsXpress\",\"isPartOf\":{\"@id\":\"https:\\\/\\\/chemsxpress.com\\\/#website\"},\"primaryImageOfPage\":{\"@id\":\"https:\\\/\\\/chemsxpress.com\\\/product\\\/buy-4-mpd-online\\\/#primaryimage\"},\"image\":{\"@id\":\"https:\\\/\\\/chemsxpress.com\\\/product\\\/buy-4-mpd-online\\\/#primaryimage\"},\"thumbnailUrl\":\"https:\\\/\\\/chemsxpress.com\\\/wp-content\\\/uploads\\\/2024\\\/04\\\/4-MPM.jpg\",\"datePublished\":\"2024-04-29T13:19:58+00:00\",\"dateModified\":\"2025-05-23T17:15:44+00:00\",\"description\":\"Discover 4-MPD at ChemsXpress. Premium research chemicals, fast shipping. Trust our quality assurance for all your research needs. Order now\",\"breadcrumb\":{\"@id\":\"https:\\\/\\\/chemsxpress.com\\\/product\\\/buy-4-mpd-online\\\/#breadcrumb\"},\"inLanguage\":\"it-IT\",\"potentialAction\":[{\"@type\":\"ReadAction\",\"target\":[\"https:\\\/\\\/chemsxpress.com\\\/product\\\/buy-4-mpd-online\\\/\"]}]},{\"@type\":\"ImageObject\",\"inLanguage\":\"it-IT\",\"@id\":\"https:\\\/\\\/chemsxpress.com\\\/product\\\/buy-4-mpd-online\\\/#primaryimage\",\"url\":\"https:\\\/\\\/chemsxpress.com\\\/wp-content\\\/uploads\\\/2024\\\/04\\\/4-MPM.jpg\",\"contentUrl\":\"https:\\\/\\\/chemsxpress.com\\\/wp-content\\\/uploads\\\/2024\\\/04\\\/4-MPM.jpg\",\"width\":600,\"height\":600,\"caption\":\"Buy 4-MPD Online\"},{\"@type\":\"BreadcrumbList\",\"@id\":\"https:\\\/\\\/chemsxpress.com\\\/product\\\/buy-4-mpd-online\\\/#breadcrumb\",\"itemListElement\":[{\"@type\":\"ListItem\",\"position\":1,\"name\":\"Home\",\"item\":\"https:\\\/\\\/chemsxpress.com\\\/\"},{\"@type\":\"ListItem\",\"position\":2,\"name\":\"Shop\",\"item\":\"https:\\\/\\\/chemsxpress.com\\\/shop\\\/\"},{\"@type\":\"ListItem\",\"position\":3,\"name\":\"4-MPD\"}]},{\"@type\":\"WebSite\",\"@id\":\"https:\\\/\\\/chemsxpress.com\\\/#website\",\"url\":\"https:\\\/\\\/chemsxpress.com\\\/\",\"name\":\"SHOP MDPHP\",\"description\":\"Buy MDPHP freebase from reliable supplier\",\"potentialAction\":[{\"@type\":\"SearchAction\",\"target\":{\"@type\":\"EntryPoint\",\"urlTemplate\":\"https:\\\/\\\/chemsxpress.com\\\/?s={search_term_string}\"},\"query-input\":{\"@type\":\"PropertyValueSpecification\",\"valueRequired\":true,\"valueName\":\"search_term_string\"}}],\"inLanguage\":\"it-IT\"}]}<\/script>\n<!-- \/ Yoast SEO Premium plugin. -->","yoast_head_json":{"title":"Comprare 4-MPD online: RC di qualit\u00e0 superiore | ChemsXpress","description":"Scoprite la 4-MPD su ChemsXpress. Prodotti chimici per la ricerca di qualit\u00e0 superiore, spedizione rapida. Affidatevi alla nostra garanzia di qualit\u00e0 per tutte le vostre esigenze di ricerca. Ordina ora","robots":{"index":"index","follow":"follow","max-snippet":"max-snippet:-1","max-image-preview":"max-image-preview:large","max-video-preview":"max-video-preview:-1"},"canonical":"https:\/\/chemsxpress.com\/it\/prodotto\/acquistare-4-mpd-online\/","og_locale":"it_IT","og_type":"article","og_title":"4-MPD","og_description":"Discover 4-MPD at ChemsXpress. Premium research chemicals, fast shipping. Trust our quality assurance for all your research needs. Order now","og_url":"https:\/\/chemsxpress.com\/it\/prodotto\/acquistare-4-mpd-online\/","og_site_name":"SHOP MDPHP","article_modified_time":"2025-05-23T17:15:44+00:00","og_image":[{"width":600,"height":600,"url":"https:\/\/chemsxpress.com\/wp-content\/uploads\/2024\/04\/4-MPM.jpg","type":"image\/jpeg"}],"twitter_card":"summary_large_image","twitter_misc":{"Tempo di lettura stimato":"3 minuti"},"schema":{"@context":"https:\/\/schema.org","@graph":[{"@type":"WebPage","@id":"https:\/\/chemsxpress.com\/product\/buy-4-mpd-online\/","url":"https:\/\/chemsxpress.com\/product\/buy-4-mpd-online\/","name":"Comprare 4-MPD online: RC di qualit\u00e0 superiore | ChemsXpress","isPartOf":{"@id":"https:\/\/chemsxpress.com\/#website"},"primaryImageOfPage":{"@id":"https:\/\/chemsxpress.com\/product\/buy-4-mpd-online\/#primaryimage"},"image":{"@id":"https:\/\/chemsxpress.com\/product\/buy-4-mpd-online\/#primaryimage"},"thumbnailUrl":"https:\/\/chemsxpress.com\/wp-content\/uploads\/2024\/04\/4-MPM.jpg","datePublished":"2024-04-29T13:19:58+00:00","dateModified":"2025-05-23T17:15:44+00:00","description":"Scoprite la 4-MPD su ChemsXpress. Prodotti chimici per la ricerca di qualit\u00e0 superiore, spedizione rapida. Affidatevi alla nostra garanzia di qualit\u00e0 per tutte le vostre esigenze di ricerca. Ordina ora","breadcrumb":{"@id":"https:\/\/chemsxpress.com\/product\/buy-4-mpd-online\/#breadcrumb"},"inLanguage":"it-IT","potentialAction":[{"@type":"ReadAction","target":["https:\/\/chemsxpress.com\/product\/buy-4-mpd-online\/"]}]},{"@type":"ImageObject","inLanguage":"it-IT","@id":"https:\/\/chemsxpress.com\/product\/buy-4-mpd-online\/#primaryimage","url":"https:\/\/chemsxpress.com\/wp-content\/uploads\/2024\/04\/4-MPM.jpg","contentUrl":"https:\/\/chemsxpress.com\/wp-content\/uploads\/2024\/04\/4-MPM.jpg","width":600,"height":600,"caption":"Buy 4-MPD Online"},{"@type":"BreadcrumbList","@id":"https:\/\/chemsxpress.com\/product\/buy-4-mpd-online\/#breadcrumb","itemListElement":[{"@type":"ListItem","position":1,"name":"Home","item":"https:\/\/chemsxpress.com\/"},{"@type":"ListItem","position":2,"name":"Shop","item":"https:\/\/chemsxpress.com\/shop\/"},{"@type":"ListItem","position":3,"name":"4-MPD"}]},{"@type":"WebSite","@id":"https:\/\/chemsxpress.com\/#website","url":"https:\/\/chemsxpress.com\/","name":"NEGOZIO MDP","description":"Acquistare MDPHP freebase da un fornitore affidabile","potentialAction":[{"@type":"SearchAction","target":{"@type":"EntryPoint","urlTemplate":"https:\/\/chemsxpress.com\/?s={search_term_string}"},"query-input":{"@type":"PropertyValueSpecification","valueRequired":true,"valueName":"search_term_string"}}],"inLanguage":"it-IT"}]}},"jetpack_sharing_enabled":true,"_links":{"self":[{"href":"https:\/\/chemsxpress.com\/it\/wp-json\/wp\/v2\/product\/28975","targetHints":{"allow":["GET"]}}],"collection":[{"href":"https:\/\/chemsxpress.com\/it\/wp-json\/wp\/v2\/product"}],"about":[{"href":"https:\/\/chemsxpress.com\/it\/wp-json\/wp\/v2\/types\/product"}],"replies":[{"embeddable":true,"href":"https:\/\/chemsxpress.com\/it\/wp-json\/wp\/v2\/comments?post=28975"}],"version-history":[{"count":3,"href":"https:\/\/chemsxpress.com\/it\/wp-json\/wp\/v2\/product\/28975\/revisions"}],"predecessor-version":[{"id":29611,"href":"https:\/\/chemsxpress.com\/it\/wp-json\/wp\/v2\/product\/28975\/revisions\/29611"}],"wp:featuredmedia":[{"embeddable":true,"href":"https:\/\/chemsxpress.com\/it\/wp-json\/wp\/v2\/media\/29042"}],"wp:attachment":[{"href":"https:\/\/chemsxpress.com\/it\/wp-json\/wp\/v2\/media?parent=28975"}],"wp:term":[{"taxonomy":"product_brand","embeddable":true,"href":"https:\/\/chemsxpress.com\/it\/wp-json\/wp\/v2\/product_brand?post=28975"},{"taxonomy":"product_cat","embeddable":true,"href":"https:\/\/chemsxpress.com\/it\/wp-json\/wp\/v2\/product_cat?post=28975"},{"taxonomy":"product_tag","embeddable":true,"href":"https:\/\/chemsxpress.com\/it\/wp-json\/wp\/v2\/product_tag?post=28975"}],"curies":[{"name":"wp","href":"https:\/\/api.w.org\/{rel}","templated":true}]}}