{"id":28976,"date":"2024-04-29T13:19:58","date_gmt":"2024-04-29T13:19:58","guid":{"rendered":"https:\/\/chemsxpress.com\/?post_type=product&#038;p=28976"},"modified":"2024-07-04T22:06:48","modified_gmt":"2024-07-04T22:06:48","slug":"acquistare-3-fpm-online-2","status":"publish","type":"product","link":"https:\/\/chemsxpress.com\/it\/prodotto\/acquistare-3-fpm-online-2\/","title":{"rendered":"3-FPM"},"content":{"rendered":"<h1>Acquista <strong>3-FPM Online<\/strong><\/h1>\n<h2><strong>Informazioni generali 3-FPM<\/strong><\/h2>\n<p>Acquistare 3-FPM Online La 3-Fluorofenmetrazina \u00e8 una sostanza energizzante originale della classe delle fenilmorfoline. Il 3-FPM \u00e8 una derivazione della fenmetrazina, una sostanza energizzante gi\u00e0 nota e utilizzata clinicamente come anoressizzante in Europa negli anni Cinquanta. La sua azione si esplica attraverso l'aumento dei livelli di serotonina, dopamina e noradrenalina nella mente.<\/p>\n<h3><strong>Composizione chimica 3-FPM<\/strong><\/h3>\n<p>La formula del 3-FPM, a noi accessibile, \u00e8 C11H14FNO - peso atomico 285,42g. La 3-FPM o 3-fluorofenmetrazina \u00e8 considerata 3-FPH e PAL-593; questo elemento \u00e8 un subordinato fluorurato della fenmetrazina. La 3-FPM (PAL-593) \u00e8 un fluorurato semplice alla luce dell'energizzante e della fenilmorfolina fluorurata della fenmetrazina tre fluorofenmetrazina.<\/p>\n<p>La formula chimica \u00e8 C11H14FNO. La 3-fluorofenmetrazina \u00e8 una semplice 3F-fenmetrazina e 3-fluorofenmetrazina, un'altra sostanza d'esame della famiglia degli energizzanti 2-3-fluorofenile, 3-metil morfolina e 3-fluorofenmetrazina.<\/p>\n<p>La 3- fluorofenmetrazina contiene una molecola di fluoro integrata nello scheletro dell'anfetamina.<\/p>\n<h3><strong>Farmacologia del 3-FPM<\/strong><\/h3>\n<p>3-FPM (FPM 3) aumenta l'azione della mente attivando i livelli di serotonina, dopamina e noradrenalina. Gli effetti astratti comprendono una migliore concentrazione e ispirazione, un'accelerazione dei pensieri e una maggiore felicit\u00e0 ed eccitazione. La raccolta di sinapsi provoca effetti di estasi ed esperienze stimolanti.<\/p>\n<h3><strong>Acquistare 3-FPM di alta qualit\u00e0<\/strong><\/h3>\n<p><a href=\"https:\/\/chemsxpress.com\/it\/\">ChemsXpress<\/a> ha molti anni di esperienza nell'acquisto di prodotti chimici per la ricerca sui designer, in modo da poter garantire il meglio per ogni prodotto. Di conseguenza, il <a href=\"https:\/\/chemsxpress.com\/it\/categoria-di-prodotto\/ricerca-chimica\/\">ricerca chimica<\/a> che vendiamo sul sito, tra cui la 3-FPM 3-fluorofenmetrazina, soddisfano le nostre elevate linee guida e vengono spediti, riposti e conservati con la massima cura in luoghi freschi e asciutti.<\/p>\n<p>Tutti gli articoli hanno un costo equo e l'acquisto presso il TRRCSHOP non comporta alcun danno.<\/p>\n<h3><strong>Testato in laboratorio 3-FPM con il risultato<\/strong><\/h3>\n<p>Il TRRCSHOP fa progressi verso l'aumento della soddisfazione dei consumatori. Le ricerche dimostrano che i nuovi clienti hanno molte richieste di informazioni sui prodotti chimici di ricerca come 3-FPM, 2-FMA o FPM3. Rispondere a tutte le richieste di informazioni comporta numerosi vantaggi.<\/p>\n<p>Distribuiamo tutte le conseguenze di laboratorio di ogni composto di esplorazione in un documento pdf, che dovrebbe essere visibile sopra questo testo!<\/p>\n<p>Il nostro 3-FPM \u00e8 generalmente in accordo con i fissaggi di funzionamento ed \u00e8 disponibile per tutti. Inoltre, i risultati di laboratorio presso il Team di Ricerca Chimica sono solitamente presenti.<\/p>\n<h3><strong>Ordinare in modo sicuro da 3-FPM.<\/strong><\/h3>\n<p>I prodotti chimici di ricerca di design di TRRCSHOP sono di qualit\u00e0 eccellente e hanno un costo equo. Quando richiedete il vostro 3-FPM a TRRCSHOP, vi garantiamo che la vostra richiesta viene inoltrata a casa vostra in modo rapido e sicuro.<\/p>\n<p>Richiedere i composti di ricerca sintetici con Bitcoin o con un bonifico bancario \u00e8 semplice presso il TRRCSHOP.<\/p>\n<p>Spediamo 3-FPM nello stesso giorno lavorativo se il pagamento viene ricevuto prima delle 14:00 CEST. Non effettuiamo spedizioni il sabato, la domenica o durante le festivit\u00e0 nazionali\/internazionali.<strong>.<\/strong><\/p>\n<h3><strong>Spedizione discreta di prodotti chimici per la ricerca.<\/strong><\/h3>\n<p>Anche se i prodotti chimici di ricerca di design sono legalmente accessibili online, noi di TRRCSHOP ci impegniamo a consegnarli in modo sicuro e ragionevole. In primo luogo, l'articolo viene inserito in un sacchetto a scatto prima di passare in un sacchetto dove viene bruciato due volte. L'imballaggio avviene in modo molto furtivo e nessun segno di ci\u00f2 che potrebbe essere contenuto all'interno viene mostrato all'esterno.<\/p>\n<p>Scegliete una consegna tracciata da seguire per poter seguire progressivamente il vostro ordine. Ad esempio, spediamo gli ordini superiori a 500 euro con la tracciabilit\u00e0 gratuita.<\/p>\n<p>Non forniamo articoli a persone di et\u00e0 inferiore ai 18 anni!<\/p>\n<h3><strong>Precauzioni<\/strong><\/h3>\n<ul>\n<li>L'RC \u00e8 offerto a <a href=\"https:\/\/chemsxpress.com\/it\/\">chemsXpress<\/a>\u00a0sono a scopo di ricerca, il consumo umano \u00e8 assolutamente vietato.<\/li>\n<li>Acquistare i dispositivi di protezione individuale appropriati, come occhiali e guanti. Puliteli e curateli in modo appropriato. Seguite sistemi sicuri quando maneggiate sostanze chimiche per la ricerca e non prendete scorciatoie.<\/li>\n<li>Se la sostanza chimica di ricerca viene a contatto con gli occhi, sciacquare bene ed eliminare le lenti a contatto, se fondamentale.<\/li>\n<li>Cercate di usare una maschera durante l'uso di queste sostanze chimiche, in modo che non entrino dentro di voi durante la respirazione.<\/li>\n<li>Come indicato dai metodi supportati, maneggiare, immagazzinare e smaltire i materiali pericolosi in modo sicuro. Non versarli mai nelle fognature o nei canali.<\/li>\n<li>Conservate i prodotti chimici per la ricerca in modo appropriato, come indicato sui loro nomi. Le sostanze chimiche infiammabili devono essere riposte in un luogo eccellente e asciutto, lontano dall'intensit\u00e0 e dalla luce del giorno. Alcuni prodotti sintetici, come gli acidi, devono essere conservati indipendentemente l'uno dall'altro.<\/li>\n<\/ul>","protected":false},"excerpt":{"rendered":"<p>Nome IUPAC: 2-(3-fluorofenil)-3-metilmorfolina, monoidrocloruro<br \/>\nCAS # 1803562-83-5<br \/>\nAltro nome: 3-fluorofenmetrazina (cloridrato)<br \/>\nAspetto: polvere<br \/>\nAnalisi NMR: C11H14FNO - HCl<\/p>","protected":false},"featured_media":29044,"comment_status":"open","ping_status":"closed","template":"","meta":[],"product_brand":[],"product_cat":[91],"product_tag":[],"class_list":{"0":"post-28976","1":"product","2":"type-product","3":"status-publish","4":"has-post-thumbnail","6":"product_cat-piperidines","8":"first","9":"instock","10":"shipping-taxable","11":"purchasable","12":"product-type-variable"},"yoast_head":"<!-- This site is optimized with the Yoast SEO Premium plugin v24.1 (Yoast SEO v27.5) - https:\/\/yoast.com\/product\/yoast-seo-premium-wordpress\/ -->\n<title>Buy 3-FPM Online: Premium Quality RC&#039;s | ChemsXpres<\/title>\n<meta name=\"description\" content=\"Explore 3-FPM online at ChemsXpress. Premium research chemicals, fast shipping. Trust our quality assurance for all your research needs. Order now\" \/>\n<meta name=\"robots\" content=\"index, follow, max-snippet:-1, max-image-preview:large, max-video-preview:-1\" \/>\n<link rel=\"canonical\" href=\"https:\/\/chemsxpress.com\/it\/prodotto\/acquistare-3-fpm-online-2\/\" \/>\n<meta property=\"og:locale\" content=\"it_IT\" \/>\n<meta property=\"og:type\" content=\"article\" \/>\n<meta property=\"og:title\" content=\"3-FPM\" \/>\n<meta property=\"og:description\" content=\"Explore 3-FPM online at ChemsXpress. Premium research chemicals, fast shipping. Trust our quality assurance for all your research needs. Order now\" \/>\n<meta property=\"og:url\" content=\"https:\/\/chemsxpress.com\/it\/prodotto\/acquistare-3-fpm-online-2\/\" \/>\n<meta property=\"og:site_name\" content=\"SHOP MDPHP\" \/>\n<meta property=\"article:modified_time\" content=\"2024-07-04T22:06:48+00:00\" \/>\n<meta property=\"og:image\" content=\"https:\/\/chemsxpress.com\/wp-content\/uploads\/2024\/04\/3-FPM.jpg\" \/>\n\t<meta property=\"og:image:width\" content=\"600\" \/>\n\t<meta property=\"og:image:height\" content=\"600\" \/>\n\t<meta property=\"og:image:type\" content=\"image\/jpeg\" \/>\n<meta name=\"twitter:card\" content=\"summary_large_image\" \/>\n<meta name=\"twitter:label1\" content=\"Tempo di lettura stimato\" \/>\n\t<meta name=\"twitter:data1\" content=\"4 minuti\" \/>\n<script type=\"application\/ld+json\" class=\"yoast-schema-graph\">{\"@context\":\"https:\\\/\\\/schema.org\",\"@graph\":[{\"@type\":\"WebPage\",\"@id\":\"https:\\\/\\\/chemsxpress.com\\\/product\\\/buy-3-fpm-online\\\/\",\"url\":\"https:\\\/\\\/chemsxpress.com\\\/product\\\/buy-3-fpm-online\\\/\",\"name\":\"Buy 3-FPM Online: Premium Quality RC's | ChemsXpres\",\"isPartOf\":{\"@id\":\"https:\\\/\\\/chemsxpress.com\\\/#website\"},\"primaryImageOfPage\":{\"@id\":\"https:\\\/\\\/chemsxpress.com\\\/product\\\/buy-3-fpm-online\\\/#primaryimage\"},\"image\":{\"@id\":\"https:\\\/\\\/chemsxpress.com\\\/product\\\/buy-3-fpm-online\\\/#primaryimage\"},\"thumbnailUrl\":\"https:\\\/\\\/chemsxpress.com\\\/wp-content\\\/uploads\\\/2024\\\/04\\\/3-FPM.jpg\",\"datePublished\":\"2024-04-29T13:19:58+00:00\",\"dateModified\":\"2024-07-04T22:06:48+00:00\",\"description\":\"Explore 3-FPM online at ChemsXpress. Premium research chemicals, fast shipping. Trust our quality assurance for all your research needs. Order now\",\"breadcrumb\":{\"@id\":\"https:\\\/\\\/chemsxpress.com\\\/product\\\/buy-3-fpm-online\\\/#breadcrumb\"},\"inLanguage\":\"it-IT\",\"potentialAction\":[{\"@type\":\"ReadAction\",\"target\":[\"https:\\\/\\\/chemsxpress.com\\\/product\\\/buy-3-fpm-online\\\/\"]}]},{\"@type\":\"ImageObject\",\"inLanguage\":\"it-IT\",\"@id\":\"https:\\\/\\\/chemsxpress.com\\\/product\\\/buy-3-fpm-online\\\/#primaryimage\",\"url\":\"https:\\\/\\\/chemsxpress.com\\\/wp-content\\\/uploads\\\/2024\\\/04\\\/3-FPM.jpg\",\"contentUrl\":\"https:\\\/\\\/chemsxpress.com\\\/wp-content\\\/uploads\\\/2024\\\/04\\\/3-FPM.jpg\",\"width\":600,\"height\":600,\"caption\":\"Buy 3-FPM Online\"},{\"@type\":\"BreadcrumbList\",\"@id\":\"https:\\\/\\\/chemsxpress.com\\\/product\\\/buy-3-fpm-online\\\/#breadcrumb\",\"itemListElement\":[{\"@type\":\"ListItem\",\"position\":1,\"name\":\"Home\",\"item\":\"https:\\\/\\\/chemsxpress.com\\\/\"},{\"@type\":\"ListItem\",\"position\":2,\"name\":\"Shop\",\"item\":\"https:\\\/\\\/chemsxpress.com\\\/shop\\\/\"},{\"@type\":\"ListItem\",\"position\":3,\"name\":\"3-FPM\"}]},{\"@type\":\"WebSite\",\"@id\":\"https:\\\/\\\/chemsxpress.com\\\/#website\",\"url\":\"https:\\\/\\\/chemsxpress.com\\\/\",\"name\":\"SHOP MDPHP\",\"description\":\"Buy MDPHP freebase from reliable supplier\",\"potentialAction\":[{\"@type\":\"SearchAction\",\"target\":{\"@type\":\"EntryPoint\",\"urlTemplate\":\"https:\\\/\\\/chemsxpress.com\\\/?s={search_term_string}\"},\"query-input\":{\"@type\":\"PropertyValueSpecification\",\"valueRequired\":true,\"valueName\":\"search_term_string\"}}],\"inLanguage\":\"it-IT\"}]}<\/script>\n<!-- \/ Yoast SEO Premium plugin. -->","yoast_head_json":{"title":"Acquista 3-FPM online: RC di qualit\u00e0 premium | ChemsXpres","description":"Scoprite la 4-MPD su ChemsXpress. Prodotti chimici per la ricerca di qualit\u00e0 superiore, spedizione rapida. Affidatevi alla nostra garanzia di qualit\u00e0 per tutte le vostre esigenze di ricerca. Ordina ora","robots":{"index":"index","follow":"follow","max-snippet":"max-snippet:-1","max-image-preview":"max-image-preview:large","max-video-preview":"max-video-preview:-1"},"canonical":"https:\/\/chemsxpress.com\/it\/prodotto\/acquistare-3-fpm-online-2\/","og_locale":"it_IT","og_type":"article","og_title":"3-FPM","og_description":"Explore 3-FPM online at ChemsXpress. Premium research chemicals, fast shipping. Trust our quality assurance for all your research needs. Order now","og_url":"https:\/\/chemsxpress.com\/it\/prodotto\/acquistare-3-fpm-online-2\/","og_site_name":"SHOP MDPHP","article_modified_time":"2024-07-04T22:06:48+00:00","og_image":[{"width":600,"height":600,"url":"https:\/\/chemsxpress.com\/wp-content\/uploads\/2024\/04\/3-FPM.jpg","type":"image\/jpeg"}],"twitter_card":"summary_large_image","twitter_misc":{"Tempo di lettura stimato":"4 minuti"},"schema":{"@context":"https:\/\/schema.org","@graph":[{"@type":"WebPage","@id":"https:\/\/chemsxpress.com\/product\/buy-3-fpm-online\/","url":"https:\/\/chemsxpress.com\/product\/buy-3-fpm-online\/","name":"Acquista 3-FPM online: RC di qualit\u00e0 premium | ChemsXpres","isPartOf":{"@id":"https:\/\/chemsxpress.com\/#website"},"primaryImageOfPage":{"@id":"https:\/\/chemsxpress.com\/product\/buy-3-fpm-online\/#primaryimage"},"image":{"@id":"https:\/\/chemsxpress.com\/product\/buy-3-fpm-online\/#primaryimage"},"thumbnailUrl":"https:\/\/chemsxpress.com\/wp-content\/uploads\/2024\/04\/3-FPM.jpg","datePublished":"2024-04-29T13:19:58+00:00","dateModified":"2024-07-04T22:06:48+00:00","description":"Scoprite la 4-MPD su ChemsXpress. Prodotti chimici per la ricerca di qualit\u00e0 superiore, spedizione rapida. Affidatevi alla nostra garanzia di qualit\u00e0 per tutte le vostre esigenze di ricerca. Ordina ora","breadcrumb":{"@id":"https:\/\/chemsxpress.com\/product\/buy-3-fpm-online\/#breadcrumb"},"inLanguage":"it-IT","potentialAction":[{"@type":"ReadAction","target":["https:\/\/chemsxpress.com\/product\/buy-3-fpm-online\/"]}]},{"@type":"ImageObject","inLanguage":"it-IT","@id":"https:\/\/chemsxpress.com\/product\/buy-3-fpm-online\/#primaryimage","url":"https:\/\/chemsxpress.com\/wp-content\/uploads\/2024\/04\/3-FPM.jpg","contentUrl":"https:\/\/chemsxpress.com\/wp-content\/uploads\/2024\/04\/3-FPM.jpg","width":600,"height":600,"caption":"Buy 3-FPM Online"},{"@type":"BreadcrumbList","@id":"https:\/\/chemsxpress.com\/product\/buy-3-fpm-online\/#breadcrumb","itemListElement":[{"@type":"ListItem","position":1,"name":"Home","item":"https:\/\/chemsxpress.com\/"},{"@type":"ListItem","position":2,"name":"Shop","item":"https:\/\/chemsxpress.com\/shop\/"},{"@type":"ListItem","position":3,"name":"3-FPM"}]},{"@type":"WebSite","@id":"https:\/\/chemsxpress.com\/#website","url":"https:\/\/chemsxpress.com\/","name":"NEGOZIO MDP","description":"Acquistare MDPHP freebase da un fornitore affidabile","potentialAction":[{"@type":"SearchAction","target":{"@type":"EntryPoint","urlTemplate":"https:\/\/chemsxpress.com\/?s={search_term_string}"},"query-input":{"@type":"PropertyValueSpecification","valueRequired":true,"valueName":"search_term_string"}}],"inLanguage":"it-IT"}]}},"jetpack_sharing_enabled":true,"_links":{"self":[{"href":"https:\/\/chemsxpress.com\/it\/wp-json\/wp\/v2\/product\/28976","targetHints":{"allow":["GET"]}}],"collection":[{"href":"https:\/\/chemsxpress.com\/it\/wp-json\/wp\/v2\/product"}],"about":[{"href":"https:\/\/chemsxpress.com\/it\/wp-json\/wp\/v2\/types\/product"}],"replies":[{"embeddable":true,"href":"https:\/\/chemsxpress.com\/it\/wp-json\/wp\/v2\/comments?post=28976"}],"version-history":[{"count":4,"href":"https:\/\/chemsxpress.com\/it\/wp-json\/wp\/v2\/product\/28976\/revisions"}],"predecessor-version":[{"id":30006,"href":"https:\/\/chemsxpress.com\/it\/wp-json\/wp\/v2\/product\/28976\/revisions\/30006"}],"wp:featuredmedia":[{"embeddable":true,"href":"https:\/\/chemsxpress.com\/it\/wp-json\/wp\/v2\/media\/29044"}],"wp:attachment":[{"href":"https:\/\/chemsxpress.com\/it\/wp-json\/wp\/v2\/media?parent=28976"}],"wp:term":[{"taxonomy":"product_brand","embeddable":true,"href":"https:\/\/chemsxpress.com\/it\/wp-json\/wp\/v2\/product_brand?post=28976"},{"taxonomy":"product_cat","embeddable":true,"href":"https:\/\/chemsxpress.com\/it\/wp-json\/wp\/v2\/product_cat?post=28976"},{"taxonomy":"product_tag","embeddable":true,"href":"https:\/\/chemsxpress.com\/it\/wp-json\/wp\/v2\/product_tag?post=28976"}],"curies":[{"name":"wp","href":"https:\/\/api.w.org\/{rel}","templated":true}]}}