{"id":28979,"date":"2024-04-29T13:19:58","date_gmt":"2024-04-29T13:19:58","guid":{"rendered":"https:\/\/chemsxpress.com\/?post_type=product&#038;p=28979"},"modified":"2024-07-04T22:04:09","modified_gmt":"2024-07-04T22:04:09","slug":"acquistare-5-cl-amt","status":"publish","type":"product","link":"https:\/\/chemsxpress.com\/it\/prodotto\/acquistare-5-cl-amt\/","title":{"rendered":"5-cl-AMT"},"content":{"rendered":"<h1>Comprare 5-Cl-AMT<\/h1>\n<p>Acquistate la 5-Cl-AMT, una sostanza chimica di ricerca con potenziali propriet\u00e0 psichedeliche. La 5-Cl-AMT, o 5-cloro-alfa-metiltriptamina, appartiene alla classe dei composti triptaminici e presenta analogie strutturali con altri psichedelici come l'alfa-metiltriptamina (AMT).<\/p>\n<p>La nostra 5-Cl-AMT \u00e8 sintetizzata con tecniche avanzate e sottoposta a test rigorosi per garantirne la purezza e la potenza. I ricercatori possono fidarsi di ChemsXpress per la fornitura di 5-Cl-AMT di alta qualit\u00e0 per le loro indagini scientifiche.<\/p>\n<p>Sebbene gli esatti effetti farmacologici della 5-Cl-AMT non siano del tutto noti, ricerche preliminari suggeriscono che possa indurre esperienze psichedeliche simili a quelle di altre triptamine. Questi effetti possono includere alterazioni della percezione, dell'umore e della coscienza. Tuttavia, \u00e8 importante notare che gli effetti e il profilo di sicurezza del 5-Cl-AMT non sono stati studiati in modo approfondito nell'uomo.<\/p>\n<p>Come per tutti i <a href=\"https:\/\/chemsxpress.com\/it\/categoria-di-prodotto\/ricerca-chimica\/\">ricerca chimica<\/a>L'uso responsabile e il rispetto dei protocolli di sicurezza sono fondamentali. Sebbene la 5-Cl-AMT sia promettente come strumento di ricerca, il suo uso per il consumo umano non \u00e8 approvato dalle autorit\u00e0 di regolamentazione. I ricercatori devono condurre i loro studi con attenzione, rispettando i rigorosi protocolli di sicurezza e le norme di legge.<\/p>\n<h2>Dove acquistare la 5-Cl-AMT?<\/h2>\n<p><a href=\"https:\/\/chemsxpress.com\/it\/\">ChemsXpress<\/a> \u00e8 impegnata a sostenere la ricerca scientifica e l'innovazione fornendo ai ricercatori l'accesso a prodotti chimici per la ricerca di alta qualit\u00e0. Esplorate il nostro ampio catalogo di prodotti chimici per la ricerca, tra cui 5-Cl-AMT, e intraprendete il vostro viaggio scientifico con fiducia e sicurezza in ChemsXpress.<\/p>\n<p>L'acquisto di 5-cl-AMT \u00e8 un prodotto chimico di ricerca, il che significa che si tratta di una sostanza sconosciuta, per cui possono esserci conseguenze sconosciute quando si fa ricerca, per cui \u00e8 bene prendere sempre le dovute misure quando si fa ricerca.<\/p>\n<ul>\n<li>Le sostanze chimiche della ricerca possono causare irritazioni alle vie respiratorie.<\/li>\n<li>Le sostanze chimiche della ricerca possono causare irritazione agli occhi.<\/li>\n<li>Le sostanze chimiche della ricerca non sono destinate al consumo umano, animale o di altro tipo.<\/li>\n<li>I prodotti chimici della ricerca non devono essere versati nelle fognature o smaltiti in modo improprio.<\/li>\n<\/ul>","protected":false},"excerpt":{"rendered":"<p><strong>Nome IUPAC: <\/strong>ossalato di tert-butile 3-(2-(diallamino)etile)-5-metossi-1H-indolo-1-carbossile<\/p>\n<p><strong>Aspetto: <\/strong>polvere<\/p>\n<p><strong>Forma: <\/strong>ossalato<\/p>","protected":false},"featured_media":29066,"comment_status":"open","ping_status":"closed","template":"","meta":[],"product_brand":[],"product_cat":[92],"product_tag":[],"class_list":{"0":"post-28979","1":"product","2":"type-product","3":"status-publish","4":"has-post-thumbnail","6":"product_cat-tryptamines","8":"first","9":"instock","10":"shipping-taxable","11":"purchasable","12":"product-type-variable"},"yoast_head":"<!-- This site is optimized with the Yoast SEO Premium plugin v24.1 (Yoast SEO v27.4) - https:\/\/yoast.com\/product\/yoast-seo-premium-wordpress\/ -->\n<title>Buy 5-Cl-AMT Online: Premium Quality RC&#039;s | ChemsXpress<\/title>\n<meta name=\"description\" content=\"Explore 5-Cl-AMT at ChemsXpress. Premium research chemicals, fast shipping. Trust our quality assurance for all your research needs. Order now\" \/>\n<meta name=\"robots\" content=\"index, follow, max-snippet:-1, max-image-preview:large, max-video-preview:-1\" \/>\n<link rel=\"canonical\" href=\"https:\/\/chemsxpress.com\/it\/prodotto\/acquistare-5-cl-amt\/\" \/>\n<meta property=\"og:locale\" content=\"it_IT\" \/>\n<meta property=\"og:type\" content=\"article\" \/>\n<meta property=\"og:title\" content=\"5-cl-AMT\" \/>\n<meta property=\"og:description\" content=\"Explore 5-Cl-AMT at ChemsXpress. Premium research chemicals, fast shipping. Trust our quality assurance for all your research needs. Order now\" \/>\n<meta property=\"og:url\" content=\"https:\/\/chemsxpress.com\/it\/prodotto\/acquistare-5-cl-amt\/\" \/>\n<meta property=\"og:site_name\" content=\"SHOP MDPHP\" \/>\n<meta property=\"article:modified_time\" content=\"2024-07-04T22:04:09+00:00\" \/>\n<meta property=\"og:image\" content=\"https:\/\/chemsxpress.com\/wp-content\/uploads\/2024\/04\/5-cl-AMT.jpg\" \/>\n\t<meta property=\"og:image:width\" content=\"600\" \/>\n\t<meta property=\"og:image:height\" content=\"600\" \/>\n\t<meta property=\"og:image:type\" content=\"image\/jpeg\" \/>\n<meta name=\"twitter:card\" content=\"summary_large_image\" \/>\n<meta name=\"twitter:label1\" content=\"Tempo di lettura stimato\" \/>\n\t<meta name=\"twitter:data1\" content=\"2 minuti\" \/>\n<script type=\"application\/ld+json\" class=\"yoast-schema-graph\">{\"@context\":\"https:\\\/\\\/schema.org\",\"@graph\":[{\"@type\":\"WebPage\",\"@id\":\"https:\\\/\\\/chemsxpress.com\\\/product\\\/buy-5-cl-amt\\\/\",\"url\":\"https:\\\/\\\/chemsxpress.com\\\/product\\\/buy-5-cl-amt\\\/\",\"name\":\"Buy 5-Cl-AMT Online: Premium Quality RC's | ChemsXpress\",\"isPartOf\":{\"@id\":\"https:\\\/\\\/chemsxpress.com\\\/#website\"},\"primaryImageOfPage\":{\"@id\":\"https:\\\/\\\/chemsxpress.com\\\/product\\\/buy-5-cl-amt\\\/#primaryimage\"},\"image\":{\"@id\":\"https:\\\/\\\/chemsxpress.com\\\/product\\\/buy-5-cl-amt\\\/#primaryimage\"},\"thumbnailUrl\":\"https:\\\/\\\/chemsxpress.com\\\/wp-content\\\/uploads\\\/2024\\\/04\\\/5-cl-AMT.jpg\",\"datePublished\":\"2024-04-29T13:19:58+00:00\",\"dateModified\":\"2024-07-04T22:04:09+00:00\",\"description\":\"Explore 5-Cl-AMT at ChemsXpress. Premium research chemicals, fast shipping. Trust our quality assurance for all your research needs. Order now\",\"breadcrumb\":{\"@id\":\"https:\\\/\\\/chemsxpress.com\\\/product\\\/buy-5-cl-amt\\\/#breadcrumb\"},\"inLanguage\":\"it-IT\",\"potentialAction\":[{\"@type\":\"ReadAction\",\"target\":[\"https:\\\/\\\/chemsxpress.com\\\/product\\\/buy-5-cl-amt\\\/\"]}]},{\"@type\":\"ImageObject\",\"inLanguage\":\"it-IT\",\"@id\":\"https:\\\/\\\/chemsxpress.com\\\/product\\\/buy-5-cl-amt\\\/#primaryimage\",\"url\":\"https:\\\/\\\/chemsxpress.com\\\/wp-content\\\/uploads\\\/2024\\\/04\\\/5-cl-AMT.jpg\",\"contentUrl\":\"https:\\\/\\\/chemsxpress.com\\\/wp-content\\\/uploads\\\/2024\\\/04\\\/5-cl-AMT.jpg\",\"width\":600,\"height\":600,\"caption\":\"Buy 5-cl-AMT\"},{\"@type\":\"BreadcrumbList\",\"@id\":\"https:\\\/\\\/chemsxpress.com\\\/product\\\/buy-5-cl-amt\\\/#breadcrumb\",\"itemListElement\":[{\"@type\":\"ListItem\",\"position\":1,\"name\":\"Home\",\"item\":\"https:\\\/\\\/chemsxpress.com\\\/\"},{\"@type\":\"ListItem\",\"position\":2,\"name\":\"Shop\",\"item\":\"https:\\\/\\\/chemsxpress.com\\\/shop\\\/\"},{\"@type\":\"ListItem\",\"position\":3,\"name\":\"5-cl-AMT\"}]},{\"@type\":\"WebSite\",\"@id\":\"https:\\\/\\\/chemsxpress.com\\\/#website\",\"url\":\"https:\\\/\\\/chemsxpress.com\\\/\",\"name\":\"SHOP MDPHP\",\"description\":\"Buy MDPHP freebase from reliable supplier\",\"potentialAction\":[{\"@type\":\"SearchAction\",\"target\":{\"@type\":\"EntryPoint\",\"urlTemplate\":\"https:\\\/\\\/chemsxpress.com\\\/?s={search_term_string}\"},\"query-input\":{\"@type\":\"PropertyValueSpecification\",\"valueRequired\":true,\"valueName\":\"search_term_string\"}}],\"inLanguage\":\"it-IT\"}]}<\/script>\n<!-- \/ Yoast SEO Premium plugin. -->","yoast_head_json":{"title":"Comprare 5-Cl-AMT online: RC di qualit\u00e0 superiore | ChemsXpress","description":"Esplora 5-Cl-AMT su ChemsXpress. Prodotti chimici per la ricerca di qualit\u00e0 superiore, spedizione rapida. Affidatevi alla nostra garanzia di qualit\u00e0 per tutte le vostre esigenze di ricerca. Ordina ora","robots":{"index":"index","follow":"follow","max-snippet":"max-snippet:-1","max-image-preview":"max-image-preview:large","max-video-preview":"max-video-preview:-1"},"canonical":"https:\/\/chemsxpress.com\/it\/prodotto\/acquistare-5-cl-amt\/","og_locale":"it_IT","og_type":"article","og_title":"5-cl-AMT","og_description":"Explore 5-Cl-AMT at ChemsXpress. Premium research chemicals, fast shipping. Trust our quality assurance for all your research needs. Order now","og_url":"https:\/\/chemsxpress.com\/it\/prodotto\/acquistare-5-cl-amt\/","og_site_name":"SHOP MDPHP","article_modified_time":"2024-07-04T22:04:09+00:00","og_image":[{"width":600,"height":600,"url":"https:\/\/chemsxpress.com\/wp-content\/uploads\/2024\/04\/5-cl-AMT.jpg","type":"image\/jpeg"}],"twitter_card":"summary_large_image","twitter_misc":{"Tempo di lettura stimato":"2 minuti"},"schema":{"@context":"https:\/\/schema.org","@graph":[{"@type":"WebPage","@id":"https:\/\/chemsxpress.com\/product\/buy-5-cl-amt\/","url":"https:\/\/chemsxpress.com\/product\/buy-5-cl-amt\/","name":"Comprare 5-Cl-AMT online: RC di qualit\u00e0 superiore | ChemsXpress","isPartOf":{"@id":"https:\/\/chemsxpress.com\/#website"},"primaryImageOfPage":{"@id":"https:\/\/chemsxpress.com\/product\/buy-5-cl-amt\/#primaryimage"},"image":{"@id":"https:\/\/chemsxpress.com\/product\/buy-5-cl-amt\/#primaryimage"},"thumbnailUrl":"https:\/\/chemsxpress.com\/wp-content\/uploads\/2024\/04\/5-cl-AMT.jpg","datePublished":"2024-04-29T13:19:58+00:00","dateModified":"2024-07-04T22:04:09+00:00","description":"Esplora 5-Cl-AMT su ChemsXpress. Prodotti chimici per la ricerca di qualit\u00e0 superiore, spedizione rapida. Affidatevi alla nostra garanzia di qualit\u00e0 per tutte le vostre esigenze di ricerca. Ordina ora","breadcrumb":{"@id":"https:\/\/chemsxpress.com\/product\/buy-5-cl-amt\/#breadcrumb"},"inLanguage":"it-IT","potentialAction":[{"@type":"ReadAction","target":["https:\/\/chemsxpress.com\/product\/buy-5-cl-amt\/"]}]},{"@type":"ImageObject","inLanguage":"it-IT","@id":"https:\/\/chemsxpress.com\/product\/buy-5-cl-amt\/#primaryimage","url":"https:\/\/chemsxpress.com\/wp-content\/uploads\/2024\/04\/5-cl-AMT.jpg","contentUrl":"https:\/\/chemsxpress.com\/wp-content\/uploads\/2024\/04\/5-cl-AMT.jpg","width":600,"height":600,"caption":"Buy 5-cl-AMT"},{"@type":"BreadcrumbList","@id":"https:\/\/chemsxpress.com\/product\/buy-5-cl-amt\/#breadcrumb","itemListElement":[{"@type":"ListItem","position":1,"name":"Home","item":"https:\/\/chemsxpress.com\/"},{"@type":"ListItem","position":2,"name":"Shop","item":"https:\/\/chemsxpress.com\/shop\/"},{"@type":"ListItem","position":3,"name":"5-cl-AMT"}]},{"@type":"WebSite","@id":"https:\/\/chemsxpress.com\/#website","url":"https:\/\/chemsxpress.com\/","name":"NEGOZIO MDP","description":"Acquistare MDPHP freebase da un fornitore affidabile","potentialAction":[{"@type":"SearchAction","target":{"@type":"EntryPoint","urlTemplate":"https:\/\/chemsxpress.com\/?s={search_term_string}"},"query-input":{"@type":"PropertyValueSpecification","valueRequired":true,"valueName":"search_term_string"}}],"inLanguage":"it-IT"}]}},"jetpack_sharing_enabled":true,"_links":{"self":[{"href":"https:\/\/chemsxpress.com\/it\/wp-json\/wp\/v2\/product\/28979","targetHints":{"allow":["GET"]}}],"collection":[{"href":"https:\/\/chemsxpress.com\/it\/wp-json\/wp\/v2\/product"}],"about":[{"href":"https:\/\/chemsxpress.com\/it\/wp-json\/wp\/v2\/types\/product"}],"replies":[{"embeddable":true,"href":"https:\/\/chemsxpress.com\/it\/wp-json\/wp\/v2\/comments?post=28979"}],"version-history":[{"count":4,"href":"https:\/\/chemsxpress.com\/it\/wp-json\/wp\/v2\/product\/28979\/revisions"}],"predecessor-version":[{"id":30004,"href":"https:\/\/chemsxpress.com\/it\/wp-json\/wp\/v2\/product\/28979\/revisions\/30004"}],"wp:featuredmedia":[{"embeddable":true,"href":"https:\/\/chemsxpress.com\/it\/wp-json\/wp\/v2\/media\/29066"}],"wp:attachment":[{"href":"https:\/\/chemsxpress.com\/it\/wp-json\/wp\/v2\/media?parent=28979"}],"wp:term":[{"taxonomy":"product_brand","embeddable":true,"href":"https:\/\/chemsxpress.com\/it\/wp-json\/wp\/v2\/product_brand?post=28979"},{"taxonomy":"product_cat","embeddable":true,"href":"https:\/\/chemsxpress.com\/it\/wp-json\/wp\/v2\/product_cat?post=28979"},{"taxonomy":"product_tag","embeddable":true,"href":"https:\/\/chemsxpress.com\/it\/wp-json\/wp\/v2\/product_tag?post=28979"}],"curies":[{"name":"wp","href":"https:\/\/api.w.org\/{rel}","templated":true}]}}