{"id":28980,"date":"2024-04-29T13:19:58","date_gmt":"2024-04-29T13:19:58","guid":{"rendered":"https:\/\/chemsxpress.com\/?post_type=product&#038;p=28980"},"modified":"2025-01-05T09:18:45","modified_gmt":"2025-01-05T09:18:45","slug":"5-bromo-dmt-fumarato","status":"publish","type":"product","link":"https:\/\/chemsxpress.com\/it\/prodotto\/5-bromo-dmt-fumarato\/","title":{"rendered":"5-Bromo-DMT .FUMARATO"},"content":{"rendered":"<div class=\"product__items\">\n<div class=\"product__item product__item--col3\">\n<h1>Comprare 5-bromo-DMT<\/h1>\n<p>Acquistare la 5-bromo-DMT, nota anche come 5-bromo-N,N-dimetiltriptamina, \u00e8 un composto chimico appartenente alla classe delle triptamine degli psichedelici. \u00c8 strutturalmente correlato alla DMT (N,N-dimetiltriptamina), un noto composto psichedelico presente naturalmente in alcune piante e usato tradizionalmente nelle cerimonie spirituali e religiose.<\/p>\n<p>Noi di ChemsXpress offriamo la 5-Bromo-DMT come sostanza chimica di ricerca per l'esplorazione scientifica. La nostra 5-Bromo-DMT \u00e8 sintetizzata con tecniche avanzate e sottoposta a test rigorosi per garantire purezza e potenza. I ricercatori possono fidarsi di ChemsXpress per la fornitura di 5-Bromo-DMT di alta qualit\u00e0 per le loro indagini.<\/p>\n<p>Sebbene gli esatti effetti farmacologici della 5-bromo-DMT non siano del tutto noti, le ricerche preliminari suggeriscono che possa indurre esperienze psichedeliche simili a quelle di altre triptamine. Questi effetti possono includere alterazioni della percezione, dell'umore e della coscienza. Tuttavia, \u00e8 importante notare che gli effetti e il profilo di sicurezza della 5-Bromo-DMT non sono stati studiati in modo approfondito nell'uomo.<\/p>\n<p>Come per tutti i <a href=\"https:\/\/chemsxpress.com\/it\/categoria-di-prodotto\/ricerca-chimica\/\">ricerca chimica<\/a>L'uso responsabile e il rispetto dei protocolli di sicurezza sono fondamentali. Sebbene la 5-bromo-DMT sia promettente come strumento di ricerca, il suo uso per il consumo umano non \u00e8 approvato dalle autorit\u00e0 di regolamentazione. I ricercatori devono condurre i loro studi con attenzione, attenendosi ai rigorosi protocolli di sicurezza e alle normative legali.<\/p>\n<\/div>\n<h2>Dove acquistare la 5-Bromo-DMT?<\/h2>\n<div class=\"product__item product__item--col3\">\n<p><a href=\"https:\/\/chemsxpress.com\/it\/\">ChemsXpress<\/a> \u00e8 impegnata a sostenere la ricerca scientifica e l'innovazione fornendo ai ricercatori l'accesso a prodotti chimici di ricerca di alta qualit\u00e0. Esplorate il nostro ampio catalogo di prodotti chimici per la ricerca, tra cui il 5-Bromo-DMT, e intraprendete il vostro viaggio scientifico con fiducia e sicurezza in ChemsXpress.<\/p>\n<\/div>\n<\/div>","protected":false},"excerpt":{"rendered":"<p><strong>Nome IUPAC: <\/strong>2-(5-Bromo-1H-indol-3-yl)-N,N-dimethylethan-1-amine<\/p>\n<p><strong>CAS # <\/strong>17274-65-6<\/p>\n<p><strong>Altro nome: <\/strong>5-bromo-N,N-dimetiltriptamina<\/p>\n<p><strong>Forma: <\/strong>polvere<\/p>\n<p><strong>Analisi NMR: <\/strong>C12H15BrN2<\/p>\n<p><strong>Nome IUPAC: <\/strong>2-(5-Bromo-1H-indol-3-yl)-N,N-dimethylethan-1-amine<\/p>\n<p><strong>CAS # <\/strong>17274-65-6<\/p>\n<p><strong>Altro nome: <\/strong>5-bromo-N,N-dimetiltriptamina<\/p>\n<p><strong>Forma: <\/strong>polvere<\/p>\n<p><strong>Analisi NMR: <\/strong>C12H15BrN2<\/p>","protected":false},"featured_media":29068,"comment_status":"open","ping_status":"closed","template":"","meta":[],"product_brand":[],"product_cat":[92],"product_tag":[],"class_list":{"0":"post-28980","1":"product","2":"type-product","3":"status-publish","4":"has-post-thumbnail","6":"product_cat-tryptamines","8":"first","9":"instock","10":"shipping-taxable","11":"purchasable","12":"product-type-variable"},"yoast_head":"<!-- This site is optimized with the Yoast SEO Premium plugin v24.1 (Yoast SEO v27.4) - https:\/\/yoast.com\/product\/yoast-seo-premium-wordpress\/ -->\n<title>Buy 5-Bromo-DMT Online: Premium Quality RC&#039;s | ChemsXpress<\/title>\n<meta name=\"description\" content=\"Explore 5-Bromo-DMT at ChemsXpress. Premium research chemicals, fast shipping. Trust our quality assurance for all your research needs. Order now\" \/>\n<meta name=\"robots\" content=\"index, follow, max-snippet:-1, max-image-preview:large, max-video-preview:-1\" \/>\n<link rel=\"canonical\" href=\"https:\/\/chemsxpress.com\/it\/prodotto\/5-bromo-dmt-fumarato\/\" \/>\n<meta property=\"og:locale\" content=\"it_IT\" \/>\n<meta property=\"og:type\" content=\"article\" \/>\n<meta property=\"og:title\" content=\"5-Bromo-DMT .FUMARATE\" \/>\n<meta property=\"og:description\" content=\"Explore 5-Bromo-DMT at ChemsXpress. Premium research chemicals, fast shipping. Trust our quality assurance for all your research needs. Order now\" \/>\n<meta property=\"og:url\" content=\"https:\/\/chemsxpress.com\/it\/prodotto\/5-bromo-dmt-fumarato\/\" \/>\n<meta property=\"og:site_name\" content=\"SHOP MDPHP\" \/>\n<meta property=\"article:modified_time\" content=\"2025-01-05T09:18:45+00:00\" \/>\n<meta property=\"og:image\" content=\"https:\/\/chemsxpress.com\/wp-content\/uploads\/2024\/04\/5-Bromo-DMT-.FUMARATE.jpg\" \/>\n\t<meta property=\"og:image:width\" content=\"600\" \/>\n\t<meta property=\"og:image:height\" content=\"600\" \/>\n\t<meta property=\"og:image:type\" content=\"image\/jpeg\" \/>\n<meta name=\"twitter:card\" content=\"summary_large_image\" \/>\n<meta name=\"twitter:label1\" content=\"Tempo di lettura stimato\" \/>\n\t<meta name=\"twitter:data1\" content=\"2 minuti\" \/>\n<script type=\"application\/ld+json\" class=\"yoast-schema-graph\">{\"@context\":\"https:\\\/\\\/schema.org\",\"@graph\":[{\"@type\":\"WebPage\",\"@id\":\"https:\\\/\\\/chemsxpress.com\\\/product\\\/5-bromo-dmt-fumarate\\\/\",\"url\":\"https:\\\/\\\/chemsxpress.com\\\/product\\\/5-bromo-dmt-fumarate\\\/\",\"name\":\"Buy 5-Bromo-DMT Online: Premium Quality RC's | ChemsXpress\",\"isPartOf\":{\"@id\":\"https:\\\/\\\/chemsxpress.com\\\/#website\"},\"primaryImageOfPage\":{\"@id\":\"https:\\\/\\\/chemsxpress.com\\\/product\\\/5-bromo-dmt-fumarate\\\/#primaryimage\"},\"image\":{\"@id\":\"https:\\\/\\\/chemsxpress.com\\\/product\\\/5-bromo-dmt-fumarate\\\/#primaryimage\"},\"thumbnailUrl\":\"https:\\\/\\\/chemsxpress.com\\\/wp-content\\\/uploads\\\/2024\\\/04\\\/5-Bromo-DMT-.FUMARATE.jpg\",\"datePublished\":\"2024-04-29T13:19:58+00:00\",\"dateModified\":\"2025-01-05T09:18:45+00:00\",\"description\":\"Explore 5-Bromo-DMT at ChemsXpress. Premium research chemicals, fast shipping. Trust our quality assurance for all your research needs. Order now\",\"breadcrumb\":{\"@id\":\"https:\\\/\\\/chemsxpress.com\\\/product\\\/5-bromo-dmt-fumarate\\\/#breadcrumb\"},\"inLanguage\":\"it-IT\",\"potentialAction\":[{\"@type\":\"ReadAction\",\"target\":[\"https:\\\/\\\/chemsxpress.com\\\/product\\\/5-bromo-dmt-fumarate\\\/\"]}]},{\"@type\":\"ImageObject\",\"inLanguage\":\"it-IT\",\"@id\":\"https:\\\/\\\/chemsxpress.com\\\/product\\\/5-bromo-dmt-fumarate\\\/#primaryimage\",\"url\":\"https:\\\/\\\/chemsxpress.com\\\/wp-content\\\/uploads\\\/2024\\\/04\\\/5-Bromo-DMT-.FUMARATE.jpg\",\"contentUrl\":\"https:\\\/\\\/chemsxpress.com\\\/wp-content\\\/uploads\\\/2024\\\/04\\\/5-Bromo-DMT-.FUMARATE.jpg\",\"width\":600,\"height\":600,\"caption\":\"Buy 5-bromo-DMT\"},{\"@type\":\"BreadcrumbList\",\"@id\":\"https:\\\/\\\/chemsxpress.com\\\/product\\\/5-bromo-dmt-fumarate\\\/#breadcrumb\",\"itemListElement\":[{\"@type\":\"ListItem\",\"position\":1,\"name\":\"Home\",\"item\":\"https:\\\/\\\/chemsxpress.com\\\/\"},{\"@type\":\"ListItem\",\"position\":2,\"name\":\"Shop\",\"item\":\"https:\\\/\\\/chemsxpress.com\\\/shop\\\/\"},{\"@type\":\"ListItem\",\"position\":3,\"name\":\"5-Bromo-DMT .FUMARATE\"}]},{\"@type\":\"WebSite\",\"@id\":\"https:\\\/\\\/chemsxpress.com\\\/#website\",\"url\":\"https:\\\/\\\/chemsxpress.com\\\/\",\"name\":\"SHOP MDPHP\",\"description\":\"Buy MDPHP freebase from reliable supplier\",\"potentialAction\":[{\"@type\":\"SearchAction\",\"target\":{\"@type\":\"EntryPoint\",\"urlTemplate\":\"https:\\\/\\\/chemsxpress.com\\\/?s={search_term_string}\"},\"query-input\":{\"@type\":\"PropertyValueSpecification\",\"valueRequired\":true,\"valueName\":\"search_term_string\"}}],\"inLanguage\":\"it-IT\"}]}<\/script>\n<!-- \/ Yoast SEO Premium plugin. -->","yoast_head_json":{"title":"Comprare 5-Bromo-DMT online: RC di qualit\u00e0 superiore | ChemsXpress","description":"Esplora 5-Bromo-DMT su ChemsXpress. Prodotti chimici per la ricerca di qualit\u00e0 superiore, spedizione rapida. Affidatevi alla nostra garanzia di qualit\u00e0 per tutte le vostre esigenze di ricerca. Ordina ora","robots":{"index":"index","follow":"follow","max-snippet":"max-snippet:-1","max-image-preview":"max-image-preview:large","max-video-preview":"max-video-preview:-1"},"canonical":"https:\/\/chemsxpress.com\/it\/prodotto\/5-bromo-dmt-fumarato\/","og_locale":"it_IT","og_type":"article","og_title":"5-Bromo-DMT .FUMARATE","og_description":"Explore 5-Bromo-DMT at ChemsXpress. Premium research chemicals, fast shipping. Trust our quality assurance for all your research needs. Order now","og_url":"https:\/\/chemsxpress.com\/it\/prodotto\/5-bromo-dmt-fumarato\/","og_site_name":"SHOP MDPHP","article_modified_time":"2025-01-05T09:18:45+00:00","og_image":[{"width":600,"height":600,"url":"https:\/\/chemsxpress.com\/wp-content\/uploads\/2024\/04\/5-Bromo-DMT-.FUMARATE.jpg","type":"image\/jpeg"}],"twitter_card":"summary_large_image","twitter_misc":{"Tempo di lettura stimato":"2 minuti"},"schema":{"@context":"https:\/\/schema.org","@graph":[{"@type":"WebPage","@id":"https:\/\/chemsxpress.com\/product\/5-bromo-dmt-fumarate\/","url":"https:\/\/chemsxpress.com\/product\/5-bromo-dmt-fumarate\/","name":"Comprare 5-Bromo-DMT online: RC di qualit\u00e0 superiore | ChemsXpress","isPartOf":{"@id":"https:\/\/chemsxpress.com\/#website"},"primaryImageOfPage":{"@id":"https:\/\/chemsxpress.com\/product\/5-bromo-dmt-fumarate\/#primaryimage"},"image":{"@id":"https:\/\/chemsxpress.com\/product\/5-bromo-dmt-fumarate\/#primaryimage"},"thumbnailUrl":"https:\/\/chemsxpress.com\/wp-content\/uploads\/2024\/04\/5-Bromo-DMT-.FUMARATE.jpg","datePublished":"2024-04-29T13:19:58+00:00","dateModified":"2025-01-05T09:18:45+00:00","description":"Esplora 5-Bromo-DMT su ChemsXpress. Prodotti chimici per la ricerca di qualit\u00e0 superiore, spedizione rapida. Affidatevi alla nostra garanzia di qualit\u00e0 per tutte le vostre esigenze di ricerca. Ordina ora","breadcrumb":{"@id":"https:\/\/chemsxpress.com\/product\/5-bromo-dmt-fumarate\/#breadcrumb"},"inLanguage":"it-IT","potentialAction":[{"@type":"ReadAction","target":["https:\/\/chemsxpress.com\/product\/5-bromo-dmt-fumarate\/"]}]},{"@type":"ImageObject","inLanguage":"it-IT","@id":"https:\/\/chemsxpress.com\/product\/5-bromo-dmt-fumarate\/#primaryimage","url":"https:\/\/chemsxpress.com\/wp-content\/uploads\/2024\/04\/5-Bromo-DMT-.FUMARATE.jpg","contentUrl":"https:\/\/chemsxpress.com\/wp-content\/uploads\/2024\/04\/5-Bromo-DMT-.FUMARATE.jpg","width":600,"height":600,"caption":"Buy 5-bromo-DMT"},{"@type":"BreadcrumbList","@id":"https:\/\/chemsxpress.com\/product\/5-bromo-dmt-fumarate\/#breadcrumb","itemListElement":[{"@type":"ListItem","position":1,"name":"Home","item":"https:\/\/chemsxpress.com\/"},{"@type":"ListItem","position":2,"name":"Shop","item":"https:\/\/chemsxpress.com\/shop\/"},{"@type":"ListItem","position":3,"name":"5-Bromo-DMT .FUMARATE"}]},{"@type":"WebSite","@id":"https:\/\/chemsxpress.com\/#website","url":"https:\/\/chemsxpress.com\/","name":"NEGOZIO MDP","description":"Acquistare MDPHP freebase da un fornitore affidabile","potentialAction":[{"@type":"SearchAction","target":{"@type":"EntryPoint","urlTemplate":"https:\/\/chemsxpress.com\/?s={search_term_string}"},"query-input":{"@type":"PropertyValueSpecification","valueRequired":true,"valueName":"search_term_string"}}],"inLanguage":"it-IT"}]}},"jetpack_sharing_enabled":true,"_links":{"self":[{"href":"https:\/\/chemsxpress.com\/it\/wp-json\/wp\/v2\/product\/28980","targetHints":{"allow":["GET"]}}],"collection":[{"href":"https:\/\/chemsxpress.com\/it\/wp-json\/wp\/v2\/product"}],"about":[{"href":"https:\/\/chemsxpress.com\/it\/wp-json\/wp\/v2\/types\/product"}],"replies":[{"embeddable":true,"href":"https:\/\/chemsxpress.com\/it\/wp-json\/wp\/v2\/comments?post=28980"}],"version-history":[{"count":4,"href":"https:\/\/chemsxpress.com\/it\/wp-json\/wp\/v2\/product\/28980\/revisions"}],"predecessor-version":[{"id":30002,"href":"https:\/\/chemsxpress.com\/it\/wp-json\/wp\/v2\/product\/28980\/revisions\/30002"}],"wp:featuredmedia":[{"embeddable":true,"href":"https:\/\/chemsxpress.com\/it\/wp-json\/wp\/v2\/media\/29068"}],"wp:attachment":[{"href":"https:\/\/chemsxpress.com\/it\/wp-json\/wp\/v2\/media?parent=28980"}],"wp:term":[{"taxonomy":"product_brand","embeddable":true,"href":"https:\/\/chemsxpress.com\/it\/wp-json\/wp\/v2\/product_brand?post=28980"},{"taxonomy":"product_cat","embeddable":true,"href":"https:\/\/chemsxpress.com\/it\/wp-json\/wp\/v2\/product_cat?post=28980"},{"taxonomy":"product_tag","embeddable":true,"href":"https:\/\/chemsxpress.com\/it\/wp-json\/wp\/v2\/product_tag?post=28980"}],"curies":[{"name":"wp","href":"https:\/\/api.w.org\/{rel}","templated":true}]}}