{"id":28981,"date":"2024-04-29T13:19:58","date_gmt":"2024-04-29T13:19:58","guid":{"rendered":"https:\/\/chemsxpress.com\/?post_type=product&#038;p=28981"},"modified":"2025-05-24T16:20:03","modified_gmt":"2025-05-24T16:20:03","slug":"acquistare-5-meo-dmt-online","status":"publish","type":"product","link":"https:\/\/chemsxpress.com\/it\/prodotto\/acquistare-5-meo-dmt-online\/","title":{"rendered":"5-CL-DMT .FUMARATO"},"content":{"rendered":"<h2><strong>ACQUISTARE 5-MEO-DMT ONLINE<\/strong><\/h2>\n<p>La 5-MeO-DMT, nota anche come 5-metossi-N, N-dimetiltriptamina, \u00e8 uno psichedelico naturale della classe delle triptamine. La 5-MeO-DMT presenta somiglianze strutturali con la N, N-dimetiltriptamina (DMT), ma gli studi hanno evidenziato caratteristiche chimiche che possono far pensare a una maggiore potenza del composto pi\u00f9 noto. \u00c8 distribuita in un'ampia variet\u00e0 di specie vegetali e nel veleno di alcuni agenti patogeni psicoattivi come il Bufo Alvaris.<\/p>\n<p>La 5-MeO-DMT si trova nel veleno bianco lattiginoso del rospo del fiume Colorado. Gli sciamani sudamericani hanno usato il veleno di rospo per migliaia di anni. Oggi si studiano sia gli estratti del veleno di rospo che la forma sintetica in polvere. La sua sintesi e i suoi risultati sono stati documentati per la prima volta nel libro di Alexander Shulgin del 1997 TiHKAL (\"Tryptamines I Have Known and Loved\"). Studi recenti hanno dimostrato che pu\u00f2 fornire risultati mistici durante la ricerca ed \u00e8 cresciuta la sua popolarit\u00e0 negli ultimi anni.<\/p>\n<p>&nbsp;<\/p>\n<h2><strong>COME UTILIZZARE IL 5-MEO-DMT?<\/strong><\/h2>\n<p>Su Realchems \u00e8 possibile acquistare 5-MeO-DMT in forma di cloridrato e freebase della massima qualit\u00e0. Abbiamo 5-MeO-DMT disponibile in quantit\u00e0 di 5gr, 10gr e all'ingrosso. Assicurarsi di conservare la 5-MeO-DMT in un luogo asciutto e fresco per ottenere la massima durata di conservazione. Quando si maneggiano sostanze chimiche per la ricerca, assicurarsi di prendere sempre le dovute precauzioni in laboratorio, come pulire le superfici e indossare guanti, maschera e indumenti protettivi. Si consiglia una maggiore cautela con la 5-MeO-DMT a causa della sua elevata potenza.<\/p>\n<p>&nbsp;<\/p>\n<h2><strong>DEFINIZIONE 5-MEO-DMT<\/strong><\/h2>\n<p>La definizione di 5-MeO-DMT online \u00e8 ufficialmente nota come 5-Metossi-N, N-dimetiltriptamina. La 5-MeO-DMT \u00e8 uno psichedelico naturale ma molto potente della classe delle triptamine. \u00c8 addirittura considerato lo psichedelico pi\u00f9 potente nella storia della ricerca chimica.<\/p>\n<p>&nbsp;<\/p>\n<h2><strong>INFORMAZIONI DI BASE SULLA CHIMICA 5-MEO-DMT<\/strong><\/h2>\n<p>Le ricerche indicano che la 5-MeO-DMT produce il suo<a href=\"https:\/\/chemsxpress.com\/it\/categoria-di-prodotto\/ricerca-chimica\/\"> esiti<\/a> legandosi ai recettori della serotonina, anche se il meccanismo esatto \u00e8 sconosciuto. La 5-metossi-N,N-dimetiltriptammina \u00e8 un alcaloide indolico triptammico sostituito da un anello e condivide un nucleo di eterociclo indolico biciclico attaccato a R3 a un gruppo amminico terminale tramite una catena laterale etilica. Si presume che la 5-MeO-DMT sia molto potente. Le ricerche indicano che questa sostanza \u00e8 in grado di produrre grandi e drammatici risultati in laboratorio. Pertanto, si consiglia vivamente di utilizzare pratiche di riduzione del danno quando si conduce una ricerca su questa sostanza.<\/p>\n<p>&nbsp;<\/p>\n<h2><strong>DOVE COMPRARE la 5-MEO-DMT online?<\/strong><\/h2>\n<p>La 5-MeO-DMT pu\u00f2 essere acquistata qui, sul sito <a href=\"https:\/\/chemsxpress.com\/it\/\">ChemsXpress<\/a>\u00a0sito web. Vendiamo 5-MeO-DMT di qualit\u00e0 superiore, in genere in polvere. Tuttavia, spesso abbiamo a disposizione altre forme di sostanza, quindi non esitate a contattarci per vedere se abbiamo in magazzino la forma di sostanza che preferite. Per acquistare la 5-MeO-DMT da noi \u00e8 necessario avere almeno 18 anni.<\/p>","protected":false},"excerpt":{"rendered":"<p><strong>Nome IUPAC: <\/strong>2-(5-cloro-1H-indol-3-il)-N,N-dimetiletan-1-amina Sinonimi: 5-CL-N,N-dimetiltriptamina<\/p>\n<p><strong>Forma: <\/strong>polvere<\/p>\n<p><strong>Analisi NMR: <\/strong>C12H15ClN2<\/p>","protected":false},"featured_media":29070,"comment_status":"open","ping_status":"closed","template":"","meta":[],"product_brand":[],"product_cat":[92],"product_tag":[],"class_list":{"0":"post-28981","1":"product","2":"type-product","3":"status-publish","4":"has-post-thumbnail","6":"product_cat-tryptamines","8":"first","9":"instock","10":"shipping-taxable","11":"purchasable","12":"product-type-variable"},"yoast_head":"<!-- This site is optimized with the Yoast SEO Premium plugin v24.1 (Yoast SEO v27.5) - https:\/\/yoast.com\/product\/yoast-seo-premium-wordpress\/ -->\n<title>Buy 5-MEO-DMT Online: Premium Quality RC&#039;s | ChemsXpress<\/title>\n<meta name=\"description\" content=\"Buy 5-MEO-DMT online at ChemsXpress. Premium research chemicals, fast shipping. Trust our quality assurance for all your research needs. Order now\" \/>\n<meta name=\"robots\" content=\"index, follow, max-snippet:-1, max-image-preview:large, max-video-preview:-1\" \/>\n<link rel=\"canonical\" href=\"https:\/\/chemsxpress.com\/it\/prodotto\/acquistare-5-meo-dmt-online\/\" \/>\n<meta property=\"og:locale\" content=\"it_IT\" \/>\n<meta property=\"og:type\" content=\"article\" \/>\n<meta property=\"og:title\" content=\"5-CL-DMT .FUMARATE\" \/>\n<meta property=\"og:description\" content=\"Buy 5-MEO-DMT online at ChemsXpress. Premium research chemicals, fast shipping. Trust our quality assurance for all your research needs. Order now\" \/>\n<meta property=\"og:url\" content=\"https:\/\/chemsxpress.com\/it\/prodotto\/acquistare-5-meo-dmt-online\/\" \/>\n<meta property=\"og:site_name\" content=\"SHOP MDPHP\" \/>\n<meta property=\"article:modified_time\" content=\"2025-05-24T16:20:03+00:00\" \/>\n<meta property=\"og:image\" content=\"https:\/\/chemsxpress.com\/wp-content\/uploads\/2024\/04\/5-CL-DMT-.FUMARATE.jpg\" \/>\n\t<meta property=\"og:image:width\" content=\"600\" \/>\n\t<meta property=\"og:image:height\" content=\"600\" \/>\n\t<meta property=\"og:image:type\" content=\"image\/jpeg\" \/>\n<meta name=\"twitter:card\" content=\"summary_large_image\" \/>\n<meta name=\"twitter:label1\" content=\"Tempo di lettura stimato\" \/>\n\t<meta name=\"twitter:data1\" content=\"3 minuti\" \/>\n<script type=\"application\/ld+json\" class=\"yoast-schema-graph\">{\"@context\":\"https:\\\/\\\/schema.org\",\"@graph\":[{\"@type\":\"WebPage\",\"@id\":\"https:\\\/\\\/chemsxpress.com\\\/product\\\/buy-5-meo-dmt-online\\\/\",\"url\":\"https:\\\/\\\/chemsxpress.com\\\/product\\\/buy-5-meo-dmt-online\\\/\",\"name\":\"Buy 5-MEO-DMT Online: Premium Quality RC's | ChemsXpress\",\"isPartOf\":{\"@id\":\"https:\\\/\\\/chemsxpress.com\\\/#website\"},\"primaryImageOfPage\":{\"@id\":\"https:\\\/\\\/chemsxpress.com\\\/product\\\/buy-5-meo-dmt-online\\\/#primaryimage\"},\"image\":{\"@id\":\"https:\\\/\\\/chemsxpress.com\\\/product\\\/buy-5-meo-dmt-online\\\/#primaryimage\"},\"thumbnailUrl\":\"https:\\\/\\\/chemsxpress.com\\\/wp-content\\\/uploads\\\/2024\\\/04\\\/5-CL-DMT-.FUMARATE.jpg\",\"datePublished\":\"2024-04-29T13:19:58+00:00\",\"dateModified\":\"2025-05-24T16:20:03+00:00\",\"description\":\"Buy 5-MEO-DMT online at ChemsXpress. Premium research chemicals, fast shipping. Trust our quality assurance for all your research needs. Order now\",\"breadcrumb\":{\"@id\":\"https:\\\/\\\/chemsxpress.com\\\/product\\\/buy-5-meo-dmt-online\\\/#breadcrumb\"},\"inLanguage\":\"it-IT\",\"potentialAction\":[{\"@type\":\"ReadAction\",\"target\":[\"https:\\\/\\\/chemsxpress.com\\\/product\\\/buy-5-meo-dmt-online\\\/\"]}]},{\"@type\":\"ImageObject\",\"inLanguage\":\"it-IT\",\"@id\":\"https:\\\/\\\/chemsxpress.com\\\/product\\\/buy-5-meo-dmt-online\\\/#primaryimage\",\"url\":\"https:\\\/\\\/chemsxpress.com\\\/wp-content\\\/uploads\\\/2024\\\/04\\\/5-CL-DMT-.FUMARATE.jpg\",\"contentUrl\":\"https:\\\/\\\/chemsxpress.com\\\/wp-content\\\/uploads\\\/2024\\\/04\\\/5-CL-DMT-.FUMARATE.jpg\",\"width\":600,\"height\":600,\"caption\":\"BUY 5-MEO-DMT Online\"},{\"@type\":\"BreadcrumbList\",\"@id\":\"https:\\\/\\\/chemsxpress.com\\\/product\\\/buy-5-meo-dmt-online\\\/#breadcrumb\",\"itemListElement\":[{\"@type\":\"ListItem\",\"position\":1,\"name\":\"Home\",\"item\":\"https:\\\/\\\/chemsxpress.com\\\/\"},{\"@type\":\"ListItem\",\"position\":2,\"name\":\"Shop\",\"item\":\"https:\\\/\\\/chemsxpress.com\\\/shop\\\/\"},{\"@type\":\"ListItem\",\"position\":3,\"name\":\"5-CL-DMT .FUMARATE\"}]},{\"@type\":\"WebSite\",\"@id\":\"https:\\\/\\\/chemsxpress.com\\\/#website\",\"url\":\"https:\\\/\\\/chemsxpress.com\\\/\",\"name\":\"SHOP MDPHP\",\"description\":\"Buy MDPHP freebase from reliable supplier\",\"potentialAction\":[{\"@type\":\"SearchAction\",\"target\":{\"@type\":\"EntryPoint\",\"urlTemplate\":\"https:\\\/\\\/chemsxpress.com\\\/?s={search_term_string}\"},\"query-input\":{\"@type\":\"PropertyValueSpecification\",\"valueRequired\":true,\"valueName\":\"search_term_string\"}}],\"inLanguage\":\"it-IT\"}]}<\/script>\n<!-- \/ Yoast SEO Premium plugin. -->","yoast_head_json":{"title":"Comprare 5-MEO-DMT online: RC di qualit\u00e0 superiore | ChemsXpress","description":"Acquistare 5-MEO-DMT online su ChemsXpress. Prodotti chimici per la ricerca di alta qualit\u00e0, spedizione veloce. Affidatevi alla nostra garanzia di qualit\u00e0 per tutte le vostre esigenze di ricerca. Ordina ora","robots":{"index":"index","follow":"follow","max-snippet":"max-snippet:-1","max-image-preview":"max-image-preview:large","max-video-preview":"max-video-preview:-1"},"canonical":"https:\/\/chemsxpress.com\/it\/prodotto\/acquistare-5-meo-dmt-online\/","og_locale":"it_IT","og_type":"article","og_title":"5-CL-DMT .FUMARATE","og_description":"Buy 5-MEO-DMT online at ChemsXpress. Premium research chemicals, fast shipping. Trust our quality assurance for all your research needs. Order now","og_url":"https:\/\/chemsxpress.com\/it\/prodotto\/acquistare-5-meo-dmt-online\/","og_site_name":"SHOP MDPHP","article_modified_time":"2025-05-24T16:20:03+00:00","og_image":[{"width":600,"height":600,"url":"https:\/\/chemsxpress.com\/wp-content\/uploads\/2024\/04\/5-CL-DMT-.FUMARATE.jpg","type":"image\/jpeg"}],"twitter_card":"summary_large_image","twitter_misc":{"Tempo di lettura stimato":"3 minuti"},"schema":{"@context":"https:\/\/schema.org","@graph":[{"@type":"WebPage","@id":"https:\/\/chemsxpress.com\/product\/buy-5-meo-dmt-online\/","url":"https:\/\/chemsxpress.com\/product\/buy-5-meo-dmt-online\/","name":"Comprare 5-MEO-DMT online: RC di qualit\u00e0 superiore | ChemsXpress","isPartOf":{"@id":"https:\/\/chemsxpress.com\/#website"},"primaryImageOfPage":{"@id":"https:\/\/chemsxpress.com\/product\/buy-5-meo-dmt-online\/#primaryimage"},"image":{"@id":"https:\/\/chemsxpress.com\/product\/buy-5-meo-dmt-online\/#primaryimage"},"thumbnailUrl":"https:\/\/chemsxpress.com\/wp-content\/uploads\/2024\/04\/5-CL-DMT-.FUMARATE.jpg","datePublished":"2024-04-29T13:19:58+00:00","dateModified":"2025-05-24T16:20:03+00:00","description":"Acquistare 5-MEO-DMT online su ChemsXpress. Prodotti chimici per la ricerca di alta qualit\u00e0, spedizione veloce. Affidatevi alla nostra garanzia di qualit\u00e0 per tutte le vostre esigenze di ricerca. Ordina ora","breadcrumb":{"@id":"https:\/\/chemsxpress.com\/product\/buy-5-meo-dmt-online\/#breadcrumb"},"inLanguage":"it-IT","potentialAction":[{"@type":"ReadAction","target":["https:\/\/chemsxpress.com\/product\/buy-5-meo-dmt-online\/"]}]},{"@type":"ImageObject","inLanguage":"it-IT","@id":"https:\/\/chemsxpress.com\/product\/buy-5-meo-dmt-online\/#primaryimage","url":"https:\/\/chemsxpress.com\/wp-content\/uploads\/2024\/04\/5-CL-DMT-.FUMARATE.jpg","contentUrl":"https:\/\/chemsxpress.com\/wp-content\/uploads\/2024\/04\/5-CL-DMT-.FUMARATE.jpg","width":600,"height":600,"caption":"BUY 5-MEO-DMT Online"},{"@type":"BreadcrumbList","@id":"https:\/\/chemsxpress.com\/product\/buy-5-meo-dmt-online\/#breadcrumb","itemListElement":[{"@type":"ListItem","position":1,"name":"Home","item":"https:\/\/chemsxpress.com\/"},{"@type":"ListItem","position":2,"name":"Shop","item":"https:\/\/chemsxpress.com\/shop\/"},{"@type":"ListItem","position":3,"name":"5-CL-DMT .FUMARATE"}]},{"@type":"WebSite","@id":"https:\/\/chemsxpress.com\/#website","url":"https:\/\/chemsxpress.com\/","name":"NEGOZIO MDP","description":"Acquistare MDPHP freebase da un fornitore affidabile","potentialAction":[{"@type":"SearchAction","target":{"@type":"EntryPoint","urlTemplate":"https:\/\/chemsxpress.com\/?s={search_term_string}"},"query-input":{"@type":"PropertyValueSpecification","valueRequired":true,"valueName":"search_term_string"}}],"inLanguage":"it-IT"}]}},"jetpack_sharing_enabled":true,"_links":{"self":[{"href":"https:\/\/chemsxpress.com\/it\/wp-json\/wp\/v2\/product\/28981","targetHints":{"allow":["GET"]}}],"collection":[{"href":"https:\/\/chemsxpress.com\/it\/wp-json\/wp\/v2\/product"}],"about":[{"href":"https:\/\/chemsxpress.com\/it\/wp-json\/wp\/v2\/types\/product"}],"replies":[{"embeddable":true,"href":"https:\/\/chemsxpress.com\/it\/wp-json\/wp\/v2\/comments?post=28981"}],"version-history":[{"count":4,"href":"https:\/\/chemsxpress.com\/it\/wp-json\/wp\/v2\/product\/28981\/revisions"}],"predecessor-version":[{"id":30005,"href":"https:\/\/chemsxpress.com\/it\/wp-json\/wp\/v2\/product\/28981\/revisions\/30005"}],"wp:featuredmedia":[{"embeddable":true,"href":"https:\/\/chemsxpress.com\/it\/wp-json\/wp\/v2\/media\/29070"}],"wp:attachment":[{"href":"https:\/\/chemsxpress.com\/it\/wp-json\/wp\/v2\/media?parent=28981"}],"wp:term":[{"taxonomy":"product_brand","embeddable":true,"href":"https:\/\/chemsxpress.com\/it\/wp-json\/wp\/v2\/product_brand?post=28981"},{"taxonomy":"product_cat","embeddable":true,"href":"https:\/\/chemsxpress.com\/it\/wp-json\/wp\/v2\/product_cat?post=28981"},{"taxonomy":"product_tag","embeddable":true,"href":"https:\/\/chemsxpress.com\/it\/wp-json\/wp\/v2\/product_tag?post=28981"}],"curies":[{"name":"wp","href":"https:\/\/api.w.org\/{rel}","templated":true}]}}