{"id":29008,"date":"2024-04-29T13:20:19","date_gmt":"2024-04-29T13:20:19","guid":{"rendered":"https:\/\/chemsxpress.com\/?post_type=product&#038;p=29008"},"modified":"2025-05-23T20:08:56","modified_gmt":"2025-05-23T20:08:56","slug":"acquistare-5-meo-mipt-2","status":"publish","type":"product","link":"https:\/\/chemsxpress.com\/it\/prodotto\/acquistare-5-meo-mipt-2\/","title":{"rendered":"5-MEO-DIPT"},"content":{"rendered":"<h2><strong>COMPRARE 5-MEO-MIPT Online<\/strong><\/h2>\n<p>Il 5-MeO-MiPT, noto anche come 5-metossi-N-metil-N-isopropiltriptamina e moxy, \u00e8 uno psichedelico meno conosciuto della classe delle triptamine. La 5-MeO-MiPT \u00e8 strutturalmente correlata ad altre triptamine come la 5-MeO-DMT e la 5-MeO-DiPT.  \u00c8 poco comune rispetto alla dietilamide dell'acido lisergico e alla psilocina, ma esiste gi\u00e0 da un paio di decenni. Il 5-MeO-MiPT fa s\u00ec che il reagente di Ehrlich diventi viola e poi sfumi in un debole blu. Il reagente di Marquis diventa giallo fino al nero. Si ritiene che i risultati della ricerca psicoattiva derivino dall'attivit\u00e0 dei recettori della serotonina.<\/p>\n<p>La sintesi di 5-MeO-MiPT \u00e8 stata riportata per la prima volta nel 1985 da David Repke e Alexander Shulgin e descritta nel libro di Shulgin TiHKAL \"Tryptamines I Have Known and Loved\".<\/p>\n<p>I rapporti di ricerca descrivono gli effetti del 5-MeO-MiPT come altamente stimolanti e leggermente entactogeni, privi dei tipici risultati psichedelici. Si sa molto poco della 5-MeO-MiPT, e la sua storia \u00e8 limitata al <a href=\"https:\/\/chemsxpress.com\/it\/categoria-di-prodotto\/ricerca-chimica\/\">ricerca chimica<\/a> mercato. Raccomandiamo vivamente di utilizzare pratiche di riduzione del danno durante la ricerca di questa sostanza.<\/p>\n<p>&nbsp;<\/p>\n<h2><strong>COME UTILIZZARE IL 5-MEO-MIPT IN POLVERE E PELLET?<\/strong><\/h2>\n<p>Su ChemsXpress \u00e8 possibile acquistare 5-MeO-MIPT online in polvere e pellet della massima qualit\u00e0. Acquistare 5-MeO-MIPT in polvere in quantit\u00e0 di 0,25gr, 0,5gr, 1gr e 2gr o acquistare 5-MeO-MIPT in pellet in quantit\u00e0 che vanno da 1-25. Assicurarsi di conservare la polvere o i pellet di 5-MeO-MIPT in un luogo asciutto e fresco per ottenere la massima durata di conservazione. Quando si maneggiano sostanze chimiche per la ricerca, assicurarsi di prendere sempre le dovute precauzioni in laboratorio, come pulire le superfici e indossare guanti, maschera e indumenti protettivi.<\/p>\n<p>&nbsp;<\/p>\n<h2><strong>DEFINIZIONE 5-MEO-MIPT<\/strong><\/h2>\n<p>La definizione di 5-MeO-MIPT \u00e8 ufficialmente nota come 5-metossi-N-metil-N-isopropiltriptamina e comunemente conosciuta come moxy. \u00c8 una triptamina meno conosciuta, strutturalmente correlata alla 5-MeO-DMT e alla 5-MeO-DiPT.<\/p>\n<p>&nbsp;<\/p>\n<h2><strong>INFORMAZIONI DI BASE SULLA CHIMICA 5-MEO-MIPT<\/strong><\/h2>\n<p>Il 5-MeO-MiPT \u00e8 strutturalmente simile alla sostanza pi\u00f9 popolare 5-MeO-DiPT, nota anche come foxy methoxy, per cui il 5-MeO-MiPT \u00e8 soprannominato \"moxy\". Il 5-MeO-MiPT \u00e8 stato sintetizzato per la prima volta nel 1985 da David Repke e Alexander Shulgin. Alcuni ricercatori riportano i risultati tipici della 5-MeO-DiPT senza alcun risultato indesiderato e molto pi\u00f9 psichedelici rispetto alla 5-MeO-DMT.<\/p>\n<p>I ricercatori ritengono che il 5-MeO-MiPT agisca principalmente grazie all'agonismo dei recettori 5-HT2A. Il 5-MeO-MiPT si lega soprattutto ai recettori 5-HT1A; presenta inoltre una forte affinit\u00e0 di legame per il SERT e il NET, agendo come inibitore moderatamente potente della ricaptazione della serotonina-norepinefrina. Si sa molto poco del 5-MeO-MiPT e la sua storia sul mercato dei prodotti chimici per la ricerca \u00e8 breve. Si raccomanda vivamente di utilizzare pratiche di riduzione del danno quando si studia questa sostanza.<\/p>\n<p>&nbsp;<\/p>\n<h2><strong>DOVE ACQUISTARE 5-MEO-MIPT<\/strong><\/h2>\n<p>Il 5-MeO-MIPT pu\u00f2 essere acquistato qui, sul sito <a href=\"https:\/\/chemsxpress.com\/it\/\">sito web<\/a>. Vendiamo 5-MeO-MIPT di qualit\u00e0 superiore, in genere in polvere e pellet. Tuttavia, abbiamo spesso altre forme di sostanze disponibili, quindi non esitate a contattarci per vedere se abbiamo la forma di sostanza che preferite in magazzino. Devi avere almeno 18 anni per acquistare 5-MeO-MIPT da noi.<\/p>","protected":false},"excerpt":{"rendered":"<p><strong>Nome IUPAC: <\/strong>5-metossi-N,N-diisopropiltriptamina - cloridrato<\/p>\n<p><strong>CAS # <\/strong>4021-34-5<\/p>\n<p><strong>Forma: <\/strong>HCl<\/p>\n<p><strong>Analisi NMR: <\/strong>C17H26N2O<\/p>","protected":false},"featured_media":29074,"comment_status":"open","ping_status":"closed","template":"","meta":[],"product_brand":[],"product_cat":[92],"product_tag":[],"class_list":{"0":"post-29008","1":"product","2":"type-product","3":"status-publish","4":"has-post-thumbnail","6":"product_cat-tryptamines","8":"first","9":"instock","10":"shipping-taxable","11":"purchasable","12":"product-type-variable"},"yoast_head":"<!-- This site is optimized with the Yoast SEO Premium plugin v24.1 (Yoast SEO v27.4) - https:\/\/yoast.com\/product\/yoast-seo-premium-wordpress\/ -->\n<title>Buy 5-MEO-MIPT Online: Premium Quality RC&#039;s | ChemsXpres<\/title>\n<meta name=\"description\" content=\"Buy 5-MEO-MIPT online at ChemsXpress. Premium research chemicals, fast shipping. Trust our quality assurance for all your research needs. Order now\" \/>\n<meta name=\"robots\" content=\"index, follow, max-snippet:-1, max-image-preview:large, max-video-preview:-1\" \/>\n<link rel=\"canonical\" href=\"https:\/\/chemsxpress.com\/it\/prodotto\/acquistare-5-meo-mipt-2\/\" \/>\n<meta property=\"og:locale\" content=\"it_IT\" \/>\n<meta property=\"og:type\" content=\"article\" \/>\n<meta property=\"og:title\" content=\"5-MEO-DIPT\" \/>\n<meta property=\"og:description\" content=\"Buy 5-MEO-MIPT online at ChemsXpress. Premium research chemicals, fast shipping. Trust our quality assurance for all your research needs. Order now\" \/>\n<meta property=\"og:url\" content=\"https:\/\/chemsxpress.com\/it\/prodotto\/acquistare-5-meo-mipt-2\/\" \/>\n<meta property=\"og:site_name\" content=\"SHOP MDPHP\" \/>\n<meta property=\"article:modified_time\" content=\"2025-05-23T20:08:56+00:00\" \/>\n<meta property=\"og:image\" content=\"https:\/\/chemsxpress.com\/wp-content\/uploads\/2024\/04\/5-MEO-DIPT.jpg\" \/>\n\t<meta property=\"og:image:width\" content=\"600\" \/>\n\t<meta property=\"og:image:height\" content=\"600\" \/>\n\t<meta property=\"og:image:type\" content=\"image\/jpeg\" \/>\n<meta name=\"twitter:card\" content=\"summary_large_image\" \/>\n<meta name=\"twitter:label1\" content=\"Tempo di lettura stimato\" \/>\n\t<meta name=\"twitter:data1\" content=\"3 minuti\" \/>\n<script type=\"application\/ld+json\" class=\"yoast-schema-graph\">{\"@context\":\"https:\\\/\\\/schema.org\",\"@graph\":[{\"@type\":\"WebPage\",\"@id\":\"https:\\\/\\\/chemsxpress.com\\\/product\\\/buy-5-meo-mipt-2\\\/\",\"url\":\"https:\\\/\\\/chemsxpress.com\\\/product\\\/buy-5-meo-mipt-2\\\/\",\"name\":\"Buy 5-MEO-MIPT Online: Premium Quality RC's | ChemsXpres\",\"isPartOf\":{\"@id\":\"https:\\\/\\\/chemsxpress.com\\\/#website\"},\"primaryImageOfPage\":{\"@id\":\"https:\\\/\\\/chemsxpress.com\\\/product\\\/buy-5-meo-mipt-2\\\/#primaryimage\"},\"image\":{\"@id\":\"https:\\\/\\\/chemsxpress.com\\\/product\\\/buy-5-meo-mipt-2\\\/#primaryimage\"},\"thumbnailUrl\":\"https:\\\/\\\/chemsxpress.com\\\/wp-content\\\/uploads\\\/2024\\\/04\\\/5-MEO-DIPT.jpg\",\"datePublished\":\"2024-04-29T13:20:19+00:00\",\"dateModified\":\"2025-05-23T20:08:56+00:00\",\"description\":\"Buy 5-MEO-MIPT online at ChemsXpress. Premium research chemicals, fast shipping. Trust our quality assurance for all your research needs. Order now\",\"breadcrumb\":{\"@id\":\"https:\\\/\\\/chemsxpress.com\\\/product\\\/buy-5-meo-mipt-2\\\/#breadcrumb\"},\"inLanguage\":\"it-IT\",\"potentialAction\":[{\"@type\":\"ReadAction\",\"target\":[\"https:\\\/\\\/chemsxpress.com\\\/product\\\/buy-5-meo-mipt-2\\\/\"]}]},{\"@type\":\"ImageObject\",\"inLanguage\":\"it-IT\",\"@id\":\"https:\\\/\\\/chemsxpress.com\\\/product\\\/buy-5-meo-mipt-2\\\/#primaryimage\",\"url\":\"https:\\\/\\\/chemsxpress.com\\\/wp-content\\\/uploads\\\/2024\\\/04\\\/5-MEO-DIPT.jpg\",\"contentUrl\":\"https:\\\/\\\/chemsxpress.com\\\/wp-content\\\/uploads\\\/2024\\\/04\\\/5-MEO-DIPT.jpg\",\"width\":600,\"height\":600,\"caption\":\"Buy 5-MeO-MiPT\u00a0 Online\"},{\"@type\":\"BreadcrumbList\",\"@id\":\"https:\\\/\\\/chemsxpress.com\\\/product\\\/buy-5-meo-mipt-2\\\/#breadcrumb\",\"itemListElement\":[{\"@type\":\"ListItem\",\"position\":1,\"name\":\"Home\",\"item\":\"https:\\\/\\\/chemsxpress.com\\\/\"},{\"@type\":\"ListItem\",\"position\":2,\"name\":\"Shop\",\"item\":\"https:\\\/\\\/chemsxpress.com\\\/shop\\\/\"},{\"@type\":\"ListItem\",\"position\":3,\"name\":\"5-MEO-DIPT\"}]},{\"@type\":\"WebSite\",\"@id\":\"https:\\\/\\\/chemsxpress.com\\\/#website\",\"url\":\"https:\\\/\\\/chemsxpress.com\\\/\",\"name\":\"SHOP MDPHP\",\"description\":\"Buy MDPHP freebase from reliable supplier\",\"potentialAction\":[{\"@type\":\"SearchAction\",\"target\":{\"@type\":\"EntryPoint\",\"urlTemplate\":\"https:\\\/\\\/chemsxpress.com\\\/?s={search_term_string}\"},\"query-input\":{\"@type\":\"PropertyValueSpecification\",\"valueRequired\":true,\"valueName\":\"search_term_string\"}}],\"inLanguage\":\"it-IT\"}]}<\/script>\n<!-- \/ Yoast SEO Premium plugin. -->","yoast_head_json":{"title":"Acquista online 5-MEO-MIPT: Qualit\u00e0 Premium RC's | ChemsXpres","description":"Acquistare 5-MEO-MIPT online su ChemsXpress. Prodotti chimici per la ricerca di alta qualit\u00e0, spedizione veloce. Affidatevi alla nostra garanzia di qualit\u00e0 per tutte le vostre esigenze di ricerca. Ordina ora","robots":{"index":"index","follow":"follow","max-snippet":"max-snippet:-1","max-image-preview":"max-image-preview:large","max-video-preview":"max-video-preview:-1"},"canonical":"https:\/\/chemsxpress.com\/it\/prodotto\/acquistare-5-meo-mipt-2\/","og_locale":"it_IT","og_type":"article","og_title":"5-MEO-DIPT","og_description":"Buy 5-MEO-MIPT online at ChemsXpress. Premium research chemicals, fast shipping. Trust our quality assurance for all your research needs. Order now","og_url":"https:\/\/chemsxpress.com\/it\/prodotto\/acquistare-5-meo-mipt-2\/","og_site_name":"SHOP MDPHP","article_modified_time":"2025-05-23T20:08:56+00:00","og_image":[{"width":600,"height":600,"url":"https:\/\/chemsxpress.com\/wp-content\/uploads\/2024\/04\/5-MEO-DIPT.jpg","type":"image\/jpeg"}],"twitter_card":"summary_large_image","twitter_misc":{"Tempo di lettura stimato":"3 minuti"},"schema":{"@context":"https:\/\/schema.org","@graph":[{"@type":"WebPage","@id":"https:\/\/chemsxpress.com\/product\/buy-5-meo-mipt-2\/","url":"https:\/\/chemsxpress.com\/product\/buy-5-meo-mipt-2\/","name":"Acquista online 5-MEO-MIPT: Qualit\u00e0 Premium RC's | ChemsXpres","isPartOf":{"@id":"https:\/\/chemsxpress.com\/#website"},"primaryImageOfPage":{"@id":"https:\/\/chemsxpress.com\/product\/buy-5-meo-mipt-2\/#primaryimage"},"image":{"@id":"https:\/\/chemsxpress.com\/product\/buy-5-meo-mipt-2\/#primaryimage"},"thumbnailUrl":"https:\/\/chemsxpress.com\/wp-content\/uploads\/2024\/04\/5-MEO-DIPT.jpg","datePublished":"2024-04-29T13:20:19+00:00","dateModified":"2025-05-23T20:08:56+00:00","description":"Acquistare 5-MEO-MIPT online su ChemsXpress. Prodotti chimici per la ricerca di alta qualit\u00e0, spedizione veloce. Affidatevi alla nostra garanzia di qualit\u00e0 per tutte le vostre esigenze di ricerca. Ordina ora","breadcrumb":{"@id":"https:\/\/chemsxpress.com\/product\/buy-5-meo-mipt-2\/#breadcrumb"},"inLanguage":"it-IT","potentialAction":[{"@type":"ReadAction","target":["https:\/\/chemsxpress.com\/product\/buy-5-meo-mipt-2\/"]}]},{"@type":"ImageObject","inLanguage":"it-IT","@id":"https:\/\/chemsxpress.com\/product\/buy-5-meo-mipt-2\/#primaryimage","url":"https:\/\/chemsxpress.com\/wp-content\/uploads\/2024\/04\/5-MEO-DIPT.jpg","contentUrl":"https:\/\/chemsxpress.com\/wp-content\/uploads\/2024\/04\/5-MEO-DIPT.jpg","width":600,"height":600,"caption":"Buy 5-MeO-MiPT\u00a0 Online"},{"@type":"BreadcrumbList","@id":"https:\/\/chemsxpress.com\/product\/buy-5-meo-mipt-2\/#breadcrumb","itemListElement":[{"@type":"ListItem","position":1,"name":"Home","item":"https:\/\/chemsxpress.com\/"},{"@type":"ListItem","position":2,"name":"Shop","item":"https:\/\/chemsxpress.com\/shop\/"},{"@type":"ListItem","position":3,"name":"5-MEO-DIPT"}]},{"@type":"WebSite","@id":"https:\/\/chemsxpress.com\/#website","url":"https:\/\/chemsxpress.com\/","name":"NEGOZIO MDP","description":"Acquistare MDPHP freebase da un fornitore affidabile","potentialAction":[{"@type":"SearchAction","target":{"@type":"EntryPoint","urlTemplate":"https:\/\/chemsxpress.com\/?s={search_term_string}"},"query-input":{"@type":"PropertyValueSpecification","valueRequired":true,"valueName":"search_term_string"}}],"inLanguage":"it-IT"}]}},"jetpack_sharing_enabled":true,"_links":{"self":[{"href":"https:\/\/chemsxpress.com\/it\/wp-json\/wp\/v2\/product\/29008","targetHints":{"allow":["GET"]}}],"collection":[{"href":"https:\/\/chemsxpress.com\/it\/wp-json\/wp\/v2\/product"}],"about":[{"href":"https:\/\/chemsxpress.com\/it\/wp-json\/wp\/v2\/types\/product"}],"replies":[{"embeddable":true,"href":"https:\/\/chemsxpress.com\/it\/wp-json\/wp\/v2\/comments?post=29008"}],"version-history":[{"count":4,"href":"https:\/\/chemsxpress.com\/it\/wp-json\/wp\/v2\/product\/29008\/revisions"}],"predecessor-version":[{"id":29999,"href":"https:\/\/chemsxpress.com\/it\/wp-json\/wp\/v2\/product\/29008\/revisions\/29999"}],"wp:featuredmedia":[{"embeddable":true,"href":"https:\/\/chemsxpress.com\/it\/wp-json\/wp\/v2\/media\/29074"}],"wp:attachment":[{"href":"https:\/\/chemsxpress.com\/it\/wp-json\/wp\/v2\/media?parent=29008"}],"wp:term":[{"taxonomy":"product_brand","embeddable":true,"href":"https:\/\/chemsxpress.com\/it\/wp-json\/wp\/v2\/product_brand?post=29008"},{"taxonomy":"product_cat","embeddable":true,"href":"https:\/\/chemsxpress.com\/it\/wp-json\/wp\/v2\/product_cat?post=29008"},{"taxonomy":"product_tag","embeddable":true,"href":"https:\/\/chemsxpress.com\/it\/wp-json\/wp\/v2\/product_tag?post=29008"}],"curies":[{"name":"wp","href":"https:\/\/api.w.org\/{rel}","templated":true}]}}