{"id":29009,"date":"2024-04-29T13:20:19","date_gmt":"2024-04-29T13:20:19","guid":{"rendered":"https:\/\/chemsxpress.com\/?post_type=product&#038;p=29009"},"modified":"2025-05-23T13:00:36","modified_gmt":"2025-05-23T13:00:36","slug":"acquistare-5-meo-dalt","status":"publish","type":"product","link":"https:\/\/chemsxpress.com\/it\/prodotto\/acquistare-5-meo-dalt\/","title":{"rendered":"5-MeO-DALT"},"content":{"rendered":"<h2><strong>ACQUISTA 5-MEO-DALT<\/strong><\/h2>\n<p>Il 5-MeO-DALT, noto anche come N, N-Diallyl-5-metossitriptamina o colloquialmente come Foxtrot, \u00e8 uno psichedelico meno conosciuto della classe delle triptamine.  Alexander Theodore Shulgin \u00e8 stato un chimico, biochimico, chimico organico, farmacologo, psicofarmacologo e autore americano.  A lui si deve l'introduzione dell'MDMA e per questo \u00e8 conosciuto come il Padrino degli psichedelici. Nel 2004, Shulgin ha trasmesso la sua ricerca a un collaboratore di ricerca di nome Murple nel maggio dello stesso anno, dopodich\u00e9 si \u00e8 rapidamente diffusa. Poco dopo la scoperta, il 5-MeO-DALT \u00e8 apparso sul mercato. <a href=\"https:\/\/chemsxpress.com\/it\/categoria-di-prodotto\/ricerca-chimica\/\">ricerca chimica<\/a> mercato dopo essere stato sintetizzato da laboratori commerciali in Cina. Erowid ha pubblicato ufficialmente la sintesi e i risultati del 5-MeO-DALT. I rapporti sul rilevamento del 5-MeO-DALT da parte dei ricercatori hanno iniziato a emergere nel 2007.<\/p>\n<h2><strong>COME UTILIZZARE LA POLVERE DI 5-MEO-DALT?<\/strong><\/h2>\n<p>Acquistare online i prodotti chimici per la ricerca 5-MeO-DALT in polvere di altissima qualit\u00e0. Fornito da Realchems nelle quantit\u00e0 di 0,25gr, 0,5gr, 1gr, 2gr e 5gr. Assicurarsi di conservare la polvere di 5-MeO-DALT in un luogo asciutto e fresco per la massima durata di conservazione. Quando si maneggiano sostanze chimiche per la ricerca, assicurarsi di prendere sempre le dovute precauzioni in laboratorio, come pulire le superfici e indossare guanti, maschera e indumenti protettivi.<\/p>\n<p>&nbsp;<\/p>\n<h2><strong>DEFINIZIONE 5-MEO-DALT<\/strong><\/h2>\n<p>La definizione di 5-MeO-DALT \u00e8 ufficialmente nota come N, N-Diallil-5-metossitriptamina o colloquialmente come Foxtrot, uno psichedelico strutturalmente correlato alle triptamine come 5-MeO-DiPT e DALT.<\/p>\n<p>&nbsp;<\/p>\n<h2><strong>INFORMAZIONI DI BASE SULLA CHIMICA 5-MEO-DALT<\/strong><\/h2>\n<p>La N, N-Diallil-5-metossitriptamina prende il nome dalla struttura chimica 5-MethOxy-DiALlyl Tryptamine ed \u00e8 costituita da due gruppi allilici legati al gruppo amminico e da un gruppo 5-metossico attaccato all'anello indolico della triptamina. Il 5-Meo-DALT \u00e8 strutturalmente correlato al DALT e al 5-MeO-DiPT e si trova spesso in polvere di colore bianco sporco.<\/p>\n<p>In teoria, il 5-MeO-DALT agisce come agonista parziale 5-HT2A. Si ritiene che i risultati psichedelici derivino dalla sua efficacia sui recettori 5-HT2A. Tuttavia, i risultati della ricerca sono ancora oggetto di studi scientifici in corso. Il 5-MeO-DALT ha una storia molto breve. Pertanto, si raccomanda vivamente di utilizzare pratiche di riduzione del danno quando si conduce una ricerca su questa sostanza.<\/p>\n<p>&nbsp;<\/p>\n<h2><strong>DOVE ACQUISTARE 5-MEO-DALT<\/strong><\/h2>\n<p>Il 5-MeO-DALT pu\u00f2 essere acquistato qui, sul sito<a href=\"https:\/\/chemsxpress.com\/it\/\"> ChemsXpress<\/a> sito web. Vendiamo 5-MeO-DALT di qualit\u00e0 superiore, in genere in polvere. Tuttavia, spesso abbiamo a disposizione altre forme di sostanza, quindi non esitate a contattarci per vedere se abbiamo la forma di sostanza che preferite in magazzino. Devi avere almeno 18 anni per acquistare 5-MeO-DALT da noi.<\/p>","protected":false},"excerpt":{"rendered":"<p><strong>IUPAC-Name: <\/strong>N-allyl-N-[2-(5-methoxy-1H-indol-3-yl)ethyl] prop-2-en-1- amine<\/p>\n<p><strong>CAS # <\/strong>928822-98-4<\/p>\n<p><strong>Other name: <\/strong>N,N-di allyl-5-methoxy tryptamine<\/p>\n<p><strong>Form: <\/strong>hcl<\/p>\n<p><strong>NMR Analysis: <\/strong>C17H22N2O<\/p>\n","protected":false},"featured_media":29076,"comment_status":"open","ping_status":"closed","template":"","meta":[],"product_brand":[],"product_cat":[92],"product_tag":[],"class_list":{"0":"post-29009","1":"product","2":"type-product","3":"status-publish","4":"has-post-thumbnail","6":"product_cat-tryptamines","8":"first","9":"instock","10":"shipping-taxable","11":"purchasable","12":"product-type-variable"},"yoast_head":"<!-- This site is optimized with the Yoast SEO Premium plugin v24.1 (Yoast SEO v27.6) - https:\/\/yoast.com\/product\/yoast-seo-premium-wordpress\/ -->\n<title>Buy 5-MEO-DALT Online: Premium Quality RC&#039;s | ChemsXpress<\/title>\n<meta name=\"description\" content=\"Discover 5-MEO-DALT at ChemsXpress. Premium research chemicals, fast shipping. Trust our quality assurance for all your research needs. Order now\" \/>\n<meta name=\"robots\" content=\"index, follow, max-snippet:-1, max-image-preview:large, max-video-preview:-1\" \/>\n<link rel=\"canonical\" href=\"https:\/\/chemsxpress.com\/it\/prodotto\/acquistare-5-meo-dalt\/\" \/>\n<meta property=\"og:locale\" content=\"it_IT\" \/>\n<meta property=\"og:type\" content=\"article\" \/>\n<meta property=\"og:title\" content=\"5-MeO-DALT\" \/>\n<meta property=\"og:description\" content=\"Discover 5-MEO-DALT at ChemsXpress. Premium research chemicals, fast shipping. Trust our quality assurance for all your research needs. Order now\" \/>\n<meta property=\"og:url\" content=\"https:\/\/chemsxpress.com\/it\/prodotto\/acquistare-5-meo-dalt\/\" \/>\n<meta property=\"og:site_name\" content=\"SHOP MDPHP\" \/>\n<meta property=\"article:modified_time\" content=\"2025-05-23T13:00:36+00:00\" \/>\n<meta property=\"og:image\" content=\"https:\/\/chemsxpress.com\/wp-content\/uploads\/2024\/04\/5-MeO-DALT.jpg\" \/>\n\t<meta property=\"og:image:width\" content=\"600\" \/>\n\t<meta property=\"og:image:height\" content=\"600\" \/>\n\t<meta property=\"og:image:type\" content=\"image\/jpeg\" \/>\n<meta name=\"twitter:card\" content=\"summary_large_image\" \/>\n<meta name=\"twitter:label1\" content=\"Tempo di lettura stimato\" \/>\n\t<meta name=\"twitter:data1\" content=\"2 minuti\" \/>\n<script type=\"application\/ld+json\" class=\"yoast-schema-graph\">{\"@context\":\"https:\\\/\\\/schema.org\",\"@graph\":[{\"@type\":\"WebPage\",\"@id\":\"https:\\\/\\\/chemsxpress.com\\\/product\\\/buy-5-meo-dalt\\\/\",\"url\":\"https:\\\/\\\/chemsxpress.com\\\/product\\\/buy-5-meo-dalt\\\/\",\"name\":\"Buy 5-MEO-DALT Online: Premium Quality RC's | ChemsXpress\",\"isPartOf\":{\"@id\":\"https:\\\/\\\/chemsxpress.com\\\/#website\"},\"primaryImageOfPage\":{\"@id\":\"https:\\\/\\\/chemsxpress.com\\\/product\\\/buy-5-meo-dalt\\\/#primaryimage\"},\"image\":{\"@id\":\"https:\\\/\\\/chemsxpress.com\\\/product\\\/buy-5-meo-dalt\\\/#primaryimage\"},\"thumbnailUrl\":\"https:\\\/\\\/chemsxpress.com\\\/wp-content\\\/uploads\\\/2024\\\/04\\\/5-MeO-DALT.jpg\",\"datePublished\":\"2024-04-29T13:20:19+00:00\",\"dateModified\":\"2025-05-23T13:00:36+00:00\",\"description\":\"Discover 5-MEO-DALT at ChemsXpress. Premium research chemicals, fast shipping. Trust our quality assurance for all your research needs. Order now\",\"breadcrumb\":{\"@id\":\"https:\\\/\\\/chemsxpress.com\\\/product\\\/buy-5-meo-dalt\\\/#breadcrumb\"},\"inLanguage\":\"it-IT\",\"potentialAction\":[{\"@type\":\"ReadAction\",\"target\":[\"https:\\\/\\\/chemsxpress.com\\\/product\\\/buy-5-meo-dalt\\\/\"]}]},{\"@type\":\"ImageObject\",\"inLanguage\":\"it-IT\",\"@id\":\"https:\\\/\\\/chemsxpress.com\\\/product\\\/buy-5-meo-dalt\\\/#primaryimage\",\"url\":\"https:\\\/\\\/chemsxpress.com\\\/wp-content\\\/uploads\\\/2024\\\/04\\\/5-MeO-DALT.jpg\",\"contentUrl\":\"https:\\\/\\\/chemsxpress.com\\\/wp-content\\\/uploads\\\/2024\\\/04\\\/5-MeO-DALT.jpg\",\"width\":600,\"height\":600,\"caption\":\"BUY 5-MEO-DALT\"},{\"@type\":\"BreadcrumbList\",\"@id\":\"https:\\\/\\\/chemsxpress.com\\\/product\\\/buy-5-meo-dalt\\\/#breadcrumb\",\"itemListElement\":[{\"@type\":\"ListItem\",\"position\":1,\"name\":\"Home\",\"item\":\"https:\\\/\\\/chemsxpress.com\\\/\"},{\"@type\":\"ListItem\",\"position\":2,\"name\":\"Shop\",\"item\":\"https:\\\/\\\/chemsxpress.com\\\/shop\\\/\"},{\"@type\":\"ListItem\",\"position\":3,\"name\":\"5-MeO-DALT\"}]},{\"@type\":\"WebSite\",\"@id\":\"https:\\\/\\\/chemsxpress.com\\\/#website\",\"url\":\"https:\\\/\\\/chemsxpress.com\\\/\",\"name\":\"SHOP MDPHP\",\"description\":\"Buy MDPHP freebase from reliable supplier\",\"potentialAction\":[{\"@type\":\"SearchAction\",\"target\":{\"@type\":\"EntryPoint\",\"urlTemplate\":\"https:\\\/\\\/chemsxpress.com\\\/?s={search_term_string}\"},\"query-input\":{\"@type\":\"PropertyValueSpecification\",\"valueRequired\":true,\"valueName\":\"search_term_string\"}}],\"inLanguage\":\"it-IT\"}]}<\/script>\n<!-- \/ Yoast SEO Premium plugin. -->","yoast_head_json":{"title":"Acquista online 5-MEO-DALT: RC di qualit\u00e0 superiore | ChemsXpress","description":"Scoprite 5-MEO-DALT su ChemsXpress. Prodotti chimici per la ricerca di qualit\u00e0 superiore, spedizione rapida. Affidatevi alla nostra garanzia di qualit\u00e0 per tutte le vostre esigenze di ricerca. Ordinate ora","robots":{"index":"index","follow":"follow","max-snippet":"max-snippet:-1","max-image-preview":"max-image-preview:large","max-video-preview":"max-video-preview:-1"},"canonical":"https:\/\/chemsxpress.com\/it\/prodotto\/acquistare-5-meo-dalt\/","og_locale":"it_IT","og_type":"article","og_title":"5-MeO-DALT","og_description":"Discover 5-MEO-DALT at ChemsXpress. Premium research chemicals, fast shipping. Trust our quality assurance for all your research needs. Order now","og_url":"https:\/\/chemsxpress.com\/it\/prodotto\/acquistare-5-meo-dalt\/","og_site_name":"SHOP MDPHP","article_modified_time":"2025-05-23T13:00:36+00:00","og_image":[{"width":600,"height":600,"url":"https:\/\/chemsxpress.com\/wp-content\/uploads\/2024\/04\/5-MeO-DALT.jpg","type":"image\/jpeg"}],"twitter_card":"summary_large_image","twitter_misc":{"Tempo di lettura stimato":"2 minuti"},"schema":{"@context":"https:\/\/schema.org","@graph":[{"@type":"WebPage","@id":"https:\/\/chemsxpress.com\/product\/buy-5-meo-dalt\/","url":"https:\/\/chemsxpress.com\/product\/buy-5-meo-dalt\/","name":"Acquista online 5-MEO-DALT: RC di qualit\u00e0 superiore | ChemsXpress","isPartOf":{"@id":"https:\/\/chemsxpress.com\/#website"},"primaryImageOfPage":{"@id":"https:\/\/chemsxpress.com\/product\/buy-5-meo-dalt\/#primaryimage"},"image":{"@id":"https:\/\/chemsxpress.com\/product\/buy-5-meo-dalt\/#primaryimage"},"thumbnailUrl":"https:\/\/chemsxpress.com\/wp-content\/uploads\/2024\/04\/5-MeO-DALT.jpg","datePublished":"2024-04-29T13:20:19+00:00","dateModified":"2025-05-23T13:00:36+00:00","description":"Scoprite 5-MEO-DALT su ChemsXpress. Prodotti chimici per la ricerca di qualit\u00e0 superiore, spedizione rapida. Affidatevi alla nostra garanzia di qualit\u00e0 per tutte le vostre esigenze di ricerca. Ordinate ora","breadcrumb":{"@id":"https:\/\/chemsxpress.com\/product\/buy-5-meo-dalt\/#breadcrumb"},"inLanguage":"it-IT","potentialAction":[{"@type":"ReadAction","target":["https:\/\/chemsxpress.com\/product\/buy-5-meo-dalt\/"]}]},{"@type":"ImageObject","inLanguage":"it-IT","@id":"https:\/\/chemsxpress.com\/product\/buy-5-meo-dalt\/#primaryimage","url":"https:\/\/chemsxpress.com\/wp-content\/uploads\/2024\/04\/5-MeO-DALT.jpg","contentUrl":"https:\/\/chemsxpress.com\/wp-content\/uploads\/2024\/04\/5-MeO-DALT.jpg","width":600,"height":600,"caption":"BUY 5-MEO-DALT"},{"@type":"BreadcrumbList","@id":"https:\/\/chemsxpress.com\/product\/buy-5-meo-dalt\/#breadcrumb","itemListElement":[{"@type":"ListItem","position":1,"name":"Home","item":"https:\/\/chemsxpress.com\/"},{"@type":"ListItem","position":2,"name":"Shop","item":"https:\/\/chemsxpress.com\/shop\/"},{"@type":"ListItem","position":3,"name":"5-MeO-DALT"}]},{"@type":"WebSite","@id":"https:\/\/chemsxpress.com\/#website","url":"https:\/\/chemsxpress.com\/","name":"NEGOZIO MDP","description":"Acquistare MDPHP freebase da un fornitore affidabile","potentialAction":[{"@type":"SearchAction","target":{"@type":"EntryPoint","urlTemplate":"https:\/\/chemsxpress.com\/?s={search_term_string}"},"query-input":{"@type":"PropertyValueSpecification","valueRequired":true,"valueName":"search_term_string"}}],"inLanguage":"it-IT"}]}},"jetpack_sharing_enabled":true,"_links":{"self":[{"href":"https:\/\/chemsxpress.com\/it\/wp-json\/wp\/v2\/product\/29009","targetHints":{"allow":["GET"]}}],"collection":[{"href":"https:\/\/chemsxpress.com\/it\/wp-json\/wp\/v2\/product"}],"about":[{"href":"https:\/\/chemsxpress.com\/it\/wp-json\/wp\/v2\/types\/product"}],"replies":[{"embeddable":true,"href":"https:\/\/chemsxpress.com\/it\/wp-json\/wp\/v2\/comments?post=29009"}],"version-history":[{"count":4,"href":"https:\/\/chemsxpress.com\/it\/wp-json\/wp\/v2\/product\/29009\/revisions"}],"predecessor-version":[{"id":30000,"href":"https:\/\/chemsxpress.com\/it\/wp-json\/wp\/v2\/product\/29009\/revisions\/30000"}],"wp:featuredmedia":[{"embeddable":true,"href":"https:\/\/chemsxpress.com\/it\/wp-json\/wp\/v2\/media\/29076"}],"wp:attachment":[{"href":"https:\/\/chemsxpress.com\/it\/wp-json\/wp\/v2\/media?parent=29009"}],"wp:term":[{"taxonomy":"product_brand","embeddable":true,"href":"https:\/\/chemsxpress.com\/it\/wp-json\/wp\/v2\/product_brand?post=29009"},{"taxonomy":"product_cat","embeddable":true,"href":"https:\/\/chemsxpress.com\/it\/wp-json\/wp\/v2\/product_cat?post=29009"},{"taxonomy":"product_tag","embeddable":true,"href":"https:\/\/chemsxpress.com\/it\/wp-json\/wp\/v2\/product_tag?post=29009"}],"curies":[{"name":"wp","href":"https:\/\/api.w.org\/{rel}","templated":true}]}}