{"id":29011,"date":"2024-04-29T13:20:20","date_gmt":"2024-04-29T13:20:20","guid":{"rendered":"https:\/\/chemsxpress.com\/?post_type=product&#038;p=29011"},"modified":"2025-05-26T15:53:16","modified_gmt":"2025-05-26T15:53:16","slug":"acquistare-ept-online","status":"publish","type":"product","link":"https:\/\/chemsxpress.com\/it\/prodotto\/acquistare-ept-online\/","title":{"rendered":"EPT"},"content":{"rendered":"<h1 style=\"font-weight: 500;\"><span data-contrast=\"none\">Acquistare EPT online <\/span><span data-ccp-props=\"{}\">\u00a0<\/span><\/h1>\n<p><span data-contrast=\"none\">Acquistare EPT online \u00e8 l'abbreviazione di <\/span><span data-contrast=\"auto\">N-Etil-N-<\/span><span data-contrast=\"auto\">propiltriptamina<\/span><span data-contrast=\"auto\">. Rientra nella classe delle sostanze chimiche triptamine. L'EPT \u00e8 una triptamina relativamente nuova e relativamente oscura. Infatti, la data di sintesi originale dell'EPT \u00e8 sconosciuta. Tuttavia, \u00e8 disponibile per la vendita sul mercato della ricerca dal 2016. I risultati degli esperimenti di laboratorio sull'EPT sono tipicamente descritti come meno intensi di quelli di altre triptamine, come DMT, DET e DPT. Quindi, se siete alla ricerca di un'alternativa pi\u00f9 dolce alla DMT, al DET o al DPT, la EPT \u00e8 un'opzione valida per voi.\u00a0<\/span><span data-ccp-props=\"{}\">\u00a0<\/span><\/p>\n<p>L'EPT, o etilpropiltriptamina, \u00e8 un composto chimico appartenente alla classe delle triptamine. \u00c8 un analogo strutturale della DMT (N,N-Dimetiltriptamina) ed \u00e8 considerato un composto psichedelico. Tuttavia, le informazioni disponibili sulla sua farmacologia, i suoi effetti e il suo profilo di sicurezza sono limitate a causa del suo stato di novit\u00e0. <a href=\"https:\/\/chemsxpress.com\/it\/categoria-di-prodotto\/ricerca-chimica\/\">ricerca chimica<\/a>.<\/p>\n<p>Come per altre sostanze chimiche per la ricerca, occorre prestare attenzione quando si maneggia e si fa ricerca sulla EPT. I ricercatori devono attenersi a rigorosi protocolli di sicurezza e alle normative legali in materia di possesso, uso e distribuzione.<\/p>\n<p>\u00c8 importante notare che l'uso della EPT per il consumo umano non \u00e8 approvato dalle autorit\u00e0 di regolamentazione e i suoi effetti sull'uomo non sono stati studiati a fondo. Pertanto, qualsiasi ricerca che coinvolga la EPT deve essere condotta con la massima attenzione e considerazione etica.<\/p>\n<h2 style=\"font-weight: 500;\"><span data-contrast=\"none\">Dove acquistare l'EPT?\u00a0<\/span><span data-ccp-props=\"{}\">\u00a0<\/span><\/h2>\n<p><span data-contrast=\"none\"><a href=\"https:\/\/chemsxpress.com\/it\/\">ChemsXpress<\/a> \u00e8 uno dei principali venditori di EPT. Vendiamo EPT in entrambi i settori <\/span><span data-contrast=\"none\">hcl<\/span><span data-contrast=\"none\">\u00a0e fumarato in polvere. Tuttavia, se preferite altre forme della sostanza chimica, non esitate a contattarci per vedere se le abbiamo disponibili.\u00a0<\/span><span data-ccp-props=\"{}\">\u00a0<\/span><\/p>\n<p><span data-contrast=\"none\">Per acquistare EPT da ChemsXpress, \u00e8 necessario essere legalmente autorizzati nella propria nazione e avere pi\u00f9 di 18 anni. La nostra EPT \u00e8 destinata esclusivamente a scopi di ricerca. Non \u00e8 stata progettata per uso animale o umano. <\/span><span data-ccp-props=\"{}\">\u00a0<\/span><\/p>\n<p><span data-ccp-props=\"{}\">\u00a0<\/span><\/p>\n<h2 style=\"font-weight: 500;\"><span data-contrast=\"none\">Legalit\u00e0 dell'EPT<\/span><span data-ccp-props=\"{}\">\u00a0<\/span><\/h2>\n<p><span data-contrast=\"none\">La EPT \u00e8 un farmaco di classe A nel Regno Unito. Negli Stati Uniti non \u00e8 classificata. Tuttavia, potrebbe potenzialmente essere considerata un analogo della DMT, che \u00e8 un farmaco di cui \u00e8 prevista la classificazione I.<\/span><\/p>","protected":false},"excerpt":{"rendered":"<p><strong>IUPAC-Name: <\/strong>3-[2-(Ethyl(propyl)amino)ethyl]-1H-indole<\/p>\n<p><strong>Other name: <\/strong>N-Ethyl-N-propyltryptamine<\/p>\n<p><strong>Appearance: <\/strong>powder<\/p>\n<p><strong>Form: <\/strong>fumarate<\/p>\n<p><strong>NMR Analysis: <\/strong>N\/A<\/p>\n","protected":false},"featured_media":29080,"comment_status":"open","ping_status":"closed","template":"","meta":[],"product_brand":[],"product_cat":[92],"product_tag":[],"class_list":{"0":"post-29011","1":"product","2":"type-product","3":"status-publish","4":"has-post-thumbnail","6":"product_cat-tryptamines","8":"first","9":"instock","10":"shipping-taxable","11":"purchasable","12":"product-type-variable"},"yoast_head":"<!-- This site is optimized with the Yoast SEO Premium plugin v24.1 (Yoast SEO v27.4) - https:\/\/yoast.com\/product\/yoast-seo-premium-wordpress\/ -->\n<title>Buy EPT Online:Premium Quality Research Chems| ChemsXpress<\/title>\n<meta name=\"description\" content=\"Explore EPT at ChemsXpress. Premium research chemicals, fast shipping. Trust our quality assurance for all your research needs. Order now!&quot;\" \/>\n<meta name=\"robots\" content=\"index, follow, max-snippet:-1, max-image-preview:large, max-video-preview:-1\" \/>\n<link rel=\"canonical\" href=\"https:\/\/chemsxpress.com\/it\/prodotto\/acquistare-ept-online\/\" \/>\n<meta property=\"og:locale\" content=\"it_IT\" \/>\n<meta property=\"og:type\" content=\"article\" \/>\n<meta property=\"og:title\" content=\"EPT\" \/>\n<meta property=\"og:description\" content=\"Explore EPT at ChemsXpress. Premium research chemicals, fast shipping. Trust our quality assurance for all your research needs. Order now!&quot;\" \/>\n<meta property=\"og:url\" content=\"https:\/\/chemsxpress.com\/it\/prodotto\/acquistare-ept-online\/\" \/>\n<meta property=\"og:site_name\" content=\"SHOP MDPHP\" \/>\n<meta property=\"article:modified_time\" content=\"2025-05-26T15:53:16+00:00\" \/>\n<meta property=\"og:image\" content=\"https:\/\/chemsxpress.com\/wp-content\/uploads\/2024\/04\/EPT.jpg\" \/>\n\t<meta property=\"og:image:width\" content=\"600\" \/>\n\t<meta property=\"og:image:height\" content=\"600\" \/>\n\t<meta property=\"og:image:type\" content=\"image\/jpeg\" \/>\n<meta name=\"twitter:card\" content=\"summary_large_image\" \/>\n<meta name=\"twitter:label1\" content=\"Tempo di lettura stimato\" \/>\n\t<meta name=\"twitter:data1\" content=\"2 minuti\" \/>\n<script type=\"application\/ld+json\" class=\"yoast-schema-graph\">{\"@context\":\"https:\\\/\\\/schema.org\",\"@graph\":[{\"@type\":\"WebPage\",\"@id\":\"https:\\\/\\\/chemsxpress.com\\\/product\\\/buy-ept-online\\\/\",\"url\":\"https:\\\/\\\/chemsxpress.com\\\/product\\\/buy-ept-online\\\/\",\"name\":\"Buy EPT Online:Premium Quality Research Chems| ChemsXpress\",\"isPartOf\":{\"@id\":\"https:\\\/\\\/chemsxpress.com\\\/#website\"},\"primaryImageOfPage\":{\"@id\":\"https:\\\/\\\/chemsxpress.com\\\/product\\\/buy-ept-online\\\/#primaryimage\"},\"image\":{\"@id\":\"https:\\\/\\\/chemsxpress.com\\\/product\\\/buy-ept-online\\\/#primaryimage\"},\"thumbnailUrl\":\"https:\\\/\\\/chemsxpress.com\\\/wp-content\\\/uploads\\\/2024\\\/04\\\/EPT.jpg\",\"datePublished\":\"2024-04-29T13:20:20+00:00\",\"dateModified\":\"2025-05-26T15:53:16+00:00\",\"description\":\"Explore EPT at ChemsXpress. Premium research chemicals, fast shipping. Trust our quality assurance for all your research needs. Order now!\\\"\",\"breadcrumb\":{\"@id\":\"https:\\\/\\\/chemsxpress.com\\\/product\\\/buy-ept-online\\\/#breadcrumb\"},\"inLanguage\":\"it-IT\",\"potentialAction\":[{\"@type\":\"ReadAction\",\"target\":[\"https:\\\/\\\/chemsxpress.com\\\/product\\\/buy-ept-online\\\/\"]}]},{\"@type\":\"ImageObject\",\"inLanguage\":\"it-IT\",\"@id\":\"https:\\\/\\\/chemsxpress.com\\\/product\\\/buy-ept-online\\\/#primaryimage\",\"url\":\"https:\\\/\\\/chemsxpress.com\\\/wp-content\\\/uploads\\\/2024\\\/04\\\/EPT.jpg\",\"contentUrl\":\"https:\\\/\\\/chemsxpress.com\\\/wp-content\\\/uploads\\\/2024\\\/04\\\/EPT.jpg\",\"width\":600,\"height\":600,\"caption\":\"Buy EPT online\"},{\"@type\":\"BreadcrumbList\",\"@id\":\"https:\\\/\\\/chemsxpress.com\\\/product\\\/buy-ept-online\\\/#breadcrumb\",\"itemListElement\":[{\"@type\":\"ListItem\",\"position\":1,\"name\":\"Home\",\"item\":\"https:\\\/\\\/chemsxpress.com\\\/\"},{\"@type\":\"ListItem\",\"position\":2,\"name\":\"Shop\",\"item\":\"https:\\\/\\\/chemsxpress.com\\\/shop\\\/\"},{\"@type\":\"ListItem\",\"position\":3,\"name\":\"EPT\"}]},{\"@type\":\"WebSite\",\"@id\":\"https:\\\/\\\/chemsxpress.com\\\/#website\",\"url\":\"https:\\\/\\\/chemsxpress.com\\\/\",\"name\":\"SHOP MDPHP\",\"description\":\"Buy MDPHP freebase from reliable supplier\",\"potentialAction\":[{\"@type\":\"SearchAction\",\"target\":{\"@type\":\"EntryPoint\",\"urlTemplate\":\"https:\\\/\\\/chemsxpress.com\\\/?s={search_term_string}\"},\"query-input\":{\"@type\":\"PropertyValueSpecification\",\"valueRequired\":true,\"valueName\":\"search_term_string\"}}],\"inLanguage\":\"it-IT\"}]}<\/script>\n<!-- \/ Yoast SEO Premium plugin. -->","yoast_head_json":{"title":"Comprare EPT online: Farmaci di ricerca di qualit\u00e0 superiore| ChemsXpress","description":"Esplora EPT su ChemsXpress. Prodotti chimici per la ricerca di qualit\u00e0 superiore, con spedizione rapida. Affidatevi alla nostra garanzia di qualit\u00e0 per tutte le vostre esigenze di ricerca. Ordina ora!\"","robots":{"index":"index","follow":"follow","max-snippet":"max-snippet:-1","max-image-preview":"max-image-preview:large","max-video-preview":"max-video-preview:-1"},"canonical":"https:\/\/chemsxpress.com\/it\/prodotto\/acquistare-ept-online\/","og_locale":"it_IT","og_type":"article","og_title":"EPT","og_description":"Explore EPT at ChemsXpress. Premium research chemicals, fast shipping. Trust our quality assurance for all your research needs. Order now!\"","og_url":"https:\/\/chemsxpress.com\/it\/prodotto\/acquistare-ept-online\/","og_site_name":"SHOP MDPHP","article_modified_time":"2025-05-26T15:53:16+00:00","og_image":[{"width":600,"height":600,"url":"https:\/\/chemsxpress.com\/wp-content\/uploads\/2024\/04\/EPT.jpg","type":"image\/jpeg"}],"twitter_card":"summary_large_image","twitter_misc":{"Tempo di lettura stimato":"2 minuti"},"schema":{"@context":"https:\/\/schema.org","@graph":[{"@type":"WebPage","@id":"https:\/\/chemsxpress.com\/product\/buy-ept-online\/","url":"https:\/\/chemsxpress.com\/product\/buy-ept-online\/","name":"Comprare EPT online: Farmaci di ricerca di qualit\u00e0 superiore| ChemsXpress","isPartOf":{"@id":"https:\/\/chemsxpress.com\/#website"},"primaryImageOfPage":{"@id":"https:\/\/chemsxpress.com\/product\/buy-ept-online\/#primaryimage"},"image":{"@id":"https:\/\/chemsxpress.com\/product\/buy-ept-online\/#primaryimage"},"thumbnailUrl":"https:\/\/chemsxpress.com\/wp-content\/uploads\/2024\/04\/EPT.jpg","datePublished":"2024-04-29T13:20:20+00:00","dateModified":"2025-05-26T15:53:16+00:00","description":"Esplora EPT su ChemsXpress. Prodotti chimici per la ricerca di qualit\u00e0 superiore, con spedizione rapida. Affidatevi alla nostra garanzia di qualit\u00e0 per tutte le vostre esigenze di ricerca. Ordina ora!\"","breadcrumb":{"@id":"https:\/\/chemsxpress.com\/product\/buy-ept-online\/#breadcrumb"},"inLanguage":"it-IT","potentialAction":[{"@type":"ReadAction","target":["https:\/\/chemsxpress.com\/product\/buy-ept-online\/"]}]},{"@type":"ImageObject","inLanguage":"it-IT","@id":"https:\/\/chemsxpress.com\/product\/buy-ept-online\/#primaryimage","url":"https:\/\/chemsxpress.com\/wp-content\/uploads\/2024\/04\/EPT.jpg","contentUrl":"https:\/\/chemsxpress.com\/wp-content\/uploads\/2024\/04\/EPT.jpg","width":600,"height":600,"caption":"Buy EPT online"},{"@type":"BreadcrumbList","@id":"https:\/\/chemsxpress.com\/product\/buy-ept-online\/#breadcrumb","itemListElement":[{"@type":"ListItem","position":1,"name":"Home","item":"https:\/\/chemsxpress.com\/"},{"@type":"ListItem","position":2,"name":"Shop","item":"https:\/\/chemsxpress.com\/shop\/"},{"@type":"ListItem","position":3,"name":"EPT"}]},{"@type":"WebSite","@id":"https:\/\/chemsxpress.com\/#website","url":"https:\/\/chemsxpress.com\/","name":"NEGOZIO MDP","description":"Acquistare MDPHP freebase da un fornitore affidabile","potentialAction":[{"@type":"SearchAction","target":{"@type":"EntryPoint","urlTemplate":"https:\/\/chemsxpress.com\/?s={search_term_string}"},"query-input":{"@type":"PropertyValueSpecification","valueRequired":true,"valueName":"search_term_string"}}],"inLanguage":"it-IT"}]}},"jetpack_sharing_enabled":true,"_links":{"self":[{"href":"https:\/\/chemsxpress.com\/it\/wp-json\/wp\/v2\/product\/29011","targetHints":{"allow":["GET"]}}],"collection":[{"href":"https:\/\/chemsxpress.com\/it\/wp-json\/wp\/v2\/product"}],"about":[{"href":"https:\/\/chemsxpress.com\/it\/wp-json\/wp\/v2\/types\/product"}],"replies":[{"embeddable":true,"href":"https:\/\/chemsxpress.com\/it\/wp-json\/wp\/v2\/comments?post=29011"}],"version-history":[{"count":4,"href":"https:\/\/chemsxpress.com\/it\/wp-json\/wp\/v2\/product\/29011\/revisions"}],"predecessor-version":[{"id":29998,"href":"https:\/\/chemsxpress.com\/it\/wp-json\/wp\/v2\/product\/29011\/revisions\/29998"}],"wp:featuredmedia":[{"embeddable":true,"href":"https:\/\/chemsxpress.com\/it\/wp-json\/wp\/v2\/media\/29080"}],"wp:attachment":[{"href":"https:\/\/chemsxpress.com\/it\/wp-json\/wp\/v2\/media?parent=29011"}],"wp:term":[{"taxonomy":"product_brand","embeddable":true,"href":"https:\/\/chemsxpress.com\/it\/wp-json\/wp\/v2\/product_brand?post=29011"},{"taxonomy":"product_cat","embeddable":true,"href":"https:\/\/chemsxpress.com\/it\/wp-json\/wp\/v2\/product_cat?post=29011"},{"taxonomy":"product_tag","embeddable":true,"href":"https:\/\/chemsxpress.com\/it\/wp-json\/wp\/v2\/product_tag?post=29011"}],"curies":[{"name":"wp","href":"https:\/\/api.w.org\/{rel}","templated":true}]}}