{"id":29301,"date":"2024-04-29T13:21:21","date_gmt":"2024-04-29T13:21:21","guid":{"rendered":"https:\/\/chemsxpress.com\/?post_type=product&#038;p=29301"},"modified":"2025-05-26T19:08:25","modified_gmt":"2025-05-26T19:08:25","slug":"acquistare-4-malti-ho","status":"publish","type":"product","link":"https:\/\/chemsxpress.com\/it\/prodotto\/acquistare-4-malti-ho\/","title":{"rendered":"4-ACO-MALT"},"content":{"rendered":"<h2><strong>ACQUISTA IL MALTO 4-HO<\/strong><\/h2>\n<p>Il 4-HO-MALT, noto anche come 4-acetossi-MALT, \u00e8 una sostanza relativamente poco comune e molto rara della classe delle triptamine ed \u00e8 simile alla 4-acetossi-DMT e alla 5-MeO-MALT. La struttura molecolare e gli effetti farmacologici del 4-HO-MALT assomigliano in qualche modo a quelli della triptamina psilocina, che \u00e8 la sostanza chimica psicoattiva principale dei funghi magici. I funghi psilocibinici, meglio conosciuti come funghi magici, funghi psichedelici, funghi magici e funghi shroom, sono una famiglia di funghi psicoattivi che contengono psilocibina, una classe psichedelica di triptamine. La psilocina \u00e8 una sostanza psichedelica presente in natura e il principale costituente psicoattivo di alcune specie di funghi. I funghi psilocibinici sono presenti in tutti i continenti e sono classificati in oltre 200 specie.<\/p>\n<p>&nbsp;<\/p>\n<h2><strong>COME UTILIZZARE LA POLVERE DI 4-HO-MALT?<\/strong><\/h2>\n<p>Acquistare 4-HO-MALT e una delle migliori triptamine psichedeliche online nella forma di polvere di altissima qualit\u00e0. Il 4-HO-MALT \u00e8 disponibile nelle quantit\u00e0 di 0,25gr, 0,5gr, 1gr e 2gr. Assicurarsi di conservare la polvere di 4-HO-MALT in un luogo asciutto e fresco per la massima durata di conservazione. Quando si maneggiano sostanze chimiche per la ricerca, assicurarsi di prendere sempre le dovute precauzioni in laboratorio, come pulire le superfici e indossare guanti, maschera e indumenti protettivi. Si consiglia vivamente di utilizzare le pratiche di riduzione del danno quando si utilizzano le sostanze chimiche per la ricerca.<\/p>\n<p>&nbsp;<\/p>\n<h2><strong>DEFINIZIONE 4-HO-MALT<\/strong><\/h2>\n<p>La definizione di 4-HO-MALT \u00e8 ufficialmente nota come 4-acetossi-MALT \u00e8 una sostanza relativamente poco comune e molto rara della classe delle triptamine.<\/p>\n<p>&nbsp;<\/p>\n<h2><strong>INFORMAZIONI DI BASE SULLA CHIMICA 4-HO-MALT<\/strong><\/h2>\n<p>Il 4-HO-MALT \u00e8 simile alla 4-acetossi-DMT e al 5-MeO-MALT. La struttura molecolare e i risultati farmacologici del 4-acetossi-MALT assomigliano in qualche modo a quelli della triptamina psilocina, che \u00e8 la sostanza chimica psicoattiva principale dei funghi magici. La psilocibina \u00e8 chimicamente correlata all'aminoacido triptofano e strutturalmente simile al neurotrasmettitore serotonina. Le sostanze della classe delle triptamine condividono il nucleo di un ciclo indolico biciclico.<\/p>\n<p>&nbsp;<\/p>\n<h2><strong>DOVE ACQUISTARE 4-HO-MALT<\/strong><\/h2>\n<p>Il 4-HO-MALT pu\u00f2 essere acquistato qui sul sito<a href=\"https:\/\/chemsxpress.com\/it\/\"> ChemsXpress<\/a> sito web. Vendiamo 4-HO-MALT di qualit\u00e0 superiore, in genere in polvere. Tuttavia, spesso abbiamo a disposizione altre forme di sostanza, quindi non esitate a contattarci per vedere se abbiamo la forma di sostanza che preferite in magazzino. Devi avere almeno 18 anni per acquistare il 4-HO-MALT da noi.<\/p>","protected":false},"excerpt":{"rendered":"<p><strong>Nome IUPAC: <\/strong>3-(2-(allil(metil)ammino)etil)-1H-indolo-4-il acetato<\/p>\n<p><strong>Altro nome: <\/strong>4-acetossi-MALT<\/p>\n<p><strong>Analisi NMR: <\/strong>C16H20N2O2<\/p>","protected":false},"featured_media":29324,"comment_status":"open","ping_status":"closed","template":"","meta":[],"product_brand":[],"product_cat":[92],"product_tag":[],"class_list":{"0":"post-29301","1":"product","2":"type-product","3":"status-publish","4":"has-post-thumbnail","6":"product_cat-tryptamines","8":"first","9":"instock","10":"shipping-taxable","11":"purchasable","12":"product-type-variable"},"yoast_head":"<!-- This site is optimized with the Yoast SEO Premium plugin v24.1 (Yoast SEO v27.4) - https:\/\/yoast.com\/product\/yoast-seo-premium-wordpress\/ -->\n<title>Buy 4-HO-MALT Online: Premium Quality Research Chemicals<\/title>\n<meta name=\"description\" content=\"Buy 4-HO-MALT from ChemsXpress. Explore our premium selection of research chemicals, shipped quickly and discreetly. Best Prices you can get.\" \/>\n<meta name=\"robots\" content=\"index, follow, max-snippet:-1, max-image-preview:large, max-video-preview:-1\" \/>\n<link rel=\"canonical\" href=\"https:\/\/chemsxpress.com\/it\/prodotto\/acquistare-4-malti-ho\/\" \/>\n<meta property=\"og:locale\" content=\"it_IT\" \/>\n<meta property=\"og:type\" content=\"article\" \/>\n<meta property=\"og:title\" content=\"4-ACO-MALT\" \/>\n<meta property=\"og:description\" content=\"Buy 4-HO-MALT from ChemsXpress. Explore our premium selection of research chemicals, shipped quickly and discreetly. Best Prices you can get.\" \/>\n<meta property=\"og:url\" content=\"https:\/\/chemsxpress.com\/it\/prodotto\/acquistare-4-malti-ho\/\" \/>\n<meta property=\"og:site_name\" content=\"SHOP MDPHP\" \/>\n<meta property=\"article:modified_time\" content=\"2025-05-26T19:08:25+00:00\" \/>\n<meta property=\"og:image\" content=\"https:\/\/chemsxpress.com\/wp-content\/uploads\/2024\/04\/4-ACO-MALT.jpg\" \/>\n\t<meta property=\"og:image:width\" content=\"600\" \/>\n\t<meta property=\"og:image:height\" content=\"600\" \/>\n\t<meta property=\"og:image:type\" content=\"image\/jpeg\" \/>\n<meta name=\"twitter:card\" content=\"summary_large_image\" \/>\n<meta name=\"twitter:label1\" content=\"Tempo di lettura stimato\" \/>\n\t<meta name=\"twitter:data1\" content=\"2 minuti\" \/>\n<script type=\"application\/ld+json\" class=\"yoast-schema-graph\">{\"@context\":\"https:\\\/\\\/schema.org\",\"@graph\":[{\"@type\":\"WebPage\",\"@id\":\"https:\\\/\\\/chemsxpress.com\\\/product\\\/buy-4-ho-malt\\\/\",\"url\":\"https:\\\/\\\/chemsxpress.com\\\/product\\\/buy-4-ho-malt\\\/\",\"name\":\"Buy 4-HO-MALT Online: Premium Quality Research Chemicals\",\"isPartOf\":{\"@id\":\"https:\\\/\\\/chemsxpress.com\\\/#website\"},\"primaryImageOfPage\":{\"@id\":\"https:\\\/\\\/chemsxpress.com\\\/product\\\/buy-4-ho-malt\\\/#primaryimage\"},\"image\":{\"@id\":\"https:\\\/\\\/chemsxpress.com\\\/product\\\/buy-4-ho-malt\\\/#primaryimage\"},\"thumbnailUrl\":\"https:\\\/\\\/chemsxpress.com\\\/wp-content\\\/uploads\\\/2024\\\/04\\\/4-ACO-MALT.jpg\",\"datePublished\":\"2024-04-29T13:21:21+00:00\",\"dateModified\":\"2025-05-26T19:08:25+00:00\",\"description\":\"Buy 4-HO-MALT from ChemsXpress. Explore our premium selection of research chemicals, shipped quickly and discreetly. Best Prices you can get.\",\"breadcrumb\":{\"@id\":\"https:\\\/\\\/chemsxpress.com\\\/product\\\/buy-4-ho-malt\\\/#breadcrumb\"},\"inLanguage\":\"it-IT\",\"potentialAction\":[{\"@type\":\"ReadAction\",\"target\":[\"https:\\\/\\\/chemsxpress.com\\\/product\\\/buy-4-ho-malt\\\/\"]}]},{\"@type\":\"ImageObject\",\"inLanguage\":\"it-IT\",\"@id\":\"https:\\\/\\\/chemsxpress.com\\\/product\\\/buy-4-ho-malt\\\/#primaryimage\",\"url\":\"https:\\\/\\\/chemsxpress.com\\\/wp-content\\\/uploads\\\/2024\\\/04\\\/4-ACO-MALT.jpg\",\"contentUrl\":\"https:\\\/\\\/chemsxpress.com\\\/wp-content\\\/uploads\\\/2024\\\/04\\\/4-ACO-MALT.jpg\",\"width\":600,\"height\":600,\"caption\":\"Buy 4-HO-MALT\"},{\"@type\":\"BreadcrumbList\",\"@id\":\"https:\\\/\\\/chemsxpress.com\\\/product\\\/buy-4-ho-malt\\\/#breadcrumb\",\"itemListElement\":[{\"@type\":\"ListItem\",\"position\":1,\"name\":\"Home\",\"item\":\"https:\\\/\\\/chemsxpress.com\\\/\"},{\"@type\":\"ListItem\",\"position\":2,\"name\":\"Shop\",\"item\":\"https:\\\/\\\/chemsxpress.com\\\/shop\\\/\"},{\"@type\":\"ListItem\",\"position\":3,\"name\":\"4-ACO-MALT\"}]},{\"@type\":\"WebSite\",\"@id\":\"https:\\\/\\\/chemsxpress.com\\\/#website\",\"url\":\"https:\\\/\\\/chemsxpress.com\\\/\",\"name\":\"SHOP MDPHP\",\"description\":\"Buy MDPHP freebase from reliable supplier\",\"potentialAction\":[{\"@type\":\"SearchAction\",\"target\":{\"@type\":\"EntryPoint\",\"urlTemplate\":\"https:\\\/\\\/chemsxpress.com\\\/?s={search_term_string}\"},\"query-input\":{\"@type\":\"PropertyValueSpecification\",\"valueRequired\":true,\"valueName\":\"search_term_string\"}}],\"inLanguage\":\"it-IT\"}]}<\/script>\n<!-- \/ Yoast SEO Premium plugin. -->","yoast_head_json":{"title":"Acquista 4-HO-MALT online: prodotti chimici di ricerca di qualit\u00e0 premium","description":"Acquista 4-HO-MALT da ChemsXpress. Esplora la nostra selezione premium di prodotti chimici per la ricerca, spediti in modo rapido e discreto. I migliori prezzi che puoi ottenere.","robots":{"index":"index","follow":"follow","max-snippet":"max-snippet:-1","max-image-preview":"max-image-preview:large","max-video-preview":"max-video-preview:-1"},"canonical":"https:\/\/chemsxpress.com\/it\/prodotto\/acquistare-4-malti-ho\/","og_locale":"it_IT","og_type":"article","og_title":"4-ACO-MALT","og_description":"Buy 4-HO-MALT from ChemsXpress. Explore our premium selection of research chemicals, shipped quickly and discreetly. Best Prices you can get.","og_url":"https:\/\/chemsxpress.com\/it\/prodotto\/acquistare-4-malti-ho\/","og_site_name":"SHOP MDPHP","article_modified_time":"2025-05-26T19:08:25+00:00","og_image":[{"width":600,"height":600,"url":"https:\/\/chemsxpress.com\/wp-content\/uploads\/2024\/04\/4-ACO-MALT.jpg","type":"image\/jpeg"}],"twitter_card":"summary_large_image","twitter_misc":{"Tempo di lettura stimato":"2 minuti"},"schema":{"@context":"https:\/\/schema.org","@graph":[{"@type":"WebPage","@id":"https:\/\/chemsxpress.com\/product\/buy-4-ho-malt\/","url":"https:\/\/chemsxpress.com\/product\/buy-4-ho-malt\/","name":"Acquista 4-HO-MALT online: prodotti chimici di ricerca di qualit\u00e0 premium","isPartOf":{"@id":"https:\/\/chemsxpress.com\/#website"},"primaryImageOfPage":{"@id":"https:\/\/chemsxpress.com\/product\/buy-4-ho-malt\/#primaryimage"},"image":{"@id":"https:\/\/chemsxpress.com\/product\/buy-4-ho-malt\/#primaryimage"},"thumbnailUrl":"https:\/\/chemsxpress.com\/wp-content\/uploads\/2024\/04\/4-ACO-MALT.jpg","datePublished":"2024-04-29T13:21:21+00:00","dateModified":"2025-05-26T19:08:25+00:00","description":"Acquista 4-HO-MALT da ChemsXpress. Esplora la nostra selezione premium di prodotti chimici per la ricerca, spediti in modo rapido e discreto. I migliori prezzi che puoi ottenere.","breadcrumb":{"@id":"https:\/\/chemsxpress.com\/product\/buy-4-ho-malt\/#breadcrumb"},"inLanguage":"it-IT","potentialAction":[{"@type":"ReadAction","target":["https:\/\/chemsxpress.com\/product\/buy-4-ho-malt\/"]}]},{"@type":"ImageObject","inLanguage":"it-IT","@id":"https:\/\/chemsxpress.com\/product\/buy-4-ho-malt\/#primaryimage","url":"https:\/\/chemsxpress.com\/wp-content\/uploads\/2024\/04\/4-ACO-MALT.jpg","contentUrl":"https:\/\/chemsxpress.com\/wp-content\/uploads\/2024\/04\/4-ACO-MALT.jpg","width":600,"height":600,"caption":"Buy 4-HO-MALT"},{"@type":"BreadcrumbList","@id":"https:\/\/chemsxpress.com\/product\/buy-4-ho-malt\/#breadcrumb","itemListElement":[{"@type":"ListItem","position":1,"name":"Home","item":"https:\/\/chemsxpress.com\/"},{"@type":"ListItem","position":2,"name":"Shop","item":"https:\/\/chemsxpress.com\/shop\/"},{"@type":"ListItem","position":3,"name":"4-ACO-MALT"}]},{"@type":"WebSite","@id":"https:\/\/chemsxpress.com\/#website","url":"https:\/\/chemsxpress.com\/","name":"NEGOZIO MDP","description":"Acquistare MDPHP freebase da un fornitore affidabile","potentialAction":[{"@type":"SearchAction","target":{"@type":"EntryPoint","urlTemplate":"https:\/\/chemsxpress.com\/?s={search_term_string}"},"query-input":{"@type":"PropertyValueSpecification","valueRequired":true,"valueName":"search_term_string"}}],"inLanguage":"it-IT"}]}},"jetpack_sharing_enabled":true,"_links":{"self":[{"href":"https:\/\/chemsxpress.com\/it\/wp-json\/wp\/v2\/product\/29301","targetHints":{"allow":["GET"]}}],"collection":[{"href":"https:\/\/chemsxpress.com\/it\/wp-json\/wp\/v2\/product"}],"about":[{"href":"https:\/\/chemsxpress.com\/it\/wp-json\/wp\/v2\/types\/product"}],"replies":[{"embeddable":true,"href":"https:\/\/chemsxpress.com\/it\/wp-json\/wp\/v2\/comments?post=29301"}],"version-history":[{"count":3,"href":"https:\/\/chemsxpress.com\/it\/wp-json\/wp\/v2\/product\/29301\/revisions"}],"predecessor-version":[{"id":29579,"href":"https:\/\/chemsxpress.com\/it\/wp-json\/wp\/v2\/product\/29301\/revisions\/29579"}],"wp:featuredmedia":[{"embeddable":true,"href":"https:\/\/chemsxpress.com\/it\/wp-json\/wp\/v2\/media\/29324"}],"wp:attachment":[{"href":"https:\/\/chemsxpress.com\/it\/wp-json\/wp\/v2\/media?parent=29301"}],"wp:term":[{"taxonomy":"product_brand","embeddable":true,"href":"https:\/\/chemsxpress.com\/it\/wp-json\/wp\/v2\/product_brand?post=29301"},{"taxonomy":"product_cat","embeddable":true,"href":"https:\/\/chemsxpress.com\/it\/wp-json\/wp\/v2\/product_cat?post=29301"},{"taxonomy":"product_tag","embeddable":true,"href":"https:\/\/chemsxpress.com\/it\/wp-json\/wp\/v2\/product_tag?post=29301"}],"curies":[{"name":"wp","href":"https:\/\/api.w.org\/{rel}","templated":true}]}}