{"id":29306,"date":"2024-04-29T13:21:21","date_gmt":"2024-04-29T13:21:21","guid":{"rendered":"https:\/\/chemsxpress.com\/?post_type=product&#038;p=29306"},"modified":"2024-05-02T05:25:58","modified_gmt":"2024-05-02T05:25:58","slug":"acquistare-mpt-online","status":"publish","type":"product","link":"https:\/\/chemsxpress.com\/it\/prodotto\/acquistare-mpt-online\/","title":{"rendered":"MPT"},"content":{"rendered":"<h1><strong>Acquistare MPT online<\/strong><\/h1>\n<p>L'MPT, o 3-metil-2-(1-pentil)-3H-indolo, \u00e8 un cannabinoide sintetico appartenente alla classe degli indoli. \u00c8 un potente agonista dei recettori cannabinoidi CB1 e CB2 ed \u00e8 noto per i suoi effetti psicoattivi. L'MPT \u00e8 stato identificato come ingrediente di alcune miscele di cannabinoidi sintetici e ha guadagnato popolarit\u00e0 nel mercato delle droghe ricreative.<\/p>\n<p>Come altri cannabinoidi sintetici, l'MPT in vendita online pu\u00f2 produrre una serie di effetti, tra cui rilassamento, euforia, alterazione della percezione del tempo e cambiamenti nella percezione sensoriale. Tuttavia, comporta anche il rischio di effetti avversi, come ansia, paranoia, tachicardia e, nei casi pi\u00f9 gravi, allucinazioni e psicosi.<\/p>\n<p>A causa del suo potenziale di abuso e dei rischi per la salute ad esso associati, l'effetto MPT \u00e8 spesso soggetto a restrizioni legali in molte giurisdizioni. La vendita, il possesso e l'uso possono essere vietati o regolamentati dalle leggi sulle sostanze controllate. Come per qualsiasi sostanza psicoattiva, un uso responsabile, un processo decisionale informato e il rispetto delle leggi e dei regolamenti locali sono essenziali per ridurre al minimo i rischi e promuovere la sicurezza.<\/p>\n<p>I cannabinoidi sintetici sono sostanze chimiche prodotte dall'uomo che agiscono sugli stessi recettori cerebrali dei cannabinoidi naturali, come il THC presente nelle piante di cannabis. Spesso vengono spruzzati su materiale vegetale e venduti come incenso alle erbe o \"legal highs\" con vari nomi di marca. Queste sostanze possono produrre effetti psicoattivi simili a quelli della cannabis, ma possono essere molto pi\u00f9 forti e imprevedibili.<\/p>\n<p>A causa della loro potenza e della loro natura imprevedibile, i cannabinoidi sintetici comportano rischi significativi per la salute. Sono stati associati a una serie di effetti negativi, tra cui ansia, paranoia, allucinazioni, battito cardiaco accelerato e persino convulsioni. L'uso a lungo termine o a dosi elevate pu\u00f2 portare a dipendenza, sintomi di astinenza e gravi problemi di salute fisica e mentale.<\/p>\n<h2><strong>Dove acquistare l'MPT online?<\/strong><\/h2>\n<p>Benvenuti a <a href=\"https:\/\/chemsxpress.com\/it\/\">ChemsXpress,<\/a> la vostra fonte di fiducia per MPT. Esplorate la nostra selezione di prodotti MPT di alta qualit\u00e0, spediti in modo rapido e discreto. Scoprite oggi stesso i benefici dell'MPT con ChemsXpress.<\/p>","protected":false},"excerpt":{"rendered":"<p><strong>IUPAC-Name: <\/strong>N-[2-(1H-Indol-3-yl)ethyl]-N-methylpropan-1-amine<\/p>\n<p><strong>CAS # <\/strong>850032-72-3<\/p>\n<p><strong>Other name: <\/strong>N-Methyl-N-propyltryptamine<\/p>\n<p><strong>Appearance: <\/strong>powder<\/p>\n<p><strong>Form: <\/strong>fumarate<\/p>\n<p><strong>NMR Analysis: <\/strong>C14H20N2<\/p>\n","protected":false},"featured_media":28994,"comment_status":"open","ping_status":"closed","template":"","meta":[],"product_brand":[],"product_cat":[92],"product_tag":[],"class_list":{"0":"post-29306","1":"product","2":"type-product","3":"status-publish","4":"has-post-thumbnail","6":"product_cat-tryptamines","8":"first","9":"instock","10":"shipping-taxable","11":"purchasable","12":"product-type-variable"},"yoast_head":"<!-- This site is optimized with the Yoast SEO Premium plugin v24.1 (Yoast SEO v27.4) - https:\/\/yoast.com\/product\/yoast-seo-premium-wordpress\/ -->\n<title>Buy MPT Online: Premium Quality, Fast Shipping |ChemsXpress<\/title>\n<meta name=\"description\" content=\"Buy MPT Online. Explore our selection of high-quality MPT products, shipped quickly and discreetly. Trust in our commitment and quality.\" \/>\n<meta name=\"robots\" content=\"index, follow, max-snippet:-1, max-image-preview:large, max-video-preview:-1\" \/>\n<link rel=\"canonical\" href=\"https:\/\/chemsxpress.com\/it\/prodotto\/acquistare-mpt-online\/\" \/>\n<meta property=\"og:locale\" content=\"it_IT\" \/>\n<meta property=\"og:type\" content=\"article\" \/>\n<meta property=\"og:title\" content=\"MPT\" \/>\n<meta property=\"og:description\" content=\"Buy MPT Online. Explore our selection of high-quality MPT products, shipped quickly and discreetly. Trust in our commitment and quality.\" \/>\n<meta property=\"og:url\" content=\"https:\/\/chemsxpress.com\/it\/prodotto\/acquistare-mpt-online\/\" \/>\n<meta property=\"og:site_name\" content=\"SHOP MDPHP\" \/>\n<meta property=\"article:modified_time\" content=\"2024-05-02T05:25:58+00:00\" \/>\n<meta property=\"og:image\" content=\"https:\/\/chemsxpress.com\/wp-content\/uploads\/2024\/04\/5-MAPB-pellets-50mg.jpg\" \/>\n\t<meta property=\"og:image:width\" content=\"600\" \/>\n\t<meta property=\"og:image:height\" content=\"600\" \/>\n\t<meta property=\"og:image:type\" content=\"image\/jpeg\" \/>\n<meta name=\"twitter:card\" content=\"summary_large_image\" \/>\n<meta name=\"twitter:label1\" content=\"Tempo di lettura stimato\" \/>\n\t<meta name=\"twitter:data1\" content=\"2 minuti\" \/>\n<script type=\"application\/ld+json\" class=\"yoast-schema-graph\">{\"@context\":\"https:\\\/\\\/schema.org\",\"@graph\":[{\"@type\":\"WebPage\",\"@id\":\"https:\\\/\\\/chemsxpress.com\\\/product\\\/buy-mpt-online\\\/\",\"url\":\"https:\\\/\\\/chemsxpress.com\\\/product\\\/buy-mpt-online\\\/\",\"name\":\"Buy MPT Online: Premium Quality, Fast Shipping |ChemsXpress\",\"isPartOf\":{\"@id\":\"https:\\\/\\\/chemsxpress.com\\\/#website\"},\"primaryImageOfPage\":{\"@id\":\"https:\\\/\\\/chemsxpress.com\\\/product\\\/buy-mpt-online\\\/#primaryimage\"},\"image\":{\"@id\":\"https:\\\/\\\/chemsxpress.com\\\/product\\\/buy-mpt-online\\\/#primaryimage\"},\"thumbnailUrl\":\"https:\\\/\\\/chemsxpress.com\\\/wp-content\\\/uploads\\\/2024\\\/04\\\/5-MAPB-pellets-50mg.jpg\",\"datePublished\":\"2024-04-29T13:21:21+00:00\",\"dateModified\":\"2024-05-02T05:25:58+00:00\",\"description\":\"Buy MPT Online. Explore our selection of high-quality MPT products, shipped quickly and discreetly. Trust in our commitment and quality.\",\"breadcrumb\":{\"@id\":\"https:\\\/\\\/chemsxpress.com\\\/product\\\/buy-mpt-online\\\/#breadcrumb\"},\"inLanguage\":\"it-IT\",\"potentialAction\":[{\"@type\":\"ReadAction\",\"target\":[\"https:\\\/\\\/chemsxpress.com\\\/product\\\/buy-mpt-online\\\/\"]}]},{\"@type\":\"ImageObject\",\"inLanguage\":\"it-IT\",\"@id\":\"https:\\\/\\\/chemsxpress.com\\\/product\\\/buy-mpt-online\\\/#primaryimage\",\"url\":\"https:\\\/\\\/chemsxpress.com\\\/wp-content\\\/uploads\\\/2024\\\/04\\\/5-MAPB-pellets-50mg.jpg\",\"contentUrl\":\"https:\\\/\\\/chemsxpress.com\\\/wp-content\\\/uploads\\\/2024\\\/04\\\/5-MAPB-pellets-50mg.jpg\",\"width\":600,\"height\":600,\"caption\":\"Buy MPT Online\"},{\"@type\":\"BreadcrumbList\",\"@id\":\"https:\\\/\\\/chemsxpress.com\\\/product\\\/buy-mpt-online\\\/#breadcrumb\",\"itemListElement\":[{\"@type\":\"ListItem\",\"position\":1,\"name\":\"Home\",\"item\":\"https:\\\/\\\/chemsxpress.com\\\/\"},{\"@type\":\"ListItem\",\"position\":2,\"name\":\"Shop\",\"item\":\"https:\\\/\\\/chemsxpress.com\\\/shop\\\/\"},{\"@type\":\"ListItem\",\"position\":3,\"name\":\"MPT\"}]},{\"@type\":\"WebSite\",\"@id\":\"https:\\\/\\\/chemsxpress.com\\\/#website\",\"url\":\"https:\\\/\\\/chemsxpress.com\\\/\",\"name\":\"SHOP MDPHP\",\"description\":\"Buy MDPHP freebase from reliable supplier\",\"potentialAction\":[{\"@type\":\"SearchAction\",\"target\":{\"@type\":\"EntryPoint\",\"urlTemplate\":\"https:\\\/\\\/chemsxpress.com\\\/?s={search_term_string}\"},\"query-input\":{\"@type\":\"PropertyValueSpecification\",\"valueRequired\":true,\"valueName\":\"search_term_string\"}}],\"inLanguage\":\"it-IT\"}]}<\/script>\n<!-- \/ Yoast SEO Premium plugin. -->","yoast_head_json":{"title":"Acquistare MPT online: Qualit\u00e0 premium, spedizione veloce |ChemsXpress","description":"Acquistare MPT online. Esplorate la nostra selezione di prodotti MPT di alta qualit\u00e0, spediti in modo rapido e discreto. Fidatevi del nostro impegno e della nostra qualit\u00e0.","robots":{"index":"index","follow":"follow","max-snippet":"max-snippet:-1","max-image-preview":"max-image-preview:large","max-video-preview":"max-video-preview:-1"},"canonical":"https:\/\/chemsxpress.com\/it\/prodotto\/acquistare-mpt-online\/","og_locale":"it_IT","og_type":"article","og_title":"MPT","og_description":"Buy MPT Online. Explore our selection of high-quality MPT products, shipped quickly and discreetly. Trust in our commitment and quality.","og_url":"https:\/\/chemsxpress.com\/it\/prodotto\/acquistare-mpt-online\/","og_site_name":"SHOP MDPHP","article_modified_time":"2024-05-02T05:25:58+00:00","og_image":[{"width":600,"height":600,"url":"https:\/\/chemsxpress.com\/wp-content\/uploads\/2024\/04\/5-MAPB-pellets-50mg.jpg","type":"image\/jpeg"}],"twitter_card":"summary_large_image","twitter_misc":{"Tempo di lettura stimato":"2 minuti"},"schema":{"@context":"https:\/\/schema.org","@graph":[{"@type":"WebPage","@id":"https:\/\/chemsxpress.com\/product\/buy-mpt-online\/","url":"https:\/\/chemsxpress.com\/product\/buy-mpt-online\/","name":"Acquistare MPT online: Qualit\u00e0 premium, spedizione veloce |ChemsXpress","isPartOf":{"@id":"https:\/\/chemsxpress.com\/#website"},"primaryImageOfPage":{"@id":"https:\/\/chemsxpress.com\/product\/buy-mpt-online\/#primaryimage"},"image":{"@id":"https:\/\/chemsxpress.com\/product\/buy-mpt-online\/#primaryimage"},"thumbnailUrl":"https:\/\/chemsxpress.com\/wp-content\/uploads\/2024\/04\/5-MAPB-pellets-50mg.jpg","datePublished":"2024-04-29T13:21:21+00:00","dateModified":"2024-05-02T05:25:58+00:00","description":"Acquistare MPT online. Esplorate la nostra selezione di prodotti MPT di alta qualit\u00e0, spediti in modo rapido e discreto. Fidatevi del nostro impegno e della nostra qualit\u00e0.","breadcrumb":{"@id":"https:\/\/chemsxpress.com\/product\/buy-mpt-online\/#breadcrumb"},"inLanguage":"it-IT","potentialAction":[{"@type":"ReadAction","target":["https:\/\/chemsxpress.com\/product\/buy-mpt-online\/"]}]},{"@type":"ImageObject","inLanguage":"it-IT","@id":"https:\/\/chemsxpress.com\/product\/buy-mpt-online\/#primaryimage","url":"https:\/\/chemsxpress.com\/wp-content\/uploads\/2024\/04\/5-MAPB-pellets-50mg.jpg","contentUrl":"https:\/\/chemsxpress.com\/wp-content\/uploads\/2024\/04\/5-MAPB-pellets-50mg.jpg","width":600,"height":600,"caption":"Buy MPT Online"},{"@type":"BreadcrumbList","@id":"https:\/\/chemsxpress.com\/product\/buy-mpt-online\/#breadcrumb","itemListElement":[{"@type":"ListItem","position":1,"name":"Home","item":"https:\/\/chemsxpress.com\/"},{"@type":"ListItem","position":2,"name":"Shop","item":"https:\/\/chemsxpress.com\/shop\/"},{"@type":"ListItem","position":3,"name":"MPT"}]},{"@type":"WebSite","@id":"https:\/\/chemsxpress.com\/#website","url":"https:\/\/chemsxpress.com\/","name":"NEGOZIO MDP","description":"Acquistare MDPHP freebase da un fornitore affidabile","potentialAction":[{"@type":"SearchAction","target":{"@type":"EntryPoint","urlTemplate":"https:\/\/chemsxpress.com\/?s={search_term_string}"},"query-input":{"@type":"PropertyValueSpecification","valueRequired":true,"valueName":"search_term_string"}}],"inLanguage":"it-IT"}]}},"jetpack_sharing_enabled":true,"_links":{"self":[{"href":"https:\/\/chemsxpress.com\/it\/wp-json\/wp\/v2\/product\/29306","targetHints":{"allow":["GET"]}}],"collection":[{"href":"https:\/\/chemsxpress.com\/it\/wp-json\/wp\/v2\/product"}],"about":[{"href":"https:\/\/chemsxpress.com\/it\/wp-json\/wp\/v2\/types\/product"}],"replies":[{"embeddable":true,"href":"https:\/\/chemsxpress.com\/it\/wp-json\/wp\/v2\/comments?post=29306"}],"version-history":[{"count":3,"href":"https:\/\/chemsxpress.com\/it\/wp-json\/wp\/v2\/product\/29306\/revisions"}],"predecessor-version":[{"id":29572,"href":"https:\/\/chemsxpress.com\/it\/wp-json\/wp\/v2\/product\/29306\/revisions\/29572"}],"wp:featuredmedia":[{"embeddable":true,"href":"https:\/\/chemsxpress.com\/it\/wp-json\/wp\/v2\/media\/28994"}],"wp:attachment":[{"href":"https:\/\/chemsxpress.com\/it\/wp-json\/wp\/v2\/media?parent=29306"}],"wp:term":[{"taxonomy":"product_brand","embeddable":true,"href":"https:\/\/chemsxpress.com\/it\/wp-json\/wp\/v2\/product_brand?post=29306"},{"taxonomy":"product_cat","embeddable":true,"href":"https:\/\/chemsxpress.com\/it\/wp-json\/wp\/v2\/product_cat?post=29306"},{"taxonomy":"product_tag","embeddable":true,"href":"https:\/\/chemsxpress.com\/it\/wp-json\/wp\/v2\/product_tag?post=29306"}],"curies":[{"name":"wp","href":"https:\/\/api.w.org\/{rel}","templated":true}]}}