{"id":29308,"date":"2024-04-29T13:21:21","date_gmt":"2024-04-29T13:21:21","guid":{"rendered":"https:\/\/chemsxpress.com\/?post_type=product&#038;p=29308"},"modified":"2025-05-28T13:47:47","modified_gmt":"2025-05-28T13:47:47","slug":"acquistare-5-meo-met-2","status":"publish","type":"product","link":"https:\/\/chemsxpress.com\/it\/prodotto\/acquistare-5-meo-met-2\/","title":{"rendered":"5-MEO-MET"},"content":{"rendered":"<h1><strong>Acquistare 5-MEO-MET.<\/strong><\/h1>\n<p>Acquistare la 5-MeO-MET (o 5-Metossi-N-metil-N-etil-triptamina), crea l'opportunit\u00e0 perfetta per i ricercatori di crearne un po'!<\/p>\n<p>A <a href=\"https:\/\/chemsxpress.com\/it\/\">ChemsXpress<\/a>offriamo il 5-MEO-MET, un composto psichedelico appartenente alla classe delle triptamine. Conosciuto anche come 5-metossi-N-metil-N-etil-triptamina, il 5-MEO-MET \u00e8 strutturalmente correlato ad altri psichedelici triptaminici come la 5-MeO-DMT e la MET (N-metil-N-etil-triptamina). Questo composto ha guadagnato attenzione nella comunit\u00e0 dei ricercatori per i suoi effetti unici e le sue potenziali applicazioni terapeutiche.<\/p>\n<p>Come per altri <a href=\"https:\/\/chemsxpress.com\/it\/categoria-di-prodotto\/ricerca-chimica\/\">ricerca chimica<\/a>Il 5-MEO-MET \u00e8 utilizzato principalmente per scopi di ricerca scientifica. I ricercatori sono interessati a studiarne gli effetti farmacologici, le relazioni struttura-attivit\u00e0 e i potenziali usi terapeutici. Sebbene il 5-MEO-MET non sia stato studiato in modo approfondito sull'uomo, le ricerche preliminari suggeriscono che possa produrre effetti psichedelici simili a quelli di altre triptamine, tra cui alterazioni della percezione, dell'umore e della coscienza.<\/p>\n<p>In ChemsXpress diamo priorit\u00e0 alla qualit\u00e0, alla sicurezza e alla conformit\u00e0 alle normative legali nella distribuzione di prodotti chimici per la ricerca. Il nostro 5-MEO-MET \u00e8 sintetizzato con tecniche all'avanguardia e sottoposto a test rigorosi per garantire purezza e potenza. I ricercatori possono fidarsi di ChemsXpress per la fornitura di 5-MEO-MET di alta qualit\u00e0 che soddisfa le loro esigenze di ricerca.<\/p>\n<p>\u00c8 importante notare che l'uso del 5-MEO-MET per il consumo umano non \u00e8 approvato dalle autorit\u00e0 di regolamentazione e i suoi effetti sull'uomo non sono stati studiati a fondo. Pertanto, qualsiasi ricerca che coinvolga il 5-MEO-MET deve essere condotta con la massima attenzione e considerazione etica. I ricercatori devono inoltre attenersi a rigorosi protocolli di sicurezza e alle normative legali riguardanti la manipolazione, la conservazione e l'uso del 5-MEO-MET.<\/p>\n<h2><strong>Dove acquistare 5-MEO-MET?<\/strong><\/h2>\n<p>In conclusione, <a href=\"https:\/\/chemsxpress.com\/it\/\">ChemsXpress<\/a> \u00e8 la vostra fonte affidabile per 5-MEO-MET e altri prodotti chimici per la ricerca. Con il nostro impegno a garantire la qualit\u00e0 e la soddisfazione del cliente, ci sforziamo di sostenere la ricerca scientifica e l'innovazione. Esplorate il nostro catalogo di prodotti chimici per la ricerca di alta qualit\u00e0 e scoprite le possibilit\u00e0 di esplorazione scientifica con <a href=\"https:\/\/chemsxpress.com\/it\/\">ChemsXpress.<\/a><\/p>\n<p>&nbsp;<\/p>","protected":false},"excerpt":{"rendered":"<p><strong>Nome IUPAC: <\/strong>nullo<\/p>\n<p><strong>CAS # <\/strong>nullo<\/p>\n<p><strong>Altro nome: <\/strong>5-MEO-MET<\/p>\n<p><strong>Aspetto: <\/strong>polvere<\/p>\n<p><strong>Forma: <\/strong>fumarato<\/p>\n<p><strong>Analisi NMR: <\/strong>N\/D<\/p>","protected":false},"featured_media":29335,"comment_status":"open","ping_status":"closed","template":"","meta":[],"product_brand":[],"product_cat":[92],"product_tag":[],"class_list":{"0":"post-29308","1":"product","2":"type-product","3":"status-publish","4":"has-post-thumbnail","6":"product_cat-tryptamines","8":"first","9":"instock","10":"shipping-taxable","11":"purchasable","12":"product-type-variable"},"yoast_head":"<!-- This site is optimized with the Yoast SEO Premium plugin v24.1 (Yoast SEO v27.5) - https:\/\/yoast.com\/product\/yoast-seo-premium-wordpress\/ -->\n<title>Buy 5-MEO-MET: Premium Quality RC&#039;s at ChemsXpress<\/title>\n<meta name=\"description\" content=\"Explore 5-MEO-MET at ChemsXpress. Premium research chemicals, fast shipping. Trust our quality assurance for all your research needs. Order now\" \/>\n<meta name=\"robots\" content=\"index, follow, max-snippet:-1, max-image-preview:large, max-video-preview:-1\" \/>\n<link rel=\"canonical\" href=\"https:\/\/chemsxpress.com\/it\/prodotto\/acquistare-5-meo-met-2\/\" \/>\n<meta property=\"og:locale\" content=\"it_IT\" \/>\n<meta property=\"og:type\" content=\"article\" \/>\n<meta property=\"og:title\" content=\"5-MEO-MET\" \/>\n<meta property=\"og:description\" content=\"Explore 5-MEO-MET at ChemsXpress. Premium research chemicals, fast shipping. Trust our quality assurance for all your research needs. Order now\" \/>\n<meta property=\"og:url\" content=\"https:\/\/chemsxpress.com\/it\/prodotto\/acquistare-5-meo-met-2\/\" \/>\n<meta property=\"og:site_name\" content=\"SHOP MDPHP\" \/>\n<meta property=\"article:modified_time\" content=\"2025-05-28T13:47:47+00:00\" \/>\n<meta property=\"og:image\" content=\"https:\/\/chemsxpress.com\/wp-content\/uploads\/2024\/04\/5-MEO-MET.jpg\" \/>\n\t<meta property=\"og:image:width\" content=\"600\" \/>\n\t<meta property=\"og:image:height\" content=\"600\" \/>\n\t<meta property=\"og:image:type\" content=\"image\/jpeg\" \/>\n<meta name=\"twitter:card\" content=\"summary_large_image\" \/>\n<meta name=\"twitter:label1\" content=\"Tempo di lettura stimato\" \/>\n\t<meta name=\"twitter:data1\" content=\"2 minuti\" \/>\n<script type=\"application\/ld+json\" class=\"yoast-schema-graph\">{\"@context\":\"https:\\\/\\\/schema.org\",\"@graph\":[{\"@type\":\"WebPage\",\"@id\":\"https:\\\/\\\/chemsxpress.com\\\/product\\\/buy-5-meo-met\\\/\",\"url\":\"https:\\\/\\\/chemsxpress.com\\\/product\\\/buy-5-meo-met\\\/\",\"name\":\"Buy 5-MEO-MET: Premium Quality RC's at ChemsXpress\",\"isPartOf\":{\"@id\":\"https:\\\/\\\/chemsxpress.com\\\/#website\"},\"primaryImageOfPage\":{\"@id\":\"https:\\\/\\\/chemsxpress.com\\\/product\\\/buy-5-meo-met\\\/#primaryimage\"},\"image\":{\"@id\":\"https:\\\/\\\/chemsxpress.com\\\/product\\\/buy-5-meo-met\\\/#primaryimage\"},\"thumbnailUrl\":\"https:\\\/\\\/chemsxpress.com\\\/wp-content\\\/uploads\\\/2024\\\/04\\\/5-MEO-MET.jpg\",\"datePublished\":\"2024-04-29T13:21:21+00:00\",\"dateModified\":\"2025-05-28T13:47:47+00:00\",\"description\":\"Explore 5-MEO-MET at ChemsXpress. Premium research chemicals, fast shipping. Trust our quality assurance for all your research needs. Order now\",\"breadcrumb\":{\"@id\":\"https:\\\/\\\/chemsxpress.com\\\/product\\\/buy-5-meo-met\\\/#breadcrumb\"},\"inLanguage\":\"it-IT\",\"potentialAction\":[{\"@type\":\"ReadAction\",\"target\":[\"https:\\\/\\\/chemsxpress.com\\\/product\\\/buy-5-meo-met\\\/\"]}]},{\"@type\":\"ImageObject\",\"inLanguage\":\"it-IT\",\"@id\":\"https:\\\/\\\/chemsxpress.com\\\/product\\\/buy-5-meo-met\\\/#primaryimage\",\"url\":\"https:\\\/\\\/chemsxpress.com\\\/wp-content\\\/uploads\\\/2024\\\/04\\\/5-MEO-MET.jpg\",\"contentUrl\":\"https:\\\/\\\/chemsxpress.com\\\/wp-content\\\/uploads\\\/2024\\\/04\\\/5-MEO-MET.jpg\",\"width\":600,\"height\":600},{\"@type\":\"BreadcrumbList\",\"@id\":\"https:\\\/\\\/chemsxpress.com\\\/product\\\/buy-5-meo-met\\\/#breadcrumb\",\"itemListElement\":[{\"@type\":\"ListItem\",\"position\":1,\"name\":\"Home\",\"item\":\"https:\\\/\\\/chemsxpress.com\\\/\"},{\"@type\":\"ListItem\",\"position\":2,\"name\":\"Shop\",\"item\":\"https:\\\/\\\/chemsxpress.com\\\/shop\\\/\"},{\"@type\":\"ListItem\",\"position\":3,\"name\":\"5-MEO-MET\"}]},{\"@type\":\"WebSite\",\"@id\":\"https:\\\/\\\/chemsxpress.com\\\/#website\",\"url\":\"https:\\\/\\\/chemsxpress.com\\\/\",\"name\":\"SHOP MDPHP\",\"description\":\"Buy MDPHP freebase from reliable supplier\",\"potentialAction\":[{\"@type\":\"SearchAction\",\"target\":{\"@type\":\"EntryPoint\",\"urlTemplate\":\"https:\\\/\\\/chemsxpress.com\\\/?s={search_term_string}\"},\"query-input\":{\"@type\":\"PropertyValueSpecification\",\"valueRequired\":true,\"valueName\":\"search_term_string\"}}],\"inLanguage\":\"it-IT\"}]}<\/script>\n<!-- \/ Yoast SEO Premium plugin. -->","yoast_head_json":{"title":"Acquista 5-MEO-MET: RC di qualit\u00e0 superiore su ChemsXpress","description":"Esplora 5-MEO-MET su ChemsXpress. Prodotti chimici per la ricerca di qualit\u00e0 superiore, spedizione rapida. Affidatevi alla nostra garanzia di qualit\u00e0 per tutte le vostre esigenze di ricerca. Ordina ora","robots":{"index":"index","follow":"follow","max-snippet":"max-snippet:-1","max-image-preview":"max-image-preview:large","max-video-preview":"max-video-preview:-1"},"canonical":"https:\/\/chemsxpress.com\/it\/prodotto\/acquistare-5-meo-met-2\/","og_locale":"it_IT","og_type":"article","og_title":"5-MEO-MET","og_description":"Explore 5-MEO-MET at ChemsXpress. Premium research chemicals, fast shipping. Trust our quality assurance for all your research needs. Order now","og_url":"https:\/\/chemsxpress.com\/it\/prodotto\/acquistare-5-meo-met-2\/","og_site_name":"SHOP MDPHP","article_modified_time":"2025-05-28T13:47:47+00:00","og_image":[{"width":600,"height":600,"url":"https:\/\/chemsxpress.com\/wp-content\/uploads\/2024\/04\/5-MEO-MET.jpg","type":"image\/jpeg"}],"twitter_card":"summary_large_image","twitter_misc":{"Tempo di lettura stimato":"2 minuti"},"schema":{"@context":"https:\/\/schema.org","@graph":[{"@type":"WebPage","@id":"https:\/\/chemsxpress.com\/product\/buy-5-meo-met\/","url":"https:\/\/chemsxpress.com\/product\/buy-5-meo-met\/","name":"Acquista 5-MEO-MET: RC di qualit\u00e0 superiore su ChemsXpress","isPartOf":{"@id":"https:\/\/chemsxpress.com\/#website"},"primaryImageOfPage":{"@id":"https:\/\/chemsxpress.com\/product\/buy-5-meo-met\/#primaryimage"},"image":{"@id":"https:\/\/chemsxpress.com\/product\/buy-5-meo-met\/#primaryimage"},"thumbnailUrl":"https:\/\/chemsxpress.com\/wp-content\/uploads\/2024\/04\/5-MEO-MET.jpg","datePublished":"2024-04-29T13:21:21+00:00","dateModified":"2025-05-28T13:47:47+00:00","description":"Esplora 5-MEO-MET su ChemsXpress. Prodotti chimici per la ricerca di qualit\u00e0 superiore, spedizione rapida. Affidatevi alla nostra garanzia di qualit\u00e0 per tutte le vostre esigenze di ricerca. Ordina ora","breadcrumb":{"@id":"https:\/\/chemsxpress.com\/product\/buy-5-meo-met\/#breadcrumb"},"inLanguage":"it-IT","potentialAction":[{"@type":"ReadAction","target":["https:\/\/chemsxpress.com\/product\/buy-5-meo-met\/"]}]},{"@type":"ImageObject","inLanguage":"it-IT","@id":"https:\/\/chemsxpress.com\/product\/buy-5-meo-met\/#primaryimage","url":"https:\/\/chemsxpress.com\/wp-content\/uploads\/2024\/04\/5-MEO-MET.jpg","contentUrl":"https:\/\/chemsxpress.com\/wp-content\/uploads\/2024\/04\/5-MEO-MET.jpg","width":600,"height":600},{"@type":"BreadcrumbList","@id":"https:\/\/chemsxpress.com\/product\/buy-5-meo-met\/#breadcrumb","itemListElement":[{"@type":"ListItem","position":1,"name":"Home","item":"https:\/\/chemsxpress.com\/"},{"@type":"ListItem","position":2,"name":"Shop","item":"https:\/\/chemsxpress.com\/shop\/"},{"@type":"ListItem","position":3,"name":"5-MEO-MET"}]},{"@type":"WebSite","@id":"https:\/\/chemsxpress.com\/#website","url":"https:\/\/chemsxpress.com\/","name":"NEGOZIO MDP","description":"Acquistare MDPHP freebase da un fornitore affidabile","potentialAction":[{"@type":"SearchAction","target":{"@type":"EntryPoint","urlTemplate":"https:\/\/chemsxpress.com\/?s={search_term_string}"},"query-input":{"@type":"PropertyValueSpecification","valueRequired":true,"valueName":"search_term_string"}}],"inLanguage":"it-IT"}]}},"jetpack_sharing_enabled":true,"_links":{"self":[{"href":"https:\/\/chemsxpress.com\/it\/wp-json\/wp\/v2\/product\/29308","targetHints":{"allow":["GET"]}}],"collection":[{"href":"https:\/\/chemsxpress.com\/it\/wp-json\/wp\/v2\/product"}],"about":[{"href":"https:\/\/chemsxpress.com\/it\/wp-json\/wp\/v2\/types\/product"}],"replies":[{"embeddable":true,"href":"https:\/\/chemsxpress.com\/it\/wp-json\/wp\/v2\/comments?post=29308"}],"version-history":[{"count":4,"href":"https:\/\/chemsxpress.com\/it\/wp-json\/wp\/v2\/product\/29308\/revisions"}],"predecessor-version":[{"id":29997,"href":"https:\/\/chemsxpress.com\/it\/wp-json\/wp\/v2\/product\/29308\/revisions\/29997"}],"wp:featuredmedia":[{"embeddable":true,"href":"https:\/\/chemsxpress.com\/it\/wp-json\/wp\/v2\/media\/29335"}],"wp:attachment":[{"href":"https:\/\/chemsxpress.com\/it\/wp-json\/wp\/v2\/media?parent=29308"}],"wp:term":[{"taxonomy":"product_brand","embeddable":true,"href":"https:\/\/chemsxpress.com\/it\/wp-json\/wp\/v2\/product_brand?post=29308"},{"taxonomy":"product_cat","embeddable":true,"href":"https:\/\/chemsxpress.com\/it\/wp-json\/wp\/v2\/product_cat?post=29308"},{"taxonomy":"product_tag","embeddable":true,"href":"https:\/\/chemsxpress.com\/it\/wp-json\/wp\/v2\/product_tag?post=29308"}],"curies":[{"name":"wp","href":"https:\/\/api.w.org\/{rel}","templated":true}]}}